{"id":99934,"date":"2024-12-18T14:26:27","date_gmt":"2024-12-18T13:26:27","guid":{"rendered":"https:\/\/www.bagnoitalia.com\/extendable-console-table-120x35-70-cm-white-with-cement-grey-top-tl039.html"},"modified":"2024-12-18T14:28:59","modified_gmt":"2024-12-18T13:28:59","slug":"extendable-console-table-120x35-70-cm-white-with-cement-grey-top-tl039","status":"publish","type":"product","link":"https:\/\/www.bagnoitalia.com\/fr\/produit\/extendable-console-table-120x35-70-cm-white-with-cement-grey-top-tl039.html","title":{"rendered":"Table console \u00e0 rallonge 120&#215;35-70 cm blanc avec plateau gris ciment TL039"},"content":{"rendered":"<p>TABLE CONSOLE EXTENSIBLE \u00ab TL039<\/p>\n<p>&nbsp;<\/p>\n<p>&nbsp;<\/p>\n<p>&nbsp;<\/p>\n<p>&nbsp;<\/p>\n<p>CARACT\u00c9RISTIQUES<\/p>\n<p>Table moderne pouvant \u00eatre plac\u00e9e dans la cuisine ou le salon<\/p>\n<p>Transformable de table console en table de salle \u00e0 manger en quelques \u00e9tapes simples<\/p>\n<p>Couleur : blanc avec plateau en b\u00e9ton<\/p>\n<p>Longueur : 120 cm<\/p>\n<p>Profondeur minimale (ferm\u00e9e) 35 cm<\/p>\n<p>Profondeur maximale (ouverte) 70 cm<\/p>\n<p>Hauteur ouverte 75 cm<\/p>\n<p>Hauteur en position ferm\u00e9e 77 cm<\/p>\n<p>Facile \u00e0 assembler<\/p>\n<p>Cadre en bois m\u00e9lamin\u00e9 de 18 mm avec bords en PVC<\/p>\n<p>Charni\u00e8re cach\u00e9e<\/p>\n<p>Montants en ABS anti-bruit et anti-rayures<\/p>\n<p>Poids maximum support\u00e9 20kg<\/p>\n<p>&nbsp;<\/p>\n<p>NB : chaises\/tabourets non inclus dans l&rsquo;offre<\/p>\n<p>&nbsp;<\/p>\n<p>&nbsp;<\/p>\n<p>&nbsp;<\/p>\n<p>&nbsp;<\/p>\n<p>&nbsp;<\/p>\n<p>&nbsp;<\/p>\n<p>&nbsp;<\/p>\n<p>&nbsp;<\/p>\n<p>&nbsp;<\/p>\n<p>&nbsp;<\/p>\n<p>&nbsp;<\/p>\n<p>&nbsp;<\/p>\n<p>&nbsp;<\/p>\n<p>&nbsp;<\/p>\n<p>&nbsp;<\/p>\n<p>99137<\/p>\n<p>&nbsp;<\/p>\n<p>&nbsp;<\/p>\n","protected":false},"excerpt":{"rendered":"<p>Une table basse moderne, id\u00e9ale pour ceux qui disposent de peu d&rsquo;espace : sa profondeur, lorsqu&rsquo;elle est ferm\u00e9e, n&rsquo;est que de 35 cm mais, si n\u00e9cessaire, elle peut \u00eatre ouverte pour atteindre une profondeur totale de 70 cm. La table est blanche avec un plateau gris ciment.<\/p>\n","protected":false},"featured_media":99918,"comment_status":"open","ping_status":"closed","template":"","meta":[],"product_brand":[10113],"product_cat":[10006],"product_tag":[],"class_list":{"0":"post-99934","1":"product","2":"type-product","3":"status-publish","4":"has-post-thumbnail","6":"product_brand-antonio-capaldo","7":"product_cat-tables-fr","9":"first","10":"instock","11":"sale","12":"taxable","13":"shipping-taxable","14":"purchasable","15":"product-type-simple"},"exclude_global_add_ons":[],"addons":[],"yoast_head":"<!-- This site is optimized with the Yoast SEO plugin v26.7 - https:\/\/yoast.com\/wordpress\/plugins\/seo\/ -->\n<title>Table console \u00e0 rallonge 120x35-70 cm blanc avec plateau gris ciment TL039 - Bagno Italia<\/title>\n<meta name=\"robots\" content=\"index, follow, max-snippet:-1, max-image-preview:large, max-video-preview:-1\" \/>\n<link rel=\"canonical\" href=\"https:\/\/www.bagnoitalia.com\/fr\/produit\/extendable-console-table-120x35-70-cm-white-with-cement-grey-top-tl039.html\" \/>\n<meta property=\"og:locale\" content=\"fr_FR\" \/>\n<meta property=\"og:type\" content=\"article\" \/>\n<meta property=\"og:title\" content=\"Table console \u00e0 rallonge 120x35-70 cm blanc avec plateau gris ciment TL039 - Bagno Italia\" \/>\n<meta property=\"og:description\" content=\"Une table basse moderne, id\u00e9ale pour ceux qui disposent de peu d&#039;espace : sa profondeur, lorsqu&#039;elle est ferm\u00e9e, n&#039;est que de 35 cm mais, si n\u00e9cessaire, elle peut \u00eatre ouverte pour atteindre une profondeur totale de 70 cm. La table est blanche avec un plateau gris ciment.\" \/>\n<meta property=\"og:url\" content=\"https:\/\/www.bagnoitalia.com\/fr\/produit\/extendable-console-table-120x35-70-cm-white-with-cement-grey-top-tl039.html\" \/>\n<meta property=\"og:site_name\" content=\"Bagno Italia\" \/>\n<meta property=\"article:modified_time\" content=\"2024-12-18T13:28:59+00:00\" \/>\n<meta property=\"og:image\" content=\"https:\/\/img.bagnoitalia.com\/wp-content\/uploads\/1-102.webp\" \/>\n\t<meta property=\"og:image:width\" content=\"1000\" \/>\n\t<meta property=\"og:image:height\" content=\"1000\" \/>\n\t<meta property=\"og:image:type\" content=\"image\/webp\" \/>\n<meta name=\"twitter:card\" content=\"summary_large_image\" \/>\n<meta name=\"twitter:label1\" content=\"Dur\u00e9e de lecture estim\u00e9e\" \/>\n\t<meta name=\"twitter:data1\" content=\"1 minute\" \/>\n<script type=\"application\/ld+json\" class=\"yoast-schema-graph\">{\"@context\":\"https:\/\/schema.org\",\"@graph\":[{\"@type\":\"WebPage\",\"@id\":\"https:\/\/www.bagnoitalia.com\/fr\/produit\/extendable-console-table-120x35-70-cm-white-with-cement-grey-top-tl039.html\",\"url\":\"https:\/\/www.bagnoitalia.com\/fr\/produit\/extendable-console-table-120x35-70-cm-white-with-cement-grey-top-tl039.html\",\"name\":\"Table console \u00e0 rallonge 120x35-70 cm blanc avec plateau gris ciment TL039 - Bagno Italia\",\"isPartOf\":{\"@id\":\"https:\/\/www.bagnoitalia.com\/fr#website\"},\"primaryImageOfPage\":{\"@id\":\"https:\/\/www.bagnoitalia.com\/fr\/produit\/extendable-console-table-120x35-70-cm-white-with-cement-grey-top-tl039.html#primaryimage\"},\"image\":{\"@id\":\"https:\/\/www.bagnoitalia.com\/fr\/produit\/extendable-console-table-120x35-70-cm-white-with-cement-grey-top-tl039.html#primaryimage\"},\"thumbnailUrl\":\"https:\/\/img.bagnoitalia.com\/wp-content\/uploads\/1-102.webp\",\"datePublished\":\"2024-12-18T13:26:27+00:00\",\"dateModified\":\"2024-12-18T13:28:59+00:00\",\"breadcrumb\":{\"@id\":\"https:\/\/www.bagnoitalia.com\/fr\/produit\/extendable-console-table-120x35-70-cm-white-with-cement-grey-top-tl039.html#breadcrumb\"},\"inLanguage\":\"fr-FR\",\"potentialAction\":[{\"@type\":\"ReadAction\",\"target\":[\"https:\/\/www.bagnoitalia.com\/fr\/produit\/extendable-console-table-120x35-70-cm-white-with-cement-grey-top-tl039.html\"]}]},{\"@type\":\"ImageObject\",\"inLanguage\":\"fr-FR\",\"@id\":\"https:\/\/www.bagnoitalia.com\/fr\/produit\/extendable-console-table-120x35-70-cm-white-with-cement-grey-top-tl039.html#primaryimage\",\"url\":\"https:\/\/img.bagnoitalia.com\/wp-content\/uploads\/1-102.webp\",\"contentUrl\":\"https:\/\/img.bagnoitalia.com\/wp-content\/uploads\/1-102.webp\",\"width\":1000,\"height\":1000},{\"@type\":\"BreadcrumbList\",\"@id\":\"https:\/\/www.bagnoitalia.com\/fr\/produit\/extendable-console-table-120x35-70-cm-white-with-cement-grey-top-tl039.html#breadcrumb\",\"itemListElement\":[{\"@type\":\"ListItem\",\"position\":1,\"name\":\"Home\",\"item\":\"https:\/\/www.bagnoitalia.com\/fr\"},{\"@type\":\"ListItem\",\"position\":2,\"name\":\"Produits\",\"item\":\"https:\/\/www.bagnoitalia.com\/fr\/shop\"},{\"@type\":\"ListItem\",\"position\":3,\"name\":\"Table console \u00e0 rallonge 120&#215;35-70 cm blanc avec plateau gris ciment TL039\"}]},{\"@type\":\"WebSite\",\"@id\":\"https:\/\/www.bagnoitalia.com\/fr#website\",\"url\":\"https:\/\/www.bagnoitalia.com\/fr\",\"name\":\"Bagno Italia\",\"description\":\"\",\"publisher\":{\"@id\":\"https:\/\/www.bagnoitalia.com\/fr#organization\"},\"potentialAction\":[{\"@type\":\"SearchAction\",\"target\":{\"@type\":\"EntryPoint\",\"urlTemplate\":\"https:\/\/www.bagnoitalia.com\/fr?s={search_term_string}\"},\"query-input\":{\"@type\":\"PropertyValueSpecification\",\"valueRequired\":true,\"valueName\":\"search_term_string\"}}],\"inLanguage\":\"fr-FR\"},{\"@type\":\"Organization\",\"@id\":\"https:\/\/www.bagnoitalia.com\/fr#organization\",\"name\":\"Bagno Italia\",\"url\":\"https:\/\/www.bagnoitalia.com\/fr\",\"logo\":{\"@type\":\"ImageObject\",\"inLanguage\":\"fr-FR\",\"@id\":\"https:\/\/www.bagnoitalia.com\/fr#\/schema\/logo\/image\/\",\"url\":\"https:\/\/img.bagnoitalia.com\/wp-content\/uploads\/logo-bagnoitalia.webp\",\"contentUrl\":\"https:\/\/img.bagnoitalia.com\/wp-content\/uploads\/logo-bagnoitalia.webp\",\"width\":400,\"height\":70,\"caption\":\"Bagno Italia\"},\"image\":{\"@id\":\"https:\/\/www.bagnoitalia.com\/fr#\/schema\/logo\/image\/\"}}]}<\/script>\n<!-- \/ Yoast SEO plugin. -->","yoast_head_json":{"title":"Table console \u00e0 rallonge 120x35-70 cm blanc avec plateau gris ciment TL039 - Bagno Italia","robots":{"index":"index","follow":"follow","max-snippet":"max-snippet:-1","max-image-preview":"max-image-preview:large","max-video-preview":"max-video-preview:-1"},"canonical":"https:\/\/www.bagnoitalia.com\/fr\/produit\/extendable-console-table-120x35-70-cm-white-with-cement-grey-top-tl039.html","og_locale":"fr_FR","og_type":"article","og_title":"Table console \u00e0 rallonge 120x35-70 cm blanc avec plateau gris ciment TL039 - Bagno Italia","og_description":"Une table basse moderne, id\u00e9ale pour ceux qui disposent de peu d'espace : sa profondeur, lorsqu'elle est ferm\u00e9e, n'est que de 35 cm mais, si n\u00e9cessaire, elle peut \u00eatre ouverte pour atteindre une profondeur totale de 70 cm. La table est blanche avec un plateau gris ciment.","og_url":"https:\/\/www.bagnoitalia.com\/fr\/produit\/extendable-console-table-120x35-70-cm-white-with-cement-grey-top-tl039.html","og_site_name":"Bagno Italia","article_modified_time":"2024-12-18T13:28:59+00:00","og_image":[{"width":1000,"height":1000,"url":"https:\/\/img.bagnoitalia.com\/wp-content\/uploads\/1-102.webp","type":"image\/webp"}],"twitter_card":"summary_large_image","twitter_misc":{"Dur\u00e9e de lecture estim\u00e9e":"1 minute"},"schema":{"@context":"https:\/\/schema.org","@graph":[{"@type":"WebPage","@id":"https:\/\/www.bagnoitalia.com\/fr\/produit\/extendable-console-table-120x35-70-cm-white-with-cement-grey-top-tl039.html","url":"https:\/\/www.bagnoitalia.com\/fr\/produit\/extendable-console-table-120x35-70-cm-white-with-cement-grey-top-tl039.html","name":"Table console \u00e0 rallonge 120x35-70 cm blanc avec plateau gris ciment TL039 - Bagno Italia","isPartOf":{"@id":"https:\/\/www.bagnoitalia.com\/fr#website"},"primaryImageOfPage":{"@id":"https:\/\/www.bagnoitalia.com\/fr\/produit\/extendable-console-table-120x35-70-cm-white-with-cement-grey-top-tl039.html#primaryimage"},"image":{"@id":"https:\/\/www.bagnoitalia.com\/fr\/produit\/extendable-console-table-120x35-70-cm-white-with-cement-grey-top-tl039.html#primaryimage"},"thumbnailUrl":"https:\/\/img.bagnoitalia.com\/wp-content\/uploads\/1-102.webp","datePublished":"2024-12-18T13:26:27+00:00","dateModified":"2024-12-18T13:28:59+00:00","breadcrumb":{"@id":"https:\/\/www.bagnoitalia.com\/fr\/produit\/extendable-console-table-120x35-70-cm-white-with-cement-grey-top-tl039.html#breadcrumb"},"inLanguage":"fr-FR","potentialAction":[{"@type":"ReadAction","target":["https:\/\/www.bagnoitalia.com\/fr\/produit\/extendable-console-table-120x35-70-cm-white-with-cement-grey-top-tl039.html"]}]},{"@type":"ImageObject","inLanguage":"fr-FR","@id":"https:\/\/www.bagnoitalia.com\/fr\/produit\/extendable-console-table-120x35-70-cm-white-with-cement-grey-top-tl039.html#primaryimage","url":"https:\/\/img.bagnoitalia.com\/wp-content\/uploads\/1-102.webp","contentUrl":"https:\/\/img.bagnoitalia.com\/wp-content\/uploads\/1-102.webp","width":1000,"height":1000},{"@type":"BreadcrumbList","@id":"https:\/\/www.bagnoitalia.com\/fr\/produit\/extendable-console-table-120x35-70-cm-white-with-cement-grey-top-tl039.html#breadcrumb","itemListElement":[{"@type":"ListItem","position":1,"name":"Home","item":"https:\/\/www.bagnoitalia.com\/fr"},{"@type":"ListItem","position":2,"name":"Produits","item":"https:\/\/www.bagnoitalia.com\/fr\/shop"},{"@type":"ListItem","position":3,"name":"Table console \u00e0 rallonge 120&#215;35-70 cm blanc avec plateau gris ciment TL039"}]},{"@type":"WebSite","@id":"https:\/\/www.bagnoitalia.com\/fr#website","url":"https:\/\/www.bagnoitalia.com\/fr","name":"Bagno Italia","description":"","publisher":{"@id":"https:\/\/www.bagnoitalia.com\/fr#organization"},"potentialAction":[{"@type":"SearchAction","target":{"@type":"EntryPoint","urlTemplate":"https:\/\/www.bagnoitalia.com\/fr?s={search_term_string}"},"query-input":{"@type":"PropertyValueSpecification","valueRequired":true,"valueName":"search_term_string"}}],"inLanguage":"fr-FR"},{"@type":"Organization","@id":"https:\/\/www.bagnoitalia.com\/fr#organization","name":"Bagno Italia","url":"https:\/\/www.bagnoitalia.com\/fr","logo":{"@type":"ImageObject","inLanguage":"fr-FR","@id":"https:\/\/www.bagnoitalia.com\/fr#\/schema\/logo\/image\/","url":"https:\/\/img.bagnoitalia.com\/wp-content\/uploads\/logo-bagnoitalia.webp","contentUrl":"https:\/\/img.bagnoitalia.com\/wp-content\/uploads\/logo-bagnoitalia.webp","width":400,"height":70,"caption":"Bagno Italia"},"image":{"@id":"https:\/\/www.bagnoitalia.com\/fr#\/schema\/logo\/image\/"}}]}},"_links":{"self":[{"href":"https:\/\/www.bagnoitalia.com\/fr\/wp-json\/wp\/v2\/product\/99934","targetHints":{"allow":["GET"]}}],"collection":[{"href":"https:\/\/www.bagnoitalia.com\/fr\/wp-json\/wp\/v2\/product"}],"about":[{"href":"https:\/\/www.bagnoitalia.com\/fr\/wp-json\/wp\/v2\/types\/product"}],"replies":[{"embeddable":true,"href":"https:\/\/www.bagnoitalia.com\/fr\/wp-json\/wp\/v2\/comments?post=99934"}],"version-history":[{"count":1,"href":"https:\/\/www.bagnoitalia.com\/fr\/wp-json\/wp\/v2\/product\/99934\/revisions"}],"predecessor-version":[{"id":99939,"href":"https:\/\/www.bagnoitalia.com\/fr\/wp-json\/wp\/v2\/product\/99934\/revisions\/99939"}],"wp:featuredmedia":[{"embeddable":true,"href":"https:\/\/www.bagnoitalia.com\/fr\/wp-json\/wp\/v2\/media\/99918"}],"wp:attachment":[{"href":"https:\/\/www.bagnoitalia.com\/fr\/wp-json\/wp\/v2\/media?parent=99934"}],"wp:term":[{"taxonomy":"product_brand","embeddable":true,"href":"https:\/\/www.bagnoitalia.com\/fr\/wp-json\/wp\/v2\/product_brand?post=99934"},{"taxonomy":"product_cat","embeddable":true,"href":"https:\/\/www.bagnoitalia.com\/fr\/wp-json\/wp\/v2\/product_cat?post=99934"},{"taxonomy":"product_tag","embeddable":true,"href":"https:\/\/www.bagnoitalia.com\/fr\/wp-json\/wp\/v2\/product_tag?post=99934"}],"curies":[{"name":"wp","href":"https:\/\/api.w.org\/{rel}","templated":true}]}}