{"id":99304,"date":"2024-12-11T14:46:14","date_gmt":"2024-12-11T13:46:14","guid":{"rendered":"https:\/\/www.bagnoitalia.com\/whirlpool-shower-panel-with-led-lights-in-stainless-steel-silver-or-black-dc030.html"},"modified":"2024-12-11T14:50:24","modified_gmt":"2024-12-11T13:50:24","slug":"whirlpool-shower-panel-with-led-lights-in-stainless-steel-silver-or-black-dc030","status":"publish","type":"product","link":"https:\/\/www.bagnoitalia.com\/fr\/produit\/whirlpool-shower-panel-with-led-lights-in-stainless-steel-silver-or-black-dc030.html","title":{"rendered":"Panneau de douche Whirlpool avec \u00e9clairage LED en acier inoxydable argent\u00e9 ou noir DC030"},"content":{"rendered":"<p>COLONNE DE DOUCHE HYDROMASSANTE &lsquo;DC030<\/p>\n<p>&nbsp;<\/p>\n<p>&nbsp;<\/p>\n<p>&nbsp;<\/p>\n<p>&nbsp;<\/p>\n<p>CARACT\u00c9RISTIQUES PRINCIPALES<\/p>\n<p>&nbsp;<\/p>\n<p>&nbsp;<\/p>\n<p>&nbsp;<\/p>\n<p>Colonne de douche en acier inoxydable, disponible en deux couleurs : noir ou argent (s\u00e9lectionner la couleur dans le menu d\u00e9roulant)<\/p>\n<p>Douche de t\u00eate avec \u00e9clairage LED et 2 types de jets : cascade ou pluie<\/p>\n<p>Douchette lat\u00e9rale<\/p>\n<p>Mini-jets d&rsquo;hydromassage<\/p>\n<p>Mitigeur cascade (id\u00e9al pour la baignoire)<\/p>\n<p>Affichage digital<\/p>\n<p>Boutons pour la gestion du d\u00e9bit d&rsquo;eau<\/p>\n<p>Douchette lat\u00e9rale en ABS<\/p>\n<p>Tuyau en acier inoxydable chrom\u00e9<\/p>\n<p>D\u00e9bit d&rsquo;eau de 1,8 GPM<\/p>\n<p>&nbsp;<\/p>\n<p>&nbsp;<\/p>\n<p>&nbsp;<\/p>\n","protected":false},"excerpt":{"rendered":"<p>Colonne de douche avec \u00e9clairage LED, en acier inoxydable, disponible en deux couleurs. Compl\u00e8te avec douchette lat\u00e9rale, jets d&rsquo;hydromassage et jet cascade.<\/p>\n","protected":false},"featured_media":99243,"comment_status":"open","ping_status":"closed","template":"","meta":[],"product_brand":[9879],"product_cat":[9763],"product_tag":[],"class_list":{"0":"post-99304","1":"product","2":"type-product","3":"status-publish","4":"has-post-thumbnail","6":"product_brand-vari-produttori-fr","7":"product_cat-colonne-de-douche","9":"first","10":"instock","11":"sale","12":"taxable","13":"shipping-taxable","14":"purchasable","15":"product-type-simple"},"exclude_global_add_ons":false,"addons":[{"name":"Couleur","type":"multiple_choice","position":0,"required":false,"title_format":"label","default":"","description_enable":false,"description":"","placeholder_enable":false,"placeholder":"","display":"select","restrictions_type":"any_text","adjust_price":false,"price":"","price_type":"flat_fee","restrictions":false,"min":"0","max":"0","options":[{"label":"argent\u00e9","price":"","price_type":"flat_fee","image":0,"visibility":true},{"label":"noir","price":"","price_type":"flat_fee","image":0,"visibility":true}],"id":1733928375}],"yoast_head":"<!-- This site is optimized with the Yoast SEO plugin v26.7 - https:\/\/yoast.com\/wordpress\/plugins\/seo\/ -->\n<title>Panneau de douche Whirlpool avec \u00e9clairage LED en acier inoxydable argent\u00e9 ou noir DC030 - Bagno Italia<\/title>\n<meta name=\"robots\" content=\"index, follow, max-snippet:-1, max-image-preview:large, max-video-preview:-1\" \/>\n<link rel=\"canonical\" href=\"https:\/\/www.bagnoitalia.com\/fr\/produit\/whirlpool-shower-panel-with-led-lights-in-stainless-steel-silver-or-black-dc030.html\" \/>\n<meta property=\"og:locale\" content=\"fr_FR\" \/>\n<meta property=\"og:type\" content=\"article\" \/>\n<meta property=\"og:title\" content=\"Panneau de douche Whirlpool avec \u00e9clairage LED en acier inoxydable argent\u00e9 ou noir DC030 - Bagno Italia\" \/>\n<meta property=\"og:description\" content=\"Colonne de douche avec \u00e9clairage LED, en acier inoxydable, disponible en deux couleurs. Compl\u00e8te avec douchette lat\u00e9rale, jets d&#039;hydromassage et jet cascade.\" \/>\n<meta property=\"og:url\" content=\"https:\/\/www.bagnoitalia.com\/fr\/produit\/whirlpool-shower-panel-with-led-lights-in-stainless-steel-silver-or-black-dc030.html\" \/>\n<meta property=\"og:site_name\" content=\"Bagno Italia\" \/>\n<meta property=\"article:modified_time\" content=\"2024-12-11T13:50:24+00:00\" \/>\n<meta property=\"og:image\" content=\"https:\/\/img.bagnoitalia.com\/wp-content\/uploads\/1-80.webp\" \/>\n\t<meta property=\"og:image:width\" content=\"1000\" \/>\n\t<meta property=\"og:image:height\" content=\"1000\" \/>\n\t<meta property=\"og:image:type\" content=\"image\/webp\" \/>\n<meta name=\"twitter:card\" content=\"summary_large_image\" \/>\n<meta name=\"twitter:label1\" content=\"Dur\u00e9e de lecture estim\u00e9e\" \/>\n\t<meta name=\"twitter:data1\" content=\"1 minute\" \/>\n<script type=\"application\/ld+json\" class=\"yoast-schema-graph\">{\"@context\":\"https:\/\/schema.org\",\"@graph\":[{\"@type\":\"WebPage\",\"@id\":\"https:\/\/www.bagnoitalia.com\/fr\/produit\/whirlpool-shower-panel-with-led-lights-in-stainless-steel-silver-or-black-dc030.html\",\"url\":\"https:\/\/www.bagnoitalia.com\/fr\/produit\/whirlpool-shower-panel-with-led-lights-in-stainless-steel-silver-or-black-dc030.html\",\"name\":\"Panneau de douche Whirlpool avec \u00e9clairage LED en acier inoxydable argent\u00e9 ou noir DC030 - Bagno Italia\",\"isPartOf\":{\"@id\":\"https:\/\/www.bagnoitalia.com\/fr#website\"},\"primaryImageOfPage\":{\"@id\":\"https:\/\/www.bagnoitalia.com\/fr\/produit\/whirlpool-shower-panel-with-led-lights-in-stainless-steel-silver-or-black-dc030.html#primaryimage\"},\"image\":{\"@id\":\"https:\/\/www.bagnoitalia.com\/fr\/produit\/whirlpool-shower-panel-with-led-lights-in-stainless-steel-silver-or-black-dc030.html#primaryimage\"},\"thumbnailUrl\":\"https:\/\/img.bagnoitalia.com\/wp-content\/uploads\/1-80.webp\",\"datePublished\":\"2024-12-11T13:46:14+00:00\",\"dateModified\":\"2024-12-11T13:50:24+00:00\",\"breadcrumb\":{\"@id\":\"https:\/\/www.bagnoitalia.com\/fr\/produit\/whirlpool-shower-panel-with-led-lights-in-stainless-steel-silver-or-black-dc030.html#breadcrumb\"},\"inLanguage\":\"fr-FR\",\"potentialAction\":[{\"@type\":\"ReadAction\",\"target\":[\"https:\/\/www.bagnoitalia.com\/fr\/produit\/whirlpool-shower-panel-with-led-lights-in-stainless-steel-silver-or-black-dc030.html\"]}]},{\"@type\":\"ImageObject\",\"inLanguage\":\"fr-FR\",\"@id\":\"https:\/\/www.bagnoitalia.com\/fr\/produit\/whirlpool-shower-panel-with-led-lights-in-stainless-steel-silver-or-black-dc030.html#primaryimage\",\"url\":\"https:\/\/img.bagnoitalia.com\/wp-content\/uploads\/1-80.webp\",\"contentUrl\":\"https:\/\/img.bagnoitalia.com\/wp-content\/uploads\/1-80.webp\",\"width\":1000,\"height\":1000},{\"@type\":\"BreadcrumbList\",\"@id\":\"https:\/\/www.bagnoitalia.com\/fr\/produit\/whirlpool-shower-panel-with-led-lights-in-stainless-steel-silver-or-black-dc030.html#breadcrumb\",\"itemListElement\":[{\"@type\":\"ListItem\",\"position\":1,\"name\":\"Home\",\"item\":\"https:\/\/www.bagnoitalia.com\/fr\"},{\"@type\":\"ListItem\",\"position\":2,\"name\":\"Produits\",\"item\":\"https:\/\/www.bagnoitalia.com\/fr\/shop\"},{\"@type\":\"ListItem\",\"position\":3,\"name\":\"Panneau de douche Whirlpool avec \u00e9clairage LED en acier inoxydable argent\u00e9 ou noir DC030\"}]},{\"@type\":\"WebSite\",\"@id\":\"https:\/\/www.bagnoitalia.com\/fr#website\",\"url\":\"https:\/\/www.bagnoitalia.com\/fr\",\"name\":\"Bagno Italia\",\"description\":\"\",\"publisher\":{\"@id\":\"https:\/\/www.bagnoitalia.com\/fr#organization\"},\"potentialAction\":[{\"@type\":\"SearchAction\",\"target\":{\"@type\":\"EntryPoint\",\"urlTemplate\":\"https:\/\/www.bagnoitalia.com\/fr?s={search_term_string}\"},\"query-input\":{\"@type\":\"PropertyValueSpecification\",\"valueRequired\":true,\"valueName\":\"search_term_string\"}}],\"inLanguage\":\"fr-FR\"},{\"@type\":\"Organization\",\"@id\":\"https:\/\/www.bagnoitalia.com\/fr#organization\",\"name\":\"Bagno Italia\",\"url\":\"https:\/\/www.bagnoitalia.com\/fr\",\"logo\":{\"@type\":\"ImageObject\",\"inLanguage\":\"fr-FR\",\"@id\":\"https:\/\/www.bagnoitalia.com\/fr#\/schema\/logo\/image\/\",\"url\":\"https:\/\/img.bagnoitalia.com\/wp-content\/uploads\/logo-bagnoitalia.webp\",\"contentUrl\":\"https:\/\/img.bagnoitalia.com\/wp-content\/uploads\/logo-bagnoitalia.webp\",\"width\":400,\"height\":70,\"caption\":\"Bagno Italia\"},\"image\":{\"@id\":\"https:\/\/www.bagnoitalia.com\/fr#\/schema\/logo\/image\/\"}}]}<\/script>\n<!-- \/ Yoast SEO plugin. -->","yoast_head_json":{"title":"Panneau de douche Whirlpool avec \u00e9clairage LED en acier inoxydable argent\u00e9 ou noir DC030 - Bagno Italia","robots":{"index":"index","follow":"follow","max-snippet":"max-snippet:-1","max-image-preview":"max-image-preview:large","max-video-preview":"max-video-preview:-1"},"canonical":"https:\/\/www.bagnoitalia.com\/fr\/produit\/whirlpool-shower-panel-with-led-lights-in-stainless-steel-silver-or-black-dc030.html","og_locale":"fr_FR","og_type":"article","og_title":"Panneau de douche Whirlpool avec \u00e9clairage LED en acier inoxydable argent\u00e9 ou noir DC030 - Bagno Italia","og_description":"Colonne de douche avec \u00e9clairage LED, en acier inoxydable, disponible en deux couleurs. Compl\u00e8te avec douchette lat\u00e9rale, jets d'hydromassage et jet cascade.","og_url":"https:\/\/www.bagnoitalia.com\/fr\/produit\/whirlpool-shower-panel-with-led-lights-in-stainless-steel-silver-or-black-dc030.html","og_site_name":"Bagno Italia","article_modified_time":"2024-12-11T13:50:24+00:00","og_image":[{"width":1000,"height":1000,"url":"https:\/\/img.bagnoitalia.com\/wp-content\/uploads\/1-80.webp","type":"image\/webp"}],"twitter_card":"summary_large_image","twitter_misc":{"Dur\u00e9e de lecture estim\u00e9e":"1 minute"},"schema":{"@context":"https:\/\/schema.org","@graph":[{"@type":"WebPage","@id":"https:\/\/www.bagnoitalia.com\/fr\/produit\/whirlpool-shower-panel-with-led-lights-in-stainless-steel-silver-or-black-dc030.html","url":"https:\/\/www.bagnoitalia.com\/fr\/produit\/whirlpool-shower-panel-with-led-lights-in-stainless-steel-silver-or-black-dc030.html","name":"Panneau de douche Whirlpool avec \u00e9clairage LED en acier inoxydable argent\u00e9 ou noir DC030 - Bagno Italia","isPartOf":{"@id":"https:\/\/www.bagnoitalia.com\/fr#website"},"primaryImageOfPage":{"@id":"https:\/\/www.bagnoitalia.com\/fr\/produit\/whirlpool-shower-panel-with-led-lights-in-stainless-steel-silver-or-black-dc030.html#primaryimage"},"image":{"@id":"https:\/\/www.bagnoitalia.com\/fr\/produit\/whirlpool-shower-panel-with-led-lights-in-stainless-steel-silver-or-black-dc030.html#primaryimage"},"thumbnailUrl":"https:\/\/img.bagnoitalia.com\/wp-content\/uploads\/1-80.webp","datePublished":"2024-12-11T13:46:14+00:00","dateModified":"2024-12-11T13:50:24+00:00","breadcrumb":{"@id":"https:\/\/www.bagnoitalia.com\/fr\/produit\/whirlpool-shower-panel-with-led-lights-in-stainless-steel-silver-or-black-dc030.html#breadcrumb"},"inLanguage":"fr-FR","potentialAction":[{"@type":"ReadAction","target":["https:\/\/www.bagnoitalia.com\/fr\/produit\/whirlpool-shower-panel-with-led-lights-in-stainless-steel-silver-or-black-dc030.html"]}]},{"@type":"ImageObject","inLanguage":"fr-FR","@id":"https:\/\/www.bagnoitalia.com\/fr\/produit\/whirlpool-shower-panel-with-led-lights-in-stainless-steel-silver-or-black-dc030.html#primaryimage","url":"https:\/\/img.bagnoitalia.com\/wp-content\/uploads\/1-80.webp","contentUrl":"https:\/\/img.bagnoitalia.com\/wp-content\/uploads\/1-80.webp","width":1000,"height":1000},{"@type":"BreadcrumbList","@id":"https:\/\/www.bagnoitalia.com\/fr\/produit\/whirlpool-shower-panel-with-led-lights-in-stainless-steel-silver-or-black-dc030.html#breadcrumb","itemListElement":[{"@type":"ListItem","position":1,"name":"Home","item":"https:\/\/www.bagnoitalia.com\/fr"},{"@type":"ListItem","position":2,"name":"Produits","item":"https:\/\/www.bagnoitalia.com\/fr\/shop"},{"@type":"ListItem","position":3,"name":"Panneau de douche Whirlpool avec \u00e9clairage LED en acier inoxydable argent\u00e9 ou noir DC030"}]},{"@type":"WebSite","@id":"https:\/\/www.bagnoitalia.com\/fr#website","url":"https:\/\/www.bagnoitalia.com\/fr","name":"Bagno Italia","description":"","publisher":{"@id":"https:\/\/www.bagnoitalia.com\/fr#organization"},"potentialAction":[{"@type":"SearchAction","target":{"@type":"EntryPoint","urlTemplate":"https:\/\/www.bagnoitalia.com\/fr?s={search_term_string}"},"query-input":{"@type":"PropertyValueSpecification","valueRequired":true,"valueName":"search_term_string"}}],"inLanguage":"fr-FR"},{"@type":"Organization","@id":"https:\/\/www.bagnoitalia.com\/fr#organization","name":"Bagno Italia","url":"https:\/\/www.bagnoitalia.com\/fr","logo":{"@type":"ImageObject","inLanguage":"fr-FR","@id":"https:\/\/www.bagnoitalia.com\/fr#\/schema\/logo\/image\/","url":"https:\/\/img.bagnoitalia.com\/wp-content\/uploads\/logo-bagnoitalia.webp","contentUrl":"https:\/\/img.bagnoitalia.com\/wp-content\/uploads\/logo-bagnoitalia.webp","width":400,"height":70,"caption":"Bagno Italia"},"image":{"@id":"https:\/\/www.bagnoitalia.com\/fr#\/schema\/logo\/image\/"}}]}},"_links":{"self":[{"href":"https:\/\/www.bagnoitalia.com\/fr\/wp-json\/wp\/v2\/product\/99304","targetHints":{"allow":["GET"]}}],"collection":[{"href":"https:\/\/www.bagnoitalia.com\/fr\/wp-json\/wp\/v2\/product"}],"about":[{"href":"https:\/\/www.bagnoitalia.com\/fr\/wp-json\/wp\/v2\/types\/product"}],"replies":[{"embeddable":true,"href":"https:\/\/www.bagnoitalia.com\/fr\/wp-json\/wp\/v2\/comments?post=99304"}],"version-history":[{"count":1,"href":"https:\/\/www.bagnoitalia.com\/fr\/wp-json\/wp\/v2\/product\/99304\/revisions"}],"predecessor-version":[{"id":99309,"href":"https:\/\/www.bagnoitalia.com\/fr\/wp-json\/wp\/v2\/product\/99304\/revisions\/99309"}],"wp:featuredmedia":[{"embeddable":true,"href":"https:\/\/www.bagnoitalia.com\/fr\/wp-json\/wp\/v2\/media\/99243"}],"wp:attachment":[{"href":"https:\/\/www.bagnoitalia.com\/fr\/wp-json\/wp\/v2\/media?parent=99304"}],"wp:term":[{"taxonomy":"product_brand","embeddable":true,"href":"https:\/\/www.bagnoitalia.com\/fr\/wp-json\/wp\/v2\/product_brand?post=99304"},{"taxonomy":"product_cat","embeddable":true,"href":"https:\/\/www.bagnoitalia.com\/fr\/wp-json\/wp\/v2\/product_cat?post=99304"},{"taxonomy":"product_tag","embeddable":true,"href":"https:\/\/www.bagnoitalia.com\/fr\/wp-json\/wp\/v2\/product_tag?post=99304"}],"curies":[{"name":"wp","href":"https:\/\/api.w.org\/{rel}","templated":true}]}}