{"id":99235,"date":"2024-12-11T12:50:09","date_gmt":"2024-12-11T11:50:09","guid":{"rendered":"https:\/\/www.bagnoitalia.com\/hydromassage-led-shower-column-125x15-cm-stainless-steel-black-or-silver-dc029.html"},"modified":"2024-12-11T12:53:18","modified_gmt":"2024-12-11T11:53:18","slug":"hydromassage-led-shower-column-125x15-cm-stainless-steel-black-or-silver-dc029","status":"publish","type":"product","link":"https:\/\/www.bagnoitalia.com\/fr\/produit\/hydromassage-led-shower-column-125x15-cm-stainless-steel-black-or-silver-dc029.html","title":{"rendered":"Colonne de douche Hydromassage LED 125&#215;15 cm inox noir ou argent DC029"},"content":{"rendered":"<p>COLONNE DE DOUCHE HYDROMASSAGE LED &lsquo;DC029&rsquo; en 2 couleurs<\/p>\n<p>&nbsp;<\/p>\n<p>&nbsp;<\/p>\n<p>&nbsp;<\/p>\n<p>&nbsp;<\/p>\n<p>CARACT\u00c9RISTIQUES DU PRODUIT<\/p>\n<p>&nbsp;<\/p>\n<p>Panneau de douche moderne et multifonctionnel<\/p>\n<p>Disponible en deux couleurs : noir ou argent<\/p>\n<p>Douche de t\u00eate avec 2 types de jets (cascade ou pluie)<\/p>\n<p>Douche lat\u00e9rale avec 3 types de jets<\/p>\n<p>Mini-jets d&rsquo;hydromassage<\/p>\n<p>Robinet inf\u00e9rieur<\/p>\n<p>Eclairage LED sur la pomme de douche et sur le c\u00f4t\u00e9 de la paroi de douche<\/p>\n<p>Affichage num\u00e9rique<\/p>\n<p>Molette de d\u00e9viation<\/p>\n<p>Molette d&rsquo;ouverture et de m\u00e9lange de l&rsquo;eau<\/p>\n<p>&nbsp;<\/p>\n<p>&nbsp;<\/p>\n<p>&nbsp;<\/p>\n<p>&nbsp;<\/p>\n<p>MAT\u00c9RIAUX et D\u00c9TAILS TECHNIQUES<\/p>\n<p>&nbsp;<\/p>\n<p>Colonne de douche en acier inoxydable<\/p>\n<p>Dimensions ext\u00e9rieures : 125&#215;15 cm<\/p>\n<p>Douchette lat\u00e9rale en ABS<\/p>\n<p>Flexible en acier inoxydable chrom\u00e9<\/p>\n<p>D\u00e9bit d&rsquo;eau de 1,8 GPM<\/p>\n<p>&nbsp;<\/p>\n<p>&nbsp;<\/p>\n<p>&nbsp;<\/p>\n","protected":false},"excerpt":{"rendered":"<p>Panneau de douche complet avec \u00e9clairage LED, multifonctionnel. R\u00e9alis\u00e9e en acier inoxydable, en deux finitions modernes. Compl\u00e8te avec douche lat\u00e9rale, robinet inf\u00e9rieur et jets d&rsquo;hydromassage.<\/p>\n","protected":false},"featured_media":99163,"comment_status":"open","ping_status":"closed","template":"","meta":[],"product_brand":[5004],"product_cat":[9763],"product_tag":[],"class_list":{"0":"post-99235","1":"product","2":"type-product","3":"status-publish","4":"has-post-thumbnail","6":"product_brand-vari-produttori","7":"product_cat-colonne-de-douche","9":"first","10":"instock","11":"sale","12":"taxable","13":"shipping-taxable","14":"purchasable","15":"product-type-simple"},"exclude_global_add_ons":false,"addons":[{"name":"Couleur","type":"multiple_choice","position":0,"required":false,"title_format":"label","default":"","description_enable":false,"description":"","placeholder_enable":false,"placeholder":"","display":"select","restrictions_type":"any_text","adjust_price":false,"price":"","price_type":"flat_fee","restrictions":false,"min":"0","max":"0","options":[{"label":"argent\u00e9","price":"","price_type":"flat_fee","image":0,"visibility":true},{"label":"noir","price":"","price_type":"flat_fee","image":0,"visibility":true}],"id":1733921410}],"yoast_head":"<!-- This site is optimized with the Yoast SEO plugin v26.7 - https:\/\/yoast.com\/wordpress\/plugins\/seo\/ -->\n<title>Colonne de douche Hydromassage LED 125x15 cm inox noir ou argent DC029 - Bagno Italia<\/title>\n<meta name=\"robots\" content=\"index, follow, max-snippet:-1, max-image-preview:large, max-video-preview:-1\" \/>\n<link rel=\"canonical\" href=\"https:\/\/www.bagnoitalia.com\/fr\/produit\/hydromassage-led-shower-column-125x15-cm-stainless-steel-black-or-silver-dc029.html\" \/>\n<meta property=\"og:locale\" content=\"fr_FR\" \/>\n<meta property=\"og:type\" content=\"article\" \/>\n<meta property=\"og:title\" content=\"Colonne de douche Hydromassage LED 125x15 cm inox noir ou argent DC029 - Bagno Italia\" \/>\n<meta property=\"og:description\" content=\"Panneau de douche complet avec \u00e9clairage LED, multifonctionnel. R\u00e9alis\u00e9e en acier inoxydable, en deux finitions modernes. Compl\u00e8te avec douche lat\u00e9rale, robinet inf\u00e9rieur et jets d&#039;hydromassage.\" \/>\n<meta property=\"og:url\" content=\"https:\/\/www.bagnoitalia.com\/fr\/produit\/hydromassage-led-shower-column-125x15-cm-stainless-steel-black-or-silver-dc029.html\" \/>\n<meta property=\"og:site_name\" content=\"Bagno Italia\" \/>\n<meta property=\"article:modified_time\" content=\"2024-12-11T11:53:18+00:00\" \/>\n<meta property=\"og:image\" content=\"https:\/\/img.bagnoitalia.com\/wp-content\/uploads\/1-79.webp\" \/>\n\t<meta property=\"og:image:width\" content=\"1000\" \/>\n\t<meta property=\"og:image:height\" content=\"1000\" \/>\n\t<meta property=\"og:image:type\" content=\"image\/webp\" \/>\n<meta name=\"twitter:card\" content=\"summary_large_image\" \/>\n<meta name=\"twitter:label1\" content=\"Dur\u00e9e de lecture estim\u00e9e\" \/>\n\t<meta name=\"twitter:data1\" content=\"1 minute\" \/>\n<script type=\"application\/ld+json\" class=\"yoast-schema-graph\">{\"@context\":\"https:\/\/schema.org\",\"@graph\":[{\"@type\":\"WebPage\",\"@id\":\"https:\/\/www.bagnoitalia.com\/fr\/produit\/hydromassage-led-shower-column-125x15-cm-stainless-steel-black-or-silver-dc029.html\",\"url\":\"https:\/\/www.bagnoitalia.com\/fr\/produit\/hydromassage-led-shower-column-125x15-cm-stainless-steel-black-or-silver-dc029.html\",\"name\":\"Colonne de douche Hydromassage LED 125x15 cm inox noir ou argent DC029 - Bagno Italia\",\"isPartOf\":{\"@id\":\"https:\/\/www.bagnoitalia.com\/fr#website\"},\"primaryImageOfPage\":{\"@id\":\"https:\/\/www.bagnoitalia.com\/fr\/produit\/hydromassage-led-shower-column-125x15-cm-stainless-steel-black-or-silver-dc029.html#primaryimage\"},\"image\":{\"@id\":\"https:\/\/www.bagnoitalia.com\/fr\/produit\/hydromassage-led-shower-column-125x15-cm-stainless-steel-black-or-silver-dc029.html#primaryimage\"},\"thumbnailUrl\":\"https:\/\/img.bagnoitalia.com\/wp-content\/uploads\/1-79.webp\",\"datePublished\":\"2024-12-11T11:50:09+00:00\",\"dateModified\":\"2024-12-11T11:53:18+00:00\",\"breadcrumb\":{\"@id\":\"https:\/\/www.bagnoitalia.com\/fr\/produit\/hydromassage-led-shower-column-125x15-cm-stainless-steel-black-or-silver-dc029.html#breadcrumb\"},\"inLanguage\":\"fr-FR\",\"potentialAction\":[{\"@type\":\"ReadAction\",\"target\":[\"https:\/\/www.bagnoitalia.com\/fr\/produit\/hydromassage-led-shower-column-125x15-cm-stainless-steel-black-or-silver-dc029.html\"]}]},{\"@type\":\"ImageObject\",\"inLanguage\":\"fr-FR\",\"@id\":\"https:\/\/www.bagnoitalia.com\/fr\/produit\/hydromassage-led-shower-column-125x15-cm-stainless-steel-black-or-silver-dc029.html#primaryimage\",\"url\":\"https:\/\/img.bagnoitalia.com\/wp-content\/uploads\/1-79.webp\",\"contentUrl\":\"https:\/\/img.bagnoitalia.com\/wp-content\/uploads\/1-79.webp\",\"width\":1000,\"height\":1000},{\"@type\":\"BreadcrumbList\",\"@id\":\"https:\/\/www.bagnoitalia.com\/fr\/produit\/hydromassage-led-shower-column-125x15-cm-stainless-steel-black-or-silver-dc029.html#breadcrumb\",\"itemListElement\":[{\"@type\":\"ListItem\",\"position\":1,\"name\":\"Home\",\"item\":\"https:\/\/www.bagnoitalia.com\/fr\"},{\"@type\":\"ListItem\",\"position\":2,\"name\":\"Produits\",\"item\":\"https:\/\/www.bagnoitalia.com\/fr\/shop\"},{\"@type\":\"ListItem\",\"position\":3,\"name\":\"Colonne de douche Hydromassage LED 125&#215;15 cm inox noir ou argent DC029\"}]},{\"@type\":\"WebSite\",\"@id\":\"https:\/\/www.bagnoitalia.com\/fr#website\",\"url\":\"https:\/\/www.bagnoitalia.com\/fr\",\"name\":\"Bagno Italia\",\"description\":\"\",\"publisher\":{\"@id\":\"https:\/\/www.bagnoitalia.com\/fr#organization\"},\"potentialAction\":[{\"@type\":\"SearchAction\",\"target\":{\"@type\":\"EntryPoint\",\"urlTemplate\":\"https:\/\/www.bagnoitalia.com\/fr?s={search_term_string}\"},\"query-input\":{\"@type\":\"PropertyValueSpecification\",\"valueRequired\":true,\"valueName\":\"search_term_string\"}}],\"inLanguage\":\"fr-FR\"},{\"@type\":\"Organization\",\"@id\":\"https:\/\/www.bagnoitalia.com\/fr#organization\",\"name\":\"Bagno Italia\",\"url\":\"https:\/\/www.bagnoitalia.com\/fr\",\"logo\":{\"@type\":\"ImageObject\",\"inLanguage\":\"fr-FR\",\"@id\":\"https:\/\/www.bagnoitalia.com\/fr#\/schema\/logo\/image\/\",\"url\":\"https:\/\/img.bagnoitalia.com\/wp-content\/uploads\/logo-bagnoitalia.webp\",\"contentUrl\":\"https:\/\/img.bagnoitalia.com\/wp-content\/uploads\/logo-bagnoitalia.webp\",\"width\":400,\"height\":70,\"caption\":\"Bagno Italia\"},\"image\":{\"@id\":\"https:\/\/www.bagnoitalia.com\/fr#\/schema\/logo\/image\/\"}}]}<\/script>\n<!-- \/ Yoast SEO plugin. -->","yoast_head_json":{"title":"Colonne de douche Hydromassage LED 125x15 cm inox noir ou argent DC029 - Bagno Italia","robots":{"index":"index","follow":"follow","max-snippet":"max-snippet:-1","max-image-preview":"max-image-preview:large","max-video-preview":"max-video-preview:-1"},"canonical":"https:\/\/www.bagnoitalia.com\/fr\/produit\/hydromassage-led-shower-column-125x15-cm-stainless-steel-black-or-silver-dc029.html","og_locale":"fr_FR","og_type":"article","og_title":"Colonne de douche Hydromassage LED 125x15 cm inox noir ou argent DC029 - Bagno Italia","og_description":"Panneau de douche complet avec \u00e9clairage LED, multifonctionnel. R\u00e9alis\u00e9e en acier inoxydable, en deux finitions modernes. Compl\u00e8te avec douche lat\u00e9rale, robinet inf\u00e9rieur et jets d'hydromassage.","og_url":"https:\/\/www.bagnoitalia.com\/fr\/produit\/hydromassage-led-shower-column-125x15-cm-stainless-steel-black-or-silver-dc029.html","og_site_name":"Bagno Italia","article_modified_time":"2024-12-11T11:53:18+00:00","og_image":[{"width":1000,"height":1000,"url":"https:\/\/img.bagnoitalia.com\/wp-content\/uploads\/1-79.webp","type":"image\/webp"}],"twitter_card":"summary_large_image","twitter_misc":{"Dur\u00e9e de lecture estim\u00e9e":"1 minute"},"schema":{"@context":"https:\/\/schema.org","@graph":[{"@type":"WebPage","@id":"https:\/\/www.bagnoitalia.com\/fr\/produit\/hydromassage-led-shower-column-125x15-cm-stainless-steel-black-or-silver-dc029.html","url":"https:\/\/www.bagnoitalia.com\/fr\/produit\/hydromassage-led-shower-column-125x15-cm-stainless-steel-black-or-silver-dc029.html","name":"Colonne de douche Hydromassage LED 125x15 cm inox noir ou argent DC029 - Bagno Italia","isPartOf":{"@id":"https:\/\/www.bagnoitalia.com\/fr#website"},"primaryImageOfPage":{"@id":"https:\/\/www.bagnoitalia.com\/fr\/produit\/hydromassage-led-shower-column-125x15-cm-stainless-steel-black-or-silver-dc029.html#primaryimage"},"image":{"@id":"https:\/\/www.bagnoitalia.com\/fr\/produit\/hydromassage-led-shower-column-125x15-cm-stainless-steel-black-or-silver-dc029.html#primaryimage"},"thumbnailUrl":"https:\/\/img.bagnoitalia.com\/wp-content\/uploads\/1-79.webp","datePublished":"2024-12-11T11:50:09+00:00","dateModified":"2024-12-11T11:53:18+00:00","breadcrumb":{"@id":"https:\/\/www.bagnoitalia.com\/fr\/produit\/hydromassage-led-shower-column-125x15-cm-stainless-steel-black-or-silver-dc029.html#breadcrumb"},"inLanguage":"fr-FR","potentialAction":[{"@type":"ReadAction","target":["https:\/\/www.bagnoitalia.com\/fr\/produit\/hydromassage-led-shower-column-125x15-cm-stainless-steel-black-or-silver-dc029.html"]}]},{"@type":"ImageObject","inLanguage":"fr-FR","@id":"https:\/\/www.bagnoitalia.com\/fr\/produit\/hydromassage-led-shower-column-125x15-cm-stainless-steel-black-or-silver-dc029.html#primaryimage","url":"https:\/\/img.bagnoitalia.com\/wp-content\/uploads\/1-79.webp","contentUrl":"https:\/\/img.bagnoitalia.com\/wp-content\/uploads\/1-79.webp","width":1000,"height":1000},{"@type":"BreadcrumbList","@id":"https:\/\/www.bagnoitalia.com\/fr\/produit\/hydromassage-led-shower-column-125x15-cm-stainless-steel-black-or-silver-dc029.html#breadcrumb","itemListElement":[{"@type":"ListItem","position":1,"name":"Home","item":"https:\/\/www.bagnoitalia.com\/fr"},{"@type":"ListItem","position":2,"name":"Produits","item":"https:\/\/www.bagnoitalia.com\/fr\/shop"},{"@type":"ListItem","position":3,"name":"Colonne de douche Hydromassage LED 125&#215;15 cm inox noir ou argent DC029"}]},{"@type":"WebSite","@id":"https:\/\/www.bagnoitalia.com\/fr#website","url":"https:\/\/www.bagnoitalia.com\/fr","name":"Bagno Italia","description":"","publisher":{"@id":"https:\/\/www.bagnoitalia.com\/fr#organization"},"potentialAction":[{"@type":"SearchAction","target":{"@type":"EntryPoint","urlTemplate":"https:\/\/www.bagnoitalia.com\/fr?s={search_term_string}"},"query-input":{"@type":"PropertyValueSpecification","valueRequired":true,"valueName":"search_term_string"}}],"inLanguage":"fr-FR"},{"@type":"Organization","@id":"https:\/\/www.bagnoitalia.com\/fr#organization","name":"Bagno Italia","url":"https:\/\/www.bagnoitalia.com\/fr","logo":{"@type":"ImageObject","inLanguage":"fr-FR","@id":"https:\/\/www.bagnoitalia.com\/fr#\/schema\/logo\/image\/","url":"https:\/\/img.bagnoitalia.com\/wp-content\/uploads\/logo-bagnoitalia.webp","contentUrl":"https:\/\/img.bagnoitalia.com\/wp-content\/uploads\/logo-bagnoitalia.webp","width":400,"height":70,"caption":"Bagno Italia"},"image":{"@id":"https:\/\/www.bagnoitalia.com\/fr#\/schema\/logo\/image\/"}}]}},"_links":{"self":[{"href":"https:\/\/www.bagnoitalia.com\/fr\/wp-json\/wp\/v2\/product\/99235","targetHints":{"allow":["GET"]}}],"collection":[{"href":"https:\/\/www.bagnoitalia.com\/fr\/wp-json\/wp\/v2\/product"}],"about":[{"href":"https:\/\/www.bagnoitalia.com\/fr\/wp-json\/wp\/v2\/types\/product"}],"replies":[{"embeddable":true,"href":"https:\/\/www.bagnoitalia.com\/fr\/wp-json\/wp\/v2\/comments?post=99235"}],"version-history":[{"count":1,"href":"https:\/\/www.bagnoitalia.com\/fr\/wp-json\/wp\/v2\/product\/99235\/revisions"}],"predecessor-version":[{"id":99240,"href":"https:\/\/www.bagnoitalia.com\/fr\/wp-json\/wp\/v2\/product\/99235\/revisions\/99240"}],"wp:featuredmedia":[{"embeddable":true,"href":"https:\/\/www.bagnoitalia.com\/fr\/wp-json\/wp\/v2\/media\/99163"}],"wp:attachment":[{"href":"https:\/\/www.bagnoitalia.com\/fr\/wp-json\/wp\/v2\/media?parent=99235"}],"wp:term":[{"taxonomy":"product_brand","embeddable":true,"href":"https:\/\/www.bagnoitalia.com\/fr\/wp-json\/wp\/v2\/product_brand?post=99235"},{"taxonomy":"product_cat","embeddable":true,"href":"https:\/\/www.bagnoitalia.com\/fr\/wp-json\/wp\/v2\/product_cat?post=99235"},{"taxonomy":"product_tag","embeddable":true,"href":"https:\/\/www.bagnoitalia.com\/fr\/wp-json\/wp\/v2\/product_tag?post=99235"}],"curies":[{"name":"wp","href":"https:\/\/api.w.org\/{rel}","templated":true}]}}