{"id":99089,"date":"2024-12-11T12:13:04","date_gmt":"2024-12-11T11:13:04","guid":{"rendered":"https:\/\/www.bagnoitalia.com\/outdoor-whirlpool-180x180-cm-6-8-seats-148-water-and-air-jets-wi-fi-smart-and-heater-mp65.html"},"modified":"2024-12-11T12:17:02","modified_gmt":"2024-12-11T11:17:02","slug":"outdoor-whirlpool-180x180-cm-6-8-seats-148-water-and-air-jets-wi-fi-smart-and-heater-mp65","status":"publish","type":"product","link":"https:\/\/www.bagnoitalia.com\/fr\/produit\/outdoor-whirlpool-180x180-cm-6-8-seats-148-water-and-air-jets-wi-fi-smart-and-heater-mp65.html","title":{"rendered":"Bain \u00e0 remous ext\u00e9rieur 180&#215;180 cm 6-8 places 148 jets d&rsquo;eau et d&rsquo;air, WI-FI smart et chauffage MP65"},"content":{"rendered":"<p>Whirlpool 180x180cm MP65<\/p>\n<p>&nbsp;<\/p>\n<p>&nbsp;<\/p>\n<p>&nbsp;<\/p>\n<p>&nbsp;<\/p>\n<p>CARACT\u00c9RISTIQUES PRINCIPALES<\/p>\n<p>&nbsp;<\/p>\n<p>&nbsp;<\/p>\n<p>&nbsp;<\/p>\n<p>Piscine carr\u00e9e ext\u00e9rieure<\/p>\n<p>Dimensions roi 180x180xH65 cm<\/p>\n<p>De 6 \u00e0 8 places<\/p>\n<p>Avec 148 jets d&rsquo;hydromassage (dont 8 jets d&rsquo;eau, jets dorsaux, situ\u00e9s sous les appuis-t\u00eate) avec 3 niveaux d&rsquo;intensit\u00e9<\/p>\n<p>4 coussins d&rsquo;appui-t\u00eate<\/p>\n<p>Ozonoth\u00e9rapie<\/p>\n<p>Chromoth\u00e9rapie<\/p>\n<p>Chauffage<\/p>\n<p>Ordinateur de contr\u00f4le externe avec \u00e9cran tactile OLED<\/p>\n<p>4 bandes LED multicolores p\u00e9rim\u00e9triques (contr\u00f4lables via la t\u00e9l\u00e9commande fournie)<\/p>\n<p>T\u00e9l\u00e9commande Wi-Fi pour application smartphone<\/p>\n<p>Double pompe : air et eau<\/p>\n<p>Syst\u00e8me antigel<\/p>\n<p>Assainisseur antibact\u00e9rien UVC<\/p>\n<p>S\u00e9curit\u00e9 enfant<\/p>\n<p>Tissu antibact\u00e9rien<\/p>\n<p>Minuterie d&rsquo;\u00e9co-consommation<\/p>\n<p>Couvercle \u00e0 fermeture \u00e9clair<\/p>\n<p>\u00c9cumoire\/distributeur de produits<\/p>\n<p>Tapis de mousse<\/p>\n<p>Manom\u00e8tre<\/p>\n<p>Horloge digitale<\/p>\n<p>Cl\u00e9 \u00e0 grille<\/p>\n<p>Adaptateur pour tuyau de vidange<\/p>\n<p>&nbsp;<\/p>\n<p>&nbsp;<\/p>\n<p>&nbsp;<\/p>\n<p>&nbsp;<\/p>\n<p>D\u00c9TAILS TECHNIQUES<\/p>\n<p>Capacit\u00e9 maximale : 1150 litres<\/p>\n<p>Syst\u00e8me intelligent de filtrage de l&rsquo;eau 12v\/60w (2 filtres inclus)<\/p>\n<p>Alimentation : 220-240 Volt<\/p>\n<p>Chauffage : 2200W<\/p>\n<p>Pompe : 720W \/1100W (Niveau 1 : 300W ; Niveau 2 : 500W ; Niveau 3 : 720W + pompe \u00e0 eau)<\/p>\n<p>Certifications : CE, ISO9001-2008<\/p>\n<p>&nbsp;<\/p>\n<p>&nbsp;<\/p>\n<p>&nbsp;<\/p>\n<p>&nbsp;<\/p>\n<p>&nbsp;<\/p>\n","protected":false},"excerpt":{"rendered":"<p>Baignoire ext\u00e9rieure carr\u00e9e, version \u00ab king \u00bb pour 6-8 personnes. Avec hydromassage et pompe airpool pour un total de 148 jets d&rsquo;hydromassage, 4 bandes LED multicolores sur le pourtour, th\u00e9rapie \u00e0 l&rsquo;ozone, chauffage, \u00e9cran oled complet et connexion wi-fi.<\/p>\n","protected":false},"featured_media":99041,"comment_status":"open","ping_status":"closed","template":"","meta":[],"product_brand":[9924],"product_cat":[10069],"product_tag":[],"class_list":{"0":"post-99089","1":"product","2":"type-product","3":"status-publish","4":"has-post-thumbnail","6":"product_brand-predator-arredo-casa-fr","7":"product_cat-piscines-exterieures-a-hydromassage","9":"first","10":"instock","11":"sale","12":"taxable","13":"shipping-taxable","14":"purchasable","15":"product-type-simple"},"exclude_global_add_ons":false,"addons":[{"name":"Accessoires","type":"multiple_choice","position":0,"required":false,"title_format":"label","default":"","description_enable":false,"description":"","placeholder_enable":false,"placeholder":"","display":"select","restrictions_type":"any_text","adjust_price":false,"price":"","price_type":"flat_fee","restrictions":false,"min":"0","max":"0","options":[{"label":"sans \u00e9chelle","price":"","price_type":"flat_fee","image":0,"visibility":true},{"label":"avec \u00e9chelle","price":"229","price_type":"flat_fee","image":0,"visibility":true}],"id":1733919185}],"yoast_head":"<!-- This site is optimized with the Yoast SEO plugin v26.7 - https:\/\/yoast.com\/wordpress\/plugins\/seo\/ -->\n<title>Bain \u00e0 remous ext\u00e9rieur 180x180 cm 6-8 places 148 jets d&#039;eau et d&#039;air, WI-FI smart et chauffage MP65 - Bagno Italia<\/title>\n<meta name=\"robots\" content=\"index, follow, max-snippet:-1, max-image-preview:large, max-video-preview:-1\" \/>\n<link rel=\"canonical\" href=\"https:\/\/www.bagnoitalia.com\/fr\/produit\/outdoor-whirlpool-180x180-cm-6-8-seats-148-water-and-air-jets-wi-fi-smart-and-heater-mp65.html\" \/>\n<meta property=\"og:locale\" content=\"fr_FR\" \/>\n<meta property=\"og:type\" content=\"article\" \/>\n<meta property=\"og:title\" content=\"Bain \u00e0 remous ext\u00e9rieur 180x180 cm 6-8 places 148 jets d&#039;eau et d&#039;air, WI-FI smart et chauffage MP65 - Bagno Italia\" \/>\n<meta property=\"og:description\" content=\"Baignoire ext\u00e9rieure carr\u00e9e, version \u00ab king \u00bb pour 6-8 personnes. Avec hydromassage et pompe airpool pour un total de 148 jets d&#039;hydromassage, 4 bandes LED multicolores sur le pourtour, th\u00e9rapie \u00e0 l&#039;ozone, chauffage, \u00e9cran oled complet et connexion wi-fi.\" \/>\n<meta property=\"og:url\" content=\"https:\/\/www.bagnoitalia.com\/fr\/produit\/outdoor-whirlpool-180x180-cm-6-8-seats-148-water-and-air-jets-wi-fi-smart-and-heater-mp65.html\" \/>\n<meta property=\"og:site_name\" content=\"Bagno Italia\" \/>\n<meta property=\"article:modified_time\" content=\"2024-12-11T11:17:02+00:00\" \/>\n<meta property=\"og:image\" content=\"https:\/\/img.bagnoitalia.com\/wp-content\/uploads\/1-77.webp\" \/>\n\t<meta property=\"og:image:width\" content=\"686\" \/>\n\t<meta property=\"og:image:height\" content=\"686\" \/>\n\t<meta property=\"og:image:type\" content=\"image\/webp\" \/>\n<meta name=\"twitter:card\" content=\"summary_large_image\" \/>\n<meta name=\"twitter:label1\" content=\"Dur\u00e9e de lecture estim\u00e9e\" \/>\n\t<meta name=\"twitter:data1\" content=\"1 minute\" \/>\n<script type=\"application\/ld+json\" class=\"yoast-schema-graph\">{\"@context\":\"https:\/\/schema.org\",\"@graph\":[{\"@type\":\"WebPage\",\"@id\":\"https:\/\/www.bagnoitalia.com\/fr\/produit\/outdoor-whirlpool-180x180-cm-6-8-seats-148-water-and-air-jets-wi-fi-smart-and-heater-mp65.html\",\"url\":\"https:\/\/www.bagnoitalia.com\/fr\/produit\/outdoor-whirlpool-180x180-cm-6-8-seats-148-water-and-air-jets-wi-fi-smart-and-heater-mp65.html\",\"name\":\"Bain \u00e0 remous ext\u00e9rieur 180x180 cm 6-8 places 148 jets d'eau et d'air, WI-FI smart et chauffage MP65 - Bagno Italia\",\"isPartOf\":{\"@id\":\"https:\/\/www.bagnoitalia.com\/fr#website\"},\"primaryImageOfPage\":{\"@id\":\"https:\/\/www.bagnoitalia.com\/fr\/produit\/outdoor-whirlpool-180x180-cm-6-8-seats-148-water-and-air-jets-wi-fi-smart-and-heater-mp65.html#primaryimage\"},\"image\":{\"@id\":\"https:\/\/www.bagnoitalia.com\/fr\/produit\/outdoor-whirlpool-180x180-cm-6-8-seats-148-water-and-air-jets-wi-fi-smart-and-heater-mp65.html#primaryimage\"},\"thumbnailUrl\":\"https:\/\/img.bagnoitalia.com\/wp-content\/uploads\/1-77.webp\",\"datePublished\":\"2024-12-11T11:13:04+00:00\",\"dateModified\":\"2024-12-11T11:17:02+00:00\",\"breadcrumb\":{\"@id\":\"https:\/\/www.bagnoitalia.com\/fr\/produit\/outdoor-whirlpool-180x180-cm-6-8-seats-148-water-and-air-jets-wi-fi-smart-and-heater-mp65.html#breadcrumb\"},\"inLanguage\":\"fr-FR\",\"potentialAction\":[{\"@type\":\"ReadAction\",\"target\":[\"https:\/\/www.bagnoitalia.com\/fr\/produit\/outdoor-whirlpool-180x180-cm-6-8-seats-148-water-and-air-jets-wi-fi-smart-and-heater-mp65.html\"]}]},{\"@type\":\"ImageObject\",\"inLanguage\":\"fr-FR\",\"@id\":\"https:\/\/www.bagnoitalia.com\/fr\/produit\/outdoor-whirlpool-180x180-cm-6-8-seats-148-water-and-air-jets-wi-fi-smart-and-heater-mp65.html#primaryimage\",\"url\":\"https:\/\/img.bagnoitalia.com\/wp-content\/uploads\/1-77.webp\",\"contentUrl\":\"https:\/\/img.bagnoitalia.com\/wp-content\/uploads\/1-77.webp\",\"width\":686,\"height\":686},{\"@type\":\"BreadcrumbList\",\"@id\":\"https:\/\/www.bagnoitalia.com\/fr\/produit\/outdoor-whirlpool-180x180-cm-6-8-seats-148-water-and-air-jets-wi-fi-smart-and-heater-mp65.html#breadcrumb\",\"itemListElement\":[{\"@type\":\"ListItem\",\"position\":1,\"name\":\"Home\",\"item\":\"https:\/\/www.bagnoitalia.com\/fr\"},{\"@type\":\"ListItem\",\"position\":2,\"name\":\"Produits\",\"item\":\"https:\/\/www.bagnoitalia.com\/fr\/shop\"},{\"@type\":\"ListItem\",\"position\":3,\"name\":\"Bain \u00e0 remous ext\u00e9rieur 180&#215;180 cm 6-8 places 148 jets d&#8217;eau et d&#8217;air, WI-FI smart et chauffage MP65\"}]},{\"@type\":\"WebSite\",\"@id\":\"https:\/\/www.bagnoitalia.com\/fr#website\",\"url\":\"https:\/\/www.bagnoitalia.com\/fr\",\"name\":\"Bagno Italia\",\"description\":\"\",\"publisher\":{\"@id\":\"https:\/\/www.bagnoitalia.com\/fr#organization\"},\"potentialAction\":[{\"@type\":\"SearchAction\",\"target\":{\"@type\":\"EntryPoint\",\"urlTemplate\":\"https:\/\/www.bagnoitalia.com\/fr?s={search_term_string}\"},\"query-input\":{\"@type\":\"PropertyValueSpecification\",\"valueRequired\":true,\"valueName\":\"search_term_string\"}}],\"inLanguage\":\"fr-FR\"},{\"@type\":\"Organization\",\"@id\":\"https:\/\/www.bagnoitalia.com\/fr#organization\",\"name\":\"Bagno Italia\",\"url\":\"https:\/\/www.bagnoitalia.com\/fr\",\"logo\":{\"@type\":\"ImageObject\",\"inLanguage\":\"fr-FR\",\"@id\":\"https:\/\/www.bagnoitalia.com\/fr#\/schema\/logo\/image\/\",\"url\":\"https:\/\/img.bagnoitalia.com\/wp-content\/uploads\/logo-bagnoitalia.webp\",\"contentUrl\":\"https:\/\/img.bagnoitalia.com\/wp-content\/uploads\/logo-bagnoitalia.webp\",\"width\":400,\"height\":70,\"caption\":\"Bagno Italia\"},\"image\":{\"@id\":\"https:\/\/www.bagnoitalia.com\/fr#\/schema\/logo\/image\/\"}}]}<\/script>\n<!-- \/ Yoast SEO plugin. -->","yoast_head_json":{"title":"Bain \u00e0 remous ext\u00e9rieur 180x180 cm 6-8 places 148 jets d'eau et d'air, WI-FI smart et chauffage MP65 - Bagno Italia","robots":{"index":"index","follow":"follow","max-snippet":"max-snippet:-1","max-image-preview":"max-image-preview:large","max-video-preview":"max-video-preview:-1"},"canonical":"https:\/\/www.bagnoitalia.com\/fr\/produit\/outdoor-whirlpool-180x180-cm-6-8-seats-148-water-and-air-jets-wi-fi-smart-and-heater-mp65.html","og_locale":"fr_FR","og_type":"article","og_title":"Bain \u00e0 remous ext\u00e9rieur 180x180 cm 6-8 places 148 jets d'eau et d'air, WI-FI smart et chauffage MP65 - Bagno Italia","og_description":"Baignoire ext\u00e9rieure carr\u00e9e, version \u00ab king \u00bb pour 6-8 personnes. Avec hydromassage et pompe airpool pour un total de 148 jets d'hydromassage, 4 bandes LED multicolores sur le pourtour, th\u00e9rapie \u00e0 l'ozone, chauffage, \u00e9cran oled complet et connexion wi-fi.","og_url":"https:\/\/www.bagnoitalia.com\/fr\/produit\/outdoor-whirlpool-180x180-cm-6-8-seats-148-water-and-air-jets-wi-fi-smart-and-heater-mp65.html","og_site_name":"Bagno Italia","article_modified_time":"2024-12-11T11:17:02+00:00","og_image":[{"width":686,"height":686,"url":"https:\/\/img.bagnoitalia.com\/wp-content\/uploads\/1-77.webp","type":"image\/webp"}],"twitter_card":"summary_large_image","twitter_misc":{"Dur\u00e9e de lecture estim\u00e9e":"1 minute"},"schema":{"@context":"https:\/\/schema.org","@graph":[{"@type":"WebPage","@id":"https:\/\/www.bagnoitalia.com\/fr\/produit\/outdoor-whirlpool-180x180-cm-6-8-seats-148-water-and-air-jets-wi-fi-smart-and-heater-mp65.html","url":"https:\/\/www.bagnoitalia.com\/fr\/produit\/outdoor-whirlpool-180x180-cm-6-8-seats-148-water-and-air-jets-wi-fi-smart-and-heater-mp65.html","name":"Bain \u00e0 remous ext\u00e9rieur 180x180 cm 6-8 places 148 jets d'eau et d'air, WI-FI smart et chauffage MP65 - Bagno Italia","isPartOf":{"@id":"https:\/\/www.bagnoitalia.com\/fr#website"},"primaryImageOfPage":{"@id":"https:\/\/www.bagnoitalia.com\/fr\/produit\/outdoor-whirlpool-180x180-cm-6-8-seats-148-water-and-air-jets-wi-fi-smart-and-heater-mp65.html#primaryimage"},"image":{"@id":"https:\/\/www.bagnoitalia.com\/fr\/produit\/outdoor-whirlpool-180x180-cm-6-8-seats-148-water-and-air-jets-wi-fi-smart-and-heater-mp65.html#primaryimage"},"thumbnailUrl":"https:\/\/img.bagnoitalia.com\/wp-content\/uploads\/1-77.webp","datePublished":"2024-12-11T11:13:04+00:00","dateModified":"2024-12-11T11:17:02+00:00","breadcrumb":{"@id":"https:\/\/www.bagnoitalia.com\/fr\/produit\/outdoor-whirlpool-180x180-cm-6-8-seats-148-water-and-air-jets-wi-fi-smart-and-heater-mp65.html#breadcrumb"},"inLanguage":"fr-FR","potentialAction":[{"@type":"ReadAction","target":["https:\/\/www.bagnoitalia.com\/fr\/produit\/outdoor-whirlpool-180x180-cm-6-8-seats-148-water-and-air-jets-wi-fi-smart-and-heater-mp65.html"]}]},{"@type":"ImageObject","inLanguage":"fr-FR","@id":"https:\/\/www.bagnoitalia.com\/fr\/produit\/outdoor-whirlpool-180x180-cm-6-8-seats-148-water-and-air-jets-wi-fi-smart-and-heater-mp65.html#primaryimage","url":"https:\/\/img.bagnoitalia.com\/wp-content\/uploads\/1-77.webp","contentUrl":"https:\/\/img.bagnoitalia.com\/wp-content\/uploads\/1-77.webp","width":686,"height":686},{"@type":"BreadcrumbList","@id":"https:\/\/www.bagnoitalia.com\/fr\/produit\/outdoor-whirlpool-180x180-cm-6-8-seats-148-water-and-air-jets-wi-fi-smart-and-heater-mp65.html#breadcrumb","itemListElement":[{"@type":"ListItem","position":1,"name":"Home","item":"https:\/\/www.bagnoitalia.com\/fr"},{"@type":"ListItem","position":2,"name":"Produits","item":"https:\/\/www.bagnoitalia.com\/fr\/shop"},{"@type":"ListItem","position":3,"name":"Bain \u00e0 remous ext\u00e9rieur 180&#215;180 cm 6-8 places 148 jets d&#8217;eau et d&#8217;air, WI-FI smart et chauffage MP65"}]},{"@type":"WebSite","@id":"https:\/\/www.bagnoitalia.com\/fr#website","url":"https:\/\/www.bagnoitalia.com\/fr","name":"Bagno Italia","description":"","publisher":{"@id":"https:\/\/www.bagnoitalia.com\/fr#organization"},"potentialAction":[{"@type":"SearchAction","target":{"@type":"EntryPoint","urlTemplate":"https:\/\/www.bagnoitalia.com\/fr?s={search_term_string}"},"query-input":{"@type":"PropertyValueSpecification","valueRequired":true,"valueName":"search_term_string"}}],"inLanguage":"fr-FR"},{"@type":"Organization","@id":"https:\/\/www.bagnoitalia.com\/fr#organization","name":"Bagno Italia","url":"https:\/\/www.bagnoitalia.com\/fr","logo":{"@type":"ImageObject","inLanguage":"fr-FR","@id":"https:\/\/www.bagnoitalia.com\/fr#\/schema\/logo\/image\/","url":"https:\/\/img.bagnoitalia.com\/wp-content\/uploads\/logo-bagnoitalia.webp","contentUrl":"https:\/\/img.bagnoitalia.com\/wp-content\/uploads\/logo-bagnoitalia.webp","width":400,"height":70,"caption":"Bagno Italia"},"image":{"@id":"https:\/\/www.bagnoitalia.com\/fr#\/schema\/logo\/image\/"}}]}},"_links":{"self":[{"href":"https:\/\/www.bagnoitalia.com\/fr\/wp-json\/wp\/v2\/product\/99089","targetHints":{"allow":["GET"]}}],"collection":[{"href":"https:\/\/www.bagnoitalia.com\/fr\/wp-json\/wp\/v2\/product"}],"about":[{"href":"https:\/\/www.bagnoitalia.com\/fr\/wp-json\/wp\/v2\/types\/product"}],"replies":[{"embeddable":true,"href":"https:\/\/www.bagnoitalia.com\/fr\/wp-json\/wp\/v2\/comments?post=99089"}],"version-history":[{"count":1,"href":"https:\/\/www.bagnoitalia.com\/fr\/wp-json\/wp\/v2\/product\/99089\/revisions"}],"predecessor-version":[{"id":99094,"href":"https:\/\/www.bagnoitalia.com\/fr\/wp-json\/wp\/v2\/product\/99089\/revisions\/99094"}],"wp:featuredmedia":[{"embeddable":true,"href":"https:\/\/www.bagnoitalia.com\/fr\/wp-json\/wp\/v2\/media\/99041"}],"wp:attachment":[{"href":"https:\/\/www.bagnoitalia.com\/fr\/wp-json\/wp\/v2\/media?parent=99089"}],"wp:term":[{"taxonomy":"product_brand","embeddable":true,"href":"https:\/\/www.bagnoitalia.com\/fr\/wp-json\/wp\/v2\/product_brand?post=99089"},{"taxonomy":"product_cat","embeddable":true,"href":"https:\/\/www.bagnoitalia.com\/fr\/wp-json\/wp\/v2\/product_cat?post=99089"},{"taxonomy":"product_tag","embeddable":true,"href":"https:\/\/www.bagnoitalia.com\/fr\/wp-json\/wp\/v2\/product_tag?post=99089"}],"curies":[{"name":"wp","href":"https:\/\/api.w.org\/{rel}","templated":true}]}}