{"id":99029,"date":"2024-12-10T16:30:40","date_gmt":"2024-12-10T15:30:40","guid":{"rendered":"https:\/\/www.bagnoitalia.com\/nigel5-wall-mounted-vanity-unit-with-integral-washbasin-60-or-80-cm-3-coloured-ribbed-effect-mirror-included.html"},"modified":"2024-12-10T16:36:10","modified_gmt":"2024-12-10T15:36:10","slug":"nigel5-wall-mounted-vanity-unit-with-integral-washbasin-60-or-80-cm-3-coloured-ribbed-effect-mirror-included","status":"publish","type":"product","link":"https:\/\/www.bagnoitalia.com\/fr\/produit\/nigel5-wall-mounted-vanity-unit-with-integral-washbasin-60-or-80-cm-3-coloured-ribbed-effect-mirror-included.html","title":{"rendered":"Nigel5 meuble sous-vasque avec lavabo int\u00e9gr\u00e9 60 ou 80 cm miroir effet stri\u00e9 3 couleurs inclus"},"content":{"rendered":"<p>NIGEL5&prime; MEUBLE DE SALLE DE BAIN en 2 tailles<\/p>\n<p>&nbsp;<\/p>\n<p>&nbsp;<\/p>\n<p>&nbsp;<\/p>\n<p>&nbsp;<\/p>\n<p>DIMENSIONS DU PRODUIT<\/p>\n<p>Longueurs disponibles (s\u00e9lectionner la taille dans le menu d\u00e9roulant)<\/p>\n<p>60 cm avec miroir 60&#215;75 cm<br \/>\n80 cm avec miroir 80&#215;70 cm<\/p>\n<p>Profondeur : 44 cm<\/p>\n<p>Hauteur : 50 cm<\/p>\n<p>&nbsp;<\/p>\n<p>CARACT\u00c9RISTIQUES DU PRODUIT<\/p>\n<p>Armoire de toilette murale en bois m\u00e9lamin\u00e9<\/p>\n<p>Disponible en trois couleurs : blanc mat, ch\u00eane clair, vert ciment<\/p>\n<p>Meuble bas avec deux portes \u00e0 effet nervur\u00e9<\/p>\n<p>Ouverture \u00e0 rainure<\/p>\n<p>Fermeture Soft-close<\/p>\n<p>Lavabo en c\u00e9ramique blanc brillant<\/p>\n<p>Miroir filolucido r\u00e9versible (l&rsquo;applique led n&rsquo;est pas comprise dans le prix, elle peut \u00eatre ajout\u00e9e via le menu d\u00e9roulant)<\/p>\n<p>Avec trou de trop-plein<\/p>\n<p>Avec trou pour mitigeur<\/p>\n<p>&nbsp;<\/p>\n<p>ATTENTION : le mitigeur n&rsquo;est pas inclus dans le prix.<\/p>\n<p>&nbsp;<\/p>\n<p>&nbsp;<\/p>\n<p>&nbsp;<\/p>\n<p>&nbsp;<\/p>\n<p>&nbsp;<\/p>\n<p>&nbsp;<\/p>\n<p>&nbsp;<\/p>\n<p>&nbsp;<\/p>\n<p>&nbsp;<\/p>\n<p>&nbsp;<\/p>\n<p>&nbsp;<\/p>\n<p>&nbsp;<\/p>\n<p>&nbsp;<\/p>\n<p>&nbsp;<\/p>\n<p>&nbsp;<\/p>\n<p>&nbsp;<\/p>\n<p>&nbsp;<\/p>\n<p>&nbsp;<\/p>\n<p>&nbsp;<\/p>\n<p>&nbsp;<\/p>\n<p>&nbsp;<\/p>\n<p>&nbsp;<\/p>\n<p>&nbsp;<\/p>\n<p>&nbsp;<\/p>\n<p>&nbsp;<\/p>\n<p>&nbsp;<\/p>\n<p>&nbsp;<\/p>\n<p>&nbsp;<\/p>\n<p>&nbsp;<\/p>\n<p>&nbsp;<\/p>\n<p>&nbsp;<\/p>\n<p>Nerk<\/p>\n<p>&nbsp;<\/p>\n<p>&nbsp;<\/p>\n","protected":false},"excerpt":{"rendered":"<p>Meuble moderne suspendu, en 2 tailles et avec 2 portes. Disponible en blanc mat, ch\u00eane d\u00e9cid\u00e9 ou vert ciment, avec effet nervur\u00e9. Le lavabo en c\u00e9ramique et le miroir filolucido sont inclus dans le prix.<\/p>\n","protected":false},"featured_media":98981,"comment_status":"open","ping_status":"closed","template":"","meta":[],"product_brand":[9882],"product_cat":[10115],"product_tag":[],"class_list":{"0":"post-99029","1":"product","2":"type-product","3":"status-publish","4":"has-post-thumbnail","6":"product_brand-deghi-fr","7":"product_cat-senza-categoria-fr","9":"first","10":"outofstock","11":"taxable","12":"shipping-taxable","13":"purchasable","14":"product-type-simple"},"exclude_global_add_ons":false,"addons":[{"name":"Type","type":"multiple_choice","position":0,"required":false,"title_format":"label","default":"","description_enable":false,"description":"","placeholder_enable":false,"placeholder":"","display":"select","restrictions_type":"any_text","adjust_price":false,"price":"","price_type":"flat_fee","restrictions":false,"min":"0","max":"0","options":[{"label":"60 cm blanc mat","price":"","price_type":"flat_fee","image":0,"visibility":true},{"label":"60 cm ch\u00eane d\u00e9cid\u00e9","price":"","price_type":"flat_fee","image":0,"visibility":true},{"label":"60 cm vert b\u00e9ton","price":"","price_type":"flat_fee","image":0,"visibility":true},{"label":"80 cm blanc mat","price":"60","price_type":"flat_fee","image":0,"visibility":true},{"label":"Non disponible - 80 cm ch\u00eane d\u00e9cid\u00e9","price":"60","price_type":"flat_fee","image":0,"visibility":true},{"label":"80 cm vert b\u00e9ton","price":"60","price_type":"flat_fee","image":0,"visibility":true}],"id":1733848241},{"name":"applique","type":"multiple_choice","position":1,"required":false,"title_format":"label","default":"","description_enable":false,"description":"","placeholder_enable":false,"placeholder":"","display":"select","restrictions_type":"any_text","adjust_price":false,"price":"","price_type":"flat_fee","restrictions":false,"min":"0","max":"0","options":[{"label":"Non","price":"","price_type":"flat_fee","image":0,"visibility":true},{"label":"Spot \u00e0 leds chrom\u00e9","price":"20","price_type":"flat_fee","image":0,"visibility":true},{"label":"Spot \u00e0 leds noir mat","price":"25","price_type":"flat_fee","image":0,"visibility":true}],"id":1733848242}],"yoast_head":"<!-- This site is optimized with the Yoast SEO plugin v26.7 - https:\/\/yoast.com\/wordpress\/plugins\/seo\/ -->\n<title>Nigel5 meuble sous-vasque avec lavabo int\u00e9gr\u00e9 60 ou 80 cm miroir effet stri\u00e9 3 couleurs inclus - Bagno Italia<\/title>\n<meta name=\"robots\" content=\"index, follow, max-snippet:-1, max-image-preview:large, max-video-preview:-1\" \/>\n<link rel=\"canonical\" href=\"https:\/\/www.bagnoitalia.com\/fr\/produit\/nigel5-wall-mounted-vanity-unit-with-integral-washbasin-60-or-80-cm-3-coloured-ribbed-effect-mirror-included.html\" \/>\n<meta property=\"og:locale\" content=\"fr_FR\" \/>\n<meta property=\"og:type\" content=\"article\" \/>\n<meta property=\"og:title\" content=\"Nigel5 meuble sous-vasque avec lavabo int\u00e9gr\u00e9 60 ou 80 cm miroir effet stri\u00e9 3 couleurs inclus - Bagno Italia\" \/>\n<meta property=\"og:description\" content=\"Meuble moderne suspendu, en 2 tailles et avec 2 portes. Disponible en blanc mat, ch\u00eane d\u00e9cid\u00e9 ou vert ciment, avec effet nervur\u00e9. Le lavabo en c\u00e9ramique et le miroir filolucido sont inclus dans le prix.\" \/>\n<meta property=\"og:url\" content=\"https:\/\/www.bagnoitalia.com\/fr\/produit\/nigel5-wall-mounted-vanity-unit-with-integral-washbasin-60-or-80-cm-3-coloured-ribbed-effect-mirror-included.html\" \/>\n<meta property=\"og:site_name\" content=\"Bagno Italia\" \/>\n<meta property=\"article:modified_time\" content=\"2024-12-10T15:36:10+00:00\" \/>\n<meta property=\"og:image\" content=\"https:\/\/img.bagnoitalia.com\/wp-content\/uploads\/1-76.webp\" \/>\n\t<meta property=\"og:image:width\" content=\"1000\" \/>\n\t<meta property=\"og:image:height\" content=\"1000\" \/>\n\t<meta property=\"og:image:type\" content=\"image\/webp\" \/>\n<meta name=\"twitter:card\" content=\"summary_large_image\" \/>\n<meta name=\"twitter:label1\" content=\"Dur\u00e9e de lecture estim\u00e9e\" \/>\n\t<meta name=\"twitter:data1\" content=\"1 minute\" \/>\n<script type=\"application\/ld+json\" class=\"yoast-schema-graph\">{\"@context\":\"https:\/\/schema.org\",\"@graph\":[{\"@type\":\"WebPage\",\"@id\":\"https:\/\/www.bagnoitalia.com\/fr\/produit\/nigel5-wall-mounted-vanity-unit-with-integral-washbasin-60-or-80-cm-3-coloured-ribbed-effect-mirror-included.html\",\"url\":\"https:\/\/www.bagnoitalia.com\/fr\/produit\/nigel5-wall-mounted-vanity-unit-with-integral-washbasin-60-or-80-cm-3-coloured-ribbed-effect-mirror-included.html\",\"name\":\"Nigel5 meuble sous-vasque avec lavabo int\u00e9gr\u00e9 60 ou 80 cm miroir effet stri\u00e9 3 couleurs inclus - Bagno Italia\",\"isPartOf\":{\"@id\":\"https:\/\/www.bagnoitalia.com\/fr#website\"},\"primaryImageOfPage\":{\"@id\":\"https:\/\/www.bagnoitalia.com\/fr\/produit\/nigel5-wall-mounted-vanity-unit-with-integral-washbasin-60-or-80-cm-3-coloured-ribbed-effect-mirror-included.html#primaryimage\"},\"image\":{\"@id\":\"https:\/\/www.bagnoitalia.com\/fr\/produit\/nigel5-wall-mounted-vanity-unit-with-integral-washbasin-60-or-80-cm-3-coloured-ribbed-effect-mirror-included.html#primaryimage\"},\"thumbnailUrl\":\"https:\/\/img.bagnoitalia.com\/wp-content\/uploads\/1-76.webp\",\"datePublished\":\"2024-12-10T15:30:40+00:00\",\"dateModified\":\"2024-12-10T15:36:10+00:00\",\"breadcrumb\":{\"@id\":\"https:\/\/www.bagnoitalia.com\/fr\/produit\/nigel5-wall-mounted-vanity-unit-with-integral-washbasin-60-or-80-cm-3-coloured-ribbed-effect-mirror-included.html#breadcrumb\"},\"inLanguage\":\"fr-FR\",\"potentialAction\":[{\"@type\":\"ReadAction\",\"target\":[\"https:\/\/www.bagnoitalia.com\/fr\/produit\/nigel5-wall-mounted-vanity-unit-with-integral-washbasin-60-or-80-cm-3-coloured-ribbed-effect-mirror-included.html\"]}]},{\"@type\":\"ImageObject\",\"inLanguage\":\"fr-FR\",\"@id\":\"https:\/\/www.bagnoitalia.com\/fr\/produit\/nigel5-wall-mounted-vanity-unit-with-integral-washbasin-60-or-80-cm-3-coloured-ribbed-effect-mirror-included.html#primaryimage\",\"url\":\"https:\/\/img.bagnoitalia.com\/wp-content\/uploads\/1-76.webp\",\"contentUrl\":\"https:\/\/img.bagnoitalia.com\/wp-content\/uploads\/1-76.webp\",\"width\":1000,\"height\":1000},{\"@type\":\"BreadcrumbList\",\"@id\":\"https:\/\/www.bagnoitalia.com\/fr\/produit\/nigel5-wall-mounted-vanity-unit-with-integral-washbasin-60-or-80-cm-3-coloured-ribbed-effect-mirror-included.html#breadcrumb\",\"itemListElement\":[{\"@type\":\"ListItem\",\"position\":1,\"name\":\"Home\",\"item\":\"https:\/\/www.bagnoitalia.com\/fr\"},{\"@type\":\"ListItem\",\"position\":2,\"name\":\"Produits\",\"item\":\"https:\/\/www.bagnoitalia.com\/fr\/shop\"},{\"@type\":\"ListItem\",\"position\":3,\"name\":\"Nigel5 meuble sous-vasque avec lavabo int\u00e9gr\u00e9 60 ou 80 cm miroir effet stri\u00e9 3 couleurs inclus\"}]},{\"@type\":\"WebSite\",\"@id\":\"https:\/\/www.bagnoitalia.com\/fr#website\",\"url\":\"https:\/\/www.bagnoitalia.com\/fr\",\"name\":\"Bagno Italia\",\"description\":\"\",\"publisher\":{\"@id\":\"https:\/\/www.bagnoitalia.com\/fr#organization\"},\"potentialAction\":[{\"@type\":\"SearchAction\",\"target\":{\"@type\":\"EntryPoint\",\"urlTemplate\":\"https:\/\/www.bagnoitalia.com\/fr?s={search_term_string}\"},\"query-input\":{\"@type\":\"PropertyValueSpecification\",\"valueRequired\":true,\"valueName\":\"search_term_string\"}}],\"inLanguage\":\"fr-FR\"},{\"@type\":\"Organization\",\"@id\":\"https:\/\/www.bagnoitalia.com\/fr#organization\",\"name\":\"Bagno Italia\",\"url\":\"https:\/\/www.bagnoitalia.com\/fr\",\"logo\":{\"@type\":\"ImageObject\",\"inLanguage\":\"fr-FR\",\"@id\":\"https:\/\/www.bagnoitalia.com\/fr#\/schema\/logo\/image\/\",\"url\":\"https:\/\/img.bagnoitalia.com\/wp-content\/uploads\/logo-bagnoitalia.webp\",\"contentUrl\":\"https:\/\/img.bagnoitalia.com\/wp-content\/uploads\/logo-bagnoitalia.webp\",\"width\":400,\"height\":70,\"caption\":\"Bagno Italia\"},\"image\":{\"@id\":\"https:\/\/www.bagnoitalia.com\/fr#\/schema\/logo\/image\/\"}}]}<\/script>\n<!-- \/ Yoast SEO plugin. -->","yoast_head_json":{"title":"Nigel5 meuble sous-vasque avec lavabo int\u00e9gr\u00e9 60 ou 80 cm miroir effet stri\u00e9 3 couleurs inclus - Bagno Italia","robots":{"index":"index","follow":"follow","max-snippet":"max-snippet:-1","max-image-preview":"max-image-preview:large","max-video-preview":"max-video-preview:-1"},"canonical":"https:\/\/www.bagnoitalia.com\/fr\/produit\/nigel5-wall-mounted-vanity-unit-with-integral-washbasin-60-or-80-cm-3-coloured-ribbed-effect-mirror-included.html","og_locale":"fr_FR","og_type":"article","og_title":"Nigel5 meuble sous-vasque avec lavabo int\u00e9gr\u00e9 60 ou 80 cm miroir effet stri\u00e9 3 couleurs inclus - Bagno Italia","og_description":"Meuble moderne suspendu, en 2 tailles et avec 2 portes. Disponible en blanc mat, ch\u00eane d\u00e9cid\u00e9 ou vert ciment, avec effet nervur\u00e9. Le lavabo en c\u00e9ramique et le miroir filolucido sont inclus dans le prix.","og_url":"https:\/\/www.bagnoitalia.com\/fr\/produit\/nigel5-wall-mounted-vanity-unit-with-integral-washbasin-60-or-80-cm-3-coloured-ribbed-effect-mirror-included.html","og_site_name":"Bagno Italia","article_modified_time":"2024-12-10T15:36:10+00:00","og_image":[{"width":1000,"height":1000,"url":"https:\/\/img.bagnoitalia.com\/wp-content\/uploads\/1-76.webp","type":"image\/webp"}],"twitter_card":"summary_large_image","twitter_misc":{"Dur\u00e9e de lecture estim\u00e9e":"1 minute"},"schema":{"@context":"https:\/\/schema.org","@graph":[{"@type":"WebPage","@id":"https:\/\/www.bagnoitalia.com\/fr\/produit\/nigel5-wall-mounted-vanity-unit-with-integral-washbasin-60-or-80-cm-3-coloured-ribbed-effect-mirror-included.html","url":"https:\/\/www.bagnoitalia.com\/fr\/produit\/nigel5-wall-mounted-vanity-unit-with-integral-washbasin-60-or-80-cm-3-coloured-ribbed-effect-mirror-included.html","name":"Nigel5 meuble sous-vasque avec lavabo int\u00e9gr\u00e9 60 ou 80 cm miroir effet stri\u00e9 3 couleurs inclus - Bagno Italia","isPartOf":{"@id":"https:\/\/www.bagnoitalia.com\/fr#website"},"primaryImageOfPage":{"@id":"https:\/\/www.bagnoitalia.com\/fr\/produit\/nigel5-wall-mounted-vanity-unit-with-integral-washbasin-60-or-80-cm-3-coloured-ribbed-effect-mirror-included.html#primaryimage"},"image":{"@id":"https:\/\/www.bagnoitalia.com\/fr\/produit\/nigel5-wall-mounted-vanity-unit-with-integral-washbasin-60-or-80-cm-3-coloured-ribbed-effect-mirror-included.html#primaryimage"},"thumbnailUrl":"https:\/\/img.bagnoitalia.com\/wp-content\/uploads\/1-76.webp","datePublished":"2024-12-10T15:30:40+00:00","dateModified":"2024-12-10T15:36:10+00:00","breadcrumb":{"@id":"https:\/\/www.bagnoitalia.com\/fr\/produit\/nigel5-wall-mounted-vanity-unit-with-integral-washbasin-60-or-80-cm-3-coloured-ribbed-effect-mirror-included.html#breadcrumb"},"inLanguage":"fr-FR","potentialAction":[{"@type":"ReadAction","target":["https:\/\/www.bagnoitalia.com\/fr\/produit\/nigel5-wall-mounted-vanity-unit-with-integral-washbasin-60-or-80-cm-3-coloured-ribbed-effect-mirror-included.html"]}]},{"@type":"ImageObject","inLanguage":"fr-FR","@id":"https:\/\/www.bagnoitalia.com\/fr\/produit\/nigel5-wall-mounted-vanity-unit-with-integral-washbasin-60-or-80-cm-3-coloured-ribbed-effect-mirror-included.html#primaryimage","url":"https:\/\/img.bagnoitalia.com\/wp-content\/uploads\/1-76.webp","contentUrl":"https:\/\/img.bagnoitalia.com\/wp-content\/uploads\/1-76.webp","width":1000,"height":1000},{"@type":"BreadcrumbList","@id":"https:\/\/www.bagnoitalia.com\/fr\/produit\/nigel5-wall-mounted-vanity-unit-with-integral-washbasin-60-or-80-cm-3-coloured-ribbed-effect-mirror-included.html#breadcrumb","itemListElement":[{"@type":"ListItem","position":1,"name":"Home","item":"https:\/\/www.bagnoitalia.com\/fr"},{"@type":"ListItem","position":2,"name":"Produits","item":"https:\/\/www.bagnoitalia.com\/fr\/shop"},{"@type":"ListItem","position":3,"name":"Nigel5 meuble sous-vasque avec lavabo int\u00e9gr\u00e9 60 ou 80 cm miroir effet stri\u00e9 3 couleurs inclus"}]},{"@type":"WebSite","@id":"https:\/\/www.bagnoitalia.com\/fr#website","url":"https:\/\/www.bagnoitalia.com\/fr","name":"Bagno Italia","description":"","publisher":{"@id":"https:\/\/www.bagnoitalia.com\/fr#organization"},"potentialAction":[{"@type":"SearchAction","target":{"@type":"EntryPoint","urlTemplate":"https:\/\/www.bagnoitalia.com\/fr?s={search_term_string}"},"query-input":{"@type":"PropertyValueSpecification","valueRequired":true,"valueName":"search_term_string"}}],"inLanguage":"fr-FR"},{"@type":"Organization","@id":"https:\/\/www.bagnoitalia.com\/fr#organization","name":"Bagno Italia","url":"https:\/\/www.bagnoitalia.com\/fr","logo":{"@type":"ImageObject","inLanguage":"fr-FR","@id":"https:\/\/www.bagnoitalia.com\/fr#\/schema\/logo\/image\/","url":"https:\/\/img.bagnoitalia.com\/wp-content\/uploads\/logo-bagnoitalia.webp","contentUrl":"https:\/\/img.bagnoitalia.com\/wp-content\/uploads\/logo-bagnoitalia.webp","width":400,"height":70,"caption":"Bagno Italia"},"image":{"@id":"https:\/\/www.bagnoitalia.com\/fr#\/schema\/logo\/image\/"}}]}},"_links":{"self":[{"href":"https:\/\/www.bagnoitalia.com\/fr\/wp-json\/wp\/v2\/product\/99029","targetHints":{"allow":["GET"]}}],"collection":[{"href":"https:\/\/www.bagnoitalia.com\/fr\/wp-json\/wp\/v2\/product"}],"about":[{"href":"https:\/\/www.bagnoitalia.com\/fr\/wp-json\/wp\/v2\/types\/product"}],"replies":[{"embeddable":true,"href":"https:\/\/www.bagnoitalia.com\/fr\/wp-json\/wp\/v2\/comments?post=99029"}],"version-history":[{"count":2,"href":"https:\/\/www.bagnoitalia.com\/fr\/wp-json\/wp\/v2\/product\/99029\/revisions"}],"predecessor-version":[{"id":99037,"href":"https:\/\/www.bagnoitalia.com\/fr\/wp-json\/wp\/v2\/product\/99029\/revisions\/99037"}],"wp:featuredmedia":[{"embeddable":true,"href":"https:\/\/www.bagnoitalia.com\/fr\/wp-json\/wp\/v2\/media\/98981"}],"wp:attachment":[{"href":"https:\/\/www.bagnoitalia.com\/fr\/wp-json\/wp\/v2\/media?parent=99029"}],"wp:term":[{"taxonomy":"product_brand","embeddable":true,"href":"https:\/\/www.bagnoitalia.com\/fr\/wp-json\/wp\/v2\/product_brand?post=99029"},{"taxonomy":"product_cat","embeddable":true,"href":"https:\/\/www.bagnoitalia.com\/fr\/wp-json\/wp\/v2\/product_cat?post=99029"},{"taxonomy":"product_tag","embeddable":true,"href":"https:\/\/www.bagnoitalia.com\/fr\/wp-json\/wp\/v2\/product_tag?post=99029"}],"curies":[{"name":"wp","href":"https:\/\/api.w.org\/{rel}","templated":true}]}}