{"id":97772,"date":"2024-11-29T16:05:28","date_gmt":"2024-11-29T15:05:28","guid":{"rendered":"https:\/\/www.bagnoitalia.com\/axel4-60-80-90-100-or-120-cm-wall-mounted-bathroom-furniture-in-2-colours-with-washbasin-and-mirror.html"},"modified":"2025-09-17T15:40:35","modified_gmt":"2025-09-17T13:40:35","slug":"axel4-60-80-90-100-or-120-cm-wall-mounted-bathroom-furniture-in-2-colours-with-washbasin-and-mirror","status":"publish","type":"product","link":"https:\/\/www.bagnoitalia.com\/fr\/produit\/axel4-60-80-90-100-or-120-cm-wall-mounted-bathroom-furniture-in-2-colours-with-washbasin-and-mirror.html","title":{"rendered":"Axel4 60, 80, 90, 100 ou 120 cm meuble de salle de bain mural en 2 couleurs avec lavabo et miroir"},"content":{"rendered":"<p>Armoire de toilette murale AXEL4&prime; avec lavabo<\/p>\n<p>&nbsp;<\/p>\n<p>&nbsp;<\/p>\n<p>&nbsp;<\/p>\n<p>&nbsp;<\/p>\n<p>CARACT\u00c9RISTIQUES<\/p>\n<p>&nbsp;<\/p>\n<p>&nbsp;<\/p>\n<p>&nbsp;<\/p>\n<p>Armoire de toilette de style industriel, avec compartiment ouvert, en m\u00e9tal<\/p>\n<p>Installation suspendue<\/p>\n<p>Compl\u00e8te avec lavabo en r\u00e9sine, blanc mat<\/p>\n<p>Disponible en deux couleurs : totalement noir mat ou avec \u00e9tag\u00e8re en ch\u00eane et cadre noir mat<\/p>\n<p>Longueurs disponibles<\/p>\n<p>60 cm (avec miroir 60&#215;75 cm)<br \/>\n80 cm (avec miroir 70&#215;80 cm)<br \/>\n90 cm (avec miroir 70&#215;90 cm)<br \/>\n100 cm (avec miroir 70&#215;90 cm)<br \/>\n120 cm (avec miroir 70&#215;110 cm)<\/p>\n<p>Profondeur 46 cm<\/p>\n<p>Hauteur totale 35 cm<\/p>\n<p>Miroir filolucido r\u00e9versible inclus (l&rsquo;applique led n&rsquo;est pas incluse dans le prix, elle peut \u00eatre ajout\u00e9e en utilisant le menu d\u00e9roulant ci-dessus)<\/p>\n<p>NB : le lavabo n&rsquo;a pas de trou pour le mitigeur, mais il est pr\u00eat \u00e0 \u00eatre perc\u00e9.<\/p>\n<p>&nbsp;<\/p>\n<p>ATTENTION : le siphon et les robinets ne sont pas inclus dans le prix.<\/p>\n<p>&nbsp;<\/p>\n<p>&nbsp;<\/p>\n<p>&nbsp;<\/p>\n<p>&nbsp;<\/p>\n<p>&nbsp;<\/p>\n<p>&nbsp;<\/p>\n<p>&nbsp;<\/p>\n<p>&nbsp;<\/p>\n<p>&nbsp;<\/p>\n<p>&nbsp;<\/p>\n<p>&nbsp;<\/p>\n<p>&nbsp;<\/p>\n<p>&nbsp;<\/p>\n<p>&nbsp;<\/p>\n<p>&nbsp;<\/p>\n<p>&nbsp;<\/p>\n<p>&nbsp;<\/p>\n<p>&nbsp;<\/p>\n<p>&nbsp;<\/p>\n<p>&nbsp;<\/p>\n<p>&nbsp;<\/p>\n<p>&nbsp;<\/p>\n<p>&nbsp;<\/p>\n<p>&nbsp;<\/p>\n<p>&nbsp;<\/p>\n<p>&nbsp;<\/p>\n<p>&nbsp;<\/p>\n<p>&nbsp;<\/p>\n<p>&nbsp;<\/p>\n<p>&nbsp;<\/p>\n<p>&nbsp;<\/p>\n<p>&nbsp;<\/p>\n<p>&nbsp;<\/p>\n<p>&nbsp;<\/p>\n<p>&nbsp;<\/p>\n<p>&nbsp;<\/p>\n","protected":false},"excerpt":{"rendered":"<p>Meuble de salle de bains moderne, suspendu au mur, disponible en 5 tailles, avec un compartiment ouvert. R\u00e9alis\u00e9 en m\u00e9tal, il est disponible enti\u00e8rement en noir mat ou avec une \u00e9tag\u00e8re couleur ch\u00eane et un cadre noir mat. L&rsquo;offre comprend un miroir r\u00e9versible en filolucido et un lavabo \u00e0 poser en r\u00e9sine blanche mate.<\/p>\n","protected":false},"featured_media":97700,"comment_status":"open","ping_status":"closed","template":"","meta":[],"product_brand":[9882],"product_cat":[9715,9719,9723],"product_tag":[],"class_list":{"0":"post-97772","1":"product","2":"type-product","3":"status-publish","4":"has-post-thumbnail","6":"product_brand-deghi-fr","7":"product_cat-meubles-de-salle-de-bain-de-40-a-70-cm","8":"product_cat-meubles-de-salle-de-bain-de-71-a-100-cm","9":"product_cat-meubles-de-salle-de-bain-de-101-a-220-cm","11":"first","12":"instock","13":"sale","14":"taxable","15":"shipping-taxable","16":"purchasable","17":"product-type-simple"},"exclude_global_add_ons":false,"addons":[{"name":"Type","type":"multiple_choice","position":0,"required":false,"title_format":"label","default":"","description_enable":false,"description":"","placeholder_enable":false,"placeholder":"","display":"select","restrictions_type":"any_text","adjust_price":false,"price":"","price_type":"flat_fee","restrictions":false,"min":"0","max":"0","options":[{"label":"60 cm noir","price":"","price_type":"flat_fee","image":0,"visibility":true},{"label":"60 cm ch\u00eane et noir","price":"","price_type":"flat_fee","image":0,"visibility":true},{"label":"(Pas disponible) 80 cm noir","price":"50","price_type":"flat_fee","image":0,"visibility":true},{"label":"(Pas disponible) 80 cm ch\u00eane et noir","price":"50","price_type":"flat_fee","image":0,"visibility":true},{"label":"90 cm noir","price":"100","price_type":"flat_fee","image":0,"visibility":true},{"label":"90 cm ch\u00eane et noir","price":"100","price_type":"flat_fee","image":0,"visibility":true},{"label":"(Pas disponible) 100 cm noir","price":"140","price_type":"flat_fee","image":0,"visibility":true},{"label":"100 cm ch\u00eane et noir","price":"140","price_type":"flat_fee","image":0,"visibility":true},{"label":"(Pas disponible) 120 cm noir","price":"230","price_type":"flat_fee","image":0,"visibility":true},{"label":"120 cm ch\u00eane et noir","price":"230","price_type":"flat_fee","image":0,"visibility":true}],"id":1732896329},{"name":"applique","type":"multiple_choice","position":1,"required":false,"title_format":"label","default":"","description_enable":false,"description":"","placeholder_enable":false,"placeholder":"","display":"select","restrictions_type":"any_text","adjust_price":false,"price":"","price_type":"flat_fee","restrictions":false,"min":"0","max":"0","options":[{"label":"Non","price":"","price_type":"flat_fee","image":0,"visibility":true},{"label":"Spot \u00e0 leds chrom\u00e9","price":"20","price_type":"flat_fee","image":0,"visibility":true},{"label":"Spot \u00e0 leds noir mat","price":"25","price_type":"flat_fee","image":0,"visibility":true}],"id":1732896330}],"yoast_head":"<!-- This site is optimized with the Yoast SEO plugin v26.7 - https:\/\/yoast.com\/wordpress\/plugins\/seo\/ -->\n<title>Axel4 60, 80, 90, 100 ou 120 cm meuble de salle de bain mural en 2 couleurs avec lavabo et miroir - Bagno Italia<\/title>\n<meta name=\"robots\" content=\"index, follow, max-snippet:-1, max-image-preview:large, max-video-preview:-1\" \/>\n<link rel=\"canonical\" href=\"https:\/\/www.bagnoitalia.com\/fr\/produit\/axel4-60-80-90-100-or-120-cm-wall-mounted-bathroom-furniture-in-2-colours-with-washbasin-and-mirror.html\" \/>\n<meta property=\"og:locale\" content=\"fr_FR\" \/>\n<meta property=\"og:type\" content=\"article\" \/>\n<meta property=\"og:title\" content=\"Axel4 60, 80, 90, 100 ou 120 cm meuble de salle de bain mural en 2 couleurs avec lavabo et miroir - Bagno Italia\" \/>\n<meta property=\"og:description\" content=\"Meuble de salle de bains moderne, suspendu au mur, disponible en 5 tailles, avec un compartiment ouvert. R\u00e9alis\u00e9 en m\u00e9tal, il est disponible enti\u00e8rement en noir mat ou avec une \u00e9tag\u00e8re couleur ch\u00eane et un cadre noir mat. L&#039;offre comprend un miroir r\u00e9versible en filolucido et un lavabo \u00e0 poser en r\u00e9sine blanche mate.\" \/>\n<meta property=\"og:url\" content=\"https:\/\/www.bagnoitalia.com\/fr\/produit\/axel4-60-80-90-100-or-120-cm-wall-mounted-bathroom-furniture-in-2-colours-with-washbasin-and-mirror.html\" \/>\n<meta property=\"og:site_name\" content=\"Bagno Italia\" \/>\n<meta property=\"article:modified_time\" content=\"2025-09-17T13:40:35+00:00\" \/>\n<meta property=\"og:image\" content=\"https:\/\/img.bagnoitalia.com\/wp-content\/uploads\/1-55.webp\" \/>\n\t<meta property=\"og:image:width\" content=\"1000\" \/>\n\t<meta property=\"og:image:height\" content=\"1000\" \/>\n\t<meta property=\"og:image:type\" content=\"image\/webp\" \/>\n<meta name=\"twitter:card\" content=\"summary_large_image\" \/>\n<meta name=\"twitter:label1\" content=\"Dur\u00e9e de lecture estim\u00e9e\" \/>\n\t<meta name=\"twitter:data1\" content=\"1 minute\" \/>\n<script type=\"application\/ld+json\" class=\"yoast-schema-graph\">{\"@context\":\"https:\/\/schema.org\",\"@graph\":[{\"@type\":\"WebPage\",\"@id\":\"https:\/\/www.bagnoitalia.com\/fr\/produit\/axel4-60-80-90-100-or-120-cm-wall-mounted-bathroom-furniture-in-2-colours-with-washbasin-and-mirror.html\",\"url\":\"https:\/\/www.bagnoitalia.com\/fr\/produit\/axel4-60-80-90-100-or-120-cm-wall-mounted-bathroom-furniture-in-2-colours-with-washbasin-and-mirror.html\",\"name\":\"Axel4 60, 80, 90, 100 ou 120 cm meuble de salle de bain mural en 2 couleurs avec lavabo et miroir - Bagno Italia\",\"isPartOf\":{\"@id\":\"https:\/\/www.bagnoitalia.com\/fr#website\"},\"primaryImageOfPage\":{\"@id\":\"https:\/\/www.bagnoitalia.com\/fr\/produit\/axel4-60-80-90-100-or-120-cm-wall-mounted-bathroom-furniture-in-2-colours-with-washbasin-and-mirror.html#primaryimage\"},\"image\":{\"@id\":\"https:\/\/www.bagnoitalia.com\/fr\/produit\/axel4-60-80-90-100-or-120-cm-wall-mounted-bathroom-furniture-in-2-colours-with-washbasin-and-mirror.html#primaryimage\"},\"thumbnailUrl\":\"https:\/\/img.bagnoitalia.com\/wp-content\/uploads\/1-55.webp\",\"datePublished\":\"2024-11-29T15:05:28+00:00\",\"dateModified\":\"2025-09-17T13:40:35+00:00\",\"breadcrumb\":{\"@id\":\"https:\/\/www.bagnoitalia.com\/fr\/produit\/axel4-60-80-90-100-or-120-cm-wall-mounted-bathroom-furniture-in-2-colours-with-washbasin-and-mirror.html#breadcrumb\"},\"inLanguage\":\"fr-FR\",\"potentialAction\":[{\"@type\":\"ReadAction\",\"target\":[\"https:\/\/www.bagnoitalia.com\/fr\/produit\/axel4-60-80-90-100-or-120-cm-wall-mounted-bathroom-furniture-in-2-colours-with-washbasin-and-mirror.html\"]}]},{\"@type\":\"ImageObject\",\"inLanguage\":\"fr-FR\",\"@id\":\"https:\/\/www.bagnoitalia.com\/fr\/produit\/axel4-60-80-90-100-or-120-cm-wall-mounted-bathroom-furniture-in-2-colours-with-washbasin-and-mirror.html#primaryimage\",\"url\":\"https:\/\/img.bagnoitalia.com\/wp-content\/uploads\/1-55.webp\",\"contentUrl\":\"https:\/\/img.bagnoitalia.com\/wp-content\/uploads\/1-55.webp\",\"width\":1000,\"height\":1000},{\"@type\":\"BreadcrumbList\",\"@id\":\"https:\/\/www.bagnoitalia.com\/fr\/produit\/axel4-60-80-90-100-or-120-cm-wall-mounted-bathroom-furniture-in-2-colours-with-washbasin-and-mirror.html#breadcrumb\",\"itemListElement\":[{\"@type\":\"ListItem\",\"position\":1,\"name\":\"Home\",\"item\":\"https:\/\/www.bagnoitalia.com\/fr\"},{\"@type\":\"ListItem\",\"position\":2,\"name\":\"Produits\",\"item\":\"https:\/\/www.bagnoitalia.com\/fr\/shop\"},{\"@type\":\"ListItem\",\"position\":3,\"name\":\"Axel4 60, 80, 90, 100 ou 120 cm meuble de salle de bain mural en 2 couleurs avec lavabo et miroir\"}]},{\"@type\":\"WebSite\",\"@id\":\"https:\/\/www.bagnoitalia.com\/fr#website\",\"url\":\"https:\/\/www.bagnoitalia.com\/fr\",\"name\":\"Bagno Italia\",\"description\":\"\",\"publisher\":{\"@id\":\"https:\/\/www.bagnoitalia.com\/fr#organization\"},\"potentialAction\":[{\"@type\":\"SearchAction\",\"target\":{\"@type\":\"EntryPoint\",\"urlTemplate\":\"https:\/\/www.bagnoitalia.com\/fr?s={search_term_string}\"},\"query-input\":{\"@type\":\"PropertyValueSpecification\",\"valueRequired\":true,\"valueName\":\"search_term_string\"}}],\"inLanguage\":\"fr-FR\"},{\"@type\":\"Organization\",\"@id\":\"https:\/\/www.bagnoitalia.com\/fr#organization\",\"name\":\"Bagno Italia\",\"url\":\"https:\/\/www.bagnoitalia.com\/fr\",\"logo\":{\"@type\":\"ImageObject\",\"inLanguage\":\"fr-FR\",\"@id\":\"https:\/\/www.bagnoitalia.com\/fr#\/schema\/logo\/image\/\",\"url\":\"https:\/\/img.bagnoitalia.com\/wp-content\/uploads\/logo-bagnoitalia.webp\",\"contentUrl\":\"https:\/\/img.bagnoitalia.com\/wp-content\/uploads\/logo-bagnoitalia.webp\",\"width\":400,\"height\":70,\"caption\":\"Bagno Italia\"},\"image\":{\"@id\":\"https:\/\/www.bagnoitalia.com\/fr#\/schema\/logo\/image\/\"}}]}<\/script>\n<!-- \/ Yoast SEO plugin. -->","yoast_head_json":{"title":"Axel4 60, 80, 90, 100 ou 120 cm meuble de salle de bain mural en 2 couleurs avec lavabo et miroir - Bagno Italia","robots":{"index":"index","follow":"follow","max-snippet":"max-snippet:-1","max-image-preview":"max-image-preview:large","max-video-preview":"max-video-preview:-1"},"canonical":"https:\/\/www.bagnoitalia.com\/fr\/produit\/axel4-60-80-90-100-or-120-cm-wall-mounted-bathroom-furniture-in-2-colours-with-washbasin-and-mirror.html","og_locale":"fr_FR","og_type":"article","og_title":"Axel4 60, 80, 90, 100 ou 120 cm meuble de salle de bain mural en 2 couleurs avec lavabo et miroir - Bagno Italia","og_description":"Meuble de salle de bains moderne, suspendu au mur, disponible en 5 tailles, avec un compartiment ouvert. R\u00e9alis\u00e9 en m\u00e9tal, il est disponible enti\u00e8rement en noir mat ou avec une \u00e9tag\u00e8re couleur ch\u00eane et un cadre noir mat. L'offre comprend un miroir r\u00e9versible en filolucido et un lavabo \u00e0 poser en r\u00e9sine blanche mate.","og_url":"https:\/\/www.bagnoitalia.com\/fr\/produit\/axel4-60-80-90-100-or-120-cm-wall-mounted-bathroom-furniture-in-2-colours-with-washbasin-and-mirror.html","og_site_name":"Bagno Italia","article_modified_time":"2025-09-17T13:40:35+00:00","og_image":[{"width":1000,"height":1000,"url":"https:\/\/img.bagnoitalia.com\/wp-content\/uploads\/1-55.webp","type":"image\/webp"}],"twitter_card":"summary_large_image","twitter_misc":{"Dur\u00e9e de lecture estim\u00e9e":"1 minute"},"schema":{"@context":"https:\/\/schema.org","@graph":[{"@type":"WebPage","@id":"https:\/\/www.bagnoitalia.com\/fr\/produit\/axel4-60-80-90-100-or-120-cm-wall-mounted-bathroom-furniture-in-2-colours-with-washbasin-and-mirror.html","url":"https:\/\/www.bagnoitalia.com\/fr\/produit\/axel4-60-80-90-100-or-120-cm-wall-mounted-bathroom-furniture-in-2-colours-with-washbasin-and-mirror.html","name":"Axel4 60, 80, 90, 100 ou 120 cm meuble de salle de bain mural en 2 couleurs avec lavabo et miroir - Bagno Italia","isPartOf":{"@id":"https:\/\/www.bagnoitalia.com\/fr#website"},"primaryImageOfPage":{"@id":"https:\/\/www.bagnoitalia.com\/fr\/produit\/axel4-60-80-90-100-or-120-cm-wall-mounted-bathroom-furniture-in-2-colours-with-washbasin-and-mirror.html#primaryimage"},"image":{"@id":"https:\/\/www.bagnoitalia.com\/fr\/produit\/axel4-60-80-90-100-or-120-cm-wall-mounted-bathroom-furniture-in-2-colours-with-washbasin-and-mirror.html#primaryimage"},"thumbnailUrl":"https:\/\/img.bagnoitalia.com\/wp-content\/uploads\/1-55.webp","datePublished":"2024-11-29T15:05:28+00:00","dateModified":"2025-09-17T13:40:35+00:00","breadcrumb":{"@id":"https:\/\/www.bagnoitalia.com\/fr\/produit\/axel4-60-80-90-100-or-120-cm-wall-mounted-bathroom-furniture-in-2-colours-with-washbasin-and-mirror.html#breadcrumb"},"inLanguage":"fr-FR","potentialAction":[{"@type":"ReadAction","target":["https:\/\/www.bagnoitalia.com\/fr\/produit\/axel4-60-80-90-100-or-120-cm-wall-mounted-bathroom-furniture-in-2-colours-with-washbasin-and-mirror.html"]}]},{"@type":"ImageObject","inLanguage":"fr-FR","@id":"https:\/\/www.bagnoitalia.com\/fr\/produit\/axel4-60-80-90-100-or-120-cm-wall-mounted-bathroom-furniture-in-2-colours-with-washbasin-and-mirror.html#primaryimage","url":"https:\/\/img.bagnoitalia.com\/wp-content\/uploads\/1-55.webp","contentUrl":"https:\/\/img.bagnoitalia.com\/wp-content\/uploads\/1-55.webp","width":1000,"height":1000},{"@type":"BreadcrumbList","@id":"https:\/\/www.bagnoitalia.com\/fr\/produit\/axel4-60-80-90-100-or-120-cm-wall-mounted-bathroom-furniture-in-2-colours-with-washbasin-and-mirror.html#breadcrumb","itemListElement":[{"@type":"ListItem","position":1,"name":"Home","item":"https:\/\/www.bagnoitalia.com\/fr"},{"@type":"ListItem","position":2,"name":"Produits","item":"https:\/\/www.bagnoitalia.com\/fr\/shop"},{"@type":"ListItem","position":3,"name":"Axel4 60, 80, 90, 100 ou 120 cm meuble de salle de bain mural en 2 couleurs avec lavabo et miroir"}]},{"@type":"WebSite","@id":"https:\/\/www.bagnoitalia.com\/fr#website","url":"https:\/\/www.bagnoitalia.com\/fr","name":"Bagno Italia","description":"","publisher":{"@id":"https:\/\/www.bagnoitalia.com\/fr#organization"},"potentialAction":[{"@type":"SearchAction","target":{"@type":"EntryPoint","urlTemplate":"https:\/\/www.bagnoitalia.com\/fr?s={search_term_string}"},"query-input":{"@type":"PropertyValueSpecification","valueRequired":true,"valueName":"search_term_string"}}],"inLanguage":"fr-FR"},{"@type":"Organization","@id":"https:\/\/www.bagnoitalia.com\/fr#organization","name":"Bagno Italia","url":"https:\/\/www.bagnoitalia.com\/fr","logo":{"@type":"ImageObject","inLanguage":"fr-FR","@id":"https:\/\/www.bagnoitalia.com\/fr#\/schema\/logo\/image\/","url":"https:\/\/img.bagnoitalia.com\/wp-content\/uploads\/logo-bagnoitalia.webp","contentUrl":"https:\/\/img.bagnoitalia.com\/wp-content\/uploads\/logo-bagnoitalia.webp","width":400,"height":70,"caption":"Bagno Italia"},"image":{"@id":"https:\/\/www.bagnoitalia.com\/fr#\/schema\/logo\/image\/"}}]}},"_links":{"self":[{"href":"https:\/\/www.bagnoitalia.com\/fr\/wp-json\/wp\/v2\/product\/97772","targetHints":{"allow":["GET"]}}],"collection":[{"href":"https:\/\/www.bagnoitalia.com\/fr\/wp-json\/wp\/v2\/product"}],"about":[{"href":"https:\/\/www.bagnoitalia.com\/fr\/wp-json\/wp\/v2\/types\/product"}],"replies":[{"embeddable":true,"href":"https:\/\/www.bagnoitalia.com\/fr\/wp-json\/wp\/v2\/comments?post=97772"}],"version-history":[{"count":4,"href":"https:\/\/www.bagnoitalia.com\/fr\/wp-json\/wp\/v2\/product\/97772\/revisions"}],"predecessor-version":[{"id":111313,"href":"https:\/\/www.bagnoitalia.com\/fr\/wp-json\/wp\/v2\/product\/97772\/revisions\/111313"}],"wp:featuredmedia":[{"embeddable":true,"href":"https:\/\/www.bagnoitalia.com\/fr\/wp-json\/wp\/v2\/media\/97700"}],"wp:attachment":[{"href":"https:\/\/www.bagnoitalia.com\/fr\/wp-json\/wp\/v2\/media?parent=97772"}],"wp:term":[{"taxonomy":"product_brand","embeddable":true,"href":"https:\/\/www.bagnoitalia.com\/fr\/wp-json\/wp\/v2\/product_brand?post=97772"},{"taxonomy":"product_cat","embeddable":true,"href":"https:\/\/www.bagnoitalia.com\/fr\/wp-json\/wp\/v2\/product_cat?post=97772"},{"taxonomy":"product_tag","embeddable":true,"href":"https:\/\/www.bagnoitalia.com\/fr\/wp-json\/wp\/v2\/product_tag?post=97772"}],"curies":[{"name":"wp","href":"https:\/\/api.w.org\/{rel}","templated":true}]}}