{"id":97180,"date":"2024-11-21T10:45:29","date_gmt":"2024-11-21T09:45:29","guid":{"rendered":"https:\/\/www.bagnoitalia.com\/mini-whirlpool-210x210-cm-bluetooth-64-jets-and-chromotherapy-mp60.html"},"modified":"2025-10-13T15:19:25","modified_gmt":"2025-10-13T13:19:25","slug":"mini-whirlpool-210x210-cm-bluetooth-64-jets-and-chromotherapy-mp60","status":"publish","type":"product","link":"https:\/\/www.bagnoitalia.com\/fr\/produit\/mini-whirlpool-210x210-cm-bluetooth-64-jets-and-chromotherapy-mp60.html","title":{"rendered":"Mini bain \u00e0 remous 210&#215;210 cm bluetooth, 64 jets et chromoth\u00e9rapie MP60"},"content":{"rendered":"<p>PISCINE HYDROMASSAGE 210&#215;210 cm &lsquo;MP60<\/p>\n<p>&nbsp;<\/p>\n<p>&nbsp;<\/p>\n<p>&nbsp;<\/p>\n<p>&nbsp;<\/p>\n<p>CARACT\u00c9RISTIQUES<\/p>\n<p>&nbsp;<\/p>\n<p>&nbsp;<\/p>\n<p>&nbsp;<\/p>\n<p>Mini bain \u00e0 remous ext\u00e9rieur, forme carr\u00e9e<\/p>\n<p>dimensions 210x210xH90 cm<\/p>\n<p>Id\u00e9al pour 5 personnes (4 assises, 1 allong\u00e9e)<\/p>\n<p>64 jets d&rsquo;hydromassage \u00e0 intensit\u00e9 r\u00e9glable<\/p>\n<p>Chromoth\u00e9rapie avec 17 LED multicolores<\/p>\n<p>Chauffage<\/p>\n<p>Cascade + jets d&rsquo;eau<\/p>\n<p>Syst\u00e8me audio Bluetooth et haut-parleurs LED \u00e9tanches<\/p>\n<p>\u00e9chelle et couverture thermique NON incluses dans le prix, vous pouvez ajouter ces options via les menus d\u00e9roulants ci-dessus.<\/p>\n<p>&nbsp;<\/p>\n<p>D\u00c9TAILS TECHNIQUES<\/p>\n<p>&nbsp;<\/p>\n<p>&nbsp;<\/p>\n<p>&nbsp;<\/p>\n<p>Poids : 320kg<\/p>\n<p>Capacit\u00e9 : 1000 litres<\/p>\n<p>syst\u00e8me de contr\u00f4le : Balboa<\/p>\n<p>Coque : Surfaces Aristech<\/p>\n<p>Cadre : Acier inoxydable<\/p>\n<p>Protection du fond : abs<\/p>\n<p>Isolation de la coque : 25mm<\/p>\n<p>Connexion d&rsquo;\u00e9conomie d&rsquo;\u00e9nergie incluse<\/p>\n<p>Chauffage 3 kW<\/p>\n<p>Pompe de recirculation de 0,26 kW<\/p>\n<p>Pompe d&rsquo;hydromassage de 2,2 kW + 2,2 kW<\/p>\n<p>Syst\u00e8me de filtre \u00e0 cartouche<\/p>\n<p>&nbsp;<\/p>\n<p><strong><span dir=\"auto\">OPTION SUPPL\u00c9MENTAIRE :<\/span><\/strong><\/p>\n<p><span dir=\"auto\">FONCTION DE T\u00c9L\u00c9COMMANDE : Balboa BWA pour contr\u00f4le par smartphone<\/span><\/p>\n<p><span dir=\"auto\">Cette fonctionnalit\u00e9 optionnelle vous donne la possibilit\u00e9, via une connexion Wi-Fi, de t\u00e9l\u00e9charger une application sur votre t\u00e9l\u00e9phone et de g\u00e9rer les fonctions \u00e0 distance, directement depuis l&rsquo;application<\/span><\/p>\n<p>&nbsp;<\/p>\n<p>COULEUR DE LA PISCINE<\/p>\n<p>int\u00e9rieur : marbre blanc argent\u00e9<\/p>\n<p>ext\u00e9rieur : gris<\/p>\n<p>&nbsp;<\/p>\n<p>&nbsp;<\/p>\n<p><img fetchpriority=\"high\" decoding=\"async\" class=\"alignnone size-full wp-image-108655\" src=\"https:\/\/www.bagnoitalia.it\/wp-content\/uploads\/colori-interni-esterni-minipiscine-idromassaggio.jpg\" alt=\"\" width=\"1000\" height=\"1000\" \/><\/p>\n","protected":false},"excerpt":{"rendered":"<p>Mini-piscine spa ext\u00e9rieure, de forme carr\u00e9e, convenant \u00e0 5 personnes. Comprend : 64 jets d&rsquo;hydromassage \u00e0 intensit\u00e9 r\u00e9glable, syst\u00e8me de contr\u00f4le Balboa, chauffage, syst\u00e8me de filtre \u00e0 cartouche, jets de fontaine et de cascade, connexion bluetooth et 17 LED multicolores pour la th\u00e9rapie par les couleurs.<\/p>\n","protected":false},"featured_media":97136,"comment_status":"open","ping_status":"closed","template":"","meta":[],"product_brand":[10111],"product_cat":[10069],"product_tag":[],"class_list":{"0":"post-97180","1":"product","2":"type-product","3":"status-publish","4":"has-post-thumbnail","6":"product_brand-joyee","7":"product_cat-piscines-exterieures-a-hydromassage","9":"first","10":"instock","11":"sale","12":"taxable","13":"shipping-taxable","14":"purchasable","15":"product-type-simple"},"exclude_global_add_ons":false,"addons":[{"name":"\u00e9chelle","type":"multiple_choice","position":0,"required":false,"title_format":"label","default":"","description_enable":false,"description":"","placeholder_enable":false,"placeholder":"","display":"select","restrictions_type":"any_text","adjust_price":false,"price":"","price_type":"flat_fee","restrictions":false,"min":"0","max":"0","options":[{"label":"non","price":"","price_type":"flat_fee","image":0,"visibility":true},{"label":"Avec escabeau","price":"189","price_type":"flat_fee","image":0,"visibility":true}],"id":1732185930},{"name":"Couvert","type":"multiple_choice","position":1,"required":false,"title_format":"label","default":"","description_enable":false,"description":"","placeholder_enable":false,"placeholder":"","display":"select","restrictions_type":"any_text","adjust_price":false,"price":"","price_type":"flat_fee","restrictions":false,"min":"0","max":"0","options":[{"label":"non","price":"","price_type":"flat_fee","image":0,"visibility":true},{"label":"Avec couverture thermique","price":"319","price_type":"flat_fee","image":0,"visibility":true}],"id":1732185931},{"name":"OPTION SUPPL\u00c9MENTAIRE","type":"multiple_choice","position":2,"required":false,"title_format":"label","default":"","description_enable":false,"description":"","placeholder_enable":false,"placeholder":"","display":"select","restrictions_type":"any_text","adjust_price":false,"price":"","price_type":"flat_fee","restrictions":false,"min":"0","max":"0","options":[{"label":"aucun","price":"","price_type":"flat_fee","image":0,"visibility":true},{"label":"Commande \u00e0 distance","price":"500","price_type":"flat_fee","image":0,"visibility":true}],"id":1760368766}],"yoast_head":"<!-- This site is optimized with the Yoast SEO plugin v26.7 - https:\/\/yoast.com\/wordpress\/plugins\/seo\/ -->\n<title>Mini bain \u00e0 remous 210x210 cm bluetooth, 64 jets et chromoth\u00e9rapie MP60 - Bagno Italia<\/title>\n<meta name=\"robots\" content=\"index, follow, max-snippet:-1, max-image-preview:large, max-video-preview:-1\" \/>\n<link rel=\"canonical\" href=\"https:\/\/www.bagnoitalia.com\/fr\/produit\/mini-whirlpool-210x210-cm-bluetooth-64-jets-and-chromotherapy-mp60.html\" \/>\n<meta property=\"og:locale\" content=\"fr_FR\" \/>\n<meta property=\"og:type\" content=\"article\" \/>\n<meta property=\"og:title\" content=\"Mini bain \u00e0 remous 210x210 cm bluetooth, 64 jets et chromoth\u00e9rapie MP60 - Bagno Italia\" \/>\n<meta property=\"og:description\" content=\"Mini-piscine spa ext\u00e9rieure, de forme carr\u00e9e, convenant \u00e0 5 personnes. Comprend : 64 jets d&#039;hydromassage \u00e0 intensit\u00e9 r\u00e9glable, syst\u00e8me de contr\u00f4le Balboa, chauffage, syst\u00e8me de filtre \u00e0 cartouche, jets de fontaine et de cascade, connexion bluetooth et 17 LED multicolores pour la th\u00e9rapie par les couleurs.\" \/>\n<meta property=\"og:url\" content=\"https:\/\/www.bagnoitalia.com\/fr\/produit\/mini-whirlpool-210x210-cm-bluetooth-64-jets-and-chromotherapy-mp60.html\" \/>\n<meta property=\"og:site_name\" content=\"Bagno Italia\" \/>\n<meta property=\"article:modified_time\" content=\"2025-10-13T13:19:25+00:00\" \/>\n<meta property=\"og:image\" content=\"https:\/\/img.bagnoitalia.com\/wp-content\/uploads\/1-45.webp\" \/>\n\t<meta property=\"og:image:width\" content=\"1000\" \/>\n\t<meta property=\"og:image:height\" content=\"1000\" \/>\n\t<meta property=\"og:image:type\" content=\"image\/webp\" \/>\n<meta name=\"twitter:card\" content=\"summary_large_image\" \/>\n<meta name=\"twitter:label1\" content=\"Dur\u00e9e de lecture estim\u00e9e\" \/>\n\t<meta name=\"twitter:data1\" content=\"2 minutes\" \/>\n<script type=\"application\/ld+json\" class=\"yoast-schema-graph\">{\"@context\":\"https:\/\/schema.org\",\"@graph\":[{\"@type\":\"WebPage\",\"@id\":\"https:\/\/www.bagnoitalia.com\/fr\/produit\/mini-whirlpool-210x210-cm-bluetooth-64-jets-and-chromotherapy-mp60.html\",\"url\":\"https:\/\/www.bagnoitalia.com\/fr\/produit\/mini-whirlpool-210x210-cm-bluetooth-64-jets-and-chromotherapy-mp60.html\",\"name\":\"Mini bain \u00e0 remous 210x210 cm bluetooth, 64 jets et chromoth\u00e9rapie MP60 - Bagno Italia\",\"isPartOf\":{\"@id\":\"https:\/\/www.bagnoitalia.com\/fr#website\"},\"primaryImageOfPage\":{\"@id\":\"https:\/\/www.bagnoitalia.com\/fr\/produit\/mini-whirlpool-210x210-cm-bluetooth-64-jets-and-chromotherapy-mp60.html#primaryimage\"},\"image\":{\"@id\":\"https:\/\/www.bagnoitalia.com\/fr\/produit\/mini-whirlpool-210x210-cm-bluetooth-64-jets-and-chromotherapy-mp60.html#primaryimage\"},\"thumbnailUrl\":\"https:\/\/img.bagnoitalia.com\/wp-content\/uploads\/1-45.webp\",\"datePublished\":\"2024-11-21T09:45:29+00:00\",\"dateModified\":\"2025-10-13T13:19:25+00:00\",\"breadcrumb\":{\"@id\":\"https:\/\/www.bagnoitalia.com\/fr\/produit\/mini-whirlpool-210x210-cm-bluetooth-64-jets-and-chromotherapy-mp60.html#breadcrumb\"},\"inLanguage\":\"fr-FR\",\"potentialAction\":[{\"@type\":\"ReadAction\",\"target\":[\"https:\/\/www.bagnoitalia.com\/fr\/produit\/mini-whirlpool-210x210-cm-bluetooth-64-jets-and-chromotherapy-mp60.html\"]}]},{\"@type\":\"ImageObject\",\"inLanguage\":\"fr-FR\",\"@id\":\"https:\/\/www.bagnoitalia.com\/fr\/produit\/mini-whirlpool-210x210-cm-bluetooth-64-jets-and-chromotherapy-mp60.html#primaryimage\",\"url\":\"https:\/\/img.bagnoitalia.com\/wp-content\/uploads\/1-45.webp\",\"contentUrl\":\"https:\/\/img.bagnoitalia.com\/wp-content\/uploads\/1-45.webp\",\"width\":1000,\"height\":1000},{\"@type\":\"BreadcrumbList\",\"@id\":\"https:\/\/www.bagnoitalia.com\/fr\/produit\/mini-whirlpool-210x210-cm-bluetooth-64-jets-and-chromotherapy-mp60.html#breadcrumb\",\"itemListElement\":[{\"@type\":\"ListItem\",\"position\":1,\"name\":\"Home\",\"item\":\"https:\/\/www.bagnoitalia.com\/fr\"},{\"@type\":\"ListItem\",\"position\":2,\"name\":\"Produits\",\"item\":\"https:\/\/www.bagnoitalia.com\/fr\/shop\"},{\"@type\":\"ListItem\",\"position\":3,\"name\":\"Mini bain \u00e0 remous 210&#215;210 cm bluetooth, 64 jets et chromoth\u00e9rapie MP60\"}]},{\"@type\":\"WebSite\",\"@id\":\"https:\/\/www.bagnoitalia.com\/fr#website\",\"url\":\"https:\/\/www.bagnoitalia.com\/fr\",\"name\":\"Bagno Italia\",\"description\":\"\",\"publisher\":{\"@id\":\"https:\/\/www.bagnoitalia.com\/fr#organization\"},\"potentialAction\":[{\"@type\":\"SearchAction\",\"target\":{\"@type\":\"EntryPoint\",\"urlTemplate\":\"https:\/\/www.bagnoitalia.com\/fr?s={search_term_string}\"},\"query-input\":{\"@type\":\"PropertyValueSpecification\",\"valueRequired\":true,\"valueName\":\"search_term_string\"}}],\"inLanguage\":\"fr-FR\"},{\"@type\":\"Organization\",\"@id\":\"https:\/\/www.bagnoitalia.com\/fr#organization\",\"name\":\"Bagno Italia\",\"url\":\"https:\/\/www.bagnoitalia.com\/fr\",\"logo\":{\"@type\":\"ImageObject\",\"inLanguage\":\"fr-FR\",\"@id\":\"https:\/\/www.bagnoitalia.com\/fr#\/schema\/logo\/image\/\",\"url\":\"https:\/\/img.bagnoitalia.com\/wp-content\/uploads\/logo-bagnoitalia.webp\",\"contentUrl\":\"https:\/\/img.bagnoitalia.com\/wp-content\/uploads\/logo-bagnoitalia.webp\",\"width\":400,\"height\":70,\"caption\":\"Bagno Italia\"},\"image\":{\"@id\":\"https:\/\/www.bagnoitalia.com\/fr#\/schema\/logo\/image\/\"}}]}<\/script>\n<!-- \/ Yoast SEO plugin. -->","yoast_head_json":{"title":"Mini bain \u00e0 remous 210x210 cm bluetooth, 64 jets et chromoth\u00e9rapie MP60 - Bagno Italia","robots":{"index":"index","follow":"follow","max-snippet":"max-snippet:-1","max-image-preview":"max-image-preview:large","max-video-preview":"max-video-preview:-1"},"canonical":"https:\/\/www.bagnoitalia.com\/fr\/produit\/mini-whirlpool-210x210-cm-bluetooth-64-jets-and-chromotherapy-mp60.html","og_locale":"fr_FR","og_type":"article","og_title":"Mini bain \u00e0 remous 210x210 cm bluetooth, 64 jets et chromoth\u00e9rapie MP60 - Bagno Italia","og_description":"Mini-piscine spa ext\u00e9rieure, de forme carr\u00e9e, convenant \u00e0 5 personnes. Comprend : 64 jets d'hydromassage \u00e0 intensit\u00e9 r\u00e9glable, syst\u00e8me de contr\u00f4le Balboa, chauffage, syst\u00e8me de filtre \u00e0 cartouche, jets de fontaine et de cascade, connexion bluetooth et 17 LED multicolores pour la th\u00e9rapie par les couleurs.","og_url":"https:\/\/www.bagnoitalia.com\/fr\/produit\/mini-whirlpool-210x210-cm-bluetooth-64-jets-and-chromotherapy-mp60.html","og_site_name":"Bagno Italia","article_modified_time":"2025-10-13T13:19:25+00:00","og_image":[{"width":1000,"height":1000,"url":"https:\/\/img.bagnoitalia.com\/wp-content\/uploads\/1-45.webp","type":"image\/webp"}],"twitter_card":"summary_large_image","twitter_misc":{"Dur\u00e9e de lecture estim\u00e9e":"2 minutes"},"schema":{"@context":"https:\/\/schema.org","@graph":[{"@type":"WebPage","@id":"https:\/\/www.bagnoitalia.com\/fr\/produit\/mini-whirlpool-210x210-cm-bluetooth-64-jets-and-chromotherapy-mp60.html","url":"https:\/\/www.bagnoitalia.com\/fr\/produit\/mini-whirlpool-210x210-cm-bluetooth-64-jets-and-chromotherapy-mp60.html","name":"Mini bain \u00e0 remous 210x210 cm bluetooth, 64 jets et chromoth\u00e9rapie MP60 - Bagno Italia","isPartOf":{"@id":"https:\/\/www.bagnoitalia.com\/fr#website"},"primaryImageOfPage":{"@id":"https:\/\/www.bagnoitalia.com\/fr\/produit\/mini-whirlpool-210x210-cm-bluetooth-64-jets-and-chromotherapy-mp60.html#primaryimage"},"image":{"@id":"https:\/\/www.bagnoitalia.com\/fr\/produit\/mini-whirlpool-210x210-cm-bluetooth-64-jets-and-chromotherapy-mp60.html#primaryimage"},"thumbnailUrl":"https:\/\/img.bagnoitalia.com\/wp-content\/uploads\/1-45.webp","datePublished":"2024-11-21T09:45:29+00:00","dateModified":"2025-10-13T13:19:25+00:00","breadcrumb":{"@id":"https:\/\/www.bagnoitalia.com\/fr\/produit\/mini-whirlpool-210x210-cm-bluetooth-64-jets-and-chromotherapy-mp60.html#breadcrumb"},"inLanguage":"fr-FR","potentialAction":[{"@type":"ReadAction","target":["https:\/\/www.bagnoitalia.com\/fr\/produit\/mini-whirlpool-210x210-cm-bluetooth-64-jets-and-chromotherapy-mp60.html"]}]},{"@type":"ImageObject","inLanguage":"fr-FR","@id":"https:\/\/www.bagnoitalia.com\/fr\/produit\/mini-whirlpool-210x210-cm-bluetooth-64-jets-and-chromotherapy-mp60.html#primaryimage","url":"https:\/\/img.bagnoitalia.com\/wp-content\/uploads\/1-45.webp","contentUrl":"https:\/\/img.bagnoitalia.com\/wp-content\/uploads\/1-45.webp","width":1000,"height":1000},{"@type":"BreadcrumbList","@id":"https:\/\/www.bagnoitalia.com\/fr\/produit\/mini-whirlpool-210x210-cm-bluetooth-64-jets-and-chromotherapy-mp60.html#breadcrumb","itemListElement":[{"@type":"ListItem","position":1,"name":"Home","item":"https:\/\/www.bagnoitalia.com\/fr"},{"@type":"ListItem","position":2,"name":"Produits","item":"https:\/\/www.bagnoitalia.com\/fr\/shop"},{"@type":"ListItem","position":3,"name":"Mini bain \u00e0 remous 210&#215;210 cm bluetooth, 64 jets et chromoth\u00e9rapie MP60"}]},{"@type":"WebSite","@id":"https:\/\/www.bagnoitalia.com\/fr#website","url":"https:\/\/www.bagnoitalia.com\/fr","name":"Bagno Italia","description":"","publisher":{"@id":"https:\/\/www.bagnoitalia.com\/fr#organization"},"potentialAction":[{"@type":"SearchAction","target":{"@type":"EntryPoint","urlTemplate":"https:\/\/www.bagnoitalia.com\/fr?s={search_term_string}"},"query-input":{"@type":"PropertyValueSpecification","valueRequired":true,"valueName":"search_term_string"}}],"inLanguage":"fr-FR"},{"@type":"Organization","@id":"https:\/\/www.bagnoitalia.com\/fr#organization","name":"Bagno Italia","url":"https:\/\/www.bagnoitalia.com\/fr","logo":{"@type":"ImageObject","inLanguage":"fr-FR","@id":"https:\/\/www.bagnoitalia.com\/fr#\/schema\/logo\/image\/","url":"https:\/\/img.bagnoitalia.com\/wp-content\/uploads\/logo-bagnoitalia.webp","contentUrl":"https:\/\/img.bagnoitalia.com\/wp-content\/uploads\/logo-bagnoitalia.webp","width":400,"height":70,"caption":"Bagno Italia"},"image":{"@id":"https:\/\/www.bagnoitalia.com\/fr#\/schema\/logo\/image\/"}}]}},"_links":{"self":[{"href":"https:\/\/www.bagnoitalia.com\/fr\/wp-json\/wp\/v2\/product\/97180","targetHints":{"allow":["GET"]}}],"collection":[{"href":"https:\/\/www.bagnoitalia.com\/fr\/wp-json\/wp\/v2\/product"}],"about":[{"href":"https:\/\/www.bagnoitalia.com\/fr\/wp-json\/wp\/v2\/types\/product"}],"replies":[{"embeddable":true,"href":"https:\/\/www.bagnoitalia.com\/fr\/wp-json\/wp\/v2\/comments?post=97180"}],"version-history":[{"count":3,"href":"https:\/\/www.bagnoitalia.com\/fr\/wp-json\/wp\/v2\/product\/97180\/revisions"}],"predecessor-version":[{"id":112694,"href":"https:\/\/www.bagnoitalia.com\/fr\/wp-json\/wp\/v2\/product\/97180\/revisions\/112694"}],"wp:featuredmedia":[{"embeddable":true,"href":"https:\/\/www.bagnoitalia.com\/fr\/wp-json\/wp\/v2\/media\/97136"}],"wp:attachment":[{"href":"https:\/\/www.bagnoitalia.com\/fr\/wp-json\/wp\/v2\/media?parent=97180"}],"wp:term":[{"taxonomy":"product_brand","embeddable":true,"href":"https:\/\/www.bagnoitalia.com\/fr\/wp-json\/wp\/v2\/product_brand?post=97180"},{"taxonomy":"product_cat","embeddable":true,"href":"https:\/\/www.bagnoitalia.com\/fr\/wp-json\/wp\/v2\/product_cat?post=97180"},{"taxonomy":"product_tag","embeddable":true,"href":"https:\/\/www.bagnoitalia.com\/fr\/wp-json\/wp\/v2\/product_tag?post=97180"}],"curies":[{"name":"wp","href":"https:\/\/api.w.org\/{rel}","templated":true}]}}