{"id":96864,"date":"2024-11-20T14:24:59","date_gmt":"2024-11-20T13:24:59","guid":{"rendered":"https:\/\/www.bagnoitalia.com\/whirlpool-200x135-cm-with-46-jets-chromotherapy-and-bluetooth-mp55.html"},"modified":"2025-10-13T15:20:58","modified_gmt":"2025-10-13T13:20:58","slug":"whirlpool-200x135-cm-with-46-jets-chromotherapy-and-bluetooth-mp55","status":"publish","type":"product","link":"https:\/\/www.bagnoitalia.com\/fr\/produit\/whirlpool-200x135-cm-with-46-jets-chromotherapy-and-bluetooth-mp55.html","title":{"rendered":"Whirlpool 200&#215;135 cm avec 46 jets, chromoth\u00e9rapie et Bluetooth MP55"},"content":{"rendered":"<p>PISCINE HYDROMASSAGE 200&#215;135 cm &lsquo;MP55<\/p>\n<p>&nbsp;<\/p>\n<p>&nbsp;<\/p>\n<p>&nbsp;<\/p>\n<p>&nbsp;<\/p>\n<p>D\u00c9TAILS DU PRODUIT<\/p>\n<p>&nbsp;<\/p>\n<p>Bain \u00e0 remous rectangulaire pour l&rsquo;ext\u00e9rieur<\/p>\n<p>dimensions 200x135xH80 cm<\/p>\n<p>Id\u00e9al pour 2 personnes<\/p>\n<p>46 jets d&rsquo;hydromassage \u00e0 intensit\u00e9 r\u00e9glable<\/p>\n<p>Chromoth\u00e9rapie avec 18 LED multicolores<\/p>\n<p>Chauffage<\/p>\n<p>Cascade + jets d&rsquo;eau<\/p>\n<p>Syst\u00e8me audio Bluetooth et haut-parleurs LED \u00e9tanches<\/p>\n<p>\u00e9chelle et couverture thermique NON incluses dans le prix, vous pouvez ajouter ces options via les menus d\u00e9roulants ci-dessus.<\/p>\n<p>&nbsp;<\/p>\n<p>CARACT\u00c9RISTIQUES TECHNIQUES<\/p>\n<p>&nbsp;<\/p>\n<p>Poids : 200kg<\/p>\n<p>Capacit\u00e9 : 750 litres<\/p>\n<p>syst\u00e8me de contr\u00f4le : Balboa<\/p>\n<p>Coque : Surfaces Aristech<\/p>\n<p>Cadre : Acier inoxydable<\/p>\n<p>Protection du fond : abs<\/p>\n<p>Isolation de la coque : 25mm<\/p>\n<p>Connexion d&rsquo;\u00e9conomie d&rsquo;\u00e9nergie incluse<\/p>\n<p>Chauffage 2 kW<\/p>\n<p>Pompe de recirculation de 0,26 kW<\/p>\n<p>Pompe d&rsquo;hydromassage \u00e0 double vitesse de 2,2 kW<\/p>\n<p>Syst\u00e8me de filtre \u00e0 cartouche<\/p>\n<p>&nbsp;<\/p>\n<p><strong><span dir=\"auto\">OPTION SUPPL\u00c9MENTAIRE :<\/span><\/strong><\/p>\n<p><span dir=\"auto\">FONCTION DE T\u00c9L\u00c9COMMANDE : Balboa BWA pour contr\u00f4le par smartphone<\/span><\/p>\n<p><span dir=\"auto\">Cette fonctionnalit\u00e9 optionnelle vous donne la possibilit\u00e9, via une connexion Wi-Fi, de t\u00e9l\u00e9charger une application sur votre t\u00e9l\u00e9phone et de g\u00e9rer les fonctions \u00e0 distance, directement depuis l&rsquo;application<\/span><\/p>\n<p>&nbsp;<\/p>\n<p>COULEUR DE LA PISCINE<\/p>\n<p>int\u00e9rieur : marbre blanc argent\u00e9<\/p>\n<p>ext\u00e9rieur : gris<\/p>\n<p>&nbsp;<\/p>\n<p>&nbsp;<\/p>\n<p><img fetchpriority=\"high\" decoding=\"async\" class=\"alignnone size-full wp-image-108655\" src=\"https:\/\/www.bagnoitalia.it\/wp-content\/uploads\/colori-interni-esterni-minipiscine-idromassaggio.jpg\" alt=\"\" width=\"1000\" height=\"1000\" \/><\/p>\n","protected":false},"excerpt":{"rendered":"<p>Spa rectangulaire d&rsquo;ext\u00e9rieur avec syst\u00e8me de contr\u00f4le Balboa. Il est \u00e9quip\u00e9 de 46 jets d&rsquo;hydromassage \u00e0 intensit\u00e9 r\u00e9glable, d&rsquo;un chauffage, d&rsquo;un syst\u00e8me de filtration \u00e0 cartouche, de jets de fontaine et de cascade, d&rsquo;une connexion Bluetooth et de 18 LED multicolores pour la chromoth\u00e9rapie.<\/p>\n","protected":false},"featured_media":96840,"comment_status":"open","ping_status":"closed","template":"","meta":[],"product_brand":[10111],"product_cat":[10069],"product_tag":[],"class_list":{"0":"post-96864","1":"product","2":"type-product","3":"status-publish","4":"has-post-thumbnail","6":"product_brand-joyee","7":"product_cat-piscines-exterieures-a-hydromassage","9":"first","10":"instock","11":"sale","12":"taxable","13":"shipping-taxable","14":"purchasable","15":"product-type-simple"},"exclude_global_add_ons":false,"addons":[{"name":"\u00e9chelle","type":"multiple_choice","position":0,"required":false,"title_format":"label","default":"","description_enable":false,"description":"","placeholder_enable":false,"placeholder":"","display":"select","restrictions_type":"any_text","adjust_price":false,"price":"","price_type":"flat_fee","restrictions":false,"min":"0","max":"0","options":[{"label":"non","price":"","price_type":"flat_fee","image":0,"visibility":true},{"label":"Avec escabeau","price":"189","price_type":"flat_fee","image":0,"visibility":true}],"id":1732112701},{"name":"Couvercle","type":"multiple_choice","position":1,"required":false,"title_format":"label","default":"","description_enable":false,"description":"","placeholder_enable":false,"placeholder":"","display":"select","restrictions_type":"any_text","adjust_price":false,"price":"","price_type":"flat_fee","restrictions":false,"min":"0","max":"0","options":[{"label":"non","price":"","price_type":"flat_fee","image":0,"visibility":true},{"label":"Avec couvercle thermique","price":"319","price_type":"flat_fee","image":0,"visibility":true}],"id":1732112702},{"name":"OPTION SUPPL\u00c9MENTAIRE","type":"multiple_choice","position":2,"required":false,"title_format":"label","default":"","description_enable":false,"description":"","placeholder_enable":false,"placeholder":"","display":"select","restrictions_type":"any_text","adjust_price":false,"price":"","price_type":"flat_fee","restrictions":false,"min":"0","max":"0","options":[{"label":"aucun","price":"","price_type":"flat_fee","image":0,"visibility":true},{"label":"Commande \u00e0 distance","price":"500","price_type":"flat_fee","image":0,"visibility":true}],"id":1760368859}],"yoast_head":"<!-- This site is optimized with the Yoast SEO plugin v26.7 - https:\/\/yoast.com\/wordpress\/plugins\/seo\/ -->\n<title>Whirlpool 200x135 cm avec 46 jets, chromoth\u00e9rapie et Bluetooth MP55 - Bagno Italia<\/title>\n<meta name=\"robots\" content=\"index, follow, max-snippet:-1, max-image-preview:large, max-video-preview:-1\" \/>\n<link rel=\"canonical\" href=\"https:\/\/www.bagnoitalia.com\/fr\/produit\/whirlpool-200x135-cm-with-46-jets-chromotherapy-and-bluetooth-mp55.html\" \/>\n<meta property=\"og:locale\" content=\"fr_FR\" \/>\n<meta property=\"og:type\" content=\"article\" \/>\n<meta property=\"og:title\" content=\"Whirlpool 200x135 cm avec 46 jets, chromoth\u00e9rapie et Bluetooth MP55 - Bagno Italia\" \/>\n<meta property=\"og:description\" content=\"Spa rectangulaire d&#039;ext\u00e9rieur avec syst\u00e8me de contr\u00f4le Balboa. Il est \u00e9quip\u00e9 de 46 jets d&#039;hydromassage \u00e0 intensit\u00e9 r\u00e9glable, d&#039;un chauffage, d&#039;un syst\u00e8me de filtration \u00e0 cartouche, de jets de fontaine et de cascade, d&#039;une connexion Bluetooth et de 18 LED multicolores pour la chromoth\u00e9rapie.\" \/>\n<meta property=\"og:url\" content=\"https:\/\/www.bagnoitalia.com\/fr\/produit\/whirlpool-200x135-cm-with-46-jets-chromotherapy-and-bluetooth-mp55.html\" \/>\n<meta property=\"og:site_name\" content=\"Bagno Italia\" \/>\n<meta property=\"article:modified_time\" content=\"2025-10-13T13:20:58+00:00\" \/>\n<meta property=\"og:image\" content=\"https:\/\/img.bagnoitalia.com\/wp-content\/uploads\/1-39.webp\" \/>\n\t<meta property=\"og:image:width\" content=\"1000\" \/>\n\t<meta property=\"og:image:height\" content=\"1000\" \/>\n\t<meta property=\"og:image:type\" content=\"image\/webp\" \/>\n<meta name=\"twitter:card\" content=\"summary_large_image\" \/>\n<meta name=\"twitter:label1\" content=\"Dur\u00e9e de lecture estim\u00e9e\" \/>\n\t<meta name=\"twitter:data1\" content=\"2 minutes\" \/>\n<script type=\"application\/ld+json\" class=\"yoast-schema-graph\">{\"@context\":\"https:\/\/schema.org\",\"@graph\":[{\"@type\":\"WebPage\",\"@id\":\"https:\/\/www.bagnoitalia.com\/fr\/produit\/whirlpool-200x135-cm-with-46-jets-chromotherapy-and-bluetooth-mp55.html\",\"url\":\"https:\/\/www.bagnoitalia.com\/fr\/produit\/whirlpool-200x135-cm-with-46-jets-chromotherapy-and-bluetooth-mp55.html\",\"name\":\"Whirlpool 200x135 cm avec 46 jets, chromoth\u00e9rapie et Bluetooth MP55 - Bagno Italia\",\"isPartOf\":{\"@id\":\"https:\/\/www.bagnoitalia.com\/fr#website\"},\"primaryImageOfPage\":{\"@id\":\"https:\/\/www.bagnoitalia.com\/fr\/produit\/whirlpool-200x135-cm-with-46-jets-chromotherapy-and-bluetooth-mp55.html#primaryimage\"},\"image\":{\"@id\":\"https:\/\/www.bagnoitalia.com\/fr\/produit\/whirlpool-200x135-cm-with-46-jets-chromotherapy-and-bluetooth-mp55.html#primaryimage\"},\"thumbnailUrl\":\"https:\/\/img.bagnoitalia.com\/wp-content\/uploads\/1-39.webp\",\"datePublished\":\"2024-11-20T13:24:59+00:00\",\"dateModified\":\"2025-10-13T13:20:58+00:00\",\"breadcrumb\":{\"@id\":\"https:\/\/www.bagnoitalia.com\/fr\/produit\/whirlpool-200x135-cm-with-46-jets-chromotherapy-and-bluetooth-mp55.html#breadcrumb\"},\"inLanguage\":\"fr-FR\",\"potentialAction\":[{\"@type\":\"ReadAction\",\"target\":[\"https:\/\/www.bagnoitalia.com\/fr\/produit\/whirlpool-200x135-cm-with-46-jets-chromotherapy-and-bluetooth-mp55.html\"]}]},{\"@type\":\"ImageObject\",\"inLanguage\":\"fr-FR\",\"@id\":\"https:\/\/www.bagnoitalia.com\/fr\/produit\/whirlpool-200x135-cm-with-46-jets-chromotherapy-and-bluetooth-mp55.html#primaryimage\",\"url\":\"https:\/\/img.bagnoitalia.com\/wp-content\/uploads\/1-39.webp\",\"contentUrl\":\"https:\/\/img.bagnoitalia.com\/wp-content\/uploads\/1-39.webp\",\"width\":1000,\"height\":1000},{\"@type\":\"BreadcrumbList\",\"@id\":\"https:\/\/www.bagnoitalia.com\/fr\/produit\/whirlpool-200x135-cm-with-46-jets-chromotherapy-and-bluetooth-mp55.html#breadcrumb\",\"itemListElement\":[{\"@type\":\"ListItem\",\"position\":1,\"name\":\"Home\",\"item\":\"https:\/\/www.bagnoitalia.com\/fr\"},{\"@type\":\"ListItem\",\"position\":2,\"name\":\"Produits\",\"item\":\"https:\/\/www.bagnoitalia.com\/fr\/shop\"},{\"@type\":\"ListItem\",\"position\":3,\"name\":\"Whirlpool 200&#215;135 cm avec 46 jets, chromoth\u00e9rapie et Bluetooth MP55\"}]},{\"@type\":\"WebSite\",\"@id\":\"https:\/\/www.bagnoitalia.com\/fr#website\",\"url\":\"https:\/\/www.bagnoitalia.com\/fr\",\"name\":\"Bagno Italia\",\"description\":\"\",\"publisher\":{\"@id\":\"https:\/\/www.bagnoitalia.com\/fr#organization\"},\"potentialAction\":[{\"@type\":\"SearchAction\",\"target\":{\"@type\":\"EntryPoint\",\"urlTemplate\":\"https:\/\/www.bagnoitalia.com\/fr?s={search_term_string}\"},\"query-input\":{\"@type\":\"PropertyValueSpecification\",\"valueRequired\":true,\"valueName\":\"search_term_string\"}}],\"inLanguage\":\"fr-FR\"},{\"@type\":\"Organization\",\"@id\":\"https:\/\/www.bagnoitalia.com\/fr#organization\",\"name\":\"Bagno Italia\",\"url\":\"https:\/\/www.bagnoitalia.com\/fr\",\"logo\":{\"@type\":\"ImageObject\",\"inLanguage\":\"fr-FR\",\"@id\":\"https:\/\/www.bagnoitalia.com\/fr#\/schema\/logo\/image\/\",\"url\":\"https:\/\/img.bagnoitalia.com\/wp-content\/uploads\/logo-bagnoitalia.webp\",\"contentUrl\":\"https:\/\/img.bagnoitalia.com\/wp-content\/uploads\/logo-bagnoitalia.webp\",\"width\":400,\"height\":70,\"caption\":\"Bagno Italia\"},\"image\":{\"@id\":\"https:\/\/www.bagnoitalia.com\/fr#\/schema\/logo\/image\/\"}}]}<\/script>\n<!-- \/ Yoast SEO plugin. -->","yoast_head_json":{"title":"Whirlpool 200x135 cm avec 46 jets, chromoth\u00e9rapie et Bluetooth MP55 - Bagno Italia","robots":{"index":"index","follow":"follow","max-snippet":"max-snippet:-1","max-image-preview":"max-image-preview:large","max-video-preview":"max-video-preview:-1"},"canonical":"https:\/\/www.bagnoitalia.com\/fr\/produit\/whirlpool-200x135-cm-with-46-jets-chromotherapy-and-bluetooth-mp55.html","og_locale":"fr_FR","og_type":"article","og_title":"Whirlpool 200x135 cm avec 46 jets, chromoth\u00e9rapie et Bluetooth MP55 - Bagno Italia","og_description":"Spa rectangulaire d'ext\u00e9rieur avec syst\u00e8me de contr\u00f4le Balboa. Il est \u00e9quip\u00e9 de 46 jets d'hydromassage \u00e0 intensit\u00e9 r\u00e9glable, d'un chauffage, d'un syst\u00e8me de filtration \u00e0 cartouche, de jets de fontaine et de cascade, d'une connexion Bluetooth et de 18 LED multicolores pour la chromoth\u00e9rapie.","og_url":"https:\/\/www.bagnoitalia.com\/fr\/produit\/whirlpool-200x135-cm-with-46-jets-chromotherapy-and-bluetooth-mp55.html","og_site_name":"Bagno Italia","article_modified_time":"2025-10-13T13:20:58+00:00","og_image":[{"width":1000,"height":1000,"url":"https:\/\/img.bagnoitalia.com\/wp-content\/uploads\/1-39.webp","type":"image\/webp"}],"twitter_card":"summary_large_image","twitter_misc":{"Dur\u00e9e de lecture estim\u00e9e":"2 minutes"},"schema":{"@context":"https:\/\/schema.org","@graph":[{"@type":"WebPage","@id":"https:\/\/www.bagnoitalia.com\/fr\/produit\/whirlpool-200x135-cm-with-46-jets-chromotherapy-and-bluetooth-mp55.html","url":"https:\/\/www.bagnoitalia.com\/fr\/produit\/whirlpool-200x135-cm-with-46-jets-chromotherapy-and-bluetooth-mp55.html","name":"Whirlpool 200x135 cm avec 46 jets, chromoth\u00e9rapie et Bluetooth MP55 - Bagno Italia","isPartOf":{"@id":"https:\/\/www.bagnoitalia.com\/fr#website"},"primaryImageOfPage":{"@id":"https:\/\/www.bagnoitalia.com\/fr\/produit\/whirlpool-200x135-cm-with-46-jets-chromotherapy-and-bluetooth-mp55.html#primaryimage"},"image":{"@id":"https:\/\/www.bagnoitalia.com\/fr\/produit\/whirlpool-200x135-cm-with-46-jets-chromotherapy-and-bluetooth-mp55.html#primaryimage"},"thumbnailUrl":"https:\/\/img.bagnoitalia.com\/wp-content\/uploads\/1-39.webp","datePublished":"2024-11-20T13:24:59+00:00","dateModified":"2025-10-13T13:20:58+00:00","breadcrumb":{"@id":"https:\/\/www.bagnoitalia.com\/fr\/produit\/whirlpool-200x135-cm-with-46-jets-chromotherapy-and-bluetooth-mp55.html#breadcrumb"},"inLanguage":"fr-FR","potentialAction":[{"@type":"ReadAction","target":["https:\/\/www.bagnoitalia.com\/fr\/produit\/whirlpool-200x135-cm-with-46-jets-chromotherapy-and-bluetooth-mp55.html"]}]},{"@type":"ImageObject","inLanguage":"fr-FR","@id":"https:\/\/www.bagnoitalia.com\/fr\/produit\/whirlpool-200x135-cm-with-46-jets-chromotherapy-and-bluetooth-mp55.html#primaryimage","url":"https:\/\/img.bagnoitalia.com\/wp-content\/uploads\/1-39.webp","contentUrl":"https:\/\/img.bagnoitalia.com\/wp-content\/uploads\/1-39.webp","width":1000,"height":1000},{"@type":"BreadcrumbList","@id":"https:\/\/www.bagnoitalia.com\/fr\/produit\/whirlpool-200x135-cm-with-46-jets-chromotherapy-and-bluetooth-mp55.html#breadcrumb","itemListElement":[{"@type":"ListItem","position":1,"name":"Home","item":"https:\/\/www.bagnoitalia.com\/fr"},{"@type":"ListItem","position":2,"name":"Produits","item":"https:\/\/www.bagnoitalia.com\/fr\/shop"},{"@type":"ListItem","position":3,"name":"Whirlpool 200&#215;135 cm avec 46 jets, chromoth\u00e9rapie et Bluetooth MP55"}]},{"@type":"WebSite","@id":"https:\/\/www.bagnoitalia.com\/fr#website","url":"https:\/\/www.bagnoitalia.com\/fr","name":"Bagno Italia","description":"","publisher":{"@id":"https:\/\/www.bagnoitalia.com\/fr#organization"},"potentialAction":[{"@type":"SearchAction","target":{"@type":"EntryPoint","urlTemplate":"https:\/\/www.bagnoitalia.com\/fr?s={search_term_string}"},"query-input":{"@type":"PropertyValueSpecification","valueRequired":true,"valueName":"search_term_string"}}],"inLanguage":"fr-FR"},{"@type":"Organization","@id":"https:\/\/www.bagnoitalia.com\/fr#organization","name":"Bagno Italia","url":"https:\/\/www.bagnoitalia.com\/fr","logo":{"@type":"ImageObject","inLanguage":"fr-FR","@id":"https:\/\/www.bagnoitalia.com\/fr#\/schema\/logo\/image\/","url":"https:\/\/img.bagnoitalia.com\/wp-content\/uploads\/logo-bagnoitalia.webp","contentUrl":"https:\/\/img.bagnoitalia.com\/wp-content\/uploads\/logo-bagnoitalia.webp","width":400,"height":70,"caption":"Bagno Italia"},"image":{"@id":"https:\/\/www.bagnoitalia.com\/fr#\/schema\/logo\/image\/"}}]}},"_links":{"self":[{"href":"https:\/\/www.bagnoitalia.com\/fr\/wp-json\/wp\/v2\/product\/96864","targetHints":{"allow":["GET"]}}],"collection":[{"href":"https:\/\/www.bagnoitalia.com\/fr\/wp-json\/wp\/v2\/product"}],"about":[{"href":"https:\/\/www.bagnoitalia.com\/fr\/wp-json\/wp\/v2\/types\/product"}],"replies":[{"embeddable":true,"href":"https:\/\/www.bagnoitalia.com\/fr\/wp-json\/wp\/v2\/comments?post=96864"}],"version-history":[{"count":4,"href":"https:\/\/www.bagnoitalia.com\/fr\/wp-json\/wp\/v2\/product\/96864\/revisions"}],"predecessor-version":[{"id":112699,"href":"https:\/\/www.bagnoitalia.com\/fr\/wp-json\/wp\/v2\/product\/96864\/revisions\/112699"}],"wp:featuredmedia":[{"embeddable":true,"href":"https:\/\/www.bagnoitalia.com\/fr\/wp-json\/wp\/v2\/media\/96840"}],"wp:attachment":[{"href":"https:\/\/www.bagnoitalia.com\/fr\/wp-json\/wp\/v2\/media?parent=96864"}],"wp:term":[{"taxonomy":"product_brand","embeddable":true,"href":"https:\/\/www.bagnoitalia.com\/fr\/wp-json\/wp\/v2\/product_brand?post=96864"},{"taxonomy":"product_cat","embeddable":true,"href":"https:\/\/www.bagnoitalia.com\/fr\/wp-json\/wp\/v2\/product_cat?post=96864"},{"taxonomy":"product_tag","embeddable":true,"href":"https:\/\/www.bagnoitalia.com\/fr\/wp-json\/wp\/v2\/product_tag?post=96864"}],"curies":[{"name":"wp","href":"https:\/\/api.w.org\/{rel}","templated":true}]}}