{"id":96657,"date":"2024-11-19T16:41:04","date_gmt":"2024-11-19T15:41:04","guid":{"rendered":"https:\/\/www.bagnoitalia.com\/5-person-whirlpool-230x230-cm-with-120-chromotherapy-jets-and-bluetooth-mp50.html"},"modified":"2025-10-13T15:22:21","modified_gmt":"2025-10-13T13:22:21","slug":"5-person-whirlpool-230x230-cm-with-120-chromotherapy-jets-and-bluetooth-mp50","status":"publish","type":"product","link":"https:\/\/www.bagnoitalia.com\/fr\/produit\/5-person-whirlpool-230x230-cm-with-120-chromotherapy-jets-and-bluetooth-mp50.html","title":{"rendered":"Baignoire baln\u00e9o 5 places 230&#215;230 cm avec 120 jets de chromoth\u00e9rapie et Bluetooth MP50"},"content":{"rendered":"<p>PISCINE HYDROMASSAGE 230&#215;230 cm &lsquo;MP50<\/p>\n<p>&nbsp;<\/p>\n<p>&nbsp;<\/p>\n<p>&nbsp;<\/p>\n<p>&nbsp;<\/p>\n<p>CARACT\u00c9RISTIQUES<\/p>\n<p>Bain \u00e0 remous carr\u00e9 pour l&rsquo;ext\u00e9rieur<\/p>\n<p>dimensions ext\u00e9rieures 230x230xH92 cm<\/p>\n<p>no. 120 jets d&rsquo;hydromassage \u00e0 intensit\u00e9 r\u00e9glable<\/p>\n<p>5 places (3 places assises + 2 chaises longues)<\/p>\n<p>Chromoth\u00e9rapie avec 12 LED multicolores<\/p>\n<p>Chauffage<\/p>\n<p>Jet cascade<\/p>\n<p>Jets d&rsquo;eau<\/p>\n<p>Syst\u00e8me audio Bluetooth et haut-parleurs LED \u00e9tanches<\/p>\n<p>&nbsp;<\/p>\n<p>NB : \u00e0 l&rsquo;aide du menu d\u00e9roulant, vous pouvez ajouter l&rsquo;\u00e9chelle et\/ou la couverture thermique.<\/p>\n<p>&nbsp;<\/p>\n<p>CARACT\u00c9RISTIQUES TECHNIQUES<\/p>\n<p>&nbsp;<\/p>\n<p>Poids 370 kg<\/p>\n<p>1300 litres d&rsquo;eau<\/p>\n<p>Syst\u00e8me de contr\u00f4le Balboa<\/p>\n<p>Coque Aristech Surfaces<\/p>\n<p>Cadre en acier inoxydable<\/p>\n<p>Fond de protection en ABS<\/p>\n<p>Isolation du corps 25 mm<\/p>\n<p>Raccordement pour \u00e9conomie d&rsquo;\u00e9nergie inclus<\/p>\n<p>Chauffage 3 kW<\/p>\n<p>Pompe de recirculation 0,26 kW<\/p>\n<p>Pompe d&rsquo;hydromassage 1,5 kW + 1,5 kW<\/p>\n<p>Syst\u00e8me de filtre \u00e0 cartouche<\/p>\n<p>&nbsp;<\/p>\n<p><strong><span dir=\"auto\">OPTION SUPPL\u00c9MENTAIRE :<\/span><\/strong><\/p>\n<p><span dir=\"auto\">FONCTION DE T\u00c9L\u00c9COMMANDE : Balboa BWA pour contr\u00f4le par smartphone<\/span><\/p>\n<p><span dir=\"auto\">Cette fonctionnalit\u00e9 optionnelle vous donne la possibilit\u00e9, via une connexion Wi-Fi, de t\u00e9l\u00e9charger une application sur votre t\u00e9l\u00e9phone et de g\u00e9rer les fonctions \u00e0 distance, directement depuis l&rsquo;application<\/span><\/p>\n<p>&nbsp;<\/p>\n<p>COULEUR DE LA PISCINE<\/p>\n<p>int\u00e9rieur : marbre blanc argent\u00e9<\/p>\n<p>ext\u00e9rieur : brun ou gris<\/p>\n<p>&nbsp;<\/p>\n<p><img fetchpriority=\"high\" decoding=\"async\" class=\"alignnone size-full wp-image-108655\" src=\"https:\/\/www.bagnoitalia.it\/wp-content\/uploads\/colori-interni-esterni-minipiscine-idromassaggio.jpg\" alt=\"\" width=\"1000\" height=\"1000\" \/><\/p>\n","protected":false},"excerpt":{"rendered":"<p>Spa miniature d&rsquo;ext\u00e9rieur avec syst\u00e8me de contr\u00f4le Balboa, de forme carr\u00e9e. Avec pas moins de 120 jets d&rsquo;hydromassage \u00e0 intensit\u00e9 r\u00e9glable, chauffage, syst\u00e8me de filtration \u00e0 cartouche et 12 LED multicolores pour la chromoth\u00e9rapie.<\/p>\n","protected":false},"featured_media":96629,"comment_status":"open","ping_status":"closed","template":"","meta":[],"product_brand":[10111],"product_cat":[10069],"product_tag":[],"class_list":{"0":"post-96657","1":"product","2":"type-product","3":"status-publish","4":"has-post-thumbnail","6":"product_brand-joyee","7":"product_cat-piscines-exterieures-a-hydromassage","9":"first","10":"instock","11":"sale","12":"taxable","13":"shipping-taxable","14":"purchasable","15":"product-type-simple"},"exclude_global_add_ons":false,"addons":[{"name":"\u00e9chelle","type":"multiple_choice","position":0,"required":false,"title_format":"label","default":"","description_enable":false,"description":"","placeholder_enable":false,"placeholder":"","display":"select","restrictions_type":"any_text","adjust_price":false,"price":"","price_type":"flat_fee","restrictions":false,"min":"0","max":"0","options":[{"label":"Non","price":"","price_type":"flat_fee","image":0,"visibility":true},{"label":"Avec escabeau","price":"189","price_type":"flat_fee","image":0,"visibility":true}],"id":1732034465},{"name":"Couvercle","type":"multiple_choice","position":1,"required":false,"title_format":"label","default":"","description_enable":false,"description":"","placeholder_enable":false,"placeholder":"","display":"select","restrictions_type":"any_text","adjust_price":false,"price":"","price_type":"flat_fee","restrictions":false,"min":"0","max":"0","options":[{"label":"Non","price":"","price_type":"flat_fee","image":0,"visibility":true},{"label":"Avec couverture thermique","price":"319","price_type":"flat_fee","image":0,"visibility":true}],"id":1732034466},{"name":"Couleur de l'habillage ext\u00e9rieur","type":"multiple_choice","position":2,"required":false,"title_format":"label","default":"","description_enable":false,"description":"","placeholder_enable":false,"placeholder":"","display":"select","restrictions_type":"any_text","adjust_price":false,"price":"","price_type":"flat_fee","restrictions":false,"min":"0","max":"0","options":[{"label":"brun","price":"","price_type":"flat_fee","image":0,"visibility":true},{"label":"gris","price":"","price_type":"flat_fee","image":0,"visibility":true}],"id":1732034467},{"name":"OPTION SUPPL\u00c9MENTAIRE","type":"multiple_choice","position":3,"required":false,"title_format":"label","default":"","description_enable":false,"description":"","placeholder_enable":false,"placeholder":"","display":"select","restrictions_type":"any_text","adjust_price":false,"price":"","price_type":"flat_fee","restrictions":false,"min":"0","max":"0","options":[{"label":"aucun","price":"","price_type":"flat_fee","image":0,"visibility":true},{"label":"Commande \u00e0 distance","price":"500","price_type":"flat_fee","image":0,"visibility":true}],"id":1760368942}],"yoast_head":"<!-- This site is optimized with the Yoast SEO plugin v26.7 - https:\/\/yoast.com\/wordpress\/plugins\/seo\/ -->\n<title>Baignoire baln\u00e9o 5 places 230x230 cm avec 120 jets de chromoth\u00e9rapie et Bluetooth MP50 - Bagno Italia<\/title>\n<meta name=\"robots\" content=\"index, follow, max-snippet:-1, max-image-preview:large, max-video-preview:-1\" \/>\n<link rel=\"canonical\" href=\"https:\/\/www.bagnoitalia.com\/fr\/produit\/5-person-whirlpool-230x230-cm-with-120-chromotherapy-jets-and-bluetooth-mp50.html\" \/>\n<meta property=\"og:locale\" content=\"fr_FR\" \/>\n<meta property=\"og:type\" content=\"article\" \/>\n<meta property=\"og:title\" content=\"Baignoire baln\u00e9o 5 places 230x230 cm avec 120 jets de chromoth\u00e9rapie et Bluetooth MP50 - Bagno Italia\" \/>\n<meta property=\"og:description\" content=\"Spa miniature d&#039;ext\u00e9rieur avec syst\u00e8me de contr\u00f4le Balboa, de forme carr\u00e9e. Avec pas moins de 120 jets d&#039;hydromassage \u00e0 intensit\u00e9 r\u00e9glable, chauffage, syst\u00e8me de filtration \u00e0 cartouche et 12 LED multicolores pour la chromoth\u00e9rapie.\" \/>\n<meta property=\"og:url\" content=\"https:\/\/www.bagnoitalia.com\/fr\/produit\/5-person-whirlpool-230x230-cm-with-120-chromotherapy-jets-and-bluetooth-mp50.html\" \/>\n<meta property=\"og:site_name\" content=\"Bagno Italia\" \/>\n<meta property=\"article:modified_time\" content=\"2025-10-13T13:22:21+00:00\" \/>\n<meta property=\"og:image\" content=\"https:\/\/img.bagnoitalia.com\/wp-content\/uploads\/1-34.webp\" \/>\n\t<meta property=\"og:image:width\" content=\"1200\" \/>\n\t<meta property=\"og:image:height\" content=\"1200\" \/>\n\t<meta property=\"og:image:type\" content=\"image\/webp\" \/>\n<meta name=\"twitter:card\" content=\"summary_large_image\" \/>\n<meta name=\"twitter:label1\" content=\"Dur\u00e9e de lecture estim\u00e9e\" \/>\n\t<meta name=\"twitter:data1\" content=\"2 minutes\" \/>\n<script type=\"application\/ld+json\" class=\"yoast-schema-graph\">{\"@context\":\"https:\/\/schema.org\",\"@graph\":[{\"@type\":\"WebPage\",\"@id\":\"https:\/\/www.bagnoitalia.com\/fr\/produit\/5-person-whirlpool-230x230-cm-with-120-chromotherapy-jets-and-bluetooth-mp50.html\",\"url\":\"https:\/\/www.bagnoitalia.com\/fr\/produit\/5-person-whirlpool-230x230-cm-with-120-chromotherapy-jets-and-bluetooth-mp50.html\",\"name\":\"Baignoire baln\u00e9o 5 places 230x230 cm avec 120 jets de chromoth\u00e9rapie et Bluetooth MP50 - Bagno Italia\",\"isPartOf\":{\"@id\":\"https:\/\/www.bagnoitalia.com\/fr#website\"},\"primaryImageOfPage\":{\"@id\":\"https:\/\/www.bagnoitalia.com\/fr\/produit\/5-person-whirlpool-230x230-cm-with-120-chromotherapy-jets-and-bluetooth-mp50.html#primaryimage\"},\"image\":{\"@id\":\"https:\/\/www.bagnoitalia.com\/fr\/produit\/5-person-whirlpool-230x230-cm-with-120-chromotherapy-jets-and-bluetooth-mp50.html#primaryimage\"},\"thumbnailUrl\":\"https:\/\/img.bagnoitalia.com\/wp-content\/uploads\/1-34.webp\",\"datePublished\":\"2024-11-19T15:41:04+00:00\",\"dateModified\":\"2025-10-13T13:22:21+00:00\",\"breadcrumb\":{\"@id\":\"https:\/\/www.bagnoitalia.com\/fr\/produit\/5-person-whirlpool-230x230-cm-with-120-chromotherapy-jets-and-bluetooth-mp50.html#breadcrumb\"},\"inLanguage\":\"fr-FR\",\"potentialAction\":[{\"@type\":\"ReadAction\",\"target\":[\"https:\/\/www.bagnoitalia.com\/fr\/produit\/5-person-whirlpool-230x230-cm-with-120-chromotherapy-jets-and-bluetooth-mp50.html\"]}]},{\"@type\":\"ImageObject\",\"inLanguage\":\"fr-FR\",\"@id\":\"https:\/\/www.bagnoitalia.com\/fr\/produit\/5-person-whirlpool-230x230-cm-with-120-chromotherapy-jets-and-bluetooth-mp50.html#primaryimage\",\"url\":\"https:\/\/img.bagnoitalia.com\/wp-content\/uploads\/1-34.webp\",\"contentUrl\":\"https:\/\/img.bagnoitalia.com\/wp-content\/uploads\/1-34.webp\",\"width\":1200,\"height\":1200},{\"@type\":\"BreadcrumbList\",\"@id\":\"https:\/\/www.bagnoitalia.com\/fr\/produit\/5-person-whirlpool-230x230-cm-with-120-chromotherapy-jets-and-bluetooth-mp50.html#breadcrumb\",\"itemListElement\":[{\"@type\":\"ListItem\",\"position\":1,\"name\":\"Home\",\"item\":\"https:\/\/www.bagnoitalia.com\/fr\"},{\"@type\":\"ListItem\",\"position\":2,\"name\":\"Produits\",\"item\":\"https:\/\/www.bagnoitalia.com\/fr\/shop\"},{\"@type\":\"ListItem\",\"position\":3,\"name\":\"Baignoire baln\u00e9o 5 places 230&#215;230 cm avec 120 jets de chromoth\u00e9rapie et Bluetooth MP50\"}]},{\"@type\":\"WebSite\",\"@id\":\"https:\/\/www.bagnoitalia.com\/fr#website\",\"url\":\"https:\/\/www.bagnoitalia.com\/fr\",\"name\":\"Bagno Italia\",\"description\":\"\",\"publisher\":{\"@id\":\"https:\/\/www.bagnoitalia.com\/fr#organization\"},\"potentialAction\":[{\"@type\":\"SearchAction\",\"target\":{\"@type\":\"EntryPoint\",\"urlTemplate\":\"https:\/\/www.bagnoitalia.com\/fr?s={search_term_string}\"},\"query-input\":{\"@type\":\"PropertyValueSpecification\",\"valueRequired\":true,\"valueName\":\"search_term_string\"}}],\"inLanguage\":\"fr-FR\"},{\"@type\":\"Organization\",\"@id\":\"https:\/\/www.bagnoitalia.com\/fr#organization\",\"name\":\"Bagno Italia\",\"url\":\"https:\/\/www.bagnoitalia.com\/fr\",\"logo\":{\"@type\":\"ImageObject\",\"inLanguage\":\"fr-FR\",\"@id\":\"https:\/\/www.bagnoitalia.com\/fr#\/schema\/logo\/image\/\",\"url\":\"https:\/\/img.bagnoitalia.com\/wp-content\/uploads\/logo-bagnoitalia.webp\",\"contentUrl\":\"https:\/\/img.bagnoitalia.com\/wp-content\/uploads\/logo-bagnoitalia.webp\",\"width\":400,\"height\":70,\"caption\":\"Bagno Italia\"},\"image\":{\"@id\":\"https:\/\/www.bagnoitalia.com\/fr#\/schema\/logo\/image\/\"}}]}<\/script>\n<!-- \/ Yoast SEO plugin. -->","yoast_head_json":{"title":"Baignoire baln\u00e9o 5 places 230x230 cm avec 120 jets de chromoth\u00e9rapie et Bluetooth MP50 - Bagno Italia","robots":{"index":"index","follow":"follow","max-snippet":"max-snippet:-1","max-image-preview":"max-image-preview:large","max-video-preview":"max-video-preview:-1"},"canonical":"https:\/\/www.bagnoitalia.com\/fr\/produit\/5-person-whirlpool-230x230-cm-with-120-chromotherapy-jets-and-bluetooth-mp50.html","og_locale":"fr_FR","og_type":"article","og_title":"Baignoire baln\u00e9o 5 places 230x230 cm avec 120 jets de chromoth\u00e9rapie et Bluetooth MP50 - Bagno Italia","og_description":"Spa miniature d'ext\u00e9rieur avec syst\u00e8me de contr\u00f4le Balboa, de forme carr\u00e9e. Avec pas moins de 120 jets d'hydromassage \u00e0 intensit\u00e9 r\u00e9glable, chauffage, syst\u00e8me de filtration \u00e0 cartouche et 12 LED multicolores pour la chromoth\u00e9rapie.","og_url":"https:\/\/www.bagnoitalia.com\/fr\/produit\/5-person-whirlpool-230x230-cm-with-120-chromotherapy-jets-and-bluetooth-mp50.html","og_site_name":"Bagno Italia","article_modified_time":"2025-10-13T13:22:21+00:00","og_image":[{"width":1200,"height":1200,"url":"https:\/\/img.bagnoitalia.com\/wp-content\/uploads\/1-34.webp","type":"image\/webp"}],"twitter_card":"summary_large_image","twitter_misc":{"Dur\u00e9e de lecture estim\u00e9e":"2 minutes"},"schema":{"@context":"https:\/\/schema.org","@graph":[{"@type":"WebPage","@id":"https:\/\/www.bagnoitalia.com\/fr\/produit\/5-person-whirlpool-230x230-cm-with-120-chromotherapy-jets-and-bluetooth-mp50.html","url":"https:\/\/www.bagnoitalia.com\/fr\/produit\/5-person-whirlpool-230x230-cm-with-120-chromotherapy-jets-and-bluetooth-mp50.html","name":"Baignoire baln\u00e9o 5 places 230x230 cm avec 120 jets de chromoth\u00e9rapie et Bluetooth MP50 - Bagno Italia","isPartOf":{"@id":"https:\/\/www.bagnoitalia.com\/fr#website"},"primaryImageOfPage":{"@id":"https:\/\/www.bagnoitalia.com\/fr\/produit\/5-person-whirlpool-230x230-cm-with-120-chromotherapy-jets-and-bluetooth-mp50.html#primaryimage"},"image":{"@id":"https:\/\/www.bagnoitalia.com\/fr\/produit\/5-person-whirlpool-230x230-cm-with-120-chromotherapy-jets-and-bluetooth-mp50.html#primaryimage"},"thumbnailUrl":"https:\/\/img.bagnoitalia.com\/wp-content\/uploads\/1-34.webp","datePublished":"2024-11-19T15:41:04+00:00","dateModified":"2025-10-13T13:22:21+00:00","breadcrumb":{"@id":"https:\/\/www.bagnoitalia.com\/fr\/produit\/5-person-whirlpool-230x230-cm-with-120-chromotherapy-jets-and-bluetooth-mp50.html#breadcrumb"},"inLanguage":"fr-FR","potentialAction":[{"@type":"ReadAction","target":["https:\/\/www.bagnoitalia.com\/fr\/produit\/5-person-whirlpool-230x230-cm-with-120-chromotherapy-jets-and-bluetooth-mp50.html"]}]},{"@type":"ImageObject","inLanguage":"fr-FR","@id":"https:\/\/www.bagnoitalia.com\/fr\/produit\/5-person-whirlpool-230x230-cm-with-120-chromotherapy-jets-and-bluetooth-mp50.html#primaryimage","url":"https:\/\/img.bagnoitalia.com\/wp-content\/uploads\/1-34.webp","contentUrl":"https:\/\/img.bagnoitalia.com\/wp-content\/uploads\/1-34.webp","width":1200,"height":1200},{"@type":"BreadcrumbList","@id":"https:\/\/www.bagnoitalia.com\/fr\/produit\/5-person-whirlpool-230x230-cm-with-120-chromotherapy-jets-and-bluetooth-mp50.html#breadcrumb","itemListElement":[{"@type":"ListItem","position":1,"name":"Home","item":"https:\/\/www.bagnoitalia.com\/fr"},{"@type":"ListItem","position":2,"name":"Produits","item":"https:\/\/www.bagnoitalia.com\/fr\/shop"},{"@type":"ListItem","position":3,"name":"Baignoire baln\u00e9o 5 places 230&#215;230 cm avec 120 jets de chromoth\u00e9rapie et Bluetooth MP50"}]},{"@type":"WebSite","@id":"https:\/\/www.bagnoitalia.com\/fr#website","url":"https:\/\/www.bagnoitalia.com\/fr","name":"Bagno Italia","description":"","publisher":{"@id":"https:\/\/www.bagnoitalia.com\/fr#organization"},"potentialAction":[{"@type":"SearchAction","target":{"@type":"EntryPoint","urlTemplate":"https:\/\/www.bagnoitalia.com\/fr?s={search_term_string}"},"query-input":{"@type":"PropertyValueSpecification","valueRequired":true,"valueName":"search_term_string"}}],"inLanguage":"fr-FR"},{"@type":"Organization","@id":"https:\/\/www.bagnoitalia.com\/fr#organization","name":"Bagno Italia","url":"https:\/\/www.bagnoitalia.com\/fr","logo":{"@type":"ImageObject","inLanguage":"fr-FR","@id":"https:\/\/www.bagnoitalia.com\/fr#\/schema\/logo\/image\/","url":"https:\/\/img.bagnoitalia.com\/wp-content\/uploads\/logo-bagnoitalia.webp","contentUrl":"https:\/\/img.bagnoitalia.com\/wp-content\/uploads\/logo-bagnoitalia.webp","width":400,"height":70,"caption":"Bagno Italia"},"image":{"@id":"https:\/\/www.bagnoitalia.com\/fr#\/schema\/logo\/image\/"}}]}},"_links":{"self":[{"href":"https:\/\/www.bagnoitalia.com\/fr\/wp-json\/wp\/v2\/product\/96657","targetHints":{"allow":["GET"]}}],"collection":[{"href":"https:\/\/www.bagnoitalia.com\/fr\/wp-json\/wp\/v2\/product"}],"about":[{"href":"https:\/\/www.bagnoitalia.com\/fr\/wp-json\/wp\/v2\/types\/product"}],"replies":[{"embeddable":true,"href":"https:\/\/www.bagnoitalia.com\/fr\/wp-json\/wp\/v2\/comments?post=96657"}],"version-history":[{"count":4,"href":"https:\/\/www.bagnoitalia.com\/fr\/wp-json\/wp\/v2\/product\/96657\/revisions"}],"predecessor-version":[{"id":112704,"href":"https:\/\/www.bagnoitalia.com\/fr\/wp-json\/wp\/v2\/product\/96657\/revisions\/112704"}],"wp:featuredmedia":[{"embeddable":true,"href":"https:\/\/www.bagnoitalia.com\/fr\/wp-json\/wp\/v2\/media\/96629"}],"wp:attachment":[{"href":"https:\/\/www.bagnoitalia.com\/fr\/wp-json\/wp\/v2\/media?parent=96657"}],"wp:term":[{"taxonomy":"product_brand","embeddable":true,"href":"https:\/\/www.bagnoitalia.com\/fr\/wp-json\/wp\/v2\/product_brand?post=96657"},{"taxonomy":"product_cat","embeddable":true,"href":"https:\/\/www.bagnoitalia.com\/fr\/wp-json\/wp\/v2\/product_cat?post=96657"},{"taxonomy":"product_tag","embeddable":true,"href":"https:\/\/www.bagnoitalia.com\/fr\/wp-json\/wp\/v2\/product_tag?post=96657"}],"curies":[{"name":"wp","href":"https:\/\/api.w.org\/{rel}","templated":true}]}}