{"id":96549,"date":"2024-11-19T15:45:14","date_gmt":"2024-11-19T14:45:14","guid":{"rendered":"https:\/\/www.bagnoitalia.com\/dining-table-160x80-or-180x90-or-200x100-cm-white-metal-frame-wooden-top-in-7-colours-tl036.html"},"modified":"2024-11-19T15:54:41","modified_gmt":"2024-11-19T14:54:41","slug":"dining-table-160x80-or-180x90-or-200x100-cm-white-metal-frame-wooden-top-in-7-colours-tl036","status":"publish","type":"product","link":"https:\/\/www.bagnoitalia.com\/fr\/produit\/dining-table-160x80-or-180x90-or-200x100-cm-white-metal-frame-wooden-top-in-7-colours-tl036.html","title":{"rendered":"Table de salle \u00e0 manger 160&#215;80 ou 180&#215;90 ou 200&#215;100 cm structure m\u00e9tallique blanche plateau en bois en 7 couleurs TL036"},"content":{"rendered":"<p>TABLE DE SALLE \u00c0 MANGER 3 TAILLES 7 COULEURS &lsquo;TL036&rsquo;<\/p>\n<p>&nbsp;<\/p>\n<p>&nbsp;<\/p>\n<p>&nbsp;<\/p>\n<p>&nbsp;<\/p>\n<p>DIMENSIONS DISPONIBLES<\/p>\n<p>160&#215;80 cm (6 places) hauteur du sol 74,4 cm<br \/>\n180&#215;90 cm (6-8 places) hauteur du sol 74,4 cm<br \/>\n200&#215;100 cm (8 places) hauteur du sol 74,4 cm<\/p>\n<p>&nbsp;<\/p>\n<p>COULEURS DISPONIBLES POUR LE PLATEAU DE TABLE<\/p>\n<p>bronze<br \/>\nanthracite<br \/>\nargile<br \/>\ngris pierre<br \/>\nch\u00eane blanc<br \/>\nch\u00eane or<br \/>\nch\u00eane gris<\/p>\n<p>&nbsp;<\/p>\n<p>CARACT\u00c9RISTIQUES PRINCIPALES<\/p>\n<p>Table de salle \u00e0 manger rectangulaire, design moderne et raffin\u00e9<\/p>\n<p>Plateau de table en bois r\u00e9nov\u00e9 d&rsquo;une \u00e9paisseur de 3,8 cm<\/p>\n<p>Structure en m\u00e9tal, blanc avec finition mate<\/p>\n<p>Pieds de 8&#215;2 cm<\/p>\n<p>&nbsp;<\/p>\n<p>NB : les chaises ne sont pas incluses dans l&rsquo;offre.<\/p>\n<p>&nbsp;<\/p>\n<p>&nbsp;<\/p>\n<p>&nbsp;<\/p>\n<p>&nbsp;<\/p>\n<p>&nbsp;<\/p>\n<p>&nbsp;<\/p>\n<p>&nbsp;<\/p>\n<p>&nbsp;<\/p>\n<p>&nbsp;<\/p>\n<p>&nbsp;<\/p>\n<p>Unique<\/p>\n<p>&nbsp;<\/p>\n<p>&nbsp;<\/p>\n","protected":false},"excerpt":{"rendered":"<p>Table rectangulaire au design moderne, disponible en 3 tailles. Compos\u00e9e de pieds en m\u00e9tal en forme de U, finition blanc mat. Le plateau de la table est en bois et est disponible en 7 couleurs : bronze, anthracite, argile, gris pierre, ch\u00eane blanc, ch\u00eane dor\u00e9, ch\u00eane gris.<\/p>\n","protected":false},"featured_media":96501,"comment_status":"open","ping_status":"closed","template":"","meta":[],"product_brand":[5006],"product_cat":[10006],"product_tag":[],"class_list":{"0":"post-96549","1":"product","2":"type-product","3":"status-publish","4":"has-post-thumbnail","6":"product_brand-deghi","7":"product_cat-tables-fr","9":"first","10":"instock","11":"sale","12":"taxable","13":"shipping-taxable","14":"purchasable","15":"product-type-simple"},"exclude_global_add_ons":false,"addons":[{"name":"Type","type":"multiple_choice","position":0,"required":false,"title_format":"label","default":"","description_enable":false,"description":"","placeholder_enable":false,"placeholder":"","display":"select","restrictions_type":"any_text","adjust_price":false,"price":"","price_type":"flat_fee","restrictions":false,"min":"0","max":"0","options":[{"label":"160x80 avec plateau bronze","price":"","price_type":"flat_fee","image":0,"visibility":true},{"label":"160x80 avec plateau anthracite","price":"","price_type":"flat_fee","image":0,"visibility":true},{"label":"160x80 avec plateau en argile","price":"","price_type":"flat_fee","image":0,"visibility":true},{"label":"160x80 avec plateau gris pierre","price":"","price_type":"flat_fee","image":0,"visibility":true},{"label":"160x80 avec plateau en ch\u00eane blanc","price":"","price_type":"flat_fee","image":0,"visibility":true},{"label":"160x80 avec plateau en ch\u00eane dor\u00e9","price":"","price_type":"flat_fee","image":0,"visibility":true},{"label":"160x80 avec plateau en ch\u00eane gris","price":"","price_type":"flat_fee","image":0,"visibility":true},{"label":"180x90 avec plateau bronze","price":"40","price_type":"flat_fee","image":0,"visibility":true},{"label":"180x90 avec plateau anthracite","price":"40","price_type":"flat_fee","image":0,"visibility":true},{"label":"180x90 avec plateau en argile","price":"40","price_type":"flat_fee","image":0,"visibility":true},{"label":"180x90 avec plateau gris pierre","price":"40","price_type":"flat_fee","image":0,"visibility":true},{"label":"180x90 avec plateau en ch\u00eane blanc","price":"40","price_type":"flat_fee","image":0,"visibility":true},{"label":"180x90 avec plateau en ch\u00eane dor\u00e9","price":"40","price_type":"flat_fee","image":0,"visibility":true},{"label":"180x90 avec plateau en ch\u00eane gris","price":"40","price_type":"flat_fee","image":0,"visibility":true},{"label":"200x100 avec plateau bronze","price":"90","price_type":"flat_fee","image":0,"visibility":true},{"label":"200x100 avec plateau anthracite","price":"90","price_type":"flat_fee","image":0,"visibility":true},{"label":"200x100 avec plateau en argile","price":"90","price_type":"flat_fee","image":0,"visibility":true},{"label":"200x100 avec plateau gris pierre","price":"90","price_type":"flat_fee","image":0,"visibility":true},{"label":"200x100 avec plateau en ch\u00eane blanc","price":"90","price_type":"flat_fee","image":0,"visibility":true},{"label":"200x100 avec plateau en ch\u00eane dor\u00e9","price":"90","price_type":"flat_fee","image":0,"visibility":true},{"label":"200x100 avec plateau en ch\u00eane gris","price":"90","price_type":"flat_fee","image":0,"visibility":true}],"id":1732031115}],"yoast_head":"<!-- This site is optimized with the Yoast SEO plugin v26.7 - https:\/\/yoast.com\/wordpress\/plugins\/seo\/ -->\n<title>Table de salle \u00e0 manger 160x80 ou 180x90 ou 200x100 cm structure m\u00e9tallique blanche plateau en bois en 7 couleurs TL036 - Bagno Italia<\/title>\n<meta name=\"robots\" content=\"index, follow, max-snippet:-1, max-image-preview:large, max-video-preview:-1\" \/>\n<link rel=\"canonical\" href=\"https:\/\/www.bagnoitalia.com\/fr\/produit\/dining-table-160x80-or-180x90-or-200x100-cm-white-metal-frame-wooden-top-in-7-colours-tl036.html\" \/>\n<meta property=\"og:locale\" content=\"fr_FR\" \/>\n<meta property=\"og:type\" content=\"article\" \/>\n<meta property=\"og:title\" content=\"Table de salle \u00e0 manger 160x80 ou 180x90 ou 200x100 cm structure m\u00e9tallique blanche plateau en bois en 7 couleurs TL036 - Bagno Italia\" \/>\n<meta property=\"og:description\" content=\"Table rectangulaire au design moderne, disponible en 3 tailles. Compos\u00e9e de pieds en m\u00e9tal en forme de U, finition blanc mat. Le plateau de la table est en bois et est disponible en 7 couleurs : bronze, anthracite, argile, gris pierre, ch\u00eane blanc, ch\u00eane dor\u00e9, ch\u00eane gris.\" \/>\n<meta property=\"og:url\" content=\"https:\/\/www.bagnoitalia.com\/fr\/produit\/dining-table-160x80-or-180x90-or-200x100-cm-white-metal-frame-wooden-top-in-7-colours-tl036.html\" \/>\n<meta property=\"og:site_name\" content=\"Bagno Italia\" \/>\n<meta property=\"article:modified_time\" content=\"2024-11-19T14:54:41+00:00\" \/>\n<meta property=\"og:image\" content=\"https:\/\/img.bagnoitalia.com\/wp-content\/uploads\/1-32.webp\" \/>\n\t<meta property=\"og:image:width\" content=\"1000\" \/>\n\t<meta property=\"og:image:height\" content=\"1000\" \/>\n\t<meta property=\"og:image:type\" content=\"image\/webp\" \/>\n<meta name=\"twitter:card\" content=\"summary_large_image\" \/>\n<meta name=\"twitter:label1\" content=\"Dur\u00e9e de lecture estim\u00e9e\" \/>\n\t<meta name=\"twitter:data1\" content=\"1 minute\" \/>\n<script type=\"application\/ld+json\" class=\"yoast-schema-graph\">{\"@context\":\"https:\/\/schema.org\",\"@graph\":[{\"@type\":\"WebPage\",\"@id\":\"https:\/\/www.bagnoitalia.com\/fr\/produit\/dining-table-160x80-or-180x90-or-200x100-cm-white-metal-frame-wooden-top-in-7-colours-tl036.html\",\"url\":\"https:\/\/www.bagnoitalia.com\/fr\/produit\/dining-table-160x80-or-180x90-or-200x100-cm-white-metal-frame-wooden-top-in-7-colours-tl036.html\",\"name\":\"Table de salle \u00e0 manger 160x80 ou 180x90 ou 200x100 cm structure m\u00e9tallique blanche plateau en bois en 7 couleurs TL036 - Bagno Italia\",\"isPartOf\":{\"@id\":\"https:\/\/www.bagnoitalia.com\/fr#website\"},\"primaryImageOfPage\":{\"@id\":\"https:\/\/www.bagnoitalia.com\/fr\/produit\/dining-table-160x80-or-180x90-or-200x100-cm-white-metal-frame-wooden-top-in-7-colours-tl036.html#primaryimage\"},\"image\":{\"@id\":\"https:\/\/www.bagnoitalia.com\/fr\/produit\/dining-table-160x80-or-180x90-or-200x100-cm-white-metal-frame-wooden-top-in-7-colours-tl036.html#primaryimage\"},\"thumbnailUrl\":\"https:\/\/img.bagnoitalia.com\/wp-content\/uploads\/1-32.webp\",\"datePublished\":\"2024-11-19T14:45:14+00:00\",\"dateModified\":\"2024-11-19T14:54:41+00:00\",\"breadcrumb\":{\"@id\":\"https:\/\/www.bagnoitalia.com\/fr\/produit\/dining-table-160x80-or-180x90-or-200x100-cm-white-metal-frame-wooden-top-in-7-colours-tl036.html#breadcrumb\"},\"inLanguage\":\"fr-FR\",\"potentialAction\":[{\"@type\":\"ReadAction\",\"target\":[\"https:\/\/www.bagnoitalia.com\/fr\/produit\/dining-table-160x80-or-180x90-or-200x100-cm-white-metal-frame-wooden-top-in-7-colours-tl036.html\"]}]},{\"@type\":\"ImageObject\",\"inLanguage\":\"fr-FR\",\"@id\":\"https:\/\/www.bagnoitalia.com\/fr\/produit\/dining-table-160x80-or-180x90-or-200x100-cm-white-metal-frame-wooden-top-in-7-colours-tl036.html#primaryimage\",\"url\":\"https:\/\/img.bagnoitalia.com\/wp-content\/uploads\/1-32.webp\",\"contentUrl\":\"https:\/\/img.bagnoitalia.com\/wp-content\/uploads\/1-32.webp\",\"width\":1000,\"height\":1000},{\"@type\":\"BreadcrumbList\",\"@id\":\"https:\/\/www.bagnoitalia.com\/fr\/produit\/dining-table-160x80-or-180x90-or-200x100-cm-white-metal-frame-wooden-top-in-7-colours-tl036.html#breadcrumb\",\"itemListElement\":[{\"@type\":\"ListItem\",\"position\":1,\"name\":\"Home\",\"item\":\"https:\/\/www.bagnoitalia.com\/fr\"},{\"@type\":\"ListItem\",\"position\":2,\"name\":\"Produits\",\"item\":\"https:\/\/www.bagnoitalia.com\/fr\/shop\"},{\"@type\":\"ListItem\",\"position\":3,\"name\":\"Table de salle \u00e0 manger 160&#215;80 ou 180&#215;90 ou 200&#215;100 cm structure m\u00e9tallique blanche plateau en bois en 7 couleurs TL036\"}]},{\"@type\":\"WebSite\",\"@id\":\"https:\/\/www.bagnoitalia.com\/fr#website\",\"url\":\"https:\/\/www.bagnoitalia.com\/fr\",\"name\":\"Bagno Italia\",\"description\":\"\",\"publisher\":{\"@id\":\"https:\/\/www.bagnoitalia.com\/fr#organization\"},\"potentialAction\":[{\"@type\":\"SearchAction\",\"target\":{\"@type\":\"EntryPoint\",\"urlTemplate\":\"https:\/\/www.bagnoitalia.com\/fr?s={search_term_string}\"},\"query-input\":{\"@type\":\"PropertyValueSpecification\",\"valueRequired\":true,\"valueName\":\"search_term_string\"}}],\"inLanguage\":\"fr-FR\"},{\"@type\":\"Organization\",\"@id\":\"https:\/\/www.bagnoitalia.com\/fr#organization\",\"name\":\"Bagno Italia\",\"url\":\"https:\/\/www.bagnoitalia.com\/fr\",\"logo\":{\"@type\":\"ImageObject\",\"inLanguage\":\"fr-FR\",\"@id\":\"https:\/\/www.bagnoitalia.com\/fr#\/schema\/logo\/image\/\",\"url\":\"https:\/\/img.bagnoitalia.com\/wp-content\/uploads\/logo-bagnoitalia.webp\",\"contentUrl\":\"https:\/\/img.bagnoitalia.com\/wp-content\/uploads\/logo-bagnoitalia.webp\",\"width\":400,\"height\":70,\"caption\":\"Bagno Italia\"},\"image\":{\"@id\":\"https:\/\/www.bagnoitalia.com\/fr#\/schema\/logo\/image\/\"}}]}<\/script>\n<!-- \/ Yoast SEO plugin. -->","yoast_head_json":{"title":"Table de salle \u00e0 manger 160x80 ou 180x90 ou 200x100 cm structure m\u00e9tallique blanche plateau en bois en 7 couleurs TL036 - Bagno Italia","robots":{"index":"index","follow":"follow","max-snippet":"max-snippet:-1","max-image-preview":"max-image-preview:large","max-video-preview":"max-video-preview:-1"},"canonical":"https:\/\/www.bagnoitalia.com\/fr\/produit\/dining-table-160x80-or-180x90-or-200x100-cm-white-metal-frame-wooden-top-in-7-colours-tl036.html","og_locale":"fr_FR","og_type":"article","og_title":"Table de salle \u00e0 manger 160x80 ou 180x90 ou 200x100 cm structure m\u00e9tallique blanche plateau en bois en 7 couleurs TL036 - Bagno Italia","og_description":"Table rectangulaire au design moderne, disponible en 3 tailles. Compos\u00e9e de pieds en m\u00e9tal en forme de U, finition blanc mat. Le plateau de la table est en bois et est disponible en 7 couleurs : bronze, anthracite, argile, gris pierre, ch\u00eane blanc, ch\u00eane dor\u00e9, ch\u00eane gris.","og_url":"https:\/\/www.bagnoitalia.com\/fr\/produit\/dining-table-160x80-or-180x90-or-200x100-cm-white-metal-frame-wooden-top-in-7-colours-tl036.html","og_site_name":"Bagno Italia","article_modified_time":"2024-11-19T14:54:41+00:00","og_image":[{"width":1000,"height":1000,"url":"https:\/\/img.bagnoitalia.com\/wp-content\/uploads\/1-32.webp","type":"image\/webp"}],"twitter_card":"summary_large_image","twitter_misc":{"Dur\u00e9e de lecture estim\u00e9e":"1 minute"},"schema":{"@context":"https:\/\/schema.org","@graph":[{"@type":"WebPage","@id":"https:\/\/www.bagnoitalia.com\/fr\/produit\/dining-table-160x80-or-180x90-or-200x100-cm-white-metal-frame-wooden-top-in-7-colours-tl036.html","url":"https:\/\/www.bagnoitalia.com\/fr\/produit\/dining-table-160x80-or-180x90-or-200x100-cm-white-metal-frame-wooden-top-in-7-colours-tl036.html","name":"Table de salle \u00e0 manger 160x80 ou 180x90 ou 200x100 cm structure m\u00e9tallique blanche plateau en bois en 7 couleurs TL036 - Bagno Italia","isPartOf":{"@id":"https:\/\/www.bagnoitalia.com\/fr#website"},"primaryImageOfPage":{"@id":"https:\/\/www.bagnoitalia.com\/fr\/produit\/dining-table-160x80-or-180x90-or-200x100-cm-white-metal-frame-wooden-top-in-7-colours-tl036.html#primaryimage"},"image":{"@id":"https:\/\/www.bagnoitalia.com\/fr\/produit\/dining-table-160x80-or-180x90-or-200x100-cm-white-metal-frame-wooden-top-in-7-colours-tl036.html#primaryimage"},"thumbnailUrl":"https:\/\/img.bagnoitalia.com\/wp-content\/uploads\/1-32.webp","datePublished":"2024-11-19T14:45:14+00:00","dateModified":"2024-11-19T14:54:41+00:00","breadcrumb":{"@id":"https:\/\/www.bagnoitalia.com\/fr\/produit\/dining-table-160x80-or-180x90-or-200x100-cm-white-metal-frame-wooden-top-in-7-colours-tl036.html#breadcrumb"},"inLanguage":"fr-FR","potentialAction":[{"@type":"ReadAction","target":["https:\/\/www.bagnoitalia.com\/fr\/produit\/dining-table-160x80-or-180x90-or-200x100-cm-white-metal-frame-wooden-top-in-7-colours-tl036.html"]}]},{"@type":"ImageObject","inLanguage":"fr-FR","@id":"https:\/\/www.bagnoitalia.com\/fr\/produit\/dining-table-160x80-or-180x90-or-200x100-cm-white-metal-frame-wooden-top-in-7-colours-tl036.html#primaryimage","url":"https:\/\/img.bagnoitalia.com\/wp-content\/uploads\/1-32.webp","contentUrl":"https:\/\/img.bagnoitalia.com\/wp-content\/uploads\/1-32.webp","width":1000,"height":1000},{"@type":"BreadcrumbList","@id":"https:\/\/www.bagnoitalia.com\/fr\/produit\/dining-table-160x80-or-180x90-or-200x100-cm-white-metal-frame-wooden-top-in-7-colours-tl036.html#breadcrumb","itemListElement":[{"@type":"ListItem","position":1,"name":"Home","item":"https:\/\/www.bagnoitalia.com\/fr"},{"@type":"ListItem","position":2,"name":"Produits","item":"https:\/\/www.bagnoitalia.com\/fr\/shop"},{"@type":"ListItem","position":3,"name":"Table de salle \u00e0 manger 160&#215;80 ou 180&#215;90 ou 200&#215;100 cm structure m\u00e9tallique blanche plateau en bois en 7 couleurs TL036"}]},{"@type":"WebSite","@id":"https:\/\/www.bagnoitalia.com\/fr#website","url":"https:\/\/www.bagnoitalia.com\/fr","name":"Bagno Italia","description":"","publisher":{"@id":"https:\/\/www.bagnoitalia.com\/fr#organization"},"potentialAction":[{"@type":"SearchAction","target":{"@type":"EntryPoint","urlTemplate":"https:\/\/www.bagnoitalia.com\/fr?s={search_term_string}"},"query-input":{"@type":"PropertyValueSpecification","valueRequired":true,"valueName":"search_term_string"}}],"inLanguage":"fr-FR"},{"@type":"Organization","@id":"https:\/\/www.bagnoitalia.com\/fr#organization","name":"Bagno Italia","url":"https:\/\/www.bagnoitalia.com\/fr","logo":{"@type":"ImageObject","inLanguage":"fr-FR","@id":"https:\/\/www.bagnoitalia.com\/fr#\/schema\/logo\/image\/","url":"https:\/\/img.bagnoitalia.com\/wp-content\/uploads\/logo-bagnoitalia.webp","contentUrl":"https:\/\/img.bagnoitalia.com\/wp-content\/uploads\/logo-bagnoitalia.webp","width":400,"height":70,"caption":"Bagno Italia"},"image":{"@id":"https:\/\/www.bagnoitalia.com\/fr#\/schema\/logo\/image\/"}}]}},"_links":{"self":[{"href":"https:\/\/www.bagnoitalia.com\/fr\/wp-json\/wp\/v2\/product\/96549","targetHints":{"allow":["GET"]}}],"collection":[{"href":"https:\/\/www.bagnoitalia.com\/fr\/wp-json\/wp\/v2\/product"}],"about":[{"href":"https:\/\/www.bagnoitalia.com\/fr\/wp-json\/wp\/v2\/types\/product"}],"replies":[{"embeddable":true,"href":"https:\/\/www.bagnoitalia.com\/fr\/wp-json\/wp\/v2\/comments?post=96549"}],"version-history":[{"count":2,"href":"https:\/\/www.bagnoitalia.com\/fr\/wp-json\/wp\/v2\/product\/96549\/revisions"}],"predecessor-version":[{"id":96565,"href":"https:\/\/www.bagnoitalia.com\/fr\/wp-json\/wp\/v2\/product\/96549\/revisions\/96565"}],"wp:featuredmedia":[{"embeddable":true,"href":"https:\/\/www.bagnoitalia.com\/fr\/wp-json\/wp\/v2\/media\/96501"}],"wp:attachment":[{"href":"https:\/\/www.bagnoitalia.com\/fr\/wp-json\/wp\/v2\/media?parent=96549"}],"wp:term":[{"taxonomy":"product_brand","embeddable":true,"href":"https:\/\/www.bagnoitalia.com\/fr\/wp-json\/wp\/v2\/product_brand?post=96549"},{"taxonomy":"product_cat","embeddable":true,"href":"https:\/\/www.bagnoitalia.com\/fr\/wp-json\/wp\/v2\/product_cat?post=96549"},{"taxonomy":"product_tag","embeddable":true,"href":"https:\/\/www.bagnoitalia.com\/fr\/wp-json\/wp\/v2\/product_tag?post=96549"}],"curies":[{"name":"wp","href":"https:\/\/api.w.org\/{rel}","templated":true}]}}