{"id":96490,"date":"2024-11-19T15:19:22","date_gmt":"2024-11-19T14:19:22","guid":{"rendered":"https:\/\/www.bagnoitalia.com\/adelaide-lifter-armchair-with-air-massage-2-motors-4-colours-microfibre-and-medical-device.html"},"modified":"2024-11-19T15:23:59","modified_gmt":"2024-11-19T14:23:59","slug":"adelaide-lifter-armchair-with-air-massage-2-motors-4-colours-microfibre-and-medical-device","status":"publish","type":"product","link":"https:\/\/www.bagnoitalia.com\/fr\/produit\/adelaide-lifter-armchair-with-air-massage-2-motors-4-colours-microfibre-and-medical-device.html","title":{"rendered":"Fauteuil Adelaide lifter avec massage \u00e0 air 2 moteurs 4 couleurs microfibre et dispositif m\u00e9dical"},"content":{"rendered":"<p>FAUTEUIL RELAX mod\u00e8le &lsquo;ADELAIDE<\/p>\n<p>&nbsp;<\/p>\n<p>&nbsp;<\/p>\n<p>&nbsp;<\/p>\n<p>&nbsp;<\/p>\n<p>D\u00c9TAILS DU PRODUIT<\/p>\n<p>Fauteuil en microfibre, couleurs au choix : bleu, bordeaux, marron, noisette<\/p>\n<p>avec Lift Function : positionnement en hauteur de l&rsquo;assise du fauteuil au moyen d&rsquo;un piston (supporte une charge maximale de 150kg)<\/p>\n<p>2 moteurs pour le r\u00e9glage s\u00e9par\u00e9 du positionnement du dossier et du repose-jambes<\/p>\n<p>AIR MASSAGE avec airbag dorsal<\/p>\n<p>R\u00e9glage du soutien lombaire<\/p>\n<p>Double repose-pieds<\/p>\n<p>R\u00e9glage \u00e9lectrique de l&rsquo;appui-t\u00eate<\/p>\n<p>Si\u00e8ge chauffant<\/p>\n<p>2 roulettes arri\u00e8re<\/p>\n<p>Commande par c\u00e2ble<\/p>\n<p>Cadre en fer<\/p>\n<p>Largeur 76 cm<\/p>\n<p>Hauteur 110 cm<\/p>\n<p>Profondeur 84 cm ferm\u00e9<\/p>\n<p>Profondeur totale en extension 186 cm<\/p>\n<p>Si\u00e8ge 50xD50xH48 cm<\/p>\n<p>Poids 67 kg<\/p>\n<p>Transformateur 29 Volt<\/p>\n<p>Courant 220-110 Volt (29 V)<\/p>\n<p>Consommation 80 W<\/p>\n<p>CERTIFICATION CE<\/p>\n<p>DISPOSITIF M\u00c9DICAL DE CLASSE 1<\/p>\n<p>&nbsp;<\/p>\n<p>&nbsp;<\/p>\n<p>&nbsp;<\/p>\n<p>&nbsp;<\/p>\n<p>&nbsp;<\/p>\n<p>&nbsp;<\/p>\n<p>&nbsp;<\/p>\n<p>&nbsp;<\/p>\n<p>&nbsp;<\/p>\n<p>&nbsp;<\/p>\n<p>&nbsp;<\/p>\n<p>&nbsp;<\/p>\n<p>&nbsp;<\/p>\n<p>&nbsp;<\/p>\n<p>&nbsp;<\/p>\n<p>&nbsp;<\/p>\n<p>&nbsp;<\/p>\n<p>&nbsp;<\/p>\n<p>&nbsp;<\/p>\n<p>&nbsp;<\/p>\n<p>&nbsp;<\/p>\n<p>&nbsp;<\/p>\n<p>&nbsp;<\/p>\n<p>&nbsp;<\/p>\n<p>&nbsp;<\/p>\n<p>&nbsp;<\/p>\n<p>&nbsp;<\/p>\n<p>arianna<\/p>\n<p>&nbsp;<\/p>\n<p>&nbsp;<\/p>\n","protected":false},"excerpt":{"rendered":"<p>Fauteuil releveur mod\u00e8le Adelaide, avec rev\u00eatement en microfibre disponible en bordeaux, bleu, marron et noisette. Fonctions principales : dossier inclinable, repose-pieds doublement inclinable, massage \u00e0 air sur le dos, si\u00e8ge chauffant.<\/p>\n","protected":false},"featured_media":96457,"comment_status":"open","ping_status":"closed","template":"","meta":[],"product_brand":[9909],"product_cat":[9803],"product_tag":[],"class_list":{"0":"post-96490","1":"product","2":"type-product","3":"status-publish","4":"has-post-thumbnail","6":"product_brand-puntorelax-fr","7":"product_cat-fauteuils","9":"first","10":"instock","11":"sale","12":"taxable","13":"shipping-taxable","14":"purchasable","15":"product-type-simple"},"exclude_global_add_ons":false,"addons":[{"name":"Couleur","type":"multiple_choice","position":0,"required":false,"title_format":"label","default":"","description_enable":false,"description":"","placeholder_enable":false,"placeholder":"","display":"select","restrictions_type":"any_text","adjust_price":false,"price":"","price_type":"flat_fee","restrictions":false,"min":"0","max":"0","options":[{"label":"bleu","price":"","price_type":"flat_fee","image":0,"visibility":true},{"label":"bordeaux","price":"","price_type":"flat_fee","image":0,"visibility":true},{"label":"marron","price":"","price_type":"flat_fee","image":0,"visibility":true},{"label":"noisette","price":"","price_type":"flat_fee","image":0,"visibility":true}],"id":1732029563}],"yoast_head":"<!-- This site is optimized with the Yoast SEO plugin v26.7 - https:\/\/yoast.com\/wordpress\/plugins\/seo\/ -->\n<title>Fauteuil Adelaide lifter avec massage \u00e0 air 2 moteurs 4 couleurs microfibre et dispositif m\u00e9dical - Bagno Italia<\/title>\n<meta name=\"robots\" content=\"index, follow, max-snippet:-1, max-image-preview:large, max-video-preview:-1\" \/>\n<link rel=\"canonical\" href=\"https:\/\/www.bagnoitalia.com\/fr\/produit\/adelaide-lifter-armchair-with-air-massage-2-motors-4-colours-microfibre-and-medical-device.html\" \/>\n<meta property=\"og:locale\" content=\"fr_FR\" \/>\n<meta property=\"og:type\" content=\"article\" \/>\n<meta property=\"og:title\" content=\"Fauteuil Adelaide lifter avec massage \u00e0 air 2 moteurs 4 couleurs microfibre et dispositif m\u00e9dical - Bagno Italia\" \/>\n<meta property=\"og:description\" content=\"Fauteuil releveur mod\u00e8le Adelaide, avec rev\u00eatement en microfibre disponible en bordeaux, bleu, marron et noisette. Fonctions principales : dossier inclinable, repose-pieds doublement inclinable, massage \u00e0 air sur le dos, si\u00e8ge chauffant.\" \/>\n<meta property=\"og:url\" content=\"https:\/\/www.bagnoitalia.com\/fr\/produit\/adelaide-lifter-armchair-with-air-massage-2-motors-4-colours-microfibre-and-medical-device.html\" \/>\n<meta property=\"og:site_name\" content=\"Bagno Italia\" \/>\n<meta property=\"article:modified_time\" content=\"2024-11-19T14:23:59+00:00\" \/>\n<meta property=\"og:image\" content=\"https:\/\/img.bagnoitalia.com\/wp-content\/uploads\/1-31.webp\" \/>\n\t<meta property=\"og:image:width\" content=\"1000\" \/>\n\t<meta property=\"og:image:height\" content=\"1000\" \/>\n\t<meta property=\"og:image:type\" content=\"image\/webp\" \/>\n<meta name=\"twitter:card\" content=\"summary_large_image\" \/>\n<meta name=\"twitter:label1\" content=\"Dur\u00e9e de lecture estim\u00e9e\" \/>\n\t<meta name=\"twitter:data1\" content=\"1 minute\" \/>\n<script type=\"application\/ld+json\" class=\"yoast-schema-graph\">{\"@context\":\"https:\/\/schema.org\",\"@graph\":[{\"@type\":\"WebPage\",\"@id\":\"https:\/\/www.bagnoitalia.com\/fr\/produit\/adelaide-lifter-armchair-with-air-massage-2-motors-4-colours-microfibre-and-medical-device.html\",\"url\":\"https:\/\/www.bagnoitalia.com\/fr\/produit\/adelaide-lifter-armchair-with-air-massage-2-motors-4-colours-microfibre-and-medical-device.html\",\"name\":\"Fauteuil Adelaide lifter avec massage \u00e0 air 2 moteurs 4 couleurs microfibre et dispositif m\u00e9dical - Bagno Italia\",\"isPartOf\":{\"@id\":\"https:\/\/www.bagnoitalia.com\/fr#website\"},\"primaryImageOfPage\":{\"@id\":\"https:\/\/www.bagnoitalia.com\/fr\/produit\/adelaide-lifter-armchair-with-air-massage-2-motors-4-colours-microfibre-and-medical-device.html#primaryimage\"},\"image\":{\"@id\":\"https:\/\/www.bagnoitalia.com\/fr\/produit\/adelaide-lifter-armchair-with-air-massage-2-motors-4-colours-microfibre-and-medical-device.html#primaryimage\"},\"thumbnailUrl\":\"https:\/\/img.bagnoitalia.com\/wp-content\/uploads\/1-31.webp\",\"datePublished\":\"2024-11-19T14:19:22+00:00\",\"dateModified\":\"2024-11-19T14:23:59+00:00\",\"breadcrumb\":{\"@id\":\"https:\/\/www.bagnoitalia.com\/fr\/produit\/adelaide-lifter-armchair-with-air-massage-2-motors-4-colours-microfibre-and-medical-device.html#breadcrumb\"},\"inLanguage\":\"fr-FR\",\"potentialAction\":[{\"@type\":\"ReadAction\",\"target\":[\"https:\/\/www.bagnoitalia.com\/fr\/produit\/adelaide-lifter-armchair-with-air-massage-2-motors-4-colours-microfibre-and-medical-device.html\"]}]},{\"@type\":\"ImageObject\",\"inLanguage\":\"fr-FR\",\"@id\":\"https:\/\/www.bagnoitalia.com\/fr\/produit\/adelaide-lifter-armchair-with-air-massage-2-motors-4-colours-microfibre-and-medical-device.html#primaryimage\",\"url\":\"https:\/\/img.bagnoitalia.com\/wp-content\/uploads\/1-31.webp\",\"contentUrl\":\"https:\/\/img.bagnoitalia.com\/wp-content\/uploads\/1-31.webp\",\"width\":1000,\"height\":1000},{\"@type\":\"BreadcrumbList\",\"@id\":\"https:\/\/www.bagnoitalia.com\/fr\/produit\/adelaide-lifter-armchair-with-air-massage-2-motors-4-colours-microfibre-and-medical-device.html#breadcrumb\",\"itemListElement\":[{\"@type\":\"ListItem\",\"position\":1,\"name\":\"Home\",\"item\":\"https:\/\/www.bagnoitalia.com\/fr\"},{\"@type\":\"ListItem\",\"position\":2,\"name\":\"Produits\",\"item\":\"https:\/\/www.bagnoitalia.com\/fr\/shop\"},{\"@type\":\"ListItem\",\"position\":3,\"name\":\"Fauteuil Adelaide lifter avec massage \u00e0 air 2 moteurs 4 couleurs microfibre et dispositif m\u00e9dical\"}]},{\"@type\":\"WebSite\",\"@id\":\"https:\/\/www.bagnoitalia.com\/fr#website\",\"url\":\"https:\/\/www.bagnoitalia.com\/fr\",\"name\":\"Bagno Italia\",\"description\":\"\",\"publisher\":{\"@id\":\"https:\/\/www.bagnoitalia.com\/fr#organization\"},\"potentialAction\":[{\"@type\":\"SearchAction\",\"target\":{\"@type\":\"EntryPoint\",\"urlTemplate\":\"https:\/\/www.bagnoitalia.com\/fr?s={search_term_string}\"},\"query-input\":{\"@type\":\"PropertyValueSpecification\",\"valueRequired\":true,\"valueName\":\"search_term_string\"}}],\"inLanguage\":\"fr-FR\"},{\"@type\":\"Organization\",\"@id\":\"https:\/\/www.bagnoitalia.com\/fr#organization\",\"name\":\"Bagno Italia\",\"url\":\"https:\/\/www.bagnoitalia.com\/fr\",\"logo\":{\"@type\":\"ImageObject\",\"inLanguage\":\"fr-FR\",\"@id\":\"https:\/\/www.bagnoitalia.com\/fr#\/schema\/logo\/image\/\",\"url\":\"https:\/\/img.bagnoitalia.com\/wp-content\/uploads\/logo-bagnoitalia.webp\",\"contentUrl\":\"https:\/\/img.bagnoitalia.com\/wp-content\/uploads\/logo-bagnoitalia.webp\",\"width\":400,\"height\":70,\"caption\":\"Bagno Italia\"},\"image\":{\"@id\":\"https:\/\/www.bagnoitalia.com\/fr#\/schema\/logo\/image\/\"}}]}<\/script>\n<!-- \/ Yoast SEO plugin. -->","yoast_head_json":{"title":"Fauteuil Adelaide lifter avec massage \u00e0 air 2 moteurs 4 couleurs microfibre et dispositif m\u00e9dical - Bagno Italia","robots":{"index":"index","follow":"follow","max-snippet":"max-snippet:-1","max-image-preview":"max-image-preview:large","max-video-preview":"max-video-preview:-1"},"canonical":"https:\/\/www.bagnoitalia.com\/fr\/produit\/adelaide-lifter-armchair-with-air-massage-2-motors-4-colours-microfibre-and-medical-device.html","og_locale":"fr_FR","og_type":"article","og_title":"Fauteuil Adelaide lifter avec massage \u00e0 air 2 moteurs 4 couleurs microfibre et dispositif m\u00e9dical - Bagno Italia","og_description":"Fauteuil releveur mod\u00e8le Adelaide, avec rev\u00eatement en microfibre disponible en bordeaux, bleu, marron et noisette. Fonctions principales : dossier inclinable, repose-pieds doublement inclinable, massage \u00e0 air sur le dos, si\u00e8ge chauffant.","og_url":"https:\/\/www.bagnoitalia.com\/fr\/produit\/adelaide-lifter-armchair-with-air-massage-2-motors-4-colours-microfibre-and-medical-device.html","og_site_name":"Bagno Italia","article_modified_time":"2024-11-19T14:23:59+00:00","og_image":[{"width":1000,"height":1000,"url":"https:\/\/img.bagnoitalia.com\/wp-content\/uploads\/1-31.webp","type":"image\/webp"}],"twitter_card":"summary_large_image","twitter_misc":{"Dur\u00e9e de lecture estim\u00e9e":"1 minute"},"schema":{"@context":"https:\/\/schema.org","@graph":[{"@type":"WebPage","@id":"https:\/\/www.bagnoitalia.com\/fr\/produit\/adelaide-lifter-armchair-with-air-massage-2-motors-4-colours-microfibre-and-medical-device.html","url":"https:\/\/www.bagnoitalia.com\/fr\/produit\/adelaide-lifter-armchair-with-air-massage-2-motors-4-colours-microfibre-and-medical-device.html","name":"Fauteuil Adelaide lifter avec massage \u00e0 air 2 moteurs 4 couleurs microfibre et dispositif m\u00e9dical - Bagno Italia","isPartOf":{"@id":"https:\/\/www.bagnoitalia.com\/fr#website"},"primaryImageOfPage":{"@id":"https:\/\/www.bagnoitalia.com\/fr\/produit\/adelaide-lifter-armchair-with-air-massage-2-motors-4-colours-microfibre-and-medical-device.html#primaryimage"},"image":{"@id":"https:\/\/www.bagnoitalia.com\/fr\/produit\/adelaide-lifter-armchair-with-air-massage-2-motors-4-colours-microfibre-and-medical-device.html#primaryimage"},"thumbnailUrl":"https:\/\/img.bagnoitalia.com\/wp-content\/uploads\/1-31.webp","datePublished":"2024-11-19T14:19:22+00:00","dateModified":"2024-11-19T14:23:59+00:00","breadcrumb":{"@id":"https:\/\/www.bagnoitalia.com\/fr\/produit\/adelaide-lifter-armchair-with-air-massage-2-motors-4-colours-microfibre-and-medical-device.html#breadcrumb"},"inLanguage":"fr-FR","potentialAction":[{"@type":"ReadAction","target":["https:\/\/www.bagnoitalia.com\/fr\/produit\/adelaide-lifter-armchair-with-air-massage-2-motors-4-colours-microfibre-and-medical-device.html"]}]},{"@type":"ImageObject","inLanguage":"fr-FR","@id":"https:\/\/www.bagnoitalia.com\/fr\/produit\/adelaide-lifter-armchair-with-air-massage-2-motors-4-colours-microfibre-and-medical-device.html#primaryimage","url":"https:\/\/img.bagnoitalia.com\/wp-content\/uploads\/1-31.webp","contentUrl":"https:\/\/img.bagnoitalia.com\/wp-content\/uploads\/1-31.webp","width":1000,"height":1000},{"@type":"BreadcrumbList","@id":"https:\/\/www.bagnoitalia.com\/fr\/produit\/adelaide-lifter-armchair-with-air-massage-2-motors-4-colours-microfibre-and-medical-device.html#breadcrumb","itemListElement":[{"@type":"ListItem","position":1,"name":"Home","item":"https:\/\/www.bagnoitalia.com\/fr"},{"@type":"ListItem","position":2,"name":"Produits","item":"https:\/\/www.bagnoitalia.com\/fr\/shop"},{"@type":"ListItem","position":3,"name":"Fauteuil Adelaide lifter avec massage \u00e0 air 2 moteurs 4 couleurs microfibre et dispositif m\u00e9dical"}]},{"@type":"WebSite","@id":"https:\/\/www.bagnoitalia.com\/fr#website","url":"https:\/\/www.bagnoitalia.com\/fr","name":"Bagno Italia","description":"","publisher":{"@id":"https:\/\/www.bagnoitalia.com\/fr#organization"},"potentialAction":[{"@type":"SearchAction","target":{"@type":"EntryPoint","urlTemplate":"https:\/\/www.bagnoitalia.com\/fr?s={search_term_string}"},"query-input":{"@type":"PropertyValueSpecification","valueRequired":true,"valueName":"search_term_string"}}],"inLanguage":"fr-FR"},{"@type":"Organization","@id":"https:\/\/www.bagnoitalia.com\/fr#organization","name":"Bagno Italia","url":"https:\/\/www.bagnoitalia.com\/fr","logo":{"@type":"ImageObject","inLanguage":"fr-FR","@id":"https:\/\/www.bagnoitalia.com\/fr#\/schema\/logo\/image\/","url":"https:\/\/img.bagnoitalia.com\/wp-content\/uploads\/logo-bagnoitalia.webp","contentUrl":"https:\/\/img.bagnoitalia.com\/wp-content\/uploads\/logo-bagnoitalia.webp","width":400,"height":70,"caption":"Bagno Italia"},"image":{"@id":"https:\/\/www.bagnoitalia.com\/fr#\/schema\/logo\/image\/"}}]}},"_links":{"self":[{"href":"https:\/\/www.bagnoitalia.com\/fr\/wp-json\/wp\/v2\/product\/96490","targetHints":{"allow":["GET"]}}],"collection":[{"href":"https:\/\/www.bagnoitalia.com\/fr\/wp-json\/wp\/v2\/product"}],"about":[{"href":"https:\/\/www.bagnoitalia.com\/fr\/wp-json\/wp\/v2\/types\/product"}],"replies":[{"embeddable":true,"href":"https:\/\/www.bagnoitalia.com\/fr\/wp-json\/wp\/v2\/comments?post=96490"}],"version-history":[{"count":1,"href":"https:\/\/www.bagnoitalia.com\/fr\/wp-json\/wp\/v2\/product\/96490\/revisions"}],"predecessor-version":[{"id":96498,"href":"https:\/\/www.bagnoitalia.com\/fr\/wp-json\/wp\/v2\/product\/96490\/revisions\/96498"}],"wp:featuredmedia":[{"embeddable":true,"href":"https:\/\/www.bagnoitalia.com\/fr\/wp-json\/wp\/v2\/media\/96457"}],"wp:attachment":[{"href":"https:\/\/www.bagnoitalia.com\/fr\/wp-json\/wp\/v2\/media?parent=96490"}],"wp:term":[{"taxonomy":"product_brand","embeddable":true,"href":"https:\/\/www.bagnoitalia.com\/fr\/wp-json\/wp\/v2\/product_brand?post=96490"},{"taxonomy":"product_cat","embeddable":true,"href":"https:\/\/www.bagnoitalia.com\/fr\/wp-json\/wp\/v2\/product_cat?post=96490"},{"taxonomy":"product_tag","embeddable":true,"href":"https:\/\/www.bagnoitalia.com\/fr\/wp-json\/wp\/v2\/product_tag?post=96490"}],"curies":[{"name":"wp","href":"https:\/\/api.w.org\/{rel}","templated":true}]}}