{"id":95231,"date":"2024-11-08T15:55:30","date_gmt":"2024-11-08T14:55:30","guid":{"rendered":"https:\/\/www.bagnoitalia.com\/product\/giovanna-2-motor-lift-armchair-in-faux-leather-or-microfibre-7-colours-4-castors-and-with-medical-device"},"modified":"2024-11-08T16:00:23","modified_gmt":"2024-11-08T15:00:23","slug":"giovanna-2-motor-lift-armchair-in-faux-leather-or-microfibre-7-colours-4-castors-and-with-medical-device","status":"publish","type":"product","link":"https:\/\/www.bagnoitalia.com\/fr\/produit\/giovanna-2-motor-lift-armchair-in-faux-leather-or-microfibre-7-colours-4-castors-and-with-medical-device.html","title":{"rendered":"Giovanna Fauteuil releveur 2 moteurs en simili cuir ou microfibre 7 couleurs 4 roulettes et avec dispositif m\u00e9dical"},"content":{"rendered":"<p>SOFA ARMCHAIR &lsquo;GIOVANNA&rsquo; mod\u00e8le<\/p>\n<p>&nbsp;<\/p>\n<p>&nbsp;<\/p>\n<p>&nbsp;<\/p>\n<p>&nbsp;<\/p>\n<p>CARACT\u00c9RISTIQUES :<\/p>\n<p>Fauteuil Giovanna r\u00e9alis\u00e9 dans les dimensions suivantes :<\/p>\n<p>Largeur : 77 cm<br \/>\nHauteur : 103 cm<br \/>\nProfondeur minimale (pli\u00e9) : 85 cm<br \/>\nProfondeur maximale (couch\u00e9) : 165 cm<br \/>\nDimensions de l&rsquo;assise : 54xD54xH50 cm<\/p>\n<p>Housses disponibles :<\/p>\n<p>Microfibre : bordeaux, bleu, marron, noisette, cr\u00e8me<br \/>\nFaux cuir : noir, bordeaux<\/p>\n<p>Avec 2 moteurs, pour un r\u00e9glage ind\u00e9pendant du dossier et du repose-jambes<\/p>\n<p>Equip\u00e9 de la FONCTION LADDER LIFT (Lift) : positionnement en hauteur de l&rsquo;assise du fauteuil, gr\u00e2ce au piston Okin (lev\u00e9e maximale support\u00e9e 150kg)<\/p>\n<p>Avec accoudoirs amovibles<\/p>\n<p>Avec 4 roues (dont celles de l&rsquo;arri\u00e8re se bloquent)<\/p>\n<p>Poign\u00e9e arri\u00e8re pour faciliter le d\u00e9placement<\/p>\n<p>Commande par c\u00e2ble<\/p>\n<p>Ch\u00e2ssis en fer<\/p>\n<p>Poids 65 kg<\/p>\n<p>Transformateur 29 volts<\/p>\n<p>Courant 220-110 Volt (29 V)<\/p>\n<p>Consommation 80 W<\/p>\n<p>DISPOSITIF M\u00c9DICAL DE CLASSE 1<\/p>\n<p>CERTIFICATIONS CE, RHOS, TUV<\/p>\n<p>&nbsp;<\/p>\n<p>&nbsp;<\/p>\n<p>&nbsp;<\/p>\n<p>&nbsp;<\/p>\n<p>&nbsp;<\/p>\n<p>&nbsp;<\/p>\n<p>&nbsp;<\/p>\n<p>&nbsp;<\/p>\n<p>&nbsp;<\/p>\n<p>&nbsp;<\/p>\n<p>&nbsp;<\/p>\n<p>&nbsp;<\/p>\n<p>&nbsp;<\/p>\n<p>&nbsp;<\/p>\n<p>&nbsp;<\/p>\n<p>&nbsp;<\/p>\n<p>&nbsp;<\/p>\n<p>&nbsp;<\/p>\n<p>&nbsp;<\/p>\n<p>Genny<\/p>\n<p>&nbsp;<\/p>\n<p>&nbsp;<\/p>\n","protected":false},"excerpt":{"rendered":"<p>Fauteuil releveur, avec 2 moteurs pour r\u00e9gler s\u00e9par\u00e9ment le mouvement du repose-pieds et du dossier. Rev\u00eatement disponible en similicuir (bordeaux ou noir) ou en microfibre (bleu, bordeaux, marron, cr\u00e8me, noisette). Avec accoudoirs amovibles et 4 roulettes (dont celles de l&rsquo;arri\u00e8re se bloquent).<\/p>\n","protected":false},"featured_media":95199,"comment_status":"open","ping_status":"closed","template":"","meta":[],"product_brand":[9909],"product_cat":[9803],"product_tag":[],"class_list":{"0":"post-95231","1":"product","2":"type-product","3":"status-publish","4":"has-post-thumbnail","6":"product_brand-puntorelax-fr","7":"product_cat-fauteuils","9":"first","10":"instock","11":"sale","12":"taxable","13":"shipping-taxable","14":"purchasable","15":"product-type-simple"},"exclude_global_add_ons":false,"addons":[{"name":"Couleur","type":"multiple_choice","position":0,"required":false,"title_format":"label","default":"","description_enable":false,"description":"","placeholder_enable":false,"placeholder":"","display":"select","restrictions_type":"any_text","adjust_price":false,"price":"","price_type":"flat_fee","restrictions":false,"min":"0","max":"0","options":[{"label":"Similicuir noir","price":"","price_type":"flat_fee","image":0,"visibility":true},{"label":"Faux cuir bordeaux","price":"","price_type":"flat_fee","image":0,"visibility":true},{"label":"Microfibre bleue","price":"","price_type":"flat_fee","image":0,"visibility":true},{"label":"Microfibre bordeaux","price":"","price_type":"flat_fee","image":0,"visibility":true},{"label":"Microfibre marron","price":"","price_type":"flat_fee","image":0,"visibility":true},{"label":"Microfibre cr\u00e8me","price":"","price_type":"flat_fee","image":0,"visibility":true},{"label":"Microfibre noisette","price":"","price_type":"flat_fee","image":0,"visibility":true}],"id":1731081331}],"yoast_head":"<!-- This site is optimized with the Yoast SEO plugin v26.7 - https:\/\/yoast.com\/wordpress\/plugins\/seo\/ -->\n<title>Giovanna Fauteuil releveur 2 moteurs en simili cuir ou microfibre 7 couleurs 4 roulettes et avec dispositif m\u00e9dical - Bagno Italia<\/title>\n<meta name=\"robots\" content=\"index, follow, max-snippet:-1, max-image-preview:large, max-video-preview:-1\" \/>\n<link rel=\"canonical\" href=\"https:\/\/www.bagnoitalia.com\/fr\/produit\/giovanna-2-motor-lift-armchair-in-faux-leather-or-microfibre-7-colours-4-castors-and-with-medical-device.html\" \/>\n<meta property=\"og:locale\" content=\"fr_FR\" \/>\n<meta property=\"og:type\" content=\"article\" \/>\n<meta property=\"og:title\" content=\"Giovanna Fauteuil releveur 2 moteurs en simili cuir ou microfibre 7 couleurs 4 roulettes et avec dispositif m\u00e9dical - Bagno Italia\" \/>\n<meta property=\"og:description\" content=\"Fauteuil releveur, avec 2 moteurs pour r\u00e9gler s\u00e9par\u00e9ment le mouvement du repose-pieds et du dossier. Rev\u00eatement disponible en similicuir (bordeaux ou noir) ou en microfibre (bleu, bordeaux, marron, cr\u00e8me, noisette). Avec accoudoirs amovibles et 4 roulettes (dont celles de l&#039;arri\u00e8re se bloquent).\" \/>\n<meta property=\"og:url\" content=\"https:\/\/www.bagnoitalia.com\/fr\/produit\/giovanna-2-motor-lift-armchair-in-faux-leather-or-microfibre-7-colours-4-castors-and-with-medical-device.html\" \/>\n<meta property=\"og:site_name\" content=\"Bagno Italia\" \/>\n<meta property=\"article:modified_time\" content=\"2024-11-08T15:00:23+00:00\" \/>\n<meta property=\"og:image\" content=\"https:\/\/img.bagnoitalia.com\/wp-content\/uploads\/1-25.webp\" \/>\n\t<meta property=\"og:image:width\" content=\"1000\" \/>\n\t<meta property=\"og:image:height\" content=\"1000\" \/>\n\t<meta property=\"og:image:type\" content=\"image\/webp\" \/>\n<meta name=\"twitter:card\" content=\"summary_large_image\" \/>\n<meta name=\"twitter:label1\" content=\"Dur\u00e9e de lecture estim\u00e9e\" \/>\n\t<meta name=\"twitter:data1\" content=\"1 minute\" \/>\n<script type=\"application\/ld+json\" class=\"yoast-schema-graph\">{\"@context\":\"https:\/\/schema.org\",\"@graph\":[{\"@type\":\"WebPage\",\"@id\":\"https:\/\/www.bagnoitalia.com\/fr\/produit\/giovanna-2-motor-lift-armchair-in-faux-leather-or-microfibre-7-colours-4-castors-and-with-medical-device.html\",\"url\":\"https:\/\/www.bagnoitalia.com\/fr\/produit\/giovanna-2-motor-lift-armchair-in-faux-leather-or-microfibre-7-colours-4-castors-and-with-medical-device.html\",\"name\":\"Giovanna Fauteuil releveur 2 moteurs en simili cuir ou microfibre 7 couleurs 4 roulettes et avec dispositif m\u00e9dical - Bagno Italia\",\"isPartOf\":{\"@id\":\"https:\/\/www.bagnoitalia.com\/fr#website\"},\"primaryImageOfPage\":{\"@id\":\"https:\/\/www.bagnoitalia.com\/fr\/produit\/giovanna-2-motor-lift-armchair-in-faux-leather-or-microfibre-7-colours-4-castors-and-with-medical-device.html#primaryimage\"},\"image\":{\"@id\":\"https:\/\/www.bagnoitalia.com\/fr\/produit\/giovanna-2-motor-lift-armchair-in-faux-leather-or-microfibre-7-colours-4-castors-and-with-medical-device.html#primaryimage\"},\"thumbnailUrl\":\"https:\/\/img.bagnoitalia.com\/wp-content\/uploads\/1-25.webp\",\"datePublished\":\"2024-11-08T14:55:30+00:00\",\"dateModified\":\"2024-11-08T15:00:23+00:00\",\"breadcrumb\":{\"@id\":\"https:\/\/www.bagnoitalia.com\/fr\/produit\/giovanna-2-motor-lift-armchair-in-faux-leather-or-microfibre-7-colours-4-castors-and-with-medical-device.html#breadcrumb\"},\"inLanguage\":\"fr-FR\",\"potentialAction\":[{\"@type\":\"ReadAction\",\"target\":[\"https:\/\/www.bagnoitalia.com\/fr\/produit\/giovanna-2-motor-lift-armchair-in-faux-leather-or-microfibre-7-colours-4-castors-and-with-medical-device.html\"]}]},{\"@type\":\"ImageObject\",\"inLanguage\":\"fr-FR\",\"@id\":\"https:\/\/www.bagnoitalia.com\/fr\/produit\/giovanna-2-motor-lift-armchair-in-faux-leather-or-microfibre-7-colours-4-castors-and-with-medical-device.html#primaryimage\",\"url\":\"https:\/\/img.bagnoitalia.com\/wp-content\/uploads\/1-25.webp\",\"contentUrl\":\"https:\/\/img.bagnoitalia.com\/wp-content\/uploads\/1-25.webp\",\"width\":1000,\"height\":1000},{\"@type\":\"BreadcrumbList\",\"@id\":\"https:\/\/www.bagnoitalia.com\/fr\/produit\/giovanna-2-motor-lift-armchair-in-faux-leather-or-microfibre-7-colours-4-castors-and-with-medical-device.html#breadcrumb\",\"itemListElement\":[{\"@type\":\"ListItem\",\"position\":1,\"name\":\"Home\",\"item\":\"https:\/\/www.bagnoitalia.com\/fr\"},{\"@type\":\"ListItem\",\"position\":2,\"name\":\"Produits\",\"item\":\"https:\/\/www.bagnoitalia.com\/fr\/shop\"},{\"@type\":\"ListItem\",\"position\":3,\"name\":\"Giovanna Fauteuil releveur 2 moteurs en simili cuir ou microfibre 7 couleurs 4 roulettes et avec dispositif m\u00e9dical\"}]},{\"@type\":\"WebSite\",\"@id\":\"https:\/\/www.bagnoitalia.com\/fr#website\",\"url\":\"https:\/\/www.bagnoitalia.com\/fr\",\"name\":\"Bagno Italia\",\"description\":\"\",\"publisher\":{\"@id\":\"https:\/\/www.bagnoitalia.com\/fr#organization\"},\"potentialAction\":[{\"@type\":\"SearchAction\",\"target\":{\"@type\":\"EntryPoint\",\"urlTemplate\":\"https:\/\/www.bagnoitalia.com\/fr?s={search_term_string}\"},\"query-input\":{\"@type\":\"PropertyValueSpecification\",\"valueRequired\":true,\"valueName\":\"search_term_string\"}}],\"inLanguage\":\"fr-FR\"},{\"@type\":\"Organization\",\"@id\":\"https:\/\/www.bagnoitalia.com\/fr#organization\",\"name\":\"Bagno Italia\",\"url\":\"https:\/\/www.bagnoitalia.com\/fr\",\"logo\":{\"@type\":\"ImageObject\",\"inLanguage\":\"fr-FR\",\"@id\":\"https:\/\/www.bagnoitalia.com\/fr#\/schema\/logo\/image\/\",\"url\":\"https:\/\/img.bagnoitalia.com\/wp-content\/uploads\/logo-bagnoitalia.webp\",\"contentUrl\":\"https:\/\/img.bagnoitalia.com\/wp-content\/uploads\/logo-bagnoitalia.webp\",\"width\":400,\"height\":70,\"caption\":\"Bagno Italia\"},\"image\":{\"@id\":\"https:\/\/www.bagnoitalia.com\/fr#\/schema\/logo\/image\/\"}}]}<\/script>\n<!-- \/ Yoast SEO plugin. -->","yoast_head_json":{"title":"Giovanna Fauteuil releveur 2 moteurs en simili cuir ou microfibre 7 couleurs 4 roulettes et avec dispositif m\u00e9dical - Bagno Italia","robots":{"index":"index","follow":"follow","max-snippet":"max-snippet:-1","max-image-preview":"max-image-preview:large","max-video-preview":"max-video-preview:-1"},"canonical":"https:\/\/www.bagnoitalia.com\/fr\/produit\/giovanna-2-motor-lift-armchair-in-faux-leather-or-microfibre-7-colours-4-castors-and-with-medical-device.html","og_locale":"fr_FR","og_type":"article","og_title":"Giovanna Fauteuil releveur 2 moteurs en simili cuir ou microfibre 7 couleurs 4 roulettes et avec dispositif m\u00e9dical - Bagno Italia","og_description":"Fauteuil releveur, avec 2 moteurs pour r\u00e9gler s\u00e9par\u00e9ment le mouvement du repose-pieds et du dossier. Rev\u00eatement disponible en similicuir (bordeaux ou noir) ou en microfibre (bleu, bordeaux, marron, cr\u00e8me, noisette). Avec accoudoirs amovibles et 4 roulettes (dont celles de l'arri\u00e8re se bloquent).","og_url":"https:\/\/www.bagnoitalia.com\/fr\/produit\/giovanna-2-motor-lift-armchair-in-faux-leather-or-microfibre-7-colours-4-castors-and-with-medical-device.html","og_site_name":"Bagno Italia","article_modified_time":"2024-11-08T15:00:23+00:00","og_image":[{"width":1000,"height":1000,"url":"https:\/\/img.bagnoitalia.com\/wp-content\/uploads\/1-25.webp","type":"image\/webp"}],"twitter_card":"summary_large_image","twitter_misc":{"Dur\u00e9e de lecture estim\u00e9e":"1 minute"},"schema":{"@context":"https:\/\/schema.org","@graph":[{"@type":"WebPage","@id":"https:\/\/www.bagnoitalia.com\/fr\/produit\/giovanna-2-motor-lift-armchair-in-faux-leather-or-microfibre-7-colours-4-castors-and-with-medical-device.html","url":"https:\/\/www.bagnoitalia.com\/fr\/produit\/giovanna-2-motor-lift-armchair-in-faux-leather-or-microfibre-7-colours-4-castors-and-with-medical-device.html","name":"Giovanna Fauteuil releveur 2 moteurs en simili cuir ou microfibre 7 couleurs 4 roulettes et avec dispositif m\u00e9dical - Bagno Italia","isPartOf":{"@id":"https:\/\/www.bagnoitalia.com\/fr#website"},"primaryImageOfPage":{"@id":"https:\/\/www.bagnoitalia.com\/fr\/produit\/giovanna-2-motor-lift-armchair-in-faux-leather-or-microfibre-7-colours-4-castors-and-with-medical-device.html#primaryimage"},"image":{"@id":"https:\/\/www.bagnoitalia.com\/fr\/produit\/giovanna-2-motor-lift-armchair-in-faux-leather-or-microfibre-7-colours-4-castors-and-with-medical-device.html#primaryimage"},"thumbnailUrl":"https:\/\/img.bagnoitalia.com\/wp-content\/uploads\/1-25.webp","datePublished":"2024-11-08T14:55:30+00:00","dateModified":"2024-11-08T15:00:23+00:00","breadcrumb":{"@id":"https:\/\/www.bagnoitalia.com\/fr\/produit\/giovanna-2-motor-lift-armchair-in-faux-leather-or-microfibre-7-colours-4-castors-and-with-medical-device.html#breadcrumb"},"inLanguage":"fr-FR","potentialAction":[{"@type":"ReadAction","target":["https:\/\/www.bagnoitalia.com\/fr\/produit\/giovanna-2-motor-lift-armchair-in-faux-leather-or-microfibre-7-colours-4-castors-and-with-medical-device.html"]}]},{"@type":"ImageObject","inLanguage":"fr-FR","@id":"https:\/\/www.bagnoitalia.com\/fr\/produit\/giovanna-2-motor-lift-armchair-in-faux-leather-or-microfibre-7-colours-4-castors-and-with-medical-device.html#primaryimage","url":"https:\/\/img.bagnoitalia.com\/wp-content\/uploads\/1-25.webp","contentUrl":"https:\/\/img.bagnoitalia.com\/wp-content\/uploads\/1-25.webp","width":1000,"height":1000},{"@type":"BreadcrumbList","@id":"https:\/\/www.bagnoitalia.com\/fr\/produit\/giovanna-2-motor-lift-armchair-in-faux-leather-or-microfibre-7-colours-4-castors-and-with-medical-device.html#breadcrumb","itemListElement":[{"@type":"ListItem","position":1,"name":"Home","item":"https:\/\/www.bagnoitalia.com\/fr"},{"@type":"ListItem","position":2,"name":"Produits","item":"https:\/\/www.bagnoitalia.com\/fr\/shop"},{"@type":"ListItem","position":3,"name":"Giovanna Fauteuil releveur 2 moteurs en simili cuir ou microfibre 7 couleurs 4 roulettes et avec dispositif m\u00e9dical"}]},{"@type":"WebSite","@id":"https:\/\/www.bagnoitalia.com\/fr#website","url":"https:\/\/www.bagnoitalia.com\/fr","name":"Bagno Italia","description":"","publisher":{"@id":"https:\/\/www.bagnoitalia.com\/fr#organization"},"potentialAction":[{"@type":"SearchAction","target":{"@type":"EntryPoint","urlTemplate":"https:\/\/www.bagnoitalia.com\/fr?s={search_term_string}"},"query-input":{"@type":"PropertyValueSpecification","valueRequired":true,"valueName":"search_term_string"}}],"inLanguage":"fr-FR"},{"@type":"Organization","@id":"https:\/\/www.bagnoitalia.com\/fr#organization","name":"Bagno Italia","url":"https:\/\/www.bagnoitalia.com\/fr","logo":{"@type":"ImageObject","inLanguage":"fr-FR","@id":"https:\/\/www.bagnoitalia.com\/fr#\/schema\/logo\/image\/","url":"https:\/\/img.bagnoitalia.com\/wp-content\/uploads\/logo-bagnoitalia.webp","contentUrl":"https:\/\/img.bagnoitalia.com\/wp-content\/uploads\/logo-bagnoitalia.webp","width":400,"height":70,"caption":"Bagno Italia"},"image":{"@id":"https:\/\/www.bagnoitalia.com\/fr#\/schema\/logo\/image\/"}}]}},"_links":{"self":[{"href":"https:\/\/www.bagnoitalia.com\/fr\/wp-json\/wp\/v2\/product\/95231","targetHints":{"allow":["GET"]}}],"collection":[{"href":"https:\/\/www.bagnoitalia.com\/fr\/wp-json\/wp\/v2\/product"}],"about":[{"href":"https:\/\/www.bagnoitalia.com\/fr\/wp-json\/wp\/v2\/types\/product"}],"replies":[{"embeddable":true,"href":"https:\/\/www.bagnoitalia.com\/fr\/wp-json\/wp\/v2\/comments?post=95231"}],"version-history":[{"count":2,"href":"https:\/\/www.bagnoitalia.com\/fr\/wp-json\/wp\/v2\/product\/95231\/revisions"}],"predecessor-version":[{"id":95239,"href":"https:\/\/www.bagnoitalia.com\/fr\/wp-json\/wp\/v2\/product\/95231\/revisions\/95239"}],"wp:featuredmedia":[{"embeddable":true,"href":"https:\/\/www.bagnoitalia.com\/fr\/wp-json\/wp\/v2\/media\/95199"}],"wp:attachment":[{"href":"https:\/\/www.bagnoitalia.com\/fr\/wp-json\/wp\/v2\/media?parent=95231"}],"wp:term":[{"taxonomy":"product_brand","embeddable":true,"href":"https:\/\/www.bagnoitalia.com\/fr\/wp-json\/wp\/v2\/product_brand?post=95231"},{"taxonomy":"product_cat","embeddable":true,"href":"https:\/\/www.bagnoitalia.com\/fr\/wp-json\/wp\/v2\/product_cat?post=95231"},{"taxonomy":"product_tag","embeddable":true,"href":"https:\/\/www.bagnoitalia.com\/fr\/wp-json\/wp\/v2\/product_tag?post=95231"}],"curies":[{"name":"wp","href":"https:\/\/api.w.org\/{rel}","templated":true}]}}