{"id":95062,"date":"2024-11-07T16:56:41","date_gmt":"2024-11-07T15:56:41","guid":{"rendered":"https:\/\/www.bagnoitalia.com\/product\/astrid-lift-armchair-10-colours-microfibre-or-chenille-with-2-motors-removable-armrests-and-medical-device"},"modified":"2024-11-07T17:01:39","modified_gmt":"2024-11-07T16:01:39","slug":"astrid-lift-armchair-10-colours-microfibre-or-chenille-with-2-motors-removable-armrests-and-medical-device","status":"publish","type":"product","link":"https:\/\/www.bagnoitalia.com\/fr\/produit\/astrid-lift-armchair-10-colours-microfibre-or-chenille-with-2-motors-removable-armrests-and-medical-device.html","title":{"rendered":"Fauteuil releveur Astrid 10 couleurs microfibre ou chenille avec 2 moteurs, accoudoirs amovibles et dispositif m\u00e9dical"},"content":{"rendered":"<p>FAUTEUIL LIFTER MOD\u00c8LE &lsquo;ASTRID<\/p>\n<p>&nbsp;<\/p>\n<p>&nbsp;<\/p>\n<p>&nbsp;<\/p>\n<p>&nbsp;<\/p>\n<p>TYPES DISPONIBLES<\/p>\n<p>Choix du rev\u00eatement<\/p>\n<p>microfibre : bleu, bordeaux, marron, beige<br \/>\ncoton chenille : vert, bordeaux, bleu, marron, gris tourterelle, gris<\/p>\n<p>&nbsp;<\/p>\n<p>D\u00c9TAILS DU PRODUIT et PRINCIPALES FONCTIONS<\/p>\n<p>Fonction \u00e9l\u00e9vatrice : positionnement en hauteur de l&rsquo;assise du fauteuil, gr\u00e2ce au piston (supporte une charge maximale de 130 kg)<\/p>\n<p>Avec 2 moteurs, permettant de g\u00e9rer s\u00e9par\u00e9ment l&rsquo;inclinaison du repose-pieds et du dossier.<\/p>\n<p>Inclinable<\/p>\n<p>Accoudoirs amovibles<\/p>\n<p>Rabats lat\u00e9raux amovibles<\/p>\n<p>Repose-pieds extensible<\/p>\n<p>Kit de roulettes avec 4 roues<\/p>\n<p>Largeur 77 cm<\/p>\n<p>Hauteur 107 cm<\/p>\n<p>Profondeur minimale (ferm\u00e9e) 88 cm<\/p>\n<p>Profondeur maximale 180 cm (extension totale)<\/p>\n<p>Si\u00e8ge 50xP52xH49 cm<\/p>\n<p>Commande par c\u00e2ble<\/p>\n<p>Cadre en fer<\/p>\n<p>Poids 65 kg<\/p>\n<p>Consommation \u00e9lectrique 80 Watt<\/p>\n<p>Courant 220-110 Volts (29 V)<\/p>\n<p>Transformateur 29 volts<\/p>\n<p>DISPOSITIF M\u00c9DICAL DE CLASSE 1<\/p>\n<p>CERTIFICATIONS CE, RHOS, TUV<\/p>\n<p>&nbsp;<\/p>\n<p>&nbsp;<\/p>\n<p>&nbsp;<\/p>\n<p>&nbsp;<\/p>\n<p>&nbsp;<\/p>\n<p>&nbsp;<\/p>\n<p>&nbsp;<\/p>\n<p>&nbsp;<\/p>\n<p>&nbsp;<\/p>\n<p>&nbsp;<\/p>\n<p>&nbsp;<\/p>\n<p>&nbsp;<\/p>\n<p>&nbsp;<\/p>\n<p>&nbsp;<\/p>\n<p>&nbsp;<\/p>\n<p>&nbsp;<\/p>\n<p>&nbsp;<\/p>\n<p>&nbsp;<\/p>\n<p>&nbsp;<\/p>\n<p>astra-k<\/p>\n<p>&nbsp;<\/p>\n<p>&nbsp;<\/p>\n","protected":false},"excerpt":{"rendered":"<p>Fauteuil relax, releveur, mod\u00e8le Astrid ; disponible en microfibre bordeaux, bleu, marron, beige ou en coton chenille vert, bordeaux, bleu, marron, gris tourterelle, gris. 2 moteurs pour le mouvement ind\u00e9pendant du dossier et du pied de lit. Accoudoirs enti\u00e8rement amovibles. Kit de roulement avec 4 roulettes.<\/p>\n","protected":false},"featured_media":95014,"comment_status":"open","ping_status":"closed","template":"","meta":[],"product_brand":[9911],"product_cat":[9803],"product_tag":[],"class_list":{"0":"post-95062","1":"product","2":"type-product","3":"status-publish","4":"has-post-thumbnail","6":"product_brand-puntorelax-es","7":"product_cat-fauteuils","9":"first","10":"instock","11":"sale","12":"taxable","13":"shipping-taxable","14":"purchasable","15":"product-type-simple"},"exclude_global_add_ons":false,"addons":[{"name":"Couleur","type":"multiple_choice","position":0,"required":false,"title_format":"label","default":"","description_enable":false,"description":"","placeholder_enable":false,"placeholder":"","display":"select","restrictions_type":"any_text","adjust_price":false,"price":"","price_type":"flat_fee","restrictions":false,"min":"0","max":"0","options":[{"label":"microfibre bordeaux","price":"","price_type":"flat_fee","image":0,"visibility":true},{"label":"microfibre beige","price":"","price_type":"flat_fee","image":0,"visibility":true},{"label":"microfibre marron","price":"","price_type":"flat_fee","image":0,"visibility":true},{"label":"microfibre bleue","price":"","price_type":"flat_fee","image":0,"visibility":true},{"label":"coton chenille vert","price":"","price_type":"flat_fee","image":0,"visibility":true},{"label":"coton chenille bordeaux","price":"","price_type":"flat_fee","image":0,"visibility":true},{"label":"coton chenille bleu","price":"","price_type":"flat_fee","image":0,"visibility":true},{"label":"coton chenille marron","price":"","price_type":"flat_fee","image":0,"visibility":true},{"label":"coton chenille gris tourterelle","price":"","price_type":"flat_fee","image":0,"visibility":true},{"label":"coton chenille gris","price":"","price_type":"flat_fee","image":0,"visibility":true}],"id":1730998602}],"yoast_head":"<!-- This site is optimized with the Yoast SEO plugin v26.7 - https:\/\/yoast.com\/wordpress\/plugins\/seo\/ -->\n<title>Fauteuil releveur Astrid 10 couleurs microfibre ou chenille avec 2 moteurs, accoudoirs amovibles et dispositif m\u00e9dical - Bagno Italia<\/title>\n<meta name=\"robots\" content=\"index, follow, max-snippet:-1, max-image-preview:large, max-video-preview:-1\" \/>\n<link rel=\"canonical\" href=\"https:\/\/www.bagnoitalia.com\/fr\/produit\/astrid-lift-armchair-10-colours-microfibre-or-chenille-with-2-motors-removable-armrests-and-medical-device.html\" \/>\n<meta property=\"og:locale\" content=\"fr_FR\" \/>\n<meta property=\"og:type\" content=\"article\" \/>\n<meta property=\"og:title\" content=\"Fauteuil releveur Astrid 10 couleurs microfibre ou chenille avec 2 moteurs, accoudoirs amovibles et dispositif m\u00e9dical - Bagno Italia\" \/>\n<meta property=\"og:description\" content=\"Fauteuil relax, releveur, mod\u00e8le Astrid ; disponible en microfibre bordeaux, bleu, marron, beige ou en coton chenille vert, bordeaux, bleu, marron, gris tourterelle, gris. 2 moteurs pour le mouvement ind\u00e9pendant du dossier et du pied de lit. Accoudoirs enti\u00e8rement amovibles. Kit de roulement avec 4 roulettes.\" \/>\n<meta property=\"og:url\" content=\"https:\/\/www.bagnoitalia.com\/fr\/produit\/astrid-lift-armchair-10-colours-microfibre-or-chenille-with-2-motors-removable-armrests-and-medical-device.html\" \/>\n<meta property=\"og:site_name\" content=\"Bagno Italia\" \/>\n<meta property=\"article:modified_time\" content=\"2024-11-07T16:01:39+00:00\" \/>\n<meta property=\"og:image\" content=\"https:\/\/img.bagnoitalia.com\/wp-content\/uploads\/1-23.webp\" \/>\n\t<meta property=\"og:image:width\" content=\"1000\" \/>\n\t<meta property=\"og:image:height\" content=\"1000\" \/>\n\t<meta property=\"og:image:type\" content=\"image\/webp\" \/>\n<meta name=\"twitter:card\" content=\"summary_large_image\" \/>\n<meta name=\"twitter:label1\" content=\"Dur\u00e9e de lecture estim\u00e9e\" \/>\n\t<meta name=\"twitter:data1\" content=\"1 minute\" \/>\n<script type=\"application\/ld+json\" class=\"yoast-schema-graph\">{\"@context\":\"https:\/\/schema.org\",\"@graph\":[{\"@type\":\"WebPage\",\"@id\":\"https:\/\/www.bagnoitalia.com\/fr\/produit\/astrid-lift-armchair-10-colours-microfibre-or-chenille-with-2-motors-removable-armrests-and-medical-device.html\",\"url\":\"https:\/\/www.bagnoitalia.com\/fr\/produit\/astrid-lift-armchair-10-colours-microfibre-or-chenille-with-2-motors-removable-armrests-and-medical-device.html\",\"name\":\"Fauteuil releveur Astrid 10 couleurs microfibre ou chenille avec 2 moteurs, accoudoirs amovibles et dispositif m\u00e9dical - Bagno Italia\",\"isPartOf\":{\"@id\":\"https:\/\/www.bagnoitalia.com\/fr#website\"},\"primaryImageOfPage\":{\"@id\":\"https:\/\/www.bagnoitalia.com\/fr\/produit\/astrid-lift-armchair-10-colours-microfibre-or-chenille-with-2-motors-removable-armrests-and-medical-device.html#primaryimage\"},\"image\":{\"@id\":\"https:\/\/www.bagnoitalia.com\/fr\/produit\/astrid-lift-armchair-10-colours-microfibre-or-chenille-with-2-motors-removable-armrests-and-medical-device.html#primaryimage\"},\"thumbnailUrl\":\"https:\/\/img.bagnoitalia.com\/wp-content\/uploads\/1-23.webp\",\"datePublished\":\"2024-11-07T15:56:41+00:00\",\"dateModified\":\"2024-11-07T16:01:39+00:00\",\"breadcrumb\":{\"@id\":\"https:\/\/www.bagnoitalia.com\/fr\/produit\/astrid-lift-armchair-10-colours-microfibre-or-chenille-with-2-motors-removable-armrests-and-medical-device.html#breadcrumb\"},\"inLanguage\":\"fr-FR\",\"potentialAction\":[{\"@type\":\"ReadAction\",\"target\":[\"https:\/\/www.bagnoitalia.com\/fr\/produit\/astrid-lift-armchair-10-colours-microfibre-or-chenille-with-2-motors-removable-armrests-and-medical-device.html\"]}]},{\"@type\":\"ImageObject\",\"inLanguage\":\"fr-FR\",\"@id\":\"https:\/\/www.bagnoitalia.com\/fr\/produit\/astrid-lift-armchair-10-colours-microfibre-or-chenille-with-2-motors-removable-armrests-and-medical-device.html#primaryimage\",\"url\":\"https:\/\/img.bagnoitalia.com\/wp-content\/uploads\/1-23.webp\",\"contentUrl\":\"https:\/\/img.bagnoitalia.com\/wp-content\/uploads\/1-23.webp\",\"width\":1000,\"height\":1000},{\"@type\":\"BreadcrumbList\",\"@id\":\"https:\/\/www.bagnoitalia.com\/fr\/produit\/astrid-lift-armchair-10-colours-microfibre-or-chenille-with-2-motors-removable-armrests-and-medical-device.html#breadcrumb\",\"itemListElement\":[{\"@type\":\"ListItem\",\"position\":1,\"name\":\"Home\",\"item\":\"https:\/\/www.bagnoitalia.com\/fr\"},{\"@type\":\"ListItem\",\"position\":2,\"name\":\"Produits\",\"item\":\"https:\/\/www.bagnoitalia.com\/fr\/shop\"},{\"@type\":\"ListItem\",\"position\":3,\"name\":\"Fauteuil releveur Astrid 10 couleurs microfibre ou chenille avec 2 moteurs, accoudoirs amovibles et dispositif m\u00e9dical\"}]},{\"@type\":\"WebSite\",\"@id\":\"https:\/\/www.bagnoitalia.com\/fr#website\",\"url\":\"https:\/\/www.bagnoitalia.com\/fr\",\"name\":\"Bagno Italia\",\"description\":\"\",\"publisher\":{\"@id\":\"https:\/\/www.bagnoitalia.com\/fr#organization\"},\"potentialAction\":[{\"@type\":\"SearchAction\",\"target\":{\"@type\":\"EntryPoint\",\"urlTemplate\":\"https:\/\/www.bagnoitalia.com\/fr?s={search_term_string}\"},\"query-input\":{\"@type\":\"PropertyValueSpecification\",\"valueRequired\":true,\"valueName\":\"search_term_string\"}}],\"inLanguage\":\"fr-FR\"},{\"@type\":\"Organization\",\"@id\":\"https:\/\/www.bagnoitalia.com\/fr#organization\",\"name\":\"Bagno Italia\",\"url\":\"https:\/\/www.bagnoitalia.com\/fr\",\"logo\":{\"@type\":\"ImageObject\",\"inLanguage\":\"fr-FR\",\"@id\":\"https:\/\/www.bagnoitalia.com\/fr#\/schema\/logo\/image\/\",\"url\":\"https:\/\/img.bagnoitalia.com\/wp-content\/uploads\/logo-bagnoitalia.webp\",\"contentUrl\":\"https:\/\/img.bagnoitalia.com\/wp-content\/uploads\/logo-bagnoitalia.webp\",\"width\":400,\"height\":70,\"caption\":\"Bagno Italia\"},\"image\":{\"@id\":\"https:\/\/www.bagnoitalia.com\/fr#\/schema\/logo\/image\/\"}}]}<\/script>\n<!-- \/ Yoast SEO plugin. -->","yoast_head_json":{"title":"Fauteuil releveur Astrid 10 couleurs microfibre ou chenille avec 2 moteurs, accoudoirs amovibles et dispositif m\u00e9dical - Bagno Italia","robots":{"index":"index","follow":"follow","max-snippet":"max-snippet:-1","max-image-preview":"max-image-preview:large","max-video-preview":"max-video-preview:-1"},"canonical":"https:\/\/www.bagnoitalia.com\/fr\/produit\/astrid-lift-armchair-10-colours-microfibre-or-chenille-with-2-motors-removable-armrests-and-medical-device.html","og_locale":"fr_FR","og_type":"article","og_title":"Fauteuil releveur Astrid 10 couleurs microfibre ou chenille avec 2 moteurs, accoudoirs amovibles et dispositif m\u00e9dical - Bagno Italia","og_description":"Fauteuil relax, releveur, mod\u00e8le Astrid ; disponible en microfibre bordeaux, bleu, marron, beige ou en coton chenille vert, bordeaux, bleu, marron, gris tourterelle, gris. 2 moteurs pour le mouvement ind\u00e9pendant du dossier et du pied de lit. Accoudoirs enti\u00e8rement amovibles. Kit de roulement avec 4 roulettes.","og_url":"https:\/\/www.bagnoitalia.com\/fr\/produit\/astrid-lift-armchair-10-colours-microfibre-or-chenille-with-2-motors-removable-armrests-and-medical-device.html","og_site_name":"Bagno Italia","article_modified_time":"2024-11-07T16:01:39+00:00","og_image":[{"width":1000,"height":1000,"url":"https:\/\/img.bagnoitalia.com\/wp-content\/uploads\/1-23.webp","type":"image\/webp"}],"twitter_card":"summary_large_image","twitter_misc":{"Dur\u00e9e de lecture estim\u00e9e":"1 minute"},"schema":{"@context":"https:\/\/schema.org","@graph":[{"@type":"WebPage","@id":"https:\/\/www.bagnoitalia.com\/fr\/produit\/astrid-lift-armchair-10-colours-microfibre-or-chenille-with-2-motors-removable-armrests-and-medical-device.html","url":"https:\/\/www.bagnoitalia.com\/fr\/produit\/astrid-lift-armchair-10-colours-microfibre-or-chenille-with-2-motors-removable-armrests-and-medical-device.html","name":"Fauteuil releveur Astrid 10 couleurs microfibre ou chenille avec 2 moteurs, accoudoirs amovibles et dispositif m\u00e9dical - Bagno Italia","isPartOf":{"@id":"https:\/\/www.bagnoitalia.com\/fr#website"},"primaryImageOfPage":{"@id":"https:\/\/www.bagnoitalia.com\/fr\/produit\/astrid-lift-armchair-10-colours-microfibre-or-chenille-with-2-motors-removable-armrests-and-medical-device.html#primaryimage"},"image":{"@id":"https:\/\/www.bagnoitalia.com\/fr\/produit\/astrid-lift-armchair-10-colours-microfibre-or-chenille-with-2-motors-removable-armrests-and-medical-device.html#primaryimage"},"thumbnailUrl":"https:\/\/img.bagnoitalia.com\/wp-content\/uploads\/1-23.webp","datePublished":"2024-11-07T15:56:41+00:00","dateModified":"2024-11-07T16:01:39+00:00","breadcrumb":{"@id":"https:\/\/www.bagnoitalia.com\/fr\/produit\/astrid-lift-armchair-10-colours-microfibre-or-chenille-with-2-motors-removable-armrests-and-medical-device.html#breadcrumb"},"inLanguage":"fr-FR","potentialAction":[{"@type":"ReadAction","target":["https:\/\/www.bagnoitalia.com\/fr\/produit\/astrid-lift-armchair-10-colours-microfibre-or-chenille-with-2-motors-removable-armrests-and-medical-device.html"]}]},{"@type":"ImageObject","inLanguage":"fr-FR","@id":"https:\/\/www.bagnoitalia.com\/fr\/produit\/astrid-lift-armchair-10-colours-microfibre-or-chenille-with-2-motors-removable-armrests-and-medical-device.html#primaryimage","url":"https:\/\/img.bagnoitalia.com\/wp-content\/uploads\/1-23.webp","contentUrl":"https:\/\/img.bagnoitalia.com\/wp-content\/uploads\/1-23.webp","width":1000,"height":1000},{"@type":"BreadcrumbList","@id":"https:\/\/www.bagnoitalia.com\/fr\/produit\/astrid-lift-armchair-10-colours-microfibre-or-chenille-with-2-motors-removable-armrests-and-medical-device.html#breadcrumb","itemListElement":[{"@type":"ListItem","position":1,"name":"Home","item":"https:\/\/www.bagnoitalia.com\/fr"},{"@type":"ListItem","position":2,"name":"Produits","item":"https:\/\/www.bagnoitalia.com\/fr\/shop"},{"@type":"ListItem","position":3,"name":"Fauteuil releveur Astrid 10 couleurs microfibre ou chenille avec 2 moteurs, accoudoirs amovibles et dispositif m\u00e9dical"}]},{"@type":"WebSite","@id":"https:\/\/www.bagnoitalia.com\/fr#website","url":"https:\/\/www.bagnoitalia.com\/fr","name":"Bagno Italia","description":"","publisher":{"@id":"https:\/\/www.bagnoitalia.com\/fr#organization"},"potentialAction":[{"@type":"SearchAction","target":{"@type":"EntryPoint","urlTemplate":"https:\/\/www.bagnoitalia.com\/fr?s={search_term_string}"},"query-input":{"@type":"PropertyValueSpecification","valueRequired":true,"valueName":"search_term_string"}}],"inLanguage":"fr-FR"},{"@type":"Organization","@id":"https:\/\/www.bagnoitalia.com\/fr#organization","name":"Bagno Italia","url":"https:\/\/www.bagnoitalia.com\/fr","logo":{"@type":"ImageObject","inLanguage":"fr-FR","@id":"https:\/\/www.bagnoitalia.com\/fr#\/schema\/logo\/image\/","url":"https:\/\/img.bagnoitalia.com\/wp-content\/uploads\/logo-bagnoitalia.webp","contentUrl":"https:\/\/img.bagnoitalia.com\/wp-content\/uploads\/logo-bagnoitalia.webp","width":400,"height":70,"caption":"Bagno Italia"},"image":{"@id":"https:\/\/www.bagnoitalia.com\/fr#\/schema\/logo\/image\/"}}]}},"_links":{"self":[{"href":"https:\/\/www.bagnoitalia.com\/fr\/wp-json\/wp\/v2\/product\/95062","targetHints":{"allow":["GET"]}}],"collection":[{"href":"https:\/\/www.bagnoitalia.com\/fr\/wp-json\/wp\/v2\/product"}],"about":[{"href":"https:\/\/www.bagnoitalia.com\/fr\/wp-json\/wp\/v2\/types\/product"}],"replies":[{"embeddable":true,"href":"https:\/\/www.bagnoitalia.com\/fr\/wp-json\/wp\/v2\/comments?post=95062"}],"version-history":[{"count":2,"href":"https:\/\/www.bagnoitalia.com\/fr\/wp-json\/wp\/v2\/product\/95062\/revisions"}],"predecessor-version":[{"id":95070,"href":"https:\/\/www.bagnoitalia.com\/fr\/wp-json\/wp\/v2\/product\/95062\/revisions\/95070"}],"wp:featuredmedia":[{"embeddable":true,"href":"https:\/\/www.bagnoitalia.com\/fr\/wp-json\/wp\/v2\/media\/95014"}],"wp:attachment":[{"href":"https:\/\/www.bagnoitalia.com\/fr\/wp-json\/wp\/v2\/media?parent=95062"}],"wp:term":[{"taxonomy":"product_brand","embeddable":true,"href":"https:\/\/www.bagnoitalia.com\/fr\/wp-json\/wp\/v2\/product_brand?post=95062"},{"taxonomy":"product_cat","embeddable":true,"href":"https:\/\/www.bagnoitalia.com\/fr\/wp-json\/wp\/v2\/product_cat?post=95062"},{"taxonomy":"product_tag","embeddable":true,"href":"https:\/\/www.bagnoitalia.com\/fr\/wp-json\/wp\/v2\/product_tag?post=95062"}],"curies":[{"name":"wp","href":"https:\/\/api.w.org\/{rel}","templated":true}]}}