{"id":95006,"date":"2024-11-07T16:30:35","date_gmt":"2024-11-07T15:30:35","guid":{"rendered":"https:\/\/www.bagnoitalia.com\/product\/michelle-microfibre-relaxation-armchair-5-colours-with-vibromassage-2-motors-lifter-with-medical-device"},"modified":"2024-11-07T16:34:17","modified_gmt":"2024-11-07T15:34:17","slug":"michelle-microfibre-relaxation-armchair-5-colours-with-vibromassage-2-motors-lifter-with-medical-device","status":"publish","type":"product","link":"https:\/\/www.bagnoitalia.com\/fr\/produit\/michelle-microfibre-relaxation-armchair-5-colours-with-vibromassage-2-motors-lifter-with-medical-device.html","title":{"rendered":"Fauteuil de relaxation Michelle en microfibre 5 couleurs avec vibromassage 2 moteurs releveur avec dispositif m\u00e9dical"},"content":{"rendered":"<p>FAUTEUIL DE MASSAGE LANCEMENT mod\u00e8le &lsquo;MICHELLE&rsquo;<\/p>\n<p>&nbsp;<\/p>\n<p>&nbsp;<\/p>\n<p>&nbsp;<\/p>\n<p>&nbsp;<\/p>\n<p>DIMENSIONS DU PRODUIT<\/p>\n<p>&nbsp;<\/p>\n<p>Largeur 70 cm<\/p>\n<p>Hauteur 108 cm<\/p>\n<p>Profondeur minimale (ferm\u00e9) 80 cm<\/p>\n<p>Profondeur maximale (ouvert) 175 cm<\/p>\n<p>Poids 65 kg<\/p>\n<p>&nbsp;<\/p>\n<p>CARACT\u00c9RISTIQUES PRINCIPALES<\/p>\n<p>&nbsp;<\/p>\n<p>Fauteuil avec 2 moteurs, pour contr\u00f4ler s\u00e9par\u00e9ment l&rsquo;inclinaison du repose-pieds et du dossier.<\/p>\n<p>Fonction lift : positionnement en hauteur de l&rsquo;assise du fauteuil, gr\u00e2ce au piston Okin (supporte une charge maximale de 150 kg)<\/p>\n<p>Fonction vibromassage : sur 4 zones (dos, lombaires, fesses, jambes) avec 8 moteurs de vibration et 3 niveaux d&rsquo;intensit\u00e9<\/p>\n<p>Fonction de chauffage : dans la r\u00e9gion lombaire<\/p>\n<p>Minuterie d&rsquo;arr\u00eat automatique (10, 20, 30 minutes)<\/p>\n<p>Avec 2 roulettes arri\u00e8re<\/p>\n<p>Cadre en fer<\/p>\n<p>Housse en microfibre<\/p>\n<p>Couleurs disponibles : bordeaux, bleu, marron, cr\u00e8me, noisette<\/p>\n<p>Courant 220-110 Volt (29 V)<\/p>\n<p>Consommation \u00e9lectrique 80 Watts<\/p>\n<p>CERTIFICATIONS CE, RHOS, TUV<\/p>\n<p>DISPOSITIF M\u00c9DICAL CLASSE 1<\/p>\n<p>&nbsp;<\/p>\n<p>&nbsp;<\/p>\n<p>&nbsp;<\/p>\n<p>&nbsp;<\/p>\n<p>&nbsp;<\/p>\n<p>&nbsp;<\/p>\n<p>&nbsp;<\/p>\n<p>&nbsp;<\/p>\n<p>&nbsp;<\/p>\n<p>&nbsp;<\/p>\n<p>&nbsp;<\/p>\n<p>&nbsp;<\/p>\n<p>&nbsp;<\/p>\n<p>&nbsp;<\/p>\n<p>&nbsp;<\/p>\n<p>&nbsp;<\/p>\n<p>&nbsp;<\/p>\n<p>&nbsp;<\/p>\n<p>&nbsp;<\/p>\n<p>martina<\/p>\n<p>&nbsp;<\/p>\n<p>&nbsp;<\/p>\n","protected":false},"excerpt":{"rendered":"<p>Fauteuil rembourr\u00e9 en microfibre, choix de 5 couleurs : bordeaux, bleu, marron, cr\u00e8me, noisette. Fonctions principales : vibromassage, releveur, inclinaison \u00e0 180\u00b0 pour la position lit.<\/p>\n","protected":false},"featured_media":94982,"comment_status":"open","ping_status":"closed","template":"","meta":[],"product_brand":[9909],"product_cat":[9803],"product_tag":[],"class_list":{"0":"post-95006","1":"product","2":"type-product","3":"status-publish","4":"has-post-thumbnail","6":"product_brand-puntorelax-fr","7":"product_cat-fauteuils","9":"first","10":"instock","11":"sale","12":"taxable","13":"shipping-taxable","14":"purchasable","15":"product-type-simple"},"exclude_global_add_ons":false,"addons":[{"name":"Couleur","type":"multiple_choice","position":0,"required":false,"title_format":"label","default":"","description_enable":false,"description":"","placeholder_enable":false,"placeholder":"","display":"select","restrictions_type":"any_text","adjust_price":false,"price":"","price_type":"flat_fee","restrictions":false,"min":"0","max":"0","options":[{"label":"bordeaux","price":"","price_type":"flat_fee","image":0,"visibility":true},{"label":"bleu","price":"","price_type":"flat_fee","image":0,"visibility":true},{"label":"brun","price":"","price_type":"flat_fee","image":0,"visibility":true},{"label":"cr\u00e8me","price":"","price_type":"flat_fee","image":0,"visibility":true},{"label":"noisette","price":"","price_type":"flat_fee","image":0,"visibility":true}],"id":1730997036}],"yoast_head":"<!-- This site is optimized with the Yoast SEO plugin v26.7 - https:\/\/yoast.com\/wordpress\/plugins\/seo\/ -->\n<title>Fauteuil de relaxation Michelle en microfibre 5 couleurs avec vibromassage 2 moteurs releveur avec dispositif m\u00e9dical - Bagno Italia<\/title>\n<meta name=\"robots\" content=\"index, follow, max-snippet:-1, max-image-preview:large, max-video-preview:-1\" \/>\n<link rel=\"canonical\" href=\"https:\/\/www.bagnoitalia.com\/fr\/produit\/michelle-microfibre-relaxation-armchair-5-colours-with-vibromassage-2-motors-lifter-with-medical-device.html\" \/>\n<meta property=\"og:locale\" content=\"fr_FR\" \/>\n<meta property=\"og:type\" content=\"article\" \/>\n<meta property=\"og:title\" content=\"Fauteuil de relaxation Michelle en microfibre 5 couleurs avec vibromassage 2 moteurs releveur avec dispositif m\u00e9dical - Bagno Italia\" \/>\n<meta property=\"og:description\" content=\"Fauteuil rembourr\u00e9 en microfibre, choix de 5 couleurs : bordeaux, bleu, marron, cr\u00e8me, noisette. Fonctions principales : vibromassage, releveur, inclinaison \u00e0 180\u00b0 pour la position lit.\" \/>\n<meta property=\"og:url\" content=\"https:\/\/www.bagnoitalia.com\/fr\/produit\/michelle-microfibre-relaxation-armchair-5-colours-with-vibromassage-2-motors-lifter-with-medical-device.html\" \/>\n<meta property=\"og:site_name\" content=\"Bagno Italia\" \/>\n<meta property=\"article:modified_time\" content=\"2024-11-07T15:34:17+00:00\" \/>\n<meta property=\"og:image\" content=\"https:\/\/img.bagnoitalia.com\/wp-content\/uploads\/1-22.webp\" \/>\n\t<meta property=\"og:image:width\" content=\"1000\" \/>\n\t<meta property=\"og:image:height\" content=\"1000\" \/>\n\t<meta property=\"og:image:type\" content=\"image\/webp\" \/>\n<meta name=\"twitter:card\" content=\"summary_large_image\" \/>\n<meta name=\"twitter:label1\" content=\"Dur\u00e9e de lecture estim\u00e9e\" \/>\n\t<meta name=\"twitter:data1\" content=\"1 minute\" \/>\n<script type=\"application\/ld+json\" class=\"yoast-schema-graph\">{\"@context\":\"https:\/\/schema.org\",\"@graph\":[{\"@type\":\"WebPage\",\"@id\":\"https:\/\/www.bagnoitalia.com\/fr\/produit\/michelle-microfibre-relaxation-armchair-5-colours-with-vibromassage-2-motors-lifter-with-medical-device.html\",\"url\":\"https:\/\/www.bagnoitalia.com\/fr\/produit\/michelle-microfibre-relaxation-armchair-5-colours-with-vibromassage-2-motors-lifter-with-medical-device.html\",\"name\":\"Fauteuil de relaxation Michelle en microfibre 5 couleurs avec vibromassage 2 moteurs releveur avec dispositif m\u00e9dical - Bagno Italia\",\"isPartOf\":{\"@id\":\"https:\/\/www.bagnoitalia.com\/fr#website\"},\"primaryImageOfPage\":{\"@id\":\"https:\/\/www.bagnoitalia.com\/fr\/produit\/michelle-microfibre-relaxation-armchair-5-colours-with-vibromassage-2-motors-lifter-with-medical-device.html#primaryimage\"},\"image\":{\"@id\":\"https:\/\/www.bagnoitalia.com\/fr\/produit\/michelle-microfibre-relaxation-armchair-5-colours-with-vibromassage-2-motors-lifter-with-medical-device.html#primaryimage\"},\"thumbnailUrl\":\"https:\/\/img.bagnoitalia.com\/wp-content\/uploads\/1-22.webp\",\"datePublished\":\"2024-11-07T15:30:35+00:00\",\"dateModified\":\"2024-11-07T15:34:17+00:00\",\"breadcrumb\":{\"@id\":\"https:\/\/www.bagnoitalia.com\/fr\/produit\/michelle-microfibre-relaxation-armchair-5-colours-with-vibromassage-2-motors-lifter-with-medical-device.html#breadcrumb\"},\"inLanguage\":\"fr-FR\",\"potentialAction\":[{\"@type\":\"ReadAction\",\"target\":[\"https:\/\/www.bagnoitalia.com\/fr\/produit\/michelle-microfibre-relaxation-armchair-5-colours-with-vibromassage-2-motors-lifter-with-medical-device.html\"]}]},{\"@type\":\"ImageObject\",\"inLanguage\":\"fr-FR\",\"@id\":\"https:\/\/www.bagnoitalia.com\/fr\/produit\/michelle-microfibre-relaxation-armchair-5-colours-with-vibromassage-2-motors-lifter-with-medical-device.html#primaryimage\",\"url\":\"https:\/\/img.bagnoitalia.com\/wp-content\/uploads\/1-22.webp\",\"contentUrl\":\"https:\/\/img.bagnoitalia.com\/wp-content\/uploads\/1-22.webp\",\"width\":1000,\"height\":1000},{\"@type\":\"BreadcrumbList\",\"@id\":\"https:\/\/www.bagnoitalia.com\/fr\/produit\/michelle-microfibre-relaxation-armchair-5-colours-with-vibromassage-2-motors-lifter-with-medical-device.html#breadcrumb\",\"itemListElement\":[{\"@type\":\"ListItem\",\"position\":1,\"name\":\"Home\",\"item\":\"https:\/\/www.bagnoitalia.com\/fr\"},{\"@type\":\"ListItem\",\"position\":2,\"name\":\"Produits\",\"item\":\"https:\/\/www.bagnoitalia.com\/fr\/shop\"},{\"@type\":\"ListItem\",\"position\":3,\"name\":\"Fauteuil de relaxation Michelle en microfibre 5 couleurs avec vibromassage 2 moteurs releveur avec dispositif m\u00e9dical\"}]},{\"@type\":\"WebSite\",\"@id\":\"https:\/\/www.bagnoitalia.com\/fr#website\",\"url\":\"https:\/\/www.bagnoitalia.com\/fr\",\"name\":\"Bagno Italia\",\"description\":\"\",\"publisher\":{\"@id\":\"https:\/\/www.bagnoitalia.com\/fr#organization\"},\"potentialAction\":[{\"@type\":\"SearchAction\",\"target\":{\"@type\":\"EntryPoint\",\"urlTemplate\":\"https:\/\/www.bagnoitalia.com\/fr?s={search_term_string}\"},\"query-input\":{\"@type\":\"PropertyValueSpecification\",\"valueRequired\":true,\"valueName\":\"search_term_string\"}}],\"inLanguage\":\"fr-FR\"},{\"@type\":\"Organization\",\"@id\":\"https:\/\/www.bagnoitalia.com\/fr#organization\",\"name\":\"Bagno Italia\",\"url\":\"https:\/\/www.bagnoitalia.com\/fr\",\"logo\":{\"@type\":\"ImageObject\",\"inLanguage\":\"fr-FR\",\"@id\":\"https:\/\/www.bagnoitalia.com\/fr#\/schema\/logo\/image\/\",\"url\":\"https:\/\/img.bagnoitalia.com\/wp-content\/uploads\/logo-bagnoitalia.webp\",\"contentUrl\":\"https:\/\/img.bagnoitalia.com\/wp-content\/uploads\/logo-bagnoitalia.webp\",\"width\":400,\"height\":70,\"caption\":\"Bagno Italia\"},\"image\":{\"@id\":\"https:\/\/www.bagnoitalia.com\/fr#\/schema\/logo\/image\/\"}}]}<\/script>\n<!-- \/ Yoast SEO plugin. -->","yoast_head_json":{"title":"Fauteuil de relaxation Michelle en microfibre 5 couleurs avec vibromassage 2 moteurs releveur avec dispositif m\u00e9dical - Bagno Italia","robots":{"index":"index","follow":"follow","max-snippet":"max-snippet:-1","max-image-preview":"max-image-preview:large","max-video-preview":"max-video-preview:-1"},"canonical":"https:\/\/www.bagnoitalia.com\/fr\/produit\/michelle-microfibre-relaxation-armchair-5-colours-with-vibromassage-2-motors-lifter-with-medical-device.html","og_locale":"fr_FR","og_type":"article","og_title":"Fauteuil de relaxation Michelle en microfibre 5 couleurs avec vibromassage 2 moteurs releveur avec dispositif m\u00e9dical - Bagno Italia","og_description":"Fauteuil rembourr\u00e9 en microfibre, choix de 5 couleurs : bordeaux, bleu, marron, cr\u00e8me, noisette. Fonctions principales : vibromassage, releveur, inclinaison \u00e0 180\u00b0 pour la position lit.","og_url":"https:\/\/www.bagnoitalia.com\/fr\/produit\/michelle-microfibre-relaxation-armchair-5-colours-with-vibromassage-2-motors-lifter-with-medical-device.html","og_site_name":"Bagno Italia","article_modified_time":"2024-11-07T15:34:17+00:00","og_image":[{"width":1000,"height":1000,"url":"https:\/\/img.bagnoitalia.com\/wp-content\/uploads\/1-22.webp","type":"image\/webp"}],"twitter_card":"summary_large_image","twitter_misc":{"Dur\u00e9e de lecture estim\u00e9e":"1 minute"},"schema":{"@context":"https:\/\/schema.org","@graph":[{"@type":"WebPage","@id":"https:\/\/www.bagnoitalia.com\/fr\/produit\/michelle-microfibre-relaxation-armchair-5-colours-with-vibromassage-2-motors-lifter-with-medical-device.html","url":"https:\/\/www.bagnoitalia.com\/fr\/produit\/michelle-microfibre-relaxation-armchair-5-colours-with-vibromassage-2-motors-lifter-with-medical-device.html","name":"Fauteuil de relaxation Michelle en microfibre 5 couleurs avec vibromassage 2 moteurs releveur avec dispositif m\u00e9dical - Bagno Italia","isPartOf":{"@id":"https:\/\/www.bagnoitalia.com\/fr#website"},"primaryImageOfPage":{"@id":"https:\/\/www.bagnoitalia.com\/fr\/produit\/michelle-microfibre-relaxation-armchair-5-colours-with-vibromassage-2-motors-lifter-with-medical-device.html#primaryimage"},"image":{"@id":"https:\/\/www.bagnoitalia.com\/fr\/produit\/michelle-microfibre-relaxation-armchair-5-colours-with-vibromassage-2-motors-lifter-with-medical-device.html#primaryimage"},"thumbnailUrl":"https:\/\/img.bagnoitalia.com\/wp-content\/uploads\/1-22.webp","datePublished":"2024-11-07T15:30:35+00:00","dateModified":"2024-11-07T15:34:17+00:00","breadcrumb":{"@id":"https:\/\/www.bagnoitalia.com\/fr\/produit\/michelle-microfibre-relaxation-armchair-5-colours-with-vibromassage-2-motors-lifter-with-medical-device.html#breadcrumb"},"inLanguage":"fr-FR","potentialAction":[{"@type":"ReadAction","target":["https:\/\/www.bagnoitalia.com\/fr\/produit\/michelle-microfibre-relaxation-armchair-5-colours-with-vibromassage-2-motors-lifter-with-medical-device.html"]}]},{"@type":"ImageObject","inLanguage":"fr-FR","@id":"https:\/\/www.bagnoitalia.com\/fr\/produit\/michelle-microfibre-relaxation-armchair-5-colours-with-vibromassage-2-motors-lifter-with-medical-device.html#primaryimage","url":"https:\/\/img.bagnoitalia.com\/wp-content\/uploads\/1-22.webp","contentUrl":"https:\/\/img.bagnoitalia.com\/wp-content\/uploads\/1-22.webp","width":1000,"height":1000},{"@type":"BreadcrumbList","@id":"https:\/\/www.bagnoitalia.com\/fr\/produit\/michelle-microfibre-relaxation-armchair-5-colours-with-vibromassage-2-motors-lifter-with-medical-device.html#breadcrumb","itemListElement":[{"@type":"ListItem","position":1,"name":"Home","item":"https:\/\/www.bagnoitalia.com\/fr"},{"@type":"ListItem","position":2,"name":"Produits","item":"https:\/\/www.bagnoitalia.com\/fr\/shop"},{"@type":"ListItem","position":3,"name":"Fauteuil de relaxation Michelle en microfibre 5 couleurs avec vibromassage 2 moteurs releveur avec dispositif m\u00e9dical"}]},{"@type":"WebSite","@id":"https:\/\/www.bagnoitalia.com\/fr#website","url":"https:\/\/www.bagnoitalia.com\/fr","name":"Bagno Italia","description":"","publisher":{"@id":"https:\/\/www.bagnoitalia.com\/fr#organization"},"potentialAction":[{"@type":"SearchAction","target":{"@type":"EntryPoint","urlTemplate":"https:\/\/www.bagnoitalia.com\/fr?s={search_term_string}"},"query-input":{"@type":"PropertyValueSpecification","valueRequired":true,"valueName":"search_term_string"}}],"inLanguage":"fr-FR"},{"@type":"Organization","@id":"https:\/\/www.bagnoitalia.com\/fr#organization","name":"Bagno Italia","url":"https:\/\/www.bagnoitalia.com\/fr","logo":{"@type":"ImageObject","inLanguage":"fr-FR","@id":"https:\/\/www.bagnoitalia.com\/fr#\/schema\/logo\/image\/","url":"https:\/\/img.bagnoitalia.com\/wp-content\/uploads\/logo-bagnoitalia.webp","contentUrl":"https:\/\/img.bagnoitalia.com\/wp-content\/uploads\/logo-bagnoitalia.webp","width":400,"height":70,"caption":"Bagno Italia"},"image":{"@id":"https:\/\/www.bagnoitalia.com\/fr#\/schema\/logo\/image\/"}}]}},"_links":{"self":[{"href":"https:\/\/www.bagnoitalia.com\/fr\/wp-json\/wp\/v2\/product\/95006","targetHints":{"allow":["GET"]}}],"collection":[{"href":"https:\/\/www.bagnoitalia.com\/fr\/wp-json\/wp\/v2\/product"}],"about":[{"href":"https:\/\/www.bagnoitalia.com\/fr\/wp-json\/wp\/v2\/types\/product"}],"replies":[{"embeddable":true,"href":"https:\/\/www.bagnoitalia.com\/fr\/wp-json\/wp\/v2\/comments?post=95006"}],"version-history":[{"count":1,"href":"https:\/\/www.bagnoitalia.com\/fr\/wp-json\/wp\/v2\/product\/95006\/revisions"}],"predecessor-version":[{"id":95011,"href":"https:\/\/www.bagnoitalia.com\/fr\/wp-json\/wp\/v2\/product\/95006\/revisions\/95011"}],"wp:featuredmedia":[{"embeddable":true,"href":"https:\/\/www.bagnoitalia.com\/fr\/wp-json\/wp\/v2\/media\/94982"}],"wp:attachment":[{"href":"https:\/\/www.bagnoitalia.com\/fr\/wp-json\/wp\/v2\/media?parent=95006"}],"wp:term":[{"taxonomy":"product_brand","embeddable":true,"href":"https:\/\/www.bagnoitalia.com\/fr\/wp-json\/wp\/v2\/product_brand?post=95006"},{"taxonomy":"product_cat","embeddable":true,"href":"https:\/\/www.bagnoitalia.com\/fr\/wp-json\/wp\/v2\/product_cat?post=95006"},{"taxonomy":"product_tag","embeddable":true,"href":"https:\/\/www.bagnoitalia.com\/fr\/wp-json\/wp\/v2\/product_tag?post=95006"}],"curies":[{"name":"wp","href":"https:\/\/api.w.org\/{rel}","templated":true}]}}