{"id":94896,"date":"2024-11-06T15:25:28","date_gmt":"2024-11-06T14:25:28","guid":{"rendered":"https:\/\/www.bagnoitalia.com\/product\/emanuela-relax-armchair-with-1-or-2-lift-motors-in-various-colours-with-medical-device"},"modified":"2024-11-06T15:36:39","modified_gmt":"2024-11-06T14:36:39","slug":"emanuela-relax-armchair-with-1-or-2-lift-motors-in-various-colours-with-medical-device","status":"publish","type":"product","link":"https:\/\/www.bagnoitalia.com\/fr\/produit\/emanuela-relax-armchair-with-1-or-2-lift-motors-in-various-colours-with-medical-device.html","title":{"rendered":"Emanuela Fauteuil relax avec 1 ou 2 moteurs de levage en diff\u00e9rentes couleurs avec dispositif m\u00e9dical"},"content":{"rendered":"<p>&nbsp;<\/p>\n<p>FAUTEUIL RELAX \u00ab EMANUELA<\/p>\n<p>&nbsp;<\/p>\n<p>Le fauteuil Emanuela convient aussi bien aux personnes \u00e2g\u00e9es ayant des difficult\u00e9s \u00e0 se d\u00e9placer qu&rsquo;aux personnes qui souhaitent simplement se d\u00e9tendre un peu chez elles.<\/p>\n<p>&nbsp;<\/p>\n<p>INCLINAISON \u00c9LECTRIQUE<\/p>\n<p>Gr\u00e2ce au moteur \u00e9lectrique dont le fauteuil est \u00e9quip\u00e9, l&rsquo;inclinaison du dossier et du repose-pieds est conforme aux normes de s\u00e9curit\u00e9.<\/p>\n<p>En utilisant le menu d\u00e9roulant, vous pouvez choisir la version AVEC 2 MOTEURS, pour r\u00e9gler s\u00e9par\u00e9ment le mouvement du dossier et du repose-pieds.<\/p>\n<p>En outre, il est possible d&rsquo;obtenir une position lit, gr\u00e2ce \u00e0 l&rsquo;inclinaison totale de 180\u00b0, avec le dossier presque \u00e0 l&rsquo;horizontale et le repose-pieds relev\u00e9 au maximum : une position certainement appr\u00e9ci\u00e9e par ceux qui ont l&rsquo;intention de dormir sur ce fauteuil.<\/p>\n<p>ROUES ARRI\u00c8RES<\/p>\n<p>Le fauteuil est facile \u00e0 d\u00e9placer gr\u00e2ce aux deux roues arri\u00e8re, qui ne peuvent \u00eatre utilis\u00e9es que si personne n&rsquo;est assis dessus. Les roues sont au sol et il est possible de le d\u00e9placer \u00e0 volont\u00e9 ; de plus, en position relev\u00e9e, les roues ne touchent pas le sol, de sorte que le fauteuil ne peut pas se d\u00e9placer accidentellement.<\/p>\n<p>&nbsp;<\/p>\n<p>FONCTION LIFT<\/p>\n<p>Positionnement en hauteur de l&rsquo;assise du fauteuil gr\u00e2ce au piston Okin.<\/p>\n<p>&nbsp;<\/p>\n<p>DIMENSIONS ET CARACT\u00c9RISTIQUES PRINCIPALES<\/p>\n<p>&nbsp;<\/p>\n<p>Longueur 70 cm<\/p>\n<p>Hauteur 105 cm<\/p>\n<p>Profondeur 85 cm ferm\u00e9 \/ 170 cm ouvert<\/p>\n<p>Choix de 9 couleurs en similicuir, microfibre ou coton<\/p>\n<p>Housse de si\u00e8ge amovible<\/p>\n<p>Avec 2 roulettes arri\u00e8re<\/p>\n<p>Commande par c\u00e2ble<\/p>\n<p>Structure en fer<\/p>\n<p>Poids 65 kg<\/p>\n<p>Courant 220-110 Volt (29 V)<\/p>\n<p>Consommation \u00e9lectrique 80 W<\/p>\n<p>CERTIFICATIONS CE, RHOS, TUV<\/p>\n<p>DISPOSITIF M\u00c9DICAL DE CLASSE 1<\/p>\n<p>&nbsp;<\/p>\n<p>&nbsp;<\/p>\n<p>&nbsp;<\/p>\n<p>&nbsp;<\/p>\n<p>&nbsp;<\/p>\n<p>&nbsp;<\/p>\n<p>&nbsp;<\/p>\n<p>&nbsp;<\/p>\n<p>&nbsp;<\/p>\n<p>&nbsp;<\/p>\n<p>&nbsp;<\/p>\n<p>&nbsp;<\/p>\n<p>&nbsp;<\/p>\n<p>&nbsp;<\/p>\n<p>&nbsp;<\/p>\n<p>&nbsp;<\/p>\n<p>&nbsp;<\/p>\n<p>&nbsp;<\/p>\n<p>emma<\/p>\n<p>&nbsp;<\/p>\n<p>&nbsp;<\/p>\n","protected":false},"excerpt":{"rendered":"<p>Fauteuil confortable et moderne, inclinable, disponible en 3 rev\u00eatements (similicuir, microfibre ou coton) et 9 couleurs diff\u00e9rentes. Avec dispositif m\u00e9dical. Deux types au choix : avec 1 moteur ou avec 2 moteurs.<\/p>\n","protected":false},"featured_media":94867,"comment_status":"open","ping_status":"closed","template":"","meta":[],"product_brand":[9910],"product_cat":[9803],"product_tag":[],"class_list":{"0":"post-94896","1":"product","2":"type-product","3":"status-publish","4":"has-post-thumbnail","6":"product_brand-puntorelax-de","7":"product_cat-fauteuils","9":"first","10":"instock","11":"sale","12":"taxable","13":"shipping-taxable","14":"purchasable","15":"product-type-simple"},"exclude_global_add_ons":false,"addons":[{"name":"Type","type":"multiple_choice","position":0,"required":false,"title_format":"label","default":"","description_enable":false,"description":"","placeholder_enable":false,"placeholder":"","display":"select","restrictions_type":"any_text","adjust_price":false,"price":"","price_type":"flat_fee","restrictions":false,"min":"0","max":"0","options":[{"label":"1 moteur","price":"","price_type":"flat_fee","image":0,"visibility":true},{"label":"2 moteurs","price":"120","price_type":"flat_fee","image":0,"visibility":true}],"id":1730906729},{"name":"Couleur","type":"multiple_choice","position":1,"required":false,"title_format":"label","default":"","description_enable":false,"description":"","placeholder_enable":false,"placeholder":"","display":"select","restrictions_type":"any_text","adjust_price":false,"price":"","price_type":"flat_fee","restrictions":false,"min":"0","max":"0","options":[{"label":"Similicuir noir","price":"","price_type":"flat_fee","image":0,"visibility":true},{"label":"Cuir artificiel rouge","price":"","price_type":"flat_fee","image":0,"visibility":true},{"label":"Microfibre bordeaux","price":"","price_type":"flat_fee","image":0,"visibility":true},{"label":"Microfibre bleue","price":"","price_type":"flat_fee","image":0,"visibility":true},{"label":"Microfibre marron","price":"","price_type":"flat_fee","image":0,"visibility":true},{"label":"Microfibre beige","price":"","price_type":"flat_fee","image":0,"visibility":true},{"label":"Microfibre bronze","price":"","price_type":"flat_fee","image":0,"visibility":true},{"label":"Coton gris","price":"","price_type":"flat_fee","image":0,"visibility":true},{"label":"Coton beige","price":"","price_type":"flat_fee","image":0,"visibility":true}],"id":1730906730}],"yoast_head":"<!-- This site is optimized with the Yoast SEO plugin v26.7 - https:\/\/yoast.com\/wordpress\/plugins\/seo\/ -->\n<title>Emanuela Fauteuil relax avec 1 ou 2 moteurs de levage en diff\u00e9rentes couleurs avec dispositif m\u00e9dical - Bagno Italia<\/title>\n<meta name=\"robots\" content=\"index, follow, max-snippet:-1, max-image-preview:large, max-video-preview:-1\" \/>\n<link rel=\"canonical\" href=\"https:\/\/www.bagnoitalia.com\/fr\/produit\/emanuela-relax-armchair-with-1-or-2-lift-motors-in-various-colours-with-medical-device.html\" \/>\n<meta property=\"og:locale\" content=\"fr_FR\" \/>\n<meta property=\"og:type\" content=\"article\" \/>\n<meta property=\"og:title\" content=\"Emanuela Fauteuil relax avec 1 ou 2 moteurs de levage en diff\u00e9rentes couleurs avec dispositif m\u00e9dical - Bagno Italia\" \/>\n<meta property=\"og:description\" content=\"Fauteuil confortable et moderne, inclinable, disponible en 3 rev\u00eatements (similicuir, microfibre ou coton) et 9 couleurs diff\u00e9rentes. Avec dispositif m\u00e9dical. Deux types au choix : avec 1 moteur ou avec 2 moteurs.\" \/>\n<meta property=\"og:url\" content=\"https:\/\/www.bagnoitalia.com\/fr\/produit\/emanuela-relax-armchair-with-1-or-2-lift-motors-in-various-colours-with-medical-device.html\" \/>\n<meta property=\"og:site_name\" content=\"Bagno Italia\" \/>\n<meta property=\"article:modified_time\" content=\"2024-11-06T14:36:39+00:00\" \/>\n<meta property=\"og:image\" content=\"https:\/\/img.bagnoitalia.com\/wp-content\/uploads\/1-20.webp\" \/>\n\t<meta property=\"og:image:width\" content=\"1000\" \/>\n\t<meta property=\"og:image:height\" content=\"1000\" \/>\n\t<meta property=\"og:image:type\" content=\"image\/webp\" \/>\n<meta name=\"twitter:card\" content=\"summary_large_image\" \/>\n<meta name=\"twitter:label1\" content=\"Dur\u00e9e de lecture estim\u00e9e\" \/>\n\t<meta name=\"twitter:data1\" content=\"2 minutes\" \/>\n<script type=\"application\/ld+json\" class=\"yoast-schema-graph\">{\"@context\":\"https:\/\/schema.org\",\"@graph\":[{\"@type\":\"WebPage\",\"@id\":\"https:\/\/www.bagnoitalia.com\/fr\/produit\/emanuela-relax-armchair-with-1-or-2-lift-motors-in-various-colours-with-medical-device.html\",\"url\":\"https:\/\/www.bagnoitalia.com\/fr\/produit\/emanuela-relax-armchair-with-1-or-2-lift-motors-in-various-colours-with-medical-device.html\",\"name\":\"Emanuela Fauteuil relax avec 1 ou 2 moteurs de levage en diff\u00e9rentes couleurs avec dispositif m\u00e9dical - Bagno Italia\",\"isPartOf\":{\"@id\":\"https:\/\/www.bagnoitalia.com\/fr#website\"},\"primaryImageOfPage\":{\"@id\":\"https:\/\/www.bagnoitalia.com\/fr\/produit\/emanuela-relax-armchair-with-1-or-2-lift-motors-in-various-colours-with-medical-device.html#primaryimage\"},\"image\":{\"@id\":\"https:\/\/www.bagnoitalia.com\/fr\/produit\/emanuela-relax-armchair-with-1-or-2-lift-motors-in-various-colours-with-medical-device.html#primaryimage\"},\"thumbnailUrl\":\"https:\/\/img.bagnoitalia.com\/wp-content\/uploads\/1-20.webp\",\"datePublished\":\"2024-11-06T14:25:28+00:00\",\"dateModified\":\"2024-11-06T14:36:39+00:00\",\"breadcrumb\":{\"@id\":\"https:\/\/www.bagnoitalia.com\/fr\/produit\/emanuela-relax-armchair-with-1-or-2-lift-motors-in-various-colours-with-medical-device.html#breadcrumb\"},\"inLanguage\":\"fr-FR\",\"potentialAction\":[{\"@type\":\"ReadAction\",\"target\":[\"https:\/\/www.bagnoitalia.com\/fr\/produit\/emanuela-relax-armchair-with-1-or-2-lift-motors-in-various-colours-with-medical-device.html\"]}]},{\"@type\":\"ImageObject\",\"inLanguage\":\"fr-FR\",\"@id\":\"https:\/\/www.bagnoitalia.com\/fr\/produit\/emanuela-relax-armchair-with-1-or-2-lift-motors-in-various-colours-with-medical-device.html#primaryimage\",\"url\":\"https:\/\/img.bagnoitalia.com\/wp-content\/uploads\/1-20.webp\",\"contentUrl\":\"https:\/\/img.bagnoitalia.com\/wp-content\/uploads\/1-20.webp\",\"width\":1000,\"height\":1000},{\"@type\":\"BreadcrumbList\",\"@id\":\"https:\/\/www.bagnoitalia.com\/fr\/produit\/emanuela-relax-armchair-with-1-or-2-lift-motors-in-various-colours-with-medical-device.html#breadcrumb\",\"itemListElement\":[{\"@type\":\"ListItem\",\"position\":1,\"name\":\"Home\",\"item\":\"https:\/\/www.bagnoitalia.com\/fr\"},{\"@type\":\"ListItem\",\"position\":2,\"name\":\"Produits\",\"item\":\"https:\/\/www.bagnoitalia.com\/fr\/shop\"},{\"@type\":\"ListItem\",\"position\":3,\"name\":\"Emanuela Fauteuil relax avec 1 ou 2 moteurs de levage en diff\u00e9rentes couleurs avec dispositif m\u00e9dical\"}]},{\"@type\":\"WebSite\",\"@id\":\"https:\/\/www.bagnoitalia.com\/fr#website\",\"url\":\"https:\/\/www.bagnoitalia.com\/fr\",\"name\":\"Bagno Italia\",\"description\":\"\",\"publisher\":{\"@id\":\"https:\/\/www.bagnoitalia.com\/fr#organization\"},\"potentialAction\":[{\"@type\":\"SearchAction\",\"target\":{\"@type\":\"EntryPoint\",\"urlTemplate\":\"https:\/\/www.bagnoitalia.com\/fr?s={search_term_string}\"},\"query-input\":{\"@type\":\"PropertyValueSpecification\",\"valueRequired\":true,\"valueName\":\"search_term_string\"}}],\"inLanguage\":\"fr-FR\"},{\"@type\":\"Organization\",\"@id\":\"https:\/\/www.bagnoitalia.com\/fr#organization\",\"name\":\"Bagno Italia\",\"url\":\"https:\/\/www.bagnoitalia.com\/fr\",\"logo\":{\"@type\":\"ImageObject\",\"inLanguage\":\"fr-FR\",\"@id\":\"https:\/\/www.bagnoitalia.com\/fr#\/schema\/logo\/image\/\",\"url\":\"https:\/\/img.bagnoitalia.com\/wp-content\/uploads\/logo-bagnoitalia.webp\",\"contentUrl\":\"https:\/\/img.bagnoitalia.com\/wp-content\/uploads\/logo-bagnoitalia.webp\",\"width\":400,\"height\":70,\"caption\":\"Bagno Italia\"},\"image\":{\"@id\":\"https:\/\/www.bagnoitalia.com\/fr#\/schema\/logo\/image\/\"}}]}<\/script>\n<!-- \/ Yoast SEO plugin. -->","yoast_head_json":{"title":"Emanuela Fauteuil relax avec 1 ou 2 moteurs de levage en diff\u00e9rentes couleurs avec dispositif m\u00e9dical - Bagno Italia","robots":{"index":"index","follow":"follow","max-snippet":"max-snippet:-1","max-image-preview":"max-image-preview:large","max-video-preview":"max-video-preview:-1"},"canonical":"https:\/\/www.bagnoitalia.com\/fr\/produit\/emanuela-relax-armchair-with-1-or-2-lift-motors-in-various-colours-with-medical-device.html","og_locale":"fr_FR","og_type":"article","og_title":"Emanuela Fauteuil relax avec 1 ou 2 moteurs de levage en diff\u00e9rentes couleurs avec dispositif m\u00e9dical - Bagno Italia","og_description":"Fauteuil confortable et moderne, inclinable, disponible en 3 rev\u00eatements (similicuir, microfibre ou coton) et 9 couleurs diff\u00e9rentes. Avec dispositif m\u00e9dical. Deux types au choix : avec 1 moteur ou avec 2 moteurs.","og_url":"https:\/\/www.bagnoitalia.com\/fr\/produit\/emanuela-relax-armchair-with-1-or-2-lift-motors-in-various-colours-with-medical-device.html","og_site_name":"Bagno Italia","article_modified_time":"2024-11-06T14:36:39+00:00","og_image":[{"width":1000,"height":1000,"url":"https:\/\/img.bagnoitalia.com\/wp-content\/uploads\/1-20.webp","type":"image\/webp"}],"twitter_card":"summary_large_image","twitter_misc":{"Dur\u00e9e de lecture estim\u00e9e":"2 minutes"},"schema":{"@context":"https:\/\/schema.org","@graph":[{"@type":"WebPage","@id":"https:\/\/www.bagnoitalia.com\/fr\/produit\/emanuela-relax-armchair-with-1-or-2-lift-motors-in-various-colours-with-medical-device.html","url":"https:\/\/www.bagnoitalia.com\/fr\/produit\/emanuela-relax-armchair-with-1-or-2-lift-motors-in-various-colours-with-medical-device.html","name":"Emanuela Fauteuil relax avec 1 ou 2 moteurs de levage en diff\u00e9rentes couleurs avec dispositif m\u00e9dical - Bagno Italia","isPartOf":{"@id":"https:\/\/www.bagnoitalia.com\/fr#website"},"primaryImageOfPage":{"@id":"https:\/\/www.bagnoitalia.com\/fr\/produit\/emanuela-relax-armchair-with-1-or-2-lift-motors-in-various-colours-with-medical-device.html#primaryimage"},"image":{"@id":"https:\/\/www.bagnoitalia.com\/fr\/produit\/emanuela-relax-armchair-with-1-or-2-lift-motors-in-various-colours-with-medical-device.html#primaryimage"},"thumbnailUrl":"https:\/\/img.bagnoitalia.com\/wp-content\/uploads\/1-20.webp","datePublished":"2024-11-06T14:25:28+00:00","dateModified":"2024-11-06T14:36:39+00:00","breadcrumb":{"@id":"https:\/\/www.bagnoitalia.com\/fr\/produit\/emanuela-relax-armchair-with-1-or-2-lift-motors-in-various-colours-with-medical-device.html#breadcrumb"},"inLanguage":"fr-FR","potentialAction":[{"@type":"ReadAction","target":["https:\/\/www.bagnoitalia.com\/fr\/produit\/emanuela-relax-armchair-with-1-or-2-lift-motors-in-various-colours-with-medical-device.html"]}]},{"@type":"ImageObject","inLanguage":"fr-FR","@id":"https:\/\/www.bagnoitalia.com\/fr\/produit\/emanuela-relax-armchair-with-1-or-2-lift-motors-in-various-colours-with-medical-device.html#primaryimage","url":"https:\/\/img.bagnoitalia.com\/wp-content\/uploads\/1-20.webp","contentUrl":"https:\/\/img.bagnoitalia.com\/wp-content\/uploads\/1-20.webp","width":1000,"height":1000},{"@type":"BreadcrumbList","@id":"https:\/\/www.bagnoitalia.com\/fr\/produit\/emanuela-relax-armchair-with-1-or-2-lift-motors-in-various-colours-with-medical-device.html#breadcrumb","itemListElement":[{"@type":"ListItem","position":1,"name":"Home","item":"https:\/\/www.bagnoitalia.com\/fr"},{"@type":"ListItem","position":2,"name":"Produits","item":"https:\/\/www.bagnoitalia.com\/fr\/shop"},{"@type":"ListItem","position":3,"name":"Emanuela Fauteuil relax avec 1 ou 2 moteurs de levage en diff\u00e9rentes couleurs avec dispositif m\u00e9dical"}]},{"@type":"WebSite","@id":"https:\/\/www.bagnoitalia.com\/fr#website","url":"https:\/\/www.bagnoitalia.com\/fr","name":"Bagno Italia","description":"","publisher":{"@id":"https:\/\/www.bagnoitalia.com\/fr#organization"},"potentialAction":[{"@type":"SearchAction","target":{"@type":"EntryPoint","urlTemplate":"https:\/\/www.bagnoitalia.com\/fr?s={search_term_string}"},"query-input":{"@type":"PropertyValueSpecification","valueRequired":true,"valueName":"search_term_string"}}],"inLanguage":"fr-FR"},{"@type":"Organization","@id":"https:\/\/www.bagnoitalia.com\/fr#organization","name":"Bagno Italia","url":"https:\/\/www.bagnoitalia.com\/fr","logo":{"@type":"ImageObject","inLanguage":"fr-FR","@id":"https:\/\/www.bagnoitalia.com\/fr#\/schema\/logo\/image\/","url":"https:\/\/img.bagnoitalia.com\/wp-content\/uploads\/logo-bagnoitalia.webp","contentUrl":"https:\/\/img.bagnoitalia.com\/wp-content\/uploads\/logo-bagnoitalia.webp","width":400,"height":70,"caption":"Bagno Italia"},"image":{"@id":"https:\/\/www.bagnoitalia.com\/fr#\/schema\/logo\/image\/"}}]}},"_links":{"self":[{"href":"https:\/\/www.bagnoitalia.com\/fr\/wp-json\/wp\/v2\/product\/94896","targetHints":{"allow":["GET"]}}],"collection":[{"href":"https:\/\/www.bagnoitalia.com\/fr\/wp-json\/wp\/v2\/product"}],"about":[{"href":"https:\/\/www.bagnoitalia.com\/fr\/wp-json\/wp\/v2\/types\/product"}],"replies":[{"embeddable":true,"href":"https:\/\/www.bagnoitalia.com\/fr\/wp-json\/wp\/v2\/comments?post=94896"}],"version-history":[{"count":2,"href":"https:\/\/www.bagnoitalia.com\/fr\/wp-json\/wp\/v2\/product\/94896\/revisions"}],"predecessor-version":[{"id":94904,"href":"https:\/\/www.bagnoitalia.com\/fr\/wp-json\/wp\/v2\/product\/94896\/revisions\/94904"}],"wp:featuredmedia":[{"embeddable":true,"href":"https:\/\/www.bagnoitalia.com\/fr\/wp-json\/wp\/v2\/media\/94867"}],"wp:attachment":[{"href":"https:\/\/www.bagnoitalia.com\/fr\/wp-json\/wp\/v2\/media?parent=94896"}],"wp:term":[{"taxonomy":"product_brand","embeddable":true,"href":"https:\/\/www.bagnoitalia.com\/fr\/wp-json\/wp\/v2\/product_brand?post=94896"},{"taxonomy":"product_cat","embeddable":true,"href":"https:\/\/www.bagnoitalia.com\/fr\/wp-json\/wp\/v2\/product_cat?post=94896"},{"taxonomy":"product_tag","embeddable":true,"href":"https:\/\/www.bagnoitalia.com\/fr\/wp-json\/wp\/v2\/product_tag?post=94896"}],"curies":[{"name":"wp","href":"https:\/\/api.w.org\/{rel}","templated":true}]}}