{"id":94857,"date":"2024-11-06T15:00:07","date_gmt":"2024-11-06T14:00:07","guid":{"rendered":"https:\/\/www.bagnoitalia.com\/product\/armchair-lifter-5-colours-available-in-microfibre-or-cotton-with-medical-device-model-benedetta"},"modified":"2024-11-06T15:06:01","modified_gmt":"2024-11-06T14:06:01","slug":"armchair-lifter-5-colours-available-in-microfibre-or-cotton-with-medical-device-model-benedetta","status":"publish","type":"product","link":"https:\/\/www.bagnoitalia.com\/fr\/produit\/armchair-lifter-5-colours-available-in-microfibre-or-cotton-with-medical-device-model-benedetta.html","title":{"rendered":"Fauteuil releveur 5 couleurs disponible en microfibre ou en coton avec dispositif m\u00e9dical, mod\u00e8le Benedetta"},"content":{"rendered":"<p>FAUTEUIL RELEVEUR \u00ab BENEDETTA \u00bb AVEC VIBROMASSAGE<\/p>\n<p>&nbsp;<\/p>\n<p>&nbsp;<\/p>\n<p>&nbsp;<\/p>\n<p>&nbsp;<\/p>\n<p>HOUSSES DISPONIBLES (s\u00e9lectionner la couleur et la housse \u00e0 l&rsquo;aide du menu ci-dessus) :<\/p>\n<p>en microfibre bourgogne<\/p>\n<p>en microfibre bleue<\/p>\n<p>en microfibre marron<\/p>\n<p>en microfibre beige<\/p>\n<p>en coton gris<\/p>\n<p>en coton bleu<\/p>\n<p>en coton bordeaux<\/p>\n<p>&nbsp;<\/p>\n<p>FONCTIONS PRINCIPALES<\/p>\n<p>Fonction lift : positionnement en hauteur de l&rsquo;assise du fauteuil gr\u00e2ce au piston Okin<\/p>\n<p>Fonction Relax : le moteur permet le r\u00e9glage s\u00e9quentiel de l&rsquo;inclinaison du dossier et du repose-jambes.<\/p>\n<p>Fonction Vibro : 8 moteurs vibrants dans 4 zones de massage (dos, lombaires, fesses et jambes), avec 3 niveaux d&rsquo;intensit\u00e9<\/p>\n<p>Fonction de chauffage dans la zone lombaire<\/p>\n<p>Fonction minuterie : pour un arr\u00eat automatique (10, 20, 30 minutes)<\/p>\n<p>&nbsp;<\/p>\n<p>AUTRES CARACT\u00c9RISTIQUES<\/p>\n<p>Fauteuil avec structure en fer<\/p>\n<p>Avec 1 moteur<\/p>\n<p>Avec 4 roulettes (les roulettes arri\u00e8re sont bloqu\u00e9es)<\/p>\n<p>Largeur 69 cm<\/p>\n<p>Hauteur 105 cm<\/p>\n<p>Profondeur 74 cm<\/p>\n<p>largeur int\u00e9rieure de l&rsquo;assise 50 cm<\/p>\n<p>profondeur int\u00e9rieure du si\u00e8ge 51 cm<\/p>\n<p>poids 60 kg<\/p>\n<p>220-110 Volt (29 V)<\/p>\n<p>consommation 80W<\/p>\n<p>DISPOSITIF M\u00c9DICAL DE CLASSE 1<\/p>\n<p>CERTIFICATIONS CE, RHOS, TUV<\/p>\n<p>&nbsp;<\/p>\n<p>&nbsp;<\/p>\n<p>&nbsp;<\/p>\n<p>&nbsp;<\/p>\n<p>&nbsp;<\/p>\n<p>&nbsp;<\/p>\n<p>&nbsp;<\/p>\n<p>&nbsp;<\/p>\n<p>&nbsp;<\/p>\n<p>&nbsp;<\/p>\n<p>&nbsp;<\/p>\n<p>&nbsp;<\/p>\n<p>&nbsp;<\/p>\n<p>plaisir<\/p>\n<p>&nbsp;<\/p>\n<p>&nbsp;<\/p>\n","protected":false},"excerpt":{"rendered":"<p>Fauteuil de vibromassage, avec fonction lift, chauffage, minuterie et arr\u00eat automatique. Disponible en microfibre en bordeaux, bleu, marron, beige ou en coton en gris, bleu ou bordeaux.<\/p>\n","protected":false},"featured_media":94841,"comment_status":"open","ping_status":"closed","template":"","meta":[],"product_brand":[9909],"product_cat":[9803],"product_tag":[],"class_list":{"0":"post-94857","1":"product","2":"type-product","3":"status-publish","4":"has-post-thumbnail","6":"product_brand-puntorelax-fr","7":"product_cat-fauteuils","9":"first","10":"instock","11":"sale","12":"taxable","13":"shipping-taxable","14":"purchasable","15":"product-type-simple"},"exclude_global_add_ons":false,"addons":[{"name":"type","type":"multiple_choice","position":0,"required":false,"title_format":"label","default":"","description_enable":false,"description":"","placeholder_enable":false,"placeholder":"","display":"select","restrictions_type":"any_text","adjust_price":false,"price":"","price_type":"flat_fee","restrictions":false,"min":"0","max":"0","options":[{"label":"microfibre bordeaux","price":"","price_type":"flat_fee","image":0,"visibility":true},{"label":"microfibre bleue","price":"","price_type":"flat_fee","image":0,"visibility":true},{"label":"microfibre marron","price":"","price_type":"flat_fee","image":0,"visibility":true},{"label":"microfibre beige","price":"","price_type":"flat_fee","image":0,"visibility":true},{"label":"coton gris","price":"","price_type":"flat_fee","image":0,"visibility":true},{"label":"coton bleu","price":"","price_type":"flat_fee","image":0,"visibility":true},{"label":"coton bordeaux","price":"","price_type":"flat_fee","image":0,"visibility":true}],"id":1730905208}],"yoast_head":"<!-- This site is optimized with the Yoast SEO plugin v26.7 - https:\/\/yoast.com\/wordpress\/plugins\/seo\/ -->\n<title>Fauteuil releveur 5 couleurs disponible en microfibre ou en coton avec dispositif m\u00e9dical, mod\u00e8le Benedetta - Bagno Italia<\/title>\n<meta name=\"robots\" content=\"index, follow, max-snippet:-1, max-image-preview:large, max-video-preview:-1\" \/>\n<link rel=\"canonical\" href=\"https:\/\/www.bagnoitalia.com\/fr\/produit\/armchair-lifter-5-colours-available-in-microfibre-or-cotton-with-medical-device-model-benedetta.html\" \/>\n<meta property=\"og:locale\" content=\"fr_FR\" \/>\n<meta property=\"og:type\" content=\"article\" \/>\n<meta property=\"og:title\" content=\"Fauteuil releveur 5 couleurs disponible en microfibre ou en coton avec dispositif m\u00e9dical, mod\u00e8le Benedetta - Bagno Italia\" \/>\n<meta property=\"og:description\" content=\"Fauteuil de vibromassage, avec fonction lift, chauffage, minuterie et arr\u00eat automatique. Disponible en microfibre en bordeaux, bleu, marron, beige ou en coton en gris, bleu ou bordeaux.\" \/>\n<meta property=\"og:url\" content=\"https:\/\/www.bagnoitalia.com\/fr\/produit\/armchair-lifter-5-colours-available-in-microfibre-or-cotton-with-medical-device-model-benedetta.html\" \/>\n<meta property=\"og:site_name\" content=\"Bagno Italia\" \/>\n<meta property=\"article:modified_time\" content=\"2024-11-06T14:06:01+00:00\" \/>\n<meta property=\"og:image\" content=\"https:\/\/img.bagnoitalia.com\/wp-content\/uploads\/1-19.webp\" \/>\n\t<meta property=\"og:image:width\" content=\"900\" \/>\n\t<meta property=\"og:image:height\" content=\"900\" \/>\n\t<meta property=\"og:image:type\" content=\"image\/webp\" \/>\n<meta name=\"twitter:card\" content=\"summary_large_image\" \/>\n<meta name=\"twitter:label1\" content=\"Dur\u00e9e de lecture estim\u00e9e\" \/>\n\t<meta name=\"twitter:data1\" content=\"1 minute\" \/>\n<script type=\"application\/ld+json\" class=\"yoast-schema-graph\">{\"@context\":\"https:\/\/schema.org\",\"@graph\":[{\"@type\":\"WebPage\",\"@id\":\"https:\/\/www.bagnoitalia.com\/fr\/produit\/armchair-lifter-5-colours-available-in-microfibre-or-cotton-with-medical-device-model-benedetta.html\",\"url\":\"https:\/\/www.bagnoitalia.com\/fr\/produit\/armchair-lifter-5-colours-available-in-microfibre-or-cotton-with-medical-device-model-benedetta.html\",\"name\":\"Fauteuil releveur 5 couleurs disponible en microfibre ou en coton avec dispositif m\u00e9dical, mod\u00e8le Benedetta - Bagno Italia\",\"isPartOf\":{\"@id\":\"https:\/\/www.bagnoitalia.com\/fr#website\"},\"primaryImageOfPage\":{\"@id\":\"https:\/\/www.bagnoitalia.com\/fr\/produit\/armchair-lifter-5-colours-available-in-microfibre-or-cotton-with-medical-device-model-benedetta.html#primaryimage\"},\"image\":{\"@id\":\"https:\/\/www.bagnoitalia.com\/fr\/produit\/armchair-lifter-5-colours-available-in-microfibre-or-cotton-with-medical-device-model-benedetta.html#primaryimage\"},\"thumbnailUrl\":\"https:\/\/img.bagnoitalia.com\/wp-content\/uploads\/1-19.webp\",\"datePublished\":\"2024-11-06T14:00:07+00:00\",\"dateModified\":\"2024-11-06T14:06:01+00:00\",\"breadcrumb\":{\"@id\":\"https:\/\/www.bagnoitalia.com\/fr\/produit\/armchair-lifter-5-colours-available-in-microfibre-or-cotton-with-medical-device-model-benedetta.html#breadcrumb\"},\"inLanguage\":\"fr-FR\",\"potentialAction\":[{\"@type\":\"ReadAction\",\"target\":[\"https:\/\/www.bagnoitalia.com\/fr\/produit\/armchair-lifter-5-colours-available-in-microfibre-or-cotton-with-medical-device-model-benedetta.html\"]}]},{\"@type\":\"ImageObject\",\"inLanguage\":\"fr-FR\",\"@id\":\"https:\/\/www.bagnoitalia.com\/fr\/produit\/armchair-lifter-5-colours-available-in-microfibre-or-cotton-with-medical-device-model-benedetta.html#primaryimage\",\"url\":\"https:\/\/img.bagnoitalia.com\/wp-content\/uploads\/1-19.webp\",\"contentUrl\":\"https:\/\/img.bagnoitalia.com\/wp-content\/uploads\/1-19.webp\",\"width\":900,\"height\":900},{\"@type\":\"BreadcrumbList\",\"@id\":\"https:\/\/www.bagnoitalia.com\/fr\/produit\/armchair-lifter-5-colours-available-in-microfibre-or-cotton-with-medical-device-model-benedetta.html#breadcrumb\",\"itemListElement\":[{\"@type\":\"ListItem\",\"position\":1,\"name\":\"Home\",\"item\":\"https:\/\/www.bagnoitalia.com\/fr\"},{\"@type\":\"ListItem\",\"position\":2,\"name\":\"Produits\",\"item\":\"https:\/\/www.bagnoitalia.com\/fr\/shop\"},{\"@type\":\"ListItem\",\"position\":3,\"name\":\"Fauteuil releveur 5 couleurs disponible en microfibre ou en coton avec dispositif m\u00e9dical, mod\u00e8le Benedetta\"}]},{\"@type\":\"WebSite\",\"@id\":\"https:\/\/www.bagnoitalia.com\/fr#website\",\"url\":\"https:\/\/www.bagnoitalia.com\/fr\",\"name\":\"Bagno Italia\",\"description\":\"\",\"publisher\":{\"@id\":\"https:\/\/www.bagnoitalia.com\/fr#organization\"},\"potentialAction\":[{\"@type\":\"SearchAction\",\"target\":{\"@type\":\"EntryPoint\",\"urlTemplate\":\"https:\/\/www.bagnoitalia.com\/fr?s={search_term_string}\"},\"query-input\":{\"@type\":\"PropertyValueSpecification\",\"valueRequired\":true,\"valueName\":\"search_term_string\"}}],\"inLanguage\":\"fr-FR\"},{\"@type\":\"Organization\",\"@id\":\"https:\/\/www.bagnoitalia.com\/fr#organization\",\"name\":\"Bagno Italia\",\"url\":\"https:\/\/www.bagnoitalia.com\/fr\",\"logo\":{\"@type\":\"ImageObject\",\"inLanguage\":\"fr-FR\",\"@id\":\"https:\/\/www.bagnoitalia.com\/fr#\/schema\/logo\/image\/\",\"url\":\"https:\/\/img.bagnoitalia.com\/wp-content\/uploads\/logo-bagnoitalia.webp\",\"contentUrl\":\"https:\/\/img.bagnoitalia.com\/wp-content\/uploads\/logo-bagnoitalia.webp\",\"width\":400,\"height\":70,\"caption\":\"Bagno Italia\"},\"image\":{\"@id\":\"https:\/\/www.bagnoitalia.com\/fr#\/schema\/logo\/image\/\"}}]}<\/script>\n<!-- \/ Yoast SEO plugin. -->","yoast_head_json":{"title":"Fauteuil releveur 5 couleurs disponible en microfibre ou en coton avec dispositif m\u00e9dical, mod\u00e8le Benedetta - Bagno Italia","robots":{"index":"index","follow":"follow","max-snippet":"max-snippet:-1","max-image-preview":"max-image-preview:large","max-video-preview":"max-video-preview:-1"},"canonical":"https:\/\/www.bagnoitalia.com\/fr\/produit\/armchair-lifter-5-colours-available-in-microfibre-or-cotton-with-medical-device-model-benedetta.html","og_locale":"fr_FR","og_type":"article","og_title":"Fauteuil releveur 5 couleurs disponible en microfibre ou en coton avec dispositif m\u00e9dical, mod\u00e8le Benedetta - Bagno Italia","og_description":"Fauteuil de vibromassage, avec fonction lift, chauffage, minuterie et arr\u00eat automatique. Disponible en microfibre en bordeaux, bleu, marron, beige ou en coton en gris, bleu ou bordeaux.","og_url":"https:\/\/www.bagnoitalia.com\/fr\/produit\/armchair-lifter-5-colours-available-in-microfibre-or-cotton-with-medical-device-model-benedetta.html","og_site_name":"Bagno Italia","article_modified_time":"2024-11-06T14:06:01+00:00","og_image":[{"width":900,"height":900,"url":"https:\/\/img.bagnoitalia.com\/wp-content\/uploads\/1-19.webp","type":"image\/webp"}],"twitter_card":"summary_large_image","twitter_misc":{"Dur\u00e9e de lecture estim\u00e9e":"1 minute"},"schema":{"@context":"https:\/\/schema.org","@graph":[{"@type":"WebPage","@id":"https:\/\/www.bagnoitalia.com\/fr\/produit\/armchair-lifter-5-colours-available-in-microfibre-or-cotton-with-medical-device-model-benedetta.html","url":"https:\/\/www.bagnoitalia.com\/fr\/produit\/armchair-lifter-5-colours-available-in-microfibre-or-cotton-with-medical-device-model-benedetta.html","name":"Fauteuil releveur 5 couleurs disponible en microfibre ou en coton avec dispositif m\u00e9dical, mod\u00e8le Benedetta - Bagno Italia","isPartOf":{"@id":"https:\/\/www.bagnoitalia.com\/fr#website"},"primaryImageOfPage":{"@id":"https:\/\/www.bagnoitalia.com\/fr\/produit\/armchair-lifter-5-colours-available-in-microfibre-or-cotton-with-medical-device-model-benedetta.html#primaryimage"},"image":{"@id":"https:\/\/www.bagnoitalia.com\/fr\/produit\/armchair-lifter-5-colours-available-in-microfibre-or-cotton-with-medical-device-model-benedetta.html#primaryimage"},"thumbnailUrl":"https:\/\/img.bagnoitalia.com\/wp-content\/uploads\/1-19.webp","datePublished":"2024-11-06T14:00:07+00:00","dateModified":"2024-11-06T14:06:01+00:00","breadcrumb":{"@id":"https:\/\/www.bagnoitalia.com\/fr\/produit\/armchair-lifter-5-colours-available-in-microfibre-or-cotton-with-medical-device-model-benedetta.html#breadcrumb"},"inLanguage":"fr-FR","potentialAction":[{"@type":"ReadAction","target":["https:\/\/www.bagnoitalia.com\/fr\/produit\/armchair-lifter-5-colours-available-in-microfibre-or-cotton-with-medical-device-model-benedetta.html"]}]},{"@type":"ImageObject","inLanguage":"fr-FR","@id":"https:\/\/www.bagnoitalia.com\/fr\/produit\/armchair-lifter-5-colours-available-in-microfibre-or-cotton-with-medical-device-model-benedetta.html#primaryimage","url":"https:\/\/img.bagnoitalia.com\/wp-content\/uploads\/1-19.webp","contentUrl":"https:\/\/img.bagnoitalia.com\/wp-content\/uploads\/1-19.webp","width":900,"height":900},{"@type":"BreadcrumbList","@id":"https:\/\/www.bagnoitalia.com\/fr\/produit\/armchair-lifter-5-colours-available-in-microfibre-or-cotton-with-medical-device-model-benedetta.html#breadcrumb","itemListElement":[{"@type":"ListItem","position":1,"name":"Home","item":"https:\/\/www.bagnoitalia.com\/fr"},{"@type":"ListItem","position":2,"name":"Produits","item":"https:\/\/www.bagnoitalia.com\/fr\/shop"},{"@type":"ListItem","position":3,"name":"Fauteuil releveur 5 couleurs disponible en microfibre ou en coton avec dispositif m\u00e9dical, mod\u00e8le Benedetta"}]},{"@type":"WebSite","@id":"https:\/\/www.bagnoitalia.com\/fr#website","url":"https:\/\/www.bagnoitalia.com\/fr","name":"Bagno Italia","description":"","publisher":{"@id":"https:\/\/www.bagnoitalia.com\/fr#organization"},"potentialAction":[{"@type":"SearchAction","target":{"@type":"EntryPoint","urlTemplate":"https:\/\/www.bagnoitalia.com\/fr?s={search_term_string}"},"query-input":{"@type":"PropertyValueSpecification","valueRequired":true,"valueName":"search_term_string"}}],"inLanguage":"fr-FR"},{"@type":"Organization","@id":"https:\/\/www.bagnoitalia.com\/fr#organization","name":"Bagno Italia","url":"https:\/\/www.bagnoitalia.com\/fr","logo":{"@type":"ImageObject","inLanguage":"fr-FR","@id":"https:\/\/www.bagnoitalia.com\/fr#\/schema\/logo\/image\/","url":"https:\/\/img.bagnoitalia.com\/wp-content\/uploads\/logo-bagnoitalia.webp","contentUrl":"https:\/\/img.bagnoitalia.com\/wp-content\/uploads\/logo-bagnoitalia.webp","width":400,"height":70,"caption":"Bagno Italia"},"image":{"@id":"https:\/\/www.bagnoitalia.com\/fr#\/schema\/logo\/image\/"}}]}},"_links":{"self":[{"href":"https:\/\/www.bagnoitalia.com\/fr\/wp-json\/wp\/v2\/product\/94857","targetHints":{"allow":["GET"]}}],"collection":[{"href":"https:\/\/www.bagnoitalia.com\/fr\/wp-json\/wp\/v2\/product"}],"about":[{"href":"https:\/\/www.bagnoitalia.com\/fr\/wp-json\/wp\/v2\/types\/product"}],"replies":[{"embeddable":true,"href":"https:\/\/www.bagnoitalia.com\/fr\/wp-json\/wp\/v2\/comments?post=94857"}],"version-history":[{"count":1,"href":"https:\/\/www.bagnoitalia.com\/fr\/wp-json\/wp\/v2\/product\/94857\/revisions"}],"predecessor-version":[{"id":94864,"href":"https:\/\/www.bagnoitalia.com\/fr\/wp-json\/wp\/v2\/product\/94857\/revisions\/94864"}],"wp:featuredmedia":[{"embeddable":true,"href":"https:\/\/www.bagnoitalia.com\/fr\/wp-json\/wp\/v2\/media\/94841"}],"wp:attachment":[{"href":"https:\/\/www.bagnoitalia.com\/fr\/wp-json\/wp\/v2\/media?parent=94857"}],"wp:term":[{"taxonomy":"product_brand","embeddable":true,"href":"https:\/\/www.bagnoitalia.com\/fr\/wp-json\/wp\/v2\/product_brand?post=94857"},{"taxonomy":"product_cat","embeddable":true,"href":"https:\/\/www.bagnoitalia.com\/fr\/wp-json\/wp\/v2\/product_cat?post=94857"},{"taxonomy":"product_tag","embeddable":true,"href":"https:\/\/www.bagnoitalia.com\/fr\/wp-json\/wp\/v2\/product_tag?post=94857"}],"curies":[{"name":"wp","href":"https:\/\/api.w.org\/{rel}","templated":true}]}}