{"id":94518,"date":"2024-11-05T14:49:27","date_gmt":"2024-11-05T13:49:27","guid":{"rendered":"https:\/\/www.bagnoitalia.com\/product\/hydromassage-shower-column-111x20-cm-stainless-steel-gold-colour-and-led-lights-dc026"},"modified":"2024-11-05T14:53:45","modified_gmt":"2024-11-05T13:53:45","slug":"hydromassage-shower-column-111x20-cm-stainless-steel-gold-colour-and-led-lights-dc026","status":"publish","type":"product","link":"https:\/\/www.bagnoitalia.com\/fr\/produit\/hydromassage-shower-column-111x20-cm-stainless-steel-gold-colour-and-led-lights-dc026.html","title":{"rendered":"Colonne de douche hydromassante 111&#215;20 cm en acier inoxydable couleur or et \u00e9clairage Led DC026"},"content":{"rendered":"<p>PANNEAU DE DOUCHE D&rsquo;HYDROMASSAGE OR \u00ab DC026<\/p>\n<p>&nbsp;<\/p>\n<p>CARACT\u00c9RISTIQUES<\/p>\n<p>Colonne de douche en acier inoxydable, couleur or<\/p>\n<p>111&#215;20 cm<\/p>\n<p>Avec 3 leviers : bouton d&rsquo;ouverture-fermeture, bouton d&rsquo;inversion et bouton de temp\u00e9rature<\/p>\n<p>Avec \u00e9clairage LED sur la gargouille<\/p>\n<p>Douche lat\u00e9rale en ABS avec flexible de 150 cm en acier inoxydable chrom\u00e9<\/p>\n<p>8 jets d&rsquo;hydromassage<\/p>\n<p>Affichage digital<\/p>\n<p>&nbsp;<\/p>\n<p>&nbsp;<\/p>\n<p>&nbsp;<\/p>\n<p>&nbsp;<\/p>\n<p>6 modes de pulv\u00e9risation de l&rsquo;eau<\/p>\n<p>jet cascade (depuis la pomme de douche)<br \/>\njet pluie (depuis la pomme de douche)<br \/>\n6 buses d&rsquo;hydromassage<br \/>\n2 jets de massage \u00e0 haute pression<br \/>\njet de la douchette lat\u00e9rale<br \/>\njet du robinet inf\u00e9rieur (id\u00e9al pour les baignoires)<\/p>\n<p>&nbsp;<\/p>\n<p>&nbsp;<\/p>\n<p>&nbsp;<\/p>\n","protected":false},"excerpt":{"rendered":"<p>Panneau de douche moderne, en acier inoxydable avec finition dor\u00e9e, multifonctionnel. Avec \u00e9clairage LED et jet de pluie ou de cascade.<\/p>\n","protected":false},"featured_media":94490,"comment_status":"open","ping_status":"closed","template":"","meta":[],"product_brand":[9880],"product_cat":[9763],"product_tag":[],"class_list":{"0":"post-94518","1":"product","2":"type-product","3":"status-publish","4":"has-post-thumbnail","6":"product_brand-vari-produttori-de","7":"product_cat-colonne-de-douche","9":"first","10":"instock","11":"sale","12":"taxable","13":"shipping-taxable","14":"purchasable","15":"product-type-simple"},"exclude_global_add_ons":[],"addons":[],"yoast_head":"<!-- This site is optimized with the Yoast SEO plugin v26.7 - https:\/\/yoast.com\/wordpress\/plugins\/seo\/ -->\n<title>Colonne de douche hydromassante 111x20 cm en acier inoxydable couleur or et \u00e9clairage Led DC026 - Bagno Italia<\/title>\n<meta name=\"robots\" content=\"index, follow, max-snippet:-1, max-image-preview:large, max-video-preview:-1\" \/>\n<link rel=\"canonical\" href=\"https:\/\/www.bagnoitalia.com\/fr\/produit\/hydromassage-shower-column-111x20-cm-stainless-steel-gold-colour-and-led-lights-dc026.html\" \/>\n<meta property=\"og:locale\" content=\"fr_FR\" \/>\n<meta property=\"og:type\" content=\"article\" \/>\n<meta property=\"og:title\" content=\"Colonne de douche hydromassante 111x20 cm en acier inoxydable couleur or et \u00e9clairage Led DC026 - Bagno Italia\" \/>\n<meta property=\"og:description\" content=\"Panneau de douche moderne, en acier inoxydable avec finition dor\u00e9e, multifonctionnel. Avec \u00e9clairage LED et jet de pluie ou de cascade.\" \/>\n<meta property=\"og:url\" content=\"https:\/\/www.bagnoitalia.com\/fr\/produit\/hydromassage-shower-column-111x20-cm-stainless-steel-gold-colour-and-led-lights-dc026.html\" \/>\n<meta property=\"og:site_name\" content=\"Bagno Italia\" \/>\n<meta property=\"article:modified_time\" content=\"2024-11-05T13:53:45+00:00\" \/>\n<meta property=\"og:image\" content=\"https:\/\/img.bagnoitalia.com\/wp-content\/uploads\/1-10.webp\" \/>\n\t<meta property=\"og:image:width\" content=\"800\" \/>\n\t<meta property=\"og:image:height\" content=\"800\" \/>\n\t<meta property=\"og:image:type\" content=\"image\/webp\" \/>\n<meta name=\"twitter:card\" content=\"summary_large_image\" \/>\n<meta name=\"twitter:label1\" content=\"Dur\u00e9e de lecture estim\u00e9e\" \/>\n\t<meta name=\"twitter:data1\" content=\"1 minute\" \/>\n<script type=\"application\/ld+json\" class=\"yoast-schema-graph\">{\"@context\":\"https:\/\/schema.org\",\"@graph\":[{\"@type\":\"WebPage\",\"@id\":\"https:\/\/www.bagnoitalia.com\/fr\/produit\/hydromassage-shower-column-111x20-cm-stainless-steel-gold-colour-and-led-lights-dc026.html\",\"url\":\"https:\/\/www.bagnoitalia.com\/fr\/produit\/hydromassage-shower-column-111x20-cm-stainless-steel-gold-colour-and-led-lights-dc026.html\",\"name\":\"Colonne de douche hydromassante 111x20 cm en acier inoxydable couleur or et \u00e9clairage Led DC026 - Bagno Italia\",\"isPartOf\":{\"@id\":\"https:\/\/www.bagnoitalia.com\/fr#website\"},\"primaryImageOfPage\":{\"@id\":\"https:\/\/www.bagnoitalia.com\/fr\/produit\/hydromassage-shower-column-111x20-cm-stainless-steel-gold-colour-and-led-lights-dc026.html#primaryimage\"},\"image\":{\"@id\":\"https:\/\/www.bagnoitalia.com\/fr\/produit\/hydromassage-shower-column-111x20-cm-stainless-steel-gold-colour-and-led-lights-dc026.html#primaryimage\"},\"thumbnailUrl\":\"https:\/\/img.bagnoitalia.com\/wp-content\/uploads\/1-10.webp\",\"datePublished\":\"2024-11-05T13:49:27+00:00\",\"dateModified\":\"2024-11-05T13:53:45+00:00\",\"breadcrumb\":{\"@id\":\"https:\/\/www.bagnoitalia.com\/fr\/produit\/hydromassage-shower-column-111x20-cm-stainless-steel-gold-colour-and-led-lights-dc026.html#breadcrumb\"},\"inLanguage\":\"fr-FR\",\"potentialAction\":[{\"@type\":\"ReadAction\",\"target\":[\"https:\/\/www.bagnoitalia.com\/fr\/produit\/hydromassage-shower-column-111x20-cm-stainless-steel-gold-colour-and-led-lights-dc026.html\"]}]},{\"@type\":\"ImageObject\",\"inLanguage\":\"fr-FR\",\"@id\":\"https:\/\/www.bagnoitalia.com\/fr\/produit\/hydromassage-shower-column-111x20-cm-stainless-steel-gold-colour-and-led-lights-dc026.html#primaryimage\",\"url\":\"https:\/\/img.bagnoitalia.com\/wp-content\/uploads\/1-10.webp\",\"contentUrl\":\"https:\/\/img.bagnoitalia.com\/wp-content\/uploads\/1-10.webp\",\"width\":800,\"height\":800},{\"@type\":\"BreadcrumbList\",\"@id\":\"https:\/\/www.bagnoitalia.com\/fr\/produit\/hydromassage-shower-column-111x20-cm-stainless-steel-gold-colour-and-led-lights-dc026.html#breadcrumb\",\"itemListElement\":[{\"@type\":\"ListItem\",\"position\":1,\"name\":\"Home\",\"item\":\"https:\/\/www.bagnoitalia.com\/fr\"},{\"@type\":\"ListItem\",\"position\":2,\"name\":\"Produits\",\"item\":\"https:\/\/www.bagnoitalia.com\/fr\/shop\"},{\"@type\":\"ListItem\",\"position\":3,\"name\":\"Colonne de douche hydromassante 111&#215;20 cm en acier inoxydable couleur or et \u00e9clairage Led DC026\"}]},{\"@type\":\"WebSite\",\"@id\":\"https:\/\/www.bagnoitalia.com\/fr#website\",\"url\":\"https:\/\/www.bagnoitalia.com\/fr\",\"name\":\"Bagno Italia\",\"description\":\"\",\"publisher\":{\"@id\":\"https:\/\/www.bagnoitalia.com\/fr#organization\"},\"potentialAction\":[{\"@type\":\"SearchAction\",\"target\":{\"@type\":\"EntryPoint\",\"urlTemplate\":\"https:\/\/www.bagnoitalia.com\/fr?s={search_term_string}\"},\"query-input\":{\"@type\":\"PropertyValueSpecification\",\"valueRequired\":true,\"valueName\":\"search_term_string\"}}],\"inLanguage\":\"fr-FR\"},{\"@type\":\"Organization\",\"@id\":\"https:\/\/www.bagnoitalia.com\/fr#organization\",\"name\":\"Bagno Italia\",\"url\":\"https:\/\/www.bagnoitalia.com\/fr\",\"logo\":{\"@type\":\"ImageObject\",\"inLanguage\":\"fr-FR\",\"@id\":\"https:\/\/www.bagnoitalia.com\/fr#\/schema\/logo\/image\/\",\"url\":\"https:\/\/img.bagnoitalia.com\/wp-content\/uploads\/logo-bagnoitalia.webp\",\"contentUrl\":\"https:\/\/img.bagnoitalia.com\/wp-content\/uploads\/logo-bagnoitalia.webp\",\"width\":400,\"height\":70,\"caption\":\"Bagno Italia\"},\"image\":{\"@id\":\"https:\/\/www.bagnoitalia.com\/fr#\/schema\/logo\/image\/\"}}]}<\/script>\n<!-- \/ Yoast SEO plugin. -->","yoast_head_json":{"title":"Colonne de douche hydromassante 111x20 cm en acier inoxydable couleur or et \u00e9clairage Led DC026 - Bagno Italia","robots":{"index":"index","follow":"follow","max-snippet":"max-snippet:-1","max-image-preview":"max-image-preview:large","max-video-preview":"max-video-preview:-1"},"canonical":"https:\/\/www.bagnoitalia.com\/fr\/produit\/hydromassage-shower-column-111x20-cm-stainless-steel-gold-colour-and-led-lights-dc026.html","og_locale":"fr_FR","og_type":"article","og_title":"Colonne de douche hydromassante 111x20 cm en acier inoxydable couleur or et \u00e9clairage Led DC026 - Bagno Italia","og_description":"Panneau de douche moderne, en acier inoxydable avec finition dor\u00e9e, multifonctionnel. Avec \u00e9clairage LED et jet de pluie ou de cascade.","og_url":"https:\/\/www.bagnoitalia.com\/fr\/produit\/hydromassage-shower-column-111x20-cm-stainless-steel-gold-colour-and-led-lights-dc026.html","og_site_name":"Bagno Italia","article_modified_time":"2024-11-05T13:53:45+00:00","og_image":[{"width":800,"height":800,"url":"https:\/\/img.bagnoitalia.com\/wp-content\/uploads\/1-10.webp","type":"image\/webp"}],"twitter_card":"summary_large_image","twitter_misc":{"Dur\u00e9e de lecture estim\u00e9e":"1 minute"},"schema":{"@context":"https:\/\/schema.org","@graph":[{"@type":"WebPage","@id":"https:\/\/www.bagnoitalia.com\/fr\/produit\/hydromassage-shower-column-111x20-cm-stainless-steel-gold-colour-and-led-lights-dc026.html","url":"https:\/\/www.bagnoitalia.com\/fr\/produit\/hydromassage-shower-column-111x20-cm-stainless-steel-gold-colour-and-led-lights-dc026.html","name":"Colonne de douche hydromassante 111x20 cm en acier inoxydable couleur or et \u00e9clairage Led DC026 - Bagno Italia","isPartOf":{"@id":"https:\/\/www.bagnoitalia.com\/fr#website"},"primaryImageOfPage":{"@id":"https:\/\/www.bagnoitalia.com\/fr\/produit\/hydromassage-shower-column-111x20-cm-stainless-steel-gold-colour-and-led-lights-dc026.html#primaryimage"},"image":{"@id":"https:\/\/www.bagnoitalia.com\/fr\/produit\/hydromassage-shower-column-111x20-cm-stainless-steel-gold-colour-and-led-lights-dc026.html#primaryimage"},"thumbnailUrl":"https:\/\/img.bagnoitalia.com\/wp-content\/uploads\/1-10.webp","datePublished":"2024-11-05T13:49:27+00:00","dateModified":"2024-11-05T13:53:45+00:00","breadcrumb":{"@id":"https:\/\/www.bagnoitalia.com\/fr\/produit\/hydromassage-shower-column-111x20-cm-stainless-steel-gold-colour-and-led-lights-dc026.html#breadcrumb"},"inLanguage":"fr-FR","potentialAction":[{"@type":"ReadAction","target":["https:\/\/www.bagnoitalia.com\/fr\/produit\/hydromassage-shower-column-111x20-cm-stainless-steel-gold-colour-and-led-lights-dc026.html"]}]},{"@type":"ImageObject","inLanguage":"fr-FR","@id":"https:\/\/www.bagnoitalia.com\/fr\/produit\/hydromassage-shower-column-111x20-cm-stainless-steel-gold-colour-and-led-lights-dc026.html#primaryimage","url":"https:\/\/img.bagnoitalia.com\/wp-content\/uploads\/1-10.webp","contentUrl":"https:\/\/img.bagnoitalia.com\/wp-content\/uploads\/1-10.webp","width":800,"height":800},{"@type":"BreadcrumbList","@id":"https:\/\/www.bagnoitalia.com\/fr\/produit\/hydromassage-shower-column-111x20-cm-stainless-steel-gold-colour-and-led-lights-dc026.html#breadcrumb","itemListElement":[{"@type":"ListItem","position":1,"name":"Home","item":"https:\/\/www.bagnoitalia.com\/fr"},{"@type":"ListItem","position":2,"name":"Produits","item":"https:\/\/www.bagnoitalia.com\/fr\/shop"},{"@type":"ListItem","position":3,"name":"Colonne de douche hydromassante 111&#215;20 cm en acier inoxydable couleur or et \u00e9clairage Led DC026"}]},{"@type":"WebSite","@id":"https:\/\/www.bagnoitalia.com\/fr#website","url":"https:\/\/www.bagnoitalia.com\/fr","name":"Bagno Italia","description":"","publisher":{"@id":"https:\/\/www.bagnoitalia.com\/fr#organization"},"potentialAction":[{"@type":"SearchAction","target":{"@type":"EntryPoint","urlTemplate":"https:\/\/www.bagnoitalia.com\/fr?s={search_term_string}"},"query-input":{"@type":"PropertyValueSpecification","valueRequired":true,"valueName":"search_term_string"}}],"inLanguage":"fr-FR"},{"@type":"Organization","@id":"https:\/\/www.bagnoitalia.com\/fr#organization","name":"Bagno Italia","url":"https:\/\/www.bagnoitalia.com\/fr","logo":{"@type":"ImageObject","inLanguage":"fr-FR","@id":"https:\/\/www.bagnoitalia.com\/fr#\/schema\/logo\/image\/","url":"https:\/\/img.bagnoitalia.com\/wp-content\/uploads\/logo-bagnoitalia.webp","contentUrl":"https:\/\/img.bagnoitalia.com\/wp-content\/uploads\/logo-bagnoitalia.webp","width":400,"height":70,"caption":"Bagno Italia"},"image":{"@id":"https:\/\/www.bagnoitalia.com\/fr#\/schema\/logo\/image\/"}}]}},"_links":{"self":[{"href":"https:\/\/www.bagnoitalia.com\/fr\/wp-json\/wp\/v2\/product\/94518","targetHints":{"allow":["GET"]}}],"collection":[{"href":"https:\/\/www.bagnoitalia.com\/fr\/wp-json\/wp\/v2\/product"}],"about":[{"href":"https:\/\/www.bagnoitalia.com\/fr\/wp-json\/wp\/v2\/types\/product"}],"replies":[{"embeddable":true,"href":"https:\/\/www.bagnoitalia.com\/fr\/wp-json\/wp\/v2\/comments?post=94518"}],"version-history":[{"count":2,"href":"https:\/\/www.bagnoitalia.com\/fr\/wp-json\/wp\/v2\/product\/94518\/revisions"}],"predecessor-version":[{"id":94525,"href":"https:\/\/www.bagnoitalia.com\/fr\/wp-json\/wp\/v2\/product\/94518\/revisions\/94525"}],"wp:featuredmedia":[{"embeddable":true,"href":"https:\/\/www.bagnoitalia.com\/fr\/wp-json\/wp\/v2\/media\/94490"}],"wp:attachment":[{"href":"https:\/\/www.bagnoitalia.com\/fr\/wp-json\/wp\/v2\/media?parent=94518"}],"wp:term":[{"taxonomy":"product_brand","embeddable":true,"href":"https:\/\/www.bagnoitalia.com\/fr\/wp-json\/wp\/v2\/product_brand?post=94518"},{"taxonomy":"product_cat","embeddable":true,"href":"https:\/\/www.bagnoitalia.com\/fr\/wp-json\/wp\/v2\/product_cat?post=94518"},{"taxonomy":"product_tag","embeddable":true,"href":"https:\/\/www.bagnoitalia.com\/fr\/wp-json\/wp\/v2\/product_tag?post=94518"}],"curies":[{"name":"wp","href":"https:\/\/api.w.org\/{rel}","templated":true}]}}