{"id":94107,"date":"2024-11-04T15:32:35","date_gmt":"2024-11-04T14:32:35","guid":{"rendered":"https:\/\/www.bagnoitalia.com\/product\/whirlpool-bath-150x85-cm-with-8-chromotherapy-jets-and-fittings-included-vs149"},"modified":"2024-11-04T15:35:29","modified_gmt":"2024-11-04T14:35:29","slug":"whirlpool-bath-150x85-cm-with-8-chromotherapy-jets-and-fittings-included-vs149","status":"publish","type":"product","link":"https:\/\/www.bagnoitalia.com\/fr\/produit\/whirlpool-bath-150x85-cm-with-8-chromotherapy-jets-and-fittings-included-vs149.html","title":{"rendered":"Baignoire baln\u00e9o 150&#215;85 cm avec 8 jets de chromoth\u00e9rapie et robinetterie incluse VS149"},"content":{"rendered":"<p>BASSIN HYDROMASSAGE 150&#215;85 cm VS149<\/p>\n<p>&nbsp;<\/p>\n<p>&nbsp;<\/p>\n<p>&nbsp;<\/p>\n<p>&nbsp;<\/p>\n<p>CARACT\u00c9RISTIQUES PRINCIPALES<\/p>\n<p>&nbsp;<\/p>\n<p>Baignoire 150 x D85 x H58 cm<\/p>\n<p>Panneaux absorbants sur 3 c\u00f4t\u00e9s<\/p>\n<p>Avec 8 jets d&rsquo;hydromassage, 4 grands et 4 petits<\/p>\n<p>1 coussin appui-t\u00eate<\/p>\n<p>Robinetterie compl\u00e8te avec douchette<\/p>\n<p>Radeau de sauvetage \u00e9lectrique<\/p>\n<p>Projecteur sous-marin pour chromoth\u00e9rapie et \u00e9clairage de la baignoire<\/p>\n<p>Pompe \u00e0 eau de 1 CV<\/p>\n<p>&nbsp;<\/p>\n<p>&nbsp;<\/p>\n<p>&nbsp;<\/p>\n<p>&nbsp;<\/p>\n","protected":false},"excerpt":{"rendered":"<p>Baignoire pour une personne, avec coussin appui-t\u00eate inclus. Hydromassage avec 8 jets, 4 grands et 4 petits. Robinetterie et spot sous-marin \u00e0 LED pour la chromoth\u00e9rapie inclus.<\/p>\n","protected":false},"featured_media":94091,"comment_status":"open","ping_status":"closed","template":"","meta":[],"product_brand":[9924],"product_cat":[9707,9743],"product_tag":[],"class_list":{"0":"post-94107","1":"product","2":"type-product","3":"status-publish","4":"has-post-thumbnail","6":"product_brand-predator-arredo-casa-fr","7":"product_cat-baignoire-balneo","8":"product_cat-piscines-d-39-hydromassage","10":"first","11":"instock","12":"sale","13":"taxable","14":"shipping-taxable","15":"purchasable","16":"product-type-simple"},"exclude_global_add_ons":[],"addons":[],"yoast_head":"<!-- This site is optimized with the Yoast SEO plugin v26.7 - https:\/\/yoast.com\/wordpress\/plugins\/seo\/ -->\n<title>Baignoire baln\u00e9o 150x85 cm avec 8 jets de chromoth\u00e9rapie et robinetterie incluse VS149 - Bagno Italia<\/title>\n<meta name=\"robots\" content=\"index, follow, max-snippet:-1, max-image-preview:large, max-video-preview:-1\" \/>\n<link rel=\"canonical\" href=\"https:\/\/www.bagnoitalia.com\/fr\/produit\/whirlpool-bath-150x85-cm-with-8-chromotherapy-jets-and-fittings-included-vs149.html\" \/>\n<meta property=\"og:locale\" content=\"fr_FR\" \/>\n<meta property=\"og:type\" content=\"article\" \/>\n<meta property=\"og:title\" content=\"Baignoire baln\u00e9o 150x85 cm avec 8 jets de chromoth\u00e9rapie et robinetterie incluse VS149 - Bagno Italia\" \/>\n<meta property=\"og:description\" content=\"Baignoire pour une personne, avec coussin appui-t\u00eate inclus. Hydromassage avec 8 jets, 4 grands et 4 petits. Robinetterie et spot sous-marin \u00e0 LED pour la chromoth\u00e9rapie inclus.\" \/>\n<meta property=\"og:url\" content=\"https:\/\/www.bagnoitalia.com\/fr\/produit\/whirlpool-bath-150x85-cm-with-8-chromotherapy-jets-and-fittings-included-vs149.html\" \/>\n<meta property=\"og:site_name\" content=\"Bagno Italia\" \/>\n<meta property=\"article:modified_time\" content=\"2024-11-04T14:35:29+00:00\" \/>\n<meta property=\"og:image\" content=\"https:\/\/img.bagnoitalia.com\/wp-content\/uploads\/1-2.webp\" \/>\n\t<meta property=\"og:image:width\" content=\"691\" \/>\n\t<meta property=\"og:image:height\" content=\"691\" \/>\n\t<meta property=\"og:image:type\" content=\"image\/webp\" \/>\n<meta name=\"twitter:card\" content=\"summary_large_image\" \/>\n<meta name=\"twitter:label1\" content=\"Dur\u00e9e de lecture estim\u00e9e\" \/>\n\t<meta name=\"twitter:data1\" content=\"1 minute\" \/>\n<script type=\"application\/ld+json\" class=\"yoast-schema-graph\">{\"@context\":\"https:\/\/schema.org\",\"@graph\":[{\"@type\":\"WebPage\",\"@id\":\"https:\/\/www.bagnoitalia.com\/fr\/produit\/whirlpool-bath-150x85-cm-with-8-chromotherapy-jets-and-fittings-included-vs149.html\",\"url\":\"https:\/\/www.bagnoitalia.com\/fr\/produit\/whirlpool-bath-150x85-cm-with-8-chromotherapy-jets-and-fittings-included-vs149.html\",\"name\":\"Baignoire baln\u00e9o 150x85 cm avec 8 jets de chromoth\u00e9rapie et robinetterie incluse VS149 - Bagno Italia\",\"isPartOf\":{\"@id\":\"https:\/\/www.bagnoitalia.com\/fr#website\"},\"primaryImageOfPage\":{\"@id\":\"https:\/\/www.bagnoitalia.com\/fr\/produit\/whirlpool-bath-150x85-cm-with-8-chromotherapy-jets-and-fittings-included-vs149.html#primaryimage\"},\"image\":{\"@id\":\"https:\/\/www.bagnoitalia.com\/fr\/produit\/whirlpool-bath-150x85-cm-with-8-chromotherapy-jets-and-fittings-included-vs149.html#primaryimage\"},\"thumbnailUrl\":\"https:\/\/img.bagnoitalia.com\/wp-content\/uploads\/1-2.webp\",\"datePublished\":\"2024-11-04T14:32:35+00:00\",\"dateModified\":\"2024-11-04T14:35:29+00:00\",\"breadcrumb\":{\"@id\":\"https:\/\/www.bagnoitalia.com\/fr\/produit\/whirlpool-bath-150x85-cm-with-8-chromotherapy-jets-and-fittings-included-vs149.html#breadcrumb\"},\"inLanguage\":\"fr-FR\",\"potentialAction\":[{\"@type\":\"ReadAction\",\"target\":[\"https:\/\/www.bagnoitalia.com\/fr\/produit\/whirlpool-bath-150x85-cm-with-8-chromotherapy-jets-and-fittings-included-vs149.html\"]}]},{\"@type\":\"ImageObject\",\"inLanguage\":\"fr-FR\",\"@id\":\"https:\/\/www.bagnoitalia.com\/fr\/produit\/whirlpool-bath-150x85-cm-with-8-chromotherapy-jets-and-fittings-included-vs149.html#primaryimage\",\"url\":\"https:\/\/img.bagnoitalia.com\/wp-content\/uploads\/1-2.webp\",\"contentUrl\":\"https:\/\/img.bagnoitalia.com\/wp-content\/uploads\/1-2.webp\",\"width\":691,\"height\":691},{\"@type\":\"BreadcrumbList\",\"@id\":\"https:\/\/www.bagnoitalia.com\/fr\/produit\/whirlpool-bath-150x85-cm-with-8-chromotherapy-jets-and-fittings-included-vs149.html#breadcrumb\",\"itemListElement\":[{\"@type\":\"ListItem\",\"position\":1,\"name\":\"Home\",\"item\":\"https:\/\/www.bagnoitalia.com\/fr\"},{\"@type\":\"ListItem\",\"position\":2,\"name\":\"Produits\",\"item\":\"https:\/\/www.bagnoitalia.com\/fr\/shop\"},{\"@type\":\"ListItem\",\"position\":3,\"name\":\"Baignoire baln\u00e9o 150&#215;85 cm avec 8 jets de chromoth\u00e9rapie et robinetterie incluse VS149\"}]},{\"@type\":\"WebSite\",\"@id\":\"https:\/\/www.bagnoitalia.com\/fr#website\",\"url\":\"https:\/\/www.bagnoitalia.com\/fr\",\"name\":\"Bagno Italia\",\"description\":\"\",\"publisher\":{\"@id\":\"https:\/\/www.bagnoitalia.com\/fr#organization\"},\"potentialAction\":[{\"@type\":\"SearchAction\",\"target\":{\"@type\":\"EntryPoint\",\"urlTemplate\":\"https:\/\/www.bagnoitalia.com\/fr?s={search_term_string}\"},\"query-input\":{\"@type\":\"PropertyValueSpecification\",\"valueRequired\":true,\"valueName\":\"search_term_string\"}}],\"inLanguage\":\"fr-FR\"},{\"@type\":\"Organization\",\"@id\":\"https:\/\/www.bagnoitalia.com\/fr#organization\",\"name\":\"Bagno Italia\",\"url\":\"https:\/\/www.bagnoitalia.com\/fr\",\"logo\":{\"@type\":\"ImageObject\",\"inLanguage\":\"fr-FR\",\"@id\":\"https:\/\/www.bagnoitalia.com\/fr#\/schema\/logo\/image\/\",\"url\":\"https:\/\/img.bagnoitalia.com\/wp-content\/uploads\/logo-bagnoitalia.webp\",\"contentUrl\":\"https:\/\/img.bagnoitalia.com\/wp-content\/uploads\/logo-bagnoitalia.webp\",\"width\":400,\"height\":70,\"caption\":\"Bagno Italia\"},\"image\":{\"@id\":\"https:\/\/www.bagnoitalia.com\/fr#\/schema\/logo\/image\/\"}}]}<\/script>\n<!-- \/ Yoast SEO plugin. -->","yoast_head_json":{"title":"Baignoire baln\u00e9o 150x85 cm avec 8 jets de chromoth\u00e9rapie et robinetterie incluse VS149 - Bagno Italia","robots":{"index":"index","follow":"follow","max-snippet":"max-snippet:-1","max-image-preview":"max-image-preview:large","max-video-preview":"max-video-preview:-1"},"canonical":"https:\/\/www.bagnoitalia.com\/fr\/produit\/whirlpool-bath-150x85-cm-with-8-chromotherapy-jets-and-fittings-included-vs149.html","og_locale":"fr_FR","og_type":"article","og_title":"Baignoire baln\u00e9o 150x85 cm avec 8 jets de chromoth\u00e9rapie et robinetterie incluse VS149 - Bagno Italia","og_description":"Baignoire pour une personne, avec coussin appui-t\u00eate inclus. Hydromassage avec 8 jets, 4 grands et 4 petits. Robinetterie et spot sous-marin \u00e0 LED pour la chromoth\u00e9rapie inclus.","og_url":"https:\/\/www.bagnoitalia.com\/fr\/produit\/whirlpool-bath-150x85-cm-with-8-chromotherapy-jets-and-fittings-included-vs149.html","og_site_name":"Bagno Italia","article_modified_time":"2024-11-04T14:35:29+00:00","og_image":[{"width":691,"height":691,"url":"https:\/\/img.bagnoitalia.com\/wp-content\/uploads\/1-2.webp","type":"image\/webp"}],"twitter_card":"summary_large_image","twitter_misc":{"Dur\u00e9e de lecture estim\u00e9e":"1 minute"},"schema":{"@context":"https:\/\/schema.org","@graph":[{"@type":"WebPage","@id":"https:\/\/www.bagnoitalia.com\/fr\/produit\/whirlpool-bath-150x85-cm-with-8-chromotherapy-jets-and-fittings-included-vs149.html","url":"https:\/\/www.bagnoitalia.com\/fr\/produit\/whirlpool-bath-150x85-cm-with-8-chromotherapy-jets-and-fittings-included-vs149.html","name":"Baignoire baln\u00e9o 150x85 cm avec 8 jets de chromoth\u00e9rapie et robinetterie incluse VS149 - Bagno Italia","isPartOf":{"@id":"https:\/\/www.bagnoitalia.com\/fr#website"},"primaryImageOfPage":{"@id":"https:\/\/www.bagnoitalia.com\/fr\/produit\/whirlpool-bath-150x85-cm-with-8-chromotherapy-jets-and-fittings-included-vs149.html#primaryimage"},"image":{"@id":"https:\/\/www.bagnoitalia.com\/fr\/produit\/whirlpool-bath-150x85-cm-with-8-chromotherapy-jets-and-fittings-included-vs149.html#primaryimage"},"thumbnailUrl":"https:\/\/img.bagnoitalia.com\/wp-content\/uploads\/1-2.webp","datePublished":"2024-11-04T14:32:35+00:00","dateModified":"2024-11-04T14:35:29+00:00","breadcrumb":{"@id":"https:\/\/www.bagnoitalia.com\/fr\/produit\/whirlpool-bath-150x85-cm-with-8-chromotherapy-jets-and-fittings-included-vs149.html#breadcrumb"},"inLanguage":"fr-FR","potentialAction":[{"@type":"ReadAction","target":["https:\/\/www.bagnoitalia.com\/fr\/produit\/whirlpool-bath-150x85-cm-with-8-chromotherapy-jets-and-fittings-included-vs149.html"]}]},{"@type":"ImageObject","inLanguage":"fr-FR","@id":"https:\/\/www.bagnoitalia.com\/fr\/produit\/whirlpool-bath-150x85-cm-with-8-chromotherapy-jets-and-fittings-included-vs149.html#primaryimage","url":"https:\/\/img.bagnoitalia.com\/wp-content\/uploads\/1-2.webp","contentUrl":"https:\/\/img.bagnoitalia.com\/wp-content\/uploads\/1-2.webp","width":691,"height":691},{"@type":"BreadcrumbList","@id":"https:\/\/www.bagnoitalia.com\/fr\/produit\/whirlpool-bath-150x85-cm-with-8-chromotherapy-jets-and-fittings-included-vs149.html#breadcrumb","itemListElement":[{"@type":"ListItem","position":1,"name":"Home","item":"https:\/\/www.bagnoitalia.com\/fr"},{"@type":"ListItem","position":2,"name":"Produits","item":"https:\/\/www.bagnoitalia.com\/fr\/shop"},{"@type":"ListItem","position":3,"name":"Baignoire baln\u00e9o 150&#215;85 cm avec 8 jets de chromoth\u00e9rapie et robinetterie incluse VS149"}]},{"@type":"WebSite","@id":"https:\/\/www.bagnoitalia.com\/fr#website","url":"https:\/\/www.bagnoitalia.com\/fr","name":"Bagno Italia","description":"","publisher":{"@id":"https:\/\/www.bagnoitalia.com\/fr#organization"},"potentialAction":[{"@type":"SearchAction","target":{"@type":"EntryPoint","urlTemplate":"https:\/\/www.bagnoitalia.com\/fr?s={search_term_string}"},"query-input":{"@type":"PropertyValueSpecification","valueRequired":true,"valueName":"search_term_string"}}],"inLanguage":"fr-FR"},{"@type":"Organization","@id":"https:\/\/www.bagnoitalia.com\/fr#organization","name":"Bagno Italia","url":"https:\/\/www.bagnoitalia.com\/fr","logo":{"@type":"ImageObject","inLanguage":"fr-FR","@id":"https:\/\/www.bagnoitalia.com\/fr#\/schema\/logo\/image\/","url":"https:\/\/img.bagnoitalia.com\/wp-content\/uploads\/logo-bagnoitalia.webp","contentUrl":"https:\/\/img.bagnoitalia.com\/wp-content\/uploads\/logo-bagnoitalia.webp","width":400,"height":70,"caption":"Bagno Italia"},"image":{"@id":"https:\/\/www.bagnoitalia.com\/fr#\/schema\/logo\/image\/"}}]}},"_links":{"self":[{"href":"https:\/\/www.bagnoitalia.com\/fr\/wp-json\/wp\/v2\/product\/94107","targetHints":{"allow":["GET"]}}],"collection":[{"href":"https:\/\/www.bagnoitalia.com\/fr\/wp-json\/wp\/v2\/product"}],"about":[{"href":"https:\/\/www.bagnoitalia.com\/fr\/wp-json\/wp\/v2\/types\/product"}],"replies":[{"embeddable":true,"href":"https:\/\/www.bagnoitalia.com\/fr\/wp-json\/wp\/v2\/comments?post=94107"}],"version-history":[{"count":1,"href":"https:\/\/www.bagnoitalia.com\/fr\/wp-json\/wp\/v2\/product\/94107\/revisions"}],"predecessor-version":[{"id":94112,"href":"https:\/\/www.bagnoitalia.com\/fr\/wp-json\/wp\/v2\/product\/94107\/revisions\/94112"}],"wp:featuredmedia":[{"embeddable":true,"href":"https:\/\/www.bagnoitalia.com\/fr\/wp-json\/wp\/v2\/media\/94091"}],"wp:attachment":[{"href":"https:\/\/www.bagnoitalia.com\/fr\/wp-json\/wp\/v2\/media?parent=94107"}],"wp:term":[{"taxonomy":"product_brand","embeddable":true,"href":"https:\/\/www.bagnoitalia.com\/fr\/wp-json\/wp\/v2\/product_brand?post=94107"},{"taxonomy":"product_cat","embeddable":true,"href":"https:\/\/www.bagnoitalia.com\/fr\/wp-json\/wp\/v2\/product_cat?post=94107"},{"taxonomy":"product_tag","embeddable":true,"href":"https:\/\/www.bagnoitalia.com\/fr\/wp-json\/wp\/v2\/product_tag?post=94107"}],"curies":[{"name":"wp","href":"https:\/\/api.w.org\/{rel}","templated":true}]}}