{"id":93390,"date":"2022-02-22T13:35:31","date_gmt":"2022-02-22T12:35:31","guid":{"rendered":"https:\/\/www.bagnoitalia.com\/product\/hydromassage-shower-cabin-90x90-or-80x120-cm-with-black-borders-and-quick-line-installation-system-cb085"},"modified":"2025-10-31T10:22:40","modified_gmt":"2025-10-31T09:22:40","slug":"hydromassage-shower-cabin-90x90-or-80x120-cm-with-black-borders-and-quick-line-installation-system-cb085","status":"publish","type":"product","link":"https:\/\/www.bagnoitalia.com\/fr\/produit\/hydromassage-shower-cabin-90x90-or-80x120-cm-with-black-borders-and-quick-line-installation-system-cb085.html","title":{"rendered":"Cabine de douche d&rsquo;hydromassage 90&#215;90 ou 80&#215;120 cm avec bordures noires et syst\u00e8me d&rsquo;installation Quick Line CB085"},"content":{"rendered":"<p>CABINE DE DOUCHE HYDROMASSANTE CB085<\/p>\n<p>&nbsp;<\/p>\n<p>CARACT\u00c9RISTIQUES :<\/p>\n<p>Cabine d&rsquo;hydromassage disponible en deux dimensions (s\u00e9lectionner la dimension dans le menu ci-dessus) :<\/p>\n<p>90x90xH225 cm<\/p>\n<p>80x120xH225 cm<\/p>\n<p>panneau de douche avec :<\/p>\n<p>100 micro-jets d&rsquo;hydromassage<br \/>\ndouche lat\u00e9rale amovible<br \/>\nbouton d&rsquo;inverseur<br \/>\nbouton eau chaude\/froide<\/p>\n<p>Toit en verre avec pommeau de douche central (rond dans la cabine 90&#215;90, carr\u00e9 dans la cabine 80&#215;120)<\/p>\n<p>Ouverture :<\/p>\n<p>double porte coulissante pour le box 90&#215;90 cm<br \/>\n1 porte coulissante pour la cabine 80&#215;120 cm<\/p>\n<p>poign\u00e9es en ABS noir mat<\/p>\n<p>receveur de douche en acrylique antid\u00e9rapant avec siphon anti-blocage<\/p>\n<p>profil\u00e9s en aluminium avec finition noire mate<\/p>\n<p>parois arri\u00e8re blanches<\/p>\n<p>vitres en verre transparent de 5 mm<\/p>\n<p>&nbsp;<\/p>\n<p>La pression de l&rsquo;eau est utilis\u00e9e pour la fonction d&rsquo;hydromassage<\/p>\n<p>&nbsp;<\/p>\n<p>&nbsp;<\/p>\n<p>&nbsp;<\/p>\n<p>Installation en quelques minutes avec le syst\u00e8me exclusif brevet\u00e9 Quick Line, VIDEO :<\/p>\n<p>&nbsp;<\/p>\n<p style=\"text-align: center;\"><iframe title=\"YouTube video player\" src=\"https:\/\/www.youtube.com\/embed\/t6U-M3CwurE\" width=\"560\" height=\"315\" frameborder=\"0\" allowfullscreen=\"allowfullscreen\"><\/iframe><\/p>\n<p>&nbsp;<\/p>\n","protected":false},"excerpt":{"rendered":"<p>Cabine d&rsquo;hydromassage d&rsquo;angle, disponible en deux tailles. Design moderne avec d\u00e9tails et bordures noirs. Installation rapide et facile gr\u00e2ce au syst\u00e8me quick-line<\/p>\n","protected":false},"featured_media":48014,"comment_status":"open","ping_status":"closed","template":"","meta":[],"product_brand":[9942],"product_cat":[9735],"product_tag":[],"class_list":{"0":"post-93390","1":"product","2":"type-product","3":"status-publish","4":"has-post-thumbnail","6":"product_brand-sanotechnik-italia-fr","7":"product_cat-cabine-d-39-hydromassage","9":"first","10":"instock","11":"sale","12":"taxable","13":"shipping-taxable","14":"purchasable","15":"product-type-simple"},"exclude_global_add_ons":false,"addons":[{"name":"dimensions","type":"multiple_choice","position":0,"required":true,"title_format":"heading","default":"","description_enable":false,"description":"","placeholder_enable":false,"placeholder":"","display":"select","restrictions_type":"any_text","adjust_price":false,"price":"","price_type":"flat_fee","restrictions":false,"min":"0","max":"0","options":[{"label":"90x90 cm","price":"","price_type":"quantity_based","image":0,"visibility":true},{"label":"80x120 cm","price":"130","price_type":"quantity_based","image":0,"visibility":true}],"id":1716908913}],"yoast_head":"<!-- This site is optimized with the Yoast SEO plugin v26.7 - https:\/\/yoast.com\/wordpress\/plugins\/seo\/ -->\n<title>Hydromassage shower cabin 90x90 or 80x120 cm with black borders and Quick Line installation system CB085<\/title>\n<meta name=\"description\" content=\"Corner whirlpool cabin, available in two sizes. Modern design with black details and borders. Quick and easy installation thanks to the quick-line system\" \/>\n<meta name=\"robots\" content=\"index, follow, max-snippet:-1, max-image-preview:large, max-video-preview:-1\" \/>\n<link rel=\"canonical\" href=\"https:\/\/www.bagnoitalia.com\/fr\/produit\/hydromassage-shower-cabin-90x90-or-80x120-cm-with-black-borders-and-quick-line-installation-system-cb085.html\" \/>\n<meta property=\"og:locale\" content=\"fr_FR\" \/>\n<meta property=\"og:type\" content=\"article\" \/>\n<meta property=\"og:title\" content=\"Hydromassage shower cabin 90x90 or 80x120 cm with black borders and Quick Line installation system CB085\" \/>\n<meta property=\"og:description\" content=\"Corner whirlpool cabin, available in two sizes. Modern design with black details and borders. Quick and easy installation thanks to the quick-line system\" \/>\n<meta property=\"og:url\" content=\"https:\/\/www.bagnoitalia.com\/fr\/produit\/hydromassage-shower-cabin-90x90-or-80x120-cm-with-black-borders-and-quick-line-installation-system-cb085.html\" \/>\n<meta property=\"og:site_name\" content=\"Bagno Italia\" \/>\n<meta property=\"article:modified_time\" content=\"2025-10-31T09:22:40+00:00\" \/>\n<meta property=\"og:image\" content=\"https:\/\/img.bagnoitalia.com\/wp-content\/uploads\/virtuemart\/product\/whirlpool-cabin-80x120-90x90-quick-line.jpg\" \/>\n\t<meta property=\"og:image:width\" content=\"550\" \/>\n\t<meta property=\"og:image:height\" content=\"550\" \/>\n\t<meta property=\"og:image:type\" content=\"image\/jpeg\" \/>\n<meta name=\"twitter:card\" content=\"summary_large_image\" \/>\n<meta name=\"twitter:label1\" content=\"Dur\u00e9e de lecture estim\u00e9e\" \/>\n\t<meta name=\"twitter:data1\" content=\"1 minute\" \/>\n<script type=\"application\/ld+json\" class=\"yoast-schema-graph\">{\"@context\":\"https:\/\/schema.org\",\"@graph\":[{\"@type\":\"WebPage\",\"@id\":\"https:\/\/www.bagnoitalia.com\/fr\/produit\/hydromassage-shower-cabin-90x90-or-80x120-cm-with-black-borders-and-quick-line-installation-system-cb085.html\",\"url\":\"https:\/\/www.bagnoitalia.com\/fr\/produit\/hydromassage-shower-cabin-90x90-or-80x120-cm-with-black-borders-and-quick-line-installation-system-cb085.html\",\"name\":\"Hydromassage shower cabin 90x90 or 80x120 cm with black borders and Quick Line installation system CB085\",\"isPartOf\":{\"@id\":\"https:\/\/www.bagnoitalia.com\/fr#website\"},\"primaryImageOfPage\":{\"@id\":\"https:\/\/www.bagnoitalia.com\/fr\/produit\/hydromassage-shower-cabin-90x90-or-80x120-cm-with-black-borders-and-quick-line-installation-system-cb085.html#primaryimage\"},\"image\":{\"@id\":\"https:\/\/www.bagnoitalia.com\/fr\/produit\/hydromassage-shower-cabin-90x90-or-80x120-cm-with-black-borders-and-quick-line-installation-system-cb085.html#primaryimage\"},\"thumbnailUrl\":\"https:\/\/img.bagnoitalia.com\/wp-content\/uploads\/virtuemart\/product\/whirlpool-cabin-80x120-90x90-quick-line.jpg\",\"datePublished\":\"2022-02-22T12:35:31+00:00\",\"dateModified\":\"2025-10-31T09:22:40+00:00\",\"description\":\"Corner whirlpool cabin, available in two sizes. Modern design with black details and borders. Quick and easy installation thanks to the quick-line system\",\"breadcrumb\":{\"@id\":\"https:\/\/www.bagnoitalia.com\/fr\/produit\/hydromassage-shower-cabin-90x90-or-80x120-cm-with-black-borders-and-quick-line-installation-system-cb085.html#breadcrumb\"},\"inLanguage\":\"fr-FR\",\"potentialAction\":[{\"@type\":\"ReadAction\",\"target\":[\"https:\/\/www.bagnoitalia.com\/fr\/produit\/hydromassage-shower-cabin-90x90-or-80x120-cm-with-black-borders-and-quick-line-installation-system-cb085.html\"]}]},{\"@type\":\"ImageObject\",\"inLanguage\":\"fr-FR\",\"@id\":\"https:\/\/www.bagnoitalia.com\/fr\/produit\/hydromassage-shower-cabin-90x90-or-80x120-cm-with-black-borders-and-quick-line-installation-system-cb085.html#primaryimage\",\"url\":\"https:\/\/img.bagnoitalia.com\/wp-content\/uploads\/virtuemart\/product\/whirlpool-cabin-80x120-90x90-quick-line.jpg\",\"contentUrl\":\"https:\/\/img.bagnoitalia.com\/wp-content\/uploads\/virtuemart\/product\/whirlpool-cabin-80x120-90x90-quick-line.jpg\",\"width\":550,\"height\":550},{\"@type\":\"BreadcrumbList\",\"@id\":\"https:\/\/www.bagnoitalia.com\/fr\/produit\/hydromassage-shower-cabin-90x90-or-80x120-cm-with-black-borders-and-quick-line-installation-system-cb085.html#breadcrumb\",\"itemListElement\":[{\"@type\":\"ListItem\",\"position\":1,\"name\":\"Home\",\"item\":\"https:\/\/www.bagnoitalia.com\/fr\"},{\"@type\":\"ListItem\",\"position\":2,\"name\":\"Produits\",\"item\":\"https:\/\/www.bagnoitalia.com\/fr\/shop\"},{\"@type\":\"ListItem\",\"position\":3,\"name\":\"Cabine de douche d&#8217;hydromassage 90&#215;90 ou 80&#215;120 cm avec bordures noires et syst\u00e8me d&#8217;installation Quick Line CB085\"}]},{\"@type\":\"WebSite\",\"@id\":\"https:\/\/www.bagnoitalia.com\/fr#website\",\"url\":\"https:\/\/www.bagnoitalia.com\/fr\",\"name\":\"Bagno Italia\",\"description\":\"\",\"publisher\":{\"@id\":\"https:\/\/www.bagnoitalia.com\/fr#organization\"},\"potentialAction\":[{\"@type\":\"SearchAction\",\"target\":{\"@type\":\"EntryPoint\",\"urlTemplate\":\"https:\/\/www.bagnoitalia.com\/fr?s={search_term_string}\"},\"query-input\":{\"@type\":\"PropertyValueSpecification\",\"valueRequired\":true,\"valueName\":\"search_term_string\"}}],\"inLanguage\":\"fr-FR\"},{\"@type\":\"Organization\",\"@id\":\"https:\/\/www.bagnoitalia.com\/fr#organization\",\"name\":\"Bagno Italia\",\"url\":\"https:\/\/www.bagnoitalia.com\/fr\",\"logo\":{\"@type\":\"ImageObject\",\"inLanguage\":\"fr-FR\",\"@id\":\"https:\/\/www.bagnoitalia.com\/fr#\/schema\/logo\/image\/\",\"url\":\"https:\/\/img.bagnoitalia.com\/wp-content\/uploads\/logo-bagnoitalia.webp\",\"contentUrl\":\"https:\/\/img.bagnoitalia.com\/wp-content\/uploads\/logo-bagnoitalia.webp\",\"width\":400,\"height\":70,\"caption\":\"Bagno Italia\"},\"image\":{\"@id\":\"https:\/\/www.bagnoitalia.com\/fr#\/schema\/logo\/image\/\"}}]}<\/script>\n<!-- \/ Yoast SEO plugin. -->","yoast_head_json":{"title":"Hydromassage shower cabin 90x90 or 80x120 cm with black borders and Quick Line installation system CB085","description":"Corner whirlpool cabin, available in two sizes. Modern design with black details and borders. Quick and easy installation thanks to the quick-line system","robots":{"index":"index","follow":"follow","max-snippet":"max-snippet:-1","max-image-preview":"max-image-preview:large","max-video-preview":"max-video-preview:-1"},"canonical":"https:\/\/www.bagnoitalia.com\/fr\/produit\/hydromassage-shower-cabin-90x90-or-80x120-cm-with-black-borders-and-quick-line-installation-system-cb085.html","og_locale":"fr_FR","og_type":"article","og_title":"Hydromassage shower cabin 90x90 or 80x120 cm with black borders and Quick Line installation system CB085","og_description":"Corner whirlpool cabin, available in two sizes. Modern design with black details and borders. Quick and easy installation thanks to the quick-line system","og_url":"https:\/\/www.bagnoitalia.com\/fr\/produit\/hydromassage-shower-cabin-90x90-or-80x120-cm-with-black-borders-and-quick-line-installation-system-cb085.html","og_site_name":"Bagno Italia","article_modified_time":"2025-10-31T09:22:40+00:00","og_image":[{"width":550,"height":550,"url":"https:\/\/img.bagnoitalia.com\/wp-content\/uploads\/virtuemart\/product\/whirlpool-cabin-80x120-90x90-quick-line.jpg","type":"image\/jpeg"}],"twitter_card":"summary_large_image","twitter_misc":{"Dur\u00e9e de lecture estim\u00e9e":"1 minute"},"schema":{"@context":"https:\/\/schema.org","@graph":[{"@type":"WebPage","@id":"https:\/\/www.bagnoitalia.com\/fr\/produit\/hydromassage-shower-cabin-90x90-or-80x120-cm-with-black-borders-and-quick-line-installation-system-cb085.html","url":"https:\/\/www.bagnoitalia.com\/fr\/produit\/hydromassage-shower-cabin-90x90-or-80x120-cm-with-black-borders-and-quick-line-installation-system-cb085.html","name":"Hydromassage shower cabin 90x90 or 80x120 cm with black borders and Quick Line installation system CB085","isPartOf":{"@id":"https:\/\/www.bagnoitalia.com\/fr#website"},"primaryImageOfPage":{"@id":"https:\/\/www.bagnoitalia.com\/fr\/produit\/hydromassage-shower-cabin-90x90-or-80x120-cm-with-black-borders-and-quick-line-installation-system-cb085.html#primaryimage"},"image":{"@id":"https:\/\/www.bagnoitalia.com\/fr\/produit\/hydromassage-shower-cabin-90x90-or-80x120-cm-with-black-borders-and-quick-line-installation-system-cb085.html#primaryimage"},"thumbnailUrl":"https:\/\/img.bagnoitalia.com\/wp-content\/uploads\/virtuemart\/product\/whirlpool-cabin-80x120-90x90-quick-line.jpg","datePublished":"2022-02-22T12:35:31+00:00","dateModified":"2025-10-31T09:22:40+00:00","description":"Corner whirlpool cabin, available in two sizes. Modern design with black details and borders. Quick and easy installation thanks to the quick-line system","breadcrumb":{"@id":"https:\/\/www.bagnoitalia.com\/fr\/produit\/hydromassage-shower-cabin-90x90-or-80x120-cm-with-black-borders-and-quick-line-installation-system-cb085.html#breadcrumb"},"inLanguage":"fr-FR","potentialAction":[{"@type":"ReadAction","target":["https:\/\/www.bagnoitalia.com\/fr\/produit\/hydromassage-shower-cabin-90x90-or-80x120-cm-with-black-borders-and-quick-line-installation-system-cb085.html"]}]},{"@type":"ImageObject","inLanguage":"fr-FR","@id":"https:\/\/www.bagnoitalia.com\/fr\/produit\/hydromassage-shower-cabin-90x90-or-80x120-cm-with-black-borders-and-quick-line-installation-system-cb085.html#primaryimage","url":"https:\/\/img.bagnoitalia.com\/wp-content\/uploads\/virtuemart\/product\/whirlpool-cabin-80x120-90x90-quick-line.jpg","contentUrl":"https:\/\/img.bagnoitalia.com\/wp-content\/uploads\/virtuemart\/product\/whirlpool-cabin-80x120-90x90-quick-line.jpg","width":550,"height":550},{"@type":"BreadcrumbList","@id":"https:\/\/www.bagnoitalia.com\/fr\/produit\/hydromassage-shower-cabin-90x90-or-80x120-cm-with-black-borders-and-quick-line-installation-system-cb085.html#breadcrumb","itemListElement":[{"@type":"ListItem","position":1,"name":"Home","item":"https:\/\/www.bagnoitalia.com\/fr"},{"@type":"ListItem","position":2,"name":"Produits","item":"https:\/\/www.bagnoitalia.com\/fr\/shop"},{"@type":"ListItem","position":3,"name":"Cabine de douche d&#8217;hydromassage 90&#215;90 ou 80&#215;120 cm avec bordures noires et syst\u00e8me d&#8217;installation Quick Line CB085"}]},{"@type":"WebSite","@id":"https:\/\/www.bagnoitalia.com\/fr#website","url":"https:\/\/www.bagnoitalia.com\/fr","name":"Bagno Italia","description":"","publisher":{"@id":"https:\/\/www.bagnoitalia.com\/fr#organization"},"potentialAction":[{"@type":"SearchAction","target":{"@type":"EntryPoint","urlTemplate":"https:\/\/www.bagnoitalia.com\/fr?s={search_term_string}"},"query-input":{"@type":"PropertyValueSpecification","valueRequired":true,"valueName":"search_term_string"}}],"inLanguage":"fr-FR"},{"@type":"Organization","@id":"https:\/\/www.bagnoitalia.com\/fr#organization","name":"Bagno Italia","url":"https:\/\/www.bagnoitalia.com\/fr","logo":{"@type":"ImageObject","inLanguage":"fr-FR","@id":"https:\/\/www.bagnoitalia.com\/fr#\/schema\/logo\/image\/","url":"https:\/\/img.bagnoitalia.com\/wp-content\/uploads\/logo-bagnoitalia.webp","contentUrl":"https:\/\/img.bagnoitalia.com\/wp-content\/uploads\/logo-bagnoitalia.webp","width":400,"height":70,"caption":"Bagno Italia"},"image":{"@id":"https:\/\/www.bagnoitalia.com\/fr#\/schema\/logo\/image\/"}}]}},"_links":{"self":[{"href":"https:\/\/www.bagnoitalia.com\/fr\/wp-json\/wp\/v2\/product\/93390","targetHints":{"allow":["GET"]}}],"collection":[{"href":"https:\/\/www.bagnoitalia.com\/fr\/wp-json\/wp\/v2\/product"}],"about":[{"href":"https:\/\/www.bagnoitalia.com\/fr\/wp-json\/wp\/v2\/types\/product"}],"replies":[{"embeddable":true,"href":"https:\/\/www.bagnoitalia.com\/fr\/wp-json\/wp\/v2\/comments?post=93390"}],"version-history":[{"count":1,"href":"https:\/\/www.bagnoitalia.com\/fr\/wp-json\/wp\/v2\/product\/93390\/revisions"}],"predecessor-version":[{"id":93395,"href":"https:\/\/www.bagnoitalia.com\/fr\/wp-json\/wp\/v2\/product\/93390\/revisions\/93395"}],"wp:featuredmedia":[{"embeddable":true,"href":"https:\/\/www.bagnoitalia.com\/fr\/wp-json\/wp\/v2\/media\/48014"}],"wp:attachment":[{"href":"https:\/\/www.bagnoitalia.com\/fr\/wp-json\/wp\/v2\/media?parent=93390"}],"wp:term":[{"taxonomy":"product_brand","embeddable":true,"href":"https:\/\/www.bagnoitalia.com\/fr\/wp-json\/wp\/v2\/product_brand?post=93390"},{"taxonomy":"product_cat","embeddable":true,"href":"https:\/\/www.bagnoitalia.com\/fr\/wp-json\/wp\/v2\/product_cat?post=93390"},{"taxonomy":"product_tag","embeddable":true,"href":"https:\/\/www.bagnoitalia.com\/fr\/wp-json\/wp\/v2\/product_tag?post=93390"}],"curies":[{"name":"wp","href":"https:\/\/api.w.org\/{rel}","templated":true}]}}