{"id":93317,"date":"2020-01-17T11:05:10","date_gmt":"2020-01-17T10:05:10","guid":{"rendered":"https:\/\/www.bagnoitalia.com\/product\/hydromassage-cabin-with-tub-120x80-cm-6-jets-and-with-bluetooth-function-cb071"},"modified":"2025-04-02T15:28:58","modified_gmt":"2025-04-02T13:28:58","slug":"hydromassage-cabin-with-tub-120x80-cm-6-jets-and-with-bluetooth-function-cb071","status":"publish","type":"product","link":"https:\/\/www.bagnoitalia.com\/fr\/produit\/hydromassage-cabin-with-tub-120x80-cm-6-jets-and-with-bluetooth-function-cb071.html","title":{"rendered":"Cabine d&rsquo;hydromassage avec baignoire 120&#215;80 cm 6 jets et fonction bluetooth CB071"},"content":{"rendered":"<p>Cabine d&rsquo;hydromassage avec baignoire CB071<\/p>\n<p>&nbsp;<\/p>\n<p>CARACT\u00c9RISTIQUES :<\/p>\n<p>dimensions 120x80xH215 cm<\/p>\n<p>Baignoire avec fond antid\u00e9rapant<\/p>\n<p>Verre fum\u00e9 anti-effraction de 5 mm<\/p>\n<p>6 jets d&rsquo;hydromassage le long de la colonne de douche<\/p>\n<p>Bluetooth<\/p>\n<p>Ozonoth\u00e9rapie<\/p>\n<p>Radio<\/p>\n<p>\u00c9cran tactile<\/p>\n<p>Toit avec \u00e9clairage<\/p>\n<p>Chromoth\u00e9rapie avec 7 variations de lumi\u00e8res LED<\/p>\n<p>Porte-bouteille<\/p>\n<p>Porte-serviettes<\/p>\n<p>Despenseur pour savon liquide<\/p>\n<p>Douche centrale et douche lat\u00e9rale<\/p>\n<p>Massage des pieds<\/p>\n<p>T\u00e9l\u00e9phone mains libres<\/p>\n<p>Haut-parleur<\/p>\n<p>Assis sous la colonne de douche<\/p>\n<p>&nbsp;<\/p>\n<p>MAT\u00c9RIAUX :<\/p>\n<p>douche en acier chrom\u00e9<\/p>\n<p>R\u00e9servoir en ABS renforc\u00e9 par trois couches de r\u00e9sine et cadre galvanis\u00e9<\/p>\n<p>Colonnes en aluminium satin\u00e9<\/p>\n<p>Poign\u00e9es en m\u00e9tal chrom\u00e9<\/p>\n<p>Tablette en verre<\/p>\n<p>&nbsp;<\/p>\n<p>&nbsp;<\/p>\n<p>&nbsp;<\/p>\n","protected":false},"excerpt":{"rendered":"<p>Cabine de douche hydromassante semi-circulaire d&rsquo;une hauteur de 215 cm. Avec baignoire, bluetooth, chromoth\u00e9rapie, radio, haut-parleur, ozonoth\u00e9rapie, massage des pieds.<\/p>\n","protected":false},"featured_media":45131,"comment_status":"open","ping_status":"closed","template":"","meta":[],"product_brand":[5021],"product_cat":[9735],"product_tag":[],"class_list":{"0":"post-93317","1":"product","2":"type-product","3":"status-publish","4":"has-post-thumbnail","6":"product_brand-predator-arredo-casa","7":"product_cat-cabine-d-39-hydromassage","9":"first","10":"instock","11":"sale","12":"taxable","13":"shipping-taxable","14":"purchasable","15":"product-type-simple"},"exclude_global_add_ons":[],"addons":[],"yoast_head":"<!-- This site is optimized with the Yoast SEO plugin v26.7 - https:\/\/yoast.com\/wordpress\/plugins\/seo\/ -->\n<title>Hydromassage cabin with tub 120x80 cm 6 jets and with bluetooth function CB071<\/title>\n<meta name=\"description\" content=\"Semicircular hydromassage shower cabin height 215 cm. With bathtub, bluetooth, chromotherapy, radio, speakerphone, ozone therapy, foot massage.\" \/>\n<meta name=\"robots\" content=\"index, follow, max-snippet:-1, max-image-preview:large, max-video-preview:-1\" \/>\n<link rel=\"canonical\" href=\"https:\/\/www.bagnoitalia.com\/fr\/produit\/hydromassage-cabin-with-tub-120x80-cm-6-jets-and-with-bluetooth-function-cb071.html\" \/>\n<meta property=\"og:locale\" content=\"fr_FR\" \/>\n<meta property=\"og:type\" content=\"article\" \/>\n<meta property=\"og:title\" content=\"Hydromassage cabin with tub 120x80 cm 6 jets and with bluetooth function CB071\" \/>\n<meta property=\"og:description\" content=\"Semicircular hydromassage shower cabin height 215 cm. With bathtub, bluetooth, chromotherapy, radio, speakerphone, ozone therapy, foot massage.\" \/>\n<meta property=\"og:url\" content=\"https:\/\/www.bagnoitalia.com\/fr\/produit\/hydromassage-cabin-with-tub-120x80-cm-6-jets-and-with-bluetooth-function-cb071.html\" \/>\n<meta property=\"og:site_name\" content=\"Bagno Italia\" \/>\n<meta property=\"article:modified_time\" content=\"2025-04-02T13:28:58+00:00\" \/>\n<meta property=\"og:image\" content=\"https:\/\/img.bagnoitalia.com\/wp-content\/uploads\/virtuemart\/product\/hydromassage-cabin-with-tub-120x80-cb071-444_1579259156_267.jpg\" \/>\n\t<meta property=\"og:image:width\" content=\"550\" \/>\n\t<meta property=\"og:image:height\" content=\"550\" \/>\n\t<meta property=\"og:image:type\" content=\"image\/jpeg\" \/>\n<meta name=\"twitter:card\" content=\"summary_large_image\" \/>\n<meta name=\"twitter:label1\" content=\"Dur\u00e9e de lecture estim\u00e9e\" \/>\n\t<meta name=\"twitter:data1\" content=\"1 minute\" \/>\n<script type=\"application\/ld+json\" class=\"yoast-schema-graph\">{\"@context\":\"https:\/\/schema.org\",\"@graph\":[{\"@type\":\"WebPage\",\"@id\":\"https:\/\/www.bagnoitalia.com\/fr\/produit\/hydromassage-cabin-with-tub-120x80-cm-6-jets-and-with-bluetooth-function-cb071.html\",\"url\":\"https:\/\/www.bagnoitalia.com\/fr\/produit\/hydromassage-cabin-with-tub-120x80-cm-6-jets-and-with-bluetooth-function-cb071.html\",\"name\":\"Hydromassage cabin with tub 120x80 cm 6 jets and with bluetooth function CB071\",\"isPartOf\":{\"@id\":\"https:\/\/www.bagnoitalia.com\/fr#website\"},\"primaryImageOfPage\":{\"@id\":\"https:\/\/www.bagnoitalia.com\/fr\/produit\/hydromassage-cabin-with-tub-120x80-cm-6-jets-and-with-bluetooth-function-cb071.html#primaryimage\"},\"image\":{\"@id\":\"https:\/\/www.bagnoitalia.com\/fr\/produit\/hydromassage-cabin-with-tub-120x80-cm-6-jets-and-with-bluetooth-function-cb071.html#primaryimage\"},\"thumbnailUrl\":\"https:\/\/img.bagnoitalia.com\/wp-content\/uploads\/virtuemart\/product\/hydromassage-cabin-with-tub-120x80-cb071-444_1579259156_267.jpg\",\"datePublished\":\"2020-01-17T10:05:10+00:00\",\"dateModified\":\"2025-04-02T13:28:58+00:00\",\"description\":\"Semicircular hydromassage shower cabin height 215 cm. With bathtub, bluetooth, chromotherapy, radio, speakerphone, ozone therapy, foot massage.\",\"breadcrumb\":{\"@id\":\"https:\/\/www.bagnoitalia.com\/fr\/produit\/hydromassage-cabin-with-tub-120x80-cm-6-jets-and-with-bluetooth-function-cb071.html#breadcrumb\"},\"inLanguage\":\"fr-FR\",\"potentialAction\":[{\"@type\":\"ReadAction\",\"target\":[\"https:\/\/www.bagnoitalia.com\/fr\/produit\/hydromassage-cabin-with-tub-120x80-cm-6-jets-and-with-bluetooth-function-cb071.html\"]}]},{\"@type\":\"ImageObject\",\"inLanguage\":\"fr-FR\",\"@id\":\"https:\/\/www.bagnoitalia.com\/fr\/produit\/hydromassage-cabin-with-tub-120x80-cm-6-jets-and-with-bluetooth-function-cb071.html#primaryimage\",\"url\":\"https:\/\/img.bagnoitalia.com\/wp-content\/uploads\/virtuemart\/product\/hydromassage-cabin-with-tub-120x80-cb071-444_1579259156_267.jpg\",\"contentUrl\":\"https:\/\/img.bagnoitalia.com\/wp-content\/uploads\/virtuemart\/product\/hydromassage-cabin-with-tub-120x80-cb071-444_1579259156_267.jpg\",\"width\":550,\"height\":550},{\"@type\":\"BreadcrumbList\",\"@id\":\"https:\/\/www.bagnoitalia.com\/fr\/produit\/hydromassage-cabin-with-tub-120x80-cm-6-jets-and-with-bluetooth-function-cb071.html#breadcrumb\",\"itemListElement\":[{\"@type\":\"ListItem\",\"position\":1,\"name\":\"Home\",\"item\":\"https:\/\/www.bagnoitalia.com\/fr\"},{\"@type\":\"ListItem\",\"position\":2,\"name\":\"Produits\",\"item\":\"https:\/\/www.bagnoitalia.com\/fr\/shop\"},{\"@type\":\"ListItem\",\"position\":3,\"name\":\"Cabine d&#8217;hydromassage avec baignoire 120&#215;80 cm 6 jets et fonction bluetooth CB071\"}]},{\"@type\":\"WebSite\",\"@id\":\"https:\/\/www.bagnoitalia.com\/fr#website\",\"url\":\"https:\/\/www.bagnoitalia.com\/fr\",\"name\":\"Bagno Italia\",\"description\":\"\",\"publisher\":{\"@id\":\"https:\/\/www.bagnoitalia.com\/fr#organization\"},\"potentialAction\":[{\"@type\":\"SearchAction\",\"target\":{\"@type\":\"EntryPoint\",\"urlTemplate\":\"https:\/\/www.bagnoitalia.com\/fr?s={search_term_string}\"},\"query-input\":{\"@type\":\"PropertyValueSpecification\",\"valueRequired\":true,\"valueName\":\"search_term_string\"}}],\"inLanguage\":\"fr-FR\"},{\"@type\":\"Organization\",\"@id\":\"https:\/\/www.bagnoitalia.com\/fr#organization\",\"name\":\"Bagno Italia\",\"url\":\"https:\/\/www.bagnoitalia.com\/fr\",\"logo\":{\"@type\":\"ImageObject\",\"inLanguage\":\"fr-FR\",\"@id\":\"https:\/\/www.bagnoitalia.com\/fr#\/schema\/logo\/image\/\",\"url\":\"https:\/\/img.bagnoitalia.com\/wp-content\/uploads\/logo-bagnoitalia.webp\",\"contentUrl\":\"https:\/\/img.bagnoitalia.com\/wp-content\/uploads\/logo-bagnoitalia.webp\",\"width\":400,\"height\":70,\"caption\":\"Bagno Italia\"},\"image\":{\"@id\":\"https:\/\/www.bagnoitalia.com\/fr#\/schema\/logo\/image\/\"}}]}<\/script>\n<!-- \/ Yoast SEO plugin. -->","yoast_head_json":{"title":"Hydromassage cabin with tub 120x80 cm 6 jets and with bluetooth function CB071","description":"Semicircular hydromassage shower cabin height 215 cm. With bathtub, bluetooth, chromotherapy, radio, speakerphone, ozone therapy, foot massage.","robots":{"index":"index","follow":"follow","max-snippet":"max-snippet:-1","max-image-preview":"max-image-preview:large","max-video-preview":"max-video-preview:-1"},"canonical":"https:\/\/www.bagnoitalia.com\/fr\/produit\/hydromassage-cabin-with-tub-120x80-cm-6-jets-and-with-bluetooth-function-cb071.html","og_locale":"fr_FR","og_type":"article","og_title":"Hydromassage cabin with tub 120x80 cm 6 jets and with bluetooth function CB071","og_description":"Semicircular hydromassage shower cabin height 215 cm. With bathtub, bluetooth, chromotherapy, radio, speakerphone, ozone therapy, foot massage.","og_url":"https:\/\/www.bagnoitalia.com\/fr\/produit\/hydromassage-cabin-with-tub-120x80-cm-6-jets-and-with-bluetooth-function-cb071.html","og_site_name":"Bagno Italia","article_modified_time":"2025-04-02T13:28:58+00:00","og_image":[{"width":550,"height":550,"url":"https:\/\/img.bagnoitalia.com\/wp-content\/uploads\/virtuemart\/product\/hydromassage-cabin-with-tub-120x80-cb071-444_1579259156_267.jpg","type":"image\/jpeg"}],"twitter_card":"summary_large_image","twitter_misc":{"Dur\u00e9e de lecture estim\u00e9e":"1 minute"},"schema":{"@context":"https:\/\/schema.org","@graph":[{"@type":"WebPage","@id":"https:\/\/www.bagnoitalia.com\/fr\/produit\/hydromassage-cabin-with-tub-120x80-cm-6-jets-and-with-bluetooth-function-cb071.html","url":"https:\/\/www.bagnoitalia.com\/fr\/produit\/hydromassage-cabin-with-tub-120x80-cm-6-jets-and-with-bluetooth-function-cb071.html","name":"Hydromassage cabin with tub 120x80 cm 6 jets and with bluetooth function CB071","isPartOf":{"@id":"https:\/\/www.bagnoitalia.com\/fr#website"},"primaryImageOfPage":{"@id":"https:\/\/www.bagnoitalia.com\/fr\/produit\/hydromassage-cabin-with-tub-120x80-cm-6-jets-and-with-bluetooth-function-cb071.html#primaryimage"},"image":{"@id":"https:\/\/www.bagnoitalia.com\/fr\/produit\/hydromassage-cabin-with-tub-120x80-cm-6-jets-and-with-bluetooth-function-cb071.html#primaryimage"},"thumbnailUrl":"https:\/\/img.bagnoitalia.com\/wp-content\/uploads\/virtuemart\/product\/hydromassage-cabin-with-tub-120x80-cb071-444_1579259156_267.jpg","datePublished":"2020-01-17T10:05:10+00:00","dateModified":"2025-04-02T13:28:58+00:00","description":"Semicircular hydromassage shower cabin height 215 cm. With bathtub, bluetooth, chromotherapy, radio, speakerphone, ozone therapy, foot massage.","breadcrumb":{"@id":"https:\/\/www.bagnoitalia.com\/fr\/produit\/hydromassage-cabin-with-tub-120x80-cm-6-jets-and-with-bluetooth-function-cb071.html#breadcrumb"},"inLanguage":"fr-FR","potentialAction":[{"@type":"ReadAction","target":["https:\/\/www.bagnoitalia.com\/fr\/produit\/hydromassage-cabin-with-tub-120x80-cm-6-jets-and-with-bluetooth-function-cb071.html"]}]},{"@type":"ImageObject","inLanguage":"fr-FR","@id":"https:\/\/www.bagnoitalia.com\/fr\/produit\/hydromassage-cabin-with-tub-120x80-cm-6-jets-and-with-bluetooth-function-cb071.html#primaryimage","url":"https:\/\/img.bagnoitalia.com\/wp-content\/uploads\/virtuemart\/product\/hydromassage-cabin-with-tub-120x80-cb071-444_1579259156_267.jpg","contentUrl":"https:\/\/img.bagnoitalia.com\/wp-content\/uploads\/virtuemart\/product\/hydromassage-cabin-with-tub-120x80-cb071-444_1579259156_267.jpg","width":550,"height":550},{"@type":"BreadcrumbList","@id":"https:\/\/www.bagnoitalia.com\/fr\/produit\/hydromassage-cabin-with-tub-120x80-cm-6-jets-and-with-bluetooth-function-cb071.html#breadcrumb","itemListElement":[{"@type":"ListItem","position":1,"name":"Home","item":"https:\/\/www.bagnoitalia.com\/fr"},{"@type":"ListItem","position":2,"name":"Produits","item":"https:\/\/www.bagnoitalia.com\/fr\/shop"},{"@type":"ListItem","position":3,"name":"Cabine d&#8217;hydromassage avec baignoire 120&#215;80 cm 6 jets et fonction bluetooth CB071"}]},{"@type":"WebSite","@id":"https:\/\/www.bagnoitalia.com\/fr#website","url":"https:\/\/www.bagnoitalia.com\/fr","name":"Bagno Italia","description":"","publisher":{"@id":"https:\/\/www.bagnoitalia.com\/fr#organization"},"potentialAction":[{"@type":"SearchAction","target":{"@type":"EntryPoint","urlTemplate":"https:\/\/www.bagnoitalia.com\/fr?s={search_term_string}"},"query-input":{"@type":"PropertyValueSpecification","valueRequired":true,"valueName":"search_term_string"}}],"inLanguage":"fr-FR"},{"@type":"Organization","@id":"https:\/\/www.bagnoitalia.com\/fr#organization","name":"Bagno Italia","url":"https:\/\/www.bagnoitalia.com\/fr","logo":{"@type":"ImageObject","inLanguage":"fr-FR","@id":"https:\/\/www.bagnoitalia.com\/fr#\/schema\/logo\/image\/","url":"https:\/\/img.bagnoitalia.com\/wp-content\/uploads\/logo-bagnoitalia.webp","contentUrl":"https:\/\/img.bagnoitalia.com\/wp-content\/uploads\/logo-bagnoitalia.webp","width":400,"height":70,"caption":"Bagno Italia"},"image":{"@id":"https:\/\/www.bagnoitalia.com\/fr#\/schema\/logo\/image\/"}}]}},"_links":{"self":[{"href":"https:\/\/www.bagnoitalia.com\/fr\/wp-json\/wp\/v2\/product\/93317","targetHints":{"allow":["GET"]}}],"collection":[{"href":"https:\/\/www.bagnoitalia.com\/fr\/wp-json\/wp\/v2\/product"}],"about":[{"href":"https:\/\/www.bagnoitalia.com\/fr\/wp-json\/wp\/v2\/types\/product"}],"replies":[{"embeddable":true,"href":"https:\/\/www.bagnoitalia.com\/fr\/wp-json\/wp\/v2\/comments?post=93317"}],"version-history":[{"count":2,"href":"https:\/\/www.bagnoitalia.com\/fr\/wp-json\/wp\/v2\/product\/93317\/revisions"}],"predecessor-version":[{"id":106032,"href":"https:\/\/www.bagnoitalia.com\/fr\/wp-json\/wp\/v2\/product\/93317\/revisions\/106032"}],"wp:featuredmedia":[{"embeddable":true,"href":"https:\/\/www.bagnoitalia.com\/fr\/wp-json\/wp\/v2\/media\/45131"}],"wp:attachment":[{"href":"https:\/\/www.bagnoitalia.com\/fr\/wp-json\/wp\/v2\/media?parent=93317"}],"wp:term":[{"taxonomy":"product_brand","embeddable":true,"href":"https:\/\/www.bagnoitalia.com\/fr\/wp-json\/wp\/v2\/product_brand?post=93317"},{"taxonomy":"product_cat","embeddable":true,"href":"https:\/\/www.bagnoitalia.com\/fr\/wp-json\/wp\/v2\/product_cat?post=93317"},{"taxonomy":"product_tag","embeddable":true,"href":"https:\/\/www.bagnoitalia.com\/fr\/wp-json\/wp\/v2\/product_tag?post=93317"}],"curies":[{"name":"wp","href":"https:\/\/api.w.org\/{rel}","templated":true}]}}