{"id":93309,"date":"2022-09-15T13:36:31","date_gmt":"2022-09-15T11:36:31","guid":{"rendered":"https:\/\/www.bagnoitalia.com\/product\/hydromassage-cabin-100x70-cm-right-or-left-version-with-gold-colored-hydromassage-column-cb087"},"modified":"2024-10-22T15:21:17","modified_gmt":"2024-10-22T13:21:17","slug":"hydromassage-cabin-100x70-cm-right-or-left-version-with-gold-colored-hydromassage-column-cb087","status":"publish","type":"product","link":"https:\/\/www.bagnoitalia.com\/fr\/produit\/hydromassage-cabin-100x70-cm-right-or-left-version-with-gold-colored-hydromassage-column-cb087.html","title":{"rendered":"Cabine d&rsquo;hydromassage 100&#215;70 cm version droite ou gauche avec colonne d&rsquo;hydromassage dor\u00e9e CB087"},"content":{"rendered":"<p>Cabine d&rsquo;hydromassage CB087<\/p>\n<p>&nbsp;<\/p>\n<p>CARACT\u00c9RISTIQUES :<\/p>\n<p>Cabine de douche d&rsquo;hydromassage : 100x70xH215 cm<\/p>\n<p>Disponible avec ouverture \u00e0 droite ou \u00e0 gauche (voir photos secondaires)<\/p>\n<p>Colonne de douche en couleur or<\/p>\n<p>Jets d&rsquo;hydromassage avec 2 types de jets (modifiables par simple rotation)<\/p>\n<p>Ecran de contr\u00f4le<\/p>\n<p>Cristal de 6 mm d&rsquo;\u00e9paisseur (\u00e0 l&rsquo;arri\u00e8re, le verre est noir miroir, tandis qu&rsquo;\u00e0 l&rsquo;avant, il est transparent)<\/p>\n<p>Cadre en aluminium<\/p>\n<p>\u00e9tag\u00e8re en verre pour les bouteilles<\/p>\n<p>toit avec pommeau de douche central et \u00e9clairage<\/p>\n<p>syst\u00e8me de ventilation<\/p>\n<p>plateau de douche antid\u00e9rapant<\/p>\n<p>&nbsp;<\/p>\n","protected":false},"excerpt":{"rendered":"<p>Cabine de douche d&rsquo;hydromassage avec receveur de douche, disponible avec ouverture \u00e0 droite ou \u00e0 gauche. Caract\u00e9ris\u00e9e par une colonne de douche d&rsquo;hydromassage de couleur dor\u00e9e.<\/p>\n","protected":false},"featured_media":57224,"comment_status":"open","ping_status":"closed","template":"","meta":[],"product_brand":[5017],"product_cat":[9735],"product_tag":[],"class_list":{"0":"post-93309","1":"product","2":"type-product","3":"status-publish","4":"has-post-thumbnail","6":"product_brand-simba","7":"product_cat-cabine-d-39-hydromassage","9":"first","10":"instock","11":"sale","12":"taxable","13":"shipping-taxable","14":"purchasable","15":"product-type-simple"},"exclude_global_add_ons":false,"addons":[{"name":"Type","type":"multiple_choice","position":0,"required":true,"title_format":"heading","default":"","description_enable":false,"description":"","placeholder_enable":false,"placeholder":"","display":"select","restrictions_type":"any_text","adjust_price":false,"price":"","price_type":"flat_fee","restrictions":false,"min":"0","max":"0","options":[{"label":"c\u00f4t\u00e9 gauche","price":"","price_type":"quantity_based","image":0,"visibility":true},{"label":"c\u00f4t\u00e9 droit","price":"","price_type":"quantity_based","image":0,"visibility":true}],"id":1716473674}],"yoast_head":"<!-- This site is optimized with the Yoast SEO plugin v26.7 - https:\/\/yoast.com\/wordpress\/plugins\/seo\/ -->\n<title>Cabine d&#039;hydromassage 100x70 cm version droite ou gauche avec colonne d&#039;hydromassage dor\u00e9e CB087 - Bagno Italia<\/title>\n<meta name=\"description\" content=\"Hydromassage shower enclosure with shower tray, available with opening to the right or opening to the left. Characterized by a hydromassage shower column in gold color.\" \/>\n<meta name=\"robots\" content=\"index, follow, max-snippet:-1, max-image-preview:large, max-video-preview:-1\" \/>\n<link rel=\"canonical\" href=\"https:\/\/www.bagnoitalia.com\/fr\/produit\/hydromassage-cabin-100x70-cm-right-or-left-version-with-gold-colored-hydromassage-column-cb087.html\" \/>\n<meta property=\"og:locale\" content=\"fr_FR\" \/>\n<meta property=\"og:type\" content=\"article\" \/>\n<meta property=\"og:title\" content=\"Cabine d&#039;hydromassage 100x70 cm version droite ou gauche avec colonne d&#039;hydromassage dor\u00e9e CB087 - Bagno Italia\" \/>\n<meta property=\"og:description\" content=\"Hydromassage shower enclosure with shower tray, available with opening to the right or opening to the left. Characterized by a hydromassage shower column in gold color.\" \/>\n<meta property=\"og:url\" content=\"https:\/\/www.bagnoitalia.com\/fr\/produit\/hydromassage-cabin-100x70-cm-right-or-left-version-with-gold-colored-hydromassage-column-cb087.html\" \/>\n<meta property=\"og:site_name\" content=\"Bagno Italia\" \/>\n<meta property=\"article:modified_time\" content=\"2024-10-22T13:21:17+00:00\" \/>\n<meta property=\"og:image\" content=\"https:\/\/img.bagnoitalia.com\/wp-content\/uploads\/virtuemart\/product\/hydromassage-cabin-100x70-cm-right-left.jpg\" \/>\n\t<meta property=\"og:image:width\" content=\"550\" \/>\n\t<meta property=\"og:image:height\" content=\"550\" \/>\n\t<meta property=\"og:image:type\" content=\"image\/jpeg\" \/>\n<meta name=\"twitter:card\" content=\"summary_large_image\" \/>\n<meta name=\"twitter:label1\" content=\"Dur\u00e9e de lecture estim\u00e9e\" \/>\n\t<meta name=\"twitter:data1\" content=\"1 minute\" \/>\n<script type=\"application\/ld+json\" class=\"yoast-schema-graph\">{\"@context\":\"https:\/\/schema.org\",\"@graph\":[{\"@type\":\"WebPage\",\"@id\":\"https:\/\/www.bagnoitalia.com\/fr\/produit\/hydromassage-cabin-100x70-cm-right-or-left-version-with-gold-colored-hydromassage-column-cb087.html\",\"url\":\"https:\/\/www.bagnoitalia.com\/fr\/produit\/hydromassage-cabin-100x70-cm-right-or-left-version-with-gold-colored-hydromassage-column-cb087.html\",\"name\":\"Cabine d'hydromassage 100x70 cm version droite ou gauche avec colonne d'hydromassage dor\u00e9e CB087 - Bagno Italia\",\"isPartOf\":{\"@id\":\"https:\/\/www.bagnoitalia.com\/fr#website\"},\"primaryImageOfPage\":{\"@id\":\"https:\/\/www.bagnoitalia.com\/fr\/produit\/hydromassage-cabin-100x70-cm-right-or-left-version-with-gold-colored-hydromassage-column-cb087.html#primaryimage\"},\"image\":{\"@id\":\"https:\/\/www.bagnoitalia.com\/fr\/produit\/hydromassage-cabin-100x70-cm-right-or-left-version-with-gold-colored-hydromassage-column-cb087.html#primaryimage\"},\"thumbnailUrl\":\"https:\/\/img.bagnoitalia.com\/wp-content\/uploads\/virtuemart\/product\/hydromassage-cabin-100x70-cm-right-left.jpg\",\"datePublished\":\"2022-09-15T11:36:31+00:00\",\"dateModified\":\"2024-10-22T13:21:17+00:00\",\"description\":\"Hydromassage shower enclosure with shower tray, available with opening to the right or opening to the left. Characterized by a hydromassage shower column in gold color.\",\"breadcrumb\":{\"@id\":\"https:\/\/www.bagnoitalia.com\/fr\/produit\/hydromassage-cabin-100x70-cm-right-or-left-version-with-gold-colored-hydromassage-column-cb087.html#breadcrumb\"},\"inLanguage\":\"fr-FR\",\"potentialAction\":[{\"@type\":\"ReadAction\",\"target\":[\"https:\/\/www.bagnoitalia.com\/fr\/produit\/hydromassage-cabin-100x70-cm-right-or-left-version-with-gold-colored-hydromassage-column-cb087.html\"]}]},{\"@type\":\"ImageObject\",\"inLanguage\":\"fr-FR\",\"@id\":\"https:\/\/www.bagnoitalia.com\/fr\/produit\/hydromassage-cabin-100x70-cm-right-or-left-version-with-gold-colored-hydromassage-column-cb087.html#primaryimage\",\"url\":\"https:\/\/img.bagnoitalia.com\/wp-content\/uploads\/virtuemart\/product\/hydromassage-cabin-100x70-cm-right-left.jpg\",\"contentUrl\":\"https:\/\/img.bagnoitalia.com\/wp-content\/uploads\/virtuemart\/product\/hydromassage-cabin-100x70-cm-right-left.jpg\",\"width\":550,\"height\":550},{\"@type\":\"BreadcrumbList\",\"@id\":\"https:\/\/www.bagnoitalia.com\/fr\/produit\/hydromassage-cabin-100x70-cm-right-or-left-version-with-gold-colored-hydromassage-column-cb087.html#breadcrumb\",\"itemListElement\":[{\"@type\":\"ListItem\",\"position\":1,\"name\":\"Home\",\"item\":\"https:\/\/www.bagnoitalia.com\/fr\"},{\"@type\":\"ListItem\",\"position\":2,\"name\":\"Produits\",\"item\":\"https:\/\/www.bagnoitalia.com\/fr\/shop\"},{\"@type\":\"ListItem\",\"position\":3,\"name\":\"Cabine d&#8217;hydromassage 100&#215;70 cm version droite ou gauche avec colonne d&#8217;hydromassage dor\u00e9e CB087\"}]},{\"@type\":\"WebSite\",\"@id\":\"https:\/\/www.bagnoitalia.com\/fr#website\",\"url\":\"https:\/\/www.bagnoitalia.com\/fr\",\"name\":\"Bagno Italia\",\"description\":\"\",\"publisher\":{\"@id\":\"https:\/\/www.bagnoitalia.com\/fr#organization\"},\"potentialAction\":[{\"@type\":\"SearchAction\",\"target\":{\"@type\":\"EntryPoint\",\"urlTemplate\":\"https:\/\/www.bagnoitalia.com\/fr?s={search_term_string}\"},\"query-input\":{\"@type\":\"PropertyValueSpecification\",\"valueRequired\":true,\"valueName\":\"search_term_string\"}}],\"inLanguage\":\"fr-FR\"},{\"@type\":\"Organization\",\"@id\":\"https:\/\/www.bagnoitalia.com\/fr#organization\",\"name\":\"Bagno Italia\",\"url\":\"https:\/\/www.bagnoitalia.com\/fr\",\"logo\":{\"@type\":\"ImageObject\",\"inLanguage\":\"fr-FR\",\"@id\":\"https:\/\/www.bagnoitalia.com\/fr#\/schema\/logo\/image\/\",\"url\":\"https:\/\/img.bagnoitalia.com\/wp-content\/uploads\/logo-bagnoitalia.webp\",\"contentUrl\":\"https:\/\/img.bagnoitalia.com\/wp-content\/uploads\/logo-bagnoitalia.webp\",\"width\":400,\"height\":70,\"caption\":\"Bagno Italia\"},\"image\":{\"@id\":\"https:\/\/www.bagnoitalia.com\/fr#\/schema\/logo\/image\/\"}}]}<\/script>\n<!-- \/ Yoast SEO plugin. -->","yoast_head_json":{"title":"Cabine d'hydromassage 100x70 cm version droite ou gauche avec colonne d'hydromassage dor\u00e9e CB087 - Bagno Italia","description":"Hydromassage shower enclosure with shower tray, available with opening to the right or opening to the left. Characterized by a hydromassage shower column in gold color.","robots":{"index":"index","follow":"follow","max-snippet":"max-snippet:-1","max-image-preview":"max-image-preview:large","max-video-preview":"max-video-preview:-1"},"canonical":"https:\/\/www.bagnoitalia.com\/fr\/produit\/hydromassage-cabin-100x70-cm-right-or-left-version-with-gold-colored-hydromassage-column-cb087.html","og_locale":"fr_FR","og_type":"article","og_title":"Cabine d'hydromassage 100x70 cm version droite ou gauche avec colonne d'hydromassage dor\u00e9e CB087 - Bagno Italia","og_description":"Hydromassage shower enclosure with shower tray, available with opening to the right or opening to the left. Characterized by a hydromassage shower column in gold color.","og_url":"https:\/\/www.bagnoitalia.com\/fr\/produit\/hydromassage-cabin-100x70-cm-right-or-left-version-with-gold-colored-hydromassage-column-cb087.html","og_site_name":"Bagno Italia","article_modified_time":"2024-10-22T13:21:17+00:00","og_image":[{"width":550,"height":550,"url":"https:\/\/img.bagnoitalia.com\/wp-content\/uploads\/virtuemart\/product\/hydromassage-cabin-100x70-cm-right-left.jpg","type":"image\/jpeg"}],"twitter_card":"summary_large_image","twitter_misc":{"Dur\u00e9e de lecture estim\u00e9e":"1 minute"},"schema":{"@context":"https:\/\/schema.org","@graph":[{"@type":"WebPage","@id":"https:\/\/www.bagnoitalia.com\/fr\/produit\/hydromassage-cabin-100x70-cm-right-or-left-version-with-gold-colored-hydromassage-column-cb087.html","url":"https:\/\/www.bagnoitalia.com\/fr\/produit\/hydromassage-cabin-100x70-cm-right-or-left-version-with-gold-colored-hydromassage-column-cb087.html","name":"Cabine d'hydromassage 100x70 cm version droite ou gauche avec colonne d'hydromassage dor\u00e9e CB087 - Bagno Italia","isPartOf":{"@id":"https:\/\/www.bagnoitalia.com\/fr#website"},"primaryImageOfPage":{"@id":"https:\/\/www.bagnoitalia.com\/fr\/produit\/hydromassage-cabin-100x70-cm-right-or-left-version-with-gold-colored-hydromassage-column-cb087.html#primaryimage"},"image":{"@id":"https:\/\/www.bagnoitalia.com\/fr\/produit\/hydromassage-cabin-100x70-cm-right-or-left-version-with-gold-colored-hydromassage-column-cb087.html#primaryimage"},"thumbnailUrl":"https:\/\/img.bagnoitalia.com\/wp-content\/uploads\/virtuemart\/product\/hydromassage-cabin-100x70-cm-right-left.jpg","datePublished":"2022-09-15T11:36:31+00:00","dateModified":"2024-10-22T13:21:17+00:00","description":"Hydromassage shower enclosure with shower tray, available with opening to the right or opening to the left. Characterized by a hydromassage shower column in gold color.","breadcrumb":{"@id":"https:\/\/www.bagnoitalia.com\/fr\/produit\/hydromassage-cabin-100x70-cm-right-or-left-version-with-gold-colored-hydromassage-column-cb087.html#breadcrumb"},"inLanguage":"fr-FR","potentialAction":[{"@type":"ReadAction","target":["https:\/\/www.bagnoitalia.com\/fr\/produit\/hydromassage-cabin-100x70-cm-right-or-left-version-with-gold-colored-hydromassage-column-cb087.html"]}]},{"@type":"ImageObject","inLanguage":"fr-FR","@id":"https:\/\/www.bagnoitalia.com\/fr\/produit\/hydromassage-cabin-100x70-cm-right-or-left-version-with-gold-colored-hydromassage-column-cb087.html#primaryimage","url":"https:\/\/img.bagnoitalia.com\/wp-content\/uploads\/virtuemart\/product\/hydromassage-cabin-100x70-cm-right-left.jpg","contentUrl":"https:\/\/img.bagnoitalia.com\/wp-content\/uploads\/virtuemart\/product\/hydromassage-cabin-100x70-cm-right-left.jpg","width":550,"height":550},{"@type":"BreadcrumbList","@id":"https:\/\/www.bagnoitalia.com\/fr\/produit\/hydromassage-cabin-100x70-cm-right-or-left-version-with-gold-colored-hydromassage-column-cb087.html#breadcrumb","itemListElement":[{"@type":"ListItem","position":1,"name":"Home","item":"https:\/\/www.bagnoitalia.com\/fr"},{"@type":"ListItem","position":2,"name":"Produits","item":"https:\/\/www.bagnoitalia.com\/fr\/shop"},{"@type":"ListItem","position":3,"name":"Cabine d&#8217;hydromassage 100&#215;70 cm version droite ou gauche avec colonne d&#8217;hydromassage dor\u00e9e CB087"}]},{"@type":"WebSite","@id":"https:\/\/www.bagnoitalia.com\/fr#website","url":"https:\/\/www.bagnoitalia.com\/fr","name":"Bagno Italia","description":"","publisher":{"@id":"https:\/\/www.bagnoitalia.com\/fr#organization"},"potentialAction":[{"@type":"SearchAction","target":{"@type":"EntryPoint","urlTemplate":"https:\/\/www.bagnoitalia.com\/fr?s={search_term_string}"},"query-input":{"@type":"PropertyValueSpecification","valueRequired":true,"valueName":"search_term_string"}}],"inLanguage":"fr-FR"},{"@type":"Organization","@id":"https:\/\/www.bagnoitalia.com\/fr#organization","name":"Bagno Italia","url":"https:\/\/www.bagnoitalia.com\/fr","logo":{"@type":"ImageObject","inLanguage":"fr-FR","@id":"https:\/\/www.bagnoitalia.com\/fr#\/schema\/logo\/image\/","url":"https:\/\/img.bagnoitalia.com\/wp-content\/uploads\/logo-bagnoitalia.webp","contentUrl":"https:\/\/img.bagnoitalia.com\/wp-content\/uploads\/logo-bagnoitalia.webp","width":400,"height":70,"caption":"Bagno Italia"},"image":{"@id":"https:\/\/www.bagnoitalia.com\/fr#\/schema\/logo\/image\/"}}]}},"_links":{"self":[{"href":"https:\/\/www.bagnoitalia.com\/fr\/wp-json\/wp\/v2\/product\/93309","targetHints":{"allow":["GET"]}}],"collection":[{"href":"https:\/\/www.bagnoitalia.com\/fr\/wp-json\/wp\/v2\/product"}],"about":[{"href":"https:\/\/www.bagnoitalia.com\/fr\/wp-json\/wp\/v2\/types\/product"}],"replies":[{"embeddable":true,"href":"https:\/\/www.bagnoitalia.com\/fr\/wp-json\/wp\/v2\/comments?post=93309"}],"version-history":[{"count":3,"href":"https:\/\/www.bagnoitalia.com\/fr\/wp-json\/wp\/v2\/product\/93309\/revisions"}],"predecessor-version":[{"id":95285,"href":"https:\/\/www.bagnoitalia.com\/fr\/wp-json\/wp\/v2\/product\/93309\/revisions\/95285"}],"wp:featuredmedia":[{"embeddable":true,"href":"https:\/\/www.bagnoitalia.com\/fr\/wp-json\/wp\/v2\/media\/57224"}],"wp:attachment":[{"href":"https:\/\/www.bagnoitalia.com\/fr\/wp-json\/wp\/v2\/media?parent=93309"}],"wp:term":[{"taxonomy":"product_brand","embeddable":true,"href":"https:\/\/www.bagnoitalia.com\/fr\/wp-json\/wp\/v2\/product_brand?post=93309"},{"taxonomy":"product_cat","embeddable":true,"href":"https:\/\/www.bagnoitalia.com\/fr\/wp-json\/wp\/v2\/product_cat?post=93309"},{"taxonomy":"product_tag","embeddable":true,"href":"https:\/\/www.bagnoitalia.com\/fr\/wp-json\/wp\/v2\/product_tag?post=93309"}],"curies":[{"name":"wp","href":"https:\/\/api.w.org\/{rel}","templated":true}]}}