{"id":93302,"date":"2022-09-15T13:41:59","date_gmt":"2022-09-15T11:41:59","guid":{"rendered":"https:\/\/www.bagnoitalia.com\/product\/semi-circular-hydromassage-cabin-90x90-cm-or-100x100-cm-6-jets-radio-and-chromotherapy-cb088"},"modified":"2024-10-22T15:16:04","modified_gmt":"2024-10-22T13:16:04","slug":"semi-circular-hydromassage-cabin-90x90-cm-or-100x100-cm-6-jets-radio-and-chromotherapy-cb088","status":"publish","type":"product","link":"https:\/\/www.bagnoitalia.com\/fr\/produit\/semi-circular-hydromassage-cabin-90x90-cm-or-100x100-cm-6-jets-radio-and-chromotherapy-cb088.html","title":{"rendered":"Cabine d&rsquo;hydromassage semi-circulaire 90&#215;90 cm ou 100&#215;100 cm 6 jets radio et chromoth\u00e9rapie CB088"},"content":{"rendered":"<p>Cabine d&rsquo;hydromassage semi-circulaire CB088<\/p>\n<p>&nbsp;<\/p>\n<p>D\u00c9TAILS DU PRODUIT<\/p>\n<p>Cabine de douche d&rsquo;hydromassage disponible en deux dimensions :<\/p>\n<p>&#8211; 90x90xH215 cm<\/p>\n<p>&#8211; 100x100xH215 cm<\/p>\n<p>Receveur de douche<\/p>\n<p>Massage des pieds<\/p>\n<p>Colonne de douche avec 6 jets d&rsquo;hydromassage<\/p>\n<p>12 spots led pour la chromoth\u00e9rapie<\/p>\n<p>Toit avec pommeau de douche, \u00e9clairage et haut-parleurs<\/p>\n<p>Douche lat\u00e9rale<\/p>\n<p>Panneau de contr\u00f4le<\/p>\n<p>Radio<\/p>\n<p>Double \u00e9tag\u00e8re en verre pour bouteilles<\/p>\n<p>Double distributeur de savon<\/p>\n<p>Poign\u00e9e int\u00e9rieure<\/p>\n<p>Syst\u00e8me de ventilation<\/p>\n<p>&nbsp;<\/p>\n","protected":false},"excerpt":{"rendered":"<p>Cabine de douche avec colonne d&rsquo;hydromassage \u00e0 6 jets et receveur de douche. Disponible en deux tailles. Compl\u00e8te avec massage des pieds, \u00e9clairage LED et si\u00e8ge confortable.<\/p>\n","protected":false},"featured_media":57269,"comment_status":"open","ping_status":"closed","template":"","meta":[],"product_brand":[5017],"product_cat":[9735],"product_tag":[],"class_list":{"0":"post-93302","1":"product","2":"type-product","3":"status-publish","4":"has-post-thumbnail","6":"product_brand-simba","7":"product_cat-cabine-d-39-hydromassage","9":"first","10":"instock","11":"sale","12":"taxable","13":"shipping-taxable","14":"purchasable","15":"product-type-simple"},"exclude_global_add_ons":false,"addons":[{"name":"dimensions","type":"multiple_choice","position":0,"required":true,"title_format":"heading","default":"","description_enable":false,"description":"","placeholder_enable":false,"placeholder":"","display":"select","restrictions_type":"any_text","adjust_price":false,"price":"","price_type":"flat_fee","restrictions":false,"min":"0","max":"0","options":[{"label":"90x90 cm","price":"","price_type":"quantity_based","image":0,"visibility":true},{"label":"100x100 cm","price":"100","price_type":"quantity_based","image":0,"visibility":true}],"id":1716464659}],"yoast_head":"<!-- This site is optimized with the Yoast SEO plugin v26.7 - https:\/\/yoast.com\/wordpress\/plugins\/seo\/ -->\n<title>Cabine d&#039;hydromassage semi-circulaire 90x90 cm ou 100x100 cm 6 jets radio et chromoth\u00e9rapie CB088 - Bagno Italia<\/title>\n<meta name=\"description\" content=\"Shower enclosure with 6-jet hydromassage column and shower tray. Available in two sizes. Complete with foot massage, LED lights and comfortable seat.\" \/>\n<meta name=\"robots\" content=\"index, follow, max-snippet:-1, max-image-preview:large, max-video-preview:-1\" \/>\n<link rel=\"canonical\" href=\"https:\/\/www.bagnoitalia.com\/fr\/produit\/semi-circular-hydromassage-cabin-90x90-cm-or-100x100-cm-6-jets-radio-and-chromotherapy-cb088.html\" \/>\n<meta property=\"og:locale\" content=\"fr_FR\" \/>\n<meta property=\"og:type\" content=\"article\" \/>\n<meta property=\"og:title\" content=\"Cabine d&#039;hydromassage semi-circulaire 90x90 cm ou 100x100 cm 6 jets radio et chromoth\u00e9rapie CB088 - Bagno Italia\" \/>\n<meta property=\"og:description\" content=\"Shower enclosure with 6-jet hydromassage column and shower tray. Available in two sizes. Complete with foot massage, LED lights and comfortable seat.\" \/>\n<meta property=\"og:url\" content=\"https:\/\/www.bagnoitalia.com\/fr\/produit\/semi-circular-hydromassage-cabin-90x90-cm-or-100x100-cm-6-jets-radio-and-chromotherapy-cb088.html\" \/>\n<meta property=\"og:site_name\" content=\"Bagno Italia\" \/>\n<meta property=\"article:modified_time\" content=\"2024-10-22T13:16:04+00:00\" \/>\n<meta property=\"og:image\" content=\"https:\/\/img.bagnoitalia.com\/wp-content\/uploads\/virtuemart\/product\/semi-circular-hydromassage-cabin.jpg\" \/>\n\t<meta property=\"og:image:width\" content=\"550\" \/>\n\t<meta property=\"og:image:height\" content=\"550\" \/>\n\t<meta property=\"og:image:type\" content=\"image\/jpeg\" \/>\n<meta name=\"twitter:card\" content=\"summary_large_image\" \/>\n<meta name=\"twitter:label1\" content=\"Dur\u00e9e de lecture estim\u00e9e\" \/>\n\t<meta name=\"twitter:data1\" content=\"1 minute\" \/>\n<script type=\"application\/ld+json\" class=\"yoast-schema-graph\">{\"@context\":\"https:\/\/schema.org\",\"@graph\":[{\"@type\":\"WebPage\",\"@id\":\"https:\/\/www.bagnoitalia.com\/fr\/produit\/semi-circular-hydromassage-cabin-90x90-cm-or-100x100-cm-6-jets-radio-and-chromotherapy-cb088.html\",\"url\":\"https:\/\/www.bagnoitalia.com\/fr\/produit\/semi-circular-hydromassage-cabin-90x90-cm-or-100x100-cm-6-jets-radio-and-chromotherapy-cb088.html\",\"name\":\"Cabine d'hydromassage semi-circulaire 90x90 cm ou 100x100 cm 6 jets radio et chromoth\u00e9rapie CB088 - Bagno Italia\",\"isPartOf\":{\"@id\":\"https:\/\/www.bagnoitalia.com\/fr#website\"},\"primaryImageOfPage\":{\"@id\":\"https:\/\/www.bagnoitalia.com\/fr\/produit\/semi-circular-hydromassage-cabin-90x90-cm-or-100x100-cm-6-jets-radio-and-chromotherapy-cb088.html#primaryimage\"},\"image\":{\"@id\":\"https:\/\/www.bagnoitalia.com\/fr\/produit\/semi-circular-hydromassage-cabin-90x90-cm-or-100x100-cm-6-jets-radio-and-chromotherapy-cb088.html#primaryimage\"},\"thumbnailUrl\":\"https:\/\/img.bagnoitalia.com\/wp-content\/uploads\/virtuemart\/product\/semi-circular-hydromassage-cabin.jpg\",\"datePublished\":\"2022-09-15T11:41:59+00:00\",\"dateModified\":\"2024-10-22T13:16:04+00:00\",\"description\":\"Shower enclosure with 6-jet hydromassage column and shower tray. Available in two sizes. Complete with foot massage, LED lights and comfortable seat.\",\"breadcrumb\":{\"@id\":\"https:\/\/www.bagnoitalia.com\/fr\/produit\/semi-circular-hydromassage-cabin-90x90-cm-or-100x100-cm-6-jets-radio-and-chromotherapy-cb088.html#breadcrumb\"},\"inLanguage\":\"fr-FR\",\"potentialAction\":[{\"@type\":\"ReadAction\",\"target\":[\"https:\/\/www.bagnoitalia.com\/fr\/produit\/semi-circular-hydromassage-cabin-90x90-cm-or-100x100-cm-6-jets-radio-and-chromotherapy-cb088.html\"]}]},{\"@type\":\"ImageObject\",\"inLanguage\":\"fr-FR\",\"@id\":\"https:\/\/www.bagnoitalia.com\/fr\/produit\/semi-circular-hydromassage-cabin-90x90-cm-or-100x100-cm-6-jets-radio-and-chromotherapy-cb088.html#primaryimage\",\"url\":\"https:\/\/img.bagnoitalia.com\/wp-content\/uploads\/virtuemart\/product\/semi-circular-hydromassage-cabin.jpg\",\"contentUrl\":\"https:\/\/img.bagnoitalia.com\/wp-content\/uploads\/virtuemart\/product\/semi-circular-hydromassage-cabin.jpg\",\"width\":550,\"height\":550},{\"@type\":\"BreadcrumbList\",\"@id\":\"https:\/\/www.bagnoitalia.com\/fr\/produit\/semi-circular-hydromassage-cabin-90x90-cm-or-100x100-cm-6-jets-radio-and-chromotherapy-cb088.html#breadcrumb\",\"itemListElement\":[{\"@type\":\"ListItem\",\"position\":1,\"name\":\"Home\",\"item\":\"https:\/\/www.bagnoitalia.com\/fr\"},{\"@type\":\"ListItem\",\"position\":2,\"name\":\"Produits\",\"item\":\"https:\/\/www.bagnoitalia.com\/fr\/shop\"},{\"@type\":\"ListItem\",\"position\":3,\"name\":\"Cabine d&#8217;hydromassage semi-circulaire 90&#215;90 cm ou 100&#215;100 cm 6 jets radio et chromoth\u00e9rapie CB088\"}]},{\"@type\":\"WebSite\",\"@id\":\"https:\/\/www.bagnoitalia.com\/fr#website\",\"url\":\"https:\/\/www.bagnoitalia.com\/fr\",\"name\":\"Bagno Italia\",\"description\":\"\",\"publisher\":{\"@id\":\"https:\/\/www.bagnoitalia.com\/fr#organization\"},\"potentialAction\":[{\"@type\":\"SearchAction\",\"target\":{\"@type\":\"EntryPoint\",\"urlTemplate\":\"https:\/\/www.bagnoitalia.com\/fr?s={search_term_string}\"},\"query-input\":{\"@type\":\"PropertyValueSpecification\",\"valueRequired\":true,\"valueName\":\"search_term_string\"}}],\"inLanguage\":\"fr-FR\"},{\"@type\":\"Organization\",\"@id\":\"https:\/\/www.bagnoitalia.com\/fr#organization\",\"name\":\"Bagno Italia\",\"url\":\"https:\/\/www.bagnoitalia.com\/fr\",\"logo\":{\"@type\":\"ImageObject\",\"inLanguage\":\"fr-FR\",\"@id\":\"https:\/\/www.bagnoitalia.com\/fr#\/schema\/logo\/image\/\",\"url\":\"https:\/\/img.bagnoitalia.com\/wp-content\/uploads\/logo-bagnoitalia.webp\",\"contentUrl\":\"https:\/\/img.bagnoitalia.com\/wp-content\/uploads\/logo-bagnoitalia.webp\",\"width\":400,\"height\":70,\"caption\":\"Bagno Italia\"},\"image\":{\"@id\":\"https:\/\/www.bagnoitalia.com\/fr#\/schema\/logo\/image\/\"}}]}<\/script>\n<!-- \/ Yoast SEO plugin. -->","yoast_head_json":{"title":"Cabine d'hydromassage semi-circulaire 90x90 cm ou 100x100 cm 6 jets radio et chromoth\u00e9rapie CB088 - Bagno Italia","description":"Shower enclosure with 6-jet hydromassage column and shower tray. Available in two sizes. Complete with foot massage, LED lights and comfortable seat.","robots":{"index":"index","follow":"follow","max-snippet":"max-snippet:-1","max-image-preview":"max-image-preview:large","max-video-preview":"max-video-preview:-1"},"canonical":"https:\/\/www.bagnoitalia.com\/fr\/produit\/semi-circular-hydromassage-cabin-90x90-cm-or-100x100-cm-6-jets-radio-and-chromotherapy-cb088.html","og_locale":"fr_FR","og_type":"article","og_title":"Cabine d'hydromassage semi-circulaire 90x90 cm ou 100x100 cm 6 jets radio et chromoth\u00e9rapie CB088 - Bagno Italia","og_description":"Shower enclosure with 6-jet hydromassage column and shower tray. Available in two sizes. Complete with foot massage, LED lights and comfortable seat.","og_url":"https:\/\/www.bagnoitalia.com\/fr\/produit\/semi-circular-hydromassage-cabin-90x90-cm-or-100x100-cm-6-jets-radio-and-chromotherapy-cb088.html","og_site_name":"Bagno Italia","article_modified_time":"2024-10-22T13:16:04+00:00","og_image":[{"width":550,"height":550,"url":"https:\/\/img.bagnoitalia.com\/wp-content\/uploads\/virtuemart\/product\/semi-circular-hydromassage-cabin.jpg","type":"image\/jpeg"}],"twitter_card":"summary_large_image","twitter_misc":{"Dur\u00e9e de lecture estim\u00e9e":"1 minute"},"schema":{"@context":"https:\/\/schema.org","@graph":[{"@type":"WebPage","@id":"https:\/\/www.bagnoitalia.com\/fr\/produit\/semi-circular-hydromassage-cabin-90x90-cm-or-100x100-cm-6-jets-radio-and-chromotherapy-cb088.html","url":"https:\/\/www.bagnoitalia.com\/fr\/produit\/semi-circular-hydromassage-cabin-90x90-cm-or-100x100-cm-6-jets-radio-and-chromotherapy-cb088.html","name":"Cabine d'hydromassage semi-circulaire 90x90 cm ou 100x100 cm 6 jets radio et chromoth\u00e9rapie CB088 - Bagno Italia","isPartOf":{"@id":"https:\/\/www.bagnoitalia.com\/fr#website"},"primaryImageOfPage":{"@id":"https:\/\/www.bagnoitalia.com\/fr\/produit\/semi-circular-hydromassage-cabin-90x90-cm-or-100x100-cm-6-jets-radio-and-chromotherapy-cb088.html#primaryimage"},"image":{"@id":"https:\/\/www.bagnoitalia.com\/fr\/produit\/semi-circular-hydromassage-cabin-90x90-cm-or-100x100-cm-6-jets-radio-and-chromotherapy-cb088.html#primaryimage"},"thumbnailUrl":"https:\/\/img.bagnoitalia.com\/wp-content\/uploads\/virtuemart\/product\/semi-circular-hydromassage-cabin.jpg","datePublished":"2022-09-15T11:41:59+00:00","dateModified":"2024-10-22T13:16:04+00:00","description":"Shower enclosure with 6-jet hydromassage column and shower tray. Available in two sizes. Complete with foot massage, LED lights and comfortable seat.","breadcrumb":{"@id":"https:\/\/www.bagnoitalia.com\/fr\/produit\/semi-circular-hydromassage-cabin-90x90-cm-or-100x100-cm-6-jets-radio-and-chromotherapy-cb088.html#breadcrumb"},"inLanguage":"fr-FR","potentialAction":[{"@type":"ReadAction","target":["https:\/\/www.bagnoitalia.com\/fr\/produit\/semi-circular-hydromassage-cabin-90x90-cm-or-100x100-cm-6-jets-radio-and-chromotherapy-cb088.html"]}]},{"@type":"ImageObject","inLanguage":"fr-FR","@id":"https:\/\/www.bagnoitalia.com\/fr\/produit\/semi-circular-hydromassage-cabin-90x90-cm-or-100x100-cm-6-jets-radio-and-chromotherapy-cb088.html#primaryimage","url":"https:\/\/img.bagnoitalia.com\/wp-content\/uploads\/virtuemart\/product\/semi-circular-hydromassage-cabin.jpg","contentUrl":"https:\/\/img.bagnoitalia.com\/wp-content\/uploads\/virtuemart\/product\/semi-circular-hydromassage-cabin.jpg","width":550,"height":550},{"@type":"BreadcrumbList","@id":"https:\/\/www.bagnoitalia.com\/fr\/produit\/semi-circular-hydromassage-cabin-90x90-cm-or-100x100-cm-6-jets-radio-and-chromotherapy-cb088.html#breadcrumb","itemListElement":[{"@type":"ListItem","position":1,"name":"Home","item":"https:\/\/www.bagnoitalia.com\/fr"},{"@type":"ListItem","position":2,"name":"Produits","item":"https:\/\/www.bagnoitalia.com\/fr\/shop"},{"@type":"ListItem","position":3,"name":"Cabine d&#8217;hydromassage semi-circulaire 90&#215;90 cm ou 100&#215;100 cm 6 jets radio et chromoth\u00e9rapie CB088"}]},{"@type":"WebSite","@id":"https:\/\/www.bagnoitalia.com\/fr#website","url":"https:\/\/www.bagnoitalia.com\/fr","name":"Bagno Italia","description":"","publisher":{"@id":"https:\/\/www.bagnoitalia.com\/fr#organization"},"potentialAction":[{"@type":"SearchAction","target":{"@type":"EntryPoint","urlTemplate":"https:\/\/www.bagnoitalia.com\/fr?s={search_term_string}"},"query-input":{"@type":"PropertyValueSpecification","valueRequired":true,"valueName":"search_term_string"}}],"inLanguage":"fr-FR"},{"@type":"Organization","@id":"https:\/\/www.bagnoitalia.com\/fr#organization","name":"Bagno Italia","url":"https:\/\/www.bagnoitalia.com\/fr","logo":{"@type":"ImageObject","inLanguage":"fr-FR","@id":"https:\/\/www.bagnoitalia.com\/fr#\/schema\/logo\/image\/","url":"https:\/\/img.bagnoitalia.com\/wp-content\/uploads\/logo-bagnoitalia.webp","contentUrl":"https:\/\/img.bagnoitalia.com\/wp-content\/uploads\/logo-bagnoitalia.webp","width":400,"height":70,"caption":"Bagno Italia"},"image":{"@id":"https:\/\/www.bagnoitalia.com\/fr#\/schema\/logo\/image\/"}}]}},"_links":{"self":[{"href":"https:\/\/www.bagnoitalia.com\/fr\/wp-json\/wp\/v2\/product\/93302","targetHints":{"allow":["GET"]}}],"collection":[{"href":"https:\/\/www.bagnoitalia.com\/fr\/wp-json\/wp\/v2\/product"}],"about":[{"href":"https:\/\/www.bagnoitalia.com\/fr\/wp-json\/wp\/v2\/types\/product"}],"replies":[{"embeddable":true,"href":"https:\/\/www.bagnoitalia.com\/fr\/wp-json\/wp\/v2\/comments?post=93302"}],"version-history":[{"count":1,"href":"https:\/\/www.bagnoitalia.com\/fr\/wp-json\/wp\/v2\/product\/93302\/revisions"}],"predecessor-version":[{"id":93308,"href":"https:\/\/www.bagnoitalia.com\/fr\/wp-json\/wp\/v2\/product\/93302\/revisions\/93308"}],"wp:featuredmedia":[{"embeddable":true,"href":"https:\/\/www.bagnoitalia.com\/fr\/wp-json\/wp\/v2\/media\/57269"}],"wp:attachment":[{"href":"https:\/\/www.bagnoitalia.com\/fr\/wp-json\/wp\/v2\/media?parent=93302"}],"wp:term":[{"taxonomy":"product_brand","embeddable":true,"href":"https:\/\/www.bagnoitalia.com\/fr\/wp-json\/wp\/v2\/product_brand?post=93302"},{"taxonomy":"product_cat","embeddable":true,"href":"https:\/\/www.bagnoitalia.com\/fr\/wp-json\/wp\/v2\/product_cat?post=93302"},{"taxonomy":"product_tag","embeddable":true,"href":"https:\/\/www.bagnoitalia.com\/fr\/wp-json\/wp\/v2\/product_tag?post=93302"}],"curies":[{"name":"wp","href":"https:\/\/api.w.org\/{rel}","templated":true}]}}