{"id":93276,"date":"2020-01-16T11:12:35","date_gmt":"2020-01-16T10:12:35","guid":{"rendered":"https:\/\/www.bagnoitalia.com\/product\/rectangular-hydromassage-shower-cabin-with-shower-tray-120x80-with-bluetooth-function-cb070"},"modified":"2025-09-01T17:16:21","modified_gmt":"2025-09-01T15:16:21","slug":"rectangular-hydromassage-shower-cabin-with-shower-tray-120x80-with-bluetooth-function-cb070","status":"publish","type":"product","link":"https:\/\/www.bagnoitalia.com\/fr\/produit\/rectangular-hydromassage-shower-cabin-with-shower-tray-120x80-with-bluetooth-function-cb070.html","title":{"rendered":"Cabine de douche hydromassante rectangulaire avec receveur 120&#215;80 ou 130&#215;85 cm avec fonction bluetooth CB070"},"content":{"rendered":"<p>&nbsp;<\/p>\n<p>CB070 cabine de douche d&rsquo;hydromassage<\/p>\n<p>&nbsp;<\/p>\n<p>Mod\u00e8les disponibles<\/p>\n<p>120 x 80 x H215 cm<\/p>\n<p>130 x 85 x H215 cm<\/p>\n<p>130 x 85 x H215 cm avec hammam<\/p>\n<p>&nbsp;<\/p>\n<p>D\u00c9TAILS DU PRODUIT :<\/p>\n<p>Receveur de douche avec fond antid\u00e9rapant<\/p>\n<p>Verre fum\u00e9 anti-casse de 6,5 mm<\/p>\n<p>6 jets le long de la colonne de douche<\/p>\n<p>Bluetooth<\/p>\n<p>Ozonoth\u00e9rapie<\/p>\n<p>Radio FM<\/p>\n<p>Panneau de commande \u00e0 \u00e9cran tactile<\/p>\n<p>Toit avec \u00e9clairage<\/p>\n<p>Chromoth\u00e9rapie avec 7 variations de lumi\u00e8res LED<\/p>\n<p>Porte-bouteille<\/p>\n<p>Porte-serviettes<\/p>\n<p>Douche centrale et douche lat\u00e9rale<\/p>\n<p>Massage des pieds<\/p>\n<p>T\u00e9l\u00e9phone mains libres<\/p>\n<p>Haut-parleur<\/p>\n<p>Assis sous la colonne de douche<\/p>\n<p>&nbsp;<\/p>\n<p>MAT\u00c9RIAUX :<\/p>\n<p>douche en acier chrom\u00e9<\/p>\n<p>Plaque ABS renforc\u00e9e par trois couches de r\u00e9sine<\/p>\n<p>Colonnes en aluminium satin\u00e9<\/p>\n<p>Poign\u00e9es en m\u00e9tal chrom\u00e9<\/p>\n<p>Tablette en verre<\/p>\n<p>&nbsp;<\/p>\n","protected":false},"excerpt":{"rendered":"<p>Cabine de douche hydromassante avec 6 jets, hauteur 215 cm. Fonctions principales : bluetooth, chromoth\u00e9rapie, radio, haut-parleur, ozonoth\u00e9rapie, massage des pieds.<\/p>\n","protected":false},"featured_media":45106,"comment_status":"open","ping_status":"closed","template":"","meta":[],"product_brand":[9924],"product_cat":[9735],"product_tag":[],"class_list":{"0":"post-93276","1":"product","2":"type-product","3":"status-publish","4":"has-post-thumbnail","6":"product_brand-predator-arredo-casa-fr","7":"product_cat-cabine-d-39-hydromassage","9":"first","10":"instock","11":"sale","12":"taxable","13":"shipping-taxable","14":"purchasable","15":"product-type-simple"},"exclude_global_add_ons":false,"addons":[{"name":"dimensions","type":"multiple_choice","position":0,"required":true,"title_format":"heading","default":"","description_enable":false,"description":"","placeholder_enable":false,"placeholder":"","display":"select","restrictions_type":"any_text","adjust_price":false,"price":"","price_type":"flat_fee","restrictions":false,"min":"0","max":"0","options":[{"label":"120x80 cm","price":"","price_type":"quantity_based","image":0,"visibility":true},{"label":"130x85 cm","price":"60","price_type":"quantity_based","image":0,"visibility":true},{"label":"130x85 cm avec hammam","price":"245","price_type":"quantity_based","image":0,"visibility":true}],"id":1716459930}],"yoast_head":"<!-- This site is optimized with the Yoast SEO plugin v26.7 - https:\/\/yoast.com\/wordpress\/plugins\/seo\/ -->\n<title>Rectangular hydromassage shower cabin with shower tray 120x80 with bluetooth function CB070<\/title>\n<meta name=\"description\" content=\"Hydromassage shower box with 6 jets, height 215 cm. Main functions: bluetooth, chromotherapy, radio, speakerphone, ozone therapy, foot massage.\" \/>\n<meta name=\"robots\" content=\"index, follow, max-snippet:-1, max-image-preview:large, max-video-preview:-1\" \/>\n<link rel=\"canonical\" href=\"https:\/\/www.bagnoitalia.com\/fr\/produit\/rectangular-hydromassage-shower-cabin-with-shower-tray-120x80-with-bluetooth-function-cb070.html\" \/>\n<meta property=\"og:locale\" content=\"fr_FR\" \/>\n<meta property=\"og:type\" content=\"article\" \/>\n<meta property=\"og:title\" content=\"Rectangular hydromassage shower cabin with shower tray 120x80 with bluetooth function CB070\" \/>\n<meta property=\"og:description\" content=\"Hydromassage shower box with 6 jets, height 215 cm. Main functions: bluetooth, chromotherapy, radio, speakerphone, ozone therapy, foot massage.\" \/>\n<meta property=\"og:url\" content=\"https:\/\/www.bagnoitalia.com\/fr\/produit\/rectangular-hydromassage-shower-cabin-with-shower-tray-120x80-with-bluetooth-function-cb070.html\" \/>\n<meta property=\"og:site_name\" content=\"Bagno Italia\" \/>\n<meta property=\"article:modified_time\" content=\"2025-09-01T15:16:21+00:00\" \/>\n<meta property=\"og:image\" content=\"https:\/\/img.bagnoitalia.com\/wp-content\/uploads\/virtuemart\/product\/hydromassage-shower-cabin-with-shower-tray-120x80-5555_1579173200_731.jpg\" \/>\n\t<meta property=\"og:image:width\" content=\"550\" \/>\n\t<meta property=\"og:image:height\" content=\"550\" \/>\n\t<meta property=\"og:image:type\" content=\"image\/jpeg\" \/>\n<meta name=\"twitter:card\" content=\"summary_large_image\" \/>\n<meta name=\"twitter:label1\" content=\"Dur\u00e9e de lecture estim\u00e9e\" \/>\n\t<meta name=\"twitter:data1\" content=\"1 minute\" \/>\n<script type=\"application\/ld+json\" class=\"yoast-schema-graph\">{\"@context\":\"https:\/\/schema.org\",\"@graph\":[{\"@type\":\"WebPage\",\"@id\":\"https:\/\/www.bagnoitalia.com\/fr\/produit\/rectangular-hydromassage-shower-cabin-with-shower-tray-120x80-with-bluetooth-function-cb070.html\",\"url\":\"https:\/\/www.bagnoitalia.com\/fr\/produit\/rectangular-hydromassage-shower-cabin-with-shower-tray-120x80-with-bluetooth-function-cb070.html\",\"name\":\"Rectangular hydromassage shower cabin with shower tray 120x80 with bluetooth function CB070\",\"isPartOf\":{\"@id\":\"https:\/\/www.bagnoitalia.com\/fr#website\"},\"primaryImageOfPage\":{\"@id\":\"https:\/\/www.bagnoitalia.com\/fr\/produit\/rectangular-hydromassage-shower-cabin-with-shower-tray-120x80-with-bluetooth-function-cb070.html#primaryimage\"},\"image\":{\"@id\":\"https:\/\/www.bagnoitalia.com\/fr\/produit\/rectangular-hydromassage-shower-cabin-with-shower-tray-120x80-with-bluetooth-function-cb070.html#primaryimage\"},\"thumbnailUrl\":\"https:\/\/img.bagnoitalia.com\/wp-content\/uploads\/virtuemart\/product\/hydromassage-shower-cabin-with-shower-tray-120x80-5555_1579173200_731.jpg\",\"datePublished\":\"2020-01-16T10:12:35+00:00\",\"dateModified\":\"2025-09-01T15:16:21+00:00\",\"description\":\"Hydromassage shower box with 6 jets, height 215 cm. Main functions: bluetooth, chromotherapy, radio, speakerphone, ozone therapy, foot massage.\",\"breadcrumb\":{\"@id\":\"https:\/\/www.bagnoitalia.com\/fr\/produit\/rectangular-hydromassage-shower-cabin-with-shower-tray-120x80-with-bluetooth-function-cb070.html#breadcrumb\"},\"inLanguage\":\"fr-FR\",\"potentialAction\":[{\"@type\":\"ReadAction\",\"target\":[\"https:\/\/www.bagnoitalia.com\/fr\/produit\/rectangular-hydromassage-shower-cabin-with-shower-tray-120x80-with-bluetooth-function-cb070.html\"]}]},{\"@type\":\"ImageObject\",\"inLanguage\":\"fr-FR\",\"@id\":\"https:\/\/www.bagnoitalia.com\/fr\/produit\/rectangular-hydromassage-shower-cabin-with-shower-tray-120x80-with-bluetooth-function-cb070.html#primaryimage\",\"url\":\"https:\/\/img.bagnoitalia.com\/wp-content\/uploads\/virtuemart\/product\/hydromassage-shower-cabin-with-shower-tray-120x80-5555_1579173200_731.jpg\",\"contentUrl\":\"https:\/\/img.bagnoitalia.com\/wp-content\/uploads\/virtuemart\/product\/hydromassage-shower-cabin-with-shower-tray-120x80-5555_1579173200_731.jpg\",\"width\":550,\"height\":550},{\"@type\":\"BreadcrumbList\",\"@id\":\"https:\/\/www.bagnoitalia.com\/fr\/produit\/rectangular-hydromassage-shower-cabin-with-shower-tray-120x80-with-bluetooth-function-cb070.html#breadcrumb\",\"itemListElement\":[{\"@type\":\"ListItem\",\"position\":1,\"name\":\"Home\",\"item\":\"https:\/\/www.bagnoitalia.com\/fr\"},{\"@type\":\"ListItem\",\"position\":2,\"name\":\"Produits\",\"item\":\"https:\/\/www.bagnoitalia.com\/fr\/shop\"},{\"@type\":\"ListItem\",\"position\":3,\"name\":\"Cabine de douche hydromassante rectangulaire avec receveur 120&#215;80 ou 130&#215;85 cm avec fonction bluetooth CB070\"}]},{\"@type\":\"WebSite\",\"@id\":\"https:\/\/www.bagnoitalia.com\/fr#website\",\"url\":\"https:\/\/www.bagnoitalia.com\/fr\",\"name\":\"Bagno Italia\",\"description\":\"\",\"publisher\":{\"@id\":\"https:\/\/www.bagnoitalia.com\/fr#organization\"},\"potentialAction\":[{\"@type\":\"SearchAction\",\"target\":{\"@type\":\"EntryPoint\",\"urlTemplate\":\"https:\/\/www.bagnoitalia.com\/fr?s={search_term_string}\"},\"query-input\":{\"@type\":\"PropertyValueSpecification\",\"valueRequired\":true,\"valueName\":\"search_term_string\"}}],\"inLanguage\":\"fr-FR\"},{\"@type\":\"Organization\",\"@id\":\"https:\/\/www.bagnoitalia.com\/fr#organization\",\"name\":\"Bagno Italia\",\"url\":\"https:\/\/www.bagnoitalia.com\/fr\",\"logo\":{\"@type\":\"ImageObject\",\"inLanguage\":\"fr-FR\",\"@id\":\"https:\/\/www.bagnoitalia.com\/fr#\/schema\/logo\/image\/\",\"url\":\"https:\/\/img.bagnoitalia.com\/wp-content\/uploads\/logo-bagnoitalia.webp\",\"contentUrl\":\"https:\/\/img.bagnoitalia.com\/wp-content\/uploads\/logo-bagnoitalia.webp\",\"width\":400,\"height\":70,\"caption\":\"Bagno Italia\"},\"image\":{\"@id\":\"https:\/\/www.bagnoitalia.com\/fr#\/schema\/logo\/image\/\"}}]}<\/script>\n<!-- \/ Yoast SEO plugin. -->","yoast_head_json":{"title":"Rectangular hydromassage shower cabin with shower tray 120x80 with bluetooth function CB070","description":"Hydromassage shower box with 6 jets, height 215 cm. Main functions: bluetooth, chromotherapy, radio, speakerphone, ozone therapy, foot massage.","robots":{"index":"index","follow":"follow","max-snippet":"max-snippet:-1","max-image-preview":"max-image-preview:large","max-video-preview":"max-video-preview:-1"},"canonical":"https:\/\/www.bagnoitalia.com\/fr\/produit\/rectangular-hydromassage-shower-cabin-with-shower-tray-120x80-with-bluetooth-function-cb070.html","og_locale":"fr_FR","og_type":"article","og_title":"Rectangular hydromassage shower cabin with shower tray 120x80 with bluetooth function CB070","og_description":"Hydromassage shower box with 6 jets, height 215 cm. Main functions: bluetooth, chromotherapy, radio, speakerphone, ozone therapy, foot massage.","og_url":"https:\/\/www.bagnoitalia.com\/fr\/produit\/rectangular-hydromassage-shower-cabin-with-shower-tray-120x80-with-bluetooth-function-cb070.html","og_site_name":"Bagno Italia","article_modified_time":"2025-09-01T15:16:21+00:00","og_image":[{"width":550,"height":550,"url":"https:\/\/img.bagnoitalia.com\/wp-content\/uploads\/virtuemart\/product\/hydromassage-shower-cabin-with-shower-tray-120x80-5555_1579173200_731.jpg","type":"image\/jpeg"}],"twitter_card":"summary_large_image","twitter_misc":{"Dur\u00e9e de lecture estim\u00e9e":"1 minute"},"schema":{"@context":"https:\/\/schema.org","@graph":[{"@type":"WebPage","@id":"https:\/\/www.bagnoitalia.com\/fr\/produit\/rectangular-hydromassage-shower-cabin-with-shower-tray-120x80-with-bluetooth-function-cb070.html","url":"https:\/\/www.bagnoitalia.com\/fr\/produit\/rectangular-hydromassage-shower-cabin-with-shower-tray-120x80-with-bluetooth-function-cb070.html","name":"Rectangular hydromassage shower cabin with shower tray 120x80 with bluetooth function CB070","isPartOf":{"@id":"https:\/\/www.bagnoitalia.com\/fr#website"},"primaryImageOfPage":{"@id":"https:\/\/www.bagnoitalia.com\/fr\/produit\/rectangular-hydromassage-shower-cabin-with-shower-tray-120x80-with-bluetooth-function-cb070.html#primaryimage"},"image":{"@id":"https:\/\/www.bagnoitalia.com\/fr\/produit\/rectangular-hydromassage-shower-cabin-with-shower-tray-120x80-with-bluetooth-function-cb070.html#primaryimage"},"thumbnailUrl":"https:\/\/img.bagnoitalia.com\/wp-content\/uploads\/virtuemart\/product\/hydromassage-shower-cabin-with-shower-tray-120x80-5555_1579173200_731.jpg","datePublished":"2020-01-16T10:12:35+00:00","dateModified":"2025-09-01T15:16:21+00:00","description":"Hydromassage shower box with 6 jets, height 215 cm. Main functions: bluetooth, chromotherapy, radio, speakerphone, ozone therapy, foot massage.","breadcrumb":{"@id":"https:\/\/www.bagnoitalia.com\/fr\/produit\/rectangular-hydromassage-shower-cabin-with-shower-tray-120x80-with-bluetooth-function-cb070.html#breadcrumb"},"inLanguage":"fr-FR","potentialAction":[{"@type":"ReadAction","target":["https:\/\/www.bagnoitalia.com\/fr\/produit\/rectangular-hydromassage-shower-cabin-with-shower-tray-120x80-with-bluetooth-function-cb070.html"]}]},{"@type":"ImageObject","inLanguage":"fr-FR","@id":"https:\/\/www.bagnoitalia.com\/fr\/produit\/rectangular-hydromassage-shower-cabin-with-shower-tray-120x80-with-bluetooth-function-cb070.html#primaryimage","url":"https:\/\/img.bagnoitalia.com\/wp-content\/uploads\/virtuemart\/product\/hydromassage-shower-cabin-with-shower-tray-120x80-5555_1579173200_731.jpg","contentUrl":"https:\/\/img.bagnoitalia.com\/wp-content\/uploads\/virtuemart\/product\/hydromassage-shower-cabin-with-shower-tray-120x80-5555_1579173200_731.jpg","width":550,"height":550},{"@type":"BreadcrumbList","@id":"https:\/\/www.bagnoitalia.com\/fr\/produit\/rectangular-hydromassage-shower-cabin-with-shower-tray-120x80-with-bluetooth-function-cb070.html#breadcrumb","itemListElement":[{"@type":"ListItem","position":1,"name":"Home","item":"https:\/\/www.bagnoitalia.com\/fr"},{"@type":"ListItem","position":2,"name":"Produits","item":"https:\/\/www.bagnoitalia.com\/fr\/shop"},{"@type":"ListItem","position":3,"name":"Cabine de douche hydromassante rectangulaire avec receveur 120&#215;80 ou 130&#215;85 cm avec fonction bluetooth CB070"}]},{"@type":"WebSite","@id":"https:\/\/www.bagnoitalia.com\/fr#website","url":"https:\/\/www.bagnoitalia.com\/fr","name":"Bagno Italia","description":"","publisher":{"@id":"https:\/\/www.bagnoitalia.com\/fr#organization"},"potentialAction":[{"@type":"SearchAction","target":{"@type":"EntryPoint","urlTemplate":"https:\/\/www.bagnoitalia.com\/fr?s={search_term_string}"},"query-input":{"@type":"PropertyValueSpecification","valueRequired":true,"valueName":"search_term_string"}}],"inLanguage":"fr-FR"},{"@type":"Organization","@id":"https:\/\/www.bagnoitalia.com\/fr#organization","name":"Bagno Italia","url":"https:\/\/www.bagnoitalia.com\/fr","logo":{"@type":"ImageObject","inLanguage":"fr-FR","@id":"https:\/\/www.bagnoitalia.com\/fr#\/schema\/logo\/image\/","url":"https:\/\/img.bagnoitalia.com\/wp-content\/uploads\/logo-bagnoitalia.webp","contentUrl":"https:\/\/img.bagnoitalia.com\/wp-content\/uploads\/logo-bagnoitalia.webp","width":400,"height":70,"caption":"Bagno Italia"},"image":{"@id":"https:\/\/www.bagnoitalia.com\/fr#\/schema\/logo\/image\/"}}]}},"_links":{"self":[{"href":"https:\/\/www.bagnoitalia.com\/fr\/wp-json\/wp\/v2\/product\/93276","targetHints":{"allow":["GET"]}}],"collection":[{"href":"https:\/\/www.bagnoitalia.com\/fr\/wp-json\/wp\/v2\/product"}],"about":[{"href":"https:\/\/www.bagnoitalia.com\/fr\/wp-json\/wp\/v2\/types\/product"}],"replies":[{"embeddable":true,"href":"https:\/\/www.bagnoitalia.com\/fr\/wp-json\/wp\/v2\/comments?post=93276"}],"version-history":[{"count":3,"href":"https:\/\/www.bagnoitalia.com\/fr\/wp-json\/wp\/v2\/product\/93276\/revisions"}],"predecessor-version":[{"id":110335,"href":"https:\/\/www.bagnoitalia.com\/fr\/wp-json\/wp\/v2\/product\/93276\/revisions\/110335"}],"wp:featuredmedia":[{"embeddable":true,"href":"https:\/\/www.bagnoitalia.com\/fr\/wp-json\/wp\/v2\/media\/45106"}],"wp:attachment":[{"href":"https:\/\/www.bagnoitalia.com\/fr\/wp-json\/wp\/v2\/media?parent=93276"}],"wp:term":[{"taxonomy":"product_brand","embeddable":true,"href":"https:\/\/www.bagnoitalia.com\/fr\/wp-json\/wp\/v2\/product_brand?post=93276"},{"taxonomy":"product_cat","embeddable":true,"href":"https:\/\/www.bagnoitalia.com\/fr\/wp-json\/wp\/v2\/product_cat?post=93276"},{"taxonomy":"product_tag","embeddable":true,"href":"https:\/\/www.bagnoitalia.com\/fr\/wp-json\/wp\/v2\/product_tag?post=93276"}],"curies":[{"name":"wp","href":"https:\/\/api.w.org\/{rel}","templated":true}]}}