{"id":93264,"date":"2022-09-15T08:25:19","date_gmt":"2022-09-15T06:25:19","guid":{"rendered":"https:\/\/www.bagnoitalia.com\/product\/cabinet-water-softener-with-ion-exchange-for-eliminating-water-hardness"},"modified":"2024-10-21T16:01:53","modified_gmt":"2024-10-21T14:01:53","slug":"cabinet-water-softener-with-ion-exchange-for-eliminating-water-hardness","status":"publish","type":"product","link":"https:\/\/www.bagnoitalia.com\/fr\/produit\/cabinet-water-softener-with-ion-exchange-for-eliminating-water-hardness.html","title":{"rendered":"Adoucisseur d&rsquo;eau en armoire avec \u00e9change d&rsquo;ions pour \u00e9liminer la duret\u00e9 de l&rsquo;eau"},"content":{"rendered":"<p>ADOUCISSEUR D&rsquo;EAU \u00c0 \u00c9CHANGE D&rsquo;IONS<\/p>\n<p>Dispositif permettant d&rsquo;\u00e9liminer l&rsquo;exc\u00e8s de duret\u00e9 de l&rsquo;eau, favorisant ainsi le bon fonctionnement des syst\u00e8mes d&rsquo;eau et des appareils m\u00e9nagers, ainsi que des avantages d&rsquo;un point de vue \u00e9nerg\u00e9tique et pour l&rsquo;entretien des appareils eux-m\u00eames.<\/p>\n<p>Gr\u00e2ce au \u00ab processus d&rsquo;\u00e9change \u00bb, il remplace les ions charg\u00e9s positivement (tels que le calcium et le magn\u00e9sium) par des min\u00e9raux tels que le sodium ou le potassium.<\/p>\n<p>Une fois adoucie, l&rsquo;eau est potable et exempte d&rsquo;impuret\u00e9s.<\/p>\n<p>&nbsp;<\/p>\n<p>D\u00e9tails du produit<\/p>\n<p>Adoucisseur d&rsquo;eau pour armoire<\/p>\n<p>\u00e9change d&rsquo;ions<\/p>\n<p>avec vanne de m\u00e9lange<\/p>\n<p>avec filtre autonettoyant de 20 \u00b5m<\/p>\n<p>Minuterie \u00e0 5 boutons, indicateur pour :<\/p>\n<p>l&rsquo;heure du jour<br \/>\nfr\u00e9quence en jours et mode de r\u00e9g\u00e9n\u00e9ration<br \/>\nla quantit\u00e9 de duret\u00e9, de fer et de mangan\u00e8se<br \/>\ncapacit\u00e9 d&rsquo;\u00e9change<br \/>\nla dur\u00e9e du contre-lavage<br \/>\nquantit\u00e9 de sel consomm\u00e9e \u00e0 chaque r\u00e9g\u00e9n\u00e9ration<br \/>\nla consommation d&rsquo;eau instantan\u00e9e<\/p>\n<p>&nbsp;<\/p>\n","protected":false},"excerpt":{"rendered":"<p>Adoucisseur d&rsquo;eau en armoire avec \u00e9change d&rsquo;ions, pour l&rsquo;\u00e9limination de l&rsquo;exc\u00e8s de duret\u00e9 de l&rsquo;eau.<\/p>\n","protected":false},"featured_media":56838,"comment_status":"open","ping_status":"closed","template":"","meta":[],"product_brand":[9900,9954],"product_cat":[9964,9707,9735,9743],"product_tag":[],"class_list":{"0":"post-93264","1":"product","2":"type-product","3":"status-publish","4":"has-post-thumbnail","6":"product_brand-baritermo-fr","7":"product_brand-thermo-professional-fr","8":"product_cat-tubs-whith-door-fr","9":"product_cat-baignoire-balneo","10":"product_cat-cabine-d-39-hydromassage","11":"product_cat-piscines-d-39-hydromassage","13":"first","14":"instock","15":"sale","16":"taxable","17":"shipping-taxable","18":"purchasable","19":"product-type-simple"},"exclude_global_add_ons":[],"addons":[],"yoast_head":"<!-- This site is optimized with the Yoast SEO plugin v26.7 - https:\/\/yoast.com\/wordpress\/plugins\/seo\/ -->\n<title>Cabinet water softener with ion exchange for eliminating water hardness<\/title>\n<meta name=\"description\" content=\"Cabinet water softener with ion exchange, for the elimination of excess hardness from the water.\" \/>\n<meta name=\"robots\" content=\"index, follow, max-snippet:-1, max-image-preview:large, max-video-preview:-1\" \/>\n<link rel=\"canonical\" href=\"https:\/\/www.bagnoitalia.com\/fr\/produit\/cabinet-water-softener-with-ion-exchange-for-eliminating-water-hardness.html\" \/>\n<meta property=\"og:locale\" content=\"fr_FR\" \/>\n<meta property=\"og:type\" content=\"article\" \/>\n<meta property=\"og:title\" content=\"Cabinet water softener with ion exchange for eliminating water hardness\" \/>\n<meta property=\"og:description\" content=\"Cabinet water softener with ion exchange, for the elimination of excess hardness from the water.\" \/>\n<meta property=\"og:url\" content=\"https:\/\/www.bagnoitalia.com\/fr\/produit\/cabinet-water-softener-with-ion-exchange-for-eliminating-water-hardness.html\" \/>\n<meta property=\"og:site_name\" content=\"Bagno Italia\" \/>\n<meta property=\"article:modified_time\" content=\"2024-10-21T14:01:53+00:00\" \/>\n<meta property=\"og:image\" content=\"https:\/\/img.bagnoitalia.com\/wp-content\/uploads\/virtuemart\/product\/cabinet-water-softener-with-ion-exchange.jpg\" \/>\n\t<meta property=\"og:image:width\" content=\"500\" \/>\n\t<meta property=\"og:image:height\" content=\"500\" \/>\n\t<meta property=\"og:image:type\" content=\"image\/jpeg\" \/>\n<meta name=\"twitter:card\" content=\"summary_large_image\" \/>\n<meta name=\"twitter:label1\" content=\"Dur\u00e9e de lecture estim\u00e9e\" \/>\n\t<meta name=\"twitter:data1\" content=\"1 minute\" \/>\n<script type=\"application\/ld+json\" class=\"yoast-schema-graph\">{\"@context\":\"https:\/\/schema.org\",\"@graph\":[{\"@type\":\"WebPage\",\"@id\":\"https:\/\/www.bagnoitalia.com\/fr\/produit\/cabinet-water-softener-with-ion-exchange-for-eliminating-water-hardness.html\",\"url\":\"https:\/\/www.bagnoitalia.com\/fr\/produit\/cabinet-water-softener-with-ion-exchange-for-eliminating-water-hardness.html\",\"name\":\"Cabinet water softener with ion exchange for eliminating water hardness\",\"isPartOf\":{\"@id\":\"https:\/\/www.bagnoitalia.com\/fr#website\"},\"primaryImageOfPage\":{\"@id\":\"https:\/\/www.bagnoitalia.com\/fr\/produit\/cabinet-water-softener-with-ion-exchange-for-eliminating-water-hardness.html#primaryimage\"},\"image\":{\"@id\":\"https:\/\/www.bagnoitalia.com\/fr\/produit\/cabinet-water-softener-with-ion-exchange-for-eliminating-water-hardness.html#primaryimage\"},\"thumbnailUrl\":\"https:\/\/img.bagnoitalia.com\/wp-content\/uploads\/virtuemart\/product\/cabinet-water-softener-with-ion-exchange.jpg\",\"datePublished\":\"2022-09-15T06:25:19+00:00\",\"dateModified\":\"2024-10-21T14:01:53+00:00\",\"description\":\"Cabinet water softener with ion exchange, for the elimination of excess hardness from the water.\",\"breadcrumb\":{\"@id\":\"https:\/\/www.bagnoitalia.com\/fr\/produit\/cabinet-water-softener-with-ion-exchange-for-eliminating-water-hardness.html#breadcrumb\"},\"inLanguage\":\"fr-FR\",\"potentialAction\":[{\"@type\":\"ReadAction\",\"target\":[\"https:\/\/www.bagnoitalia.com\/fr\/produit\/cabinet-water-softener-with-ion-exchange-for-eliminating-water-hardness.html\"]}]},{\"@type\":\"ImageObject\",\"inLanguage\":\"fr-FR\",\"@id\":\"https:\/\/www.bagnoitalia.com\/fr\/produit\/cabinet-water-softener-with-ion-exchange-for-eliminating-water-hardness.html#primaryimage\",\"url\":\"https:\/\/img.bagnoitalia.com\/wp-content\/uploads\/virtuemart\/product\/cabinet-water-softener-with-ion-exchange.jpg\",\"contentUrl\":\"https:\/\/img.bagnoitalia.com\/wp-content\/uploads\/virtuemart\/product\/cabinet-water-softener-with-ion-exchange.jpg\",\"width\":500,\"height\":500},{\"@type\":\"BreadcrumbList\",\"@id\":\"https:\/\/www.bagnoitalia.com\/fr\/produit\/cabinet-water-softener-with-ion-exchange-for-eliminating-water-hardness.html#breadcrumb\",\"itemListElement\":[{\"@type\":\"ListItem\",\"position\":1,\"name\":\"Home\",\"item\":\"https:\/\/www.bagnoitalia.com\/fr\"},{\"@type\":\"ListItem\",\"position\":2,\"name\":\"Produits\",\"item\":\"https:\/\/www.bagnoitalia.com\/fr\/shop\"},{\"@type\":\"ListItem\",\"position\":3,\"name\":\"Adoucisseur d&#8217;eau en armoire avec \u00e9change d&#8217;ions pour \u00e9liminer la duret\u00e9 de l&#8217;eau\"}]},{\"@type\":\"WebSite\",\"@id\":\"https:\/\/www.bagnoitalia.com\/fr#website\",\"url\":\"https:\/\/www.bagnoitalia.com\/fr\",\"name\":\"Bagno Italia\",\"description\":\"\",\"publisher\":{\"@id\":\"https:\/\/www.bagnoitalia.com\/fr#organization\"},\"potentialAction\":[{\"@type\":\"SearchAction\",\"target\":{\"@type\":\"EntryPoint\",\"urlTemplate\":\"https:\/\/www.bagnoitalia.com\/fr?s={search_term_string}\"},\"query-input\":{\"@type\":\"PropertyValueSpecification\",\"valueRequired\":true,\"valueName\":\"search_term_string\"}}],\"inLanguage\":\"fr-FR\"},{\"@type\":\"Organization\",\"@id\":\"https:\/\/www.bagnoitalia.com\/fr#organization\",\"name\":\"Bagno Italia\",\"url\":\"https:\/\/www.bagnoitalia.com\/fr\",\"logo\":{\"@type\":\"ImageObject\",\"inLanguage\":\"fr-FR\",\"@id\":\"https:\/\/www.bagnoitalia.com\/fr#\/schema\/logo\/image\/\",\"url\":\"https:\/\/img.bagnoitalia.com\/wp-content\/uploads\/logo-bagnoitalia.webp\",\"contentUrl\":\"https:\/\/img.bagnoitalia.com\/wp-content\/uploads\/logo-bagnoitalia.webp\",\"width\":400,\"height\":70,\"caption\":\"Bagno Italia\"},\"image\":{\"@id\":\"https:\/\/www.bagnoitalia.com\/fr#\/schema\/logo\/image\/\"}}]}<\/script>\n<!-- \/ Yoast SEO plugin. -->","yoast_head_json":{"title":"Cabinet water softener with ion exchange for eliminating water hardness","description":"Cabinet water softener with ion exchange, for the elimination of excess hardness from the water.","robots":{"index":"index","follow":"follow","max-snippet":"max-snippet:-1","max-image-preview":"max-image-preview:large","max-video-preview":"max-video-preview:-1"},"canonical":"https:\/\/www.bagnoitalia.com\/fr\/produit\/cabinet-water-softener-with-ion-exchange-for-eliminating-water-hardness.html","og_locale":"fr_FR","og_type":"article","og_title":"Cabinet water softener with ion exchange for eliminating water hardness","og_description":"Cabinet water softener with ion exchange, for the elimination of excess hardness from the water.","og_url":"https:\/\/www.bagnoitalia.com\/fr\/produit\/cabinet-water-softener-with-ion-exchange-for-eliminating-water-hardness.html","og_site_name":"Bagno Italia","article_modified_time":"2024-10-21T14:01:53+00:00","og_image":[{"width":500,"height":500,"url":"https:\/\/img.bagnoitalia.com\/wp-content\/uploads\/virtuemart\/product\/cabinet-water-softener-with-ion-exchange.jpg","type":"image\/jpeg"}],"twitter_card":"summary_large_image","twitter_misc":{"Dur\u00e9e de lecture estim\u00e9e":"1 minute"},"schema":{"@context":"https:\/\/schema.org","@graph":[{"@type":"WebPage","@id":"https:\/\/www.bagnoitalia.com\/fr\/produit\/cabinet-water-softener-with-ion-exchange-for-eliminating-water-hardness.html","url":"https:\/\/www.bagnoitalia.com\/fr\/produit\/cabinet-water-softener-with-ion-exchange-for-eliminating-water-hardness.html","name":"Cabinet water softener with ion exchange for eliminating water hardness","isPartOf":{"@id":"https:\/\/www.bagnoitalia.com\/fr#website"},"primaryImageOfPage":{"@id":"https:\/\/www.bagnoitalia.com\/fr\/produit\/cabinet-water-softener-with-ion-exchange-for-eliminating-water-hardness.html#primaryimage"},"image":{"@id":"https:\/\/www.bagnoitalia.com\/fr\/produit\/cabinet-water-softener-with-ion-exchange-for-eliminating-water-hardness.html#primaryimage"},"thumbnailUrl":"https:\/\/img.bagnoitalia.com\/wp-content\/uploads\/virtuemart\/product\/cabinet-water-softener-with-ion-exchange.jpg","datePublished":"2022-09-15T06:25:19+00:00","dateModified":"2024-10-21T14:01:53+00:00","description":"Cabinet water softener with ion exchange, for the elimination of excess hardness from the water.","breadcrumb":{"@id":"https:\/\/www.bagnoitalia.com\/fr\/produit\/cabinet-water-softener-with-ion-exchange-for-eliminating-water-hardness.html#breadcrumb"},"inLanguage":"fr-FR","potentialAction":[{"@type":"ReadAction","target":["https:\/\/www.bagnoitalia.com\/fr\/produit\/cabinet-water-softener-with-ion-exchange-for-eliminating-water-hardness.html"]}]},{"@type":"ImageObject","inLanguage":"fr-FR","@id":"https:\/\/www.bagnoitalia.com\/fr\/produit\/cabinet-water-softener-with-ion-exchange-for-eliminating-water-hardness.html#primaryimage","url":"https:\/\/img.bagnoitalia.com\/wp-content\/uploads\/virtuemart\/product\/cabinet-water-softener-with-ion-exchange.jpg","contentUrl":"https:\/\/img.bagnoitalia.com\/wp-content\/uploads\/virtuemart\/product\/cabinet-water-softener-with-ion-exchange.jpg","width":500,"height":500},{"@type":"BreadcrumbList","@id":"https:\/\/www.bagnoitalia.com\/fr\/produit\/cabinet-water-softener-with-ion-exchange-for-eliminating-water-hardness.html#breadcrumb","itemListElement":[{"@type":"ListItem","position":1,"name":"Home","item":"https:\/\/www.bagnoitalia.com\/fr"},{"@type":"ListItem","position":2,"name":"Produits","item":"https:\/\/www.bagnoitalia.com\/fr\/shop"},{"@type":"ListItem","position":3,"name":"Adoucisseur d&#8217;eau en armoire avec \u00e9change d&#8217;ions pour \u00e9liminer la duret\u00e9 de l&#8217;eau"}]},{"@type":"WebSite","@id":"https:\/\/www.bagnoitalia.com\/fr#website","url":"https:\/\/www.bagnoitalia.com\/fr","name":"Bagno Italia","description":"","publisher":{"@id":"https:\/\/www.bagnoitalia.com\/fr#organization"},"potentialAction":[{"@type":"SearchAction","target":{"@type":"EntryPoint","urlTemplate":"https:\/\/www.bagnoitalia.com\/fr?s={search_term_string}"},"query-input":{"@type":"PropertyValueSpecification","valueRequired":true,"valueName":"search_term_string"}}],"inLanguage":"fr-FR"},{"@type":"Organization","@id":"https:\/\/www.bagnoitalia.com\/fr#organization","name":"Bagno Italia","url":"https:\/\/www.bagnoitalia.com\/fr","logo":{"@type":"ImageObject","inLanguage":"fr-FR","@id":"https:\/\/www.bagnoitalia.com\/fr#\/schema\/logo\/image\/","url":"https:\/\/img.bagnoitalia.com\/wp-content\/uploads\/logo-bagnoitalia.webp","contentUrl":"https:\/\/img.bagnoitalia.com\/wp-content\/uploads\/logo-bagnoitalia.webp","width":400,"height":70,"caption":"Bagno Italia"},"image":{"@id":"https:\/\/www.bagnoitalia.com\/fr#\/schema\/logo\/image\/"}}]}},"_links":{"self":[{"href":"https:\/\/www.bagnoitalia.com\/fr\/wp-json\/wp\/v2\/product\/93264","targetHints":{"allow":["GET"]}}],"collection":[{"href":"https:\/\/www.bagnoitalia.com\/fr\/wp-json\/wp\/v2\/product"}],"about":[{"href":"https:\/\/www.bagnoitalia.com\/fr\/wp-json\/wp\/v2\/types\/product"}],"replies":[{"embeddable":true,"href":"https:\/\/www.bagnoitalia.com\/fr\/wp-json\/wp\/v2\/comments?post=93264"}],"version-history":[{"count":1,"href":"https:\/\/www.bagnoitalia.com\/fr\/wp-json\/wp\/v2\/product\/93264\/revisions"}],"predecessor-version":[{"id":93269,"href":"https:\/\/www.bagnoitalia.com\/fr\/wp-json\/wp\/v2\/product\/93264\/revisions\/93269"}],"wp:featuredmedia":[{"embeddable":true,"href":"https:\/\/www.bagnoitalia.com\/fr\/wp-json\/wp\/v2\/media\/56838"}],"wp:attachment":[{"href":"https:\/\/www.bagnoitalia.com\/fr\/wp-json\/wp\/v2\/media?parent=93264"}],"wp:term":[{"taxonomy":"product_brand","embeddable":true,"href":"https:\/\/www.bagnoitalia.com\/fr\/wp-json\/wp\/v2\/product_brand?post=93264"},{"taxonomy":"product_cat","embeddable":true,"href":"https:\/\/www.bagnoitalia.com\/fr\/wp-json\/wp\/v2\/product_cat?post=93264"},{"taxonomy":"product_tag","embeddable":true,"href":"https:\/\/www.bagnoitalia.com\/fr\/wp-json\/wp\/v2\/product_tag?post=93264"}],"curies":[{"name":"wp","href":"https:\/\/api.w.org\/{rel}","templated":true}]}}