{"id":93047,"date":"2022-02-11T13:39:02","date_gmt":"2022-02-11T12:39:02","guid":{"rendered":"https:\/\/www.bagnoitalia.com\/product\/circular-whirlpool-180-cm-ozone-therapy-bluetooth-thermostatic-mixer-mp26"},"modified":"2025-08-26T11:32:52","modified_gmt":"2025-08-26T09:32:52","slug":"circular-whirlpool-180-cm-ozone-therapy-bluetooth-thermostatic-mixer-mp26","status":"publish","type":"product","link":"https:\/\/www.bagnoitalia.com\/fr\/produit\/circular-whirlpool-180-cm-ozone-therapy-bluetooth-thermostatic-mixer-mp26.html","title":{"rendered":"Bain \u00e0 remous circulaire 180 cm D\u00e9sinfectant UV bluetooth m\u00e9langeur thermostatique MP26"},"content":{"rendered":"<p>BAIN \u00c0 REMOUS EXT\u00c9RIEUR &#8211; SPA MP26<\/p>\n<p>&nbsp;<\/p>\n<p>les panneaux du spa sont inclus dans le prix, vous pouvez les enlever pour installer le spa encastr\u00e9<\/p>\n<p>&nbsp;<\/p>\n<p>D\u00c9TAILS DU PRODUIT :<\/p>\n<p>dimensions 180x180xH85 cm<\/p>\n<p>30 jets dont :<\/p>\n<p>&#8211; 4 grands<\/p>\n<p>&#8211; 8 petits<\/p>\n<p>&#8211; 18 jets d&rsquo;air<\/p>\n<p>Chauffage 1,5 kW<\/p>\n<p>Pompe \u00e0 eau de 1,5 Hp<\/p>\n<p>Pompe \u00e0 air 0,35 Hp<\/p>\n<p>Bluetooth<\/p>\n<p>D\u00e9sinfectant UV<\/p>\n<p>Lumi\u00e8re Led<\/p>\n<p>4 appuis-t\u00eate<\/p>\n<p>Robinetterie compl\u00e8te avec douchette et cascade am\u00e9ricaine<\/p>\n<p>Mitigeur thermostatique<\/p>\n<p>R\u00e9gulateur<\/p>\n<p>Aspiration<\/p>\n<p>Capacit\u00e9 maximale : 560-790 litres<\/p>\n<p>Consommation de courant : 10-12AMP<\/p>\n<p>Poids : 120 kg<\/p>\n<p>&nbsp;<\/p>\n<p>MAT\u00c9RIAUX<\/p>\n<p>cadre en acier galvanis\u00e9<\/p>\n<p>acrylique<\/p>\n<p>&nbsp;<\/p>\n<p>&nbsp;<\/p>\n","protected":false},"excerpt":{"rendered":"<p>Baignoire baln\u00e9o ext\u00e9rieure ou int\u00e9rieure, 4 places, 30 jets, D\u00e9sinfectant UV, \u00e9clairage led, chauffage, mitigeur thermostatique, fonction bluetooth<\/p>\n","protected":false},"featured_media":47817,"comment_status":"open","ping_status":"closed","template":"","meta":[],"product_brand":[9909],"product_cat":[10069,9743],"product_tag":[],"class_list":{"0":"post-93047","1":"product","2":"type-product","3":"status-publish","4":"has-post-thumbnail","6":"product_brand-puntorelax-fr","7":"product_cat-piscines-exterieures-a-hydromassage","8":"product_cat-piscines-d-39-hydromassage","10":"first","11":"instock","12":"sale","13":"taxable","14":"shipping-taxable","15":"purchasable","16":"product-type-simple"},"exclude_global_add_ons":[],"addons":[],"yoast_head":"<!-- This site is optimized with the Yoast SEO plugin v26.7 - https:\/\/yoast.com\/wordpress\/plugins\/seo\/ -->\n<title>Circular whirlpool 180 cm ozone therapy bluetooth thermostatic mixer MP26<\/title>\n<meta name=\"description\" content=\"Outdoor or indoor whirlpool bath, 4 seats, 30 jets, ozone generator, led light, heater, thermostatic mixer, bluetooth function\" \/>\n<meta name=\"robots\" content=\"index, follow, max-snippet:-1, max-image-preview:large, max-video-preview:-1\" \/>\n<link rel=\"canonical\" href=\"https:\/\/www.bagnoitalia.com\/fr\/produit\/circular-whirlpool-180-cm-ozone-therapy-bluetooth-thermostatic-mixer-mp26.html\" \/>\n<meta property=\"og:locale\" content=\"fr_FR\" \/>\n<meta property=\"og:type\" content=\"article\" \/>\n<meta property=\"og:title\" content=\"Circular whirlpool 180 cm ozone therapy bluetooth thermostatic mixer MP26\" \/>\n<meta property=\"og:description\" content=\"Outdoor or indoor whirlpool bath, 4 seats, 30 jets, ozone generator, led light, heater, thermostatic mixer, bluetooth function\" \/>\n<meta property=\"og:url\" content=\"https:\/\/www.bagnoitalia.com\/fr\/produit\/circular-whirlpool-180-cm-ozone-therapy-bluetooth-thermostatic-mixer-mp26.html\" \/>\n<meta property=\"og:site_name\" content=\"Bagno Italia\" \/>\n<meta property=\"article:modified_time\" content=\"2025-08-26T09:32:52+00:00\" \/>\n<meta property=\"og:image\" content=\"https:\/\/img.bagnoitalia.com\/wp-content\/uploads\/virtuemart\/product\/whirlpool-mini-pool-180x180-4-seats.jpg\" \/>\n\t<meta property=\"og:image:width\" content=\"550\" \/>\n\t<meta property=\"og:image:height\" content=\"550\" \/>\n\t<meta property=\"og:image:type\" content=\"image\/jpeg\" \/>\n<meta name=\"twitter:card\" content=\"summary_large_image\" \/>\n<meta name=\"twitter:label1\" content=\"Dur\u00e9e de lecture estim\u00e9e\" \/>\n\t<meta name=\"twitter:data1\" content=\"1 minute\" \/>\n<script type=\"application\/ld+json\" class=\"yoast-schema-graph\">{\"@context\":\"https:\/\/schema.org\",\"@graph\":[{\"@type\":\"WebPage\",\"@id\":\"https:\/\/www.bagnoitalia.com\/fr\/produit\/circular-whirlpool-180-cm-ozone-therapy-bluetooth-thermostatic-mixer-mp26.html\",\"url\":\"https:\/\/www.bagnoitalia.com\/fr\/produit\/circular-whirlpool-180-cm-ozone-therapy-bluetooth-thermostatic-mixer-mp26.html\",\"name\":\"Circular whirlpool 180 cm ozone therapy bluetooth thermostatic mixer MP26\",\"isPartOf\":{\"@id\":\"https:\/\/www.bagnoitalia.com\/fr#website\"},\"primaryImageOfPage\":{\"@id\":\"https:\/\/www.bagnoitalia.com\/fr\/produit\/circular-whirlpool-180-cm-ozone-therapy-bluetooth-thermostatic-mixer-mp26.html#primaryimage\"},\"image\":{\"@id\":\"https:\/\/www.bagnoitalia.com\/fr\/produit\/circular-whirlpool-180-cm-ozone-therapy-bluetooth-thermostatic-mixer-mp26.html#primaryimage\"},\"thumbnailUrl\":\"https:\/\/img.bagnoitalia.com\/wp-content\/uploads\/virtuemart\/product\/whirlpool-mini-pool-180x180-4-seats.jpg\",\"datePublished\":\"2022-02-11T12:39:02+00:00\",\"dateModified\":\"2025-08-26T09:32:52+00:00\",\"description\":\"Outdoor or indoor whirlpool bath, 4 seats, 30 jets, ozone generator, led light, heater, thermostatic mixer, bluetooth function\",\"breadcrumb\":{\"@id\":\"https:\/\/www.bagnoitalia.com\/fr\/produit\/circular-whirlpool-180-cm-ozone-therapy-bluetooth-thermostatic-mixer-mp26.html#breadcrumb\"},\"inLanguage\":\"fr-FR\",\"potentialAction\":[{\"@type\":\"ReadAction\",\"target\":[\"https:\/\/www.bagnoitalia.com\/fr\/produit\/circular-whirlpool-180-cm-ozone-therapy-bluetooth-thermostatic-mixer-mp26.html\"]}]},{\"@type\":\"ImageObject\",\"inLanguage\":\"fr-FR\",\"@id\":\"https:\/\/www.bagnoitalia.com\/fr\/produit\/circular-whirlpool-180-cm-ozone-therapy-bluetooth-thermostatic-mixer-mp26.html#primaryimage\",\"url\":\"https:\/\/img.bagnoitalia.com\/wp-content\/uploads\/virtuemart\/product\/whirlpool-mini-pool-180x180-4-seats.jpg\",\"contentUrl\":\"https:\/\/img.bagnoitalia.com\/wp-content\/uploads\/virtuemart\/product\/whirlpool-mini-pool-180x180-4-seats.jpg\",\"width\":550,\"height\":550},{\"@type\":\"BreadcrumbList\",\"@id\":\"https:\/\/www.bagnoitalia.com\/fr\/produit\/circular-whirlpool-180-cm-ozone-therapy-bluetooth-thermostatic-mixer-mp26.html#breadcrumb\",\"itemListElement\":[{\"@type\":\"ListItem\",\"position\":1,\"name\":\"Home\",\"item\":\"https:\/\/www.bagnoitalia.com\/fr\"},{\"@type\":\"ListItem\",\"position\":2,\"name\":\"Produits\",\"item\":\"https:\/\/www.bagnoitalia.com\/fr\/shop\"},{\"@type\":\"ListItem\",\"position\":3,\"name\":\"Bain \u00e0 remous circulaire 180 cm D\u00e9sinfectant UV bluetooth m\u00e9langeur thermostatique MP26\"}]},{\"@type\":\"WebSite\",\"@id\":\"https:\/\/www.bagnoitalia.com\/fr#website\",\"url\":\"https:\/\/www.bagnoitalia.com\/fr\",\"name\":\"Bagno Italia\",\"description\":\"\",\"publisher\":{\"@id\":\"https:\/\/www.bagnoitalia.com\/fr#organization\"},\"potentialAction\":[{\"@type\":\"SearchAction\",\"target\":{\"@type\":\"EntryPoint\",\"urlTemplate\":\"https:\/\/www.bagnoitalia.com\/fr?s={search_term_string}\"},\"query-input\":{\"@type\":\"PropertyValueSpecification\",\"valueRequired\":true,\"valueName\":\"search_term_string\"}}],\"inLanguage\":\"fr-FR\"},{\"@type\":\"Organization\",\"@id\":\"https:\/\/www.bagnoitalia.com\/fr#organization\",\"name\":\"Bagno Italia\",\"url\":\"https:\/\/www.bagnoitalia.com\/fr\",\"logo\":{\"@type\":\"ImageObject\",\"inLanguage\":\"fr-FR\",\"@id\":\"https:\/\/www.bagnoitalia.com\/fr#\/schema\/logo\/image\/\",\"url\":\"https:\/\/img.bagnoitalia.com\/wp-content\/uploads\/logo-bagnoitalia.webp\",\"contentUrl\":\"https:\/\/img.bagnoitalia.com\/wp-content\/uploads\/logo-bagnoitalia.webp\",\"width\":400,\"height\":70,\"caption\":\"Bagno Italia\"},\"image\":{\"@id\":\"https:\/\/www.bagnoitalia.com\/fr#\/schema\/logo\/image\/\"}}]}<\/script>\n<!-- \/ Yoast SEO plugin. -->","yoast_head_json":{"title":"Circular whirlpool 180 cm ozone therapy bluetooth thermostatic mixer MP26","description":"Outdoor or indoor whirlpool bath, 4 seats, 30 jets, ozone generator, led light, heater, thermostatic mixer, bluetooth function","robots":{"index":"index","follow":"follow","max-snippet":"max-snippet:-1","max-image-preview":"max-image-preview:large","max-video-preview":"max-video-preview:-1"},"canonical":"https:\/\/www.bagnoitalia.com\/fr\/produit\/circular-whirlpool-180-cm-ozone-therapy-bluetooth-thermostatic-mixer-mp26.html","og_locale":"fr_FR","og_type":"article","og_title":"Circular whirlpool 180 cm ozone therapy bluetooth thermostatic mixer MP26","og_description":"Outdoor or indoor whirlpool bath, 4 seats, 30 jets, ozone generator, led light, heater, thermostatic mixer, bluetooth function","og_url":"https:\/\/www.bagnoitalia.com\/fr\/produit\/circular-whirlpool-180-cm-ozone-therapy-bluetooth-thermostatic-mixer-mp26.html","og_site_name":"Bagno Italia","article_modified_time":"2025-08-26T09:32:52+00:00","og_image":[{"width":550,"height":550,"url":"https:\/\/img.bagnoitalia.com\/wp-content\/uploads\/virtuemart\/product\/whirlpool-mini-pool-180x180-4-seats.jpg","type":"image\/jpeg"}],"twitter_card":"summary_large_image","twitter_misc":{"Dur\u00e9e de lecture estim\u00e9e":"1 minute"},"schema":{"@context":"https:\/\/schema.org","@graph":[{"@type":"WebPage","@id":"https:\/\/www.bagnoitalia.com\/fr\/produit\/circular-whirlpool-180-cm-ozone-therapy-bluetooth-thermostatic-mixer-mp26.html","url":"https:\/\/www.bagnoitalia.com\/fr\/produit\/circular-whirlpool-180-cm-ozone-therapy-bluetooth-thermostatic-mixer-mp26.html","name":"Circular whirlpool 180 cm ozone therapy bluetooth thermostatic mixer MP26","isPartOf":{"@id":"https:\/\/www.bagnoitalia.com\/fr#website"},"primaryImageOfPage":{"@id":"https:\/\/www.bagnoitalia.com\/fr\/produit\/circular-whirlpool-180-cm-ozone-therapy-bluetooth-thermostatic-mixer-mp26.html#primaryimage"},"image":{"@id":"https:\/\/www.bagnoitalia.com\/fr\/produit\/circular-whirlpool-180-cm-ozone-therapy-bluetooth-thermostatic-mixer-mp26.html#primaryimage"},"thumbnailUrl":"https:\/\/img.bagnoitalia.com\/wp-content\/uploads\/virtuemart\/product\/whirlpool-mini-pool-180x180-4-seats.jpg","datePublished":"2022-02-11T12:39:02+00:00","dateModified":"2025-08-26T09:32:52+00:00","description":"Outdoor or indoor whirlpool bath, 4 seats, 30 jets, ozone generator, led light, heater, thermostatic mixer, bluetooth function","breadcrumb":{"@id":"https:\/\/www.bagnoitalia.com\/fr\/produit\/circular-whirlpool-180-cm-ozone-therapy-bluetooth-thermostatic-mixer-mp26.html#breadcrumb"},"inLanguage":"fr-FR","potentialAction":[{"@type":"ReadAction","target":["https:\/\/www.bagnoitalia.com\/fr\/produit\/circular-whirlpool-180-cm-ozone-therapy-bluetooth-thermostatic-mixer-mp26.html"]}]},{"@type":"ImageObject","inLanguage":"fr-FR","@id":"https:\/\/www.bagnoitalia.com\/fr\/produit\/circular-whirlpool-180-cm-ozone-therapy-bluetooth-thermostatic-mixer-mp26.html#primaryimage","url":"https:\/\/img.bagnoitalia.com\/wp-content\/uploads\/virtuemart\/product\/whirlpool-mini-pool-180x180-4-seats.jpg","contentUrl":"https:\/\/img.bagnoitalia.com\/wp-content\/uploads\/virtuemart\/product\/whirlpool-mini-pool-180x180-4-seats.jpg","width":550,"height":550},{"@type":"BreadcrumbList","@id":"https:\/\/www.bagnoitalia.com\/fr\/produit\/circular-whirlpool-180-cm-ozone-therapy-bluetooth-thermostatic-mixer-mp26.html#breadcrumb","itemListElement":[{"@type":"ListItem","position":1,"name":"Home","item":"https:\/\/www.bagnoitalia.com\/fr"},{"@type":"ListItem","position":2,"name":"Produits","item":"https:\/\/www.bagnoitalia.com\/fr\/shop"},{"@type":"ListItem","position":3,"name":"Bain \u00e0 remous circulaire 180 cm D\u00e9sinfectant UV bluetooth m\u00e9langeur thermostatique MP26"}]},{"@type":"WebSite","@id":"https:\/\/www.bagnoitalia.com\/fr#website","url":"https:\/\/www.bagnoitalia.com\/fr","name":"Bagno Italia","description":"","publisher":{"@id":"https:\/\/www.bagnoitalia.com\/fr#organization"},"potentialAction":[{"@type":"SearchAction","target":{"@type":"EntryPoint","urlTemplate":"https:\/\/www.bagnoitalia.com\/fr?s={search_term_string}"},"query-input":{"@type":"PropertyValueSpecification","valueRequired":true,"valueName":"search_term_string"}}],"inLanguage":"fr-FR"},{"@type":"Organization","@id":"https:\/\/www.bagnoitalia.com\/fr#organization","name":"Bagno Italia","url":"https:\/\/www.bagnoitalia.com\/fr","logo":{"@type":"ImageObject","inLanguage":"fr-FR","@id":"https:\/\/www.bagnoitalia.com\/fr#\/schema\/logo\/image\/","url":"https:\/\/img.bagnoitalia.com\/wp-content\/uploads\/logo-bagnoitalia.webp","contentUrl":"https:\/\/img.bagnoitalia.com\/wp-content\/uploads\/logo-bagnoitalia.webp","width":400,"height":70,"caption":"Bagno Italia"},"image":{"@id":"https:\/\/www.bagnoitalia.com\/fr#\/schema\/logo\/image\/"}}]}},"_links":{"self":[{"href":"https:\/\/www.bagnoitalia.com\/fr\/wp-json\/wp\/v2\/product\/93047","targetHints":{"allow":["GET"]}}],"collection":[{"href":"https:\/\/www.bagnoitalia.com\/fr\/wp-json\/wp\/v2\/product"}],"about":[{"href":"https:\/\/www.bagnoitalia.com\/fr\/wp-json\/wp\/v2\/types\/product"}],"replies":[{"embeddable":true,"href":"https:\/\/www.bagnoitalia.com\/fr\/wp-json\/wp\/v2\/comments?post=93047"}],"version-history":[{"count":4,"href":"https:\/\/www.bagnoitalia.com\/fr\/wp-json\/wp\/v2\/product\/93047\/revisions"}],"predecessor-version":[{"id":110156,"href":"https:\/\/www.bagnoitalia.com\/fr\/wp-json\/wp\/v2\/product\/93047\/revisions\/110156"}],"wp:featuredmedia":[{"embeddable":true,"href":"https:\/\/www.bagnoitalia.com\/fr\/wp-json\/wp\/v2\/media\/47817"}],"wp:attachment":[{"href":"https:\/\/www.bagnoitalia.com\/fr\/wp-json\/wp\/v2\/media?parent=93047"}],"wp:term":[{"taxonomy":"product_brand","embeddable":true,"href":"https:\/\/www.bagnoitalia.com\/fr\/wp-json\/wp\/v2\/product_brand?post=93047"},{"taxonomy":"product_cat","embeddable":true,"href":"https:\/\/www.bagnoitalia.com\/fr\/wp-json\/wp\/v2\/product_cat?post=93047"},{"taxonomy":"product_tag","embeddable":true,"href":"https:\/\/www.bagnoitalia.com\/fr\/wp-json\/wp\/v2\/product_tag?post=93047"}],"curies":[{"name":"wp","href":"https:\/\/api.w.org\/{rel}","templated":true}]}}