{"id":93038,"date":"2023-02-02T15:56:50","date_gmt":"2023-02-02T14:56:50","guid":{"rendered":"https:\/\/www.bagnoitalia.com\/product\/bathtub-with-door-120x70-cm-available-with-or-without-hydromassage-and-chromotherapy-vs121"},"modified":"2025-06-04T15:19:15","modified_gmt":"2025-06-04T13:19:15","slug":"bathtub-with-door-120x70-cm-available-with-or-without-hydromassage-and-chromotherapy-vs121","status":"publish","type":"product","link":"https:\/\/www.bagnoitalia.com\/fr\/produit\/bathtub-with-door-120x70-cm-available-with-or-without-hydromassage-and-chromotherapy-vs121.html","title":{"rendered":"Baignoire avec porte 120&#215;70 cm disponible avec ou sans hydromassage et chromoth\u00e9rapie VS121"},"content":{"rendered":"<p>BAIGNOIRE AVEC PORTE VS121<\/p>\n<p>&nbsp;<\/p>\n<p><strong>D\u00c9TAILS DU PRODUIT :<br \/>\n<\/strong><\/p>\n<p>Baignoire de dimensions 120xP70xH83 cm, particuli\u00e8rement adapt\u00e9e aux personnes \u00e2g\u00e9es ou ayant des difficult\u00e9s motrices.<\/p>\n<p>Porte \u00e9tanche \u00e0 ouverture vers l&rsquo;int\u00e9rieur, disponible en 3 finitions : blanche, transparente ou satin\u00e9e<\/p>\n<p>Robinets inclus<\/p>\n<p>Syst\u00e8me de remplissage instantan\u00e9<\/p>\n<p>FABRIQU\u00c9 EN ITALIE<\/p>\n<p><strong><span class=\"\">OPTIONS SUPPL\u00c9MENTAIRES (\u00e0 partir des menus d\u00e9roulants) :<\/span><\/strong><\/p>\n<p>\u2013 hydromassage dans la baignoire<\/p>\n<p>\u2013 chromoth\u00e9rapie<\/p>\n<p><strong>MAT\u00c9RIELS:<\/strong><\/p>\n<p>Cadre en acier<\/p>\n<p>Structure en ABS et fibre de verre<\/p>\n<p><strong><span class=\"\">VERSIONS DISPONIBLES :<\/span><\/strong><\/p>\n<p><strong>VERSION 1A :<\/strong>\u00a0paroi droite &#8211; si\u00e8ge droit &#8211; panneau lat\u00e9ral gauche de 70 cm<\/p>\n<p><strong>VERSION 1B :<\/strong>\u00a0paroi droite &#8211; si\u00e8ge gauche &#8211; panneau lat\u00e9ral gauche de 70 cm<\/p>\n<p><strong>VERSION 2A :<\/strong>\u00a0paroi gauche &#8211; si\u00e8ge gauche &#8211; panneau lat\u00e9ral droit de 70 cm<\/p>\n<p><strong>VERSION 2B :<\/strong>\u00a0paroi gauche &#8211; si\u00e8ge droit &#8211; panneau lat\u00e9ral droit de 70 cm<\/p>\n<p><img fetchpriority=\"high\" decoding=\"async\" class=\"alignnone size-full wp-image-108817\" src=\"https:\/\/img.bagnoitalia.com\/wp-content\/uploads\/vasca-da-bagno-con-sportello-120x70-cm-VS121-versioni.jpg\" alt=\"\" width=\"894\" height=\"894\" srcset=\"https:\/\/img.bagnoitalia.com\/wp-content\/uploads\/vasca-da-bagno-con-sportello-120x70-cm-VS121-versioni.jpg 894w, https:\/\/img.bagnoitalia.com\/wp-content\/uploads\/vasca-da-bagno-con-sportello-120x70-cm-VS121-versioni-768x768.jpg 768w, https:\/\/img.bagnoitalia.com\/wp-content\/uploads\/vasca-da-bagno-con-sportello-120x70-cm-VS121-versioni-441x441.jpg 441w, https:\/\/img.bagnoitalia.com\/wp-content\/uploads\/vasca-da-bagno-con-sportello-120x70-cm-VS121-versioni-100x100.jpg 100w, https:\/\/img.bagnoitalia.com\/wp-content\/uploads\/vasca-da-bagno-con-sportello-120x70-cm-VS121-versioni-600x600.jpg 600w, https:\/\/img.bagnoitalia.com\/wp-content\/uploads\/vasca-da-bagno-con-sportello-120x70-cm-VS121-versioni-150x150.jpg 150w\" sizes=\"(max-width: 894px) 100vw, 894px\" \/><\/p>\n<p>&nbsp;<\/p>\n<p>&nbsp;<\/p>\n<p>&nbsp;<\/p>\n<p>&nbsp;<\/p>\n","protected":false},"excerpt":{"rendered":"<p>Baignoire avec porte s&rsquo;ouvrant vers l&rsquo;int\u00e9rieur. Robinetterie incluse. Porte disponible en blanc, transparent ou satin\u00e9. Options suppl\u00e9mentaires : hydromassage et chromoth\u00e9rapie<\/p>\n","protected":false},"featured_media":59332,"comment_status":"open","ping_status":"closed","template":"","meta":[],"product_brand":[9879],"product_cat":[9964],"product_tag":[],"class_list":{"0":"post-93038","1":"product","2":"type-product","3":"status-publish","4":"has-post-thumbnail","6":"product_brand-vari-produttori-fr","7":"product_cat-tubs-whith-door-fr","9":"first","10":"instock","11":"sale","12":"taxable","13":"shipping-taxable","14":"purchasable","15":"product-type-simple"},"exclude_global_add_ons":false,"addons":[{"name":"Couleur","type":"multiple_choice","position":0,"required":true,"title_format":"heading","default":"","description_enable":false,"description":"","placeholder_enable":false,"placeholder":"","display":"select","restrictions_type":"any_text","adjust_price":false,"price":"","price_type":"flat_fee","restrictions":false,"min":"0","max":"0","options":[{"label":"porte blanche","price":"","price_type":"quantity_based","image":0,"visibility":true},{"label":"porte transparente","price":"","price_type":"quantity_based","image":0,"visibility":true},{"label":"porte satin\u00e9e","price":"","price_type":"quantity_based","image":0,"visibility":true}],"id":1716304430},{"name":"Type","type":"multiple_choice","position":1,"required":true,"title_format":"heading","default":"","description_enable":false,"description":"","placeholder_enable":false,"placeholder":"","display":"select","restrictions_type":"any_text","adjust_price":false,"price":"","price_type":"flat_fee","restrictions":false,"min":"0","max":"0","options":[{"label":"SANS hydromassage","price":"","price_type":"quantity_based","image":0,"visibility":true},{"label":"AVEC hydromassage","price":"550","price_type":"quantity_based","image":0,"visibility":true}],"id":1716304431},{"name":"Autres options","type":"multiple_choice","position":2,"required":true,"title_format":"heading","default":"","description_enable":false,"description":"","placeholder_enable":false,"placeholder":"","display":"select","restrictions_type":"any_text","adjust_price":false,"price":"","price_type":"flat_fee","restrictions":false,"min":"0","max":"0","options":[{"label":"SANS chromoth\u00e9rapie","price":"","price_type":"quantity_based","image":0,"visibility":true},{"label":"AVEC chromoth\u00e9rapie","price":"319","price_type":"quantity_based","image":0,"visibility":true}],"id":1716304432},{"name":"Robinets","type":"multiple_choice","position":3,"required":true,"title_format":"heading","default":"","description_enable":false,"description":"","placeholder_enable":false,"placeholder":"","display":"select","restrictions_type":"any_text","adjust_price":false,"price":"","price_type":"flat_fee","restrictions":false,"min":"0","max":"0","options":[{"label":"Avec robinets","price":"","price_type":"quantity_based","image":0,"visibility":true},{"label":"Sans robinets","price":"-100","price_type":"quantity_based","image":0,"visibility":true}],"id":1748450755},{"name":"VERSION","type":"multiple_choice","position":4,"required":true,"title_format":"heading","default":"","description_enable":false,"description":"","placeholder_enable":false,"placeholder":"","display":"select","restrictions_type":"any_text","adjust_price":false,"price":"","price_type":"flat_fee","restrictions":false,"min":"0","max":"0","options":[{"label":"1A","price":"","price_type":"quantity_based","image":0,"visibility":true},{"label":"1B","price":"","price_type":"quantity_based","image":0,"visibility":true},{"label":"2A","price":"","price_type":"quantity_based","image":0,"visibility":true},{"label":"2B","price":"","price_type":"quantity_based","image":0,"visibility":true}],"id":1749050073}],"yoast_head":"<!-- This site is optimized with the Yoast SEO plugin v26.7 - https:\/\/yoast.com\/wordpress\/plugins\/seo\/ -->\n<title>Bathtub with door 120x70 cm available with or without hydromassage and chromotherapy VS121<\/title>\n<meta name=\"description\" content=\"Bathtub with inward opening door. Faucets included. Door available in white, transparent or satin finish. Additional options: whirlpool and chromotherapy\" \/>\n<meta name=\"robots\" content=\"index, follow, max-snippet:-1, max-image-preview:large, max-video-preview:-1\" \/>\n<link rel=\"canonical\" href=\"https:\/\/www.bagnoitalia.com\/fr\/produit\/bathtub-with-door-120x70-cm-available-with-or-without-hydromassage-and-chromotherapy-vs121.html\" \/>\n<meta property=\"og:locale\" content=\"fr_FR\" \/>\n<meta property=\"og:type\" content=\"article\" \/>\n<meta property=\"og:title\" content=\"Bathtub with door 120x70 cm available with or without hydromassage and chromotherapy VS121\" \/>\n<meta property=\"og:description\" content=\"Bathtub with inward opening door. Faucets included. Door available in white, transparent or satin finish. Additional options: whirlpool and chromotherapy\" \/>\n<meta property=\"og:url\" content=\"https:\/\/www.bagnoitalia.com\/fr\/produit\/bathtub-with-door-120x70-cm-available-with-or-without-hydromassage-and-chromotherapy-vs121.html\" \/>\n<meta property=\"og:site_name\" content=\"Bagno Italia\" \/>\n<meta property=\"article:modified_time\" content=\"2025-06-04T13:19:15+00:00\" \/>\n<meta property=\"og:image\" content=\"https:\/\/img.bagnoitalia.com\/wp-content\/uploads\/virtuemart\/product\/bathtub-with-door-opening-details-1.jpg\" \/>\n\t<meta property=\"og:image:width\" content=\"550\" \/>\n\t<meta property=\"og:image:height\" content=\"550\" \/>\n\t<meta property=\"og:image:type\" content=\"image\/jpeg\" \/>\n<meta name=\"twitter:card\" content=\"summary_large_image\" \/>\n<meta name=\"twitter:label1\" content=\"Dur\u00e9e de lecture estim\u00e9e\" \/>\n\t<meta name=\"twitter:data1\" content=\"1 minute\" \/>\n<script type=\"application\/ld+json\" class=\"yoast-schema-graph\">{\"@context\":\"https:\/\/schema.org\",\"@graph\":[{\"@type\":\"WebPage\",\"@id\":\"https:\/\/www.bagnoitalia.com\/fr\/produit\/bathtub-with-door-120x70-cm-available-with-or-without-hydromassage-and-chromotherapy-vs121.html\",\"url\":\"https:\/\/www.bagnoitalia.com\/fr\/produit\/bathtub-with-door-120x70-cm-available-with-or-without-hydromassage-and-chromotherapy-vs121.html\",\"name\":\"Bathtub with door 120x70 cm available with or without hydromassage and chromotherapy VS121\",\"isPartOf\":{\"@id\":\"https:\/\/www.bagnoitalia.com\/fr#website\"},\"primaryImageOfPage\":{\"@id\":\"https:\/\/www.bagnoitalia.com\/fr\/produit\/bathtub-with-door-120x70-cm-available-with-or-without-hydromassage-and-chromotherapy-vs121.html#primaryimage\"},\"image\":{\"@id\":\"https:\/\/www.bagnoitalia.com\/fr\/produit\/bathtub-with-door-120x70-cm-available-with-or-without-hydromassage-and-chromotherapy-vs121.html#primaryimage\"},\"thumbnailUrl\":\"https:\/\/img.bagnoitalia.com\/wp-content\/uploads\/virtuemart\/product\/bathtub-with-door-opening-details-1.jpg\",\"datePublished\":\"2023-02-02T14:56:50+00:00\",\"dateModified\":\"2025-06-04T13:19:15+00:00\",\"description\":\"Bathtub with inward opening door. Faucets included. Door available in white, transparent or satin finish. Additional options: whirlpool and chromotherapy\",\"breadcrumb\":{\"@id\":\"https:\/\/www.bagnoitalia.com\/fr\/produit\/bathtub-with-door-120x70-cm-available-with-or-without-hydromassage-and-chromotherapy-vs121.html#breadcrumb\"},\"inLanguage\":\"fr-FR\",\"potentialAction\":[{\"@type\":\"ReadAction\",\"target\":[\"https:\/\/www.bagnoitalia.com\/fr\/produit\/bathtub-with-door-120x70-cm-available-with-or-without-hydromassage-and-chromotherapy-vs121.html\"]}]},{\"@type\":\"ImageObject\",\"inLanguage\":\"fr-FR\",\"@id\":\"https:\/\/www.bagnoitalia.com\/fr\/produit\/bathtub-with-door-120x70-cm-available-with-or-without-hydromassage-and-chromotherapy-vs121.html#primaryimage\",\"url\":\"https:\/\/img.bagnoitalia.com\/wp-content\/uploads\/virtuemart\/product\/bathtub-with-door-opening-details-1.jpg\",\"contentUrl\":\"https:\/\/img.bagnoitalia.com\/wp-content\/uploads\/virtuemart\/product\/bathtub-with-door-opening-details-1.jpg\",\"width\":550,\"height\":550},{\"@type\":\"BreadcrumbList\",\"@id\":\"https:\/\/www.bagnoitalia.com\/fr\/produit\/bathtub-with-door-120x70-cm-available-with-or-without-hydromassage-and-chromotherapy-vs121.html#breadcrumb\",\"itemListElement\":[{\"@type\":\"ListItem\",\"position\":1,\"name\":\"Home\",\"item\":\"https:\/\/www.bagnoitalia.com\/fr\"},{\"@type\":\"ListItem\",\"position\":2,\"name\":\"Produits\",\"item\":\"https:\/\/www.bagnoitalia.com\/fr\/shop\"},{\"@type\":\"ListItem\",\"position\":3,\"name\":\"Baignoire avec porte 120&#215;70 cm disponible avec ou sans hydromassage et chromoth\u00e9rapie VS121\"}]},{\"@type\":\"WebSite\",\"@id\":\"https:\/\/www.bagnoitalia.com\/fr#website\",\"url\":\"https:\/\/www.bagnoitalia.com\/fr\",\"name\":\"Bagno Italia\",\"description\":\"\",\"publisher\":{\"@id\":\"https:\/\/www.bagnoitalia.com\/fr#organization\"},\"potentialAction\":[{\"@type\":\"SearchAction\",\"target\":{\"@type\":\"EntryPoint\",\"urlTemplate\":\"https:\/\/www.bagnoitalia.com\/fr?s={search_term_string}\"},\"query-input\":{\"@type\":\"PropertyValueSpecification\",\"valueRequired\":true,\"valueName\":\"search_term_string\"}}],\"inLanguage\":\"fr-FR\"},{\"@type\":\"Organization\",\"@id\":\"https:\/\/www.bagnoitalia.com\/fr#organization\",\"name\":\"Bagno Italia\",\"url\":\"https:\/\/www.bagnoitalia.com\/fr\",\"logo\":{\"@type\":\"ImageObject\",\"inLanguage\":\"fr-FR\",\"@id\":\"https:\/\/www.bagnoitalia.com\/fr#\/schema\/logo\/image\/\",\"url\":\"https:\/\/img.bagnoitalia.com\/wp-content\/uploads\/logo-bagnoitalia.webp\",\"contentUrl\":\"https:\/\/img.bagnoitalia.com\/wp-content\/uploads\/logo-bagnoitalia.webp\",\"width\":400,\"height\":70,\"caption\":\"Bagno Italia\"},\"image\":{\"@id\":\"https:\/\/www.bagnoitalia.com\/fr#\/schema\/logo\/image\/\"}}]}<\/script>\n<!-- \/ Yoast SEO plugin. -->","yoast_head_json":{"title":"Bathtub with door 120x70 cm available with or without hydromassage and chromotherapy VS121","description":"Bathtub with inward opening door. Faucets included. Door available in white, transparent or satin finish. Additional options: whirlpool and chromotherapy","robots":{"index":"index","follow":"follow","max-snippet":"max-snippet:-1","max-image-preview":"max-image-preview:large","max-video-preview":"max-video-preview:-1"},"canonical":"https:\/\/www.bagnoitalia.com\/fr\/produit\/bathtub-with-door-120x70-cm-available-with-or-without-hydromassage-and-chromotherapy-vs121.html","og_locale":"fr_FR","og_type":"article","og_title":"Bathtub with door 120x70 cm available with or without hydromassage and chromotherapy VS121","og_description":"Bathtub with inward opening door. Faucets included. Door available in white, transparent or satin finish. Additional options: whirlpool and chromotherapy","og_url":"https:\/\/www.bagnoitalia.com\/fr\/produit\/bathtub-with-door-120x70-cm-available-with-or-without-hydromassage-and-chromotherapy-vs121.html","og_site_name":"Bagno Italia","article_modified_time":"2025-06-04T13:19:15+00:00","og_image":[{"width":550,"height":550,"url":"https:\/\/img.bagnoitalia.com\/wp-content\/uploads\/virtuemart\/product\/bathtub-with-door-opening-details-1.jpg","type":"image\/jpeg"}],"twitter_card":"summary_large_image","twitter_misc":{"Dur\u00e9e de lecture estim\u00e9e":"1 minute"},"schema":{"@context":"https:\/\/schema.org","@graph":[{"@type":"WebPage","@id":"https:\/\/www.bagnoitalia.com\/fr\/produit\/bathtub-with-door-120x70-cm-available-with-or-without-hydromassage-and-chromotherapy-vs121.html","url":"https:\/\/www.bagnoitalia.com\/fr\/produit\/bathtub-with-door-120x70-cm-available-with-or-without-hydromassage-and-chromotherapy-vs121.html","name":"Bathtub with door 120x70 cm available with or without hydromassage and chromotherapy VS121","isPartOf":{"@id":"https:\/\/www.bagnoitalia.com\/fr#website"},"primaryImageOfPage":{"@id":"https:\/\/www.bagnoitalia.com\/fr\/produit\/bathtub-with-door-120x70-cm-available-with-or-without-hydromassage-and-chromotherapy-vs121.html#primaryimage"},"image":{"@id":"https:\/\/www.bagnoitalia.com\/fr\/produit\/bathtub-with-door-120x70-cm-available-with-or-without-hydromassage-and-chromotherapy-vs121.html#primaryimage"},"thumbnailUrl":"https:\/\/img.bagnoitalia.com\/wp-content\/uploads\/virtuemart\/product\/bathtub-with-door-opening-details-1.jpg","datePublished":"2023-02-02T14:56:50+00:00","dateModified":"2025-06-04T13:19:15+00:00","description":"Bathtub with inward opening door. Faucets included. Door available in white, transparent or satin finish. Additional options: whirlpool and chromotherapy","breadcrumb":{"@id":"https:\/\/www.bagnoitalia.com\/fr\/produit\/bathtub-with-door-120x70-cm-available-with-or-without-hydromassage-and-chromotherapy-vs121.html#breadcrumb"},"inLanguage":"fr-FR","potentialAction":[{"@type":"ReadAction","target":["https:\/\/www.bagnoitalia.com\/fr\/produit\/bathtub-with-door-120x70-cm-available-with-or-without-hydromassage-and-chromotherapy-vs121.html"]}]},{"@type":"ImageObject","inLanguage":"fr-FR","@id":"https:\/\/www.bagnoitalia.com\/fr\/produit\/bathtub-with-door-120x70-cm-available-with-or-without-hydromassage-and-chromotherapy-vs121.html#primaryimage","url":"https:\/\/img.bagnoitalia.com\/wp-content\/uploads\/virtuemart\/product\/bathtub-with-door-opening-details-1.jpg","contentUrl":"https:\/\/img.bagnoitalia.com\/wp-content\/uploads\/virtuemart\/product\/bathtub-with-door-opening-details-1.jpg","width":550,"height":550},{"@type":"BreadcrumbList","@id":"https:\/\/www.bagnoitalia.com\/fr\/produit\/bathtub-with-door-120x70-cm-available-with-or-without-hydromassage-and-chromotherapy-vs121.html#breadcrumb","itemListElement":[{"@type":"ListItem","position":1,"name":"Home","item":"https:\/\/www.bagnoitalia.com\/fr"},{"@type":"ListItem","position":2,"name":"Produits","item":"https:\/\/www.bagnoitalia.com\/fr\/shop"},{"@type":"ListItem","position":3,"name":"Baignoire avec porte 120&#215;70 cm disponible avec ou sans hydromassage et chromoth\u00e9rapie VS121"}]},{"@type":"WebSite","@id":"https:\/\/www.bagnoitalia.com\/fr#website","url":"https:\/\/www.bagnoitalia.com\/fr","name":"Bagno Italia","description":"","publisher":{"@id":"https:\/\/www.bagnoitalia.com\/fr#organization"},"potentialAction":[{"@type":"SearchAction","target":{"@type":"EntryPoint","urlTemplate":"https:\/\/www.bagnoitalia.com\/fr?s={search_term_string}"},"query-input":{"@type":"PropertyValueSpecification","valueRequired":true,"valueName":"search_term_string"}}],"inLanguage":"fr-FR"},{"@type":"Organization","@id":"https:\/\/www.bagnoitalia.com\/fr#organization","name":"Bagno Italia","url":"https:\/\/www.bagnoitalia.com\/fr","logo":{"@type":"ImageObject","inLanguage":"fr-FR","@id":"https:\/\/www.bagnoitalia.com\/fr#\/schema\/logo\/image\/","url":"https:\/\/img.bagnoitalia.com\/wp-content\/uploads\/logo-bagnoitalia.webp","contentUrl":"https:\/\/img.bagnoitalia.com\/wp-content\/uploads\/logo-bagnoitalia.webp","width":400,"height":70,"caption":"Bagno Italia"},"image":{"@id":"https:\/\/www.bagnoitalia.com\/fr#\/schema\/logo\/image\/"}}]}},"_links":{"self":[{"href":"https:\/\/www.bagnoitalia.com\/fr\/wp-json\/wp\/v2\/product\/93038","targetHints":{"allow":["GET"]}}],"collection":[{"href":"https:\/\/www.bagnoitalia.com\/fr\/wp-json\/wp\/v2\/product"}],"about":[{"href":"https:\/\/www.bagnoitalia.com\/fr\/wp-json\/wp\/v2\/types\/product"}],"replies":[{"embeddable":true,"href":"https:\/\/www.bagnoitalia.com\/fr\/wp-json\/wp\/v2\/comments?post=93038"}],"version-history":[{"count":5,"href":"https:\/\/www.bagnoitalia.com\/fr\/wp-json\/wp\/v2\/product\/93038\/revisions"}],"predecessor-version":[{"id":108821,"href":"https:\/\/www.bagnoitalia.com\/fr\/wp-json\/wp\/v2\/product\/93038\/revisions\/108821"}],"wp:featuredmedia":[{"embeddable":true,"href":"https:\/\/www.bagnoitalia.com\/fr\/wp-json\/wp\/v2\/media\/59332"}],"wp:attachment":[{"href":"https:\/\/www.bagnoitalia.com\/fr\/wp-json\/wp\/v2\/media?parent=93038"}],"wp:term":[{"taxonomy":"product_brand","embeddable":true,"href":"https:\/\/www.bagnoitalia.com\/fr\/wp-json\/wp\/v2\/product_brand?post=93038"},{"taxonomy":"product_cat","embeddable":true,"href":"https:\/\/www.bagnoitalia.com\/fr\/wp-json\/wp\/v2\/product_cat?post=93038"},{"taxonomy":"product_tag","embeddable":true,"href":"https:\/\/www.bagnoitalia.com\/fr\/wp-json\/wp\/v2\/product_tag?post=93038"}],"curies":[{"name":"wp","href":"https:\/\/api.w.org\/{rel}","templated":true}]}}