{"id":92967,"date":"2019-09-16T13:55:04","date_gmt":"2019-09-16T11:55:04","guid":{"rendered":"https:\/\/www.bagnoitalia.com\/product\/square-hydromassage-hot-tub-200x200x80-cm-with-37-jets-bluetooth-thermostatic-heater-3-pumps"},"modified":"2025-07-28T12:12:43","modified_gmt":"2025-07-28T10:12:43","slug":"square-hydromassage-hot-tub-200x200x80-cm-with-37-jets-bluetooth-thermostatic-heater-3-pumps","status":"publish","type":"product","link":"https:\/\/www.bagnoitalia.com\/fr\/produit\/square-hydromassage-hot-tub-200x200x80-cm-with-37-jets-bluetooth-thermostatic-heater-3-pumps.html","title":{"rendered":"Spa d&rsquo;hydromassage carr\u00e9 200x200x80 cm avec 37 jets bluetooth chauffage thermostatique 3 pompes MP12"},"content":{"rendered":"<p>&nbsp;<\/p>\n<p>SPA D&rsquo;HYDROMASSAGE CARR\u00c9 OPTIONNEL<\/p>\n<p>&nbsp;<\/p>\n<p>CARACT\u00c9RISTIQUES :<\/p>\n<p>Dimensions 200x200xH80 cm<\/p>\n<p>2 pompes \u00e0 eau de 1,0 CV + pompe \u00e0 air suppl\u00e9mentaire de 0,25 CV<\/p>\n<p>37 jets :<\/p>\n<p>&#8211; 19 petites buses en laiton<\/p>\n<p>&#8211; 6 grandes buses chrom\u00e9es<\/p>\n<p>&#8211; 12 bouches d&rsquo;a\u00e9ration<\/p>\n<p>Bluetooth<\/p>\n<p>Chauffage thermostatique<\/p>\n<p>Th\u00e9rapie \u00e0 l&rsquo;ozone<\/p>\n<p>Tuyaux renforc\u00e9s<\/p>\n<p>Prise d&rsquo;eau en forme de T<\/p>\n<p>Capteur \u00e9lectronique de niveau d&rsquo;eau<\/p>\n<p>Capacit\u00e9 de 1200 litres<\/p>\n<p>4 appuis-t\u00eate<\/p>\n<p>Radio FM<\/p>\n<p>Haut-parleurs<\/p>\n<p>Economiseur d&rsquo;eau \u00e9lectronique<\/p>\n<p>Panneau de commande tactile<\/p>\n<p>Chromoth\u00e9rapie avec 7 variations de couleurs<\/p>\n<p>Robinet am\u00e9ricain \u00e0 cascade<\/p>\n<p>Douche lat\u00e9rale<\/p>\n<p>R\u00e9gulateur d&rsquo;eau chaude\/froide<\/p>\n<p>Capacit\u00e9 maximale : 6-8 personnes<\/p>\n<p>&nbsp;<\/p>\n<p>NB : EN ACHETANT LE KIT COUVERTURE + T\u00c9L\u00c9COMMANDE (via le menu ci-dessus), VOUS DISPOSEREZ A LA FOIS DU PANNEAU DE CONTR\u00d4LE DU MINIPOOL ET D&rsquo;UNE T\u00c9L\u00c9COMMANDE POUR CONTR\u00d4LER LES FONCTIONS \u00c0 DISTANCE.<\/p>\n<p>&nbsp;<\/p>\n<p>MAT\u00c9RIAUX :<\/p>\n<p>Structure : 4 couches de r\u00e9sine<\/p>\n<p>Cadre : Acier<\/p>\n<p>Rev\u00eatement : ABS<\/p>\n<p>&nbsp;<\/p>\n<p>&nbsp;<\/p>\n<p>&nbsp;<\/p>\n","protected":false},"excerpt":{"rendered":"<p>Baignoire baln\u00e9o ext\u00e9rieure avec 4 appuis-t\u00eate, chromoth\u00e9rapie, 1 pompe \u00e0 air et 2 pompes \u00e0 eau<\/p>\n","protected":false},"featured_media":44785,"comment_status":"open","ping_status":"closed","template":"","meta":[],"product_brand":[9924],"product_cat":[10069],"product_tag":[],"class_list":{"0":"post-92967","1":"product","2":"type-product","3":"status-publish","4":"has-post-thumbnail","6":"product_brand-predator-arredo-casa-fr","7":"product_cat-piscines-exterieures-a-hydromassage","9":"first","10":"instock","11":"sale","12":"taxable","13":"shipping-taxable","14":"purchasable","15":"product-type-simple"},"exclude_global_add_ons":false,"addons":[{"name":"Type","type":"multiple_choice","position":0,"required":true,"title_format":"heading","default":"","description_enable":false,"description":"","placeholder_enable":false,"placeholder":"","display":"select","restrictions_type":"any_text","adjust_price":false,"price":"","price_type":"flat_fee","restrictions":false,"min":"0","max":"0","options":[{"label":"sans couvercle","price":"","price_type":"quantity_based","image":0,"visibility":true},{"label":"Avec kit de couverture et t\u00e9l\u00e9commande","price":"239","price_type":"quantity_based","image":0,"visibility":true}],"id":1716222100},{"name":"couleur","type":"multiple_choice","position":1,"required":true,"title_format":"heading","default":"","description_enable":false,"description":"","placeholder_enable":false,"placeholder":"","display":"select","restrictions_type":"any_text","adjust_price":false,"price":"","price_type":"flat_fee","restrictions":false,"min":"0","max":"0","options":[{"label":"structure grise","price":"","price_type":"quantity_based","image":0,"visibility":true},{"label":"(Pas disponible) structure marron","price":"","price_type":"quantity_based","image":0,"visibility":true}],"id":1716222101}],"yoast_head":"<!-- This site is optimized with the Yoast SEO plugin v26.7 - https:\/\/yoast.com\/wordpress\/plugins\/seo\/ -->\n<title>Square hydromassage hot tub 200x200x80 cm with 37 jets bluetooth thermostatic heater 3 pumps<\/title>\n<meta name=\"description\" content=\"Outdoor whirlpool bathtub with 4 headrests, chromotherapy, 1 air pump and 2 water pumps\" \/>\n<meta name=\"robots\" content=\"index, follow, max-snippet:-1, max-image-preview:large, max-video-preview:-1\" \/>\n<link rel=\"canonical\" href=\"https:\/\/www.bagnoitalia.com\/fr\/produit\/square-hydromassage-hot-tub-200x200x80-cm-with-37-jets-bluetooth-thermostatic-heater-3-pumps.html\" \/>\n<meta property=\"og:locale\" content=\"fr_FR\" \/>\n<meta property=\"og:type\" content=\"article\" \/>\n<meta property=\"og:title\" content=\"Square hydromassage hot tub 200x200x80 cm with 37 jets bluetooth thermostatic heater 3 pumps\" \/>\n<meta property=\"og:description\" content=\"Outdoor whirlpool bathtub with 4 headrests, chromotherapy, 1 air pump and 2 water pumps\" \/>\n<meta property=\"og:url\" content=\"https:\/\/www.bagnoitalia.com\/fr\/produit\/square-hydromassage-hot-tub-200x200x80-cm-with-37-jets-bluetooth-thermostatic-heater-3-pumps.html\" \/>\n<meta property=\"og:site_name\" content=\"Bagno Italia\" \/>\n<meta property=\"article:modified_time\" content=\"2025-07-28T10:12:43+00:00\" \/>\n<meta property=\"og:image\" content=\"https:\/\/img.bagnoitalia.com\/wp-content\/uploads\/virtuemart\/product\/minipiscina-idromassaggio-quadrata-struttura-grigia-marrone.jpg\" \/>\n\t<meta property=\"og:image:width\" content=\"1000\" \/>\n\t<meta property=\"og:image:height\" content=\"1000\" \/>\n\t<meta property=\"og:image:type\" content=\"image\/jpeg\" \/>\n<meta name=\"twitter:card\" content=\"summary_large_image\" \/>\n<meta name=\"twitter:label1\" content=\"Dur\u00e9e de lecture estim\u00e9e\" \/>\n\t<meta name=\"twitter:data1\" content=\"1 minute\" \/>\n<script type=\"application\/ld+json\" class=\"yoast-schema-graph\">{\"@context\":\"https:\/\/schema.org\",\"@graph\":[{\"@type\":\"WebPage\",\"@id\":\"https:\/\/www.bagnoitalia.com\/fr\/produit\/square-hydromassage-hot-tub-200x200x80-cm-with-37-jets-bluetooth-thermostatic-heater-3-pumps.html\",\"url\":\"https:\/\/www.bagnoitalia.com\/fr\/produit\/square-hydromassage-hot-tub-200x200x80-cm-with-37-jets-bluetooth-thermostatic-heater-3-pumps.html\",\"name\":\"Square hydromassage hot tub 200x200x80 cm with 37 jets bluetooth thermostatic heater 3 pumps\",\"isPartOf\":{\"@id\":\"https:\/\/www.bagnoitalia.com\/fr#website\"},\"primaryImageOfPage\":{\"@id\":\"https:\/\/www.bagnoitalia.com\/fr\/produit\/square-hydromassage-hot-tub-200x200x80-cm-with-37-jets-bluetooth-thermostatic-heater-3-pumps.html#primaryimage\"},\"image\":{\"@id\":\"https:\/\/www.bagnoitalia.com\/fr\/produit\/square-hydromassage-hot-tub-200x200x80-cm-with-37-jets-bluetooth-thermostatic-heater-3-pumps.html#primaryimage\"},\"thumbnailUrl\":\"https:\/\/img.bagnoitalia.com\/wp-content\/uploads\/virtuemart\/product\/minipiscina-idromassaggio-quadrata-struttura-grigia-marrone.jpg\",\"datePublished\":\"2019-09-16T11:55:04+00:00\",\"dateModified\":\"2025-07-28T10:12:43+00:00\",\"description\":\"Outdoor whirlpool bathtub with 4 headrests, chromotherapy, 1 air pump and 2 water pumps\",\"breadcrumb\":{\"@id\":\"https:\/\/www.bagnoitalia.com\/fr\/produit\/square-hydromassage-hot-tub-200x200x80-cm-with-37-jets-bluetooth-thermostatic-heater-3-pumps.html#breadcrumb\"},\"inLanguage\":\"fr-FR\",\"potentialAction\":[{\"@type\":\"ReadAction\",\"target\":[\"https:\/\/www.bagnoitalia.com\/fr\/produit\/square-hydromassage-hot-tub-200x200x80-cm-with-37-jets-bluetooth-thermostatic-heater-3-pumps.html\"]}]},{\"@type\":\"ImageObject\",\"inLanguage\":\"fr-FR\",\"@id\":\"https:\/\/www.bagnoitalia.com\/fr\/produit\/square-hydromassage-hot-tub-200x200x80-cm-with-37-jets-bluetooth-thermostatic-heater-3-pumps.html#primaryimage\",\"url\":\"https:\/\/img.bagnoitalia.com\/wp-content\/uploads\/virtuemart\/product\/minipiscina-idromassaggio-quadrata-struttura-grigia-marrone.jpg\",\"contentUrl\":\"https:\/\/img.bagnoitalia.com\/wp-content\/uploads\/virtuemart\/product\/minipiscina-idromassaggio-quadrata-struttura-grigia-marrone.jpg\",\"width\":1000,\"height\":1000},{\"@type\":\"BreadcrumbList\",\"@id\":\"https:\/\/www.bagnoitalia.com\/fr\/produit\/square-hydromassage-hot-tub-200x200x80-cm-with-37-jets-bluetooth-thermostatic-heater-3-pumps.html#breadcrumb\",\"itemListElement\":[{\"@type\":\"ListItem\",\"position\":1,\"name\":\"Home\",\"item\":\"https:\/\/www.bagnoitalia.com\/fr\"},{\"@type\":\"ListItem\",\"position\":2,\"name\":\"Produits\",\"item\":\"https:\/\/www.bagnoitalia.com\/fr\/shop\"},{\"@type\":\"ListItem\",\"position\":3,\"name\":\"Spa d&#8217;hydromassage carr\u00e9 200x200x80 cm avec 37 jets bluetooth chauffage thermostatique 3 pompes MP12\"}]},{\"@type\":\"WebSite\",\"@id\":\"https:\/\/www.bagnoitalia.com\/fr#website\",\"url\":\"https:\/\/www.bagnoitalia.com\/fr\",\"name\":\"Bagno Italia\",\"description\":\"\",\"publisher\":{\"@id\":\"https:\/\/www.bagnoitalia.com\/fr#organization\"},\"potentialAction\":[{\"@type\":\"SearchAction\",\"target\":{\"@type\":\"EntryPoint\",\"urlTemplate\":\"https:\/\/www.bagnoitalia.com\/fr?s={search_term_string}\"},\"query-input\":{\"@type\":\"PropertyValueSpecification\",\"valueRequired\":true,\"valueName\":\"search_term_string\"}}],\"inLanguage\":\"fr-FR\"},{\"@type\":\"Organization\",\"@id\":\"https:\/\/www.bagnoitalia.com\/fr#organization\",\"name\":\"Bagno Italia\",\"url\":\"https:\/\/www.bagnoitalia.com\/fr\",\"logo\":{\"@type\":\"ImageObject\",\"inLanguage\":\"fr-FR\",\"@id\":\"https:\/\/www.bagnoitalia.com\/fr#\/schema\/logo\/image\/\",\"url\":\"https:\/\/img.bagnoitalia.com\/wp-content\/uploads\/logo-bagnoitalia.webp\",\"contentUrl\":\"https:\/\/img.bagnoitalia.com\/wp-content\/uploads\/logo-bagnoitalia.webp\",\"width\":400,\"height\":70,\"caption\":\"Bagno Italia\"},\"image\":{\"@id\":\"https:\/\/www.bagnoitalia.com\/fr#\/schema\/logo\/image\/\"}}]}<\/script>\n<!-- \/ Yoast SEO plugin. -->","yoast_head_json":{"title":"Square hydromassage hot tub 200x200x80 cm with 37 jets bluetooth thermostatic heater 3 pumps","description":"Outdoor whirlpool bathtub with 4 headrests, chromotherapy, 1 air pump and 2 water pumps","robots":{"index":"index","follow":"follow","max-snippet":"max-snippet:-1","max-image-preview":"max-image-preview:large","max-video-preview":"max-video-preview:-1"},"canonical":"https:\/\/www.bagnoitalia.com\/fr\/produit\/square-hydromassage-hot-tub-200x200x80-cm-with-37-jets-bluetooth-thermostatic-heater-3-pumps.html","og_locale":"fr_FR","og_type":"article","og_title":"Square hydromassage hot tub 200x200x80 cm with 37 jets bluetooth thermostatic heater 3 pumps","og_description":"Outdoor whirlpool bathtub with 4 headrests, chromotherapy, 1 air pump and 2 water pumps","og_url":"https:\/\/www.bagnoitalia.com\/fr\/produit\/square-hydromassage-hot-tub-200x200x80-cm-with-37-jets-bluetooth-thermostatic-heater-3-pumps.html","og_site_name":"Bagno Italia","article_modified_time":"2025-07-28T10:12:43+00:00","og_image":[{"width":1000,"height":1000,"url":"https:\/\/img.bagnoitalia.com\/wp-content\/uploads\/virtuemart\/product\/minipiscina-idromassaggio-quadrata-struttura-grigia-marrone.jpg","type":"image\/jpeg"}],"twitter_card":"summary_large_image","twitter_misc":{"Dur\u00e9e de lecture estim\u00e9e":"1 minute"},"schema":{"@context":"https:\/\/schema.org","@graph":[{"@type":"WebPage","@id":"https:\/\/www.bagnoitalia.com\/fr\/produit\/square-hydromassage-hot-tub-200x200x80-cm-with-37-jets-bluetooth-thermostatic-heater-3-pumps.html","url":"https:\/\/www.bagnoitalia.com\/fr\/produit\/square-hydromassage-hot-tub-200x200x80-cm-with-37-jets-bluetooth-thermostatic-heater-3-pumps.html","name":"Square hydromassage hot tub 200x200x80 cm with 37 jets bluetooth thermostatic heater 3 pumps","isPartOf":{"@id":"https:\/\/www.bagnoitalia.com\/fr#website"},"primaryImageOfPage":{"@id":"https:\/\/www.bagnoitalia.com\/fr\/produit\/square-hydromassage-hot-tub-200x200x80-cm-with-37-jets-bluetooth-thermostatic-heater-3-pumps.html#primaryimage"},"image":{"@id":"https:\/\/www.bagnoitalia.com\/fr\/produit\/square-hydromassage-hot-tub-200x200x80-cm-with-37-jets-bluetooth-thermostatic-heater-3-pumps.html#primaryimage"},"thumbnailUrl":"https:\/\/img.bagnoitalia.com\/wp-content\/uploads\/virtuemart\/product\/minipiscina-idromassaggio-quadrata-struttura-grigia-marrone.jpg","datePublished":"2019-09-16T11:55:04+00:00","dateModified":"2025-07-28T10:12:43+00:00","description":"Outdoor whirlpool bathtub with 4 headrests, chromotherapy, 1 air pump and 2 water pumps","breadcrumb":{"@id":"https:\/\/www.bagnoitalia.com\/fr\/produit\/square-hydromassage-hot-tub-200x200x80-cm-with-37-jets-bluetooth-thermostatic-heater-3-pumps.html#breadcrumb"},"inLanguage":"fr-FR","potentialAction":[{"@type":"ReadAction","target":["https:\/\/www.bagnoitalia.com\/fr\/produit\/square-hydromassage-hot-tub-200x200x80-cm-with-37-jets-bluetooth-thermostatic-heater-3-pumps.html"]}]},{"@type":"ImageObject","inLanguage":"fr-FR","@id":"https:\/\/www.bagnoitalia.com\/fr\/produit\/square-hydromassage-hot-tub-200x200x80-cm-with-37-jets-bluetooth-thermostatic-heater-3-pumps.html#primaryimage","url":"https:\/\/img.bagnoitalia.com\/wp-content\/uploads\/virtuemart\/product\/minipiscina-idromassaggio-quadrata-struttura-grigia-marrone.jpg","contentUrl":"https:\/\/img.bagnoitalia.com\/wp-content\/uploads\/virtuemart\/product\/minipiscina-idromassaggio-quadrata-struttura-grigia-marrone.jpg","width":1000,"height":1000},{"@type":"BreadcrumbList","@id":"https:\/\/www.bagnoitalia.com\/fr\/produit\/square-hydromassage-hot-tub-200x200x80-cm-with-37-jets-bluetooth-thermostatic-heater-3-pumps.html#breadcrumb","itemListElement":[{"@type":"ListItem","position":1,"name":"Home","item":"https:\/\/www.bagnoitalia.com\/fr"},{"@type":"ListItem","position":2,"name":"Produits","item":"https:\/\/www.bagnoitalia.com\/fr\/shop"},{"@type":"ListItem","position":3,"name":"Spa d&#8217;hydromassage carr\u00e9 200x200x80 cm avec 37 jets bluetooth chauffage thermostatique 3 pompes MP12"}]},{"@type":"WebSite","@id":"https:\/\/www.bagnoitalia.com\/fr#website","url":"https:\/\/www.bagnoitalia.com\/fr","name":"Bagno Italia","description":"","publisher":{"@id":"https:\/\/www.bagnoitalia.com\/fr#organization"},"potentialAction":[{"@type":"SearchAction","target":{"@type":"EntryPoint","urlTemplate":"https:\/\/www.bagnoitalia.com\/fr?s={search_term_string}"},"query-input":{"@type":"PropertyValueSpecification","valueRequired":true,"valueName":"search_term_string"}}],"inLanguage":"fr-FR"},{"@type":"Organization","@id":"https:\/\/www.bagnoitalia.com\/fr#organization","name":"Bagno Italia","url":"https:\/\/www.bagnoitalia.com\/fr","logo":{"@type":"ImageObject","inLanguage":"fr-FR","@id":"https:\/\/www.bagnoitalia.com\/fr#\/schema\/logo\/image\/","url":"https:\/\/img.bagnoitalia.com\/wp-content\/uploads\/logo-bagnoitalia.webp","contentUrl":"https:\/\/img.bagnoitalia.com\/wp-content\/uploads\/logo-bagnoitalia.webp","width":400,"height":70,"caption":"Bagno Italia"},"image":{"@id":"https:\/\/www.bagnoitalia.com\/fr#\/schema\/logo\/image\/"}}]}},"_links":{"self":[{"href":"https:\/\/www.bagnoitalia.com\/fr\/wp-json\/wp\/v2\/product\/92967","targetHints":{"allow":["GET"]}}],"collection":[{"href":"https:\/\/www.bagnoitalia.com\/fr\/wp-json\/wp\/v2\/product"}],"about":[{"href":"https:\/\/www.bagnoitalia.com\/fr\/wp-json\/wp\/v2\/types\/product"}],"replies":[{"embeddable":true,"href":"https:\/\/www.bagnoitalia.com\/fr\/wp-json\/wp\/v2\/comments?post=92967"}],"version-history":[{"count":3,"href":"https:\/\/www.bagnoitalia.com\/fr\/wp-json\/wp\/v2\/product\/92967\/revisions"}],"predecessor-version":[{"id":109979,"href":"https:\/\/www.bagnoitalia.com\/fr\/wp-json\/wp\/v2\/product\/92967\/revisions\/109979"}],"wp:featuredmedia":[{"embeddable":true,"href":"https:\/\/www.bagnoitalia.com\/fr\/wp-json\/wp\/v2\/media\/44785"}],"wp:attachment":[{"href":"https:\/\/www.bagnoitalia.com\/fr\/wp-json\/wp\/v2\/media?parent=92967"}],"wp:term":[{"taxonomy":"product_brand","embeddable":true,"href":"https:\/\/www.bagnoitalia.com\/fr\/wp-json\/wp\/v2\/product_brand?post=92967"},{"taxonomy":"product_cat","embeddable":true,"href":"https:\/\/www.bagnoitalia.com\/fr\/wp-json\/wp\/v2\/product_cat?post=92967"},{"taxonomy":"product_tag","embeddable":true,"href":"https:\/\/www.bagnoitalia.com\/fr\/wp-json\/wp\/v2\/product_tag?post=92967"}],"curies":[{"name":"wp","href":"https:\/\/api.w.org\/{rel}","templated":true}]}}