{"id":92926,"date":"2022-02-14T13:36:56","date_gmt":"2022-02-14T12:36:56","guid":{"rendered":"https:\/\/www.bagnoitalia.com\/product\/round-hot-tub-208-cm-5-seats-33-jets-ozone-therapy-chromotherapy-mp27"},"modified":"2025-06-13T14:55:20","modified_gmt":"2025-06-13T12:55:20","slug":"round-hot-tub-208-cm-5-seats-33-jets-ozone-therapy-chromotherapy-mp27","status":"publish","type":"product","link":"https:\/\/www.bagnoitalia.com\/fr\/produit\/round-hot-tub-208-cm-5-seats-33-jets-ozone-therapy-chromotherapy-mp27.html","title":{"rendered":"Spa rond 208 cm 5 places 33 jets D\u00e9sinfectant UV Chromoth\u00e9rapie MP27"},"content":{"rendered":"<p>SPA CIRCULAIRE MP27<\/p>\n<p>&nbsp;<\/p>\n<p>CARACT\u00c9RISTIQUES :<\/p>\n<p>spa ext\u00e9rieur pour 5 personnes<\/p>\n<p>Dimensions : 208x208xH97 cm : 208x208xH97 cm<\/p>\n<p>33 jets d&rsquo;hydromassage : 23 jets d&rsquo;eau et 10 jets d&rsquo;air<\/p>\n<p>Pompe \u00e0 eau de 2,5 Hp<\/p>\n<p>1 pompe \u00e0 air Hp<\/p>\n<p>Pompe de recirculation de l&rsquo;eau 0,35 Hp<\/p>\n<p>Chauffage 3 kW (max 40\u00b0C)<\/p>\n<p>Panneau de contr\u00f4le Balboa<\/p>\n<p>D\u00e9sinfectant UV<\/p>\n<p>Chromoth\u00e9rapie<\/p>\n<p>Filtre<\/p>\n<p>Panneau de contr\u00f4le<\/p>\n<p>Mat\u00e9riau : acrylique &#8211; r\u00e9sine renforc\u00e9e de verre<\/p>\n<p>Rev\u00eatement en PVC gris effet bois<\/p>\n<p>Couverture isotherme<\/p>\n<p>Poids (vide) : 275 kg<\/p>\n<p>&nbsp;<\/p>\n<p>&nbsp;<\/p>\n","protected":false},"excerpt":{"rendered":"<p>Bain \u00e0 remous ext\u00e9rieur avec 5 si\u00e8ges, 23 jets d&rsquo;eau et 10 jets d&rsquo;air, chauffage, D\u00e9sinfectant UV, lumi\u00e8re de chromoth\u00e9rapie, filtre<\/p>\n","protected":false},"featured_media":47850,"comment_status":"open","ping_status":"closed","template":"","meta":[],"product_brand":[9909],"product_cat":[10069],"product_tag":[],"class_list":{"0":"post-92926","1":"product","2":"type-product","3":"status-publish","4":"has-post-thumbnail","6":"product_brand-puntorelax-fr","7":"product_cat-piscines-exterieures-a-hydromassage","9":"first","10":"instock","11":"sale","12":"taxable","13":"shipping-taxable","14":"purchasable","15":"product-type-simple"},"exclude_global_add_ons":[],"addons":[],"yoast_head":"<!-- This site is optimized with the Yoast SEO plugin v26.7 - https:\/\/yoast.com\/wordpress\/plugins\/seo\/ -->\n<title>Mini round whirlpool 208 cm 5 seats 33 jets Ozone therapy Chromotherapy MP27<\/title>\n<meta name=\"description\" content=\"Outdoor whirlpool bath with 5 seats, 23 water jets and 10 air jets, heater, ozonator, chromotherapy light, filter\" \/>\n<meta name=\"robots\" content=\"index, follow, max-snippet:-1, max-image-preview:large, max-video-preview:-1\" \/>\n<link rel=\"canonical\" href=\"https:\/\/www.bagnoitalia.com\/fr\/produit\/round-hot-tub-208-cm-5-seats-33-jets-ozone-therapy-chromotherapy-mp27.html\" \/>\n<meta property=\"og:locale\" content=\"fr_FR\" \/>\n<meta property=\"og:type\" content=\"article\" \/>\n<meta property=\"og:title\" content=\"Mini round whirlpool 208 cm 5 seats 33 jets Ozone therapy Chromotherapy MP27\" \/>\n<meta property=\"og:description\" content=\"Outdoor whirlpool bath with 5 seats, 23 water jets and 10 air jets, heater, ozonator, chromotherapy light, filter\" \/>\n<meta property=\"og:url\" content=\"https:\/\/www.bagnoitalia.com\/fr\/produit\/round-hot-tub-208-cm-5-seats-33-jets-ozone-therapy-chromotherapy-mp27.html\" \/>\n<meta property=\"og:site_name\" content=\"Bagno Italia\" \/>\n<meta property=\"article:modified_time\" content=\"2025-06-13T12:55:20+00:00\" \/>\n<meta property=\"og:image\" content=\"https:\/\/img.bagnoitalia.com\/wp-content\/uploads\/virtuemart\/product\/mini-pool-spa-relax-whirlpool-round-208x208.jpg\" \/>\n\t<meta property=\"og:image:width\" content=\"550\" \/>\n\t<meta property=\"og:image:height\" content=\"550\" \/>\n\t<meta property=\"og:image:type\" content=\"image\/jpeg\" \/>\n<meta name=\"twitter:card\" content=\"summary_large_image\" \/>\n<meta name=\"twitter:label1\" content=\"Dur\u00e9e de lecture estim\u00e9e\" \/>\n\t<meta name=\"twitter:data1\" content=\"1 minute\" \/>\n<script type=\"application\/ld+json\" class=\"yoast-schema-graph\">{\"@context\":\"https:\/\/schema.org\",\"@graph\":[{\"@type\":\"WebPage\",\"@id\":\"https:\/\/www.bagnoitalia.com\/fr\/produit\/round-hot-tub-208-cm-5-seats-33-jets-ozone-therapy-chromotherapy-mp27.html\",\"url\":\"https:\/\/www.bagnoitalia.com\/fr\/produit\/round-hot-tub-208-cm-5-seats-33-jets-ozone-therapy-chromotherapy-mp27.html\",\"name\":\"Mini round whirlpool 208 cm 5 seats 33 jets Ozone therapy Chromotherapy MP27\",\"isPartOf\":{\"@id\":\"https:\/\/www.bagnoitalia.com\/fr#website\"},\"primaryImageOfPage\":{\"@id\":\"https:\/\/www.bagnoitalia.com\/fr\/produit\/round-hot-tub-208-cm-5-seats-33-jets-ozone-therapy-chromotherapy-mp27.html#primaryimage\"},\"image\":{\"@id\":\"https:\/\/www.bagnoitalia.com\/fr\/produit\/round-hot-tub-208-cm-5-seats-33-jets-ozone-therapy-chromotherapy-mp27.html#primaryimage\"},\"thumbnailUrl\":\"https:\/\/img.bagnoitalia.com\/wp-content\/uploads\/virtuemart\/product\/mini-pool-spa-relax-whirlpool-round-208x208.jpg\",\"datePublished\":\"2022-02-14T12:36:56+00:00\",\"dateModified\":\"2025-06-13T12:55:20+00:00\",\"description\":\"Outdoor whirlpool bath with 5 seats, 23 water jets and 10 air jets, heater, ozonator, chromotherapy light, filter\",\"breadcrumb\":{\"@id\":\"https:\/\/www.bagnoitalia.com\/fr\/produit\/round-hot-tub-208-cm-5-seats-33-jets-ozone-therapy-chromotherapy-mp27.html#breadcrumb\"},\"inLanguage\":\"fr-FR\",\"potentialAction\":[{\"@type\":\"ReadAction\",\"target\":[\"https:\/\/www.bagnoitalia.com\/fr\/produit\/round-hot-tub-208-cm-5-seats-33-jets-ozone-therapy-chromotherapy-mp27.html\"]}]},{\"@type\":\"ImageObject\",\"inLanguage\":\"fr-FR\",\"@id\":\"https:\/\/www.bagnoitalia.com\/fr\/produit\/round-hot-tub-208-cm-5-seats-33-jets-ozone-therapy-chromotherapy-mp27.html#primaryimage\",\"url\":\"https:\/\/img.bagnoitalia.com\/wp-content\/uploads\/virtuemart\/product\/mini-pool-spa-relax-whirlpool-round-208x208.jpg\",\"contentUrl\":\"https:\/\/img.bagnoitalia.com\/wp-content\/uploads\/virtuemart\/product\/mini-pool-spa-relax-whirlpool-round-208x208.jpg\",\"width\":550,\"height\":550},{\"@type\":\"BreadcrumbList\",\"@id\":\"https:\/\/www.bagnoitalia.com\/fr\/produit\/round-hot-tub-208-cm-5-seats-33-jets-ozone-therapy-chromotherapy-mp27.html#breadcrumb\",\"itemListElement\":[{\"@type\":\"ListItem\",\"position\":1,\"name\":\"Home\",\"item\":\"https:\/\/www.bagnoitalia.com\/fr\"},{\"@type\":\"ListItem\",\"position\":2,\"name\":\"Produits\",\"item\":\"https:\/\/www.bagnoitalia.com\/fr\/shop\"},{\"@type\":\"ListItem\",\"position\":3,\"name\":\"Spa rond 208 cm 5 places 33 jets D\u00e9sinfectant UV Chromoth\u00e9rapie MP27\"}]},{\"@type\":\"WebSite\",\"@id\":\"https:\/\/www.bagnoitalia.com\/fr#website\",\"url\":\"https:\/\/www.bagnoitalia.com\/fr\",\"name\":\"Bagno Italia\",\"description\":\"\",\"publisher\":{\"@id\":\"https:\/\/www.bagnoitalia.com\/fr#organization\"},\"potentialAction\":[{\"@type\":\"SearchAction\",\"target\":{\"@type\":\"EntryPoint\",\"urlTemplate\":\"https:\/\/www.bagnoitalia.com\/fr?s={search_term_string}\"},\"query-input\":{\"@type\":\"PropertyValueSpecification\",\"valueRequired\":true,\"valueName\":\"search_term_string\"}}],\"inLanguage\":\"fr-FR\"},{\"@type\":\"Organization\",\"@id\":\"https:\/\/www.bagnoitalia.com\/fr#organization\",\"name\":\"Bagno Italia\",\"url\":\"https:\/\/www.bagnoitalia.com\/fr\",\"logo\":{\"@type\":\"ImageObject\",\"inLanguage\":\"fr-FR\",\"@id\":\"https:\/\/www.bagnoitalia.com\/fr#\/schema\/logo\/image\/\",\"url\":\"https:\/\/img.bagnoitalia.com\/wp-content\/uploads\/logo-bagnoitalia.webp\",\"contentUrl\":\"https:\/\/img.bagnoitalia.com\/wp-content\/uploads\/logo-bagnoitalia.webp\",\"width\":400,\"height\":70,\"caption\":\"Bagno Italia\"},\"image\":{\"@id\":\"https:\/\/www.bagnoitalia.com\/fr#\/schema\/logo\/image\/\"}}]}<\/script>\n<!-- \/ Yoast SEO plugin. -->","yoast_head_json":{"title":"Mini round whirlpool 208 cm 5 seats 33 jets Ozone therapy Chromotherapy MP27","description":"Outdoor whirlpool bath with 5 seats, 23 water jets and 10 air jets, heater, ozonator, chromotherapy light, filter","robots":{"index":"index","follow":"follow","max-snippet":"max-snippet:-1","max-image-preview":"max-image-preview:large","max-video-preview":"max-video-preview:-1"},"canonical":"https:\/\/www.bagnoitalia.com\/fr\/produit\/round-hot-tub-208-cm-5-seats-33-jets-ozone-therapy-chromotherapy-mp27.html","og_locale":"fr_FR","og_type":"article","og_title":"Mini round whirlpool 208 cm 5 seats 33 jets Ozone therapy Chromotherapy MP27","og_description":"Outdoor whirlpool bath with 5 seats, 23 water jets and 10 air jets, heater, ozonator, chromotherapy light, filter","og_url":"https:\/\/www.bagnoitalia.com\/fr\/produit\/round-hot-tub-208-cm-5-seats-33-jets-ozone-therapy-chromotherapy-mp27.html","og_site_name":"Bagno Italia","article_modified_time":"2025-06-13T12:55:20+00:00","og_image":[{"width":550,"height":550,"url":"https:\/\/img.bagnoitalia.com\/wp-content\/uploads\/virtuemart\/product\/mini-pool-spa-relax-whirlpool-round-208x208.jpg","type":"image\/jpeg"}],"twitter_card":"summary_large_image","twitter_misc":{"Dur\u00e9e de lecture estim\u00e9e":"1 minute"},"schema":{"@context":"https:\/\/schema.org","@graph":[{"@type":"WebPage","@id":"https:\/\/www.bagnoitalia.com\/fr\/produit\/round-hot-tub-208-cm-5-seats-33-jets-ozone-therapy-chromotherapy-mp27.html","url":"https:\/\/www.bagnoitalia.com\/fr\/produit\/round-hot-tub-208-cm-5-seats-33-jets-ozone-therapy-chromotherapy-mp27.html","name":"Mini round whirlpool 208 cm 5 seats 33 jets Ozone therapy Chromotherapy MP27","isPartOf":{"@id":"https:\/\/www.bagnoitalia.com\/fr#website"},"primaryImageOfPage":{"@id":"https:\/\/www.bagnoitalia.com\/fr\/produit\/round-hot-tub-208-cm-5-seats-33-jets-ozone-therapy-chromotherapy-mp27.html#primaryimage"},"image":{"@id":"https:\/\/www.bagnoitalia.com\/fr\/produit\/round-hot-tub-208-cm-5-seats-33-jets-ozone-therapy-chromotherapy-mp27.html#primaryimage"},"thumbnailUrl":"https:\/\/img.bagnoitalia.com\/wp-content\/uploads\/virtuemart\/product\/mini-pool-spa-relax-whirlpool-round-208x208.jpg","datePublished":"2022-02-14T12:36:56+00:00","dateModified":"2025-06-13T12:55:20+00:00","description":"Outdoor whirlpool bath with 5 seats, 23 water jets and 10 air jets, heater, ozonator, chromotherapy light, filter","breadcrumb":{"@id":"https:\/\/www.bagnoitalia.com\/fr\/produit\/round-hot-tub-208-cm-5-seats-33-jets-ozone-therapy-chromotherapy-mp27.html#breadcrumb"},"inLanguage":"fr-FR","potentialAction":[{"@type":"ReadAction","target":["https:\/\/www.bagnoitalia.com\/fr\/produit\/round-hot-tub-208-cm-5-seats-33-jets-ozone-therapy-chromotherapy-mp27.html"]}]},{"@type":"ImageObject","inLanguage":"fr-FR","@id":"https:\/\/www.bagnoitalia.com\/fr\/produit\/round-hot-tub-208-cm-5-seats-33-jets-ozone-therapy-chromotherapy-mp27.html#primaryimage","url":"https:\/\/img.bagnoitalia.com\/wp-content\/uploads\/virtuemart\/product\/mini-pool-spa-relax-whirlpool-round-208x208.jpg","contentUrl":"https:\/\/img.bagnoitalia.com\/wp-content\/uploads\/virtuemart\/product\/mini-pool-spa-relax-whirlpool-round-208x208.jpg","width":550,"height":550},{"@type":"BreadcrumbList","@id":"https:\/\/www.bagnoitalia.com\/fr\/produit\/round-hot-tub-208-cm-5-seats-33-jets-ozone-therapy-chromotherapy-mp27.html#breadcrumb","itemListElement":[{"@type":"ListItem","position":1,"name":"Home","item":"https:\/\/www.bagnoitalia.com\/fr"},{"@type":"ListItem","position":2,"name":"Produits","item":"https:\/\/www.bagnoitalia.com\/fr\/shop"},{"@type":"ListItem","position":3,"name":"Spa rond 208 cm 5 places 33 jets D\u00e9sinfectant UV Chromoth\u00e9rapie MP27"}]},{"@type":"WebSite","@id":"https:\/\/www.bagnoitalia.com\/fr#website","url":"https:\/\/www.bagnoitalia.com\/fr","name":"Bagno Italia","description":"","publisher":{"@id":"https:\/\/www.bagnoitalia.com\/fr#organization"},"potentialAction":[{"@type":"SearchAction","target":{"@type":"EntryPoint","urlTemplate":"https:\/\/www.bagnoitalia.com\/fr?s={search_term_string}"},"query-input":{"@type":"PropertyValueSpecification","valueRequired":true,"valueName":"search_term_string"}}],"inLanguage":"fr-FR"},{"@type":"Organization","@id":"https:\/\/www.bagnoitalia.com\/fr#organization","name":"Bagno Italia","url":"https:\/\/www.bagnoitalia.com\/fr","logo":{"@type":"ImageObject","inLanguage":"fr-FR","@id":"https:\/\/www.bagnoitalia.com\/fr#\/schema\/logo\/image\/","url":"https:\/\/img.bagnoitalia.com\/wp-content\/uploads\/logo-bagnoitalia.webp","contentUrl":"https:\/\/img.bagnoitalia.com\/wp-content\/uploads\/logo-bagnoitalia.webp","width":400,"height":70,"caption":"Bagno Italia"},"image":{"@id":"https:\/\/www.bagnoitalia.com\/fr#\/schema\/logo\/image\/"}}]}},"_links":{"self":[{"href":"https:\/\/www.bagnoitalia.com\/fr\/wp-json\/wp\/v2\/product\/92926","targetHints":{"allow":["GET"]}}],"collection":[{"href":"https:\/\/www.bagnoitalia.com\/fr\/wp-json\/wp\/v2\/product"}],"about":[{"href":"https:\/\/www.bagnoitalia.com\/fr\/wp-json\/wp\/v2\/types\/product"}],"replies":[{"embeddable":true,"href":"https:\/\/www.bagnoitalia.com\/fr\/wp-json\/wp\/v2\/comments?post=92926"}],"version-history":[{"count":2,"href":"https:\/\/www.bagnoitalia.com\/fr\/wp-json\/wp\/v2\/product\/92926\/revisions"}],"predecessor-version":[{"id":109023,"href":"https:\/\/www.bagnoitalia.com\/fr\/wp-json\/wp\/v2\/product\/92926\/revisions\/109023"}],"wp:featuredmedia":[{"embeddable":true,"href":"https:\/\/www.bagnoitalia.com\/fr\/wp-json\/wp\/v2\/media\/47850"}],"wp:attachment":[{"href":"https:\/\/www.bagnoitalia.com\/fr\/wp-json\/wp\/v2\/media?parent=92926"}],"wp:term":[{"taxonomy":"product_brand","embeddable":true,"href":"https:\/\/www.bagnoitalia.com\/fr\/wp-json\/wp\/v2\/product_brand?post=92926"},{"taxonomy":"product_cat","embeddable":true,"href":"https:\/\/www.bagnoitalia.com\/fr\/wp-json\/wp\/v2\/product_cat?post=92926"},{"taxonomy":"product_tag","embeddable":true,"href":"https:\/\/www.bagnoitalia.com\/fr\/wp-json\/wp\/v2\/product_tag?post=92926"}],"curies":[{"name":"wp","href":"https:\/\/api.w.org\/{rel}","templated":true}]}}