{"id":92906,"date":"2022-02-11T12:43:14","date_gmt":"2022-02-11T11:43:14","guid":{"rendered":"https:\/\/www.bagnoitalia.com\/product\/whirlpool-spa-relax-403x230-cm-84-jets-8-seats-chromotherapy-ozone-therapy-mp25"},"modified":"2025-07-21T15:22:59","modified_gmt":"2025-07-21T13:22:59","slug":"whirlpool-spa-relax-403x230-cm-84-jets-8-seats-chromotherapy-ozone-therapy-mp25","status":"publish","type":"product","link":"https:\/\/www.bagnoitalia.com\/fr\/produit\/whirlpool-spa-relax-403x230-cm-84-jets-8-seats-chromotherapy-ozone-therapy-mp25.html","title":{"rendered":"Whirlpool 403&#215;230 cm 84 jets 8 places bluetooth spa relaxation chromoth\u00e9rapie ozone th\u00e9rapie MP25"},"content":{"rendered":"<p>Whirlpool MP25<\/p>\n<p>&nbsp;<\/p>\n<p>D\u00c9TAILS :<\/p>\n<p>dimensions : 403x230xH95 cm<\/p>\n<p>no. 84 jets d&rsquo;hydromassage (avec intensit\u00e9 r\u00e9glable) dont 64 jets d&rsquo;eau et 20 jets d&rsquo;air<\/p>\n<p>nb. 8 si\u00e8ges d&rsquo;hydromassage (3 avec appui-t\u00eate)<\/p>\n<p>3 pompes \u00e0 eau (1,5 kW)<\/p>\n<p>2 pompes \u00e0 air : l&rsquo;une de 0,7 kW et l&rsquo;autre de 0,4 kW<\/p>\n<p>no. 1 pompe de filtration de 0,375 kW<\/p>\n<p>Panneau de commande<\/p>\n<p>Radio FM avec Bluetooth<\/p>\n<p>Haut-parleurs<\/p>\n<p>Chromoth\u00e9rapie<\/p>\n<p>Aromath\u00e9rapie<\/p>\n<p>Filtration automatique<\/p>\n<p>Chauffage 3 kW<\/p>\n<p>Ozonoth\u00e9rapie<\/p>\n<p>Capacit\u00e9 maximale : 2600 L<\/p>\n<p>Ch\u00e2ssis en aluminium<\/p>\n<p>Coque en Aristech<\/p>\n<p>Certifications : Iso 9001 et CE<\/p>\n<p>ATTENTION : L&rsquo;\u00c9CHELLE N&rsquo;EST PAS INCLUSE DANS LE PRIX<\/p>\n","protected":false},"excerpt":{"rendered":"<p>Mini-piscine rectangulaire 403x230xH95 cm multifonctionnelle avec : radio, aromath\u00e9rapie, lumi\u00e8res LED pour chromoth\u00e9rapie, ozonoth\u00e9rapie, fontaines push-up<\/p>\n","protected":false},"featured_media":109552,"comment_status":"open","ping_status":"closed","template":"","meta":[],"product_brand":[9879],"product_cat":[10069],"product_tag":[],"class_list":{"0":"post-92906","1":"product","2":"type-product","3":"status-publish","4":"has-post-thumbnail","6":"product_brand-vari-produttori-fr","7":"product_cat-piscines-exterieures-a-hydromassage","9":"first","10":"instock","11":"sale","12":"taxable","13":"shipping-taxable","14":"purchasable","15":"product-type-simple"},"exclude_global_add_ons":false,"addons":[{"name":"Type","type":"multiple_choice","position":0,"required":true,"title_format":"heading","default":"","description_enable":false,"description":"","placeholder_enable":false,"placeholder":"","display":"select","restrictions_type":"any_text","adjust_price":false,"price":"","price_type":"flat_fee","restrictions":false,"min":"0","max":"0","options":[{"label":"sans couverture isotherme","price":"","price_type":"quantity_based","image":0,"visibility":true},{"label":"avec couverture isotherme","price":"1499","price_type":"quantity_based","image":0,"visibility":true}],"id":1716215652},{"name":"Couleur","type":"multiple_choice","position":1,"required":true,"title_format":"heading","default":"","description_enable":false,"description":"","placeholder_enable":false,"placeholder":"","display":"select","restrictions_type":"any_text","adjust_price":false,"price":"","price_type":"flat_fee","restrictions":false,"min":"0","max":"0","options":[{"label":"gris int\u00e9rieur blanc","price":"","price_type":"quantity_based","image":0,"visibility":true},{"label":"marron int\u00e9rieur blanc","price":"","price_type":"quantity_based","image":0,"visibility":true}],"id":1753111379},{"name":"Accessoires","type":"multiple_choice","position":2,"required":true,"title_format":"heading","default":"","description_enable":false,"description":"","placeholder_enable":false,"placeholder":"","display":"select","restrictions_type":"any_text","adjust_price":false,"price":"","price_type":"flat_fee","restrictions":false,"min":"0","max":"0","options":[{"label":"sans \u00e9chelle","price":"","price_type":"quantity_based","image":0,"visibility":true},{"label":"avec \u00e9chelle","price":"229","price_type":"quantity_based","image":0,"visibility":true}],"id":1753111380}],"yoast_head":"<!-- This site is optimized with the Yoast SEO plugin v26.7 - https:\/\/yoast.com\/wordpress\/plugins\/seo\/ -->\n<title>Whirlpool spa relax 403x230 cm 84 jets 8 seats chromotherapy ozone therapy MP25<\/title>\n<meta name=\"description\" content=\"Rectangular 403x230xH95 cm multifunctional mini-pool with: radio, aromatherapy, led lights for chromotherapy, ozone therapy, push-up fountains\" \/>\n<meta name=\"robots\" content=\"index, follow, max-snippet:-1, max-image-preview:large, max-video-preview:-1\" \/>\n<link rel=\"canonical\" href=\"https:\/\/www.bagnoitalia.com\/fr\/produit\/whirlpool-spa-relax-403x230-cm-84-jets-8-seats-chromotherapy-ozone-therapy-mp25.html\" \/>\n<meta property=\"og:locale\" content=\"fr_FR\" \/>\n<meta property=\"og:type\" content=\"article\" \/>\n<meta property=\"og:title\" content=\"Whirlpool spa relax 403x230 cm 84 jets 8 seats chromotherapy ozone therapy MP25\" \/>\n<meta property=\"og:description\" content=\"Rectangular 403x230xH95 cm multifunctional mini-pool with: radio, aromatherapy, led lights for chromotherapy, ozone therapy, push-up fountains\" \/>\n<meta property=\"og:url\" content=\"https:\/\/www.bagnoitalia.com\/fr\/produit\/whirlpool-spa-relax-403x230-cm-84-jets-8-seats-chromotherapy-ozone-therapy-mp25.html\" \/>\n<meta property=\"og:site_name\" content=\"Bagno Italia\" \/>\n<meta property=\"article:modified_time\" content=\"2025-07-21T13:22:59+00:00\" \/>\n<meta property=\"og:image\" content=\"https:\/\/img.bagnoitalia.com\/wp-content\/uploads\/1-36.jpg\" \/>\n\t<meta property=\"og:image:width\" content=\"550\" \/>\n\t<meta property=\"og:image:height\" content=\"550\" \/>\n\t<meta property=\"og:image:type\" content=\"image\/jpeg\" \/>\n<meta name=\"twitter:card\" content=\"summary_large_image\" \/>\n<meta name=\"twitter:label1\" content=\"Dur\u00e9e de lecture estim\u00e9e\" \/>\n\t<meta name=\"twitter:data1\" content=\"1 minute\" \/>\n<script type=\"application\/ld+json\" class=\"yoast-schema-graph\">{\"@context\":\"https:\/\/schema.org\",\"@graph\":[{\"@type\":\"WebPage\",\"@id\":\"https:\/\/www.bagnoitalia.com\/fr\/produit\/whirlpool-spa-relax-403x230-cm-84-jets-8-seats-chromotherapy-ozone-therapy-mp25.html\",\"url\":\"https:\/\/www.bagnoitalia.com\/fr\/produit\/whirlpool-spa-relax-403x230-cm-84-jets-8-seats-chromotherapy-ozone-therapy-mp25.html\",\"name\":\"Whirlpool spa relax 403x230 cm 84 jets 8 seats chromotherapy ozone therapy MP25\",\"isPartOf\":{\"@id\":\"https:\/\/www.bagnoitalia.com\/fr#website\"},\"primaryImageOfPage\":{\"@id\":\"https:\/\/www.bagnoitalia.com\/fr\/produit\/whirlpool-spa-relax-403x230-cm-84-jets-8-seats-chromotherapy-ozone-therapy-mp25.html#primaryimage\"},\"image\":{\"@id\":\"https:\/\/www.bagnoitalia.com\/fr\/produit\/whirlpool-spa-relax-403x230-cm-84-jets-8-seats-chromotherapy-ozone-therapy-mp25.html#primaryimage\"},\"thumbnailUrl\":\"https:\/\/img.bagnoitalia.com\/wp-content\/uploads\/1-36.jpg\",\"datePublished\":\"2022-02-11T11:43:14+00:00\",\"dateModified\":\"2025-07-21T13:22:59+00:00\",\"description\":\"Rectangular 403x230xH95 cm multifunctional mini-pool with: radio, aromatherapy, led lights for chromotherapy, ozone therapy, push-up fountains\",\"breadcrumb\":{\"@id\":\"https:\/\/www.bagnoitalia.com\/fr\/produit\/whirlpool-spa-relax-403x230-cm-84-jets-8-seats-chromotherapy-ozone-therapy-mp25.html#breadcrumb\"},\"inLanguage\":\"fr-FR\",\"potentialAction\":[{\"@type\":\"ReadAction\",\"target\":[\"https:\/\/www.bagnoitalia.com\/fr\/produit\/whirlpool-spa-relax-403x230-cm-84-jets-8-seats-chromotherapy-ozone-therapy-mp25.html\"]}]},{\"@type\":\"ImageObject\",\"inLanguage\":\"fr-FR\",\"@id\":\"https:\/\/www.bagnoitalia.com\/fr\/produit\/whirlpool-spa-relax-403x230-cm-84-jets-8-seats-chromotherapy-ozone-therapy-mp25.html#primaryimage\",\"url\":\"https:\/\/img.bagnoitalia.com\/wp-content\/uploads\/1-36.jpg\",\"contentUrl\":\"https:\/\/img.bagnoitalia.com\/wp-content\/uploads\/1-36.jpg\",\"width\":550,\"height\":550},{\"@type\":\"BreadcrumbList\",\"@id\":\"https:\/\/www.bagnoitalia.com\/fr\/produit\/whirlpool-spa-relax-403x230-cm-84-jets-8-seats-chromotherapy-ozone-therapy-mp25.html#breadcrumb\",\"itemListElement\":[{\"@type\":\"ListItem\",\"position\":1,\"name\":\"Home\",\"item\":\"https:\/\/www.bagnoitalia.com\/fr\"},{\"@type\":\"ListItem\",\"position\":2,\"name\":\"Produits\",\"item\":\"https:\/\/www.bagnoitalia.com\/fr\/shop\"},{\"@type\":\"ListItem\",\"position\":3,\"name\":\"Whirlpool 403&#215;230 cm 84 jets 8 places bluetooth spa relaxation chromoth\u00e9rapie ozone th\u00e9rapie MP25\"}]},{\"@type\":\"WebSite\",\"@id\":\"https:\/\/www.bagnoitalia.com\/fr#website\",\"url\":\"https:\/\/www.bagnoitalia.com\/fr\",\"name\":\"Bagno Italia\",\"description\":\"\",\"publisher\":{\"@id\":\"https:\/\/www.bagnoitalia.com\/fr#organization\"},\"potentialAction\":[{\"@type\":\"SearchAction\",\"target\":{\"@type\":\"EntryPoint\",\"urlTemplate\":\"https:\/\/www.bagnoitalia.com\/fr?s={search_term_string}\"},\"query-input\":{\"@type\":\"PropertyValueSpecification\",\"valueRequired\":true,\"valueName\":\"search_term_string\"}}],\"inLanguage\":\"fr-FR\"},{\"@type\":\"Organization\",\"@id\":\"https:\/\/www.bagnoitalia.com\/fr#organization\",\"name\":\"Bagno Italia\",\"url\":\"https:\/\/www.bagnoitalia.com\/fr\",\"logo\":{\"@type\":\"ImageObject\",\"inLanguage\":\"fr-FR\",\"@id\":\"https:\/\/www.bagnoitalia.com\/fr#\/schema\/logo\/image\/\",\"url\":\"https:\/\/img.bagnoitalia.com\/wp-content\/uploads\/logo-bagnoitalia.webp\",\"contentUrl\":\"https:\/\/img.bagnoitalia.com\/wp-content\/uploads\/logo-bagnoitalia.webp\",\"width\":400,\"height\":70,\"caption\":\"Bagno Italia\"},\"image\":{\"@id\":\"https:\/\/www.bagnoitalia.com\/fr#\/schema\/logo\/image\/\"}}]}<\/script>\n<!-- \/ Yoast SEO plugin. -->","yoast_head_json":{"title":"Whirlpool spa relax 403x230 cm 84 jets 8 seats chromotherapy ozone therapy MP25","description":"Rectangular 403x230xH95 cm multifunctional mini-pool with: radio, aromatherapy, led lights for chromotherapy, ozone therapy, push-up fountains","robots":{"index":"index","follow":"follow","max-snippet":"max-snippet:-1","max-image-preview":"max-image-preview:large","max-video-preview":"max-video-preview:-1"},"canonical":"https:\/\/www.bagnoitalia.com\/fr\/produit\/whirlpool-spa-relax-403x230-cm-84-jets-8-seats-chromotherapy-ozone-therapy-mp25.html","og_locale":"fr_FR","og_type":"article","og_title":"Whirlpool spa relax 403x230 cm 84 jets 8 seats chromotherapy ozone therapy MP25","og_description":"Rectangular 403x230xH95 cm multifunctional mini-pool with: radio, aromatherapy, led lights for chromotherapy, ozone therapy, push-up fountains","og_url":"https:\/\/www.bagnoitalia.com\/fr\/produit\/whirlpool-spa-relax-403x230-cm-84-jets-8-seats-chromotherapy-ozone-therapy-mp25.html","og_site_name":"Bagno Italia","article_modified_time":"2025-07-21T13:22:59+00:00","og_image":[{"width":550,"height":550,"url":"https:\/\/img.bagnoitalia.com\/wp-content\/uploads\/1-36.jpg","type":"image\/jpeg"}],"twitter_card":"summary_large_image","twitter_misc":{"Dur\u00e9e de lecture estim\u00e9e":"1 minute"},"schema":{"@context":"https:\/\/schema.org","@graph":[{"@type":"WebPage","@id":"https:\/\/www.bagnoitalia.com\/fr\/produit\/whirlpool-spa-relax-403x230-cm-84-jets-8-seats-chromotherapy-ozone-therapy-mp25.html","url":"https:\/\/www.bagnoitalia.com\/fr\/produit\/whirlpool-spa-relax-403x230-cm-84-jets-8-seats-chromotherapy-ozone-therapy-mp25.html","name":"Whirlpool spa relax 403x230 cm 84 jets 8 seats chromotherapy ozone therapy MP25","isPartOf":{"@id":"https:\/\/www.bagnoitalia.com\/fr#website"},"primaryImageOfPage":{"@id":"https:\/\/www.bagnoitalia.com\/fr\/produit\/whirlpool-spa-relax-403x230-cm-84-jets-8-seats-chromotherapy-ozone-therapy-mp25.html#primaryimage"},"image":{"@id":"https:\/\/www.bagnoitalia.com\/fr\/produit\/whirlpool-spa-relax-403x230-cm-84-jets-8-seats-chromotherapy-ozone-therapy-mp25.html#primaryimage"},"thumbnailUrl":"https:\/\/img.bagnoitalia.com\/wp-content\/uploads\/1-36.jpg","datePublished":"2022-02-11T11:43:14+00:00","dateModified":"2025-07-21T13:22:59+00:00","description":"Rectangular 403x230xH95 cm multifunctional mini-pool with: radio, aromatherapy, led lights for chromotherapy, ozone therapy, push-up fountains","breadcrumb":{"@id":"https:\/\/www.bagnoitalia.com\/fr\/produit\/whirlpool-spa-relax-403x230-cm-84-jets-8-seats-chromotherapy-ozone-therapy-mp25.html#breadcrumb"},"inLanguage":"fr-FR","potentialAction":[{"@type":"ReadAction","target":["https:\/\/www.bagnoitalia.com\/fr\/produit\/whirlpool-spa-relax-403x230-cm-84-jets-8-seats-chromotherapy-ozone-therapy-mp25.html"]}]},{"@type":"ImageObject","inLanguage":"fr-FR","@id":"https:\/\/www.bagnoitalia.com\/fr\/produit\/whirlpool-spa-relax-403x230-cm-84-jets-8-seats-chromotherapy-ozone-therapy-mp25.html#primaryimage","url":"https:\/\/img.bagnoitalia.com\/wp-content\/uploads\/1-36.jpg","contentUrl":"https:\/\/img.bagnoitalia.com\/wp-content\/uploads\/1-36.jpg","width":550,"height":550},{"@type":"BreadcrumbList","@id":"https:\/\/www.bagnoitalia.com\/fr\/produit\/whirlpool-spa-relax-403x230-cm-84-jets-8-seats-chromotherapy-ozone-therapy-mp25.html#breadcrumb","itemListElement":[{"@type":"ListItem","position":1,"name":"Home","item":"https:\/\/www.bagnoitalia.com\/fr"},{"@type":"ListItem","position":2,"name":"Produits","item":"https:\/\/www.bagnoitalia.com\/fr\/shop"},{"@type":"ListItem","position":3,"name":"Whirlpool 403&#215;230 cm 84 jets 8 places bluetooth spa relaxation chromoth\u00e9rapie ozone th\u00e9rapie MP25"}]},{"@type":"WebSite","@id":"https:\/\/www.bagnoitalia.com\/fr#website","url":"https:\/\/www.bagnoitalia.com\/fr","name":"Bagno Italia","description":"","publisher":{"@id":"https:\/\/www.bagnoitalia.com\/fr#organization"},"potentialAction":[{"@type":"SearchAction","target":{"@type":"EntryPoint","urlTemplate":"https:\/\/www.bagnoitalia.com\/fr?s={search_term_string}"},"query-input":{"@type":"PropertyValueSpecification","valueRequired":true,"valueName":"search_term_string"}}],"inLanguage":"fr-FR"},{"@type":"Organization","@id":"https:\/\/www.bagnoitalia.com\/fr#organization","name":"Bagno Italia","url":"https:\/\/www.bagnoitalia.com\/fr","logo":{"@type":"ImageObject","inLanguage":"fr-FR","@id":"https:\/\/www.bagnoitalia.com\/fr#\/schema\/logo\/image\/","url":"https:\/\/img.bagnoitalia.com\/wp-content\/uploads\/logo-bagnoitalia.webp","contentUrl":"https:\/\/img.bagnoitalia.com\/wp-content\/uploads\/logo-bagnoitalia.webp","width":400,"height":70,"caption":"Bagno Italia"},"image":{"@id":"https:\/\/www.bagnoitalia.com\/fr#\/schema\/logo\/image\/"}}]}},"_links":{"self":[{"href":"https:\/\/www.bagnoitalia.com\/fr\/wp-json\/wp\/v2\/product\/92906","targetHints":{"allow":["GET"]}}],"collection":[{"href":"https:\/\/www.bagnoitalia.com\/fr\/wp-json\/wp\/v2\/product"}],"about":[{"href":"https:\/\/www.bagnoitalia.com\/fr\/wp-json\/wp\/v2\/types\/product"}],"replies":[{"embeddable":true,"href":"https:\/\/www.bagnoitalia.com\/fr\/wp-json\/wp\/v2\/comments?post=92906"}],"version-history":[{"count":5,"href":"https:\/\/www.bagnoitalia.com\/fr\/wp-json\/wp\/v2\/product\/92906\/revisions"}],"predecessor-version":[{"id":109622,"href":"https:\/\/www.bagnoitalia.com\/fr\/wp-json\/wp\/v2\/product\/92906\/revisions\/109622"}],"wp:featuredmedia":[{"embeddable":true,"href":"https:\/\/www.bagnoitalia.com\/fr\/wp-json\/wp\/v2\/media\/109552"}],"wp:attachment":[{"href":"https:\/\/www.bagnoitalia.com\/fr\/wp-json\/wp\/v2\/media?parent=92906"}],"wp:term":[{"taxonomy":"product_brand","embeddable":true,"href":"https:\/\/www.bagnoitalia.com\/fr\/wp-json\/wp\/v2\/product_brand?post=92906"},{"taxonomy":"product_cat","embeddable":true,"href":"https:\/\/www.bagnoitalia.com\/fr\/wp-json\/wp\/v2\/product_cat?post=92906"},{"taxonomy":"product_tag","embeddable":true,"href":"https:\/\/www.bagnoitalia.com\/fr\/wp-json\/wp\/v2\/product_tag?post=92906"}],"curies":[{"name":"wp","href":"https:\/\/api.w.org\/{rel}","templated":true}]}}