{"id":92799,"date":"2019-12-12T16:07:13","date_gmt":"2019-12-12T15:07:13","guid":{"rendered":"https:\/\/www.bagnoitalia.com\/product\/floor-mounted-bathroom-furniture-60-80-100-120-cm-and-mineral-marble-sink-elise-model"},"modified":"2025-06-05T15:17:57","modified_gmt":"2025-06-05T13:17:57","slug":"floor-mounted-bathroom-furniture-60-80-100-120-cm-and-mineral-marble-sink-elise-model","status":"publish","type":"product","link":"https:\/\/www.bagnoitalia.com\/fr\/produit\/floor-mounted-bathroom-furniture-60-80-100-120-cm-and-mineral-marble-sink-elise-model.html","title":{"rendered":"Meuble de salle de bain sur pied 60, 80, 100, 120 cm et vasque en marbre min\u00e9ral mod\u00e8le Elia"},"content":{"rendered":"<p>MEUBLE DE SALLE DE BAIN MOD\u00c8LE ELIA<\/p>\n<p>Caract\u00e9ristiques :<\/p>\n<p>Dimensions disponibles :<\/p>\n<p>&#8211; 60 cm base avec 2 tiroirs, miroir et \u00e9clairage<\/p>\n<p>&#8211; Base de 80 cm avec 2 tiroirs, miroir, \u00e9clairage et unit\u00e9 murale EXCLUSIVEMENT \u00c0 DROITE<\/p>\n<p>&#8211; Base de 100 cm avec 2 tiroirs et 2 portes, miroir, \u00e9clairage et unit\u00e9 murale EXCLUSIVEMENT \u00c0 DROITE<\/p>\n<p>&#8211; Socle de 120 cm avec 2 tiroirs et 2 portes, miroir, \u00e9clairage et 2 \u00e9l\u00e9ments hauts<\/p>\n<p>\u00e9vier en marbre min\u00e9ral<\/p>\n<p>Poign\u00e9e de gorge<\/p>\n<p>syst\u00e8me soft-close<\/p>\n<p>Base au sol avec socle en MDF<\/p>\n<p>&nbsp;<\/p>\n<p>NB : la robinetterie et le vidage ne sont pas inclus dans le prix.<\/p>\n<p>&nbsp;<\/p>\n<p>&nbsp;<\/p>\n","protected":false},"excerpt":{"rendered":"<p>Meuble de salle de bains avec socle, disponible en tabac ou en blanc brillant. Miroir avec plan et \u00e9clairage. Meuble mural pr\u00e9sent dans les 80 et 100 SEULEMENT \u00e0 DROITE et dans les 120 cm \u00e0 droite et \u00e0 gauche.<\/p>\n","protected":false},"featured_media":45011,"comment_status":"open","ping_status":"closed","template":"","meta":[],"product_brand":[9897],"product_cat":[9715,9719,9723,9659],"product_tag":[],"class_list":{"0":"post-92799","1":"product","2":"type-product","3":"status-publish","4":"has-post-thumbnail","6":"product_brand-baden-haus-fr","7":"product_cat-meubles-de-salle-de-bain-de-40-a-70-cm","8":"product_cat-meubles-de-salle-de-bain-de-71-a-100-cm","9":"product_cat-meubles-de-salle-de-bain-de-101-a-220-cm","10":"product_cat-meubles-de-salle-de-bain-bon-marche","12":"first","13":"instock","14":"sale","15":"taxable","16":"shipping-taxable","17":"purchasable","18":"product-type-simple"},"exclude_global_add_ons":false,"addons":[{"name":"mobile","type":"multiple_choice","position":0,"required":true,"title_format":"heading","default":"","description_enable":false,"description":"","placeholder_enable":false,"placeholder":"","display":"select","restrictions_type":"any_text","adjust_price":false,"price":"","price_type":"flat_fee","restrictions":false,"min":"0","max":"0","options":[{"label":"60 cm","price":"","price_type":"quantity_based","image":0,"visibility":true},{"label":"80 cm","price":"39.34","price_type":"quantity_based","image":0,"visibility":true},{"label":"100 cm","price":"177.05","price_type":"quantity_based","image":0,"visibility":true},{"label":"120 cm","price":"295.08","price_type":"quantity_based","image":0,"visibility":true}],"id":1718712608},{"name":"couleur","type":"multiple_choice","position":1,"required":true,"title_format":"heading","default":"","description_enable":false,"description":"","placeholder_enable":false,"placeholder":"","display":"select","restrictions_type":"any_text","adjust_price":false,"price":"","price_type":"flat_fee","restrictions":false,"min":"0","max":"0","options":[{"label":"blanc brillant","price":"","price_type":"quantity_based","image":0,"visibility":true},{"label":"tabac","price":"","price_type":"quantity_based","image":0,"visibility":true}],"id":1718712609}],"yoast_head":"<!-- This site is optimized with the Yoast SEO plugin v26.7 - https:\/\/yoast.com\/wordpress\/plugins\/seo\/ -->\n<title>Floor-mounted bathroom furniture 60, 80, 100, 120 cm and mineral marble sink Elise model<\/title>\n<meta name=\"description\" content=\"Bathroom furniture with plinth, available in tobacco or glossy white. Mirror with top and lighting. Wall unit present in the 80 and 100 ONLY on the RIGHT and in the 120 cm both on the right and left.\" \/>\n<meta name=\"robots\" content=\"index, follow, max-snippet:-1, max-image-preview:large, max-video-preview:-1\" \/>\n<link rel=\"canonical\" href=\"https:\/\/www.bagnoitalia.com\/fr\/produit\/floor-mounted-bathroom-furniture-60-80-100-120-cm-and-mineral-marble-sink-elise-model.html\" \/>\n<meta property=\"og:locale\" content=\"fr_FR\" \/>\n<meta property=\"og:type\" content=\"article\" \/>\n<meta property=\"og:title\" content=\"Floor-mounted bathroom furniture 60, 80, 100, 120 cm and mineral marble sink Elise model\" \/>\n<meta property=\"og:description\" content=\"Bathroom furniture with plinth, available in tobacco or glossy white. Mirror with top and lighting. Wall unit present in the 80 and 100 ONLY on the RIGHT and in the 120 cm both on the right and left.\" \/>\n<meta property=\"og:url\" content=\"https:\/\/www.bagnoitalia.com\/fr\/produit\/floor-mounted-bathroom-furniture-60-80-100-120-cm-and-mineral-marble-sink-elise-model.html\" \/>\n<meta property=\"og:site_name\" content=\"Bagno Italia\" \/>\n<meta property=\"article:modified_time\" content=\"2025-06-05T13:17:57+00:00\" \/>\n<meta property=\"og:image\" content=\"https:\/\/img.bagnoitalia.com\/wp-content\/uploads\/virtuemart\/product\/bathroom-furniture-60-80-100-120-white-oak_1576166993_451.jpg\" \/>\n\t<meta property=\"og:image:width\" content=\"550\" \/>\n\t<meta property=\"og:image:height\" content=\"550\" \/>\n\t<meta property=\"og:image:type\" content=\"image\/jpeg\" \/>\n<meta name=\"twitter:card\" content=\"summary_large_image\" \/>\n<meta name=\"twitter:label1\" content=\"Dur\u00e9e de lecture estim\u00e9e\" \/>\n\t<meta name=\"twitter:data1\" content=\"1 minute\" \/>\n<script type=\"application\/ld+json\" class=\"yoast-schema-graph\">{\"@context\":\"https:\/\/schema.org\",\"@graph\":[{\"@type\":\"WebPage\",\"@id\":\"https:\/\/www.bagnoitalia.com\/fr\/produit\/floor-mounted-bathroom-furniture-60-80-100-120-cm-and-mineral-marble-sink-elise-model.html\",\"url\":\"https:\/\/www.bagnoitalia.com\/fr\/produit\/floor-mounted-bathroom-furniture-60-80-100-120-cm-and-mineral-marble-sink-elise-model.html\",\"name\":\"Floor-mounted bathroom furniture 60, 80, 100, 120 cm and mineral marble sink Elise model\",\"isPartOf\":{\"@id\":\"https:\/\/www.bagnoitalia.com\/fr#website\"},\"primaryImageOfPage\":{\"@id\":\"https:\/\/www.bagnoitalia.com\/fr\/produit\/floor-mounted-bathroom-furniture-60-80-100-120-cm-and-mineral-marble-sink-elise-model.html#primaryimage\"},\"image\":{\"@id\":\"https:\/\/www.bagnoitalia.com\/fr\/produit\/floor-mounted-bathroom-furniture-60-80-100-120-cm-and-mineral-marble-sink-elise-model.html#primaryimage\"},\"thumbnailUrl\":\"https:\/\/img.bagnoitalia.com\/wp-content\/uploads\/virtuemart\/product\/bathroom-furniture-60-80-100-120-white-oak_1576166993_451.jpg\",\"datePublished\":\"2019-12-12T15:07:13+00:00\",\"dateModified\":\"2025-06-05T13:17:57+00:00\",\"description\":\"Bathroom furniture with plinth, available in tobacco or glossy white. Mirror with top and lighting. Wall unit present in the 80 and 100 ONLY on the RIGHT and in the 120 cm both on the right and left.\",\"breadcrumb\":{\"@id\":\"https:\/\/www.bagnoitalia.com\/fr\/produit\/floor-mounted-bathroom-furniture-60-80-100-120-cm-and-mineral-marble-sink-elise-model.html#breadcrumb\"},\"inLanguage\":\"fr-FR\",\"potentialAction\":[{\"@type\":\"ReadAction\",\"target\":[\"https:\/\/www.bagnoitalia.com\/fr\/produit\/floor-mounted-bathroom-furniture-60-80-100-120-cm-and-mineral-marble-sink-elise-model.html\"]}]},{\"@type\":\"ImageObject\",\"inLanguage\":\"fr-FR\",\"@id\":\"https:\/\/www.bagnoitalia.com\/fr\/produit\/floor-mounted-bathroom-furniture-60-80-100-120-cm-and-mineral-marble-sink-elise-model.html#primaryimage\",\"url\":\"https:\/\/img.bagnoitalia.com\/wp-content\/uploads\/virtuemart\/product\/bathroom-furniture-60-80-100-120-white-oak_1576166993_451.jpg\",\"contentUrl\":\"https:\/\/img.bagnoitalia.com\/wp-content\/uploads\/virtuemart\/product\/bathroom-furniture-60-80-100-120-white-oak_1576166993_451.jpg\",\"width\":550,\"height\":550},{\"@type\":\"BreadcrumbList\",\"@id\":\"https:\/\/www.bagnoitalia.com\/fr\/produit\/floor-mounted-bathroom-furniture-60-80-100-120-cm-and-mineral-marble-sink-elise-model.html#breadcrumb\",\"itemListElement\":[{\"@type\":\"ListItem\",\"position\":1,\"name\":\"Home\",\"item\":\"https:\/\/www.bagnoitalia.com\/fr\"},{\"@type\":\"ListItem\",\"position\":2,\"name\":\"Produits\",\"item\":\"https:\/\/www.bagnoitalia.com\/fr\/shop\"},{\"@type\":\"ListItem\",\"position\":3,\"name\":\"Meuble de salle de bain sur pied 60, 80, 100, 120 cm et vasque en marbre min\u00e9ral mod\u00e8le Elia\"}]},{\"@type\":\"WebSite\",\"@id\":\"https:\/\/www.bagnoitalia.com\/fr#website\",\"url\":\"https:\/\/www.bagnoitalia.com\/fr\",\"name\":\"Bagno Italia\",\"description\":\"\",\"publisher\":{\"@id\":\"https:\/\/www.bagnoitalia.com\/fr#organization\"},\"potentialAction\":[{\"@type\":\"SearchAction\",\"target\":{\"@type\":\"EntryPoint\",\"urlTemplate\":\"https:\/\/www.bagnoitalia.com\/fr?s={search_term_string}\"},\"query-input\":{\"@type\":\"PropertyValueSpecification\",\"valueRequired\":true,\"valueName\":\"search_term_string\"}}],\"inLanguage\":\"fr-FR\"},{\"@type\":\"Organization\",\"@id\":\"https:\/\/www.bagnoitalia.com\/fr#organization\",\"name\":\"Bagno Italia\",\"url\":\"https:\/\/www.bagnoitalia.com\/fr\",\"logo\":{\"@type\":\"ImageObject\",\"inLanguage\":\"fr-FR\",\"@id\":\"https:\/\/www.bagnoitalia.com\/fr#\/schema\/logo\/image\/\",\"url\":\"https:\/\/img.bagnoitalia.com\/wp-content\/uploads\/logo-bagnoitalia.webp\",\"contentUrl\":\"https:\/\/img.bagnoitalia.com\/wp-content\/uploads\/logo-bagnoitalia.webp\",\"width\":400,\"height\":70,\"caption\":\"Bagno Italia\"},\"image\":{\"@id\":\"https:\/\/www.bagnoitalia.com\/fr#\/schema\/logo\/image\/\"}}]}<\/script>\n<!-- \/ Yoast SEO plugin. -->","yoast_head_json":{"title":"Floor-mounted bathroom furniture 60, 80, 100, 120 cm and mineral marble sink Elise model","description":"Bathroom furniture with plinth, available in tobacco or glossy white. Mirror with top and lighting. Wall unit present in the 80 and 100 ONLY on the RIGHT and in the 120 cm both on the right and left.","robots":{"index":"index","follow":"follow","max-snippet":"max-snippet:-1","max-image-preview":"max-image-preview:large","max-video-preview":"max-video-preview:-1"},"canonical":"https:\/\/www.bagnoitalia.com\/fr\/produit\/floor-mounted-bathroom-furniture-60-80-100-120-cm-and-mineral-marble-sink-elise-model.html","og_locale":"fr_FR","og_type":"article","og_title":"Floor-mounted bathroom furniture 60, 80, 100, 120 cm and mineral marble sink Elise model","og_description":"Bathroom furniture with plinth, available in tobacco or glossy white. Mirror with top and lighting. Wall unit present in the 80 and 100 ONLY on the RIGHT and in the 120 cm both on the right and left.","og_url":"https:\/\/www.bagnoitalia.com\/fr\/produit\/floor-mounted-bathroom-furniture-60-80-100-120-cm-and-mineral-marble-sink-elise-model.html","og_site_name":"Bagno Italia","article_modified_time":"2025-06-05T13:17:57+00:00","og_image":[{"width":550,"height":550,"url":"https:\/\/img.bagnoitalia.com\/wp-content\/uploads\/virtuemart\/product\/bathroom-furniture-60-80-100-120-white-oak_1576166993_451.jpg","type":"image\/jpeg"}],"twitter_card":"summary_large_image","twitter_misc":{"Dur\u00e9e de lecture estim\u00e9e":"1 minute"},"schema":{"@context":"https:\/\/schema.org","@graph":[{"@type":"WebPage","@id":"https:\/\/www.bagnoitalia.com\/fr\/produit\/floor-mounted-bathroom-furniture-60-80-100-120-cm-and-mineral-marble-sink-elise-model.html","url":"https:\/\/www.bagnoitalia.com\/fr\/produit\/floor-mounted-bathroom-furniture-60-80-100-120-cm-and-mineral-marble-sink-elise-model.html","name":"Floor-mounted bathroom furniture 60, 80, 100, 120 cm and mineral marble sink Elise model","isPartOf":{"@id":"https:\/\/www.bagnoitalia.com\/fr#website"},"primaryImageOfPage":{"@id":"https:\/\/www.bagnoitalia.com\/fr\/produit\/floor-mounted-bathroom-furniture-60-80-100-120-cm-and-mineral-marble-sink-elise-model.html#primaryimage"},"image":{"@id":"https:\/\/www.bagnoitalia.com\/fr\/produit\/floor-mounted-bathroom-furniture-60-80-100-120-cm-and-mineral-marble-sink-elise-model.html#primaryimage"},"thumbnailUrl":"https:\/\/img.bagnoitalia.com\/wp-content\/uploads\/virtuemart\/product\/bathroom-furniture-60-80-100-120-white-oak_1576166993_451.jpg","datePublished":"2019-12-12T15:07:13+00:00","dateModified":"2025-06-05T13:17:57+00:00","description":"Bathroom furniture with plinth, available in tobacco or glossy white. Mirror with top and lighting. Wall unit present in the 80 and 100 ONLY on the RIGHT and in the 120 cm both on the right and left.","breadcrumb":{"@id":"https:\/\/www.bagnoitalia.com\/fr\/produit\/floor-mounted-bathroom-furniture-60-80-100-120-cm-and-mineral-marble-sink-elise-model.html#breadcrumb"},"inLanguage":"fr-FR","potentialAction":[{"@type":"ReadAction","target":["https:\/\/www.bagnoitalia.com\/fr\/produit\/floor-mounted-bathroom-furniture-60-80-100-120-cm-and-mineral-marble-sink-elise-model.html"]}]},{"@type":"ImageObject","inLanguage":"fr-FR","@id":"https:\/\/www.bagnoitalia.com\/fr\/produit\/floor-mounted-bathroom-furniture-60-80-100-120-cm-and-mineral-marble-sink-elise-model.html#primaryimage","url":"https:\/\/img.bagnoitalia.com\/wp-content\/uploads\/virtuemart\/product\/bathroom-furniture-60-80-100-120-white-oak_1576166993_451.jpg","contentUrl":"https:\/\/img.bagnoitalia.com\/wp-content\/uploads\/virtuemart\/product\/bathroom-furniture-60-80-100-120-white-oak_1576166993_451.jpg","width":550,"height":550},{"@type":"BreadcrumbList","@id":"https:\/\/www.bagnoitalia.com\/fr\/produit\/floor-mounted-bathroom-furniture-60-80-100-120-cm-and-mineral-marble-sink-elise-model.html#breadcrumb","itemListElement":[{"@type":"ListItem","position":1,"name":"Home","item":"https:\/\/www.bagnoitalia.com\/fr"},{"@type":"ListItem","position":2,"name":"Produits","item":"https:\/\/www.bagnoitalia.com\/fr\/shop"},{"@type":"ListItem","position":3,"name":"Meuble de salle de bain sur pied 60, 80, 100, 120 cm et vasque en marbre min\u00e9ral mod\u00e8le Elia"}]},{"@type":"WebSite","@id":"https:\/\/www.bagnoitalia.com\/fr#website","url":"https:\/\/www.bagnoitalia.com\/fr","name":"Bagno Italia","description":"","publisher":{"@id":"https:\/\/www.bagnoitalia.com\/fr#organization"},"potentialAction":[{"@type":"SearchAction","target":{"@type":"EntryPoint","urlTemplate":"https:\/\/www.bagnoitalia.com\/fr?s={search_term_string}"},"query-input":{"@type":"PropertyValueSpecification","valueRequired":true,"valueName":"search_term_string"}}],"inLanguage":"fr-FR"},{"@type":"Organization","@id":"https:\/\/www.bagnoitalia.com\/fr#organization","name":"Bagno Italia","url":"https:\/\/www.bagnoitalia.com\/fr","logo":{"@type":"ImageObject","inLanguage":"fr-FR","@id":"https:\/\/www.bagnoitalia.com\/fr#\/schema\/logo\/image\/","url":"https:\/\/img.bagnoitalia.com\/wp-content\/uploads\/logo-bagnoitalia.webp","contentUrl":"https:\/\/img.bagnoitalia.com\/wp-content\/uploads\/logo-bagnoitalia.webp","width":400,"height":70,"caption":"Bagno Italia"},"image":{"@id":"https:\/\/www.bagnoitalia.com\/fr#\/schema\/logo\/image\/"}}]}},"_links":{"self":[{"href":"https:\/\/www.bagnoitalia.com\/fr\/wp-json\/wp\/v2\/product\/92799","targetHints":{"allow":["GET"]}}],"collection":[{"href":"https:\/\/www.bagnoitalia.com\/fr\/wp-json\/wp\/v2\/product"}],"about":[{"href":"https:\/\/www.bagnoitalia.com\/fr\/wp-json\/wp\/v2\/types\/product"}],"replies":[{"embeddable":true,"href":"https:\/\/www.bagnoitalia.com\/fr\/wp-json\/wp\/v2\/comments?post=92799"}],"version-history":[{"count":2,"href":"https:\/\/www.bagnoitalia.com\/fr\/wp-json\/wp\/v2\/product\/92799\/revisions"}],"predecessor-version":[{"id":108830,"href":"https:\/\/www.bagnoitalia.com\/fr\/wp-json\/wp\/v2\/product\/92799\/revisions\/108830"}],"wp:featuredmedia":[{"embeddable":true,"href":"https:\/\/www.bagnoitalia.com\/fr\/wp-json\/wp\/v2\/media\/45011"}],"wp:attachment":[{"href":"https:\/\/www.bagnoitalia.com\/fr\/wp-json\/wp\/v2\/media?parent=92799"}],"wp:term":[{"taxonomy":"product_brand","embeddable":true,"href":"https:\/\/www.bagnoitalia.com\/fr\/wp-json\/wp\/v2\/product_brand?post=92799"},{"taxonomy":"product_cat","embeddable":true,"href":"https:\/\/www.bagnoitalia.com\/fr\/wp-json\/wp\/v2\/product_cat?post=92799"},{"taxonomy":"product_tag","embeddable":true,"href":"https:\/\/www.bagnoitalia.com\/fr\/wp-json\/wp\/v2\/product_tag?post=92799"}],"curies":[{"name":"wp","href":"https:\/\/api.w.org\/{rel}","templated":true}]}}