{"id":92678,"date":"2021-01-27T09:34:21","date_gmt":"2021-01-27T08:34:21","guid":{"rendered":"https:\/\/www.bagnoitalia.com\/product\/multimedia-bathroom-mirror-with-led-touch-light-bluetooth-speakers-radio-anti-fog-and-temperature-detector"},"modified":"2024-10-02T14:57:26","modified_gmt":"2024-10-02T12:57:26","slug":"multimedia-bathroom-mirror-with-led-touch-light-bluetooth-speakers-radio-anti-fog-and-temperature-detector","status":"publish","type":"product","link":"https:\/\/www.bagnoitalia.com\/fr\/produit\/multimedia-bathroom-mirror-with-led-touch-light-bluetooth-speakers-radio-anti-fog-and-temperature-detector.html","title":{"rendered":"Miroir de salle de bain multim\u00e9dia avec lumi\u00e8re tactile, haut-parleurs bluetooth, radio, anti-bu\u00e9e et d\u00e9tecteur de temp\u00e9rature SP051"},"content":{"rendered":"<p>MIROIR MURAL MULTIM\u00c9DIA<\/p>\n<p>&nbsp;<\/p>\n<p>D\u00c9TAILS DU PRODUIT :<\/p>\n<p>Miroir multim\u00e9dia disponible en : 50xH90 cm, 75xH90 cm, 90xH90 cm, 120xH90 cm<\/p>\n<p>Profondeur du miroir : 2,8 cm<\/p>\n<p>Le cadre du miroir est d\u00e9cor\u00e9 au laser d&rsquo;un motif ray\u00e9 irr\u00e9gulier.<\/p>\n<p>\u00c9cran bleu pour syst\u00e8me multim\u00e9dia IP44 avec :<\/p>\n<p>bouton tactile<br \/>\nhaut-parleurs bluetooth<br \/>\nanti-bu\u00e9e<br \/>\nradio FM<br \/>\n\u00e9clairage LED (K 6500)<br \/>\nd\u00e9tection de la temp\u00e9rature ambiante (\u00b0 C)<\/p>\n<p>&nbsp;<\/p>\n<p>CARACT\u00c9RISTIQUES TECHNIQUES :<\/p>\n<p>miroir de 3 mm d&rsquo;\u00e9paisseur<\/p>\n<p>dossier en bois de 25 mm (compte tenu de la taille des chevilles du pare-chocs, l&rsquo;\u00e9paisseur totale est de 38 mm)<\/p>\n<p>Deux supports sont mont\u00e9s sur le dossier et permettent de fixer le miroir au mur en toute s\u00e9curit\u00e9 dans le sens VERTICAL (NON r\u00e9versible).<\/p>\n<p>&nbsp;<\/p>\n","protected":false},"excerpt":{"rendered":"<p>Miroir multim\u00e9dia antibu\u00e9e, disponible en diff\u00e9rentes tailles, avec activation des fonctions par \u00e9cran tactile. \u00c9quip\u00e9 de lumi\u00e8res LED, de haut-parleurs Bluetooth, d&rsquo;une radio et d&rsquo;un syst\u00e8me de d\u00e9tection de la temp\u00e9rature.<\/p>\n","protected":false},"featured_media":46766,"comment_status":"open","ping_status":"closed","template":"","meta":[],"product_brand":[9897],"product_cat":[9961,9679],"product_tag":[],"class_list":{"0":"post-92678","1":"product","2":"type-product","3":"status-publish","4":"has-post-thumbnail","6":"product_brand-baden-haus-fr","7":"product_cat-showroom-fr","8":"product_cat-miroirs","10":"first","11":"instock","12":"sale","13":"taxable","14":"shipping-taxable","15":"purchasable","16":"product-type-simple"},"exclude_global_add_ons":false,"addons":[{"name":"dimensions","type":"multiple_choice","position":0,"required":true,"title_format":"heading","default":"","description_enable":false,"description":"","placeholder_enable":false,"placeholder":"","display":"select","restrictions_type":"any_text","adjust_price":false,"price":"","price_type":"flat_fee","restrictions":false,"min":"0","max":"0","options":[{"label":"50xH90 cm","price":"","price_type":"quantity_based","image":0,"visibility":true},{"label":"75xH90 cm","price":"20","price_type":"quantity_based","image":0,"visibility":true},{"label":"90xH90 cm","price":"40","price_type":"quantity_based","image":0,"visibility":true},{"label":"120xH90 cm","price":"60","price_type":"quantity_based","image":0,"visibility":true}],"id":1718125719}],"yoast_head":"<!-- This site is optimized with the Yoast SEO plugin v26.7 - https:\/\/yoast.com\/wordpress\/plugins\/seo\/ -->\n<title>Multimedia bathroom mirror with led touch light, bluetooth speakers, radio, anti-fog and temperature detector<\/title>\n<meta name=\"description\" content=\"Anti-fog multimedia mirror, available in different sizes, with touchscreen functions activation. Equipped with LED lights, bluetooth speakers, radio, temperature detection.\" \/>\n<meta name=\"robots\" content=\"index, follow, max-snippet:-1, max-image-preview:large, max-video-preview:-1\" \/>\n<link rel=\"canonical\" href=\"https:\/\/www.bagnoitalia.com\/fr\/produit\/multimedia-bathroom-mirror-with-led-touch-light-bluetooth-speakers-radio-anti-fog-and-temperature-detector.html\" \/>\n<meta property=\"og:locale\" content=\"fr_FR\" \/>\n<meta property=\"og:type\" content=\"article\" \/>\n<meta property=\"og:title\" content=\"Multimedia bathroom mirror with led touch light, bluetooth speakers, radio, anti-fog and temperature detector\" \/>\n<meta property=\"og:description\" content=\"Anti-fog multimedia mirror, available in different sizes, with touchscreen functions activation. Equipped with LED lights, bluetooth speakers, radio, temperature detection.\" \/>\n<meta property=\"og:url\" content=\"https:\/\/www.bagnoitalia.com\/fr\/produit\/multimedia-bathroom-mirror-with-led-touch-light-bluetooth-speakers-radio-anti-fog-and-temperature-detector.html\" \/>\n<meta property=\"og:site_name\" content=\"Bagno Italia\" \/>\n<meta property=\"article:modified_time\" content=\"2024-10-02T12:57:26+00:00\" \/>\n<meta property=\"og:image\" content=\"https:\/\/img.bagnoitalia.com\/wp-content\/uploads\/virtuemart\/product\/multimedia-bathroom-mirror.jpg\" \/>\n\t<meta property=\"og:image:width\" content=\"550\" \/>\n\t<meta property=\"og:image:height\" content=\"550\" \/>\n\t<meta property=\"og:image:type\" content=\"image\/jpeg\" \/>\n<meta name=\"twitter:card\" content=\"summary_large_image\" \/>\n<meta name=\"twitter:label1\" content=\"Dur\u00e9e de lecture estim\u00e9e\" \/>\n\t<meta name=\"twitter:data1\" content=\"1 minute\" \/>\n<script type=\"application\/ld+json\" class=\"yoast-schema-graph\">{\"@context\":\"https:\/\/schema.org\",\"@graph\":[{\"@type\":\"WebPage\",\"@id\":\"https:\/\/www.bagnoitalia.com\/fr\/produit\/multimedia-bathroom-mirror-with-led-touch-light-bluetooth-speakers-radio-anti-fog-and-temperature-detector.html\",\"url\":\"https:\/\/www.bagnoitalia.com\/fr\/produit\/multimedia-bathroom-mirror-with-led-touch-light-bluetooth-speakers-radio-anti-fog-and-temperature-detector.html\",\"name\":\"Multimedia bathroom mirror with led touch light, bluetooth speakers, radio, anti-fog and temperature detector\",\"isPartOf\":{\"@id\":\"https:\/\/www.bagnoitalia.com\/fr#website\"},\"primaryImageOfPage\":{\"@id\":\"https:\/\/www.bagnoitalia.com\/fr\/produit\/multimedia-bathroom-mirror-with-led-touch-light-bluetooth-speakers-radio-anti-fog-and-temperature-detector.html#primaryimage\"},\"image\":{\"@id\":\"https:\/\/www.bagnoitalia.com\/fr\/produit\/multimedia-bathroom-mirror-with-led-touch-light-bluetooth-speakers-radio-anti-fog-and-temperature-detector.html#primaryimage\"},\"thumbnailUrl\":\"https:\/\/img.bagnoitalia.com\/wp-content\/uploads\/virtuemart\/product\/multimedia-bathroom-mirror.jpg\",\"datePublished\":\"2021-01-27T08:34:21+00:00\",\"dateModified\":\"2024-10-02T12:57:26+00:00\",\"description\":\"Anti-fog multimedia mirror, available in different sizes, with touchscreen functions activation. Equipped with LED lights, bluetooth speakers, radio, temperature detection.\",\"breadcrumb\":{\"@id\":\"https:\/\/www.bagnoitalia.com\/fr\/produit\/multimedia-bathroom-mirror-with-led-touch-light-bluetooth-speakers-radio-anti-fog-and-temperature-detector.html#breadcrumb\"},\"inLanguage\":\"fr-FR\",\"potentialAction\":[{\"@type\":\"ReadAction\",\"target\":[\"https:\/\/www.bagnoitalia.com\/fr\/produit\/multimedia-bathroom-mirror-with-led-touch-light-bluetooth-speakers-radio-anti-fog-and-temperature-detector.html\"]}]},{\"@type\":\"ImageObject\",\"inLanguage\":\"fr-FR\",\"@id\":\"https:\/\/www.bagnoitalia.com\/fr\/produit\/multimedia-bathroom-mirror-with-led-touch-light-bluetooth-speakers-radio-anti-fog-and-temperature-detector.html#primaryimage\",\"url\":\"https:\/\/img.bagnoitalia.com\/wp-content\/uploads\/virtuemart\/product\/multimedia-bathroom-mirror.jpg\",\"contentUrl\":\"https:\/\/img.bagnoitalia.com\/wp-content\/uploads\/virtuemart\/product\/multimedia-bathroom-mirror.jpg\",\"width\":550,\"height\":550},{\"@type\":\"BreadcrumbList\",\"@id\":\"https:\/\/www.bagnoitalia.com\/fr\/produit\/multimedia-bathroom-mirror-with-led-touch-light-bluetooth-speakers-radio-anti-fog-and-temperature-detector.html#breadcrumb\",\"itemListElement\":[{\"@type\":\"ListItem\",\"position\":1,\"name\":\"Home\",\"item\":\"https:\/\/www.bagnoitalia.com\/fr\"},{\"@type\":\"ListItem\",\"position\":2,\"name\":\"Produits\",\"item\":\"https:\/\/www.bagnoitalia.com\/fr\/shop\"},{\"@type\":\"ListItem\",\"position\":3,\"name\":\"Miroir de salle de bain multim\u00e9dia avec lumi\u00e8re tactile, haut-parleurs bluetooth, radio, anti-bu\u00e9e et d\u00e9tecteur de temp\u00e9rature SP051\"}]},{\"@type\":\"WebSite\",\"@id\":\"https:\/\/www.bagnoitalia.com\/fr#website\",\"url\":\"https:\/\/www.bagnoitalia.com\/fr\",\"name\":\"Bagno Italia\",\"description\":\"\",\"publisher\":{\"@id\":\"https:\/\/www.bagnoitalia.com\/fr#organization\"},\"potentialAction\":[{\"@type\":\"SearchAction\",\"target\":{\"@type\":\"EntryPoint\",\"urlTemplate\":\"https:\/\/www.bagnoitalia.com\/fr?s={search_term_string}\"},\"query-input\":{\"@type\":\"PropertyValueSpecification\",\"valueRequired\":true,\"valueName\":\"search_term_string\"}}],\"inLanguage\":\"fr-FR\"},{\"@type\":\"Organization\",\"@id\":\"https:\/\/www.bagnoitalia.com\/fr#organization\",\"name\":\"Bagno Italia\",\"url\":\"https:\/\/www.bagnoitalia.com\/fr\",\"logo\":{\"@type\":\"ImageObject\",\"inLanguage\":\"fr-FR\",\"@id\":\"https:\/\/www.bagnoitalia.com\/fr#\/schema\/logo\/image\/\",\"url\":\"https:\/\/img.bagnoitalia.com\/wp-content\/uploads\/logo-bagnoitalia.webp\",\"contentUrl\":\"https:\/\/img.bagnoitalia.com\/wp-content\/uploads\/logo-bagnoitalia.webp\",\"width\":400,\"height\":70,\"caption\":\"Bagno Italia\"},\"image\":{\"@id\":\"https:\/\/www.bagnoitalia.com\/fr#\/schema\/logo\/image\/\"}}]}<\/script>\n<!-- \/ Yoast SEO plugin. -->","yoast_head_json":{"title":"Multimedia bathroom mirror with led touch light, bluetooth speakers, radio, anti-fog and temperature detector","description":"Anti-fog multimedia mirror, available in different sizes, with touchscreen functions activation. Equipped with LED lights, bluetooth speakers, radio, temperature detection.","robots":{"index":"index","follow":"follow","max-snippet":"max-snippet:-1","max-image-preview":"max-image-preview:large","max-video-preview":"max-video-preview:-1"},"canonical":"https:\/\/www.bagnoitalia.com\/fr\/produit\/multimedia-bathroom-mirror-with-led-touch-light-bluetooth-speakers-radio-anti-fog-and-temperature-detector.html","og_locale":"fr_FR","og_type":"article","og_title":"Multimedia bathroom mirror with led touch light, bluetooth speakers, radio, anti-fog and temperature detector","og_description":"Anti-fog multimedia mirror, available in different sizes, with touchscreen functions activation. Equipped with LED lights, bluetooth speakers, radio, temperature detection.","og_url":"https:\/\/www.bagnoitalia.com\/fr\/produit\/multimedia-bathroom-mirror-with-led-touch-light-bluetooth-speakers-radio-anti-fog-and-temperature-detector.html","og_site_name":"Bagno Italia","article_modified_time":"2024-10-02T12:57:26+00:00","og_image":[{"width":550,"height":550,"url":"https:\/\/img.bagnoitalia.com\/wp-content\/uploads\/virtuemart\/product\/multimedia-bathroom-mirror.jpg","type":"image\/jpeg"}],"twitter_card":"summary_large_image","twitter_misc":{"Dur\u00e9e de lecture estim\u00e9e":"1 minute"},"schema":{"@context":"https:\/\/schema.org","@graph":[{"@type":"WebPage","@id":"https:\/\/www.bagnoitalia.com\/fr\/produit\/multimedia-bathroom-mirror-with-led-touch-light-bluetooth-speakers-radio-anti-fog-and-temperature-detector.html","url":"https:\/\/www.bagnoitalia.com\/fr\/produit\/multimedia-bathroom-mirror-with-led-touch-light-bluetooth-speakers-radio-anti-fog-and-temperature-detector.html","name":"Multimedia bathroom mirror with led touch light, bluetooth speakers, radio, anti-fog and temperature detector","isPartOf":{"@id":"https:\/\/www.bagnoitalia.com\/fr#website"},"primaryImageOfPage":{"@id":"https:\/\/www.bagnoitalia.com\/fr\/produit\/multimedia-bathroom-mirror-with-led-touch-light-bluetooth-speakers-radio-anti-fog-and-temperature-detector.html#primaryimage"},"image":{"@id":"https:\/\/www.bagnoitalia.com\/fr\/produit\/multimedia-bathroom-mirror-with-led-touch-light-bluetooth-speakers-radio-anti-fog-and-temperature-detector.html#primaryimage"},"thumbnailUrl":"https:\/\/img.bagnoitalia.com\/wp-content\/uploads\/virtuemart\/product\/multimedia-bathroom-mirror.jpg","datePublished":"2021-01-27T08:34:21+00:00","dateModified":"2024-10-02T12:57:26+00:00","description":"Anti-fog multimedia mirror, available in different sizes, with touchscreen functions activation. Equipped with LED lights, bluetooth speakers, radio, temperature detection.","breadcrumb":{"@id":"https:\/\/www.bagnoitalia.com\/fr\/produit\/multimedia-bathroom-mirror-with-led-touch-light-bluetooth-speakers-radio-anti-fog-and-temperature-detector.html#breadcrumb"},"inLanguage":"fr-FR","potentialAction":[{"@type":"ReadAction","target":["https:\/\/www.bagnoitalia.com\/fr\/produit\/multimedia-bathroom-mirror-with-led-touch-light-bluetooth-speakers-radio-anti-fog-and-temperature-detector.html"]}]},{"@type":"ImageObject","inLanguage":"fr-FR","@id":"https:\/\/www.bagnoitalia.com\/fr\/produit\/multimedia-bathroom-mirror-with-led-touch-light-bluetooth-speakers-radio-anti-fog-and-temperature-detector.html#primaryimage","url":"https:\/\/img.bagnoitalia.com\/wp-content\/uploads\/virtuemart\/product\/multimedia-bathroom-mirror.jpg","contentUrl":"https:\/\/img.bagnoitalia.com\/wp-content\/uploads\/virtuemart\/product\/multimedia-bathroom-mirror.jpg","width":550,"height":550},{"@type":"BreadcrumbList","@id":"https:\/\/www.bagnoitalia.com\/fr\/produit\/multimedia-bathroom-mirror-with-led-touch-light-bluetooth-speakers-radio-anti-fog-and-temperature-detector.html#breadcrumb","itemListElement":[{"@type":"ListItem","position":1,"name":"Home","item":"https:\/\/www.bagnoitalia.com\/fr"},{"@type":"ListItem","position":2,"name":"Produits","item":"https:\/\/www.bagnoitalia.com\/fr\/shop"},{"@type":"ListItem","position":3,"name":"Miroir de salle de bain multim\u00e9dia avec lumi\u00e8re tactile, haut-parleurs bluetooth, radio, anti-bu\u00e9e et d\u00e9tecteur de temp\u00e9rature SP051"}]},{"@type":"WebSite","@id":"https:\/\/www.bagnoitalia.com\/fr#website","url":"https:\/\/www.bagnoitalia.com\/fr","name":"Bagno Italia","description":"","publisher":{"@id":"https:\/\/www.bagnoitalia.com\/fr#organization"},"potentialAction":[{"@type":"SearchAction","target":{"@type":"EntryPoint","urlTemplate":"https:\/\/www.bagnoitalia.com\/fr?s={search_term_string}"},"query-input":{"@type":"PropertyValueSpecification","valueRequired":true,"valueName":"search_term_string"}}],"inLanguage":"fr-FR"},{"@type":"Organization","@id":"https:\/\/www.bagnoitalia.com\/fr#organization","name":"Bagno Italia","url":"https:\/\/www.bagnoitalia.com\/fr","logo":{"@type":"ImageObject","inLanguage":"fr-FR","@id":"https:\/\/www.bagnoitalia.com\/fr#\/schema\/logo\/image\/","url":"https:\/\/img.bagnoitalia.com\/wp-content\/uploads\/logo-bagnoitalia.webp","contentUrl":"https:\/\/img.bagnoitalia.com\/wp-content\/uploads\/logo-bagnoitalia.webp","width":400,"height":70,"caption":"Bagno Italia"},"image":{"@id":"https:\/\/www.bagnoitalia.com\/fr#\/schema\/logo\/image\/"}}]}},"_links":{"self":[{"href":"https:\/\/www.bagnoitalia.com\/fr\/wp-json\/wp\/v2\/product\/92678","targetHints":{"allow":["GET"]}}],"collection":[{"href":"https:\/\/www.bagnoitalia.com\/fr\/wp-json\/wp\/v2\/product"}],"about":[{"href":"https:\/\/www.bagnoitalia.com\/fr\/wp-json\/wp\/v2\/types\/product"}],"replies":[{"embeddable":true,"href":"https:\/\/www.bagnoitalia.com\/fr\/wp-json\/wp\/v2\/comments?post=92678"}],"version-history":[{"count":2,"href":"https:\/\/www.bagnoitalia.com\/fr\/wp-json\/wp\/v2\/product\/92678\/revisions"}],"predecessor-version":[{"id":92684,"href":"https:\/\/www.bagnoitalia.com\/fr\/wp-json\/wp\/v2\/product\/92678\/revisions\/92684"}],"wp:featuredmedia":[{"embeddable":true,"href":"https:\/\/www.bagnoitalia.com\/fr\/wp-json\/wp\/v2\/media\/46766"}],"wp:attachment":[{"href":"https:\/\/www.bagnoitalia.com\/fr\/wp-json\/wp\/v2\/media?parent=92678"}],"wp:term":[{"taxonomy":"product_brand","embeddable":true,"href":"https:\/\/www.bagnoitalia.com\/fr\/wp-json\/wp\/v2\/product_brand?post=92678"},{"taxonomy":"product_cat","embeddable":true,"href":"https:\/\/www.bagnoitalia.com\/fr\/wp-json\/wp\/v2\/product_cat?post=92678"},{"taxonomy":"product_tag","embeddable":true,"href":"https:\/\/www.bagnoitalia.com\/fr\/wp-json\/wp\/v2\/product_tag?post=92678"}],"curies":[{"name":"wp","href":"https:\/\/api.w.org\/{rel}","templated":true}]}}