{"id":92643,"date":"2022-03-01T14:45:11","date_gmt":"2022-03-01T13:45:11","guid":{"rendered":"https:\/\/www.bagnoitalia.com\/product\/wall-hung-gelcoat-washbasin-available-in-60-80-100-and-120-cm-in-5-stone-effect-colours-lav57"},"modified":"2025-06-09T11:58:52","modified_gmt":"2025-06-09T09:58:52","slug":"wall-hung-gelcoat-washbasin-available-in-60-80-100-and-120-cm-in-5-stone-effect-colours-lav57","status":"publish","type":"product","link":"https:\/\/www.bagnoitalia.com\/fr\/produit\/wall-hung-gelcoat-washbasin-available-in-60-80-100-and-120-cm-in-5-stone-effect-colours-lav57.html","title":{"rendered":"Lavabo suspendu en gelcoat disponible en 60, 80, 100 et 120 cm dans 5 coloris effet pierre LAV57"},"content":{"rendered":"<p>LAVABO SUSPENDU LAV57<\/p>\n<p>&nbsp;<\/p>\n<p>Lavabo suspendu. Produit tr\u00e8s solide et durable, en r\u00e9sine avec rev\u00eatement gelcoat. Anti-rayures, anti-jaunissement et r\u00e9sistant aux rayons UVA. La surface a une finition effet pierre dans toutes les couleurs.<\/p>\n<p>&nbsp;<\/p>\n<p>CARACT\u00c9RISTIQUES :<\/p>\n<p>&nbsp;<\/p>\n<p>Dimensions disponibles (s\u00e9lectionner celle d\u00e9sir\u00e9e dans le menu d\u00e9roulant) :<\/p>\n<p>&#8211; 60x46xH15 cm avec bassin de 46x29xH13 cm<\/p>\n<p>&#8211; 80x46xH15 cm avec une vasque de 52x29xH13 cm<\/p>\n<p>&#8211; 100x46xH15 cm avec cuve de 55,5&#215;29,5xH13 cm<\/p>\n<p>&#8211; 120x46xH15 cm avec une cuve de 58&#215;28,7xH13 cm<\/p>\n<p>&nbsp;<\/p>\n<p>mat\u00e9riau : r\u00e9sine avec rev\u00eatement gelcoat effet pierre<\/p>\n<p>installation : suspendue<\/p>\n<p>5 couleurs disponibles : blanc, beige, gris clair, anthracite, marron<\/p>\n<p>Disposition des trous de robinetterie<\/p>\n<p>&nbsp;<\/p>\n<p>Les robinets et les supports ne sont pas inclus dans le prix.<\/p>\n<p>les supports et les d\u00e9chets peuvent \u00eatre ajout\u00e9s en les s\u00e9lectionnant dans le menu lat\u00e9ral<\/p>\n<p>Attention : le lavabo n&rsquo;a pas de trop-plein ni de trou de robinetterie.<\/p>\n<p>&nbsp;<\/p>\n<p>&nbsp;<\/p>\n<p>&nbsp;<\/p>\n<p>&nbsp;<\/p>\n<p>&nbsp;<\/p>\n<p>&nbsp;<\/p>\n<p>&nbsp;<\/p>\n<p>&nbsp;<\/p>\n<p>&nbsp;<\/p>\n<p>&nbsp;<\/p>\n<p>&nbsp;<\/p>\n<p>&nbsp;<\/p>\n<p>STF3<\/p>\n<p>ladoga plus<\/p>\n<p>&nbsp;<\/p>\n<p>&nbsp;<\/p>\n<p>&nbsp;<\/p>\n<p>&nbsp;<\/p>\n<p>&nbsp;<\/p>\n","protected":false},"excerpt":{"rendered":"<p>Lavabo suspendu. Fabriqu\u00e9 en r\u00e9sine et recouvert de gelcoat, avec une surface effet pierre. Disponible en 4 tailles en blanc, gris clair, marron, anthracite et beige.<\/p>\n","protected":false},"featured_media":48384,"comment_status":"open","ping_status":"closed","template":"","meta":[],"product_brand":[9882],"product_cat":[10115],"product_tag":[],"class_list":{"0":"post-92643","1":"product","2":"type-product","3":"status-publish","4":"has-post-thumbnail","6":"product_brand-deghi-fr","7":"product_cat-senza-categoria-fr","9":"first","10":"outofstock","11":"taxable","12":"shipping-taxable","13":"purchasable","14":"product-type-simple"},"exclude_global_add_ons":false,"addons":[{"name":"Dimensions","type":"multiple_choice","position":0,"required":true,"title_format":"heading","default":"","description_enable":false,"description":"","placeholder_enable":false,"placeholder":"","display":"select","restrictions_type":"any_text","adjust_price":false,"price":"","price_type":"flat_fee","restrictions":false,"min":"0","max":"0","options":[{"label":"(Pas disponible)60 cm","price":"","price_type":"quantity_based","image":0,"visibility":true},{"label":"(Pas disponible)80 cm","price":"30","price_type":"quantity_based","image":0,"visibility":true},{"label":"(Pas disponible)100 cm","price":"60","price_type":"quantity_based","image":0,"visibility":true},{"label":"120 cm","price":"81","price_type":"quantity_based","image":0,"visibility":true}],"id":1718116480},{"name":"Couleur","type":"multiple_choice","position":1,"required":true,"title_format":"heading","default":"","description_enable":false,"description":"","placeholder_enable":false,"placeholder":"","display":"select","restrictions_type":"any_text","adjust_price":false,"price":"","price_type":"flat_fee","restrictions":false,"min":"0","max":"0","options":[{"label":"gris clair","price":"","price_type":"quantity_based","image":0,"visibility":true},{"label":"brun","price":"","price_type":"quantity_based","image":0,"visibility":true},{"label":"(Pas disponible) Anthracite","price":"","price_type":"quantity_based","image":0,"visibility":true},{"label":"(Pas disponible) Blanc","price":"","price_type":"quantity_based","image":0,"visibility":true},{"label":"(Pas disponible) Beige","price":"","price_type":"quantity_based","image":0,"visibility":true}],"id":1718116481},{"name":"Vidange","type":"multiple_choice","position":2,"required":true,"title_format":"heading","default":"","description_enable":false,"description":"","placeholder_enable":false,"placeholder":"","display":"select","restrictions_type":"any_text","adjust_price":false,"price":"","price_type":"flat_fee","restrictions":false,"min":"0","max":"0","options":[{"label":"Non","price":"","price_type":"quantity_based","image":0,"visibility":true},{"label":"bonde chrom\u00e9e","price":"15","price_type":"quantity_based","image":0,"visibility":true}],"id":1718116482},{"name":"Type","type":"multiple_choice","position":3,"required":true,"title_format":"heading","default":"","description_enable":false,"description":"","placeholder_enable":false,"placeholder":"","display":"select","restrictions_type":"any_text","adjust_price":false,"price":"","price_type":"flat_fee","restrictions":false,"min":"0","max":"0","options":[{"label":"sans supports","price":"","price_type":"quantity_based","image":0,"visibility":true},{"label":"avec paire d'\u00e9tag\u00e8res","price":"59","price_type":"quantity_based","image":0,"visibility":true}],"id":1718116483}],"yoast_head":"<!-- This site is optimized with the Yoast SEO plugin v26.7 - https:\/\/yoast.com\/wordpress\/plugins\/seo\/ -->\n<title>Wall-hung gelcoat washbasin available in 60, 80, 100 and 120 cm in 5 stone effect colours LAV57<\/title>\n<meta name=\"description\" content=\"Wall-hung washbasin. Made of resin and coated with gelcoat, with a stone effect surface. Available in 4 sizes in white, light grey, brown, anthracite and beige.\" \/>\n<meta name=\"robots\" content=\"index, follow, max-snippet:-1, max-image-preview:large, max-video-preview:-1\" \/>\n<link rel=\"canonical\" href=\"https:\/\/www.bagnoitalia.com\/fr\/produit\/wall-hung-gelcoat-washbasin-available-in-60-80-100-and-120-cm-in-5-stone-effect-colours-lav57.html\" \/>\n<meta property=\"og:locale\" content=\"fr_FR\" \/>\n<meta property=\"og:type\" content=\"article\" \/>\n<meta property=\"og:title\" content=\"Wall-hung gelcoat washbasin available in 60, 80, 100 and 120 cm in 5 stone effect colours LAV57\" \/>\n<meta property=\"og:description\" content=\"Wall-hung washbasin. Made of resin and coated with gelcoat, with a stone effect surface. Available in 4 sizes in white, light grey, brown, anthracite and beige.\" \/>\n<meta property=\"og:url\" content=\"https:\/\/www.bagnoitalia.com\/fr\/produit\/wall-hung-gelcoat-washbasin-available-in-60-80-100-and-120-cm-in-5-stone-effect-colours-lav57.html\" \/>\n<meta property=\"og:site_name\" content=\"Bagno Italia\" \/>\n<meta property=\"article:modified_time\" content=\"2025-06-09T09:58:52+00:00\" \/>\n<meta property=\"og:image\" content=\"https:\/\/img.bagnoitalia.com\/wp-content\/uploads\/virtuemart\/product\/washbasin-suspended-modern-5-colours.jpg\" \/>\n\t<meta property=\"og:image:width\" content=\"550\" \/>\n\t<meta property=\"og:image:height\" content=\"550\" \/>\n\t<meta property=\"og:image:type\" content=\"image\/jpeg\" \/>\n<meta name=\"twitter:card\" content=\"summary_large_image\" \/>\n<meta name=\"twitter:label1\" content=\"Dur\u00e9e de lecture estim\u00e9e\" \/>\n\t<meta name=\"twitter:data1\" content=\"1 minute\" \/>\n<script type=\"application\/ld+json\" class=\"yoast-schema-graph\">{\"@context\":\"https:\/\/schema.org\",\"@graph\":[{\"@type\":\"WebPage\",\"@id\":\"https:\/\/www.bagnoitalia.com\/fr\/produit\/wall-hung-gelcoat-washbasin-available-in-60-80-100-and-120-cm-in-5-stone-effect-colours-lav57.html\",\"url\":\"https:\/\/www.bagnoitalia.com\/fr\/produit\/wall-hung-gelcoat-washbasin-available-in-60-80-100-and-120-cm-in-5-stone-effect-colours-lav57.html\",\"name\":\"Wall-hung gelcoat washbasin available in 60, 80, 100 and 120 cm in 5 stone effect colours LAV57\",\"isPartOf\":{\"@id\":\"https:\/\/www.bagnoitalia.com\/fr#website\"},\"primaryImageOfPage\":{\"@id\":\"https:\/\/www.bagnoitalia.com\/fr\/produit\/wall-hung-gelcoat-washbasin-available-in-60-80-100-and-120-cm-in-5-stone-effect-colours-lav57.html#primaryimage\"},\"image\":{\"@id\":\"https:\/\/www.bagnoitalia.com\/fr\/produit\/wall-hung-gelcoat-washbasin-available-in-60-80-100-and-120-cm-in-5-stone-effect-colours-lav57.html#primaryimage\"},\"thumbnailUrl\":\"https:\/\/img.bagnoitalia.com\/wp-content\/uploads\/virtuemart\/product\/washbasin-suspended-modern-5-colours.jpg\",\"datePublished\":\"2022-03-01T13:45:11+00:00\",\"dateModified\":\"2025-06-09T09:58:52+00:00\",\"description\":\"Wall-hung washbasin. Made of resin and coated with gelcoat, with a stone effect surface. Available in 4 sizes in white, light grey, brown, anthracite and beige.\",\"breadcrumb\":{\"@id\":\"https:\/\/www.bagnoitalia.com\/fr\/produit\/wall-hung-gelcoat-washbasin-available-in-60-80-100-and-120-cm-in-5-stone-effect-colours-lav57.html#breadcrumb\"},\"inLanguage\":\"fr-FR\",\"potentialAction\":[{\"@type\":\"ReadAction\",\"target\":[\"https:\/\/www.bagnoitalia.com\/fr\/produit\/wall-hung-gelcoat-washbasin-available-in-60-80-100-and-120-cm-in-5-stone-effect-colours-lav57.html\"]}]},{\"@type\":\"ImageObject\",\"inLanguage\":\"fr-FR\",\"@id\":\"https:\/\/www.bagnoitalia.com\/fr\/produit\/wall-hung-gelcoat-washbasin-available-in-60-80-100-and-120-cm-in-5-stone-effect-colours-lav57.html#primaryimage\",\"url\":\"https:\/\/img.bagnoitalia.com\/wp-content\/uploads\/virtuemart\/product\/washbasin-suspended-modern-5-colours.jpg\",\"contentUrl\":\"https:\/\/img.bagnoitalia.com\/wp-content\/uploads\/virtuemart\/product\/washbasin-suspended-modern-5-colours.jpg\",\"width\":550,\"height\":550},{\"@type\":\"BreadcrumbList\",\"@id\":\"https:\/\/www.bagnoitalia.com\/fr\/produit\/wall-hung-gelcoat-washbasin-available-in-60-80-100-and-120-cm-in-5-stone-effect-colours-lav57.html#breadcrumb\",\"itemListElement\":[{\"@type\":\"ListItem\",\"position\":1,\"name\":\"Home\",\"item\":\"https:\/\/www.bagnoitalia.com\/fr\"},{\"@type\":\"ListItem\",\"position\":2,\"name\":\"Produits\",\"item\":\"https:\/\/www.bagnoitalia.com\/fr\/shop\"},{\"@type\":\"ListItem\",\"position\":3,\"name\":\"Lavabo suspendu en gelcoat disponible en 60, 80, 100 et 120 cm dans 5 coloris effet pierre LAV57\"}]},{\"@type\":\"WebSite\",\"@id\":\"https:\/\/www.bagnoitalia.com\/fr#website\",\"url\":\"https:\/\/www.bagnoitalia.com\/fr\",\"name\":\"Bagno Italia\",\"description\":\"\",\"publisher\":{\"@id\":\"https:\/\/www.bagnoitalia.com\/fr#organization\"},\"potentialAction\":[{\"@type\":\"SearchAction\",\"target\":{\"@type\":\"EntryPoint\",\"urlTemplate\":\"https:\/\/www.bagnoitalia.com\/fr?s={search_term_string}\"},\"query-input\":{\"@type\":\"PropertyValueSpecification\",\"valueRequired\":true,\"valueName\":\"search_term_string\"}}],\"inLanguage\":\"fr-FR\"},{\"@type\":\"Organization\",\"@id\":\"https:\/\/www.bagnoitalia.com\/fr#organization\",\"name\":\"Bagno Italia\",\"url\":\"https:\/\/www.bagnoitalia.com\/fr\",\"logo\":{\"@type\":\"ImageObject\",\"inLanguage\":\"fr-FR\",\"@id\":\"https:\/\/www.bagnoitalia.com\/fr#\/schema\/logo\/image\/\",\"url\":\"https:\/\/img.bagnoitalia.com\/wp-content\/uploads\/logo-bagnoitalia.webp\",\"contentUrl\":\"https:\/\/img.bagnoitalia.com\/wp-content\/uploads\/logo-bagnoitalia.webp\",\"width\":400,\"height\":70,\"caption\":\"Bagno Italia\"},\"image\":{\"@id\":\"https:\/\/www.bagnoitalia.com\/fr#\/schema\/logo\/image\/\"}}]}<\/script>\n<!-- \/ Yoast SEO plugin. -->","yoast_head_json":{"title":"Wall-hung gelcoat washbasin available in 60, 80, 100 and 120 cm in 5 stone effect colours LAV57","description":"Wall-hung washbasin. Made of resin and coated with gelcoat, with a stone effect surface. Available in 4 sizes in white, light grey, brown, anthracite and beige.","robots":{"index":"index","follow":"follow","max-snippet":"max-snippet:-1","max-image-preview":"max-image-preview:large","max-video-preview":"max-video-preview:-1"},"canonical":"https:\/\/www.bagnoitalia.com\/fr\/produit\/wall-hung-gelcoat-washbasin-available-in-60-80-100-and-120-cm-in-5-stone-effect-colours-lav57.html","og_locale":"fr_FR","og_type":"article","og_title":"Wall-hung gelcoat washbasin available in 60, 80, 100 and 120 cm in 5 stone effect colours LAV57","og_description":"Wall-hung washbasin. Made of resin and coated with gelcoat, with a stone effect surface. Available in 4 sizes in white, light grey, brown, anthracite and beige.","og_url":"https:\/\/www.bagnoitalia.com\/fr\/produit\/wall-hung-gelcoat-washbasin-available-in-60-80-100-and-120-cm-in-5-stone-effect-colours-lav57.html","og_site_name":"Bagno Italia","article_modified_time":"2025-06-09T09:58:52+00:00","og_image":[{"width":550,"height":550,"url":"https:\/\/img.bagnoitalia.com\/wp-content\/uploads\/virtuemart\/product\/washbasin-suspended-modern-5-colours.jpg","type":"image\/jpeg"}],"twitter_card":"summary_large_image","twitter_misc":{"Dur\u00e9e de lecture estim\u00e9e":"1 minute"},"schema":{"@context":"https:\/\/schema.org","@graph":[{"@type":"WebPage","@id":"https:\/\/www.bagnoitalia.com\/fr\/produit\/wall-hung-gelcoat-washbasin-available-in-60-80-100-and-120-cm-in-5-stone-effect-colours-lav57.html","url":"https:\/\/www.bagnoitalia.com\/fr\/produit\/wall-hung-gelcoat-washbasin-available-in-60-80-100-and-120-cm-in-5-stone-effect-colours-lav57.html","name":"Wall-hung gelcoat washbasin available in 60, 80, 100 and 120 cm in 5 stone effect colours LAV57","isPartOf":{"@id":"https:\/\/www.bagnoitalia.com\/fr#website"},"primaryImageOfPage":{"@id":"https:\/\/www.bagnoitalia.com\/fr\/produit\/wall-hung-gelcoat-washbasin-available-in-60-80-100-and-120-cm-in-5-stone-effect-colours-lav57.html#primaryimage"},"image":{"@id":"https:\/\/www.bagnoitalia.com\/fr\/produit\/wall-hung-gelcoat-washbasin-available-in-60-80-100-and-120-cm-in-5-stone-effect-colours-lav57.html#primaryimage"},"thumbnailUrl":"https:\/\/img.bagnoitalia.com\/wp-content\/uploads\/virtuemart\/product\/washbasin-suspended-modern-5-colours.jpg","datePublished":"2022-03-01T13:45:11+00:00","dateModified":"2025-06-09T09:58:52+00:00","description":"Wall-hung washbasin. Made of resin and coated with gelcoat, with a stone effect surface. Available in 4 sizes in white, light grey, brown, anthracite and beige.","breadcrumb":{"@id":"https:\/\/www.bagnoitalia.com\/fr\/produit\/wall-hung-gelcoat-washbasin-available-in-60-80-100-and-120-cm-in-5-stone-effect-colours-lav57.html#breadcrumb"},"inLanguage":"fr-FR","potentialAction":[{"@type":"ReadAction","target":["https:\/\/www.bagnoitalia.com\/fr\/produit\/wall-hung-gelcoat-washbasin-available-in-60-80-100-and-120-cm-in-5-stone-effect-colours-lav57.html"]}]},{"@type":"ImageObject","inLanguage":"fr-FR","@id":"https:\/\/www.bagnoitalia.com\/fr\/produit\/wall-hung-gelcoat-washbasin-available-in-60-80-100-and-120-cm-in-5-stone-effect-colours-lav57.html#primaryimage","url":"https:\/\/img.bagnoitalia.com\/wp-content\/uploads\/virtuemart\/product\/washbasin-suspended-modern-5-colours.jpg","contentUrl":"https:\/\/img.bagnoitalia.com\/wp-content\/uploads\/virtuemart\/product\/washbasin-suspended-modern-5-colours.jpg","width":550,"height":550},{"@type":"BreadcrumbList","@id":"https:\/\/www.bagnoitalia.com\/fr\/produit\/wall-hung-gelcoat-washbasin-available-in-60-80-100-and-120-cm-in-5-stone-effect-colours-lav57.html#breadcrumb","itemListElement":[{"@type":"ListItem","position":1,"name":"Home","item":"https:\/\/www.bagnoitalia.com\/fr"},{"@type":"ListItem","position":2,"name":"Produits","item":"https:\/\/www.bagnoitalia.com\/fr\/shop"},{"@type":"ListItem","position":3,"name":"Lavabo suspendu en gelcoat disponible en 60, 80, 100 et 120 cm dans 5 coloris effet pierre LAV57"}]},{"@type":"WebSite","@id":"https:\/\/www.bagnoitalia.com\/fr#website","url":"https:\/\/www.bagnoitalia.com\/fr","name":"Bagno Italia","description":"","publisher":{"@id":"https:\/\/www.bagnoitalia.com\/fr#organization"},"potentialAction":[{"@type":"SearchAction","target":{"@type":"EntryPoint","urlTemplate":"https:\/\/www.bagnoitalia.com\/fr?s={search_term_string}"},"query-input":{"@type":"PropertyValueSpecification","valueRequired":true,"valueName":"search_term_string"}}],"inLanguage":"fr-FR"},{"@type":"Organization","@id":"https:\/\/www.bagnoitalia.com\/fr#organization","name":"Bagno Italia","url":"https:\/\/www.bagnoitalia.com\/fr","logo":{"@type":"ImageObject","inLanguage":"fr-FR","@id":"https:\/\/www.bagnoitalia.com\/fr#\/schema\/logo\/image\/","url":"https:\/\/img.bagnoitalia.com\/wp-content\/uploads\/logo-bagnoitalia.webp","contentUrl":"https:\/\/img.bagnoitalia.com\/wp-content\/uploads\/logo-bagnoitalia.webp","width":400,"height":70,"caption":"Bagno Italia"},"image":{"@id":"https:\/\/www.bagnoitalia.com\/fr#\/schema\/logo\/image\/"}}]}},"_links":{"self":[{"href":"https:\/\/www.bagnoitalia.com\/fr\/wp-json\/wp\/v2\/product\/92643","targetHints":{"allow":["GET"]}}],"collection":[{"href":"https:\/\/www.bagnoitalia.com\/fr\/wp-json\/wp\/v2\/product"}],"about":[{"href":"https:\/\/www.bagnoitalia.com\/fr\/wp-json\/wp\/v2\/types\/product"}],"replies":[{"embeddable":true,"href":"https:\/\/www.bagnoitalia.com\/fr\/wp-json\/wp\/v2\/comments?post=92643"}],"version-history":[{"count":2,"href":"https:\/\/www.bagnoitalia.com\/fr\/wp-json\/wp\/v2\/product\/92643\/revisions"}],"predecessor-version":[{"id":92651,"href":"https:\/\/www.bagnoitalia.com\/fr\/wp-json\/wp\/v2\/product\/92643\/revisions\/92651"}],"wp:featuredmedia":[{"embeddable":true,"href":"https:\/\/www.bagnoitalia.com\/fr\/wp-json\/wp\/v2\/media\/48384"}],"wp:attachment":[{"href":"https:\/\/www.bagnoitalia.com\/fr\/wp-json\/wp\/v2\/media?parent=92643"}],"wp:term":[{"taxonomy":"product_brand","embeddable":true,"href":"https:\/\/www.bagnoitalia.com\/fr\/wp-json\/wp\/v2\/product_brand?post=92643"},{"taxonomy":"product_cat","embeddable":true,"href":"https:\/\/www.bagnoitalia.com\/fr\/wp-json\/wp\/v2\/product_cat?post=92643"},{"taxonomy":"product_tag","embeddable":true,"href":"https:\/\/www.bagnoitalia.com\/fr\/wp-json\/wp\/v2\/product_tag?post=92643"}],"curies":[{"name":"wp","href":"https:\/\/api.w.org\/{rel}","templated":true}]}}