{"id":92610,"date":"2020-09-17T08:06:05","date_gmt":"2020-09-17T06:06:05","guid":{"rendered":"https:\/\/www.bagnoitalia.com\/product\/glasstone-shower-tray-white-black-gray-ivory-stone-effect-in-many-sizes-also-resizable-pa023"},"modified":"2025-11-18T16:28:46","modified_gmt":"2025-11-18T15:28:46","slug":"glasstone-shower-tray-white-black-gray-ivory-stone-effect-in-many-sizes-also-resizable-pa023","status":"publish","type":"product","link":"https:\/\/www.bagnoitalia.com\/fr\/produit\/glasstone-shower-tray-white-black-gray-ivory-stone-effect-in-many-sizes-also-resizable-pa023.html","title":{"rendered":"Receveur de douche Glasstone blanc noir gris effet pierre en plusieurs dimensions \u00e9galement redimensionnable PA023"},"content":{"rendered":"<p>Receveur de douche Glasstone PA023<\/p>\n<p>D\u00e9tails du produit :<\/p>\n<p>dimensions disponibles : 70&#215;90, 70&#215;100, 70&#215;120, 70&#215;140, 70&#215;150, 70&#215;160, 70&#215;170,<br \/>\n80&#215;100, 80&#215;120, 80&#215;140, 80&#215;150, 80&#215;160, 80&#215;170, 80&#215;180,<\/p>\n<p>90&#215;120, 90&#215;140, 90&#215;160, 90&#215;180 cm<\/p>\n<p>hauteur 2,6 cm ULTRASLIM<\/p>\n<p>Couleurs disponibles : blanc, noir, gris<\/p>\n<p>Mat\u00e9riau : Glasstone<\/p>\n<p>Haute r\u00e9sistance aux rayons UV, aux rayures et au jaunissement<\/p>\n<p>ADAPTABLE SUR MESURE : Il est possible de le r\u00e9duire jusqu&rsquo;\u00e0 10 cm par c\u00f4t\u00e9 en le coupant \u00e0 l&rsquo;aide d&rsquo;un disque diamant\u00e9.<\/p>\n<p>La surface a un effet pierre qui la rend antid\u00e9rapante et donc plus s\u00fbre.<\/p>\n<p>Il est fini sur les 4 bords<\/p>\n<p>Il peut \u00eatre install\u00e9 avec un syst\u00e8me traditionnel ou au sol ou encastr\u00e9<\/p>\n<p>Diam\u00e8tre du trou d&rsquo;\u00e9vacuation \u00d890 mm<\/p>\n<p>&nbsp;<\/p>\n<p>ATTENTION : Grille pour couvercle de vidange incluse, DRAIN WASTE AND SIPHON NOT INCLUDED<\/p>\n<p>&nbsp;<\/p>\n","protected":false},"excerpt":{"rendered":"<p>Le receveur de douche est disponible dans les dimensions 70&#215;90, 70&#215;100, 70&#215;120, 70&#215;140, 70&#215;150, 70&#215;160, 70&#215;170, 80&#215;100, 80&#215;120, 80&#215;140, 80&#215;150, 80&#215;160, 80&#215;170, 80&#215;180, 90&#215;120, 90&#215;140, 90&#215;160, 90&#215;180 et dans les couleurs blanc, noir et gris. Il peut \u00eatre adapt\u00e9 \u00e0 la taille en le coupant avec un disque diamant\u00e9.<\/p>\n","protected":false},"featured_media":45776,"comment_status":"open","ping_status":"closed","template":"","meta":[],"product_brand":[9882],"product_cat":[9755],"product_tag":[],"class_list":{"0":"post-92610","1":"product","2":"type-product","3":"status-publish","4":"has-post-thumbnail","6":"product_brand-deghi-fr","7":"product_cat-receveurs-de-douche","9":"first","10":"instock","11":"sale","12":"taxable","13":"shipping-taxable","14":"purchasable","15":"product-type-simple"},"exclude_global_add_ons":false,"addons":[{"name":"Couleur","type":"multiple_choice","position":0,"required":true,"title_format":"heading","default":"","description_enable":false,"description":"","placeholder_enable":false,"placeholder":"","display":"select","restrictions_type":"any_text","adjust_price":false,"price":"","price_type":"flat_fee","restrictions":false,"min":"0","max":"0","options":[{"label":"blanc","price":"","price_type":"quantity_based","image":0,"visibility":true},{"label":"gris","price":"","price_type":"quantity_based","image":0,"visibility":true},{"label":"Noir","price":"","price_type":"quantity_based","image":0,"visibility":true}],"id":1717774196},{"name":"Dimensions","type":"multiple_choice","position":1,"required":true,"title_format":"heading","default":"","description_enable":false,"description":"","placeholder_enable":false,"placeholder":"","display":"select","restrictions_type":"any_text","adjust_price":false,"price":"","price_type":"flat_fee","restrictions":false,"min":"0","max":"0","options":[{"label":"70x90","price":"","price_type":"quantity_based","image":0,"visibility":true},{"label":"70x100","price":"9.84","price_type":"quantity_based","image":0,"visibility":true},{"label":"70x120","price":"29.51","price_type":"quantity_based","image":0,"visibility":true},{"label":"70x140","price":"68.85","price_type":"quantity_based","image":0,"visibility":true},{"label":"70x150","price":"118.03","price_type":"quantity_based","image":0,"visibility":true},{"label":"70x160","price":"137.7","price_type":"quantity_based","image":0,"visibility":true},{"label":"70x170","price":"167.21","price_type":"quantity_based","image":0,"visibility":true},{"label":"80x100","price":"19.67","price_type":"quantity_based","image":0,"visibility":true},{"label":"80x120","price":"49.18","price_type":"quantity_based","image":0,"visibility":true},{"label":"80x140","price":"88.52","price_type":"quantity_based","image":0,"visibility":true},{"label":"80x150","price":"127.87","price_type":"quantity_based","image":0,"visibility":true},{"label":"80x160","price":"202.62","price_type":"quantity_based","image":0,"visibility":true},{"label":"80x170","price":"206.56","price_type":"quantity_based","image":0,"visibility":true},{"label":"(Disponible uniquement en gris et blanc) 80x180","price":"216.39","price_type":"quantity_based","image":0,"visibility":true},{"label":"90x120","price":"59.02","price_type":"quantity_based","image":0,"visibility":true},{"label":"90x140","price":"127.87","price_type":"quantity_based","image":0,"visibility":true},{"label":"90x160","price":"206.56","price_type":"quantity_based","image":0,"visibility":true},{"label":"90x180","price":"255.74","price_type":"quantity_based","image":0,"visibility":true}],"id":1717774197},{"name":"Vidange","type":"multiple_choice","position":2,"required":false,"title_format":"label","default":"","description_enable":false,"description":"","placeholder_enable":false,"placeholder":"","display":"select","restrictions_type":"any_text","adjust_price":false,"price":"","price_type":"flat_fee","restrictions":false,"min":"0","max":"0","options":[{"label":"non","price":"","price_type":"flat_fee","image":0,"visibility":true},{"label":"oui","price":"35.38","price_type":"flat_fee","image":0,"visibility":true}],"id":1717774198}],"yoast_head":"<!-- This site is optimized with the Yoast SEO plugin v26.7 - https:\/\/yoast.com\/wordpress\/plugins\/seo\/ -->\n<title>Glasstone shower tray white black gray ivory stone effect in many sizes also resizable PA023<\/title>\n<meta name=\"description\" content=\"The shower tray is available in the dimensions 70x90, 70x100, 70x120, 70x140, 70x150, 70x160, 70x170, 80x100, 80x120, 80x140, 80x150, 80x160, 80x170, 80x180, 90x120, 90x140, 90x160, 90x180 and in the colors white, black, ivory and gray . It can be adapted to size by cutting it with a diamond disc\" \/>\n<meta name=\"robots\" content=\"index, follow, max-snippet:-1, max-image-preview:large, max-video-preview:-1\" \/>\n<link rel=\"canonical\" href=\"https:\/\/www.bagnoitalia.com\/fr\/produit\/glasstone-shower-tray-white-black-gray-ivory-stone-effect-in-many-sizes-also-resizable-pa023.html\" \/>\n<meta property=\"og:locale\" content=\"fr_FR\" \/>\n<meta property=\"og:type\" content=\"article\" \/>\n<meta property=\"og:title\" content=\"Glasstone shower tray white black gray ivory stone effect in many sizes also resizable PA023\" \/>\n<meta property=\"og:description\" content=\"The shower tray is available in the dimensions 70x90, 70x100, 70x120, 70x140, 70x150, 70x160, 70x170, 80x100, 80x120, 80x140, 80x150, 80x160, 80x170, 80x180, 90x120, 90x140, 90x160, 90x180 and in the colors white, black, ivory and gray . It can be adapted to size by cutting it with a diamond disc\" \/>\n<meta property=\"og:url\" content=\"https:\/\/www.bagnoitalia.com\/fr\/produit\/glasstone-shower-tray-white-black-gray-ivory-stone-effect-in-many-sizes-also-resizable-pa023.html\" \/>\n<meta property=\"og:site_name\" content=\"Bagno Italia\" \/>\n<meta property=\"article:modified_time\" content=\"2025-11-18T15:28:46+00:00\" \/>\n<meta property=\"og:image\" content=\"https:\/\/img.bagnoitalia.com\/wp-content\/uploads\/virtuemart\/product\/glasstone-shower-tray-white-black-gray-ivory-stone-effect.jpg\" \/>\n\t<meta property=\"og:image:width\" content=\"550\" \/>\n\t<meta property=\"og:image:height\" content=\"550\" \/>\n\t<meta property=\"og:image:type\" content=\"image\/jpeg\" \/>\n<meta name=\"twitter:card\" content=\"summary_large_image\" \/>\n<meta name=\"twitter:label1\" content=\"Dur\u00e9e de lecture estim\u00e9e\" \/>\n\t<meta name=\"twitter:data1\" content=\"1 minute\" \/>\n<script type=\"application\/ld+json\" class=\"yoast-schema-graph\">{\"@context\":\"https:\/\/schema.org\",\"@graph\":[{\"@type\":\"WebPage\",\"@id\":\"https:\/\/www.bagnoitalia.com\/fr\/produit\/glasstone-shower-tray-white-black-gray-ivory-stone-effect-in-many-sizes-also-resizable-pa023.html\",\"url\":\"https:\/\/www.bagnoitalia.com\/fr\/produit\/glasstone-shower-tray-white-black-gray-ivory-stone-effect-in-many-sizes-also-resizable-pa023.html\",\"name\":\"Glasstone shower tray white black gray ivory stone effect in many sizes also resizable PA023\",\"isPartOf\":{\"@id\":\"https:\/\/www.bagnoitalia.com\/fr#website\"},\"primaryImageOfPage\":{\"@id\":\"https:\/\/www.bagnoitalia.com\/fr\/produit\/glasstone-shower-tray-white-black-gray-ivory-stone-effect-in-many-sizes-also-resizable-pa023.html#primaryimage\"},\"image\":{\"@id\":\"https:\/\/www.bagnoitalia.com\/fr\/produit\/glasstone-shower-tray-white-black-gray-ivory-stone-effect-in-many-sizes-also-resizable-pa023.html#primaryimage\"},\"thumbnailUrl\":\"https:\/\/img.bagnoitalia.com\/wp-content\/uploads\/virtuemart\/product\/glasstone-shower-tray-white-black-gray-ivory-stone-effect.jpg\",\"datePublished\":\"2020-09-17T06:06:05+00:00\",\"dateModified\":\"2025-11-18T15:28:46+00:00\",\"description\":\"The shower tray is available in the dimensions 70x90, 70x100, 70x120, 70x140, 70x150, 70x160, 70x170, 80x100, 80x120, 80x140, 80x150, 80x160, 80x170, 80x180, 90x120, 90x140, 90x160, 90x180 and in the colors white, black, ivory and gray . It can be adapted to size by cutting it with a diamond disc\",\"breadcrumb\":{\"@id\":\"https:\/\/www.bagnoitalia.com\/fr\/produit\/glasstone-shower-tray-white-black-gray-ivory-stone-effect-in-many-sizes-also-resizable-pa023.html#breadcrumb\"},\"inLanguage\":\"fr-FR\",\"potentialAction\":[{\"@type\":\"ReadAction\",\"target\":[\"https:\/\/www.bagnoitalia.com\/fr\/produit\/glasstone-shower-tray-white-black-gray-ivory-stone-effect-in-many-sizes-also-resizable-pa023.html\"]}]},{\"@type\":\"ImageObject\",\"inLanguage\":\"fr-FR\",\"@id\":\"https:\/\/www.bagnoitalia.com\/fr\/produit\/glasstone-shower-tray-white-black-gray-ivory-stone-effect-in-many-sizes-also-resizable-pa023.html#primaryimage\",\"url\":\"https:\/\/img.bagnoitalia.com\/wp-content\/uploads\/virtuemart\/product\/glasstone-shower-tray-white-black-gray-ivory-stone-effect.jpg\",\"contentUrl\":\"https:\/\/img.bagnoitalia.com\/wp-content\/uploads\/virtuemart\/product\/glasstone-shower-tray-white-black-gray-ivory-stone-effect.jpg\",\"width\":550,\"height\":550},{\"@type\":\"BreadcrumbList\",\"@id\":\"https:\/\/www.bagnoitalia.com\/fr\/produit\/glasstone-shower-tray-white-black-gray-ivory-stone-effect-in-many-sizes-also-resizable-pa023.html#breadcrumb\",\"itemListElement\":[{\"@type\":\"ListItem\",\"position\":1,\"name\":\"Home\",\"item\":\"https:\/\/www.bagnoitalia.com\/fr\"},{\"@type\":\"ListItem\",\"position\":2,\"name\":\"Produits\",\"item\":\"https:\/\/www.bagnoitalia.com\/fr\/shop\"},{\"@type\":\"ListItem\",\"position\":3,\"name\":\"Receveur de douche Glasstone blanc noir gris effet pierre en plusieurs dimensions \u00e9galement redimensionnable PA023\"}]},{\"@type\":\"WebSite\",\"@id\":\"https:\/\/www.bagnoitalia.com\/fr#website\",\"url\":\"https:\/\/www.bagnoitalia.com\/fr\",\"name\":\"Bagno Italia\",\"description\":\"\",\"publisher\":{\"@id\":\"https:\/\/www.bagnoitalia.com\/fr#organization\"},\"potentialAction\":[{\"@type\":\"SearchAction\",\"target\":{\"@type\":\"EntryPoint\",\"urlTemplate\":\"https:\/\/www.bagnoitalia.com\/fr?s={search_term_string}\"},\"query-input\":{\"@type\":\"PropertyValueSpecification\",\"valueRequired\":true,\"valueName\":\"search_term_string\"}}],\"inLanguage\":\"fr-FR\"},{\"@type\":\"Organization\",\"@id\":\"https:\/\/www.bagnoitalia.com\/fr#organization\",\"name\":\"Bagno Italia\",\"url\":\"https:\/\/www.bagnoitalia.com\/fr\",\"logo\":{\"@type\":\"ImageObject\",\"inLanguage\":\"fr-FR\",\"@id\":\"https:\/\/www.bagnoitalia.com\/fr#\/schema\/logo\/image\/\",\"url\":\"https:\/\/img.bagnoitalia.com\/wp-content\/uploads\/logo-bagnoitalia.webp\",\"contentUrl\":\"https:\/\/img.bagnoitalia.com\/wp-content\/uploads\/logo-bagnoitalia.webp\",\"width\":400,\"height\":70,\"caption\":\"Bagno Italia\"},\"image\":{\"@id\":\"https:\/\/www.bagnoitalia.com\/fr#\/schema\/logo\/image\/\"}}]}<\/script>\n<!-- \/ Yoast SEO plugin. -->","yoast_head_json":{"title":"Glasstone shower tray white black gray ivory stone effect in many sizes also resizable PA023","description":"The shower tray is available in the dimensions 70x90, 70x100, 70x120, 70x140, 70x150, 70x160, 70x170, 80x100, 80x120, 80x140, 80x150, 80x160, 80x170, 80x180, 90x120, 90x140, 90x160, 90x180 and in the colors white, black, ivory and gray . It can be adapted to size by cutting it with a diamond disc","robots":{"index":"index","follow":"follow","max-snippet":"max-snippet:-1","max-image-preview":"max-image-preview:large","max-video-preview":"max-video-preview:-1"},"canonical":"https:\/\/www.bagnoitalia.com\/fr\/produit\/glasstone-shower-tray-white-black-gray-ivory-stone-effect-in-many-sizes-also-resizable-pa023.html","og_locale":"fr_FR","og_type":"article","og_title":"Glasstone shower tray white black gray ivory stone effect in many sizes also resizable PA023","og_description":"The shower tray is available in the dimensions 70x90, 70x100, 70x120, 70x140, 70x150, 70x160, 70x170, 80x100, 80x120, 80x140, 80x150, 80x160, 80x170, 80x180, 90x120, 90x140, 90x160, 90x180 and in the colors white, black, ivory and gray . It can be adapted to size by cutting it with a diamond disc","og_url":"https:\/\/www.bagnoitalia.com\/fr\/produit\/glasstone-shower-tray-white-black-gray-ivory-stone-effect-in-many-sizes-also-resizable-pa023.html","og_site_name":"Bagno Italia","article_modified_time":"2025-11-18T15:28:46+00:00","og_image":[{"width":550,"height":550,"url":"https:\/\/img.bagnoitalia.com\/wp-content\/uploads\/virtuemart\/product\/glasstone-shower-tray-white-black-gray-ivory-stone-effect.jpg","type":"image\/jpeg"}],"twitter_card":"summary_large_image","twitter_misc":{"Dur\u00e9e de lecture estim\u00e9e":"1 minute"},"schema":{"@context":"https:\/\/schema.org","@graph":[{"@type":"WebPage","@id":"https:\/\/www.bagnoitalia.com\/fr\/produit\/glasstone-shower-tray-white-black-gray-ivory-stone-effect-in-many-sizes-also-resizable-pa023.html","url":"https:\/\/www.bagnoitalia.com\/fr\/produit\/glasstone-shower-tray-white-black-gray-ivory-stone-effect-in-many-sizes-also-resizable-pa023.html","name":"Glasstone shower tray white black gray ivory stone effect in many sizes also resizable PA023","isPartOf":{"@id":"https:\/\/www.bagnoitalia.com\/fr#website"},"primaryImageOfPage":{"@id":"https:\/\/www.bagnoitalia.com\/fr\/produit\/glasstone-shower-tray-white-black-gray-ivory-stone-effect-in-many-sizes-also-resizable-pa023.html#primaryimage"},"image":{"@id":"https:\/\/www.bagnoitalia.com\/fr\/produit\/glasstone-shower-tray-white-black-gray-ivory-stone-effect-in-many-sizes-also-resizable-pa023.html#primaryimage"},"thumbnailUrl":"https:\/\/img.bagnoitalia.com\/wp-content\/uploads\/virtuemart\/product\/glasstone-shower-tray-white-black-gray-ivory-stone-effect.jpg","datePublished":"2020-09-17T06:06:05+00:00","dateModified":"2025-11-18T15:28:46+00:00","description":"The shower tray is available in the dimensions 70x90, 70x100, 70x120, 70x140, 70x150, 70x160, 70x170, 80x100, 80x120, 80x140, 80x150, 80x160, 80x170, 80x180, 90x120, 90x140, 90x160, 90x180 and in the colors white, black, ivory and gray . It can be adapted to size by cutting it with a diamond disc","breadcrumb":{"@id":"https:\/\/www.bagnoitalia.com\/fr\/produit\/glasstone-shower-tray-white-black-gray-ivory-stone-effect-in-many-sizes-also-resizable-pa023.html#breadcrumb"},"inLanguage":"fr-FR","potentialAction":[{"@type":"ReadAction","target":["https:\/\/www.bagnoitalia.com\/fr\/produit\/glasstone-shower-tray-white-black-gray-ivory-stone-effect-in-many-sizes-also-resizable-pa023.html"]}]},{"@type":"ImageObject","inLanguage":"fr-FR","@id":"https:\/\/www.bagnoitalia.com\/fr\/produit\/glasstone-shower-tray-white-black-gray-ivory-stone-effect-in-many-sizes-also-resizable-pa023.html#primaryimage","url":"https:\/\/img.bagnoitalia.com\/wp-content\/uploads\/virtuemart\/product\/glasstone-shower-tray-white-black-gray-ivory-stone-effect.jpg","contentUrl":"https:\/\/img.bagnoitalia.com\/wp-content\/uploads\/virtuemart\/product\/glasstone-shower-tray-white-black-gray-ivory-stone-effect.jpg","width":550,"height":550},{"@type":"BreadcrumbList","@id":"https:\/\/www.bagnoitalia.com\/fr\/produit\/glasstone-shower-tray-white-black-gray-ivory-stone-effect-in-many-sizes-also-resizable-pa023.html#breadcrumb","itemListElement":[{"@type":"ListItem","position":1,"name":"Home","item":"https:\/\/www.bagnoitalia.com\/fr"},{"@type":"ListItem","position":2,"name":"Produits","item":"https:\/\/www.bagnoitalia.com\/fr\/shop"},{"@type":"ListItem","position":3,"name":"Receveur de douche Glasstone blanc noir gris effet pierre en plusieurs dimensions \u00e9galement redimensionnable PA023"}]},{"@type":"WebSite","@id":"https:\/\/www.bagnoitalia.com\/fr#website","url":"https:\/\/www.bagnoitalia.com\/fr","name":"Bagno Italia","description":"","publisher":{"@id":"https:\/\/www.bagnoitalia.com\/fr#organization"},"potentialAction":[{"@type":"SearchAction","target":{"@type":"EntryPoint","urlTemplate":"https:\/\/www.bagnoitalia.com\/fr?s={search_term_string}"},"query-input":{"@type":"PropertyValueSpecification","valueRequired":true,"valueName":"search_term_string"}}],"inLanguage":"fr-FR"},{"@type":"Organization","@id":"https:\/\/www.bagnoitalia.com\/fr#organization","name":"Bagno Italia","url":"https:\/\/www.bagnoitalia.com\/fr","logo":{"@type":"ImageObject","inLanguage":"fr-FR","@id":"https:\/\/www.bagnoitalia.com\/fr#\/schema\/logo\/image\/","url":"https:\/\/img.bagnoitalia.com\/wp-content\/uploads\/logo-bagnoitalia.webp","contentUrl":"https:\/\/img.bagnoitalia.com\/wp-content\/uploads\/logo-bagnoitalia.webp","width":400,"height":70,"caption":"Bagno Italia"},"image":{"@id":"https:\/\/www.bagnoitalia.com\/fr#\/schema\/logo\/image\/"}}]}},"_links":{"self":[{"href":"https:\/\/www.bagnoitalia.com\/fr\/wp-json\/wp\/v2\/product\/92610","targetHints":{"allow":["GET"]}}],"collection":[{"href":"https:\/\/www.bagnoitalia.com\/fr\/wp-json\/wp\/v2\/product"}],"about":[{"href":"https:\/\/www.bagnoitalia.com\/fr\/wp-json\/wp\/v2\/types\/product"}],"replies":[{"embeddable":true,"href":"https:\/\/www.bagnoitalia.com\/fr\/wp-json\/wp\/v2\/comments?post=92610"}],"version-history":[{"count":2,"href":"https:\/\/www.bagnoitalia.com\/fr\/wp-json\/wp\/v2\/product\/92610\/revisions"}],"predecessor-version":[{"id":92618,"href":"https:\/\/www.bagnoitalia.com\/fr\/wp-json\/wp\/v2\/product\/92610\/revisions\/92618"}],"wp:featuredmedia":[{"embeddable":true,"href":"https:\/\/www.bagnoitalia.com\/fr\/wp-json\/wp\/v2\/media\/45776"}],"wp:attachment":[{"href":"https:\/\/www.bagnoitalia.com\/fr\/wp-json\/wp\/v2\/media?parent=92610"}],"wp:term":[{"taxonomy":"product_brand","embeddable":true,"href":"https:\/\/www.bagnoitalia.com\/fr\/wp-json\/wp\/v2\/product_brand?post=92610"},{"taxonomy":"product_cat","embeddable":true,"href":"https:\/\/www.bagnoitalia.com\/fr\/wp-json\/wp\/v2\/product_cat?post=92610"},{"taxonomy":"product_tag","embeddable":true,"href":"https:\/\/www.bagnoitalia.com\/fr\/wp-json\/wp\/v2\/product_tag?post=92610"}],"curies":[{"name":"wp","href":"https:\/\/api.w.org\/{rel}","templated":true}]}}