{"id":92592,"date":"2022-09-15T13:49:40","date_gmt":"2022-09-15T11:49:40","guid":{"rendered":"https:\/\/www.bagnoitalia.com\/product\/ultraslim-shower-tray-in-resin-effect-stone-80x80-cm-also-resizable-and-available-in-3-colors-pa034"},"modified":"2024-10-01T15:28:17","modified_gmt":"2024-10-01T13:28:17","slug":"ultraslim-shower-tray-in-resin-effect-stone-80x80-cm-also-resizable-and-available-in-3-colors-pa034","status":"publish","type":"product","link":"https:\/\/www.bagnoitalia.com\/fr\/produit\/ultraslim-shower-tray-in-resin-effect-stone-80x80-cm-also-resizable-and-available-in-3-colors-pa034.html","title":{"rendered":"Receveur de douche Ultraslim en r\u00e9sine effet pierre 80&#215;80 cm \u00e9galement redimensionnable et disponible en 3 couleurs PA034"},"content":{"rendered":"<p>RECEVEUR DE DOUCHE PA034<\/p>\n<p>&nbsp;<\/p>\n<p>D\u00c9TAILS DU PRODUIT<\/p>\n<p>Receveur de douche en r\u00e9sine avec finition gelcoat<\/p>\n<p>forme carr\u00e9e<\/p>\n<p>dimensions 80x80xH2,6 cm<\/p>\n<p>disponible en blanc, ivoire, noir<\/p>\n<p>surface antid\u00e9rapante et antibact\u00e9rienne effet pierre<\/p>\n<p>finition sur tous les c\u00f4t\u00e9s<\/p>\n<p>R\u00e9soluble (vous pouvez le couper)<\/p>\n<p>convient \u00e0 tout type d&rsquo;installation (aussi bien sur pied qu&rsquo;au ras du sol)<\/p>\n<p>grille d&rsquo;\u00e9coulement assortie incluse dans le prix (\u00e9coulement NON INCLUS, vous pouvez l&rsquo;ajouter \u00e0 partir du menu d\u00e9roulant)<\/p>\n<p>&nbsp;<\/p>\n<p>&nbsp;<\/p>\n<p>&nbsp;<\/p>\n<p>&nbsp;<\/p>\n<p>&nbsp;<\/p>\n<p>&nbsp;<\/p>\n<p>&nbsp;<\/p>\n<p>&nbsp;<\/p>\n<p>&nbsp;<\/p>\n<p>&nbsp;<\/p>\n<p>&nbsp;<\/p>\n<p>&nbsp;<\/p>\n<p>&nbsp;<\/p>\n<p>&nbsp;<\/p>\n<p>&nbsp;<\/p>\n<p>&nbsp;<\/p>\n<p>&nbsp;<\/p>\n<p>&nbsp;<\/p>\n<p>RK88B<\/p>\n<p>RK88A<\/p>\n<p>RK88N<\/p>\n<p>&nbsp;<\/p>\n","protected":false},"excerpt":{"rendered":"<p>Receveur de douche carr\u00e9 disponible en blanc, noir et ivoire. Ultra-mince gr\u00e2ce \u00e0 son \u00e9paisseur de seulement 2,6 cm<\/p>\n","protected":false},"featured_media":57330,"comment_status":"open","ping_status":"closed","template":"","meta":[],"product_brand":[5006],"product_cat":[9755],"product_tag":[],"class_list":{"0":"post-92592","1":"product","2":"type-product","3":"status-publish","4":"has-post-thumbnail","6":"product_brand-deghi","7":"product_cat-receveurs-de-douche","9":"first","10":"instock","11":"sale","12":"taxable","13":"shipping-taxable","14":"purchasable","15":"product-type-simple"},"exclude_global_add_ons":false,"addons":[{"name":"Couleur","type":"multiple_choice","position":0,"required":true,"title_format":"heading","default":"","description_enable":false,"description":"","placeholder_enable":false,"placeholder":"","display":"select","restrictions_type":"any_text","adjust_price":false,"price":"","price_type":"flat_fee","restrictions":false,"min":"0","max":"0","options":[{"label":"blanc","price":"","price_type":"quantity_based","image":0,"visibility":true},{"label":"ivoire","price":"","price_type":"quantity_based","image":0,"visibility":true},{"label":"noir","price":"","price_type":"quantity_based","image":0,"visibility":true}],"id":1717605298},{"name":"Vidange","type":"multiple_choice","position":1,"required":true,"title_format":"heading","default":"","description_enable":false,"description":"","placeholder_enable":false,"placeholder":"","display":"select","restrictions_type":"any_text","adjust_price":false,"price":"","price_type":"flat_fee","restrictions":false,"min":"0","max":"0","options":[{"label":"NON","price":"","price_type":"quantity_based","image":0,"visibility":true},{"label":"OUI","price":"38.36","price_type":"quantity_based","image":0,"visibility":true}],"id":1717605299}],"yoast_head":"<!-- This site is optimized with the Yoast SEO plugin v26.7 - https:\/\/yoast.com\/wordpress\/plugins\/seo\/ -->\n<title>Receveur de douche Ultraslim en r\u00e9sine effet pierre 80x80 cm \u00e9galement redimensionnable et disponible en 3 couleurs PA034 - Bagno Italia<\/title>\n<meta name=\"description\" content=\"Square shower tray available in white, black and ivory. Ultra-slim thanks to its thickness of only 2.6 cm\" \/>\n<meta name=\"robots\" content=\"index, follow, max-snippet:-1, max-image-preview:large, max-video-preview:-1\" \/>\n<link rel=\"canonical\" href=\"https:\/\/www.bagnoitalia.com\/fr\/produit\/ultraslim-shower-tray-in-resin-effect-stone-80x80-cm-also-resizable-and-available-in-3-colors-pa034.html\" \/>\n<meta property=\"og:locale\" content=\"fr_FR\" \/>\n<meta property=\"og:type\" content=\"article\" \/>\n<meta property=\"og:title\" content=\"Receveur de douche Ultraslim en r\u00e9sine effet pierre 80x80 cm \u00e9galement redimensionnable et disponible en 3 couleurs PA034 - Bagno Italia\" \/>\n<meta property=\"og:description\" content=\"Square shower tray available in white, black and ivory. Ultra-slim thanks to its thickness of only 2.6 cm\" \/>\n<meta property=\"og:url\" content=\"https:\/\/www.bagnoitalia.com\/fr\/produit\/ultraslim-shower-tray-in-resin-effect-stone-80x80-cm-also-resizable-and-available-in-3-colors-pa034.html\" \/>\n<meta property=\"og:site_name\" content=\"Bagno Italia\" \/>\n<meta property=\"article:modified_time\" content=\"2024-10-01T13:28:17+00:00\" \/>\n<meta property=\"og:image\" content=\"https:\/\/img.bagnoitalia.com\/wp-content\/uploads\/virtuemart\/product\/ultraslim-shower-tray-in-resin.jpg\" \/>\n\t<meta property=\"og:image:width\" content=\"550\" \/>\n\t<meta property=\"og:image:height\" content=\"550\" \/>\n\t<meta property=\"og:image:type\" content=\"image\/jpeg\" \/>\n<meta name=\"twitter:card\" content=\"summary_large_image\" \/>\n<meta name=\"twitter:label1\" content=\"Dur\u00e9e de lecture estim\u00e9e\" \/>\n\t<meta name=\"twitter:data1\" content=\"1 minute\" \/>\n<script type=\"application\/ld+json\" class=\"yoast-schema-graph\">{\"@context\":\"https:\/\/schema.org\",\"@graph\":[{\"@type\":\"WebPage\",\"@id\":\"https:\/\/www.bagnoitalia.com\/fr\/produit\/ultraslim-shower-tray-in-resin-effect-stone-80x80-cm-also-resizable-and-available-in-3-colors-pa034.html\",\"url\":\"https:\/\/www.bagnoitalia.com\/fr\/produit\/ultraslim-shower-tray-in-resin-effect-stone-80x80-cm-also-resizable-and-available-in-3-colors-pa034.html\",\"name\":\"Receveur de douche Ultraslim en r\u00e9sine effet pierre 80x80 cm \u00e9galement redimensionnable et disponible en 3 couleurs PA034 - Bagno Italia\",\"isPartOf\":{\"@id\":\"https:\/\/www.bagnoitalia.com\/fr#website\"},\"primaryImageOfPage\":{\"@id\":\"https:\/\/www.bagnoitalia.com\/fr\/produit\/ultraslim-shower-tray-in-resin-effect-stone-80x80-cm-also-resizable-and-available-in-3-colors-pa034.html#primaryimage\"},\"image\":{\"@id\":\"https:\/\/www.bagnoitalia.com\/fr\/produit\/ultraslim-shower-tray-in-resin-effect-stone-80x80-cm-also-resizable-and-available-in-3-colors-pa034.html#primaryimage\"},\"thumbnailUrl\":\"https:\/\/img.bagnoitalia.com\/wp-content\/uploads\/virtuemart\/product\/ultraslim-shower-tray-in-resin.jpg\",\"datePublished\":\"2022-09-15T11:49:40+00:00\",\"dateModified\":\"2024-10-01T13:28:17+00:00\",\"description\":\"Square shower tray available in white, black and ivory. Ultra-slim thanks to its thickness of only 2.6 cm\",\"breadcrumb\":{\"@id\":\"https:\/\/www.bagnoitalia.com\/fr\/produit\/ultraslim-shower-tray-in-resin-effect-stone-80x80-cm-also-resizable-and-available-in-3-colors-pa034.html#breadcrumb\"},\"inLanguage\":\"fr-FR\",\"potentialAction\":[{\"@type\":\"ReadAction\",\"target\":[\"https:\/\/www.bagnoitalia.com\/fr\/produit\/ultraslim-shower-tray-in-resin-effect-stone-80x80-cm-also-resizable-and-available-in-3-colors-pa034.html\"]}]},{\"@type\":\"ImageObject\",\"inLanguage\":\"fr-FR\",\"@id\":\"https:\/\/www.bagnoitalia.com\/fr\/produit\/ultraslim-shower-tray-in-resin-effect-stone-80x80-cm-also-resizable-and-available-in-3-colors-pa034.html#primaryimage\",\"url\":\"https:\/\/img.bagnoitalia.com\/wp-content\/uploads\/virtuemart\/product\/ultraslim-shower-tray-in-resin.jpg\",\"contentUrl\":\"https:\/\/img.bagnoitalia.com\/wp-content\/uploads\/virtuemart\/product\/ultraslim-shower-tray-in-resin.jpg\",\"width\":550,\"height\":550},{\"@type\":\"BreadcrumbList\",\"@id\":\"https:\/\/www.bagnoitalia.com\/fr\/produit\/ultraslim-shower-tray-in-resin-effect-stone-80x80-cm-also-resizable-and-available-in-3-colors-pa034.html#breadcrumb\",\"itemListElement\":[{\"@type\":\"ListItem\",\"position\":1,\"name\":\"Home\",\"item\":\"https:\/\/www.bagnoitalia.com\/fr\"},{\"@type\":\"ListItem\",\"position\":2,\"name\":\"Produits\",\"item\":\"https:\/\/www.bagnoitalia.com\/fr\/shop\"},{\"@type\":\"ListItem\",\"position\":3,\"name\":\"Receveur de douche Ultraslim en r\u00e9sine effet pierre 80&#215;80 cm \u00e9galement redimensionnable et disponible en 3 couleurs PA034\"}]},{\"@type\":\"WebSite\",\"@id\":\"https:\/\/www.bagnoitalia.com\/fr#website\",\"url\":\"https:\/\/www.bagnoitalia.com\/fr\",\"name\":\"Bagno Italia\",\"description\":\"\",\"publisher\":{\"@id\":\"https:\/\/www.bagnoitalia.com\/fr#organization\"},\"potentialAction\":[{\"@type\":\"SearchAction\",\"target\":{\"@type\":\"EntryPoint\",\"urlTemplate\":\"https:\/\/www.bagnoitalia.com\/fr?s={search_term_string}\"},\"query-input\":{\"@type\":\"PropertyValueSpecification\",\"valueRequired\":true,\"valueName\":\"search_term_string\"}}],\"inLanguage\":\"fr-FR\"},{\"@type\":\"Organization\",\"@id\":\"https:\/\/www.bagnoitalia.com\/fr#organization\",\"name\":\"Bagno Italia\",\"url\":\"https:\/\/www.bagnoitalia.com\/fr\",\"logo\":{\"@type\":\"ImageObject\",\"inLanguage\":\"fr-FR\",\"@id\":\"https:\/\/www.bagnoitalia.com\/fr#\/schema\/logo\/image\/\",\"url\":\"https:\/\/img.bagnoitalia.com\/wp-content\/uploads\/logo-bagnoitalia.webp\",\"contentUrl\":\"https:\/\/img.bagnoitalia.com\/wp-content\/uploads\/logo-bagnoitalia.webp\",\"width\":400,\"height\":70,\"caption\":\"Bagno Italia\"},\"image\":{\"@id\":\"https:\/\/www.bagnoitalia.com\/fr#\/schema\/logo\/image\/\"}}]}<\/script>\n<!-- \/ Yoast SEO plugin. -->","yoast_head_json":{"title":"Receveur de douche Ultraslim en r\u00e9sine effet pierre 80x80 cm \u00e9galement redimensionnable et disponible en 3 couleurs PA034 - Bagno Italia","description":"Square shower tray available in white, black and ivory. Ultra-slim thanks to its thickness of only 2.6 cm","robots":{"index":"index","follow":"follow","max-snippet":"max-snippet:-1","max-image-preview":"max-image-preview:large","max-video-preview":"max-video-preview:-1"},"canonical":"https:\/\/www.bagnoitalia.com\/fr\/produit\/ultraslim-shower-tray-in-resin-effect-stone-80x80-cm-also-resizable-and-available-in-3-colors-pa034.html","og_locale":"fr_FR","og_type":"article","og_title":"Receveur de douche Ultraslim en r\u00e9sine effet pierre 80x80 cm \u00e9galement redimensionnable et disponible en 3 couleurs PA034 - Bagno Italia","og_description":"Square shower tray available in white, black and ivory. Ultra-slim thanks to its thickness of only 2.6 cm","og_url":"https:\/\/www.bagnoitalia.com\/fr\/produit\/ultraslim-shower-tray-in-resin-effect-stone-80x80-cm-also-resizable-and-available-in-3-colors-pa034.html","og_site_name":"Bagno Italia","article_modified_time":"2024-10-01T13:28:17+00:00","og_image":[{"width":550,"height":550,"url":"https:\/\/img.bagnoitalia.com\/wp-content\/uploads\/virtuemart\/product\/ultraslim-shower-tray-in-resin.jpg","type":"image\/jpeg"}],"twitter_card":"summary_large_image","twitter_misc":{"Dur\u00e9e de lecture estim\u00e9e":"1 minute"},"schema":{"@context":"https:\/\/schema.org","@graph":[{"@type":"WebPage","@id":"https:\/\/www.bagnoitalia.com\/fr\/produit\/ultraslim-shower-tray-in-resin-effect-stone-80x80-cm-also-resizable-and-available-in-3-colors-pa034.html","url":"https:\/\/www.bagnoitalia.com\/fr\/produit\/ultraslim-shower-tray-in-resin-effect-stone-80x80-cm-also-resizable-and-available-in-3-colors-pa034.html","name":"Receveur de douche Ultraslim en r\u00e9sine effet pierre 80x80 cm \u00e9galement redimensionnable et disponible en 3 couleurs PA034 - Bagno Italia","isPartOf":{"@id":"https:\/\/www.bagnoitalia.com\/fr#website"},"primaryImageOfPage":{"@id":"https:\/\/www.bagnoitalia.com\/fr\/produit\/ultraslim-shower-tray-in-resin-effect-stone-80x80-cm-also-resizable-and-available-in-3-colors-pa034.html#primaryimage"},"image":{"@id":"https:\/\/www.bagnoitalia.com\/fr\/produit\/ultraslim-shower-tray-in-resin-effect-stone-80x80-cm-also-resizable-and-available-in-3-colors-pa034.html#primaryimage"},"thumbnailUrl":"https:\/\/img.bagnoitalia.com\/wp-content\/uploads\/virtuemart\/product\/ultraslim-shower-tray-in-resin.jpg","datePublished":"2022-09-15T11:49:40+00:00","dateModified":"2024-10-01T13:28:17+00:00","description":"Square shower tray available in white, black and ivory. Ultra-slim thanks to its thickness of only 2.6 cm","breadcrumb":{"@id":"https:\/\/www.bagnoitalia.com\/fr\/produit\/ultraslim-shower-tray-in-resin-effect-stone-80x80-cm-also-resizable-and-available-in-3-colors-pa034.html#breadcrumb"},"inLanguage":"fr-FR","potentialAction":[{"@type":"ReadAction","target":["https:\/\/www.bagnoitalia.com\/fr\/produit\/ultraslim-shower-tray-in-resin-effect-stone-80x80-cm-also-resizable-and-available-in-3-colors-pa034.html"]}]},{"@type":"ImageObject","inLanguage":"fr-FR","@id":"https:\/\/www.bagnoitalia.com\/fr\/produit\/ultraslim-shower-tray-in-resin-effect-stone-80x80-cm-also-resizable-and-available-in-3-colors-pa034.html#primaryimage","url":"https:\/\/img.bagnoitalia.com\/wp-content\/uploads\/virtuemart\/product\/ultraslim-shower-tray-in-resin.jpg","contentUrl":"https:\/\/img.bagnoitalia.com\/wp-content\/uploads\/virtuemart\/product\/ultraslim-shower-tray-in-resin.jpg","width":550,"height":550},{"@type":"BreadcrumbList","@id":"https:\/\/www.bagnoitalia.com\/fr\/produit\/ultraslim-shower-tray-in-resin-effect-stone-80x80-cm-also-resizable-and-available-in-3-colors-pa034.html#breadcrumb","itemListElement":[{"@type":"ListItem","position":1,"name":"Home","item":"https:\/\/www.bagnoitalia.com\/fr"},{"@type":"ListItem","position":2,"name":"Produits","item":"https:\/\/www.bagnoitalia.com\/fr\/shop"},{"@type":"ListItem","position":3,"name":"Receveur de douche Ultraslim en r\u00e9sine effet pierre 80&#215;80 cm \u00e9galement redimensionnable et disponible en 3 couleurs PA034"}]},{"@type":"WebSite","@id":"https:\/\/www.bagnoitalia.com\/fr#website","url":"https:\/\/www.bagnoitalia.com\/fr","name":"Bagno Italia","description":"","publisher":{"@id":"https:\/\/www.bagnoitalia.com\/fr#organization"},"potentialAction":[{"@type":"SearchAction","target":{"@type":"EntryPoint","urlTemplate":"https:\/\/www.bagnoitalia.com\/fr?s={search_term_string}"},"query-input":{"@type":"PropertyValueSpecification","valueRequired":true,"valueName":"search_term_string"}}],"inLanguage":"fr-FR"},{"@type":"Organization","@id":"https:\/\/www.bagnoitalia.com\/fr#organization","name":"Bagno Italia","url":"https:\/\/www.bagnoitalia.com\/fr","logo":{"@type":"ImageObject","inLanguage":"fr-FR","@id":"https:\/\/www.bagnoitalia.com\/fr#\/schema\/logo\/image\/","url":"https:\/\/img.bagnoitalia.com\/wp-content\/uploads\/logo-bagnoitalia.webp","contentUrl":"https:\/\/img.bagnoitalia.com\/wp-content\/uploads\/logo-bagnoitalia.webp","width":400,"height":70,"caption":"Bagno Italia"},"image":{"@id":"https:\/\/www.bagnoitalia.com\/fr#\/schema\/logo\/image\/"}}]}},"_links":{"self":[{"href":"https:\/\/www.bagnoitalia.com\/fr\/wp-json\/wp\/v2\/product\/92592","targetHints":{"allow":["GET"]}}],"collection":[{"href":"https:\/\/www.bagnoitalia.com\/fr\/wp-json\/wp\/v2\/product"}],"about":[{"href":"https:\/\/www.bagnoitalia.com\/fr\/wp-json\/wp\/v2\/types\/product"}],"replies":[{"embeddable":true,"href":"https:\/\/www.bagnoitalia.com\/fr\/wp-json\/wp\/v2\/comments?post=92592"}],"version-history":[{"count":2,"href":"https:\/\/www.bagnoitalia.com\/fr\/wp-json\/wp\/v2\/product\/92592\/revisions"}],"predecessor-version":[{"id":92600,"href":"https:\/\/www.bagnoitalia.com\/fr\/wp-json\/wp\/v2\/product\/92592\/revisions\/92600"}],"wp:featuredmedia":[{"embeddable":true,"href":"https:\/\/www.bagnoitalia.com\/fr\/wp-json\/wp\/v2\/media\/57330"}],"wp:attachment":[{"href":"https:\/\/www.bagnoitalia.com\/fr\/wp-json\/wp\/v2\/media?parent=92592"}],"wp:term":[{"taxonomy":"product_brand","embeddable":true,"href":"https:\/\/www.bagnoitalia.com\/fr\/wp-json\/wp\/v2\/product_brand?post=92592"},{"taxonomy":"product_cat","embeddable":true,"href":"https:\/\/www.bagnoitalia.com\/fr\/wp-json\/wp\/v2\/product_cat?post=92592"},{"taxonomy":"product_tag","embeddable":true,"href":"https:\/\/www.bagnoitalia.com\/fr\/wp-json\/wp\/v2\/product_tag?post=92592"}],"curies":[{"name":"wp","href":"https:\/\/api.w.org\/{rel}","templated":true}]}}