{"id":92458,"date":"2019-09-16T14:54:10","date_gmt":"2019-09-16T12:54:10","guid":{"rendered":"https:\/\/www.bagnoitalia.com\/product\/bathtub-mixer-with-hand-shower-and-wall-support-in-2-models-rb66"},"modified":"2024-09-30T16:27:15","modified_gmt":"2024-09-30T14:27:15","slug":"bathtub-mixer-with-hand-shower-and-wall-support-in-2-models-rb66","status":"publish","type":"product","link":"https:\/\/www.bagnoitalia.com\/fr\/produit\/bathtub-mixer-with-hand-shower-and-wall-support-in-2-models-rb66.html","title":{"rendered":"M\u00e9langeur baignoire avec douchette et support mural en 2 mod\u00e8les RB66"},"content":{"rendered":"<p>&nbsp;<\/p>\n<p>Robinet de baignoire moderne en deux types<\/p>\n<p>&nbsp;<\/p>\n<p>Il est possible de choisir dans le menu lat\u00e9ral d&rsquo;acheter le robinet Mod.1 ou Mod.2<\/p>\n<p>&nbsp;<\/p>\n<p>Le prix comprend<\/p>\n<p>1 pomme de douche<\/p>\n<p>1 pommeau pour la d\u00e9viation de l&rsquo;eau (de la douche au robinet et du robinet \u00e0 la douche)<\/p>\n<p>1 tuyau flexible<\/p>\n<p>1 m\u00e9langeur<\/p>\n<p>1 support mural pour la pomme de douche<\/p>\n<p>&nbsp;<\/p>\n","protected":false},"excerpt":{"rendered":"<p>Robinet de baignoire moderne disponible en deux versions, \u00e9quip\u00e9 d&rsquo;un m\u00e9langeur, d&rsquo;une douchette et d&rsquo;un inverseur. Support mural inclus<\/p>\n","protected":false},"featured_media":44815,"comment_status":"open","ping_status":"closed","template":"","meta":[],"product_brand":[9900,9954],"product_cat":[10036],"product_tag":[],"class_list":{"0":"post-92458","1":"product","2":"type-product","3":"status-publish","4":"has-post-thumbnail","6":"product_brand-baritermo-fr","7":"product_brand-thermo-professional-fr","8":"product_cat-robinets-de-baignoire","10":"first","11":"instock","12":"sale","13":"taxable","14":"shipping-taxable","15":"purchasable","16":"product-type-simple"},"exclude_global_add_ons":false,"addons":[{"name":"Type d'appareil","type":"multiple_choice","position":0,"required":true,"title_format":"heading","default":"","description_enable":false,"description":"","placeholder_enable":false,"placeholder":"","display":"select","restrictions_type":"any_text","adjust_price":false,"price":"","price_type":"flat_fee","restrictions":false,"min":"0","max":"0","options":[{"label":"mod\u00e8le 1","price":"","price_type":"quantity_based","image":0,"visibility":true},{"label":"mod\u00e8le 2","price":"11","price_type":"quantity_based","image":0,"visibility":true}],"id":1716479044}],"yoast_head":"<!-- This site is optimized with the Yoast SEO plugin v26.7 - https:\/\/yoast.com\/wordpress\/plugins\/seo\/ -->\n<title>Bathtub mixer with hand shower and wall support in 2 models RB66<\/title>\n<meta name=\"description\" content=\"Modern bathtub tap available in two types, equipped with mixer, hand shower and diverter. Wall support included\" \/>\n<meta name=\"robots\" content=\"index, follow, max-snippet:-1, max-image-preview:large, max-video-preview:-1\" \/>\n<link rel=\"canonical\" href=\"https:\/\/www.bagnoitalia.com\/fr\/produit\/bathtub-mixer-with-hand-shower-and-wall-support-in-2-models-rb66.html\" \/>\n<meta property=\"og:locale\" content=\"fr_FR\" \/>\n<meta property=\"og:type\" content=\"article\" \/>\n<meta property=\"og:title\" content=\"Bathtub mixer with hand shower and wall support in 2 models RB66\" \/>\n<meta property=\"og:description\" content=\"Modern bathtub tap available in two types, equipped with mixer, hand shower and diverter. Wall support included\" \/>\n<meta property=\"og:url\" content=\"https:\/\/www.bagnoitalia.com\/fr\/produit\/bathtub-mixer-with-hand-shower-and-wall-support-in-2-models-rb66.html\" \/>\n<meta property=\"og:site_name\" content=\"Bagno Italia\" \/>\n<meta property=\"article:modified_time\" content=\"2024-09-30T14:27:15+00:00\" \/>\n<meta property=\"og:image\" content=\"https:\/\/img.bagnoitalia.com\/wp-content\/uploads\/virtuemart\/product\/bathtub-mixer-with-hand-shower_1568645701_18.jpg\" \/>\n\t<meta property=\"og:image:width\" content=\"728\" \/>\n\t<meta property=\"og:image:height\" content=\"728\" \/>\n\t<meta property=\"og:image:type\" content=\"image\/jpeg\" \/>\n<meta name=\"twitter:card\" content=\"summary_large_image\" \/>\n<meta name=\"twitter:label1\" content=\"Dur\u00e9e de lecture estim\u00e9e\" \/>\n\t<meta name=\"twitter:data1\" content=\"1 minute\" \/>\n<script type=\"application\/ld+json\" class=\"yoast-schema-graph\">{\"@context\":\"https:\/\/schema.org\",\"@graph\":[{\"@type\":\"WebPage\",\"@id\":\"https:\/\/www.bagnoitalia.com\/fr\/produit\/bathtub-mixer-with-hand-shower-and-wall-support-in-2-models-rb66.html\",\"url\":\"https:\/\/www.bagnoitalia.com\/fr\/produit\/bathtub-mixer-with-hand-shower-and-wall-support-in-2-models-rb66.html\",\"name\":\"Bathtub mixer with hand shower and wall support in 2 models RB66\",\"isPartOf\":{\"@id\":\"https:\/\/www.bagnoitalia.com\/fr#website\"},\"primaryImageOfPage\":{\"@id\":\"https:\/\/www.bagnoitalia.com\/fr\/produit\/bathtub-mixer-with-hand-shower-and-wall-support-in-2-models-rb66.html#primaryimage\"},\"image\":{\"@id\":\"https:\/\/www.bagnoitalia.com\/fr\/produit\/bathtub-mixer-with-hand-shower-and-wall-support-in-2-models-rb66.html#primaryimage\"},\"thumbnailUrl\":\"https:\/\/img.bagnoitalia.com\/wp-content\/uploads\/virtuemart\/product\/bathtub-mixer-with-hand-shower_1568645701_18.jpg\",\"datePublished\":\"2019-09-16T12:54:10+00:00\",\"dateModified\":\"2024-09-30T14:27:15+00:00\",\"description\":\"Modern bathtub tap available in two types, equipped with mixer, hand shower and diverter. Wall support included\",\"breadcrumb\":{\"@id\":\"https:\/\/www.bagnoitalia.com\/fr\/produit\/bathtub-mixer-with-hand-shower-and-wall-support-in-2-models-rb66.html#breadcrumb\"},\"inLanguage\":\"fr-FR\",\"potentialAction\":[{\"@type\":\"ReadAction\",\"target\":[\"https:\/\/www.bagnoitalia.com\/fr\/produit\/bathtub-mixer-with-hand-shower-and-wall-support-in-2-models-rb66.html\"]}]},{\"@type\":\"ImageObject\",\"inLanguage\":\"fr-FR\",\"@id\":\"https:\/\/www.bagnoitalia.com\/fr\/produit\/bathtub-mixer-with-hand-shower-and-wall-support-in-2-models-rb66.html#primaryimage\",\"url\":\"https:\/\/img.bagnoitalia.com\/wp-content\/uploads\/virtuemart\/product\/bathtub-mixer-with-hand-shower_1568645701_18.jpg\",\"contentUrl\":\"https:\/\/img.bagnoitalia.com\/wp-content\/uploads\/virtuemart\/product\/bathtub-mixer-with-hand-shower_1568645701_18.jpg\",\"width\":728,\"height\":728},{\"@type\":\"BreadcrumbList\",\"@id\":\"https:\/\/www.bagnoitalia.com\/fr\/produit\/bathtub-mixer-with-hand-shower-and-wall-support-in-2-models-rb66.html#breadcrumb\",\"itemListElement\":[{\"@type\":\"ListItem\",\"position\":1,\"name\":\"Home\",\"item\":\"https:\/\/www.bagnoitalia.com\/fr\"},{\"@type\":\"ListItem\",\"position\":2,\"name\":\"Produits\",\"item\":\"https:\/\/www.bagnoitalia.com\/fr\/shop\"},{\"@type\":\"ListItem\",\"position\":3,\"name\":\"M\u00e9langeur baignoire avec douchette et support mural en 2 mod\u00e8les RB66\"}]},{\"@type\":\"WebSite\",\"@id\":\"https:\/\/www.bagnoitalia.com\/fr#website\",\"url\":\"https:\/\/www.bagnoitalia.com\/fr\",\"name\":\"Bagno Italia\",\"description\":\"\",\"publisher\":{\"@id\":\"https:\/\/www.bagnoitalia.com\/fr#organization\"},\"potentialAction\":[{\"@type\":\"SearchAction\",\"target\":{\"@type\":\"EntryPoint\",\"urlTemplate\":\"https:\/\/www.bagnoitalia.com\/fr?s={search_term_string}\"},\"query-input\":{\"@type\":\"PropertyValueSpecification\",\"valueRequired\":true,\"valueName\":\"search_term_string\"}}],\"inLanguage\":\"fr-FR\"},{\"@type\":\"Organization\",\"@id\":\"https:\/\/www.bagnoitalia.com\/fr#organization\",\"name\":\"Bagno Italia\",\"url\":\"https:\/\/www.bagnoitalia.com\/fr\",\"logo\":{\"@type\":\"ImageObject\",\"inLanguage\":\"fr-FR\",\"@id\":\"https:\/\/www.bagnoitalia.com\/fr#\/schema\/logo\/image\/\",\"url\":\"https:\/\/img.bagnoitalia.com\/wp-content\/uploads\/logo-bagnoitalia.webp\",\"contentUrl\":\"https:\/\/img.bagnoitalia.com\/wp-content\/uploads\/logo-bagnoitalia.webp\",\"width\":400,\"height\":70,\"caption\":\"Bagno Italia\"},\"image\":{\"@id\":\"https:\/\/www.bagnoitalia.com\/fr#\/schema\/logo\/image\/\"}}]}<\/script>\n<!-- \/ Yoast SEO plugin. -->","yoast_head_json":{"title":"Bathtub mixer with hand shower and wall support in 2 models RB66","description":"Modern bathtub tap available in two types, equipped with mixer, hand shower and diverter. Wall support included","robots":{"index":"index","follow":"follow","max-snippet":"max-snippet:-1","max-image-preview":"max-image-preview:large","max-video-preview":"max-video-preview:-1"},"canonical":"https:\/\/www.bagnoitalia.com\/fr\/produit\/bathtub-mixer-with-hand-shower-and-wall-support-in-2-models-rb66.html","og_locale":"fr_FR","og_type":"article","og_title":"Bathtub mixer with hand shower and wall support in 2 models RB66","og_description":"Modern bathtub tap available in two types, equipped with mixer, hand shower and diverter. Wall support included","og_url":"https:\/\/www.bagnoitalia.com\/fr\/produit\/bathtub-mixer-with-hand-shower-and-wall-support-in-2-models-rb66.html","og_site_name":"Bagno Italia","article_modified_time":"2024-09-30T14:27:15+00:00","og_image":[{"width":728,"height":728,"url":"https:\/\/img.bagnoitalia.com\/wp-content\/uploads\/virtuemart\/product\/bathtub-mixer-with-hand-shower_1568645701_18.jpg","type":"image\/jpeg"}],"twitter_card":"summary_large_image","twitter_misc":{"Dur\u00e9e de lecture estim\u00e9e":"1 minute"},"schema":{"@context":"https:\/\/schema.org","@graph":[{"@type":"WebPage","@id":"https:\/\/www.bagnoitalia.com\/fr\/produit\/bathtub-mixer-with-hand-shower-and-wall-support-in-2-models-rb66.html","url":"https:\/\/www.bagnoitalia.com\/fr\/produit\/bathtub-mixer-with-hand-shower-and-wall-support-in-2-models-rb66.html","name":"Bathtub mixer with hand shower and wall support in 2 models RB66","isPartOf":{"@id":"https:\/\/www.bagnoitalia.com\/fr#website"},"primaryImageOfPage":{"@id":"https:\/\/www.bagnoitalia.com\/fr\/produit\/bathtub-mixer-with-hand-shower-and-wall-support-in-2-models-rb66.html#primaryimage"},"image":{"@id":"https:\/\/www.bagnoitalia.com\/fr\/produit\/bathtub-mixer-with-hand-shower-and-wall-support-in-2-models-rb66.html#primaryimage"},"thumbnailUrl":"https:\/\/img.bagnoitalia.com\/wp-content\/uploads\/virtuemart\/product\/bathtub-mixer-with-hand-shower_1568645701_18.jpg","datePublished":"2019-09-16T12:54:10+00:00","dateModified":"2024-09-30T14:27:15+00:00","description":"Modern bathtub tap available in two types, equipped with mixer, hand shower and diverter. Wall support included","breadcrumb":{"@id":"https:\/\/www.bagnoitalia.com\/fr\/produit\/bathtub-mixer-with-hand-shower-and-wall-support-in-2-models-rb66.html#breadcrumb"},"inLanguage":"fr-FR","potentialAction":[{"@type":"ReadAction","target":["https:\/\/www.bagnoitalia.com\/fr\/produit\/bathtub-mixer-with-hand-shower-and-wall-support-in-2-models-rb66.html"]}]},{"@type":"ImageObject","inLanguage":"fr-FR","@id":"https:\/\/www.bagnoitalia.com\/fr\/produit\/bathtub-mixer-with-hand-shower-and-wall-support-in-2-models-rb66.html#primaryimage","url":"https:\/\/img.bagnoitalia.com\/wp-content\/uploads\/virtuemart\/product\/bathtub-mixer-with-hand-shower_1568645701_18.jpg","contentUrl":"https:\/\/img.bagnoitalia.com\/wp-content\/uploads\/virtuemart\/product\/bathtub-mixer-with-hand-shower_1568645701_18.jpg","width":728,"height":728},{"@type":"BreadcrumbList","@id":"https:\/\/www.bagnoitalia.com\/fr\/produit\/bathtub-mixer-with-hand-shower-and-wall-support-in-2-models-rb66.html#breadcrumb","itemListElement":[{"@type":"ListItem","position":1,"name":"Home","item":"https:\/\/www.bagnoitalia.com\/fr"},{"@type":"ListItem","position":2,"name":"Produits","item":"https:\/\/www.bagnoitalia.com\/fr\/shop"},{"@type":"ListItem","position":3,"name":"M\u00e9langeur baignoire avec douchette et support mural en 2 mod\u00e8les RB66"}]},{"@type":"WebSite","@id":"https:\/\/www.bagnoitalia.com\/fr#website","url":"https:\/\/www.bagnoitalia.com\/fr","name":"Bagno Italia","description":"","publisher":{"@id":"https:\/\/www.bagnoitalia.com\/fr#organization"},"potentialAction":[{"@type":"SearchAction","target":{"@type":"EntryPoint","urlTemplate":"https:\/\/www.bagnoitalia.com\/fr?s={search_term_string}"},"query-input":{"@type":"PropertyValueSpecification","valueRequired":true,"valueName":"search_term_string"}}],"inLanguage":"fr-FR"},{"@type":"Organization","@id":"https:\/\/www.bagnoitalia.com\/fr#organization","name":"Bagno Italia","url":"https:\/\/www.bagnoitalia.com\/fr","logo":{"@type":"ImageObject","inLanguage":"fr-FR","@id":"https:\/\/www.bagnoitalia.com\/fr#\/schema\/logo\/image\/","url":"https:\/\/img.bagnoitalia.com\/wp-content\/uploads\/logo-bagnoitalia.webp","contentUrl":"https:\/\/img.bagnoitalia.com\/wp-content\/uploads\/logo-bagnoitalia.webp","width":400,"height":70,"caption":"Bagno Italia"},"image":{"@id":"https:\/\/www.bagnoitalia.com\/fr#\/schema\/logo\/image\/"}}]}},"_links":{"self":[{"href":"https:\/\/www.bagnoitalia.com\/fr\/wp-json\/wp\/v2\/product\/92458","targetHints":{"allow":["GET"]}}],"collection":[{"href":"https:\/\/www.bagnoitalia.com\/fr\/wp-json\/wp\/v2\/product"}],"about":[{"href":"https:\/\/www.bagnoitalia.com\/fr\/wp-json\/wp\/v2\/types\/product"}],"replies":[{"embeddable":true,"href":"https:\/\/www.bagnoitalia.com\/fr\/wp-json\/wp\/v2\/comments?post=92458"}],"version-history":[{"count":1,"href":"https:\/\/www.bagnoitalia.com\/fr\/wp-json\/wp\/v2\/product\/92458\/revisions"}],"predecessor-version":[{"id":92463,"href":"https:\/\/www.bagnoitalia.com\/fr\/wp-json\/wp\/v2\/product\/92458\/revisions\/92463"}],"wp:featuredmedia":[{"embeddable":true,"href":"https:\/\/www.bagnoitalia.com\/fr\/wp-json\/wp\/v2\/media\/44815"}],"wp:attachment":[{"href":"https:\/\/www.bagnoitalia.com\/fr\/wp-json\/wp\/v2\/media?parent=92458"}],"wp:term":[{"taxonomy":"product_brand","embeddable":true,"href":"https:\/\/www.bagnoitalia.com\/fr\/wp-json\/wp\/v2\/product_brand?post=92458"},{"taxonomy":"product_cat","embeddable":true,"href":"https:\/\/www.bagnoitalia.com\/fr\/wp-json\/wp\/v2\/product_cat?post=92458"},{"taxonomy":"product_tag","embeddable":true,"href":"https:\/\/www.bagnoitalia.com\/fr\/wp-json\/wp\/v2\/product_tag?post=92458"}],"curies":[{"name":"wp","href":"https:\/\/api.w.org\/{rel}","templated":true}]}}