{"id":84289,"date":"2024-04-18T12:22:46","date_gmt":"2024-04-18T10:22:46","guid":{"rendered":"https:\/\/www.bagnoitalia.com\/product\/basic-bathroom-furniture-45x36-cm-ceramic-washbasin-with-black-metal-frame-mirror-and-shelf-2"},"modified":"2024-04-18T12:22:46","modified_gmt":"2024-04-18T10:22:46","slug":"basic-bathroom-furniture-45x36-cm-ceramic-washbasin-with-black-metal-frame-mirror-and-shelf-2","status":"publish","type":"product","link":"https:\/\/www.bagnoitalia.com\/fr\/produit\/basic-bathroom-furniture-45x36-cm-ceramic-washbasin-with-black-metal-frame-mirror-and-shelf-2.html","title":{"rendered":"Meubles de salle de bain Basic 45&#215;36 cm lavabo en c\u00e9ramique avec cadre en m\u00e9tal noir, miroir et \u00e9tag\u00e8re"},"content":{"rendered":"<p>MOD\u00c8LE DE BASE 45cm ARMOIRE DE SALLE DE BAIN<\/p>\n<p>&nbsp;<\/p>\n<p>&nbsp;<\/p>\n<p>&nbsp;<\/p>\n<p>LE PRIX CI-DESSUS COMPREND<\/p>\n<p>&nbsp;<\/p>\n<p>&nbsp;<\/p>\n<p>n. 1 structure m\u00e9tallique<\/p>\n<p>n. 1 lavabo en c\u00e9ramique<\/p>\n<p>n. 1 miroir<\/p>\n<p>n. 1 \u00e9tag\u00e8re<\/p>\n<p>&nbsp;<\/p>\n<p>&nbsp;<\/p>\n<p>&nbsp;<\/p>\n<p>CARACT\u00c9RISTIQUES PRINCIPALES<\/p>\n<p>&nbsp;<\/p>\n<p>&nbsp;<\/p>\n<p>Meuble de style industriel, m\u00e9tal noir, 45xP36xH19 cm<\/p>\n<p>Evier en c\u00e9ramique blanc brillant<\/p>\n<p>Avec trou pour robinet (mitigeur non inclus)<\/p>\n<p>Avec trou de trop-plein<\/p>\n<p>Miroir encadr\u00e9 40&#215;50 cm<\/p>\n<p>Petite \u00e9tag\u00e8re noire 40&#215;10 cm<\/p>\n<p>&nbsp;<\/p>\n<p>&nbsp;<\/p>\n<p>&nbsp;<\/p>\n<p>ATTENTION : robinet, bonde et siphon NON COMPRIS dans le prix<\/p>\n<p>&nbsp;<\/p>\n<p>&nbsp;<\/p>\n<p>&nbsp;<\/p>\n<p>&nbsp;<\/p>\n<p>&nbsp;<\/p>\n<p>&nbsp;<\/p>\n<p>&nbsp;<\/p>\n<p>&nbsp;<\/p>\n<p>&nbsp;<\/p>\n<p>&nbsp;<\/p>\n<p>&nbsp;<\/p>\n<p>&nbsp;<\/p>\n<p>&nbsp;<\/p>\n<p>&nbsp;<\/p>\n<p>450102<\/p>\n<p>&nbsp;<\/p>\n<p>Traduit avec www.DeepL.com\/Translator (version gratuite)<\/p>\n","protected":false},"excerpt":{"rendered":"<p>Une composition de style industriel, id\u00e9ale pour les salles de bains \u00e0 l&rsquo;espace limit\u00e9, avec \u00e9vier en c\u00e9ramique et porte-serviettes en m\u00e9tal. Le miroir encadr\u00e9 noir et l&rsquo;\u00e9tag\u00e8re noire sont \u00e9galement inclus dans le prix.<\/p>\n","protected":false},"featured_media":75185,"comment_status":"open","ping_status":"closed","template":"","meta":[],"product_brand":[5018],"product_cat":[9715,9659],"product_tag":[],"class_list":{"0":"post-84289","1":"product","2":"type-product","3":"status-publish","4":"has-post-thumbnail","6":"product_brand-brand-store","7":"product_cat-meubles-de-salle-de-bain-de-40-a-70-cm","8":"product_cat-meubles-de-salle-de-bain-bon-marche","10":"first","11":"instock","12":"sale","13":"taxable","14":"shipping-taxable","15":"purchasable","16":"product-type-simple"},"exclude_global_add_ons":[],"addons":[],"yoast_head":"<!-- This site is optimized with the Yoast SEO plugin v26.7 - https:\/\/yoast.com\/wordpress\/plugins\/seo\/ -->\n<title>Meubles de salle de bain Basic 45x36 cm lavabo en c\u00e9ramique avec cadre en m\u00e9tal noir, miroir et \u00e9tag\u00e8re<\/title>\n<meta name=\"description\" content=\"Une composition de style industriel, id\u00e9ale pour les salles de bains \u00e0 l&#039;espace limit\u00e9, avec \u00e9vier en c\u00e9ramique et porte-serviettes en m\u00e9tal. Le miroir encadr\u00e9 noir et l&#039;\u00e9tag\u00e8re noire sont \u00e9galement inclus dans le prix.\" \/>\n<meta name=\"robots\" content=\"index, follow, max-snippet:-1, max-image-preview:large, max-video-preview:-1\" \/>\n<link rel=\"canonical\" href=\"https:\/\/www.bagnoitalia.com\/fr\/produit\/basic-bathroom-furniture-45x36-cm-ceramic-washbasin-with-black-metal-frame-mirror-and-shelf-2.html\" \/>\n<meta property=\"og:locale\" content=\"fr_FR\" \/>\n<meta property=\"og:type\" content=\"article\" \/>\n<meta property=\"og:title\" content=\"Meubles de salle de bain Basic 45x36 cm lavabo en c\u00e9ramique avec cadre en m\u00e9tal noir, miroir et \u00e9tag\u00e8re\" \/>\n<meta property=\"og:description\" content=\"Une composition de style industriel, id\u00e9ale pour les salles de bains \u00e0 l&#039;espace limit\u00e9, avec \u00e9vier en c\u00e9ramique et porte-serviettes en m\u00e9tal. Le miroir encadr\u00e9 noir et l&#039;\u00e9tag\u00e8re noire sont \u00e9galement inclus dans le prix.\" \/>\n<meta property=\"og:url\" content=\"https:\/\/www.bagnoitalia.com\/fr\/produit\/basic-bathroom-furniture-45x36-cm-ceramic-washbasin-with-black-metal-frame-mirror-and-shelf-2.html\" \/>\n<meta property=\"og:site_name\" content=\"Bagno Italia\" \/>\n<meta property=\"og:image\" content=\"https:\/\/img.bagnoitalia.com\/wp-content\/uploads\/virtuemart\/product\/mobile-bagno-basic-45-cm-metallo-nero-lavabo-specchio-mensola-1.jpg\" \/>\n\t<meta property=\"og:image:width\" content=\"550\" \/>\n\t<meta property=\"og:image:height\" content=\"550\" \/>\n\t<meta property=\"og:image:type\" content=\"image\/jpeg\" \/>\n<meta name=\"twitter:card\" content=\"summary_large_image\" \/>\n<meta name=\"twitter:label1\" content=\"Dur\u00e9e de lecture estim\u00e9e\" \/>\n\t<meta name=\"twitter:data1\" content=\"1 minute\" \/>\n<script type=\"application\/ld+json\" class=\"yoast-schema-graph\">{\"@context\":\"https:\/\/schema.org\",\"@graph\":[{\"@type\":\"WebPage\",\"@id\":\"https:\/\/www.bagnoitalia.com\/fr\/produit\/basic-bathroom-furniture-45x36-cm-ceramic-washbasin-with-black-metal-frame-mirror-and-shelf-2.html\",\"url\":\"https:\/\/www.bagnoitalia.com\/fr\/produit\/basic-bathroom-furniture-45x36-cm-ceramic-washbasin-with-black-metal-frame-mirror-and-shelf-2.html\",\"name\":\"Meubles de salle de bain Basic 45x36 cm lavabo en c\u00e9ramique avec cadre en m\u00e9tal noir, miroir et \u00e9tag\u00e8re\",\"isPartOf\":{\"@id\":\"https:\/\/www.bagnoitalia.com\/fr#website\"},\"primaryImageOfPage\":{\"@id\":\"https:\/\/www.bagnoitalia.com\/fr\/produit\/basic-bathroom-furniture-45x36-cm-ceramic-washbasin-with-black-metal-frame-mirror-and-shelf-2.html#primaryimage\"},\"image\":{\"@id\":\"https:\/\/www.bagnoitalia.com\/fr\/produit\/basic-bathroom-furniture-45x36-cm-ceramic-washbasin-with-black-metal-frame-mirror-and-shelf-2.html#primaryimage\"},\"thumbnailUrl\":\"https:\/\/img.bagnoitalia.com\/wp-content\/uploads\/virtuemart\/product\/mobile-bagno-basic-45-cm-metallo-nero-lavabo-specchio-mensola-1.jpg\",\"datePublished\":\"2024-04-18T10:22:46+00:00\",\"description\":\"Une composition de style industriel, id\u00e9ale pour les salles de bains \u00e0 l&#39;espace limit\u00e9, avec \u00e9vier en c\u00e9ramique et porte-serviettes en m\u00e9tal. Le miroir encadr\u00e9 noir et l&#39;\u00e9tag\u00e8re noire sont \u00e9galement inclus dans le prix.\",\"breadcrumb\":{\"@id\":\"https:\/\/www.bagnoitalia.com\/fr\/produit\/basic-bathroom-furniture-45x36-cm-ceramic-washbasin-with-black-metal-frame-mirror-and-shelf-2.html#breadcrumb\"},\"inLanguage\":\"fr-FR\",\"potentialAction\":[{\"@type\":\"ReadAction\",\"target\":[\"https:\/\/www.bagnoitalia.com\/fr\/produit\/basic-bathroom-furniture-45x36-cm-ceramic-washbasin-with-black-metal-frame-mirror-and-shelf-2.html\"]}]},{\"@type\":\"ImageObject\",\"inLanguage\":\"fr-FR\",\"@id\":\"https:\/\/www.bagnoitalia.com\/fr\/produit\/basic-bathroom-furniture-45x36-cm-ceramic-washbasin-with-black-metal-frame-mirror-and-shelf-2.html#primaryimage\",\"url\":\"https:\/\/img.bagnoitalia.com\/wp-content\/uploads\/virtuemart\/product\/mobile-bagno-basic-45-cm-metallo-nero-lavabo-specchio-mensola-1.jpg\",\"contentUrl\":\"https:\/\/img.bagnoitalia.com\/wp-content\/uploads\/virtuemart\/product\/mobile-bagno-basic-45-cm-metallo-nero-lavabo-specchio-mensola-1.jpg\",\"width\":550,\"height\":550},{\"@type\":\"BreadcrumbList\",\"@id\":\"https:\/\/www.bagnoitalia.com\/fr\/produit\/basic-bathroom-furniture-45x36-cm-ceramic-washbasin-with-black-metal-frame-mirror-and-shelf-2.html#breadcrumb\",\"itemListElement\":[{\"@type\":\"ListItem\",\"position\":1,\"name\":\"Home\",\"item\":\"https:\/\/www.bagnoitalia.com\/fr\"},{\"@type\":\"ListItem\",\"position\":2,\"name\":\"Produits\",\"item\":\"https:\/\/www.bagnoitalia.com\/fr\/shop\"},{\"@type\":\"ListItem\",\"position\":3,\"name\":\"Meubles de salle de bain Basic 45&#215;36 cm lavabo en c\u00e9ramique avec cadre en m\u00e9tal noir, miroir et \u00e9tag\u00e8re\"}]},{\"@type\":\"WebSite\",\"@id\":\"https:\/\/www.bagnoitalia.com\/fr#website\",\"url\":\"https:\/\/www.bagnoitalia.com\/fr\",\"name\":\"Bagno Italia\",\"description\":\"\",\"publisher\":{\"@id\":\"https:\/\/www.bagnoitalia.com\/fr#organization\"},\"potentialAction\":[{\"@type\":\"SearchAction\",\"target\":{\"@type\":\"EntryPoint\",\"urlTemplate\":\"https:\/\/www.bagnoitalia.com\/fr?s={search_term_string}\"},\"query-input\":{\"@type\":\"PropertyValueSpecification\",\"valueRequired\":true,\"valueName\":\"search_term_string\"}}],\"inLanguage\":\"fr-FR\"},{\"@type\":\"Organization\",\"@id\":\"https:\/\/www.bagnoitalia.com\/fr#organization\",\"name\":\"Bagno Italia\",\"url\":\"https:\/\/www.bagnoitalia.com\/fr\",\"logo\":{\"@type\":\"ImageObject\",\"inLanguage\":\"fr-FR\",\"@id\":\"https:\/\/www.bagnoitalia.com\/fr#\/schema\/logo\/image\/\",\"url\":\"https:\/\/img.bagnoitalia.com\/wp-content\/uploads\/logo-bagnoitalia.webp\",\"contentUrl\":\"https:\/\/img.bagnoitalia.com\/wp-content\/uploads\/logo-bagnoitalia.webp\",\"width\":400,\"height\":70,\"caption\":\"Bagno Italia\"},\"image\":{\"@id\":\"https:\/\/www.bagnoitalia.com\/fr#\/schema\/logo\/image\/\"}}]}<\/script>\n<!-- \/ Yoast SEO plugin. -->","yoast_head_json":{"title":"Meubles de salle de bain Basic 45x36 cm lavabo en c\u00e9ramique avec cadre en m\u00e9tal noir, miroir et \u00e9tag\u00e8re","description":"Une composition de style industriel, id\u00e9ale pour les salles de bains \u00e0 l&#39;espace limit\u00e9, avec \u00e9vier en c\u00e9ramique et porte-serviettes en m\u00e9tal. Le miroir encadr\u00e9 noir et l&#39;\u00e9tag\u00e8re noire sont \u00e9galement inclus dans le prix.","robots":{"index":"index","follow":"follow","max-snippet":"max-snippet:-1","max-image-preview":"max-image-preview:large","max-video-preview":"max-video-preview:-1"},"canonical":"https:\/\/www.bagnoitalia.com\/fr\/produit\/basic-bathroom-furniture-45x36-cm-ceramic-washbasin-with-black-metal-frame-mirror-and-shelf-2.html","og_locale":"fr_FR","og_type":"article","og_title":"Meubles de salle de bain Basic 45x36 cm lavabo en c\u00e9ramique avec cadre en m\u00e9tal noir, miroir et \u00e9tag\u00e8re","og_description":"Une composition de style industriel, id\u00e9ale pour les salles de bains \u00e0 l&#39;espace limit\u00e9, avec \u00e9vier en c\u00e9ramique et porte-serviettes en m\u00e9tal. Le miroir encadr\u00e9 noir et l&#39;\u00e9tag\u00e8re noire sont \u00e9galement inclus dans le prix.","og_url":"https:\/\/www.bagnoitalia.com\/fr\/produit\/basic-bathroom-furniture-45x36-cm-ceramic-washbasin-with-black-metal-frame-mirror-and-shelf-2.html","og_site_name":"Bagno Italia","og_image":[{"width":550,"height":550,"url":"https:\/\/img.bagnoitalia.com\/wp-content\/uploads\/virtuemart\/product\/mobile-bagno-basic-45-cm-metallo-nero-lavabo-specchio-mensola-1.jpg","type":"image\/jpeg"}],"twitter_card":"summary_large_image","twitter_misc":{"Dur\u00e9e de lecture estim\u00e9e":"1 minute"},"schema":{"@context":"https:\/\/schema.org","@graph":[{"@type":"WebPage","@id":"https:\/\/www.bagnoitalia.com\/fr\/produit\/basic-bathroom-furniture-45x36-cm-ceramic-washbasin-with-black-metal-frame-mirror-and-shelf-2.html","url":"https:\/\/www.bagnoitalia.com\/fr\/produit\/basic-bathroom-furniture-45x36-cm-ceramic-washbasin-with-black-metal-frame-mirror-and-shelf-2.html","name":"Meubles de salle de bain Basic 45x36 cm lavabo en c\u00e9ramique avec cadre en m\u00e9tal noir, miroir et \u00e9tag\u00e8re","isPartOf":{"@id":"https:\/\/www.bagnoitalia.com\/fr#website"},"primaryImageOfPage":{"@id":"https:\/\/www.bagnoitalia.com\/fr\/produit\/basic-bathroom-furniture-45x36-cm-ceramic-washbasin-with-black-metal-frame-mirror-and-shelf-2.html#primaryimage"},"image":{"@id":"https:\/\/www.bagnoitalia.com\/fr\/produit\/basic-bathroom-furniture-45x36-cm-ceramic-washbasin-with-black-metal-frame-mirror-and-shelf-2.html#primaryimage"},"thumbnailUrl":"https:\/\/img.bagnoitalia.com\/wp-content\/uploads\/virtuemart\/product\/mobile-bagno-basic-45-cm-metallo-nero-lavabo-specchio-mensola-1.jpg","datePublished":"2024-04-18T10:22:46+00:00","description":"Une composition de style industriel, id\u00e9ale pour les salles de bains \u00e0 l&#39;espace limit\u00e9, avec \u00e9vier en c\u00e9ramique et porte-serviettes en m\u00e9tal. Le miroir encadr\u00e9 noir et l&#39;\u00e9tag\u00e8re noire sont \u00e9galement inclus dans le prix.","breadcrumb":{"@id":"https:\/\/www.bagnoitalia.com\/fr\/produit\/basic-bathroom-furniture-45x36-cm-ceramic-washbasin-with-black-metal-frame-mirror-and-shelf-2.html#breadcrumb"},"inLanguage":"fr-FR","potentialAction":[{"@type":"ReadAction","target":["https:\/\/www.bagnoitalia.com\/fr\/produit\/basic-bathroom-furniture-45x36-cm-ceramic-washbasin-with-black-metal-frame-mirror-and-shelf-2.html"]}]},{"@type":"ImageObject","inLanguage":"fr-FR","@id":"https:\/\/www.bagnoitalia.com\/fr\/produit\/basic-bathroom-furniture-45x36-cm-ceramic-washbasin-with-black-metal-frame-mirror-and-shelf-2.html#primaryimage","url":"https:\/\/img.bagnoitalia.com\/wp-content\/uploads\/virtuemart\/product\/mobile-bagno-basic-45-cm-metallo-nero-lavabo-specchio-mensola-1.jpg","contentUrl":"https:\/\/img.bagnoitalia.com\/wp-content\/uploads\/virtuemart\/product\/mobile-bagno-basic-45-cm-metallo-nero-lavabo-specchio-mensola-1.jpg","width":550,"height":550},{"@type":"BreadcrumbList","@id":"https:\/\/www.bagnoitalia.com\/fr\/produit\/basic-bathroom-furniture-45x36-cm-ceramic-washbasin-with-black-metal-frame-mirror-and-shelf-2.html#breadcrumb","itemListElement":[{"@type":"ListItem","position":1,"name":"Home","item":"https:\/\/www.bagnoitalia.com\/fr"},{"@type":"ListItem","position":2,"name":"Produits","item":"https:\/\/www.bagnoitalia.com\/fr\/shop"},{"@type":"ListItem","position":3,"name":"Meubles de salle de bain Basic 45&#215;36 cm lavabo en c\u00e9ramique avec cadre en m\u00e9tal noir, miroir et \u00e9tag\u00e8re"}]},{"@type":"WebSite","@id":"https:\/\/www.bagnoitalia.com\/fr#website","url":"https:\/\/www.bagnoitalia.com\/fr","name":"Bagno Italia","description":"","publisher":{"@id":"https:\/\/www.bagnoitalia.com\/fr#organization"},"potentialAction":[{"@type":"SearchAction","target":{"@type":"EntryPoint","urlTemplate":"https:\/\/www.bagnoitalia.com\/fr?s={search_term_string}"},"query-input":{"@type":"PropertyValueSpecification","valueRequired":true,"valueName":"search_term_string"}}],"inLanguage":"fr-FR"},{"@type":"Organization","@id":"https:\/\/www.bagnoitalia.com\/fr#organization","name":"Bagno Italia","url":"https:\/\/www.bagnoitalia.com\/fr","logo":{"@type":"ImageObject","inLanguage":"fr-FR","@id":"https:\/\/www.bagnoitalia.com\/fr#\/schema\/logo\/image\/","url":"https:\/\/img.bagnoitalia.com\/wp-content\/uploads\/logo-bagnoitalia.webp","contentUrl":"https:\/\/img.bagnoitalia.com\/wp-content\/uploads\/logo-bagnoitalia.webp","width":400,"height":70,"caption":"Bagno Italia"},"image":{"@id":"https:\/\/www.bagnoitalia.com\/fr#\/schema\/logo\/image\/"}}]}},"_links":{"self":[{"href":"https:\/\/www.bagnoitalia.com\/fr\/wp-json\/wp\/v2\/product\/84289","targetHints":{"allow":["GET"]}}],"collection":[{"href":"https:\/\/www.bagnoitalia.com\/fr\/wp-json\/wp\/v2\/product"}],"about":[{"href":"https:\/\/www.bagnoitalia.com\/fr\/wp-json\/wp\/v2\/types\/product"}],"replies":[{"embeddable":true,"href":"https:\/\/www.bagnoitalia.com\/fr\/wp-json\/wp\/v2\/comments?post=84289"}],"version-history":[{"count":0,"href":"https:\/\/www.bagnoitalia.com\/fr\/wp-json\/wp\/v2\/product\/84289\/revisions"}],"wp:featuredmedia":[{"embeddable":true,"href":"https:\/\/www.bagnoitalia.com\/fr\/wp-json\/wp\/v2\/media\/75185"}],"wp:attachment":[{"href":"https:\/\/www.bagnoitalia.com\/fr\/wp-json\/wp\/v2\/media?parent=84289"}],"wp:term":[{"taxonomy":"product_brand","embeddable":true,"href":"https:\/\/www.bagnoitalia.com\/fr\/wp-json\/wp\/v2\/product_brand?post=84289"},{"taxonomy":"product_cat","embeddable":true,"href":"https:\/\/www.bagnoitalia.com\/fr\/wp-json\/wp\/v2\/product_cat?post=84289"},{"taxonomy":"product_tag","embeddable":true,"href":"https:\/\/www.bagnoitalia.com\/fr\/wp-json\/wp\/v2\/product_tag?post=84289"}],"curies":[{"name":"wp","href":"https:\/\/api.w.org\/{rel}","templated":true}]}}