{"id":84249,"date":"2024-04-04T14:49:56","date_gmt":"2024-04-04T12:49:56","guid":{"rendered":"https:\/\/www.bagnoitalia.com\/product\/major-90x50-cm-curved-two-drawer-bathroom-furniture-in-3-colours-with-marble-basin-and-mirror-2"},"modified":"2024-06-05T15:34:49","modified_gmt":"2024-06-05T13:34:49","slug":"major-90x50-cm-curved-two-drawer-bathroom-furniture-in-3-colours-with-marble-basin-and-mirror-2","status":"publish","type":"product","link":"https:\/\/www.bagnoitalia.com\/fr\/produit\/major-90x50-cm-curved-two-drawer-bathroom-furniture-in-3-colours-with-marble-basin-and-mirror-2.html","title":{"rendered":"Major 90&#215;50 cm meuble de salle de bain \u00e0 deux tiroirs incurv\u00e9s en 3 couleurs avec vasque en marbre et miroir"},"content":{"rendered":"<p>Mod\u00e8le \u00ab\u00a0MAJOR\u00a0\u00bb MEUBLE DE SALLE DE BAIN COURBE<\/p>\n<p>&nbsp;<\/p>\n<p>&nbsp;<\/p>\n<p>&nbsp;<\/p>\n<p>Meuble de salle de bains suspendu, compos\u00e9 de :<\/p>\n<p>n. 1 \u00e9l\u00e9ment bas avec deux tiroirs<\/p>\n<p>n. 1 lavabo<\/p>\n<p>n. 1 miroir<\/p>\n<p>&nbsp;<\/p>\n<p>&nbsp;<\/p>\n<p>&nbsp;<\/p>\n<p>DIMENSIONS<\/p>\n<p>&nbsp;<\/p>\n<p>&nbsp;<\/p>\n<p>Longueur totale 90 cm<\/p>\n<p>Profondeur minimale (c\u00f4t\u00e9s) 34,5 cm<\/p>\n<p>Profondeur maximale (centre) 50 cm<\/p>\n<p>Hauteur totale 50 cm<\/p>\n<p>(Veuillez noter que le lavabo peut avoir une tol\u00e9rance de +1 ou +1,5 cm)<\/p>\n<p>Miroir r\u00e9versible 90&#215;70 cm<\/p>\n<p>&nbsp;<\/p>\n<p>&nbsp;<\/p>\n<p>&nbsp;<\/p>\n<p>D\u00c9TAILS ET MAT\u00c9RIAUX<\/p>\n<p>&nbsp;<\/p>\n<p>&nbsp;<\/p>\n<p>Meuble cintr\u00e9 bicolore, au choix parmi les combinaisons suivantes :<\/p>\n<p>&#8211; structure CANAL WALNUT avec fa\u00e7ade de tiroir BOTTLE GREEN<\/p>\n<p>&#8211; structure VERT BOUTEILLE avec fa\u00e7ade CANALETTO WALNUT<\/p>\n<p>&#8211; structure BLANC MAT avec fa\u00e7ade de tiroir BLEU POLY<\/p>\n<p>S\u00e9lectionnez la couleur choisie dans le menu d\u00e9roulant<\/p>\n<p>En utilisant le menu ci-dessus, vous pouvez \u00e9galement ajouter \u00e0 la composition une COLONNE assortie, mesurant 30xP24xH150 cm, r\u00e9versible et avec des \u00e9tag\u00e8res r\u00e9glables ;<\/p>\n<p>Meuble en MDF avec rev\u00eatement en PVC<\/p>\n<p>Tiroirs avec m\u00e9canisme soft-close et ouverture sans poign\u00e9e et rainur\u00e9e<\/p>\n<p>Vasque en marbre blanc poli avec trou de trop-plein<\/p>\n<p>Supports de fixation inclus<\/p>\n<p>ATTENTION : La robinetterie n&rsquo;est pas incluse dans l&rsquo;offre<\/p>\n<p>&nbsp;<\/p>\n<p>&nbsp;<\/p>\n<p>&nbsp;<\/p>\n<p>&nbsp;<\/p>\n<p>&nbsp;<\/p>\n<p>&nbsp;<\/p>\n<p>&nbsp;<\/p>\n<p>&nbsp;<\/p>\n<p>&nbsp;<\/p>\n<p>&nbsp;<\/p>\n<p>&nbsp;<\/p>\n<p>&nbsp;<\/p>\n<p>&nbsp;<\/p>\n<p>&nbsp;<\/p>\n<p>&nbsp;<\/p>\n<p>&nbsp;<\/p>\n<p>&nbsp;<\/p>\n<p>808004<br \/>\n808005<br \/>\n808006<br \/>\n808007<br \/>\n808008<br \/>\n808009<\/p>\n<p>&nbsp;<\/p>\n<p>&nbsp;<\/p>\n","protected":false},"excerpt":{"rendered":"<p>Armoire au design moderne, disponible en 3 combinaisons de couleurs : vert bouteille avec fa\u00e7ades en noyer, ou blanc mat avec fa\u00e7ades bleu clair, ou noyer avec fa\u00e7ades vert bouteille. Le lavabo, ainsi que le miroir, sont inclus dans le prix. Il est \u00e9galement possible d&rsquo;ajouter un meuble haut<\/p>\n","protected":false},"featured_media":74485,"comment_status":"open","ping_status":"closed","template":"","meta":[],"product_brand":[5018],"product_cat":[10115],"product_tag":[],"class_list":{"0":"post-84249","1":"product","2":"type-product","3":"status-publish","4":"has-post-thumbnail","6":"product_brand-brand-store","7":"product_cat-senza-categoria-fr","9":"first","10":"outofstock","11":"taxable","12":"shipping-taxable","13":"purchasable","14":"product-type-simple"},"exclude_global_add_ons":false,"addons":[{"name":"Couleur","type":"multiple_choice","position":0,"required":true,"title_format":"heading","default":"","description_enable":false,"description":"","placeholder_enable":false,"placeholder":"","display":"select","restrictions_type":"any_text","adjust_price":false,"price":"","price_type":"flat_fee","restrictions":false,"min":"0","max":"0","options":[{"label":"Structure vert bouteille et fa\u00e7ade en noyer","price":"","price_type":"quantity_based","image":0,"visibility":true},{"label":"Structure Blanc Mat et fa\u00e7ade Bleu Clair","price":"","price_type":"quantity_based","image":0,"visibility":true},{"label":"Structure en noyer et fa\u00e7ade vert bouteille","price":"","price_type":"quantity_based","image":0,"visibility":true}],"id":1717601690},{"name":"colonne","type":"multiple_choice","position":1,"required":true,"title_format":"heading","default":"","description_enable":false,"description":"","placeholder_enable":false,"placeholder":"","display":"select","restrictions_type":"any_text","adjust_price":false,"price":"","price_type":"flat_fee","restrictions":false,"min":"0","max":"0","options":[{"label":"PAS de colonne","price":"","price_type":"quantity_based","image":0,"visibility":true},{"label":"Une colonne 30x24xH150 cm","price":"189","price_type":"quantity_based","image":0,"visibility":true}],"id":1717601691},{"name":"Applique","type":"multiple_choice","position":2,"required":true,"title_format":"heading","default":"","description_enable":false,"description":"","placeholder_enable":false,"placeholder":"","display":"select","restrictions_type":"any_text","adjust_price":false,"price":"","price_type":"flat_fee","restrictions":false,"min":"0","max":"0","options":[{"label":"PAS d'applique","price":"","price_type":"quantity_based","image":0,"visibility":true},{"label":"Applique LED chrom\u00e9e","price":"20","price_type":"quantity_based","image":0,"visibility":true},{"label":"Applique LED noire","price":"25","price_type":"quantity_based","image":0,"visibility":true}],"id":1717601692}],"yoast_head":"<!-- This site is optimized with the Yoast SEO plugin v26.7 - https:\/\/yoast.com\/wordpress\/plugins\/seo\/ -->\n<title>Major 90x50 cm meuble de salle de bain \u00e0 deux tiroirs incurv\u00e9s en 3 couleurs avec vasque en marbre et miroir<\/title>\n<meta name=\"description\" content=\"Armoire au design moderne, disponible en 3 combinaisons de couleurs : vert bouteille avec fa\u00e7ades en noyer, ou blanc mat avec fa\u00e7ades bleu clair, ou noyer avec fa\u00e7ades vert bouteille. Le lavabo, ainsi que le miroir, sont inclus dans le prix. Il est \u00e9galement possible d&#039;ajouter un meuble haut\" \/>\n<meta name=\"robots\" content=\"index, follow, max-snippet:-1, max-image-preview:large, max-video-preview:-1\" \/>\n<link rel=\"canonical\" href=\"https:\/\/www.bagnoitalia.com\/fr\/produit\/major-90x50-cm-curved-two-drawer-bathroom-furniture-in-3-colours-with-marble-basin-and-mirror-2.html\" \/>\n<meta property=\"og:locale\" content=\"fr_FR\" \/>\n<meta property=\"og:type\" content=\"article\" \/>\n<meta property=\"og:title\" content=\"Major 90x50 cm meuble de salle de bain \u00e0 deux tiroirs incurv\u00e9s en 3 couleurs avec vasque en marbre et miroir\" \/>\n<meta property=\"og:description\" content=\"Armoire au design moderne, disponible en 3 combinaisons de couleurs : vert bouteille avec fa\u00e7ades en noyer, ou blanc mat avec fa\u00e7ades bleu clair, ou noyer avec fa\u00e7ades vert bouteille. Le lavabo, ainsi que le miroir, sont inclus dans le prix. Il est \u00e9galement possible d&#039;ajouter un meuble haut\" \/>\n<meta property=\"og:url\" content=\"https:\/\/www.bagnoitalia.com\/fr\/produit\/major-90x50-cm-curved-two-drawer-bathroom-furniture-in-3-colours-with-marble-basin-and-mirror-2.html\" \/>\n<meta property=\"og:site_name\" content=\"Bagno Italia\" \/>\n<meta property=\"article:modified_time\" content=\"2024-06-05T13:34:49+00:00\" \/>\n<meta property=\"og:image\" content=\"https:\/\/img.bagnoitalia.com\/wp-content\/uploads\/virtuemart\/product\/mobile-bagno-curvo-sospeso-major-colori-1.jpg\" \/>\n\t<meta property=\"og:image:width\" content=\"550\" \/>\n\t<meta property=\"og:image:height\" content=\"550\" \/>\n\t<meta property=\"og:image:type\" content=\"image\/jpeg\" \/>\n<meta name=\"twitter:card\" content=\"summary_large_image\" \/>\n<meta name=\"twitter:label1\" content=\"Dur\u00e9e de lecture estim\u00e9e\" \/>\n\t<meta name=\"twitter:data1\" content=\"1 minute\" \/>\n<script type=\"application\/ld+json\" class=\"yoast-schema-graph\">{\"@context\":\"https:\/\/schema.org\",\"@graph\":[{\"@type\":\"WebPage\",\"@id\":\"https:\/\/www.bagnoitalia.com\/fr\/produit\/major-90x50-cm-curved-two-drawer-bathroom-furniture-in-3-colours-with-marble-basin-and-mirror-2.html\",\"url\":\"https:\/\/www.bagnoitalia.com\/fr\/produit\/major-90x50-cm-curved-two-drawer-bathroom-furniture-in-3-colours-with-marble-basin-and-mirror-2.html\",\"name\":\"Major 90x50 cm meuble de salle de bain \u00e0 deux tiroirs incurv\u00e9s en 3 couleurs avec vasque en marbre et miroir\",\"isPartOf\":{\"@id\":\"https:\/\/www.bagnoitalia.com\/fr#website\"},\"primaryImageOfPage\":{\"@id\":\"https:\/\/www.bagnoitalia.com\/fr\/produit\/major-90x50-cm-curved-two-drawer-bathroom-furniture-in-3-colours-with-marble-basin-and-mirror-2.html#primaryimage\"},\"image\":{\"@id\":\"https:\/\/www.bagnoitalia.com\/fr\/produit\/major-90x50-cm-curved-two-drawer-bathroom-furniture-in-3-colours-with-marble-basin-and-mirror-2.html#primaryimage\"},\"thumbnailUrl\":\"https:\/\/img.bagnoitalia.com\/wp-content\/uploads\/virtuemart\/product\/mobile-bagno-curvo-sospeso-major-colori-1.jpg\",\"datePublished\":\"2024-04-04T12:49:56+00:00\",\"dateModified\":\"2024-06-05T13:34:49+00:00\",\"description\":\"Armoire au design moderne, disponible en 3 combinaisons de couleurs : vert bouteille avec fa\u00e7ades en noyer, ou blanc mat avec fa\u00e7ades bleu clair, ou noyer avec fa\u00e7ades vert bouteille. Le lavabo, ainsi que le miroir, sont inclus dans le prix. Il est \u00e9galement possible d'ajouter un meuble haut\",\"breadcrumb\":{\"@id\":\"https:\/\/www.bagnoitalia.com\/fr\/produit\/major-90x50-cm-curved-two-drawer-bathroom-furniture-in-3-colours-with-marble-basin-and-mirror-2.html#breadcrumb\"},\"inLanguage\":\"fr-FR\",\"potentialAction\":[{\"@type\":\"ReadAction\",\"target\":[\"https:\/\/www.bagnoitalia.com\/fr\/produit\/major-90x50-cm-curved-two-drawer-bathroom-furniture-in-3-colours-with-marble-basin-and-mirror-2.html\"]}]},{\"@type\":\"ImageObject\",\"inLanguage\":\"fr-FR\",\"@id\":\"https:\/\/www.bagnoitalia.com\/fr\/produit\/major-90x50-cm-curved-two-drawer-bathroom-furniture-in-3-colours-with-marble-basin-and-mirror-2.html#primaryimage\",\"url\":\"https:\/\/img.bagnoitalia.com\/wp-content\/uploads\/virtuemart\/product\/mobile-bagno-curvo-sospeso-major-colori-1.jpg\",\"contentUrl\":\"https:\/\/img.bagnoitalia.com\/wp-content\/uploads\/virtuemart\/product\/mobile-bagno-curvo-sospeso-major-colori-1.jpg\",\"width\":550,\"height\":550},{\"@type\":\"BreadcrumbList\",\"@id\":\"https:\/\/www.bagnoitalia.com\/fr\/produit\/major-90x50-cm-curved-two-drawer-bathroom-furniture-in-3-colours-with-marble-basin-and-mirror-2.html#breadcrumb\",\"itemListElement\":[{\"@type\":\"ListItem\",\"position\":1,\"name\":\"Home\",\"item\":\"https:\/\/www.bagnoitalia.com\/fr\"},{\"@type\":\"ListItem\",\"position\":2,\"name\":\"Produits\",\"item\":\"https:\/\/www.bagnoitalia.com\/fr\/shop\"},{\"@type\":\"ListItem\",\"position\":3,\"name\":\"Major 90&#215;50 cm meuble de salle de bain \u00e0 deux tiroirs incurv\u00e9s en 3 couleurs avec vasque en marbre et miroir\"}]},{\"@type\":\"WebSite\",\"@id\":\"https:\/\/www.bagnoitalia.com\/fr#website\",\"url\":\"https:\/\/www.bagnoitalia.com\/fr\",\"name\":\"Bagno Italia\",\"description\":\"\",\"publisher\":{\"@id\":\"https:\/\/www.bagnoitalia.com\/fr#organization\"},\"potentialAction\":[{\"@type\":\"SearchAction\",\"target\":{\"@type\":\"EntryPoint\",\"urlTemplate\":\"https:\/\/www.bagnoitalia.com\/fr?s={search_term_string}\"},\"query-input\":{\"@type\":\"PropertyValueSpecification\",\"valueRequired\":true,\"valueName\":\"search_term_string\"}}],\"inLanguage\":\"fr-FR\"},{\"@type\":\"Organization\",\"@id\":\"https:\/\/www.bagnoitalia.com\/fr#organization\",\"name\":\"Bagno Italia\",\"url\":\"https:\/\/www.bagnoitalia.com\/fr\",\"logo\":{\"@type\":\"ImageObject\",\"inLanguage\":\"fr-FR\",\"@id\":\"https:\/\/www.bagnoitalia.com\/fr#\/schema\/logo\/image\/\",\"url\":\"https:\/\/img.bagnoitalia.com\/wp-content\/uploads\/logo-bagnoitalia.webp\",\"contentUrl\":\"https:\/\/img.bagnoitalia.com\/wp-content\/uploads\/logo-bagnoitalia.webp\",\"width\":400,\"height\":70,\"caption\":\"Bagno Italia\"},\"image\":{\"@id\":\"https:\/\/www.bagnoitalia.com\/fr#\/schema\/logo\/image\/\"}}]}<\/script>\n<!-- \/ Yoast SEO plugin. -->","yoast_head_json":{"title":"Major 90x50 cm meuble de salle de bain \u00e0 deux tiroirs incurv\u00e9s en 3 couleurs avec vasque en marbre et miroir","description":"Armoire au design moderne, disponible en 3 combinaisons de couleurs : vert bouteille avec fa\u00e7ades en noyer, ou blanc mat avec fa\u00e7ades bleu clair, ou noyer avec fa\u00e7ades vert bouteille. Le lavabo, ainsi que le miroir, sont inclus dans le prix. Il est \u00e9galement possible d'ajouter un meuble haut","robots":{"index":"index","follow":"follow","max-snippet":"max-snippet:-1","max-image-preview":"max-image-preview:large","max-video-preview":"max-video-preview:-1"},"canonical":"https:\/\/www.bagnoitalia.com\/fr\/produit\/major-90x50-cm-curved-two-drawer-bathroom-furniture-in-3-colours-with-marble-basin-and-mirror-2.html","og_locale":"fr_FR","og_type":"article","og_title":"Major 90x50 cm meuble de salle de bain \u00e0 deux tiroirs incurv\u00e9s en 3 couleurs avec vasque en marbre et miroir","og_description":"Armoire au design moderne, disponible en 3 combinaisons de couleurs : vert bouteille avec fa\u00e7ades en noyer, ou blanc mat avec fa\u00e7ades bleu clair, ou noyer avec fa\u00e7ades vert bouteille. Le lavabo, ainsi que le miroir, sont inclus dans le prix. Il est \u00e9galement possible d'ajouter un meuble haut","og_url":"https:\/\/www.bagnoitalia.com\/fr\/produit\/major-90x50-cm-curved-two-drawer-bathroom-furniture-in-3-colours-with-marble-basin-and-mirror-2.html","og_site_name":"Bagno Italia","article_modified_time":"2024-06-05T13:34:49+00:00","og_image":[{"width":550,"height":550,"url":"https:\/\/img.bagnoitalia.com\/wp-content\/uploads\/virtuemart\/product\/mobile-bagno-curvo-sospeso-major-colori-1.jpg","type":"image\/jpeg"}],"twitter_card":"summary_large_image","twitter_misc":{"Dur\u00e9e de lecture estim\u00e9e":"1 minute"},"schema":{"@context":"https:\/\/schema.org","@graph":[{"@type":"WebPage","@id":"https:\/\/www.bagnoitalia.com\/fr\/produit\/major-90x50-cm-curved-two-drawer-bathroom-furniture-in-3-colours-with-marble-basin-and-mirror-2.html","url":"https:\/\/www.bagnoitalia.com\/fr\/produit\/major-90x50-cm-curved-two-drawer-bathroom-furniture-in-3-colours-with-marble-basin-and-mirror-2.html","name":"Major 90x50 cm meuble de salle de bain \u00e0 deux tiroirs incurv\u00e9s en 3 couleurs avec vasque en marbre et miroir","isPartOf":{"@id":"https:\/\/www.bagnoitalia.com\/fr#website"},"primaryImageOfPage":{"@id":"https:\/\/www.bagnoitalia.com\/fr\/produit\/major-90x50-cm-curved-two-drawer-bathroom-furniture-in-3-colours-with-marble-basin-and-mirror-2.html#primaryimage"},"image":{"@id":"https:\/\/www.bagnoitalia.com\/fr\/produit\/major-90x50-cm-curved-two-drawer-bathroom-furniture-in-3-colours-with-marble-basin-and-mirror-2.html#primaryimage"},"thumbnailUrl":"https:\/\/img.bagnoitalia.com\/wp-content\/uploads\/virtuemart\/product\/mobile-bagno-curvo-sospeso-major-colori-1.jpg","datePublished":"2024-04-04T12:49:56+00:00","dateModified":"2024-06-05T13:34:49+00:00","description":"Armoire au design moderne, disponible en 3 combinaisons de couleurs : vert bouteille avec fa\u00e7ades en noyer, ou blanc mat avec fa\u00e7ades bleu clair, ou noyer avec fa\u00e7ades vert bouteille. Le lavabo, ainsi que le miroir, sont inclus dans le prix. Il est \u00e9galement possible d'ajouter un meuble haut","breadcrumb":{"@id":"https:\/\/www.bagnoitalia.com\/fr\/produit\/major-90x50-cm-curved-two-drawer-bathroom-furniture-in-3-colours-with-marble-basin-and-mirror-2.html#breadcrumb"},"inLanguage":"fr-FR","potentialAction":[{"@type":"ReadAction","target":["https:\/\/www.bagnoitalia.com\/fr\/produit\/major-90x50-cm-curved-two-drawer-bathroom-furniture-in-3-colours-with-marble-basin-and-mirror-2.html"]}]},{"@type":"ImageObject","inLanguage":"fr-FR","@id":"https:\/\/www.bagnoitalia.com\/fr\/produit\/major-90x50-cm-curved-two-drawer-bathroom-furniture-in-3-colours-with-marble-basin-and-mirror-2.html#primaryimage","url":"https:\/\/img.bagnoitalia.com\/wp-content\/uploads\/virtuemart\/product\/mobile-bagno-curvo-sospeso-major-colori-1.jpg","contentUrl":"https:\/\/img.bagnoitalia.com\/wp-content\/uploads\/virtuemart\/product\/mobile-bagno-curvo-sospeso-major-colori-1.jpg","width":550,"height":550},{"@type":"BreadcrumbList","@id":"https:\/\/www.bagnoitalia.com\/fr\/produit\/major-90x50-cm-curved-two-drawer-bathroom-furniture-in-3-colours-with-marble-basin-and-mirror-2.html#breadcrumb","itemListElement":[{"@type":"ListItem","position":1,"name":"Home","item":"https:\/\/www.bagnoitalia.com\/fr"},{"@type":"ListItem","position":2,"name":"Produits","item":"https:\/\/www.bagnoitalia.com\/fr\/shop"},{"@type":"ListItem","position":3,"name":"Major 90&#215;50 cm meuble de salle de bain \u00e0 deux tiroirs incurv\u00e9s en 3 couleurs avec vasque en marbre et miroir"}]},{"@type":"WebSite","@id":"https:\/\/www.bagnoitalia.com\/fr#website","url":"https:\/\/www.bagnoitalia.com\/fr","name":"Bagno Italia","description":"","publisher":{"@id":"https:\/\/www.bagnoitalia.com\/fr#organization"},"potentialAction":[{"@type":"SearchAction","target":{"@type":"EntryPoint","urlTemplate":"https:\/\/www.bagnoitalia.com\/fr?s={search_term_string}"},"query-input":{"@type":"PropertyValueSpecification","valueRequired":true,"valueName":"search_term_string"}}],"inLanguage":"fr-FR"},{"@type":"Organization","@id":"https:\/\/www.bagnoitalia.com\/fr#organization","name":"Bagno Italia","url":"https:\/\/www.bagnoitalia.com\/fr","logo":{"@type":"ImageObject","inLanguage":"fr-FR","@id":"https:\/\/www.bagnoitalia.com\/fr#\/schema\/logo\/image\/","url":"https:\/\/img.bagnoitalia.com\/wp-content\/uploads\/logo-bagnoitalia.webp","contentUrl":"https:\/\/img.bagnoitalia.com\/wp-content\/uploads\/logo-bagnoitalia.webp","width":400,"height":70,"caption":"Bagno Italia"},"image":{"@id":"https:\/\/www.bagnoitalia.com\/fr#\/schema\/logo\/image\/"}}]}},"_links":{"self":[{"href":"https:\/\/www.bagnoitalia.com\/fr\/wp-json\/wp\/v2\/product\/84249","targetHints":{"allow":["GET"]}}],"collection":[{"href":"https:\/\/www.bagnoitalia.com\/fr\/wp-json\/wp\/v2\/product"}],"about":[{"href":"https:\/\/www.bagnoitalia.com\/fr\/wp-json\/wp\/v2\/types\/product"}],"replies":[{"embeddable":true,"href":"https:\/\/www.bagnoitalia.com\/fr\/wp-json\/wp\/v2\/comments?post=84249"}],"version-history":[{"count":1,"href":"https:\/\/www.bagnoitalia.com\/fr\/wp-json\/wp\/v2\/product\/84249\/revisions"}],"predecessor-version":[{"id":89435,"href":"https:\/\/www.bagnoitalia.com\/fr\/wp-json\/wp\/v2\/product\/84249\/revisions\/89435"}],"wp:featuredmedia":[{"embeddable":true,"href":"https:\/\/www.bagnoitalia.com\/fr\/wp-json\/wp\/v2\/media\/74485"}],"wp:attachment":[{"href":"https:\/\/www.bagnoitalia.com\/fr\/wp-json\/wp\/v2\/media?parent=84249"}],"wp:term":[{"taxonomy":"product_brand","embeddable":true,"href":"https:\/\/www.bagnoitalia.com\/fr\/wp-json\/wp\/v2\/product_brand?post=84249"},{"taxonomy":"product_cat","embeddable":true,"href":"https:\/\/www.bagnoitalia.com\/fr\/wp-json\/wp\/v2\/product_cat?post=84249"},{"taxonomy":"product_tag","embeddable":true,"href":"https:\/\/www.bagnoitalia.com\/fr\/wp-json\/wp\/v2\/product_tag?post=84249"}],"curies":[{"name":"wp","href":"https:\/\/api.w.org\/{rel}","templated":true}]}}