{"id":84225,"date":"2024-03-08T15:31:51","date_gmt":"2024-03-08T14:31:51","guid":{"rendered":"https:\/\/www.bagnoitalia.com\/product\/outdoor-sofa-set-with-armchairs-and-dubai-garden-lounge-chairs-in-two-colours-2"},"modified":"2024-05-23T10:40:08","modified_gmt":"2024-05-23T08:40:08","slug":"outdoor-sofa-set-with-armchairs-and-dubai-garden-lounge-chairs-in-two-colours-2","status":"publish","type":"product","link":"https:\/\/www.bagnoitalia.com\/fr\/produit\/outdoor-sofa-set-with-armchairs-and-dubai-garden-lounge-chairs-in-two-colours-2.html","title":{"rendered":"Ensemble de canap\u00e9s d&rsquo;ext\u00e9rieur avec fauteuils et chaises longues de jardin Duba\u00ef en deux couleurs"},"content":{"rendered":"<p>DUBAI&rsquo; MEUBLES D&rsquo;EXT\u00c9RIEUR<\/p>\n<p>&nbsp;<\/p>\n<p>&nbsp;<\/p>\n<p>&nbsp;<\/p>\n<p>L&rsquo;ENSEMBLE COMPREND<\/p>\n<p>Un canap\u00e9 deux places<\/p>\n<p>Deux fauteuils<\/p>\n<p>Une table basse<\/p>\n<p>Coussins de dossier et d&rsquo;assise<\/p>\n<p>&nbsp;<\/p>\n<p>&nbsp;<\/p>\n<p>DIMENSIONS<\/p>\n<p>Canap\u00e9 de 152xP80xH73 cm<\/p>\n<p>Fauteuils de 71xP80xH73 cm<\/p>\n<p>Table basse de 100xP55xH45 cm<\/p>\n<p>Coussins de 15 cm d&rsquo;\u00e9paisseur<\/p>\n<p>Plateau de table en verre de 5 mm d&rsquo;\u00e9paisseur<\/p>\n<p>&nbsp;<\/p>\n<p>&nbsp;<\/p>\n<p>MAT\u00c9RIAUX ET AUTRES SP\u00c9CIFICATIONS<\/p>\n<p>Ensemble adapt\u00e9 \u00e0 l&rsquo;usage ext\u00e9rieur, pour l&rsquo;am\u00e9nagement de jardins, patios, terrasses<\/p>\n<p>Structure en aluminium<\/p>\n<p>Accoudoirs et dossiers recouverts de cordon synth\u00e9tique rond<\/p>\n<p>Couleurs disponibles : gris clair ou gris fonc\u00e9<\/p>\n<p>&nbsp;<\/p>\n<p>&nbsp;<\/p>\n<p>&nbsp;<\/p>\n<p>&nbsp;<\/p>\n<p>&nbsp;<\/p>\n<p>&nbsp;<\/p>\n<p>&nbsp;<\/p>\n<p>&nbsp;<\/p>\n<p>&nbsp;<\/p>\n<p>&nbsp;<\/p>\n<p>&nbsp;<\/p>\n<p>&nbsp;<\/p>\n<p>&nbsp;<\/p>\n<p>&nbsp;<\/p>\n<p>&nbsp;<\/p>\n<p>&nbsp;<\/p>\n<p>&nbsp;<\/p>\n<p>&nbsp;<\/p>\n<p>&nbsp;<\/p>\n<p>&nbsp;<\/p>\n<p>&nbsp;<\/p>\n<p>&nbsp;<\/p>\n<p>&nbsp;<\/p>\n<p>&nbsp;<\/p>\n<p>AT804194<\/p>\n<p>&nbsp;<\/p>\n","protected":false},"excerpt":{"rendered":"<p>Meubles d&rsquo;ext\u00e9rieur modernes et \u00e9l\u00e9gants, en aluminium avec rev\u00eatement en corde ronde synth\u00e9tique, dans deux finitions au choix, gris clair ou gris fonc\u00e9. L&rsquo;ensemble comprend un canap\u00e9 2 places, 2 fauteuils, une table basse et des coussins pour l&rsquo;assise et le dossier.<\/p>\n","protected":false},"featured_media":74217,"comment_status":"open","ping_status":"closed","template":"","meta":[],"product_brand":[9879],"product_cat":[10012,10027,9783],"product_tag":[],"class_list":{"0":"post-84225","1":"product","2":"type-product","3":"status-publish","4":"has-post-thumbnail","6":"product_brand-vari-produttori-fr","7":"product_cat-canapes-dexterieur","8":"product_cat-tables-avec-chaises","9":"product_cat-mobilier-d-39-exterieur","11":"first","12":"instock","13":"sale","14":"taxable","15":"shipping-taxable","16":"purchasable","17":"product-type-simple"},"exclude_global_add_ons":false,"addons":[{"name":"couleur","type":"multiple_choice","position":0,"required":true,"title_format":"heading","default":"","description_enable":false,"description":"","placeholder_enable":false,"placeholder":"","display":"select","restrictions_type":"any_text","adjust_price":false,"price":"","price_type":"flat_fee","restrictions":false,"min":"0","max":"0","options":[{"label":"gris clair","price":"","price_type":"quantity_based","image":0,"visibility":true},{"label":"gris fonc\u00e9","price":"","price_type":"quantity_based","image":0,"visibility":true}],"id":1716460808}],"yoast_head":"<!-- This site is optimized with the Yoast SEO plugin v26.7 - https:\/\/yoast.com\/wordpress\/plugins\/seo\/ -->\n<title>Ensemble de canap\u00e9s d&#039;ext\u00e9rieur avec fauteuils et chaises longues de jardin Duba\u00ef en deux couleurs<\/title>\n<meta name=\"description\" content=\"Meubles d&#039;ext\u00e9rieur modernes et \u00e9l\u00e9gants, en aluminium avec rev\u00eatement en corde ronde synth\u00e9tique, dans deux finitions au choix, gris clair ou gris fonc\u00e9. L&#039;ensemble comprend un canap\u00e9 2 places, 2 fauteuils, une table basse et des coussins pour l&#039;assise et le dossier.\" \/>\n<meta name=\"robots\" content=\"index, follow, max-snippet:-1, max-image-preview:large, max-video-preview:-1\" \/>\n<link rel=\"canonical\" href=\"https:\/\/www.bagnoitalia.com\/fr\/produit\/outdoor-sofa-set-with-armchairs-and-dubai-garden-lounge-chairs-in-two-colours-2.html\" \/>\n<meta property=\"og:locale\" content=\"fr_FR\" \/>\n<meta property=\"og:type\" content=\"article\" \/>\n<meta property=\"og:title\" content=\"Ensemble de canap\u00e9s d&#039;ext\u00e9rieur avec fauteuils et chaises longues de jardin Duba\u00ef en deux couleurs\" \/>\n<meta property=\"og:description\" content=\"Meubles d&#039;ext\u00e9rieur modernes et \u00e9l\u00e9gants, en aluminium avec rev\u00eatement en corde ronde synth\u00e9tique, dans deux finitions au choix, gris clair ou gris fonc\u00e9. L&#039;ensemble comprend un canap\u00e9 2 places, 2 fauteuils, une table basse et des coussins pour l&#039;assise et le dossier.\" \/>\n<meta property=\"og:url\" content=\"https:\/\/www.bagnoitalia.com\/fr\/produit\/outdoor-sofa-set-with-armchairs-and-dubai-garden-lounge-chairs-in-two-colours-2.html\" \/>\n<meta property=\"og:site_name\" content=\"Bagno Italia\" \/>\n<meta property=\"article:modified_time\" content=\"2024-05-23T08:40:08+00:00\" \/>\n<meta property=\"og:image\" content=\"https:\/\/img.bagnoitalia.com\/wp-content\/uploads\/virtuemart\/product\/arredo-esterno-divano-giardino-poltrone-tavolo-grigio-chiaro-scuro-1.jpg\" \/>\n\t<meta property=\"og:image:width\" content=\"550\" \/>\n\t<meta property=\"og:image:height\" content=\"550\" \/>\n\t<meta property=\"og:image:type\" content=\"image\/jpeg\" \/>\n<meta name=\"twitter:card\" content=\"summary_large_image\" \/>\n<meta name=\"twitter:label1\" content=\"Dur\u00e9e de lecture estim\u00e9e\" \/>\n\t<meta name=\"twitter:data1\" content=\"1 minute\" \/>\n<script type=\"application\/ld+json\" class=\"yoast-schema-graph\">{\"@context\":\"https:\/\/schema.org\",\"@graph\":[{\"@type\":\"WebPage\",\"@id\":\"https:\/\/www.bagnoitalia.com\/fr\/produit\/outdoor-sofa-set-with-armchairs-and-dubai-garden-lounge-chairs-in-two-colours-2.html\",\"url\":\"https:\/\/www.bagnoitalia.com\/fr\/produit\/outdoor-sofa-set-with-armchairs-and-dubai-garden-lounge-chairs-in-two-colours-2.html\",\"name\":\"Ensemble de canap\u00e9s d'ext\u00e9rieur avec fauteuils et chaises longues de jardin Duba\u00ef en deux couleurs\",\"isPartOf\":{\"@id\":\"https:\/\/www.bagnoitalia.com\/fr#website\"},\"primaryImageOfPage\":{\"@id\":\"https:\/\/www.bagnoitalia.com\/fr\/produit\/outdoor-sofa-set-with-armchairs-and-dubai-garden-lounge-chairs-in-two-colours-2.html#primaryimage\"},\"image\":{\"@id\":\"https:\/\/www.bagnoitalia.com\/fr\/produit\/outdoor-sofa-set-with-armchairs-and-dubai-garden-lounge-chairs-in-two-colours-2.html#primaryimage\"},\"thumbnailUrl\":\"https:\/\/img.bagnoitalia.com\/wp-content\/uploads\/virtuemart\/product\/arredo-esterno-divano-giardino-poltrone-tavolo-grigio-chiaro-scuro-1.jpg\",\"datePublished\":\"2024-03-08T14:31:51+00:00\",\"dateModified\":\"2024-05-23T08:40:08+00:00\",\"description\":\"Meubles d'ext\u00e9rieur modernes et \u00e9l\u00e9gants, en aluminium avec rev\u00eatement en corde ronde synth\u00e9tique, dans deux finitions au choix, gris clair ou gris fonc\u00e9. L'ensemble comprend un canap\u00e9 2 places, 2 fauteuils, une table basse et des coussins pour l'assise et le dossier.\",\"breadcrumb\":{\"@id\":\"https:\/\/www.bagnoitalia.com\/fr\/produit\/outdoor-sofa-set-with-armchairs-and-dubai-garden-lounge-chairs-in-two-colours-2.html#breadcrumb\"},\"inLanguage\":\"fr-FR\",\"potentialAction\":[{\"@type\":\"ReadAction\",\"target\":[\"https:\/\/www.bagnoitalia.com\/fr\/produit\/outdoor-sofa-set-with-armchairs-and-dubai-garden-lounge-chairs-in-two-colours-2.html\"]}]},{\"@type\":\"ImageObject\",\"inLanguage\":\"fr-FR\",\"@id\":\"https:\/\/www.bagnoitalia.com\/fr\/produit\/outdoor-sofa-set-with-armchairs-and-dubai-garden-lounge-chairs-in-two-colours-2.html#primaryimage\",\"url\":\"https:\/\/img.bagnoitalia.com\/wp-content\/uploads\/virtuemart\/product\/arredo-esterno-divano-giardino-poltrone-tavolo-grigio-chiaro-scuro-1.jpg\",\"contentUrl\":\"https:\/\/img.bagnoitalia.com\/wp-content\/uploads\/virtuemart\/product\/arredo-esterno-divano-giardino-poltrone-tavolo-grigio-chiaro-scuro-1.jpg\",\"width\":550,\"height\":550},{\"@type\":\"BreadcrumbList\",\"@id\":\"https:\/\/www.bagnoitalia.com\/fr\/produit\/outdoor-sofa-set-with-armchairs-and-dubai-garden-lounge-chairs-in-two-colours-2.html#breadcrumb\",\"itemListElement\":[{\"@type\":\"ListItem\",\"position\":1,\"name\":\"Home\",\"item\":\"https:\/\/www.bagnoitalia.com\/fr\"},{\"@type\":\"ListItem\",\"position\":2,\"name\":\"Produits\",\"item\":\"https:\/\/www.bagnoitalia.com\/fr\/shop\"},{\"@type\":\"ListItem\",\"position\":3,\"name\":\"Ensemble de canap\u00e9s d&#8217;ext\u00e9rieur avec fauteuils et chaises longues de jardin Duba\u00ef en deux couleurs\"}]},{\"@type\":\"WebSite\",\"@id\":\"https:\/\/www.bagnoitalia.com\/fr#website\",\"url\":\"https:\/\/www.bagnoitalia.com\/fr\",\"name\":\"Bagno Italia\",\"description\":\"\",\"publisher\":{\"@id\":\"https:\/\/www.bagnoitalia.com\/fr#organization\"},\"potentialAction\":[{\"@type\":\"SearchAction\",\"target\":{\"@type\":\"EntryPoint\",\"urlTemplate\":\"https:\/\/www.bagnoitalia.com\/fr?s={search_term_string}\"},\"query-input\":{\"@type\":\"PropertyValueSpecification\",\"valueRequired\":true,\"valueName\":\"search_term_string\"}}],\"inLanguage\":\"fr-FR\"},{\"@type\":\"Organization\",\"@id\":\"https:\/\/www.bagnoitalia.com\/fr#organization\",\"name\":\"Bagno Italia\",\"url\":\"https:\/\/www.bagnoitalia.com\/fr\",\"logo\":{\"@type\":\"ImageObject\",\"inLanguage\":\"fr-FR\",\"@id\":\"https:\/\/www.bagnoitalia.com\/fr#\/schema\/logo\/image\/\",\"url\":\"https:\/\/img.bagnoitalia.com\/wp-content\/uploads\/logo-bagnoitalia.webp\",\"contentUrl\":\"https:\/\/img.bagnoitalia.com\/wp-content\/uploads\/logo-bagnoitalia.webp\",\"width\":400,\"height\":70,\"caption\":\"Bagno Italia\"},\"image\":{\"@id\":\"https:\/\/www.bagnoitalia.com\/fr#\/schema\/logo\/image\/\"}}]}<\/script>\n<!-- \/ Yoast SEO plugin. -->","yoast_head_json":{"title":"Ensemble de canap\u00e9s d'ext\u00e9rieur avec fauteuils et chaises longues de jardin Duba\u00ef en deux couleurs","description":"Meubles d'ext\u00e9rieur modernes et \u00e9l\u00e9gants, en aluminium avec rev\u00eatement en corde ronde synth\u00e9tique, dans deux finitions au choix, gris clair ou gris fonc\u00e9. L'ensemble comprend un canap\u00e9 2 places, 2 fauteuils, une table basse et des coussins pour l'assise et le dossier.","robots":{"index":"index","follow":"follow","max-snippet":"max-snippet:-1","max-image-preview":"max-image-preview:large","max-video-preview":"max-video-preview:-1"},"canonical":"https:\/\/www.bagnoitalia.com\/fr\/produit\/outdoor-sofa-set-with-armchairs-and-dubai-garden-lounge-chairs-in-two-colours-2.html","og_locale":"fr_FR","og_type":"article","og_title":"Ensemble de canap\u00e9s d'ext\u00e9rieur avec fauteuils et chaises longues de jardin Duba\u00ef en deux couleurs","og_description":"Meubles d'ext\u00e9rieur modernes et \u00e9l\u00e9gants, en aluminium avec rev\u00eatement en corde ronde synth\u00e9tique, dans deux finitions au choix, gris clair ou gris fonc\u00e9. L'ensemble comprend un canap\u00e9 2 places, 2 fauteuils, une table basse et des coussins pour l'assise et le dossier.","og_url":"https:\/\/www.bagnoitalia.com\/fr\/produit\/outdoor-sofa-set-with-armchairs-and-dubai-garden-lounge-chairs-in-two-colours-2.html","og_site_name":"Bagno Italia","article_modified_time":"2024-05-23T08:40:08+00:00","og_image":[{"width":550,"height":550,"url":"https:\/\/img.bagnoitalia.com\/wp-content\/uploads\/virtuemart\/product\/arredo-esterno-divano-giardino-poltrone-tavolo-grigio-chiaro-scuro-1.jpg","type":"image\/jpeg"}],"twitter_card":"summary_large_image","twitter_misc":{"Dur\u00e9e de lecture estim\u00e9e":"1 minute"},"schema":{"@context":"https:\/\/schema.org","@graph":[{"@type":"WebPage","@id":"https:\/\/www.bagnoitalia.com\/fr\/produit\/outdoor-sofa-set-with-armchairs-and-dubai-garden-lounge-chairs-in-two-colours-2.html","url":"https:\/\/www.bagnoitalia.com\/fr\/produit\/outdoor-sofa-set-with-armchairs-and-dubai-garden-lounge-chairs-in-two-colours-2.html","name":"Ensemble de canap\u00e9s d'ext\u00e9rieur avec fauteuils et chaises longues de jardin Duba\u00ef en deux couleurs","isPartOf":{"@id":"https:\/\/www.bagnoitalia.com\/fr#website"},"primaryImageOfPage":{"@id":"https:\/\/www.bagnoitalia.com\/fr\/produit\/outdoor-sofa-set-with-armchairs-and-dubai-garden-lounge-chairs-in-two-colours-2.html#primaryimage"},"image":{"@id":"https:\/\/www.bagnoitalia.com\/fr\/produit\/outdoor-sofa-set-with-armchairs-and-dubai-garden-lounge-chairs-in-two-colours-2.html#primaryimage"},"thumbnailUrl":"https:\/\/img.bagnoitalia.com\/wp-content\/uploads\/virtuemart\/product\/arredo-esterno-divano-giardino-poltrone-tavolo-grigio-chiaro-scuro-1.jpg","datePublished":"2024-03-08T14:31:51+00:00","dateModified":"2024-05-23T08:40:08+00:00","description":"Meubles d'ext\u00e9rieur modernes et \u00e9l\u00e9gants, en aluminium avec rev\u00eatement en corde ronde synth\u00e9tique, dans deux finitions au choix, gris clair ou gris fonc\u00e9. L'ensemble comprend un canap\u00e9 2 places, 2 fauteuils, une table basse et des coussins pour l'assise et le dossier.","breadcrumb":{"@id":"https:\/\/www.bagnoitalia.com\/fr\/produit\/outdoor-sofa-set-with-armchairs-and-dubai-garden-lounge-chairs-in-two-colours-2.html#breadcrumb"},"inLanguage":"fr-FR","potentialAction":[{"@type":"ReadAction","target":["https:\/\/www.bagnoitalia.com\/fr\/produit\/outdoor-sofa-set-with-armchairs-and-dubai-garden-lounge-chairs-in-two-colours-2.html"]}]},{"@type":"ImageObject","inLanguage":"fr-FR","@id":"https:\/\/www.bagnoitalia.com\/fr\/produit\/outdoor-sofa-set-with-armchairs-and-dubai-garden-lounge-chairs-in-two-colours-2.html#primaryimage","url":"https:\/\/img.bagnoitalia.com\/wp-content\/uploads\/virtuemart\/product\/arredo-esterno-divano-giardino-poltrone-tavolo-grigio-chiaro-scuro-1.jpg","contentUrl":"https:\/\/img.bagnoitalia.com\/wp-content\/uploads\/virtuemart\/product\/arredo-esterno-divano-giardino-poltrone-tavolo-grigio-chiaro-scuro-1.jpg","width":550,"height":550},{"@type":"BreadcrumbList","@id":"https:\/\/www.bagnoitalia.com\/fr\/produit\/outdoor-sofa-set-with-armchairs-and-dubai-garden-lounge-chairs-in-two-colours-2.html#breadcrumb","itemListElement":[{"@type":"ListItem","position":1,"name":"Home","item":"https:\/\/www.bagnoitalia.com\/fr"},{"@type":"ListItem","position":2,"name":"Produits","item":"https:\/\/www.bagnoitalia.com\/fr\/shop"},{"@type":"ListItem","position":3,"name":"Ensemble de canap\u00e9s d&#8217;ext\u00e9rieur avec fauteuils et chaises longues de jardin Duba\u00ef en deux couleurs"}]},{"@type":"WebSite","@id":"https:\/\/www.bagnoitalia.com\/fr#website","url":"https:\/\/www.bagnoitalia.com\/fr","name":"Bagno Italia","description":"","publisher":{"@id":"https:\/\/www.bagnoitalia.com\/fr#organization"},"potentialAction":[{"@type":"SearchAction","target":{"@type":"EntryPoint","urlTemplate":"https:\/\/www.bagnoitalia.com\/fr?s={search_term_string}"},"query-input":{"@type":"PropertyValueSpecification","valueRequired":true,"valueName":"search_term_string"}}],"inLanguage":"fr-FR"},{"@type":"Organization","@id":"https:\/\/www.bagnoitalia.com\/fr#organization","name":"Bagno Italia","url":"https:\/\/www.bagnoitalia.com\/fr","logo":{"@type":"ImageObject","inLanguage":"fr-FR","@id":"https:\/\/www.bagnoitalia.com\/fr#\/schema\/logo\/image\/","url":"https:\/\/img.bagnoitalia.com\/wp-content\/uploads\/logo-bagnoitalia.webp","contentUrl":"https:\/\/img.bagnoitalia.com\/wp-content\/uploads\/logo-bagnoitalia.webp","width":400,"height":70,"caption":"Bagno Italia"},"image":{"@id":"https:\/\/www.bagnoitalia.com\/fr#\/schema\/logo\/image\/"}}]}},"_links":{"self":[{"href":"https:\/\/www.bagnoitalia.com\/fr\/wp-json\/wp\/v2\/product\/84225","targetHints":{"allow":["GET"]}}],"collection":[{"href":"https:\/\/www.bagnoitalia.com\/fr\/wp-json\/wp\/v2\/product"}],"about":[{"href":"https:\/\/www.bagnoitalia.com\/fr\/wp-json\/wp\/v2\/types\/product"}],"replies":[{"embeddable":true,"href":"https:\/\/www.bagnoitalia.com\/fr\/wp-json\/wp\/v2\/comments?post=84225"}],"version-history":[{"count":1,"href":"https:\/\/www.bagnoitalia.com\/fr\/wp-json\/wp\/v2\/product\/84225\/revisions"}],"predecessor-version":[{"id":87703,"href":"https:\/\/www.bagnoitalia.com\/fr\/wp-json\/wp\/v2\/product\/84225\/revisions\/87703"}],"wp:featuredmedia":[{"embeddable":true,"href":"https:\/\/www.bagnoitalia.com\/fr\/wp-json\/wp\/v2\/media\/74217"}],"wp:attachment":[{"href":"https:\/\/www.bagnoitalia.com\/fr\/wp-json\/wp\/v2\/media?parent=84225"}],"wp:term":[{"taxonomy":"product_brand","embeddable":true,"href":"https:\/\/www.bagnoitalia.com\/fr\/wp-json\/wp\/v2\/product_brand?post=84225"},{"taxonomy":"product_cat","embeddable":true,"href":"https:\/\/www.bagnoitalia.com\/fr\/wp-json\/wp\/v2\/product_cat?post=84225"},{"taxonomy":"product_tag","embeddable":true,"href":"https:\/\/www.bagnoitalia.com\/fr\/wp-json\/wp\/v2\/product_tag?post=84225"}],"curies":[{"name":"wp","href":"https:\/\/api.w.org\/{rel}","templated":true}]}}