{"id":84217,"date":"2024-03-07T15:09:07","date_gmt":"2024-03-07T14:09:07","guid":{"rendered":"https:\/\/www.bagnoitalia.com\/product\/melissa-sofa-bed-76x191-cm-4-colours-velvet-or-fabric-black-or-gold-metal-legs-2"},"modified":"2024-06-18T14:30:51","modified_gmt":"2024-06-18T12:30:51","slug":"melissa-sofa-bed-76x191-cm-4-colours-velvet-or-fabric-black-or-gold-metal-legs-2","status":"publish","type":"product","link":"https:\/\/www.bagnoitalia.com\/fr\/produit\/melissa-sofa-bed-76x191-cm-4-colours-velvet-or-fabric-black-or-gold-metal-legs-2.html","title":{"rendered":"Canap\u00e9 lit Melissa 76&#215;191 cm 4 coloris velours ou tissu noir ou or pieds m\u00e9tal"},"content":{"rendered":"<p>76 cm SOFA BED \u00ab\u00a0MELISSA\u00a0\u00bb mod\u00e8le<\/p>\n<p>&nbsp;<\/p>\n<p>&nbsp;<\/p>\n<p>&nbsp;<\/p>\n<p>&nbsp;<\/p>\n<p>TYPES DISPONIBLES<\/p>\n<p>Pieds m\u00e9talliques en forme de U en deux couleurs au choix :<\/p>\n<p>Noir<br \/>\nNoir<\/p>\n<p>4 types de rev\u00eatements disponibles<\/p>\n<p>Tissu Teddy, blanc<br \/>\nVelours c\u00f4tel\u00e9, gris clair<br \/>\nVelours c\u00f4tel\u00e9, turquoise<br \/>\nVelours c\u00f4tel\u00e9, jaune<\/p>\n<p>&nbsp;<\/p>\n<p>&nbsp;<\/p>\n<p>S\u00c9LECTIONNEZ LE TYPE DANS LE MENU D\u00c9ROULANT<\/p>\n<p>&nbsp;<\/p>\n<p>&nbsp;<\/p>\n<p>&nbsp;<\/p>\n<p>SP\u00c9CIFICATIONS DU PRODUIT<\/p>\n<p>Canap\u00e9 une place, \u00e0 partir de 76xP82xH84 cm<\/p>\n<p>Pliable en position lit, \u00e0 partir de 76xP191H33 cm<\/p>\n<p>Dossier inclinable en 6 positions, avec syst\u00e8me click-clac<\/p>\n<p>Coussin assorti inclus<\/p>\n<p>4 pieds en U visibles (m\u00e9tal noir ou dor\u00e9) + 4 pieds amovibles en m\u00e9tal noir pour la position lit<\/p>\n<p>&nbsp;<\/p>\n<p>&nbsp;<\/p>\n<p>&nbsp;<\/p>\n<p>&nbsp;<\/p>\n<p>&nbsp;<\/p>\n<p>&nbsp;<\/p>\n<p>&nbsp;<\/p>\n<p>&nbsp;<\/p>\n<p>&nbsp;<\/p>\n<p>&nbsp;<\/p>\n<p>&nbsp;<\/p>\n<p>&nbsp;<\/p>\n<p>&nbsp;<\/p>\n<p>&nbsp;<\/p>\n<p>&nbsp;<\/p>\n<p>&nbsp;<\/p>\n<p>&nbsp;<\/p>\n<p>&nbsp;<\/p>\n<p>&nbsp;<\/p>\n<p>&nbsp;<\/p>\n<p>Terat<\/p>\n<p>&nbsp;<\/p>\n","protected":false},"excerpt":{"rendered":"<p>Canap\u00e9 une place peu encombrant avec coussin assorti, disponible en tissu teddy blanc, velours jaune, velours gris ou velours turquoise. Ouvert et avec dossier inclinable pour la position lit. Pieds en m\u00e9tal dans deux couleurs au choix : noir ou dor\u00e9.<\/p>\n","protected":false},"featured_media":74109,"comment_status":"open","ping_status":"closed","template":"","meta":[],"product_brand":[5006],"product_cat":[9795],"product_tag":[],"class_list":{"0":"post-84217","1":"product","2":"type-product","3":"status-publish","4":"has-post-thumbnail","6":"product_brand-deghi","7":"product_cat-canape-lit","9":"first","10":"instock","11":"sale","12":"taxable","13":"shipping-taxable","14":"purchasable","15":"product-type-simple"},"exclude_global_add_ons":false,"addons":[{"name":"typologie","type":"multiple_choice","position":0,"required":true,"title_format":"heading","default":"","description_enable":false,"description":"","placeholder_enable":false,"placeholder":"","display":"select","restrictions_type":"any_text","adjust_price":false,"price":"","price_type":"flat_fee","restrictions":false,"min":"0","max":"0","options":[{"label":"Pieds en U en noir","price":"","price_type":"quantity_based","image":0,"visibility":true},{"label":"Pieds en U en or","price":"","price_type":"quantity_based","image":0,"visibility":true}],"id":1718721051},{"name":"couleur","type":"multiple_choice","position":1,"required":true,"title_format":"heading","default":"","description_enable":false,"description":"","placeholder_enable":false,"placeholder":"","display":"select","restrictions_type":"any_text","adjust_price":false,"price":"","price_type":"flat_fee","restrictions":false,"min":"0","max":"0","options":[{"label":"Tissu Teddy blanc","price":"","price_type":"quantity_based","image":0,"visibility":true},{"label":"Velours c\u00f4tel\u00e9 gris clair","price":"","price_type":"quantity_based","image":0,"visibility":true},{"label":"Velours c\u00f4tel\u00e9 turquoise","price":"","price_type":"quantity_based","image":0,"visibility":true},{"label":"Velours c\u00f4tel\u00e9 jaune","price":"","price_type":"quantity_based","image":0,"visibility":true}],"id":1718721052}],"yoast_head":"<!-- This site is optimized with the Yoast SEO plugin v26.7 - https:\/\/yoast.com\/wordpress\/plugins\/seo\/ -->\n<title>Canap\u00e9 lit Melissa 76x191 cm 4 coloris velours ou tissu noir ou or pieds m\u00e9tal<\/title>\n<meta name=\"description\" content=\"Canap\u00e9 une place peu encombrant avec coussin assorti, disponible en tissu teddy blanc, velours jaune, velours gris ou velours turquoise. Ouvert et avec dossier inclinable pour la position lit. Pieds en m\u00e9tal dans deux couleurs au choix : noir ou dor\u00e9.\" \/>\n<meta name=\"robots\" content=\"index, follow, max-snippet:-1, max-image-preview:large, max-video-preview:-1\" \/>\n<link rel=\"canonical\" href=\"https:\/\/www.bagnoitalia.com\/fr\/produit\/melissa-sofa-bed-76x191-cm-4-colours-velvet-or-fabric-black-or-gold-metal-legs-2.html\" \/>\n<meta property=\"og:locale\" content=\"fr_FR\" \/>\n<meta property=\"og:type\" content=\"article\" \/>\n<meta property=\"og:title\" content=\"Canap\u00e9 lit Melissa 76x191 cm 4 coloris velours ou tissu noir ou or pieds m\u00e9tal\" \/>\n<meta property=\"og:description\" content=\"Canap\u00e9 une place peu encombrant avec coussin assorti, disponible en tissu teddy blanc, velours jaune, velours gris ou velours turquoise. Ouvert et avec dossier inclinable pour la position lit. Pieds en m\u00e9tal dans deux couleurs au choix : noir ou dor\u00e9.\" \/>\n<meta property=\"og:url\" content=\"https:\/\/www.bagnoitalia.com\/fr\/produit\/melissa-sofa-bed-76x191-cm-4-colours-velvet-or-fabric-black-or-gold-metal-legs-2.html\" \/>\n<meta property=\"og:site_name\" content=\"Bagno Italia\" \/>\n<meta property=\"article:modified_time\" content=\"2024-06-18T12:30:51+00:00\" \/>\n<meta property=\"og:image\" content=\"https:\/\/img.bagnoitalia.com\/wp-content\/uploads\/virtuemart\/product\/divano-letto-tessuto-velluto-gambe-metallo-1.jpg\" \/>\n\t<meta property=\"og:image:width\" content=\"550\" \/>\n\t<meta property=\"og:image:height\" content=\"550\" \/>\n\t<meta property=\"og:image:type\" content=\"image\/jpeg\" \/>\n<meta name=\"twitter:card\" content=\"summary_large_image\" \/>\n<meta name=\"twitter:label1\" content=\"Dur\u00e9e de lecture estim\u00e9e\" \/>\n\t<meta name=\"twitter:data1\" content=\"1 minute\" \/>\n<script type=\"application\/ld+json\" class=\"yoast-schema-graph\">{\"@context\":\"https:\/\/schema.org\",\"@graph\":[{\"@type\":\"WebPage\",\"@id\":\"https:\/\/www.bagnoitalia.com\/fr\/produit\/melissa-sofa-bed-76x191-cm-4-colours-velvet-or-fabric-black-or-gold-metal-legs-2.html\",\"url\":\"https:\/\/www.bagnoitalia.com\/fr\/produit\/melissa-sofa-bed-76x191-cm-4-colours-velvet-or-fabric-black-or-gold-metal-legs-2.html\",\"name\":\"Canap\u00e9 lit Melissa 76x191 cm 4 coloris velours ou tissu noir ou or pieds m\u00e9tal\",\"isPartOf\":{\"@id\":\"https:\/\/www.bagnoitalia.com\/fr#website\"},\"primaryImageOfPage\":{\"@id\":\"https:\/\/www.bagnoitalia.com\/fr\/produit\/melissa-sofa-bed-76x191-cm-4-colours-velvet-or-fabric-black-or-gold-metal-legs-2.html#primaryimage\"},\"image\":{\"@id\":\"https:\/\/www.bagnoitalia.com\/fr\/produit\/melissa-sofa-bed-76x191-cm-4-colours-velvet-or-fabric-black-or-gold-metal-legs-2.html#primaryimage\"},\"thumbnailUrl\":\"https:\/\/img.bagnoitalia.com\/wp-content\/uploads\/virtuemart\/product\/divano-letto-tessuto-velluto-gambe-metallo-1.jpg\",\"datePublished\":\"2024-03-07T14:09:07+00:00\",\"dateModified\":\"2024-06-18T12:30:51+00:00\",\"description\":\"Canap\u00e9 une place peu encombrant avec coussin assorti, disponible en tissu teddy blanc, velours jaune, velours gris ou velours turquoise. Ouvert et avec dossier inclinable pour la position lit. Pieds en m\u00e9tal dans deux couleurs au choix : noir ou dor\u00e9.\",\"breadcrumb\":{\"@id\":\"https:\/\/www.bagnoitalia.com\/fr\/produit\/melissa-sofa-bed-76x191-cm-4-colours-velvet-or-fabric-black-or-gold-metal-legs-2.html#breadcrumb\"},\"inLanguage\":\"fr-FR\",\"potentialAction\":[{\"@type\":\"ReadAction\",\"target\":[\"https:\/\/www.bagnoitalia.com\/fr\/produit\/melissa-sofa-bed-76x191-cm-4-colours-velvet-or-fabric-black-or-gold-metal-legs-2.html\"]}]},{\"@type\":\"ImageObject\",\"inLanguage\":\"fr-FR\",\"@id\":\"https:\/\/www.bagnoitalia.com\/fr\/produit\/melissa-sofa-bed-76x191-cm-4-colours-velvet-or-fabric-black-or-gold-metal-legs-2.html#primaryimage\",\"url\":\"https:\/\/img.bagnoitalia.com\/wp-content\/uploads\/virtuemart\/product\/divano-letto-tessuto-velluto-gambe-metallo-1.jpg\",\"contentUrl\":\"https:\/\/img.bagnoitalia.com\/wp-content\/uploads\/virtuemart\/product\/divano-letto-tessuto-velluto-gambe-metallo-1.jpg\",\"width\":550,\"height\":550},{\"@type\":\"BreadcrumbList\",\"@id\":\"https:\/\/www.bagnoitalia.com\/fr\/produit\/melissa-sofa-bed-76x191-cm-4-colours-velvet-or-fabric-black-or-gold-metal-legs-2.html#breadcrumb\",\"itemListElement\":[{\"@type\":\"ListItem\",\"position\":1,\"name\":\"Home\",\"item\":\"https:\/\/www.bagnoitalia.com\/fr\"},{\"@type\":\"ListItem\",\"position\":2,\"name\":\"Produits\",\"item\":\"https:\/\/www.bagnoitalia.com\/fr\/shop\"},{\"@type\":\"ListItem\",\"position\":3,\"name\":\"Canap\u00e9 lit Melissa 76&#215;191 cm 4 coloris velours ou tissu noir ou or pieds m\u00e9tal\"}]},{\"@type\":\"WebSite\",\"@id\":\"https:\/\/www.bagnoitalia.com\/fr#website\",\"url\":\"https:\/\/www.bagnoitalia.com\/fr\",\"name\":\"Bagno Italia\",\"description\":\"\",\"publisher\":{\"@id\":\"https:\/\/www.bagnoitalia.com\/fr#organization\"},\"potentialAction\":[{\"@type\":\"SearchAction\",\"target\":{\"@type\":\"EntryPoint\",\"urlTemplate\":\"https:\/\/www.bagnoitalia.com\/fr?s={search_term_string}\"},\"query-input\":{\"@type\":\"PropertyValueSpecification\",\"valueRequired\":true,\"valueName\":\"search_term_string\"}}],\"inLanguage\":\"fr-FR\"},{\"@type\":\"Organization\",\"@id\":\"https:\/\/www.bagnoitalia.com\/fr#organization\",\"name\":\"Bagno Italia\",\"url\":\"https:\/\/www.bagnoitalia.com\/fr\",\"logo\":{\"@type\":\"ImageObject\",\"inLanguage\":\"fr-FR\",\"@id\":\"https:\/\/www.bagnoitalia.com\/fr#\/schema\/logo\/image\/\",\"url\":\"https:\/\/img.bagnoitalia.com\/wp-content\/uploads\/logo-bagnoitalia.webp\",\"contentUrl\":\"https:\/\/img.bagnoitalia.com\/wp-content\/uploads\/logo-bagnoitalia.webp\",\"width\":400,\"height\":70,\"caption\":\"Bagno Italia\"},\"image\":{\"@id\":\"https:\/\/www.bagnoitalia.com\/fr#\/schema\/logo\/image\/\"}}]}<\/script>\n<!-- \/ Yoast SEO plugin. -->","yoast_head_json":{"title":"Canap\u00e9 lit Melissa 76x191 cm 4 coloris velours ou tissu noir ou or pieds m\u00e9tal","description":"Canap\u00e9 une place peu encombrant avec coussin assorti, disponible en tissu teddy blanc, velours jaune, velours gris ou velours turquoise. Ouvert et avec dossier inclinable pour la position lit. Pieds en m\u00e9tal dans deux couleurs au choix : noir ou dor\u00e9.","robots":{"index":"index","follow":"follow","max-snippet":"max-snippet:-1","max-image-preview":"max-image-preview:large","max-video-preview":"max-video-preview:-1"},"canonical":"https:\/\/www.bagnoitalia.com\/fr\/produit\/melissa-sofa-bed-76x191-cm-4-colours-velvet-or-fabric-black-or-gold-metal-legs-2.html","og_locale":"fr_FR","og_type":"article","og_title":"Canap\u00e9 lit Melissa 76x191 cm 4 coloris velours ou tissu noir ou or pieds m\u00e9tal","og_description":"Canap\u00e9 une place peu encombrant avec coussin assorti, disponible en tissu teddy blanc, velours jaune, velours gris ou velours turquoise. Ouvert et avec dossier inclinable pour la position lit. Pieds en m\u00e9tal dans deux couleurs au choix : noir ou dor\u00e9.","og_url":"https:\/\/www.bagnoitalia.com\/fr\/produit\/melissa-sofa-bed-76x191-cm-4-colours-velvet-or-fabric-black-or-gold-metal-legs-2.html","og_site_name":"Bagno Italia","article_modified_time":"2024-06-18T12:30:51+00:00","og_image":[{"width":550,"height":550,"url":"https:\/\/img.bagnoitalia.com\/wp-content\/uploads\/virtuemart\/product\/divano-letto-tessuto-velluto-gambe-metallo-1.jpg","type":"image\/jpeg"}],"twitter_card":"summary_large_image","twitter_misc":{"Dur\u00e9e de lecture estim\u00e9e":"1 minute"},"schema":{"@context":"https:\/\/schema.org","@graph":[{"@type":"WebPage","@id":"https:\/\/www.bagnoitalia.com\/fr\/produit\/melissa-sofa-bed-76x191-cm-4-colours-velvet-or-fabric-black-or-gold-metal-legs-2.html","url":"https:\/\/www.bagnoitalia.com\/fr\/produit\/melissa-sofa-bed-76x191-cm-4-colours-velvet-or-fabric-black-or-gold-metal-legs-2.html","name":"Canap\u00e9 lit Melissa 76x191 cm 4 coloris velours ou tissu noir ou or pieds m\u00e9tal","isPartOf":{"@id":"https:\/\/www.bagnoitalia.com\/fr#website"},"primaryImageOfPage":{"@id":"https:\/\/www.bagnoitalia.com\/fr\/produit\/melissa-sofa-bed-76x191-cm-4-colours-velvet-or-fabric-black-or-gold-metal-legs-2.html#primaryimage"},"image":{"@id":"https:\/\/www.bagnoitalia.com\/fr\/produit\/melissa-sofa-bed-76x191-cm-4-colours-velvet-or-fabric-black-or-gold-metal-legs-2.html#primaryimage"},"thumbnailUrl":"https:\/\/img.bagnoitalia.com\/wp-content\/uploads\/virtuemart\/product\/divano-letto-tessuto-velluto-gambe-metallo-1.jpg","datePublished":"2024-03-07T14:09:07+00:00","dateModified":"2024-06-18T12:30:51+00:00","description":"Canap\u00e9 une place peu encombrant avec coussin assorti, disponible en tissu teddy blanc, velours jaune, velours gris ou velours turquoise. Ouvert et avec dossier inclinable pour la position lit. Pieds en m\u00e9tal dans deux couleurs au choix : noir ou dor\u00e9.","breadcrumb":{"@id":"https:\/\/www.bagnoitalia.com\/fr\/produit\/melissa-sofa-bed-76x191-cm-4-colours-velvet-or-fabric-black-or-gold-metal-legs-2.html#breadcrumb"},"inLanguage":"fr-FR","potentialAction":[{"@type":"ReadAction","target":["https:\/\/www.bagnoitalia.com\/fr\/produit\/melissa-sofa-bed-76x191-cm-4-colours-velvet-or-fabric-black-or-gold-metal-legs-2.html"]}]},{"@type":"ImageObject","inLanguage":"fr-FR","@id":"https:\/\/www.bagnoitalia.com\/fr\/produit\/melissa-sofa-bed-76x191-cm-4-colours-velvet-or-fabric-black-or-gold-metal-legs-2.html#primaryimage","url":"https:\/\/img.bagnoitalia.com\/wp-content\/uploads\/virtuemart\/product\/divano-letto-tessuto-velluto-gambe-metallo-1.jpg","contentUrl":"https:\/\/img.bagnoitalia.com\/wp-content\/uploads\/virtuemart\/product\/divano-letto-tessuto-velluto-gambe-metallo-1.jpg","width":550,"height":550},{"@type":"BreadcrumbList","@id":"https:\/\/www.bagnoitalia.com\/fr\/produit\/melissa-sofa-bed-76x191-cm-4-colours-velvet-or-fabric-black-or-gold-metal-legs-2.html#breadcrumb","itemListElement":[{"@type":"ListItem","position":1,"name":"Home","item":"https:\/\/www.bagnoitalia.com\/fr"},{"@type":"ListItem","position":2,"name":"Produits","item":"https:\/\/www.bagnoitalia.com\/fr\/shop"},{"@type":"ListItem","position":3,"name":"Canap\u00e9 lit Melissa 76&#215;191 cm 4 coloris velours ou tissu noir ou or pieds m\u00e9tal"}]},{"@type":"WebSite","@id":"https:\/\/www.bagnoitalia.com\/fr#website","url":"https:\/\/www.bagnoitalia.com\/fr","name":"Bagno Italia","description":"","publisher":{"@id":"https:\/\/www.bagnoitalia.com\/fr#organization"},"potentialAction":[{"@type":"SearchAction","target":{"@type":"EntryPoint","urlTemplate":"https:\/\/www.bagnoitalia.com\/fr?s={search_term_string}"},"query-input":{"@type":"PropertyValueSpecification","valueRequired":true,"valueName":"search_term_string"}}],"inLanguage":"fr-FR"},{"@type":"Organization","@id":"https:\/\/www.bagnoitalia.com\/fr#organization","name":"Bagno Italia","url":"https:\/\/www.bagnoitalia.com\/fr","logo":{"@type":"ImageObject","inLanguage":"fr-FR","@id":"https:\/\/www.bagnoitalia.com\/fr#\/schema\/logo\/image\/","url":"https:\/\/img.bagnoitalia.com\/wp-content\/uploads\/logo-bagnoitalia.webp","contentUrl":"https:\/\/img.bagnoitalia.com\/wp-content\/uploads\/logo-bagnoitalia.webp","width":400,"height":70,"caption":"Bagno Italia"},"image":{"@id":"https:\/\/www.bagnoitalia.com\/fr#\/schema\/logo\/image\/"}}]}},"_links":{"self":[{"href":"https:\/\/www.bagnoitalia.com\/fr\/wp-json\/wp\/v2\/product\/84217","targetHints":{"allow":["GET"]}}],"collection":[{"href":"https:\/\/www.bagnoitalia.com\/fr\/wp-json\/wp\/v2\/product"}],"about":[{"href":"https:\/\/www.bagnoitalia.com\/fr\/wp-json\/wp\/v2\/types\/product"}],"replies":[{"embeddable":true,"href":"https:\/\/www.bagnoitalia.com\/fr\/wp-json\/wp\/v2\/comments?post=84217"}],"version-history":[{"count":1,"href":"https:\/\/www.bagnoitalia.com\/fr\/wp-json\/wp\/v2\/product\/84217\/revisions"}],"predecessor-version":[{"id":90542,"href":"https:\/\/www.bagnoitalia.com\/fr\/wp-json\/wp\/v2\/product\/84217\/revisions\/90542"}],"wp:featuredmedia":[{"embeddable":true,"href":"https:\/\/www.bagnoitalia.com\/fr\/wp-json\/wp\/v2\/media\/74109"}],"wp:attachment":[{"href":"https:\/\/www.bagnoitalia.com\/fr\/wp-json\/wp\/v2\/media?parent=84217"}],"wp:term":[{"taxonomy":"product_brand","embeddable":true,"href":"https:\/\/www.bagnoitalia.com\/fr\/wp-json\/wp\/v2\/product_brand?post=84217"},{"taxonomy":"product_cat","embeddable":true,"href":"https:\/\/www.bagnoitalia.com\/fr\/wp-json\/wp\/v2\/product_cat?post=84217"},{"taxonomy":"product_tag","embeddable":true,"href":"https:\/\/www.bagnoitalia.com\/fr\/wp-json\/wp\/v2\/product_tag?post=84217"}],"curies":[{"name":"wp","href":"https:\/\/api.w.org\/{rel}","templated":true}]}}