{"id":84213,"date":"2024-03-07T14:52:34","date_gmt":"2024-03-07T13:52:34","guid":{"rendered":"https:\/\/www.bagnoitalia.com\/product\/tilly2-reclining-2-seater-sofa-bed-133x190-cm-in-10-colours-wooden-feet-2"},"modified":"2024-06-07T15:17:42","modified_gmt":"2024-06-07T13:17:42","slug":"tilly2-reclining-2-seater-sofa-bed-133x190-cm-in-10-colours-wooden-feet-2","status":"publish","type":"product","link":"https:\/\/www.bagnoitalia.com\/fr\/produit\/tilly2-reclining-2-seater-sofa-bed-133x190-cm-in-10-colours-wooden-feet-2.html","title":{"rendered":"Tilly2 canap\u00e9 convertible 2 places 133&#215;190 cm en 10 couleurs pieds en bois"},"content":{"rendered":"<p>canap\u00e9-lit deux places TILLY2 133cm<\/p>\n<p>&nbsp;<\/p>\n<p>&nbsp;<\/p>\n<p>&nbsp;<\/p>\n<p>PRINCIPALES CARACT\u00c9RISTIQUES DU PRODUIT<\/p>\n<p>Canap\u00e9 pour deux personnes, qui peut \u00eatre ouvert et inclin\u00e9 en position lit<\/p>\n<p>Dossier r\u00e9glable en 6 positions avec syst\u00e8me click-clac<\/p>\n<p>2 coussins assortis inclus<\/p>\n<p>4 pieds en bois + 4 pieds m\u00e9talliques escamotables pour la position lit<\/p>\n<p>&nbsp;<\/p>\n<p>&nbsp;<\/p>\n<p>&nbsp;<\/p>\n<p>DIMENSIONS DU PRODUIT<\/p>\n<p>Dimensions ferm\u00e9 (canap\u00e9) : 133xD80xH84 cm<\/p>\n<p>Dimensions ouvert (lit) : 133xP190xH32 cm<\/p>\n<p>&nbsp;<\/p>\n<p>&nbsp;<\/p>\n<p>&nbsp;<\/p>\n<p>MAT\u00c9RIEL<\/p>\n<p>Canap\u00e9-lit r\u00e9alis\u00e9 avec une structure en bois et en m\u00e9tal, avec un rembourrage en polyur\u00e9thane.<\/p>\n<p>Rev\u00eatement \u00e0 choisir parmi les options suivantes<\/p>\n<p>tissu vert fonc\u00e9<br \/>\ntissu beige<br \/>\nvelours gris tourterelle<br \/>\ntissu ocre jaune<br \/>\ntissu blanc teddy<br \/>\ntissu gris<br \/>\nvelours noir<br \/>\ntissu bleu<br \/>\nvelours bleu p\u00e9trole<br \/>\nvelours turquoise<\/p>\n<p>&nbsp;<\/p>\n<p>&nbsp;<\/p>\n<p>&nbsp;<\/p>\n<p>&nbsp;<\/p>\n<p>&nbsp;<\/p>\n<p>&nbsp;<\/p>\n<p>&nbsp;<\/p>\n<p>&nbsp;<\/p>\n<p>&nbsp;<\/p>\n<p>&nbsp;<\/p>\n<p>&nbsp;<\/p>\n<p>&nbsp;<\/p>\n<p>&nbsp;<\/p>\n<p>&nbsp;<\/p>\n<p>&nbsp;<\/p>\n<p>&nbsp;<\/p>\n<p>&nbsp;<\/p>\n<p>&nbsp;<\/p>\n<p>Terat<\/p>\n<p>&nbsp;<\/p>\n","protected":false},"excerpt":{"rendered":"<p>Canap\u00e9 moderne 2 places avec dossier r\u00e9glable en 6 positions pour devenir un lit de 190 cm de long. Il est disponible en tissu ou en velours dans un choix de 10 couleurs.<\/p>\n","protected":false},"featured_media":74013,"comment_status":"open","ping_status":"closed","template":"","meta":[],"product_brand":[5006],"product_cat":[9795],"product_tag":[],"class_list":{"0":"post-84213","1":"product","2":"type-product","3":"status-publish","4":"has-post-thumbnail","6":"product_brand-deghi","7":"product_cat-canape-lit","9":"first","10":"instock","11":"sale","12":"taxable","13":"shipping-taxable","14":"purchasable","15":"product-type-simple"},"exclude_global_add_ons":false,"addons":[{"name":"Typologie","type":"multiple_choice","position":0,"required":true,"title_format":"heading","default":"","description_enable":false,"description":"","placeholder_enable":false,"placeholder":"","display":"select","restrictions_type":"any_text","adjust_price":false,"price":"","price_type":"flat_fee","restrictions":false,"min":"0","max":"0","options":[{"label":"tissu vert fonc\u00e9","price":"","price_type":"quantity_based","image":0,"visibility":true},{"label":"tissu beige","price":"","price_type":"quantity_based","image":0,"visibility":true},{"label":"velours gris tourterelle","price":"","price_type":"quantity_based","image":0,"visibility":true},{"label":"tissu ocre jaune","price":"","price_type":"quantity_based","image":0,"visibility":true},{"label":"tissu blanc teddy","price":"","price_type":"quantity_based","image":0,"visibility":true},{"label":"tissu gris","price":"","price_type":"quantity_based","image":0,"visibility":true},{"label":"velours noir","price":"","price_type":"quantity_based","image":0,"visibility":true},{"label":"tissu bleu","price":"","price_type":"quantity_based","image":0,"visibility":true},{"label":"velours bleu p\u00e9trole","price":"","price_type":"quantity_based","image":0,"visibility":true},{"label":"velours turquoise","price":"","price_type":"quantity_based","image":0,"visibility":true}],"id":1717773463}],"yoast_head":"<!-- This site is optimized with the Yoast SEO plugin v26.7 - https:\/\/yoast.com\/wordpress\/plugins\/seo\/ -->\n<title>Tilly2 canap\u00e9 convertible 2 places 133x190 cm en 10 couleurs pieds en bois<\/title>\n<meta name=\"description\" content=\"Canap\u00e9 moderne 2 places avec dossier r\u00e9glable en 6 positions pour devenir un lit de 190 cm de long. Il est disponible en tissu ou en velours dans un choix de 10 couleurs.\" \/>\n<meta name=\"robots\" content=\"index, follow, max-snippet:-1, max-image-preview:large, max-video-preview:-1\" \/>\n<link rel=\"canonical\" href=\"https:\/\/www.bagnoitalia.com\/fr\/produit\/tilly2-reclining-2-seater-sofa-bed-133x190-cm-in-10-colours-wooden-feet-2.html\" \/>\n<meta property=\"og:locale\" content=\"fr_FR\" \/>\n<meta property=\"og:type\" content=\"article\" \/>\n<meta property=\"og:title\" content=\"Tilly2 canap\u00e9 convertible 2 places 133x190 cm en 10 couleurs pieds en bois\" \/>\n<meta property=\"og:description\" content=\"Canap\u00e9 moderne 2 places avec dossier r\u00e9glable en 6 positions pour devenir un lit de 190 cm de long. Il est disponible en tissu ou en velours dans un choix de 10 couleurs.\" \/>\n<meta property=\"og:url\" content=\"https:\/\/www.bagnoitalia.com\/fr\/produit\/tilly2-reclining-2-seater-sofa-bed-133x190-cm-in-10-colours-wooden-feet-2.html\" \/>\n<meta property=\"og:site_name\" content=\"Bagno Italia\" \/>\n<meta property=\"article:modified_time\" content=\"2024-06-07T13:17:42+00:00\" \/>\n<meta property=\"og:image\" content=\"https:\/\/img.bagnoitalia.com\/wp-content\/uploads\/virtuemart\/product\/divano-letto-tilly2-colori-1.jpg\" \/>\n\t<meta property=\"og:image:width\" content=\"550\" \/>\n\t<meta property=\"og:image:height\" content=\"550\" \/>\n\t<meta property=\"og:image:type\" content=\"image\/jpeg\" \/>\n<meta name=\"twitter:card\" content=\"summary_large_image\" \/>\n<meta name=\"twitter:label1\" content=\"Dur\u00e9e de lecture estim\u00e9e\" \/>\n\t<meta name=\"twitter:data1\" content=\"1 minute\" \/>\n<script type=\"application\/ld+json\" class=\"yoast-schema-graph\">{\"@context\":\"https:\/\/schema.org\",\"@graph\":[{\"@type\":\"WebPage\",\"@id\":\"https:\/\/www.bagnoitalia.com\/fr\/produit\/tilly2-reclining-2-seater-sofa-bed-133x190-cm-in-10-colours-wooden-feet-2.html\",\"url\":\"https:\/\/www.bagnoitalia.com\/fr\/produit\/tilly2-reclining-2-seater-sofa-bed-133x190-cm-in-10-colours-wooden-feet-2.html\",\"name\":\"Tilly2 canap\u00e9 convertible 2 places 133x190 cm en 10 couleurs pieds en bois\",\"isPartOf\":{\"@id\":\"https:\/\/www.bagnoitalia.com\/fr#website\"},\"primaryImageOfPage\":{\"@id\":\"https:\/\/www.bagnoitalia.com\/fr\/produit\/tilly2-reclining-2-seater-sofa-bed-133x190-cm-in-10-colours-wooden-feet-2.html#primaryimage\"},\"image\":{\"@id\":\"https:\/\/www.bagnoitalia.com\/fr\/produit\/tilly2-reclining-2-seater-sofa-bed-133x190-cm-in-10-colours-wooden-feet-2.html#primaryimage\"},\"thumbnailUrl\":\"https:\/\/img.bagnoitalia.com\/wp-content\/uploads\/virtuemart\/product\/divano-letto-tilly2-colori-1.jpg\",\"datePublished\":\"2024-03-07T13:52:34+00:00\",\"dateModified\":\"2024-06-07T13:17:42+00:00\",\"description\":\"Canap\u00e9 moderne 2 places avec dossier r\u00e9glable en 6 positions pour devenir un lit de 190 cm de long. Il est disponible en tissu ou en velours dans un choix de 10 couleurs.\",\"breadcrumb\":{\"@id\":\"https:\/\/www.bagnoitalia.com\/fr\/produit\/tilly2-reclining-2-seater-sofa-bed-133x190-cm-in-10-colours-wooden-feet-2.html#breadcrumb\"},\"inLanguage\":\"fr-FR\",\"potentialAction\":[{\"@type\":\"ReadAction\",\"target\":[\"https:\/\/www.bagnoitalia.com\/fr\/produit\/tilly2-reclining-2-seater-sofa-bed-133x190-cm-in-10-colours-wooden-feet-2.html\"]}]},{\"@type\":\"ImageObject\",\"inLanguage\":\"fr-FR\",\"@id\":\"https:\/\/www.bagnoitalia.com\/fr\/produit\/tilly2-reclining-2-seater-sofa-bed-133x190-cm-in-10-colours-wooden-feet-2.html#primaryimage\",\"url\":\"https:\/\/img.bagnoitalia.com\/wp-content\/uploads\/virtuemart\/product\/divano-letto-tilly2-colori-1.jpg\",\"contentUrl\":\"https:\/\/img.bagnoitalia.com\/wp-content\/uploads\/virtuemart\/product\/divano-letto-tilly2-colori-1.jpg\",\"width\":550,\"height\":550},{\"@type\":\"BreadcrumbList\",\"@id\":\"https:\/\/www.bagnoitalia.com\/fr\/produit\/tilly2-reclining-2-seater-sofa-bed-133x190-cm-in-10-colours-wooden-feet-2.html#breadcrumb\",\"itemListElement\":[{\"@type\":\"ListItem\",\"position\":1,\"name\":\"Home\",\"item\":\"https:\/\/www.bagnoitalia.com\/fr\"},{\"@type\":\"ListItem\",\"position\":2,\"name\":\"Produits\",\"item\":\"https:\/\/www.bagnoitalia.com\/fr\/shop\"},{\"@type\":\"ListItem\",\"position\":3,\"name\":\"Tilly2 canap\u00e9 convertible 2 places 133&#215;190 cm en 10 couleurs pieds en bois\"}]},{\"@type\":\"WebSite\",\"@id\":\"https:\/\/www.bagnoitalia.com\/fr#website\",\"url\":\"https:\/\/www.bagnoitalia.com\/fr\",\"name\":\"Bagno Italia\",\"description\":\"\",\"publisher\":{\"@id\":\"https:\/\/www.bagnoitalia.com\/fr#organization\"},\"potentialAction\":[{\"@type\":\"SearchAction\",\"target\":{\"@type\":\"EntryPoint\",\"urlTemplate\":\"https:\/\/www.bagnoitalia.com\/fr?s={search_term_string}\"},\"query-input\":{\"@type\":\"PropertyValueSpecification\",\"valueRequired\":true,\"valueName\":\"search_term_string\"}}],\"inLanguage\":\"fr-FR\"},{\"@type\":\"Organization\",\"@id\":\"https:\/\/www.bagnoitalia.com\/fr#organization\",\"name\":\"Bagno Italia\",\"url\":\"https:\/\/www.bagnoitalia.com\/fr\",\"logo\":{\"@type\":\"ImageObject\",\"inLanguage\":\"fr-FR\",\"@id\":\"https:\/\/www.bagnoitalia.com\/fr#\/schema\/logo\/image\/\",\"url\":\"https:\/\/img.bagnoitalia.com\/wp-content\/uploads\/logo-bagnoitalia.webp\",\"contentUrl\":\"https:\/\/img.bagnoitalia.com\/wp-content\/uploads\/logo-bagnoitalia.webp\",\"width\":400,\"height\":70,\"caption\":\"Bagno Italia\"},\"image\":{\"@id\":\"https:\/\/www.bagnoitalia.com\/fr#\/schema\/logo\/image\/\"}}]}<\/script>\n<!-- \/ Yoast SEO plugin. -->","yoast_head_json":{"title":"Tilly2 canap\u00e9 convertible 2 places 133x190 cm en 10 couleurs pieds en bois","description":"Canap\u00e9 moderne 2 places avec dossier r\u00e9glable en 6 positions pour devenir un lit de 190 cm de long. Il est disponible en tissu ou en velours dans un choix de 10 couleurs.","robots":{"index":"index","follow":"follow","max-snippet":"max-snippet:-1","max-image-preview":"max-image-preview:large","max-video-preview":"max-video-preview:-1"},"canonical":"https:\/\/www.bagnoitalia.com\/fr\/produit\/tilly2-reclining-2-seater-sofa-bed-133x190-cm-in-10-colours-wooden-feet-2.html","og_locale":"fr_FR","og_type":"article","og_title":"Tilly2 canap\u00e9 convertible 2 places 133x190 cm en 10 couleurs pieds en bois","og_description":"Canap\u00e9 moderne 2 places avec dossier r\u00e9glable en 6 positions pour devenir un lit de 190 cm de long. Il est disponible en tissu ou en velours dans un choix de 10 couleurs.","og_url":"https:\/\/www.bagnoitalia.com\/fr\/produit\/tilly2-reclining-2-seater-sofa-bed-133x190-cm-in-10-colours-wooden-feet-2.html","og_site_name":"Bagno Italia","article_modified_time":"2024-06-07T13:17:42+00:00","og_image":[{"width":550,"height":550,"url":"https:\/\/img.bagnoitalia.com\/wp-content\/uploads\/virtuemart\/product\/divano-letto-tilly2-colori-1.jpg","type":"image\/jpeg"}],"twitter_card":"summary_large_image","twitter_misc":{"Dur\u00e9e de lecture estim\u00e9e":"1 minute"},"schema":{"@context":"https:\/\/schema.org","@graph":[{"@type":"WebPage","@id":"https:\/\/www.bagnoitalia.com\/fr\/produit\/tilly2-reclining-2-seater-sofa-bed-133x190-cm-in-10-colours-wooden-feet-2.html","url":"https:\/\/www.bagnoitalia.com\/fr\/produit\/tilly2-reclining-2-seater-sofa-bed-133x190-cm-in-10-colours-wooden-feet-2.html","name":"Tilly2 canap\u00e9 convertible 2 places 133x190 cm en 10 couleurs pieds en bois","isPartOf":{"@id":"https:\/\/www.bagnoitalia.com\/fr#website"},"primaryImageOfPage":{"@id":"https:\/\/www.bagnoitalia.com\/fr\/produit\/tilly2-reclining-2-seater-sofa-bed-133x190-cm-in-10-colours-wooden-feet-2.html#primaryimage"},"image":{"@id":"https:\/\/www.bagnoitalia.com\/fr\/produit\/tilly2-reclining-2-seater-sofa-bed-133x190-cm-in-10-colours-wooden-feet-2.html#primaryimage"},"thumbnailUrl":"https:\/\/img.bagnoitalia.com\/wp-content\/uploads\/virtuemart\/product\/divano-letto-tilly2-colori-1.jpg","datePublished":"2024-03-07T13:52:34+00:00","dateModified":"2024-06-07T13:17:42+00:00","description":"Canap\u00e9 moderne 2 places avec dossier r\u00e9glable en 6 positions pour devenir un lit de 190 cm de long. Il est disponible en tissu ou en velours dans un choix de 10 couleurs.","breadcrumb":{"@id":"https:\/\/www.bagnoitalia.com\/fr\/produit\/tilly2-reclining-2-seater-sofa-bed-133x190-cm-in-10-colours-wooden-feet-2.html#breadcrumb"},"inLanguage":"fr-FR","potentialAction":[{"@type":"ReadAction","target":["https:\/\/www.bagnoitalia.com\/fr\/produit\/tilly2-reclining-2-seater-sofa-bed-133x190-cm-in-10-colours-wooden-feet-2.html"]}]},{"@type":"ImageObject","inLanguage":"fr-FR","@id":"https:\/\/www.bagnoitalia.com\/fr\/produit\/tilly2-reclining-2-seater-sofa-bed-133x190-cm-in-10-colours-wooden-feet-2.html#primaryimage","url":"https:\/\/img.bagnoitalia.com\/wp-content\/uploads\/virtuemart\/product\/divano-letto-tilly2-colori-1.jpg","contentUrl":"https:\/\/img.bagnoitalia.com\/wp-content\/uploads\/virtuemart\/product\/divano-letto-tilly2-colori-1.jpg","width":550,"height":550},{"@type":"BreadcrumbList","@id":"https:\/\/www.bagnoitalia.com\/fr\/produit\/tilly2-reclining-2-seater-sofa-bed-133x190-cm-in-10-colours-wooden-feet-2.html#breadcrumb","itemListElement":[{"@type":"ListItem","position":1,"name":"Home","item":"https:\/\/www.bagnoitalia.com\/fr"},{"@type":"ListItem","position":2,"name":"Produits","item":"https:\/\/www.bagnoitalia.com\/fr\/shop"},{"@type":"ListItem","position":3,"name":"Tilly2 canap\u00e9 convertible 2 places 133&#215;190 cm en 10 couleurs pieds en bois"}]},{"@type":"WebSite","@id":"https:\/\/www.bagnoitalia.com\/fr#website","url":"https:\/\/www.bagnoitalia.com\/fr","name":"Bagno Italia","description":"","publisher":{"@id":"https:\/\/www.bagnoitalia.com\/fr#organization"},"potentialAction":[{"@type":"SearchAction","target":{"@type":"EntryPoint","urlTemplate":"https:\/\/www.bagnoitalia.com\/fr?s={search_term_string}"},"query-input":{"@type":"PropertyValueSpecification","valueRequired":true,"valueName":"search_term_string"}}],"inLanguage":"fr-FR"},{"@type":"Organization","@id":"https:\/\/www.bagnoitalia.com\/fr#organization","name":"Bagno Italia","url":"https:\/\/www.bagnoitalia.com\/fr","logo":{"@type":"ImageObject","inLanguage":"fr-FR","@id":"https:\/\/www.bagnoitalia.com\/fr#\/schema\/logo\/image\/","url":"https:\/\/img.bagnoitalia.com\/wp-content\/uploads\/logo-bagnoitalia.webp","contentUrl":"https:\/\/img.bagnoitalia.com\/wp-content\/uploads\/logo-bagnoitalia.webp","width":400,"height":70,"caption":"Bagno Italia"},"image":{"@id":"https:\/\/www.bagnoitalia.com\/fr#\/schema\/logo\/image\/"}}]}},"_links":{"self":[{"href":"https:\/\/www.bagnoitalia.com\/fr\/wp-json\/wp\/v2\/product\/84213","targetHints":{"allow":["GET"]}}],"collection":[{"href":"https:\/\/www.bagnoitalia.com\/fr\/wp-json\/wp\/v2\/product"}],"about":[{"href":"https:\/\/www.bagnoitalia.com\/fr\/wp-json\/wp\/v2\/types\/product"}],"replies":[{"embeddable":true,"href":"https:\/\/www.bagnoitalia.com\/fr\/wp-json\/wp\/v2\/comments?post=84213"}],"version-history":[{"count":1,"href":"https:\/\/www.bagnoitalia.com\/fr\/wp-json\/wp\/v2\/product\/84213\/revisions"}],"predecessor-version":[{"id":89679,"href":"https:\/\/www.bagnoitalia.com\/fr\/wp-json\/wp\/v2\/product\/84213\/revisions\/89679"}],"wp:featuredmedia":[{"embeddable":true,"href":"https:\/\/www.bagnoitalia.com\/fr\/wp-json\/wp\/v2\/media\/74013"}],"wp:attachment":[{"href":"https:\/\/www.bagnoitalia.com\/fr\/wp-json\/wp\/v2\/media?parent=84213"}],"wp:term":[{"taxonomy":"product_brand","embeddable":true,"href":"https:\/\/www.bagnoitalia.com\/fr\/wp-json\/wp\/v2\/product_brand?post=84213"},{"taxonomy":"product_cat","embeddable":true,"href":"https:\/\/www.bagnoitalia.com\/fr\/wp-json\/wp\/v2\/product_cat?post=84213"},{"taxonomy":"product_tag","embeddable":true,"href":"https:\/\/www.bagnoitalia.com\/fr\/wp-json\/wp\/v2\/product_tag?post=84213"}],"curies":[{"name":"wp","href":"https:\/\/api.w.org\/{rel}","templated":true}]}}