{"id":84201,"date":"2024-03-06T15:00:03","date_gmt":"2024-03-06T14:00:03","guid":{"rendered":"https:\/\/www.bagnoitalia.com\/product\/fabiola-grey-or-natural-rocking-chair-with-cushions-and-metal-and-wicker-frame-2"},"modified":"2025-10-07T12:00:36","modified_gmt":"2025-10-07T10:00:36","slug":"fabiola-grey-or-natural-rocking-chair-with-cushions-and-metal-and-wicker-frame-2","status":"publish","type":"product","link":"https:\/\/www.bagnoitalia.com\/fr\/produit\/fabiola-grey-or-natural-rocking-chair-with-cushions-and-metal-and-wicker-frame-2.html","title":{"rendered":"Chaise pivotante Fabiola, blanche, noire, grise ou naturelle, avec coussins et structure en m\u00e9tal et osier"},"content":{"rendered":"<p><strong><span dir=\"auto\"><span class=\"\" dir=\"auto\">Balan\u00e7oire mod\u00e8le FABIOLA en 4 couleurs<\/span><\/span><\/strong><\/p>\n<p>&nbsp;<\/p>\n<p><strong><span dir=\"auto\"><span class=\"\" dir=\"auto\">CARACT\u00c9RISTIQUES PRINCIPALES<\/span><\/span><\/strong><\/p>\n<p><span dir=\"auto\">Balan\u00e7oire simple, adapt\u00e9e \u00e0 une utilisation en ext\u00e9rieur<\/span><\/p>\n<p><span dir=\"auto\">Dimensions ext\u00e9rieures : \u00d8 95xH195 cm<\/span><\/p>\n<p><span dir=\"auto\">Assise 93x72xH122 cm<\/span><\/p>\n<p><span dir=\"auto\">Poids : 25 kg<\/span><\/p>\n<p><span dir=\"auto\">\u00c9paisseurs : tubes m\u00e9talliques 42&#215;2,5 mm et base 42&#215;1,5 mm<\/span><\/p>\n<p><span dir=\"auto\">Fabriqu\u00e9 en osier avec une structure en m\u00e9tal<\/span><\/p>\n<p><span dir=\"auto\">Disponible en 4 finitions modernes : blanc, noir, gris ou naturel<\/span><\/p>\n<p><span dir=\"auto\">Coussin de si\u00e8ge en polyester<\/span><\/p>\n","protected":false},"excerpt":{"rendered":"<p>\u00c9l\u00e9gante balancelle de jardin et d&rsquo;ext\u00e9rieur, fabriqu\u00e9e en osier (quatre coloris au choix) et soutenue par une structure m\u00e9tallique robuste. Coussin en polyester inclus.<\/p>\n<p>&nbsp;<\/p>\n","protected":false},"featured_media":112287,"comment_status":"open","ping_status":"closed","template":"","meta":[],"product_brand":[9879],"product_cat":[10012,9783],"product_tag":[],"class_list":{"0":"post-84201","1":"product","2":"type-product","3":"status-publish","4":"has-post-thumbnail","6":"product_brand-vari-produttori-fr","7":"product_cat-canapes-dexterieur","8":"product_cat-mobilier-d-39-exterieur","10":"first","11":"instock","12":"sale","13":"taxable","14":"shipping-taxable","15":"purchasable","16":"product-type-simple"},"exclude_global_add_ons":false,"addons":[{"name":"couleur","type":"multiple_choice","position":0,"required":true,"title_format":"heading","default":"","description_enable":false,"description":"","placeholder_enable":false,"placeholder":"","display":"select","restrictions_type":"any_text","adjust_price":false,"price":"","price_type":"flat_fee","restrictions":false,"min":"0","max":"0","options":[{"label":"blanc","price":"","price_type":"quantity_based","image":0,"visibility":true},{"label":"noir","price":"","price_type":"quantity_based","image":0,"visibility":true},{"label":"(Pas disponible) gris","price":"","price_type":"quantity_based","image":0,"visibility":true},{"label":"(Pas disponible) naturel","price":"","price_type":"quantity_based","image":0,"visibility":true}],"id":1718723488}],"yoast_head":"<!-- This site is optimized with the Yoast SEO plugin v26.7 - https:\/\/yoast.com\/wordpress\/plugins\/seo\/ -->\n<title>Fauteuil \u00e0 bascule Fabiola gris ou naturel avec coussins et structure en m\u00e9tal et osier<\/title>\n<meta name=\"description\" content=\"El\u00e9gant fauteuil \u00e0 bascule de jardin et d&#039;ext\u00e9rieur, en osier (wicker) dans un choix de deux couleurs et soutenu par un solide cadre en m\u00e9tal. Le coussin en polyester est inclus dans l&#039;offre.\" \/>\n<meta name=\"robots\" content=\"index, follow, max-snippet:-1, max-image-preview:large, max-video-preview:-1\" \/>\n<link rel=\"canonical\" href=\"https:\/\/www.bagnoitalia.com\/fr\/produit\/fabiola-grey-or-natural-rocking-chair-with-cushions-and-metal-and-wicker-frame-2.html\" \/>\n<meta property=\"og:locale\" content=\"fr_FR\" \/>\n<meta property=\"og:type\" content=\"article\" \/>\n<meta property=\"og:title\" content=\"Fauteuil \u00e0 bascule Fabiola gris ou naturel avec coussins et structure en m\u00e9tal et osier\" \/>\n<meta property=\"og:description\" content=\"El\u00e9gant fauteuil \u00e0 bascule de jardin et d&#039;ext\u00e9rieur, en osier (wicker) dans un choix de deux couleurs et soutenu par un solide cadre en m\u00e9tal. Le coussin en polyester est inclus dans l&#039;offre.\" \/>\n<meta property=\"og:url\" content=\"https:\/\/www.bagnoitalia.com\/fr\/produit\/fabiola-grey-or-natural-rocking-chair-with-cushions-and-metal-and-wicker-frame-2.html\" \/>\n<meta property=\"og:site_name\" content=\"Bagno Italia\" \/>\n<meta property=\"article:modified_time\" content=\"2025-10-07T10:00:36+00:00\" \/>\n<meta property=\"og:image\" content=\"https:\/\/img.bagnoitalia.com\/wp-content\/uploads\/dondolo-fabiola-bianco-nero-grigio-naturale.jpg\" \/>\n\t<meta property=\"og:image:width\" content=\"1000\" \/>\n\t<meta property=\"og:image:height\" content=\"1000\" \/>\n\t<meta property=\"og:image:type\" content=\"image\/jpeg\" \/>\n<meta name=\"twitter:card\" content=\"summary_large_image\" \/>\n<meta name=\"twitter:label1\" content=\"Dur\u00e9e de lecture estim\u00e9e\" \/>\n\t<meta name=\"twitter:data1\" content=\"1 minute\" \/>\n<script type=\"application\/ld+json\" class=\"yoast-schema-graph\">{\"@context\":\"https:\/\/schema.org\",\"@graph\":[{\"@type\":\"WebPage\",\"@id\":\"https:\/\/www.bagnoitalia.com\/fr\/produit\/fabiola-grey-or-natural-rocking-chair-with-cushions-and-metal-and-wicker-frame-2.html\",\"url\":\"https:\/\/www.bagnoitalia.com\/fr\/produit\/fabiola-grey-or-natural-rocking-chair-with-cushions-and-metal-and-wicker-frame-2.html\",\"name\":\"Fauteuil \u00e0 bascule Fabiola gris ou naturel avec coussins et structure en m\u00e9tal et osier\",\"isPartOf\":{\"@id\":\"https:\/\/www.bagnoitalia.com\/fr#website\"},\"primaryImageOfPage\":{\"@id\":\"https:\/\/www.bagnoitalia.com\/fr\/produit\/fabiola-grey-or-natural-rocking-chair-with-cushions-and-metal-and-wicker-frame-2.html#primaryimage\"},\"image\":{\"@id\":\"https:\/\/www.bagnoitalia.com\/fr\/produit\/fabiola-grey-or-natural-rocking-chair-with-cushions-and-metal-and-wicker-frame-2.html#primaryimage\"},\"thumbnailUrl\":\"https:\/\/img.bagnoitalia.com\/wp-content\/uploads\/dondolo-fabiola-bianco-nero-grigio-naturale.jpg\",\"datePublished\":\"2024-03-06T14:00:03+00:00\",\"dateModified\":\"2025-10-07T10:00:36+00:00\",\"description\":\"El\u00e9gant fauteuil \u00e0 bascule de jardin et d'ext\u00e9rieur, en osier (wicker) dans un choix de deux couleurs et soutenu par un solide cadre en m\u00e9tal. Le coussin en polyester est inclus dans l'offre.\",\"breadcrumb\":{\"@id\":\"https:\/\/www.bagnoitalia.com\/fr\/produit\/fabiola-grey-or-natural-rocking-chair-with-cushions-and-metal-and-wicker-frame-2.html#breadcrumb\"},\"inLanguage\":\"fr-FR\",\"potentialAction\":[{\"@type\":\"ReadAction\",\"target\":[\"https:\/\/www.bagnoitalia.com\/fr\/produit\/fabiola-grey-or-natural-rocking-chair-with-cushions-and-metal-and-wicker-frame-2.html\"]}]},{\"@type\":\"ImageObject\",\"inLanguage\":\"fr-FR\",\"@id\":\"https:\/\/www.bagnoitalia.com\/fr\/produit\/fabiola-grey-or-natural-rocking-chair-with-cushions-and-metal-and-wicker-frame-2.html#primaryimage\",\"url\":\"https:\/\/img.bagnoitalia.com\/wp-content\/uploads\/dondolo-fabiola-bianco-nero-grigio-naturale.jpg\",\"contentUrl\":\"https:\/\/img.bagnoitalia.com\/wp-content\/uploads\/dondolo-fabiola-bianco-nero-grigio-naturale.jpg\",\"width\":1000,\"height\":1000},{\"@type\":\"BreadcrumbList\",\"@id\":\"https:\/\/www.bagnoitalia.com\/fr\/produit\/fabiola-grey-or-natural-rocking-chair-with-cushions-and-metal-and-wicker-frame-2.html#breadcrumb\",\"itemListElement\":[{\"@type\":\"ListItem\",\"position\":1,\"name\":\"Home\",\"item\":\"https:\/\/www.bagnoitalia.com\/fr\"},{\"@type\":\"ListItem\",\"position\":2,\"name\":\"Produits\",\"item\":\"https:\/\/www.bagnoitalia.com\/fr\/shop\"},{\"@type\":\"ListItem\",\"position\":3,\"name\":\"Chaise pivotante Fabiola, blanche, noire, grise ou naturelle, avec coussins et structure en m\u00e9tal et osier\"}]},{\"@type\":\"WebSite\",\"@id\":\"https:\/\/www.bagnoitalia.com\/fr#website\",\"url\":\"https:\/\/www.bagnoitalia.com\/fr\",\"name\":\"Bagno Italia\",\"description\":\"\",\"publisher\":{\"@id\":\"https:\/\/www.bagnoitalia.com\/fr#organization\"},\"potentialAction\":[{\"@type\":\"SearchAction\",\"target\":{\"@type\":\"EntryPoint\",\"urlTemplate\":\"https:\/\/www.bagnoitalia.com\/fr?s={search_term_string}\"},\"query-input\":{\"@type\":\"PropertyValueSpecification\",\"valueRequired\":true,\"valueName\":\"search_term_string\"}}],\"inLanguage\":\"fr-FR\"},{\"@type\":\"Organization\",\"@id\":\"https:\/\/www.bagnoitalia.com\/fr#organization\",\"name\":\"Bagno Italia\",\"url\":\"https:\/\/www.bagnoitalia.com\/fr\",\"logo\":{\"@type\":\"ImageObject\",\"inLanguage\":\"fr-FR\",\"@id\":\"https:\/\/www.bagnoitalia.com\/fr#\/schema\/logo\/image\/\",\"url\":\"https:\/\/img.bagnoitalia.com\/wp-content\/uploads\/logo-bagnoitalia.webp\",\"contentUrl\":\"https:\/\/img.bagnoitalia.com\/wp-content\/uploads\/logo-bagnoitalia.webp\",\"width\":400,\"height\":70,\"caption\":\"Bagno Italia\"},\"image\":{\"@id\":\"https:\/\/www.bagnoitalia.com\/fr#\/schema\/logo\/image\/\"}}]}<\/script>\n<!-- \/ Yoast SEO plugin. -->","yoast_head_json":{"title":"Fauteuil \u00e0 bascule Fabiola gris ou naturel avec coussins et structure en m\u00e9tal et osier","description":"El\u00e9gant fauteuil \u00e0 bascule de jardin et d'ext\u00e9rieur, en osier (wicker) dans un choix de deux couleurs et soutenu par un solide cadre en m\u00e9tal. Le coussin en polyester est inclus dans l'offre.","robots":{"index":"index","follow":"follow","max-snippet":"max-snippet:-1","max-image-preview":"max-image-preview:large","max-video-preview":"max-video-preview:-1"},"canonical":"https:\/\/www.bagnoitalia.com\/fr\/produit\/fabiola-grey-or-natural-rocking-chair-with-cushions-and-metal-and-wicker-frame-2.html","og_locale":"fr_FR","og_type":"article","og_title":"Fauteuil \u00e0 bascule Fabiola gris ou naturel avec coussins et structure en m\u00e9tal et osier","og_description":"El\u00e9gant fauteuil \u00e0 bascule de jardin et d'ext\u00e9rieur, en osier (wicker) dans un choix de deux couleurs et soutenu par un solide cadre en m\u00e9tal. Le coussin en polyester est inclus dans l'offre.","og_url":"https:\/\/www.bagnoitalia.com\/fr\/produit\/fabiola-grey-or-natural-rocking-chair-with-cushions-and-metal-and-wicker-frame-2.html","og_site_name":"Bagno Italia","article_modified_time":"2025-10-07T10:00:36+00:00","og_image":[{"width":1000,"height":1000,"url":"https:\/\/img.bagnoitalia.com\/wp-content\/uploads\/dondolo-fabiola-bianco-nero-grigio-naturale.jpg","type":"image\/jpeg"}],"twitter_card":"summary_large_image","twitter_misc":{"Dur\u00e9e de lecture estim\u00e9e":"1 minute"},"schema":{"@context":"https:\/\/schema.org","@graph":[{"@type":"WebPage","@id":"https:\/\/www.bagnoitalia.com\/fr\/produit\/fabiola-grey-or-natural-rocking-chair-with-cushions-and-metal-and-wicker-frame-2.html","url":"https:\/\/www.bagnoitalia.com\/fr\/produit\/fabiola-grey-or-natural-rocking-chair-with-cushions-and-metal-and-wicker-frame-2.html","name":"Fauteuil \u00e0 bascule Fabiola gris ou naturel avec coussins et structure en m\u00e9tal et osier","isPartOf":{"@id":"https:\/\/www.bagnoitalia.com\/fr#website"},"primaryImageOfPage":{"@id":"https:\/\/www.bagnoitalia.com\/fr\/produit\/fabiola-grey-or-natural-rocking-chair-with-cushions-and-metal-and-wicker-frame-2.html#primaryimage"},"image":{"@id":"https:\/\/www.bagnoitalia.com\/fr\/produit\/fabiola-grey-or-natural-rocking-chair-with-cushions-and-metal-and-wicker-frame-2.html#primaryimage"},"thumbnailUrl":"https:\/\/img.bagnoitalia.com\/wp-content\/uploads\/dondolo-fabiola-bianco-nero-grigio-naturale.jpg","datePublished":"2024-03-06T14:00:03+00:00","dateModified":"2025-10-07T10:00:36+00:00","description":"El\u00e9gant fauteuil \u00e0 bascule de jardin et d'ext\u00e9rieur, en osier (wicker) dans un choix de deux couleurs et soutenu par un solide cadre en m\u00e9tal. Le coussin en polyester est inclus dans l'offre.","breadcrumb":{"@id":"https:\/\/www.bagnoitalia.com\/fr\/produit\/fabiola-grey-or-natural-rocking-chair-with-cushions-and-metal-and-wicker-frame-2.html#breadcrumb"},"inLanguage":"fr-FR","potentialAction":[{"@type":"ReadAction","target":["https:\/\/www.bagnoitalia.com\/fr\/produit\/fabiola-grey-or-natural-rocking-chair-with-cushions-and-metal-and-wicker-frame-2.html"]}]},{"@type":"ImageObject","inLanguage":"fr-FR","@id":"https:\/\/www.bagnoitalia.com\/fr\/produit\/fabiola-grey-or-natural-rocking-chair-with-cushions-and-metal-and-wicker-frame-2.html#primaryimage","url":"https:\/\/img.bagnoitalia.com\/wp-content\/uploads\/dondolo-fabiola-bianco-nero-grigio-naturale.jpg","contentUrl":"https:\/\/img.bagnoitalia.com\/wp-content\/uploads\/dondolo-fabiola-bianco-nero-grigio-naturale.jpg","width":1000,"height":1000},{"@type":"BreadcrumbList","@id":"https:\/\/www.bagnoitalia.com\/fr\/produit\/fabiola-grey-or-natural-rocking-chair-with-cushions-and-metal-and-wicker-frame-2.html#breadcrumb","itemListElement":[{"@type":"ListItem","position":1,"name":"Home","item":"https:\/\/www.bagnoitalia.com\/fr"},{"@type":"ListItem","position":2,"name":"Produits","item":"https:\/\/www.bagnoitalia.com\/fr\/shop"},{"@type":"ListItem","position":3,"name":"Chaise pivotante Fabiola, blanche, noire, grise ou naturelle, avec coussins et structure en m\u00e9tal et osier"}]},{"@type":"WebSite","@id":"https:\/\/www.bagnoitalia.com\/fr#website","url":"https:\/\/www.bagnoitalia.com\/fr","name":"Bagno Italia","description":"","publisher":{"@id":"https:\/\/www.bagnoitalia.com\/fr#organization"},"potentialAction":[{"@type":"SearchAction","target":{"@type":"EntryPoint","urlTemplate":"https:\/\/www.bagnoitalia.com\/fr?s={search_term_string}"},"query-input":{"@type":"PropertyValueSpecification","valueRequired":true,"valueName":"search_term_string"}}],"inLanguage":"fr-FR"},{"@type":"Organization","@id":"https:\/\/www.bagnoitalia.com\/fr#organization","name":"Bagno Italia","url":"https:\/\/www.bagnoitalia.com\/fr","logo":{"@type":"ImageObject","inLanguage":"fr-FR","@id":"https:\/\/www.bagnoitalia.com\/fr#\/schema\/logo\/image\/","url":"https:\/\/img.bagnoitalia.com\/wp-content\/uploads\/logo-bagnoitalia.webp","contentUrl":"https:\/\/img.bagnoitalia.com\/wp-content\/uploads\/logo-bagnoitalia.webp","width":400,"height":70,"caption":"Bagno Italia"},"image":{"@id":"https:\/\/www.bagnoitalia.com\/fr#\/schema\/logo\/image\/"}}]}},"_links":{"self":[{"href":"https:\/\/www.bagnoitalia.com\/fr\/wp-json\/wp\/v2\/product\/84201","targetHints":{"allow":["GET"]}}],"collection":[{"href":"https:\/\/www.bagnoitalia.com\/fr\/wp-json\/wp\/v2\/product"}],"about":[{"href":"https:\/\/www.bagnoitalia.com\/fr\/wp-json\/wp\/v2\/types\/product"}],"replies":[{"embeddable":true,"href":"https:\/\/www.bagnoitalia.com\/fr\/wp-json\/wp\/v2\/comments?post=84201"}],"version-history":[{"count":4,"href":"https:\/\/www.bagnoitalia.com\/fr\/wp-json\/wp\/v2\/product\/84201\/revisions"}],"predecessor-version":[{"id":112321,"href":"https:\/\/www.bagnoitalia.com\/fr\/wp-json\/wp\/v2\/product\/84201\/revisions\/112321"}],"wp:featuredmedia":[{"embeddable":true,"href":"https:\/\/www.bagnoitalia.com\/fr\/wp-json\/wp\/v2\/media\/112287"}],"wp:attachment":[{"href":"https:\/\/www.bagnoitalia.com\/fr\/wp-json\/wp\/v2\/media?parent=84201"}],"wp:term":[{"taxonomy":"product_brand","embeddable":true,"href":"https:\/\/www.bagnoitalia.com\/fr\/wp-json\/wp\/v2\/product_brand?post=84201"},{"taxonomy":"product_cat","embeddable":true,"href":"https:\/\/www.bagnoitalia.com\/fr\/wp-json\/wp\/v2\/product_cat?post=84201"},{"taxonomy":"product_tag","embeddable":true,"href":"https:\/\/www.bagnoitalia.com\/fr\/wp-json\/wp\/v2\/product_tag?post=84201"}],"curies":[{"name":"wp","href":"https:\/\/api.w.org\/{rel}","templated":true}]}}