{"id":84189,"date":"2024-03-05T15:37:46","date_gmt":"2024-03-05T14:37:46","guid":{"rendered":"https:\/\/www.bagnoitalia.com\/product\/cecilia-outdoor-furniture-for-4-or-5-persons-with-grey-wicker-sofa-table-and-armchairs-2"},"modified":"2025-12-03T14:14:20","modified_gmt":"2025-12-03T13:14:20","slug":"cecilia-outdoor-furniture-for-4-or-5-persons-with-grey-wicker-sofa-table-and-armchairs-2","status":"publish","type":"product","link":"https:\/\/www.bagnoitalia.com\/fr\/produit\/cecilia-outdoor-furniture-for-4-or-5-persons-with-grey-wicker-sofa-table-and-armchairs-2.html","title":{"rendered":"Mobilier d&rsquo;ext\u00e9rieur Cecilia pour 4 ou 5 personnes avec table canap\u00e9 et fauteuils en osier gris"},"content":{"rendered":"<p>ENSEMBLE D&rsquo;EXT\u00c9RIEUR \u00ab\u00a0CECILIA\u00a0\u00bb 4 OU 5 PLACES<\/p>\n<p>&nbsp;<\/p>\n<p>&nbsp;<\/p>\n<p>LE PRIX CI-DESSUS COMPREND<\/p>\n<p>n.2 fauteuils<\/p>\n<p>n.1 table basse<\/p>\n<p>coussins pour l&rsquo;assise et le dossier<\/p>\n<p>n.1 canap\u00e9 2 places ; en utilisant le menu ci-dessus, vous pouvez choisir le SOFA dans la version 3 places.<\/p>\n<p>DIMENSIONS :<\/p>\n<p>Canap\u00e9 2 places 144xD72xH64 cm (dans la version 3 places, la longueur est de 208 cm)<\/p>\n<p>Fauteuils 80xD72xH64 cm<\/p>\n<p>Table 109xD55xH34 cm<\/p>\n<p>PLUS DE D\u00c9TAILS :<\/p>\n<p>Salon d&rsquo;ext\u00e9rieur, adapt\u00e9 \u00e0 l&rsquo;am\u00e9nagement de terrasses, jardins, etc.<\/p>\n<p>Structure en aluminium, avec rev\u00eatement en osier gris (wicker), trait\u00e9 anti-UV<\/p>\n<p>Plateau en verre tremp\u00e9 de 5 mm d&rsquo;\u00e9paisseur<\/p>\n<p>Coussins gris de 10 cm d&rsquo;\u00e9paisseur<\/p>\n<p>&nbsp;<\/p>\n<p>&nbsp;<\/p>\n<p>&nbsp;<\/p>\n<p>&nbsp;<\/p>\n<p>&nbsp;<\/p>\n<p>&nbsp;<\/p>\n<p>&nbsp;<\/p>\n<p>&nbsp;<\/p>\n<p>&nbsp;<\/p>\n<p>&nbsp;<\/p>\n<p>&nbsp;<\/p>\n<p>&nbsp;<\/p>\n<p>&nbsp;<\/p>\n<p>&nbsp;<\/p>\n<p>&nbsp;<\/p>\n<p>&nbsp;<\/p>\n<p>&nbsp;<\/p>\n<p>&nbsp;<\/p>\n<p>&nbsp;<\/p>\n<p>&nbsp;<\/p>\n<p>&nbsp;<\/p>\n<p>&nbsp;<\/p>\n<p>&nbsp;<\/p>\n<p>&nbsp;<\/p>\n<p>&nbsp;<\/p>\n<p>&nbsp;<\/p>\n<p>&nbsp;<\/p>\n<p>&nbsp;<\/p>\n<p>&nbsp;<\/p>\n<p>&nbsp;<\/p>\n<p>&nbsp;<\/p>\n<p>&nbsp;<\/p>\n<p>WI806884-GREY<br \/>\nWI806882-GREY<\/p>\n<p>&nbsp;<\/p>\n","protected":false},"excerpt":{"rendered":"<p>Ensemble de mobilier d&rsquo;ext\u00e9rieur compos\u00e9 de 2 fauteuils, d&rsquo;une table basse et d&rsquo;un canap\u00e9 2 ou 3 places. Fabriqu\u00e9 en aluminium avec rev\u00eatement en osier et coussins pour l&rsquo;assise et le dossier.<\/p>\n","protected":false},"featured_media":73693,"comment_status":"open","ping_status":"closed","template":"","meta":[],"product_brand":[9879],"product_cat":[10012,10027,9783],"product_tag":[],"class_list":{"0":"post-84189","1":"product","2":"type-product","3":"status-publish","4":"has-post-thumbnail","6":"product_brand-vari-produttori-fr","7":"product_cat-canapes-dexterieur","8":"product_cat-tables-avec-chaises","9":"product_cat-mobilier-d-39-exterieur","11":"first","12":"instock","13":"sale","14":"taxable","15":"shipping-taxable","16":"purchasable","17":"product-type-simple"},"exclude_global_add_ons":false,"addons":[{"name":"Typologie","type":"multiple_choice","position":0,"required":true,"title_format":"heading","default":"","description_enable":false,"description":"","placeholder_enable":false,"placeholder":"","display":"select","restrictions_type":"any_text","adjust_price":false,"price":"","price_type":"flat_fee","restrictions":false,"min":"0","max":"0","options":[{"label":"(Disponible en avril) avec canap\u00e9 2 places","price":"","price_type":"quantity_based","image":0,"visibility":true},{"label":"(Disponible en avril) avec canap\u00e9 3 places","price":"210","price_type":"quantity_based","image":0,"visibility":true}],"id":1716466681}],"yoast_head":"<!-- This site is optimized with the Yoast SEO plugin v26.7 - https:\/\/yoast.com\/wordpress\/plugins\/seo\/ -->\n<title>Mobilier d&#039;ext\u00e9rieur Cecilia pour 4 ou 5 personnes avec table canap\u00e9 et fauteuils en osier gris<\/title>\n<meta name=\"description\" content=\"Ensemble de mobilier d&#039;ext\u00e9rieur compos\u00e9 de 2 fauteuils, d&#039;une table basse et d&#039;un canap\u00e9 2 ou 3 places. Fabriqu\u00e9 en aluminium avec rev\u00eatement en osier et coussins pour l&#039;assise et le dossier.\" \/>\n<meta name=\"robots\" content=\"index, follow, max-snippet:-1, max-image-preview:large, max-video-preview:-1\" \/>\n<link rel=\"canonical\" href=\"https:\/\/www.bagnoitalia.com\/fr\/produit\/cecilia-outdoor-furniture-for-4-or-5-persons-with-grey-wicker-sofa-table-and-armchairs-2.html\" \/>\n<meta property=\"og:locale\" content=\"fr_FR\" \/>\n<meta property=\"og:type\" content=\"article\" \/>\n<meta property=\"og:title\" content=\"Mobilier d&#039;ext\u00e9rieur Cecilia pour 4 ou 5 personnes avec table canap\u00e9 et fauteuils en osier gris\" \/>\n<meta property=\"og:description\" content=\"Ensemble de mobilier d&#039;ext\u00e9rieur compos\u00e9 de 2 fauteuils, d&#039;une table basse et d&#039;un canap\u00e9 2 ou 3 places. Fabriqu\u00e9 en aluminium avec rev\u00eatement en osier et coussins pour l&#039;assise et le dossier.\" \/>\n<meta property=\"og:url\" content=\"https:\/\/www.bagnoitalia.com\/fr\/produit\/cecilia-outdoor-furniture-for-4-or-5-persons-with-grey-wicker-sofa-table-and-armchairs-2.html\" \/>\n<meta property=\"og:site_name\" content=\"Bagno Italia\" \/>\n<meta property=\"article:modified_time\" content=\"2025-12-03T13:14:20+00:00\" \/>\n<meta property=\"og:image\" content=\"https:\/\/img.bagnoitalia.com\/wp-content\/uploads\/virtuemart\/product\/set-vimini-arredo-esterno-moderno-grigio-poltrone-divano-1.jpg\" \/>\n\t<meta property=\"og:image:width\" content=\"550\" \/>\n\t<meta property=\"og:image:height\" content=\"550\" \/>\n\t<meta property=\"og:image:type\" content=\"image\/jpeg\" \/>\n<meta name=\"twitter:card\" content=\"summary_large_image\" \/>\n<meta name=\"twitter:label1\" content=\"Dur\u00e9e de lecture estim\u00e9e\" \/>\n\t<meta name=\"twitter:data1\" content=\"1 minute\" \/>\n<script type=\"application\/ld+json\" class=\"yoast-schema-graph\">{\"@context\":\"https:\/\/schema.org\",\"@graph\":[{\"@type\":\"WebPage\",\"@id\":\"https:\/\/www.bagnoitalia.com\/fr\/produit\/cecilia-outdoor-furniture-for-4-or-5-persons-with-grey-wicker-sofa-table-and-armchairs-2.html\",\"url\":\"https:\/\/www.bagnoitalia.com\/fr\/produit\/cecilia-outdoor-furniture-for-4-or-5-persons-with-grey-wicker-sofa-table-and-armchairs-2.html\",\"name\":\"Mobilier d'ext\u00e9rieur Cecilia pour 4 ou 5 personnes avec table canap\u00e9 et fauteuils en osier gris\",\"isPartOf\":{\"@id\":\"https:\/\/www.bagnoitalia.com\/fr#website\"},\"primaryImageOfPage\":{\"@id\":\"https:\/\/www.bagnoitalia.com\/fr\/produit\/cecilia-outdoor-furniture-for-4-or-5-persons-with-grey-wicker-sofa-table-and-armchairs-2.html#primaryimage\"},\"image\":{\"@id\":\"https:\/\/www.bagnoitalia.com\/fr\/produit\/cecilia-outdoor-furniture-for-4-or-5-persons-with-grey-wicker-sofa-table-and-armchairs-2.html#primaryimage\"},\"thumbnailUrl\":\"https:\/\/img.bagnoitalia.com\/wp-content\/uploads\/virtuemart\/product\/set-vimini-arredo-esterno-moderno-grigio-poltrone-divano-1.jpg\",\"datePublished\":\"2024-03-05T14:37:46+00:00\",\"dateModified\":\"2025-12-03T13:14:20+00:00\",\"description\":\"Ensemble de mobilier d'ext\u00e9rieur compos\u00e9 de 2 fauteuils, d'une table basse et d'un canap\u00e9 2 ou 3 places. Fabriqu\u00e9 en aluminium avec rev\u00eatement en osier et coussins pour l'assise et le dossier.\",\"breadcrumb\":{\"@id\":\"https:\/\/www.bagnoitalia.com\/fr\/produit\/cecilia-outdoor-furniture-for-4-or-5-persons-with-grey-wicker-sofa-table-and-armchairs-2.html#breadcrumb\"},\"inLanguage\":\"fr-FR\",\"potentialAction\":[{\"@type\":\"ReadAction\",\"target\":[\"https:\/\/www.bagnoitalia.com\/fr\/produit\/cecilia-outdoor-furniture-for-4-or-5-persons-with-grey-wicker-sofa-table-and-armchairs-2.html\"]}]},{\"@type\":\"ImageObject\",\"inLanguage\":\"fr-FR\",\"@id\":\"https:\/\/www.bagnoitalia.com\/fr\/produit\/cecilia-outdoor-furniture-for-4-or-5-persons-with-grey-wicker-sofa-table-and-armchairs-2.html#primaryimage\",\"url\":\"https:\/\/img.bagnoitalia.com\/wp-content\/uploads\/virtuemart\/product\/set-vimini-arredo-esterno-moderno-grigio-poltrone-divano-1.jpg\",\"contentUrl\":\"https:\/\/img.bagnoitalia.com\/wp-content\/uploads\/virtuemart\/product\/set-vimini-arredo-esterno-moderno-grigio-poltrone-divano-1.jpg\",\"width\":550,\"height\":550},{\"@type\":\"BreadcrumbList\",\"@id\":\"https:\/\/www.bagnoitalia.com\/fr\/produit\/cecilia-outdoor-furniture-for-4-or-5-persons-with-grey-wicker-sofa-table-and-armchairs-2.html#breadcrumb\",\"itemListElement\":[{\"@type\":\"ListItem\",\"position\":1,\"name\":\"Home\",\"item\":\"https:\/\/www.bagnoitalia.com\/fr\"},{\"@type\":\"ListItem\",\"position\":2,\"name\":\"Produits\",\"item\":\"https:\/\/www.bagnoitalia.com\/fr\/shop\"},{\"@type\":\"ListItem\",\"position\":3,\"name\":\"Mobilier d&#8217;ext\u00e9rieur Cecilia pour 4 ou 5 personnes avec table canap\u00e9 et fauteuils en osier gris\"}]},{\"@type\":\"WebSite\",\"@id\":\"https:\/\/www.bagnoitalia.com\/fr#website\",\"url\":\"https:\/\/www.bagnoitalia.com\/fr\",\"name\":\"Bagno Italia\",\"description\":\"\",\"publisher\":{\"@id\":\"https:\/\/www.bagnoitalia.com\/fr#organization\"},\"potentialAction\":[{\"@type\":\"SearchAction\",\"target\":{\"@type\":\"EntryPoint\",\"urlTemplate\":\"https:\/\/www.bagnoitalia.com\/fr?s={search_term_string}\"},\"query-input\":{\"@type\":\"PropertyValueSpecification\",\"valueRequired\":true,\"valueName\":\"search_term_string\"}}],\"inLanguage\":\"fr-FR\"},{\"@type\":\"Organization\",\"@id\":\"https:\/\/www.bagnoitalia.com\/fr#organization\",\"name\":\"Bagno Italia\",\"url\":\"https:\/\/www.bagnoitalia.com\/fr\",\"logo\":{\"@type\":\"ImageObject\",\"inLanguage\":\"fr-FR\",\"@id\":\"https:\/\/www.bagnoitalia.com\/fr#\/schema\/logo\/image\/\",\"url\":\"https:\/\/img.bagnoitalia.com\/wp-content\/uploads\/logo-bagnoitalia.webp\",\"contentUrl\":\"https:\/\/img.bagnoitalia.com\/wp-content\/uploads\/logo-bagnoitalia.webp\",\"width\":400,\"height\":70,\"caption\":\"Bagno Italia\"},\"image\":{\"@id\":\"https:\/\/www.bagnoitalia.com\/fr#\/schema\/logo\/image\/\"}}]}<\/script>\n<!-- \/ Yoast SEO plugin. -->","yoast_head_json":{"title":"Mobilier d'ext\u00e9rieur Cecilia pour 4 ou 5 personnes avec table canap\u00e9 et fauteuils en osier gris","description":"Ensemble de mobilier d'ext\u00e9rieur compos\u00e9 de 2 fauteuils, d'une table basse et d'un canap\u00e9 2 ou 3 places. Fabriqu\u00e9 en aluminium avec rev\u00eatement en osier et coussins pour l'assise et le dossier.","robots":{"index":"index","follow":"follow","max-snippet":"max-snippet:-1","max-image-preview":"max-image-preview:large","max-video-preview":"max-video-preview:-1"},"canonical":"https:\/\/www.bagnoitalia.com\/fr\/produit\/cecilia-outdoor-furniture-for-4-or-5-persons-with-grey-wicker-sofa-table-and-armchairs-2.html","og_locale":"fr_FR","og_type":"article","og_title":"Mobilier d'ext\u00e9rieur Cecilia pour 4 ou 5 personnes avec table canap\u00e9 et fauteuils en osier gris","og_description":"Ensemble de mobilier d'ext\u00e9rieur compos\u00e9 de 2 fauteuils, d'une table basse et d'un canap\u00e9 2 ou 3 places. Fabriqu\u00e9 en aluminium avec rev\u00eatement en osier et coussins pour l'assise et le dossier.","og_url":"https:\/\/www.bagnoitalia.com\/fr\/produit\/cecilia-outdoor-furniture-for-4-or-5-persons-with-grey-wicker-sofa-table-and-armchairs-2.html","og_site_name":"Bagno Italia","article_modified_time":"2025-12-03T13:14:20+00:00","og_image":[{"width":550,"height":550,"url":"https:\/\/img.bagnoitalia.com\/wp-content\/uploads\/virtuemart\/product\/set-vimini-arredo-esterno-moderno-grigio-poltrone-divano-1.jpg","type":"image\/jpeg"}],"twitter_card":"summary_large_image","twitter_misc":{"Dur\u00e9e de lecture estim\u00e9e":"1 minute"},"schema":{"@context":"https:\/\/schema.org","@graph":[{"@type":"WebPage","@id":"https:\/\/www.bagnoitalia.com\/fr\/produit\/cecilia-outdoor-furniture-for-4-or-5-persons-with-grey-wicker-sofa-table-and-armchairs-2.html","url":"https:\/\/www.bagnoitalia.com\/fr\/produit\/cecilia-outdoor-furniture-for-4-or-5-persons-with-grey-wicker-sofa-table-and-armchairs-2.html","name":"Mobilier d'ext\u00e9rieur Cecilia pour 4 ou 5 personnes avec table canap\u00e9 et fauteuils en osier gris","isPartOf":{"@id":"https:\/\/www.bagnoitalia.com\/fr#website"},"primaryImageOfPage":{"@id":"https:\/\/www.bagnoitalia.com\/fr\/produit\/cecilia-outdoor-furniture-for-4-or-5-persons-with-grey-wicker-sofa-table-and-armchairs-2.html#primaryimage"},"image":{"@id":"https:\/\/www.bagnoitalia.com\/fr\/produit\/cecilia-outdoor-furniture-for-4-or-5-persons-with-grey-wicker-sofa-table-and-armchairs-2.html#primaryimage"},"thumbnailUrl":"https:\/\/img.bagnoitalia.com\/wp-content\/uploads\/virtuemart\/product\/set-vimini-arredo-esterno-moderno-grigio-poltrone-divano-1.jpg","datePublished":"2024-03-05T14:37:46+00:00","dateModified":"2025-12-03T13:14:20+00:00","description":"Ensemble de mobilier d'ext\u00e9rieur compos\u00e9 de 2 fauteuils, d'une table basse et d'un canap\u00e9 2 ou 3 places. Fabriqu\u00e9 en aluminium avec rev\u00eatement en osier et coussins pour l'assise et le dossier.","breadcrumb":{"@id":"https:\/\/www.bagnoitalia.com\/fr\/produit\/cecilia-outdoor-furniture-for-4-or-5-persons-with-grey-wicker-sofa-table-and-armchairs-2.html#breadcrumb"},"inLanguage":"fr-FR","potentialAction":[{"@type":"ReadAction","target":["https:\/\/www.bagnoitalia.com\/fr\/produit\/cecilia-outdoor-furniture-for-4-or-5-persons-with-grey-wicker-sofa-table-and-armchairs-2.html"]}]},{"@type":"ImageObject","inLanguage":"fr-FR","@id":"https:\/\/www.bagnoitalia.com\/fr\/produit\/cecilia-outdoor-furniture-for-4-or-5-persons-with-grey-wicker-sofa-table-and-armchairs-2.html#primaryimage","url":"https:\/\/img.bagnoitalia.com\/wp-content\/uploads\/virtuemart\/product\/set-vimini-arredo-esterno-moderno-grigio-poltrone-divano-1.jpg","contentUrl":"https:\/\/img.bagnoitalia.com\/wp-content\/uploads\/virtuemart\/product\/set-vimini-arredo-esterno-moderno-grigio-poltrone-divano-1.jpg","width":550,"height":550},{"@type":"BreadcrumbList","@id":"https:\/\/www.bagnoitalia.com\/fr\/produit\/cecilia-outdoor-furniture-for-4-or-5-persons-with-grey-wicker-sofa-table-and-armchairs-2.html#breadcrumb","itemListElement":[{"@type":"ListItem","position":1,"name":"Home","item":"https:\/\/www.bagnoitalia.com\/fr"},{"@type":"ListItem","position":2,"name":"Produits","item":"https:\/\/www.bagnoitalia.com\/fr\/shop"},{"@type":"ListItem","position":3,"name":"Mobilier d&#8217;ext\u00e9rieur Cecilia pour 4 ou 5 personnes avec table canap\u00e9 et fauteuils en osier gris"}]},{"@type":"WebSite","@id":"https:\/\/www.bagnoitalia.com\/fr#website","url":"https:\/\/www.bagnoitalia.com\/fr","name":"Bagno Italia","description":"","publisher":{"@id":"https:\/\/www.bagnoitalia.com\/fr#organization"},"potentialAction":[{"@type":"SearchAction","target":{"@type":"EntryPoint","urlTemplate":"https:\/\/www.bagnoitalia.com\/fr?s={search_term_string}"},"query-input":{"@type":"PropertyValueSpecification","valueRequired":true,"valueName":"search_term_string"}}],"inLanguage":"fr-FR"},{"@type":"Organization","@id":"https:\/\/www.bagnoitalia.com\/fr#organization","name":"Bagno Italia","url":"https:\/\/www.bagnoitalia.com\/fr","logo":{"@type":"ImageObject","inLanguage":"fr-FR","@id":"https:\/\/www.bagnoitalia.com\/fr#\/schema\/logo\/image\/","url":"https:\/\/img.bagnoitalia.com\/wp-content\/uploads\/logo-bagnoitalia.webp","contentUrl":"https:\/\/img.bagnoitalia.com\/wp-content\/uploads\/logo-bagnoitalia.webp","width":400,"height":70,"caption":"Bagno Italia"},"image":{"@id":"https:\/\/www.bagnoitalia.com\/fr#\/schema\/logo\/image\/"}}]}},"_links":{"self":[{"href":"https:\/\/www.bagnoitalia.com\/fr\/wp-json\/wp\/v2\/product\/84189","targetHints":{"allow":["GET"]}}],"collection":[{"href":"https:\/\/www.bagnoitalia.com\/fr\/wp-json\/wp\/v2\/product"}],"about":[{"href":"https:\/\/www.bagnoitalia.com\/fr\/wp-json\/wp\/v2\/types\/product"}],"replies":[{"embeddable":true,"href":"https:\/\/www.bagnoitalia.com\/fr\/wp-json\/wp\/v2\/comments?post=84189"}],"version-history":[{"count":1,"href":"https:\/\/www.bagnoitalia.com\/fr\/wp-json\/wp\/v2\/product\/84189\/revisions"}],"predecessor-version":[{"id":87780,"href":"https:\/\/www.bagnoitalia.com\/fr\/wp-json\/wp\/v2\/product\/84189\/revisions\/87780"}],"wp:featuredmedia":[{"embeddable":true,"href":"https:\/\/www.bagnoitalia.com\/fr\/wp-json\/wp\/v2\/media\/73693"}],"wp:attachment":[{"href":"https:\/\/www.bagnoitalia.com\/fr\/wp-json\/wp\/v2\/media?parent=84189"}],"wp:term":[{"taxonomy":"product_brand","embeddable":true,"href":"https:\/\/www.bagnoitalia.com\/fr\/wp-json\/wp\/v2\/product_brand?post=84189"},{"taxonomy":"product_cat","embeddable":true,"href":"https:\/\/www.bagnoitalia.com\/fr\/wp-json\/wp\/v2\/product_cat?post=84189"},{"taxonomy":"product_tag","embeddable":true,"href":"https:\/\/www.bagnoitalia.com\/fr\/wp-json\/wp\/v2\/product_tag?post=84189"}],"curies":[{"name":"wp","href":"https:\/\/api.w.org\/{rel}","templated":true}]}}