{"id":84169,"date":"2024-03-01T16:25:04","date_gmt":"2024-03-01T15:25:04","guid":{"rendered":"https:\/\/www.bagnoitalia.com\/product\/marianna-wicker-outdoor-furniture-set-sofa-and-coffee-table-in-two-colours-2"},"modified":"2025-07-18T15:44:38","modified_gmt":"2025-07-18T13:44:38","slug":"marianna-wicker-outdoor-furniture-set-sofa-and-coffee-table-in-two-colours-2","status":"publish","type":"product","link":"https:\/\/www.bagnoitalia.com\/fr\/produit\/marianna-wicker-outdoor-furniture-set-sofa-and-coffee-table-in-two-colours-2.html","title":{"rendered":"Ensemble de meubles d&rsquo;ext\u00e9rieur en osier Marianna canap\u00e9 et table basse en deux couleurs"},"content":{"rendered":"<p>ENSEMBLE D&rsquo;EXT\u00c9RIEUR EN OSIER \u00ab\u00a0MARIANNA<\/p>\n<p>&nbsp;<\/p>\n<p>&nbsp;<\/p>\n<p>INCLUS DANS LE PRIX<\/p>\n<p>n. 1 canap\u00e9 deux places<\/p>\n<p>n. 1 table basse ronde avec compartiment de rangement<\/p>\n<p>n. 2 Fauteuils avec accoudoirs<\/p>\n<p>Coussins d&rsquo;assise et de dossier<\/p>\n<p>DIMENSIONS<\/p>\n<p>Canap\u00e9 \u00e0 partir de <span data-teams=\"true\">112xP58xH79 \u00a0<\/span>cm<\/p>\n<p>Fauteuils \u00e0 partir de <span data-teams=\"true\">58xP70xH79 \u00a0 <\/span>cm<\/p>\n<p>Table <span data-teams=\"true\">60x56x56<\/span><\/p>\n<p>PLUS DE D\u00c9TAILS<\/p>\n<p>Mobilier pour jardins, terrasses et tout type d&rsquo;environnement ext\u00e9rieur<\/p>\n<p>Convient pour 4 personnes<\/p>\n<p>Structure en osier<\/p>\n<p>Disponible en deux couleurs : Blanc o Marron clair<\/p>\n<p>Coussins en coton<\/p>\n<p>&nbsp;<\/p>\n<p>&nbsp;<\/p>\n<p>&nbsp;<\/p>\n<p>&nbsp;<\/p>\n<p>&nbsp;<\/p>\n<p>&nbsp;<\/p>\n<p>&nbsp;<\/p>\n<p>&nbsp;<\/p>\n<p>&nbsp;<\/p>\n<p>&nbsp;<\/p>\n<p>&nbsp;<\/p>\n<p>&nbsp;<\/p>\n<p>&nbsp;<\/p>\n<p>&nbsp;<\/p>\n<p>&nbsp;<\/p>\n<p>&nbsp;<\/p>\n<p>&nbsp;<\/p>\n<p><span data-teams=\"true\">WI806949-BIAN<br \/>\nWI806948-MIEL<\/span><\/p>\n<p>&nbsp;<\/p>\n","protected":false},"excerpt":{"rendered":"<p>\u00c9l\u00e9gant salon de jardin compos\u00e9 d&rsquo;un canap\u00e9 2 places, de 2 chaises avec accoudoirs et d&rsquo;une petite table. Structure en osier disponible en Blanc o Marron clair, avec coussins en coton.<\/p>\n","protected":false},"featured_media":107595,"comment_status":"open","ping_status":"closed","template":"","meta":[],"product_brand":[9879],"product_cat":[10012,10027,9783],"product_tag":[],"class_list":{"0":"post-84169","1":"product","2":"type-product","3":"status-publish","4":"has-post-thumbnail","6":"product_brand-vari-produttori-fr","7":"product_cat-canapes-dexterieur","8":"product_cat-tables-avec-chaises","9":"product_cat-mobilier-d-39-exterieur","11":"first","12":"instock","13":"sale","14":"taxable","15":"shipping-taxable","16":"purchasable","17":"product-type-simple"},"exclude_global_add_ons":false,"addons":[{"name":"Couleur","type":"multiple_choice","position":0,"required":true,"title_format":"heading","default":"","description_enable":false,"description":"","placeholder_enable":false,"placeholder":"","display":"select","restrictions_type":"any_text","adjust_price":false,"price":"","price_type":"flat_fee","restrictions":false,"min":"0","max":"0","options":[{"label":"Blanc","price":"","price_type":"quantity_based","image":0,"visibility":true},{"label":"Marron clair","price":"","price_type":"quantity_based","image":0,"visibility":true}],"id":1717517498}],"yoast_head":"<!-- This site is optimized with the Yoast SEO plugin v26.7 - https:\/\/yoast.com\/wordpress\/plugins\/seo\/ -->\n<title>Ensemble de meubles d&#039;ext\u00e9rieur en osier Marianna canap\u00e9 et table basse en deux couleurs<\/title>\n<meta name=\"description\" content=\"\u00c9l\u00e9gant salon de jardin compos\u00e9 d&#039;un canap\u00e9 2 places, de 2 chaises avec accoudoirs et d&#039;une petite table. Structure en osier disponible en miel ou marron, avec coussins en coton de couleur \u00e9cru.\" \/>\n<meta name=\"robots\" content=\"index, follow, max-snippet:-1, max-image-preview:large, max-video-preview:-1\" \/>\n<link rel=\"canonical\" href=\"https:\/\/www.bagnoitalia.com\/fr\/produit\/marianna-wicker-outdoor-furniture-set-sofa-and-coffee-table-in-two-colours-2.html\" \/>\n<meta property=\"og:locale\" content=\"fr_FR\" \/>\n<meta property=\"og:type\" content=\"article\" \/>\n<meta property=\"og:title\" content=\"Ensemble de meubles d&#039;ext\u00e9rieur en osier Marianna canap\u00e9 et table basse en deux couleurs\" \/>\n<meta property=\"og:description\" content=\"\u00c9l\u00e9gant salon de jardin compos\u00e9 d&#039;un canap\u00e9 2 places, de 2 chaises avec accoudoirs et d&#039;une petite table. Structure en osier disponible en miel ou marron, avec coussins en coton de couleur \u00e9cru.\" \/>\n<meta property=\"og:url\" content=\"https:\/\/www.bagnoitalia.com\/fr\/produit\/marianna-wicker-outdoor-furniture-set-sofa-and-coffee-table-in-two-colours-2.html\" \/>\n<meta property=\"og:site_name\" content=\"Bagno Italia\" \/>\n<meta property=\"article:modified_time\" content=\"2025-07-18T13:44:38+00:00\" \/>\n<meta property=\"og:image\" content=\"https:\/\/img.bagnoitalia.com\/wp-content\/uploads\/salotto00258.jpg\" \/>\n\t<meta property=\"og:image:width\" content=\"1067\" \/>\n\t<meta property=\"og:image:height\" content=\"1071\" \/>\n\t<meta property=\"og:image:type\" content=\"image\/jpeg\" \/>\n<meta name=\"twitter:card\" content=\"summary_large_image\" \/>\n<meta name=\"twitter:label1\" content=\"Dur\u00e9e de lecture estim\u00e9e\" \/>\n\t<meta name=\"twitter:data1\" content=\"1 minute\" \/>\n<script type=\"application\/ld+json\" class=\"yoast-schema-graph\">{\"@context\":\"https:\/\/schema.org\",\"@graph\":[{\"@type\":\"WebPage\",\"@id\":\"https:\/\/www.bagnoitalia.com\/fr\/produit\/marianna-wicker-outdoor-furniture-set-sofa-and-coffee-table-in-two-colours-2.html\",\"url\":\"https:\/\/www.bagnoitalia.com\/fr\/produit\/marianna-wicker-outdoor-furniture-set-sofa-and-coffee-table-in-two-colours-2.html\",\"name\":\"Ensemble de meubles d'ext\u00e9rieur en osier Marianna canap\u00e9 et table basse en deux couleurs\",\"isPartOf\":{\"@id\":\"https:\/\/www.bagnoitalia.com\/fr#website\"},\"primaryImageOfPage\":{\"@id\":\"https:\/\/www.bagnoitalia.com\/fr\/produit\/marianna-wicker-outdoor-furniture-set-sofa-and-coffee-table-in-two-colours-2.html#primaryimage\"},\"image\":{\"@id\":\"https:\/\/www.bagnoitalia.com\/fr\/produit\/marianna-wicker-outdoor-furniture-set-sofa-and-coffee-table-in-two-colours-2.html#primaryimage\"},\"thumbnailUrl\":\"https:\/\/img.bagnoitalia.com\/wp-content\/uploads\/salotto00258.jpg\",\"datePublished\":\"2024-03-01T15:25:04+00:00\",\"dateModified\":\"2025-07-18T13:44:38+00:00\",\"description\":\"\u00c9l\u00e9gant salon de jardin compos\u00e9 d'un canap\u00e9 2 places, de 2 chaises avec accoudoirs et d'une petite table. Structure en osier disponible en miel ou marron, avec coussins en coton de couleur \u00e9cru.\",\"breadcrumb\":{\"@id\":\"https:\/\/www.bagnoitalia.com\/fr\/produit\/marianna-wicker-outdoor-furniture-set-sofa-and-coffee-table-in-two-colours-2.html#breadcrumb\"},\"inLanguage\":\"fr-FR\",\"potentialAction\":[{\"@type\":\"ReadAction\",\"target\":[\"https:\/\/www.bagnoitalia.com\/fr\/produit\/marianna-wicker-outdoor-furniture-set-sofa-and-coffee-table-in-two-colours-2.html\"]}]},{\"@type\":\"ImageObject\",\"inLanguage\":\"fr-FR\",\"@id\":\"https:\/\/www.bagnoitalia.com\/fr\/produit\/marianna-wicker-outdoor-furniture-set-sofa-and-coffee-table-in-two-colours-2.html#primaryimage\",\"url\":\"https:\/\/img.bagnoitalia.com\/wp-content\/uploads\/salotto00258.jpg\",\"contentUrl\":\"https:\/\/img.bagnoitalia.com\/wp-content\/uploads\/salotto00258.jpg\",\"width\":1067,\"height\":1071},{\"@type\":\"BreadcrumbList\",\"@id\":\"https:\/\/www.bagnoitalia.com\/fr\/produit\/marianna-wicker-outdoor-furniture-set-sofa-and-coffee-table-in-two-colours-2.html#breadcrumb\",\"itemListElement\":[{\"@type\":\"ListItem\",\"position\":1,\"name\":\"Home\",\"item\":\"https:\/\/www.bagnoitalia.com\/fr\"},{\"@type\":\"ListItem\",\"position\":2,\"name\":\"Produits\",\"item\":\"https:\/\/www.bagnoitalia.com\/fr\/shop\"},{\"@type\":\"ListItem\",\"position\":3,\"name\":\"Ensemble de meubles d&#8217;ext\u00e9rieur en osier Marianna canap\u00e9 et table basse en deux couleurs\"}]},{\"@type\":\"WebSite\",\"@id\":\"https:\/\/www.bagnoitalia.com\/fr#website\",\"url\":\"https:\/\/www.bagnoitalia.com\/fr\",\"name\":\"Bagno Italia\",\"description\":\"\",\"publisher\":{\"@id\":\"https:\/\/www.bagnoitalia.com\/fr#organization\"},\"potentialAction\":[{\"@type\":\"SearchAction\",\"target\":{\"@type\":\"EntryPoint\",\"urlTemplate\":\"https:\/\/www.bagnoitalia.com\/fr?s={search_term_string}\"},\"query-input\":{\"@type\":\"PropertyValueSpecification\",\"valueRequired\":true,\"valueName\":\"search_term_string\"}}],\"inLanguage\":\"fr-FR\"},{\"@type\":\"Organization\",\"@id\":\"https:\/\/www.bagnoitalia.com\/fr#organization\",\"name\":\"Bagno Italia\",\"url\":\"https:\/\/www.bagnoitalia.com\/fr\",\"logo\":{\"@type\":\"ImageObject\",\"inLanguage\":\"fr-FR\",\"@id\":\"https:\/\/www.bagnoitalia.com\/fr#\/schema\/logo\/image\/\",\"url\":\"https:\/\/img.bagnoitalia.com\/wp-content\/uploads\/logo-bagnoitalia.webp\",\"contentUrl\":\"https:\/\/img.bagnoitalia.com\/wp-content\/uploads\/logo-bagnoitalia.webp\",\"width\":400,\"height\":70,\"caption\":\"Bagno Italia\"},\"image\":{\"@id\":\"https:\/\/www.bagnoitalia.com\/fr#\/schema\/logo\/image\/\"}}]}<\/script>\n<!-- \/ Yoast SEO plugin. -->","yoast_head_json":{"title":"Ensemble de meubles d'ext\u00e9rieur en osier Marianna canap\u00e9 et table basse en deux couleurs","description":"\u00c9l\u00e9gant salon de jardin compos\u00e9 d'un canap\u00e9 2 places, de 2 chaises avec accoudoirs et d'une petite table. Structure en osier disponible en miel ou marron, avec coussins en coton de couleur \u00e9cru.","robots":{"index":"index","follow":"follow","max-snippet":"max-snippet:-1","max-image-preview":"max-image-preview:large","max-video-preview":"max-video-preview:-1"},"canonical":"https:\/\/www.bagnoitalia.com\/fr\/produit\/marianna-wicker-outdoor-furniture-set-sofa-and-coffee-table-in-two-colours-2.html","og_locale":"fr_FR","og_type":"article","og_title":"Ensemble de meubles d'ext\u00e9rieur en osier Marianna canap\u00e9 et table basse en deux couleurs","og_description":"\u00c9l\u00e9gant salon de jardin compos\u00e9 d'un canap\u00e9 2 places, de 2 chaises avec accoudoirs et d'une petite table. Structure en osier disponible en miel ou marron, avec coussins en coton de couleur \u00e9cru.","og_url":"https:\/\/www.bagnoitalia.com\/fr\/produit\/marianna-wicker-outdoor-furniture-set-sofa-and-coffee-table-in-two-colours-2.html","og_site_name":"Bagno Italia","article_modified_time":"2025-07-18T13:44:38+00:00","og_image":[{"width":1067,"height":1071,"url":"https:\/\/img.bagnoitalia.com\/wp-content\/uploads\/salotto00258.jpg","type":"image\/jpeg"}],"twitter_card":"summary_large_image","twitter_misc":{"Dur\u00e9e de lecture estim\u00e9e":"1 minute"},"schema":{"@context":"https:\/\/schema.org","@graph":[{"@type":"WebPage","@id":"https:\/\/www.bagnoitalia.com\/fr\/produit\/marianna-wicker-outdoor-furniture-set-sofa-and-coffee-table-in-two-colours-2.html","url":"https:\/\/www.bagnoitalia.com\/fr\/produit\/marianna-wicker-outdoor-furniture-set-sofa-and-coffee-table-in-two-colours-2.html","name":"Ensemble de meubles d'ext\u00e9rieur en osier Marianna canap\u00e9 et table basse en deux couleurs","isPartOf":{"@id":"https:\/\/www.bagnoitalia.com\/fr#website"},"primaryImageOfPage":{"@id":"https:\/\/www.bagnoitalia.com\/fr\/produit\/marianna-wicker-outdoor-furniture-set-sofa-and-coffee-table-in-two-colours-2.html#primaryimage"},"image":{"@id":"https:\/\/www.bagnoitalia.com\/fr\/produit\/marianna-wicker-outdoor-furniture-set-sofa-and-coffee-table-in-two-colours-2.html#primaryimage"},"thumbnailUrl":"https:\/\/img.bagnoitalia.com\/wp-content\/uploads\/salotto00258.jpg","datePublished":"2024-03-01T15:25:04+00:00","dateModified":"2025-07-18T13:44:38+00:00","description":"\u00c9l\u00e9gant salon de jardin compos\u00e9 d'un canap\u00e9 2 places, de 2 chaises avec accoudoirs et d'une petite table. Structure en osier disponible en miel ou marron, avec coussins en coton de couleur \u00e9cru.","breadcrumb":{"@id":"https:\/\/www.bagnoitalia.com\/fr\/produit\/marianna-wicker-outdoor-furniture-set-sofa-and-coffee-table-in-two-colours-2.html#breadcrumb"},"inLanguage":"fr-FR","potentialAction":[{"@type":"ReadAction","target":["https:\/\/www.bagnoitalia.com\/fr\/produit\/marianna-wicker-outdoor-furniture-set-sofa-and-coffee-table-in-two-colours-2.html"]}]},{"@type":"ImageObject","inLanguage":"fr-FR","@id":"https:\/\/www.bagnoitalia.com\/fr\/produit\/marianna-wicker-outdoor-furniture-set-sofa-and-coffee-table-in-two-colours-2.html#primaryimage","url":"https:\/\/img.bagnoitalia.com\/wp-content\/uploads\/salotto00258.jpg","contentUrl":"https:\/\/img.bagnoitalia.com\/wp-content\/uploads\/salotto00258.jpg","width":1067,"height":1071},{"@type":"BreadcrumbList","@id":"https:\/\/www.bagnoitalia.com\/fr\/produit\/marianna-wicker-outdoor-furniture-set-sofa-and-coffee-table-in-two-colours-2.html#breadcrumb","itemListElement":[{"@type":"ListItem","position":1,"name":"Home","item":"https:\/\/www.bagnoitalia.com\/fr"},{"@type":"ListItem","position":2,"name":"Produits","item":"https:\/\/www.bagnoitalia.com\/fr\/shop"},{"@type":"ListItem","position":3,"name":"Ensemble de meubles d&#8217;ext\u00e9rieur en osier Marianna canap\u00e9 et table basse en deux couleurs"}]},{"@type":"WebSite","@id":"https:\/\/www.bagnoitalia.com\/fr#website","url":"https:\/\/www.bagnoitalia.com\/fr","name":"Bagno Italia","description":"","publisher":{"@id":"https:\/\/www.bagnoitalia.com\/fr#organization"},"potentialAction":[{"@type":"SearchAction","target":{"@type":"EntryPoint","urlTemplate":"https:\/\/www.bagnoitalia.com\/fr?s={search_term_string}"},"query-input":{"@type":"PropertyValueSpecification","valueRequired":true,"valueName":"search_term_string"}}],"inLanguage":"fr-FR"},{"@type":"Organization","@id":"https:\/\/www.bagnoitalia.com\/fr#organization","name":"Bagno Italia","url":"https:\/\/www.bagnoitalia.com\/fr","logo":{"@type":"ImageObject","inLanguage":"fr-FR","@id":"https:\/\/www.bagnoitalia.com\/fr#\/schema\/logo\/image\/","url":"https:\/\/img.bagnoitalia.com\/wp-content\/uploads\/logo-bagnoitalia.webp","contentUrl":"https:\/\/img.bagnoitalia.com\/wp-content\/uploads\/logo-bagnoitalia.webp","width":400,"height":70,"caption":"Bagno Italia"},"image":{"@id":"https:\/\/www.bagnoitalia.com\/fr#\/schema\/logo\/image\/"}}]}},"_links":{"self":[{"href":"https:\/\/www.bagnoitalia.com\/fr\/wp-json\/wp\/v2\/product\/84169","targetHints":{"allow":["GET"]}}],"collection":[{"href":"https:\/\/www.bagnoitalia.com\/fr\/wp-json\/wp\/v2\/product"}],"about":[{"href":"https:\/\/www.bagnoitalia.com\/fr\/wp-json\/wp\/v2\/types\/product"}],"replies":[{"embeddable":true,"href":"https:\/\/www.bagnoitalia.com\/fr\/wp-json\/wp\/v2\/comments?post=84169"}],"version-history":[{"count":5,"href":"https:\/\/www.bagnoitalia.com\/fr\/wp-json\/wp\/v2\/product\/84169\/revisions"}],"predecessor-version":[{"id":109542,"href":"https:\/\/www.bagnoitalia.com\/fr\/wp-json\/wp\/v2\/product\/84169\/revisions\/109542"}],"wp:featuredmedia":[{"embeddable":true,"href":"https:\/\/www.bagnoitalia.com\/fr\/wp-json\/wp\/v2\/media\/107595"}],"wp:attachment":[{"href":"https:\/\/www.bagnoitalia.com\/fr\/wp-json\/wp\/v2\/media?parent=84169"}],"wp:term":[{"taxonomy":"product_brand","embeddable":true,"href":"https:\/\/www.bagnoitalia.com\/fr\/wp-json\/wp\/v2\/product_brand?post=84169"},{"taxonomy":"product_cat","embeddable":true,"href":"https:\/\/www.bagnoitalia.com\/fr\/wp-json\/wp\/v2\/product_cat?post=84169"},{"taxonomy":"product_tag","embeddable":true,"href":"https:\/\/www.bagnoitalia.com\/fr\/wp-json\/wp\/v2\/product_tag?post=84169"}],"curies":[{"name":"wp","href":"https:\/\/api.w.org\/{rel}","templated":true}]}}