{"id":84153,"date":"2024-02-29T15:03:19","date_gmt":"2024-02-29T14:03:19","guid":{"rendered":"https:\/\/www.bagnoitalia.com\/product\/infrared-radiant-floor-standing-heating-lamp-with-reflective-eyelid-and-switch-off-timer-re02-2"},"modified":"2024-02-29T15:03:19","modified_gmt":"2024-02-29T14:03:19","slug":"infrared-radiant-floor-standing-heating-lamp-with-reflective-eyelid-and-switch-off-timer-re02-2","status":"publish","type":"product","link":"https:\/\/www.bagnoitalia.com\/fr\/produit\/infrared-radiant-floor-standing-heating-lamp-with-reflective-eyelid-and-switch-off-timer-re02-2.html","title":{"rendered":"Lampe chauffante infrarouge sur pied avec paupi\u00e8re r\u00e9fl\u00e9chissante et minuterie d&rsquo;extinction RE02"},"content":{"rendered":"<p>CHAUFFAGE DE SOL INFRAROUGE &lsquo;RE002<\/p>\n<p>&nbsp;<\/p>\n<p>&nbsp;<\/p>\n<p>D\u00c9TAILS DU PRODUIT<\/p>\n<p>Chauffage \u00e9lectrique 60xH218 cm, utilisable \u00e0 l&rsquo;ext\u00e9rieur<\/p>\n<p>bande infrarouge &lsquo;A&rsquo; (ondes courtes)<\/p>\n<p>r\u00e9glable<\/p>\n<p>lampadaire avec base de 60 cm de diam\u00e8tre<\/p>\n<p>lampe avec grille de protection et paupi\u00e8re r\u00e9fl\u00e9chissante<\/p>\n<p>T\u00e9l\u00e9commande incluse<\/p>\n<p>Minuterie d&rsquo;extinction (1 \u00e0 13 heures)<\/p>\n<p>Consommation totale : 2 kW<\/p>\n<p>structure en acier et aluminium<\/p>\n","protected":false},"excerpt":{"rendered":"<p>Appareil de chauffage au sol pour le chauffage des locaux, adapt\u00e9 \u00e0 une utilisation en ext\u00e9rieur. Infrarouge de bande &lsquo;A&rsquo; avec une consommation totale de 2kW<\/p>\n","protected":false},"featured_media":73325,"comment_status":"open","ping_status":"closed","template":"","meta":[],"product_brand":[5004],"product_cat":[9982],"product_tag":[],"class_list":{"0":"post-84153","1":"product","2":"type-product","3":"status-publish","4":"has-post-thumbnail","6":"product_brand-vari-produttori","7":"product_cat-chauffage-infrarouge","9":"first","10":"instock","11":"sale","12":"taxable","13":"shipping-taxable","14":"purchasable","15":"product-type-simple"},"exclude_global_add_ons":[],"addons":[],"yoast_head":"<!-- This site is optimized with the Yoast SEO plugin v26.7 - https:\/\/yoast.com\/wordpress\/plugins\/seo\/ -->\n<title>Lampe chauffante infrarouge sur pied avec paupi\u00e8re r\u00e9fl\u00e9chissante et minuterie d&#039;extinction RE02<\/title>\n<meta name=\"description\" content=\"Appareil de chauffage au sol pour le chauffage des locaux, adapt\u00e9 \u00e0 une utilisation en ext\u00e9rieur. Infrarouge de bande &#039;A&#039; avec une consommation totale de 2kW\" \/>\n<meta name=\"robots\" content=\"index, follow, max-snippet:-1, max-image-preview:large, max-video-preview:-1\" \/>\n<link rel=\"canonical\" href=\"https:\/\/www.bagnoitalia.com\/fr\/produit\/infrared-radiant-floor-standing-heating-lamp-with-reflective-eyelid-and-switch-off-timer-re02-2.html\" \/>\n<meta property=\"og:locale\" content=\"fr_FR\" \/>\n<meta property=\"og:type\" content=\"article\" \/>\n<meta property=\"og:title\" content=\"Lampe chauffante infrarouge sur pied avec paupi\u00e8re r\u00e9fl\u00e9chissante et minuterie d&#039;extinction RE02\" \/>\n<meta property=\"og:description\" content=\"Appareil de chauffage au sol pour le chauffage des locaux, adapt\u00e9 \u00e0 une utilisation en ext\u00e9rieur. Infrarouge de bande &#039;A&#039; avec une consommation totale de 2kW\" \/>\n<meta property=\"og:url\" content=\"https:\/\/www.bagnoitalia.com\/fr\/produit\/infrared-radiant-floor-standing-heating-lamp-with-reflective-eyelid-and-switch-off-timer-re02-2.html\" \/>\n<meta property=\"og:site_name\" content=\"Bagno Italia\" \/>\n<meta property=\"og:image\" content=\"https:\/\/img.bagnoitalia.com\/wp-content\/uploads\/virtuemart\/product\/stufa-infrarossi-riscaldante-esterno-lampada-radiante-1.jpg\" \/>\n\t<meta property=\"og:image:width\" content=\"550\" \/>\n\t<meta property=\"og:image:height\" content=\"550\" \/>\n\t<meta property=\"og:image:type\" content=\"image\/jpeg\" \/>\n<meta name=\"twitter:card\" content=\"summary_large_image\" \/>\n<script type=\"application\/ld+json\" class=\"yoast-schema-graph\">{\"@context\":\"https:\/\/schema.org\",\"@graph\":[{\"@type\":\"WebPage\",\"@id\":\"https:\/\/www.bagnoitalia.com\/fr\/produit\/infrared-radiant-floor-standing-heating-lamp-with-reflective-eyelid-and-switch-off-timer-re02-2.html\",\"url\":\"https:\/\/www.bagnoitalia.com\/fr\/produit\/infrared-radiant-floor-standing-heating-lamp-with-reflective-eyelid-and-switch-off-timer-re02-2.html\",\"name\":\"Lampe chauffante infrarouge sur pied avec paupi\u00e8re r\u00e9fl\u00e9chissante et minuterie d'extinction RE02\",\"isPartOf\":{\"@id\":\"https:\/\/www.bagnoitalia.com\/fr#website\"},\"primaryImageOfPage\":{\"@id\":\"https:\/\/www.bagnoitalia.com\/fr\/produit\/infrared-radiant-floor-standing-heating-lamp-with-reflective-eyelid-and-switch-off-timer-re02-2.html#primaryimage\"},\"image\":{\"@id\":\"https:\/\/www.bagnoitalia.com\/fr\/produit\/infrared-radiant-floor-standing-heating-lamp-with-reflective-eyelid-and-switch-off-timer-re02-2.html#primaryimage\"},\"thumbnailUrl\":\"https:\/\/img.bagnoitalia.com\/wp-content\/uploads\/virtuemart\/product\/stufa-infrarossi-riscaldante-esterno-lampada-radiante-1.jpg\",\"datePublished\":\"2024-02-29T14:03:19+00:00\",\"description\":\"Appareil de chauffage au sol pour le chauffage des locaux, adapt\u00e9 \u00e0 une utilisation en ext\u00e9rieur. Infrarouge de bande &#39;A&#39; avec une consommation totale de 2kW\",\"breadcrumb\":{\"@id\":\"https:\/\/www.bagnoitalia.com\/fr\/produit\/infrared-radiant-floor-standing-heating-lamp-with-reflective-eyelid-and-switch-off-timer-re02-2.html#breadcrumb\"},\"inLanguage\":\"fr-FR\",\"potentialAction\":[{\"@type\":\"ReadAction\",\"target\":[\"https:\/\/www.bagnoitalia.com\/fr\/produit\/infrared-radiant-floor-standing-heating-lamp-with-reflective-eyelid-and-switch-off-timer-re02-2.html\"]}]},{\"@type\":\"ImageObject\",\"inLanguage\":\"fr-FR\",\"@id\":\"https:\/\/www.bagnoitalia.com\/fr\/produit\/infrared-radiant-floor-standing-heating-lamp-with-reflective-eyelid-and-switch-off-timer-re02-2.html#primaryimage\",\"url\":\"https:\/\/img.bagnoitalia.com\/wp-content\/uploads\/virtuemart\/product\/stufa-infrarossi-riscaldante-esterno-lampada-radiante-1.jpg\",\"contentUrl\":\"https:\/\/img.bagnoitalia.com\/wp-content\/uploads\/virtuemart\/product\/stufa-infrarossi-riscaldante-esterno-lampada-radiante-1.jpg\",\"width\":550,\"height\":550},{\"@type\":\"BreadcrumbList\",\"@id\":\"https:\/\/www.bagnoitalia.com\/fr\/produit\/infrared-radiant-floor-standing-heating-lamp-with-reflective-eyelid-and-switch-off-timer-re02-2.html#breadcrumb\",\"itemListElement\":[{\"@type\":\"ListItem\",\"position\":1,\"name\":\"Home\",\"item\":\"https:\/\/www.bagnoitalia.com\/fr\"},{\"@type\":\"ListItem\",\"position\":2,\"name\":\"Produits\",\"item\":\"https:\/\/www.bagnoitalia.com\/fr\/shop\"},{\"@type\":\"ListItem\",\"position\":3,\"name\":\"Lampe chauffante infrarouge sur pied avec paupi\u00e8re r\u00e9fl\u00e9chissante et minuterie d&#8217;extinction RE02\"}]},{\"@type\":\"WebSite\",\"@id\":\"https:\/\/www.bagnoitalia.com\/fr#website\",\"url\":\"https:\/\/www.bagnoitalia.com\/fr\",\"name\":\"Bagno Italia\",\"description\":\"\",\"publisher\":{\"@id\":\"https:\/\/www.bagnoitalia.com\/fr#organization\"},\"potentialAction\":[{\"@type\":\"SearchAction\",\"target\":{\"@type\":\"EntryPoint\",\"urlTemplate\":\"https:\/\/www.bagnoitalia.com\/fr?s={search_term_string}\"},\"query-input\":{\"@type\":\"PropertyValueSpecification\",\"valueRequired\":true,\"valueName\":\"search_term_string\"}}],\"inLanguage\":\"fr-FR\"},{\"@type\":\"Organization\",\"@id\":\"https:\/\/www.bagnoitalia.com\/fr#organization\",\"name\":\"Bagno Italia\",\"url\":\"https:\/\/www.bagnoitalia.com\/fr\",\"logo\":{\"@type\":\"ImageObject\",\"inLanguage\":\"fr-FR\",\"@id\":\"https:\/\/www.bagnoitalia.com\/fr#\/schema\/logo\/image\/\",\"url\":\"https:\/\/img.bagnoitalia.com\/wp-content\/uploads\/logo-bagnoitalia.webp\",\"contentUrl\":\"https:\/\/img.bagnoitalia.com\/wp-content\/uploads\/logo-bagnoitalia.webp\",\"width\":400,\"height\":70,\"caption\":\"Bagno Italia\"},\"image\":{\"@id\":\"https:\/\/www.bagnoitalia.com\/fr#\/schema\/logo\/image\/\"}}]}<\/script>\n<!-- \/ Yoast SEO plugin. -->","yoast_head_json":{"title":"Lampe chauffante infrarouge sur pied avec paupi\u00e8re r\u00e9fl\u00e9chissante et minuterie d'extinction RE02","description":"Appareil de chauffage au sol pour le chauffage des locaux, adapt\u00e9 \u00e0 une utilisation en ext\u00e9rieur. Infrarouge de bande &#39;A&#39; avec une consommation totale de 2kW","robots":{"index":"index","follow":"follow","max-snippet":"max-snippet:-1","max-image-preview":"max-image-preview:large","max-video-preview":"max-video-preview:-1"},"canonical":"https:\/\/www.bagnoitalia.com\/fr\/produit\/infrared-radiant-floor-standing-heating-lamp-with-reflective-eyelid-and-switch-off-timer-re02-2.html","og_locale":"fr_FR","og_type":"article","og_title":"Lampe chauffante infrarouge sur pied avec paupi\u00e8re r\u00e9fl\u00e9chissante et minuterie d'extinction RE02","og_description":"Appareil de chauffage au sol pour le chauffage des locaux, adapt\u00e9 \u00e0 une utilisation en ext\u00e9rieur. Infrarouge de bande &#39;A&#39; avec une consommation totale de 2kW","og_url":"https:\/\/www.bagnoitalia.com\/fr\/produit\/infrared-radiant-floor-standing-heating-lamp-with-reflective-eyelid-and-switch-off-timer-re02-2.html","og_site_name":"Bagno Italia","og_image":[{"width":550,"height":550,"url":"https:\/\/img.bagnoitalia.com\/wp-content\/uploads\/virtuemart\/product\/stufa-infrarossi-riscaldante-esterno-lampada-radiante-1.jpg","type":"image\/jpeg"}],"twitter_card":"summary_large_image","schema":{"@context":"https:\/\/schema.org","@graph":[{"@type":"WebPage","@id":"https:\/\/www.bagnoitalia.com\/fr\/produit\/infrared-radiant-floor-standing-heating-lamp-with-reflective-eyelid-and-switch-off-timer-re02-2.html","url":"https:\/\/www.bagnoitalia.com\/fr\/produit\/infrared-radiant-floor-standing-heating-lamp-with-reflective-eyelid-and-switch-off-timer-re02-2.html","name":"Lampe chauffante infrarouge sur pied avec paupi\u00e8re r\u00e9fl\u00e9chissante et minuterie d'extinction RE02","isPartOf":{"@id":"https:\/\/www.bagnoitalia.com\/fr#website"},"primaryImageOfPage":{"@id":"https:\/\/www.bagnoitalia.com\/fr\/produit\/infrared-radiant-floor-standing-heating-lamp-with-reflective-eyelid-and-switch-off-timer-re02-2.html#primaryimage"},"image":{"@id":"https:\/\/www.bagnoitalia.com\/fr\/produit\/infrared-radiant-floor-standing-heating-lamp-with-reflective-eyelid-and-switch-off-timer-re02-2.html#primaryimage"},"thumbnailUrl":"https:\/\/img.bagnoitalia.com\/wp-content\/uploads\/virtuemart\/product\/stufa-infrarossi-riscaldante-esterno-lampada-radiante-1.jpg","datePublished":"2024-02-29T14:03:19+00:00","description":"Appareil de chauffage au sol pour le chauffage des locaux, adapt\u00e9 \u00e0 une utilisation en ext\u00e9rieur. Infrarouge de bande &#39;A&#39; avec une consommation totale de 2kW","breadcrumb":{"@id":"https:\/\/www.bagnoitalia.com\/fr\/produit\/infrared-radiant-floor-standing-heating-lamp-with-reflective-eyelid-and-switch-off-timer-re02-2.html#breadcrumb"},"inLanguage":"fr-FR","potentialAction":[{"@type":"ReadAction","target":["https:\/\/www.bagnoitalia.com\/fr\/produit\/infrared-radiant-floor-standing-heating-lamp-with-reflective-eyelid-and-switch-off-timer-re02-2.html"]}]},{"@type":"ImageObject","inLanguage":"fr-FR","@id":"https:\/\/www.bagnoitalia.com\/fr\/produit\/infrared-radiant-floor-standing-heating-lamp-with-reflective-eyelid-and-switch-off-timer-re02-2.html#primaryimage","url":"https:\/\/img.bagnoitalia.com\/wp-content\/uploads\/virtuemart\/product\/stufa-infrarossi-riscaldante-esterno-lampada-radiante-1.jpg","contentUrl":"https:\/\/img.bagnoitalia.com\/wp-content\/uploads\/virtuemart\/product\/stufa-infrarossi-riscaldante-esterno-lampada-radiante-1.jpg","width":550,"height":550},{"@type":"BreadcrumbList","@id":"https:\/\/www.bagnoitalia.com\/fr\/produit\/infrared-radiant-floor-standing-heating-lamp-with-reflective-eyelid-and-switch-off-timer-re02-2.html#breadcrumb","itemListElement":[{"@type":"ListItem","position":1,"name":"Home","item":"https:\/\/www.bagnoitalia.com\/fr"},{"@type":"ListItem","position":2,"name":"Produits","item":"https:\/\/www.bagnoitalia.com\/fr\/shop"},{"@type":"ListItem","position":3,"name":"Lampe chauffante infrarouge sur pied avec paupi\u00e8re r\u00e9fl\u00e9chissante et minuterie d&#8217;extinction RE02"}]},{"@type":"WebSite","@id":"https:\/\/www.bagnoitalia.com\/fr#website","url":"https:\/\/www.bagnoitalia.com\/fr","name":"Bagno Italia","description":"","publisher":{"@id":"https:\/\/www.bagnoitalia.com\/fr#organization"},"potentialAction":[{"@type":"SearchAction","target":{"@type":"EntryPoint","urlTemplate":"https:\/\/www.bagnoitalia.com\/fr?s={search_term_string}"},"query-input":{"@type":"PropertyValueSpecification","valueRequired":true,"valueName":"search_term_string"}}],"inLanguage":"fr-FR"},{"@type":"Organization","@id":"https:\/\/www.bagnoitalia.com\/fr#organization","name":"Bagno Italia","url":"https:\/\/www.bagnoitalia.com\/fr","logo":{"@type":"ImageObject","inLanguage":"fr-FR","@id":"https:\/\/www.bagnoitalia.com\/fr#\/schema\/logo\/image\/","url":"https:\/\/img.bagnoitalia.com\/wp-content\/uploads\/logo-bagnoitalia.webp","contentUrl":"https:\/\/img.bagnoitalia.com\/wp-content\/uploads\/logo-bagnoitalia.webp","width":400,"height":70,"caption":"Bagno Italia"},"image":{"@id":"https:\/\/www.bagnoitalia.com\/fr#\/schema\/logo\/image\/"}}]}},"_links":{"self":[{"href":"https:\/\/www.bagnoitalia.com\/fr\/wp-json\/wp\/v2\/product\/84153","targetHints":{"allow":["GET"]}}],"collection":[{"href":"https:\/\/www.bagnoitalia.com\/fr\/wp-json\/wp\/v2\/product"}],"about":[{"href":"https:\/\/www.bagnoitalia.com\/fr\/wp-json\/wp\/v2\/types\/product"}],"replies":[{"embeddable":true,"href":"https:\/\/www.bagnoitalia.com\/fr\/wp-json\/wp\/v2\/comments?post=84153"}],"version-history":[{"count":0,"href":"https:\/\/www.bagnoitalia.com\/fr\/wp-json\/wp\/v2\/product\/84153\/revisions"}],"wp:featuredmedia":[{"embeddable":true,"href":"https:\/\/www.bagnoitalia.com\/fr\/wp-json\/wp\/v2\/media\/73325"}],"wp:attachment":[{"href":"https:\/\/www.bagnoitalia.com\/fr\/wp-json\/wp\/v2\/media?parent=84153"}],"wp:term":[{"taxonomy":"product_brand","embeddable":true,"href":"https:\/\/www.bagnoitalia.com\/fr\/wp-json\/wp\/v2\/product_brand?post=84153"},{"taxonomy":"product_cat","embeddable":true,"href":"https:\/\/www.bagnoitalia.com\/fr\/wp-json\/wp\/v2\/product_cat?post=84153"},{"taxonomy":"product_tag","embeddable":true,"href":"https:\/\/www.bagnoitalia.com\/fr\/wp-json\/wp\/v2\/product_tag?post=84153"}],"curies":[{"name":"wp","href":"https:\/\/api.w.org\/{rel}","templated":true}]}}