{"id":84141,"date":"2024-02-29T13:36:51","date_gmt":"2024-02-29T12:36:51","guid":{"rendered":"https:\/\/www.bagnoitalia.com\/product\/square-umbrella-3x3-m-with-central-pole-and-light-or-dark-grey-canvas-ob27-2"},"modified":"2024-06-13T14:34:15","modified_gmt":"2024-06-13T12:34:15","slug":"square-umbrella-3x3-m-with-central-pole-and-light-or-dark-grey-canvas-ob27-2","status":"publish","type":"product","link":"https:\/\/www.bagnoitalia.com\/fr\/produit\/square-umbrella-3x3-m-with-central-pole-and-light-or-dark-grey-canvas-ob27-2.html","title":{"rendered":"Parapluie carr\u00e9 3&#215;3 m avec m\u00e2t central et toile gris clair ou gris fonc\u00e9 OB27"},"content":{"rendered":"<p>UMBRELLA CARRE 3x3m en deux couleurs \u00ab\u00a0OB27\u00a0\u00bb<\/p>\n<p>&nbsp;<\/p>\n<p>&nbsp;<\/p>\n<p>CARACT\u00c9RISTIQUES PRINCIPALES<\/p>\n<p>Parasol pouvant \u00eatre plac\u00e9 dans tout type d&rsquo;environnement ext\u00e9rieur (jardins, terrasses, bords de piscine..)<\/p>\n<p>Carr\u00e9, 300&#215;300 cm<\/p>\n<p>Hauteur totale 270 cm<\/p>\n<p>M\u00e2t rond, positionn\u00e9 au centre<\/p>\n<p>Avec 8 lattes<\/p>\n<p>Cadre en aluminium<\/p>\n<p>Toile polyester, deux couleurs au choix : gris fonc\u00e9 ou gris clair (s\u00e9lectionner la couleur dans le menu ci-dessus)<\/p>\n<p>&nbsp;<\/p>\n<p>&nbsp;<\/p>\n<p>&nbsp;<\/p>\n<p>&nbsp;<\/p>\n<p>&nbsp;<\/p>\n<p>&nbsp;<\/p>\n<p>&nbsp;<\/p>\n<p>&nbsp;<\/p>\n<p>&nbsp;<\/p>\n<p>&nbsp;<\/p>\n<p>&nbsp;<\/p>\n<p>&nbsp;<\/p>\n<p>&nbsp;<\/p>\n<p>&nbsp;<\/p>\n<p>&nbsp;<\/p>\n<p>&nbsp;<\/p>\n<p>&nbsp;<\/p>\n<p>&nbsp;<\/p>\n<p>OM807186<\/p>\n<p>&nbsp;<\/p>\n","protected":false},"excerpt":{"rendered":"<p>Parapluie de jardin, de piscine et de terrasse, avec m\u00e2t positionn\u00e9 au centre de la structure. Fabriqu\u00e9 en aluminium avec une toile en polyester, dans un choix de gris clair ou fonc\u00e9.<\/p>\n","protected":false},"featured_media":73177,"comment_status":"open","ping_status":"closed","template":"","meta":[],"product_brand":[5004],"product_cat":[10030],"product_tag":[],"class_list":{"0":"post-84141","1":"product","2":"type-product","3":"status-publish","4":"has-post-thumbnail","6":"product_brand-vari-produttori","7":"product_cat-parasols","9":"first","10":"instock","11":"sale","12":"taxable","13":"shipping-taxable","14":"purchasable","15":"product-type-simple"},"exclude_global_add_ons":false,"addons":[{"name":"Couleur","type":"multiple_choice","position":0,"required":true,"title_format":"heading","default":"","description_enable":false,"description":"","placeholder_enable":false,"placeholder":"","display":"select","restrictions_type":"any_text","adjust_price":false,"price":"","price_type":"flat_fee","restrictions":false,"min":"0","max":"0","options":[{"label":"gris clair","price":"","price_type":"quantity_based","image":0,"visibility":true},{"label":"gris fonc\u00e9","price":"","price_type":"quantity_based","image":0,"visibility":true}],"id":1718289256}],"yoast_head":"<!-- This site is optimized with the Yoast SEO plugin v26.7 - https:\/\/yoast.com\/wordpress\/plugins\/seo\/ -->\n<title>Parapluie carr\u00e9 3x3 m avec m\u00e2t central et toile gris clair ou gris fonc\u00e9 OB27<\/title>\n<meta name=\"description\" content=\"Parapluie de jardin, de piscine et de terrasse, avec m\u00e2t positionn\u00e9 au centre de la structure. Fabriqu\u00e9 en aluminium avec une toile en polyester, dans un choix de gris clair ou fonc\u00e9.\" \/>\n<meta name=\"robots\" content=\"index, follow, max-snippet:-1, max-image-preview:large, max-video-preview:-1\" \/>\n<link rel=\"canonical\" href=\"https:\/\/www.bagnoitalia.com\/fr\/produit\/square-umbrella-3x3-m-with-central-pole-and-light-or-dark-grey-canvas-ob27-2.html\" \/>\n<meta property=\"og:locale\" content=\"fr_FR\" \/>\n<meta property=\"og:type\" content=\"article\" \/>\n<meta property=\"og:title\" content=\"Parapluie carr\u00e9 3x3 m avec m\u00e2t central et toile gris clair ou gris fonc\u00e9 OB27\" \/>\n<meta property=\"og:description\" content=\"Parapluie de jardin, de piscine et de terrasse, avec m\u00e2t positionn\u00e9 au centre de la structure. Fabriqu\u00e9 en aluminium avec une toile en polyester, dans un choix de gris clair ou fonc\u00e9.\" \/>\n<meta property=\"og:url\" content=\"https:\/\/www.bagnoitalia.com\/fr\/produit\/square-umbrella-3x3-m-with-central-pole-and-light-or-dark-grey-canvas-ob27-2.html\" \/>\n<meta property=\"og:site_name\" content=\"Bagno Italia\" \/>\n<meta property=\"article:modified_time\" content=\"2024-06-13T12:34:15+00:00\" \/>\n<meta property=\"og:image\" content=\"https:\/\/img.bagnoitalia.com\/wp-content\/uploads\/virtuemart\/product\/ombrellone-3x3-m-grigio-scuro-chiaro-1.jpg\" \/>\n\t<meta property=\"og:image:width\" content=\"550\" \/>\n\t<meta property=\"og:image:height\" content=\"550\" \/>\n\t<meta property=\"og:image:type\" content=\"image\/jpeg\" \/>\n<meta name=\"twitter:card\" content=\"summary_large_image\" \/>\n<meta name=\"twitter:label1\" content=\"Dur\u00e9e de lecture estim\u00e9e\" \/>\n\t<meta name=\"twitter:data1\" content=\"1 minute\" \/>\n<script type=\"application\/ld+json\" class=\"yoast-schema-graph\">{\"@context\":\"https:\/\/schema.org\",\"@graph\":[{\"@type\":\"WebPage\",\"@id\":\"https:\/\/www.bagnoitalia.com\/fr\/produit\/square-umbrella-3x3-m-with-central-pole-and-light-or-dark-grey-canvas-ob27-2.html\",\"url\":\"https:\/\/www.bagnoitalia.com\/fr\/produit\/square-umbrella-3x3-m-with-central-pole-and-light-or-dark-grey-canvas-ob27-2.html\",\"name\":\"Parapluie carr\u00e9 3x3 m avec m\u00e2t central et toile gris clair ou gris fonc\u00e9 OB27\",\"isPartOf\":{\"@id\":\"https:\/\/www.bagnoitalia.com\/fr#website\"},\"primaryImageOfPage\":{\"@id\":\"https:\/\/www.bagnoitalia.com\/fr\/produit\/square-umbrella-3x3-m-with-central-pole-and-light-or-dark-grey-canvas-ob27-2.html#primaryimage\"},\"image\":{\"@id\":\"https:\/\/www.bagnoitalia.com\/fr\/produit\/square-umbrella-3x3-m-with-central-pole-and-light-or-dark-grey-canvas-ob27-2.html#primaryimage\"},\"thumbnailUrl\":\"https:\/\/img.bagnoitalia.com\/wp-content\/uploads\/virtuemart\/product\/ombrellone-3x3-m-grigio-scuro-chiaro-1.jpg\",\"datePublished\":\"2024-02-29T12:36:51+00:00\",\"dateModified\":\"2024-06-13T12:34:15+00:00\",\"description\":\"Parapluie de jardin, de piscine et de terrasse, avec m\u00e2t positionn\u00e9 au centre de la structure. Fabriqu\u00e9 en aluminium avec une toile en polyester, dans un choix de gris clair ou fonc\u00e9.\",\"breadcrumb\":{\"@id\":\"https:\/\/www.bagnoitalia.com\/fr\/produit\/square-umbrella-3x3-m-with-central-pole-and-light-or-dark-grey-canvas-ob27-2.html#breadcrumb\"},\"inLanguage\":\"fr-FR\",\"potentialAction\":[{\"@type\":\"ReadAction\",\"target\":[\"https:\/\/www.bagnoitalia.com\/fr\/produit\/square-umbrella-3x3-m-with-central-pole-and-light-or-dark-grey-canvas-ob27-2.html\"]}]},{\"@type\":\"ImageObject\",\"inLanguage\":\"fr-FR\",\"@id\":\"https:\/\/www.bagnoitalia.com\/fr\/produit\/square-umbrella-3x3-m-with-central-pole-and-light-or-dark-grey-canvas-ob27-2.html#primaryimage\",\"url\":\"https:\/\/img.bagnoitalia.com\/wp-content\/uploads\/virtuemart\/product\/ombrellone-3x3-m-grigio-scuro-chiaro-1.jpg\",\"contentUrl\":\"https:\/\/img.bagnoitalia.com\/wp-content\/uploads\/virtuemart\/product\/ombrellone-3x3-m-grigio-scuro-chiaro-1.jpg\",\"width\":550,\"height\":550},{\"@type\":\"BreadcrumbList\",\"@id\":\"https:\/\/www.bagnoitalia.com\/fr\/produit\/square-umbrella-3x3-m-with-central-pole-and-light-or-dark-grey-canvas-ob27-2.html#breadcrumb\",\"itemListElement\":[{\"@type\":\"ListItem\",\"position\":1,\"name\":\"Home\",\"item\":\"https:\/\/www.bagnoitalia.com\/fr\"},{\"@type\":\"ListItem\",\"position\":2,\"name\":\"Produits\",\"item\":\"https:\/\/www.bagnoitalia.com\/fr\/shop\"},{\"@type\":\"ListItem\",\"position\":3,\"name\":\"Parapluie carr\u00e9 3&#215;3 m avec m\u00e2t central et toile gris clair ou gris fonc\u00e9 OB27\"}]},{\"@type\":\"WebSite\",\"@id\":\"https:\/\/www.bagnoitalia.com\/fr#website\",\"url\":\"https:\/\/www.bagnoitalia.com\/fr\",\"name\":\"Bagno Italia\",\"description\":\"\",\"publisher\":{\"@id\":\"https:\/\/www.bagnoitalia.com\/fr#organization\"},\"potentialAction\":[{\"@type\":\"SearchAction\",\"target\":{\"@type\":\"EntryPoint\",\"urlTemplate\":\"https:\/\/www.bagnoitalia.com\/fr?s={search_term_string}\"},\"query-input\":{\"@type\":\"PropertyValueSpecification\",\"valueRequired\":true,\"valueName\":\"search_term_string\"}}],\"inLanguage\":\"fr-FR\"},{\"@type\":\"Organization\",\"@id\":\"https:\/\/www.bagnoitalia.com\/fr#organization\",\"name\":\"Bagno Italia\",\"url\":\"https:\/\/www.bagnoitalia.com\/fr\",\"logo\":{\"@type\":\"ImageObject\",\"inLanguage\":\"fr-FR\",\"@id\":\"https:\/\/www.bagnoitalia.com\/fr#\/schema\/logo\/image\/\",\"url\":\"https:\/\/img.bagnoitalia.com\/wp-content\/uploads\/logo-bagnoitalia.webp\",\"contentUrl\":\"https:\/\/img.bagnoitalia.com\/wp-content\/uploads\/logo-bagnoitalia.webp\",\"width\":400,\"height\":70,\"caption\":\"Bagno Italia\"},\"image\":{\"@id\":\"https:\/\/www.bagnoitalia.com\/fr#\/schema\/logo\/image\/\"}}]}<\/script>\n<!-- \/ Yoast SEO plugin. -->","yoast_head_json":{"title":"Parapluie carr\u00e9 3x3 m avec m\u00e2t central et toile gris clair ou gris fonc\u00e9 OB27","description":"Parapluie de jardin, de piscine et de terrasse, avec m\u00e2t positionn\u00e9 au centre de la structure. Fabriqu\u00e9 en aluminium avec une toile en polyester, dans un choix de gris clair ou fonc\u00e9.","robots":{"index":"index","follow":"follow","max-snippet":"max-snippet:-1","max-image-preview":"max-image-preview:large","max-video-preview":"max-video-preview:-1"},"canonical":"https:\/\/www.bagnoitalia.com\/fr\/produit\/square-umbrella-3x3-m-with-central-pole-and-light-or-dark-grey-canvas-ob27-2.html","og_locale":"fr_FR","og_type":"article","og_title":"Parapluie carr\u00e9 3x3 m avec m\u00e2t central et toile gris clair ou gris fonc\u00e9 OB27","og_description":"Parapluie de jardin, de piscine et de terrasse, avec m\u00e2t positionn\u00e9 au centre de la structure. Fabriqu\u00e9 en aluminium avec une toile en polyester, dans un choix de gris clair ou fonc\u00e9.","og_url":"https:\/\/www.bagnoitalia.com\/fr\/produit\/square-umbrella-3x3-m-with-central-pole-and-light-or-dark-grey-canvas-ob27-2.html","og_site_name":"Bagno Italia","article_modified_time":"2024-06-13T12:34:15+00:00","og_image":[{"width":550,"height":550,"url":"https:\/\/img.bagnoitalia.com\/wp-content\/uploads\/virtuemart\/product\/ombrellone-3x3-m-grigio-scuro-chiaro-1.jpg","type":"image\/jpeg"}],"twitter_card":"summary_large_image","twitter_misc":{"Dur\u00e9e de lecture estim\u00e9e":"1 minute"},"schema":{"@context":"https:\/\/schema.org","@graph":[{"@type":"WebPage","@id":"https:\/\/www.bagnoitalia.com\/fr\/produit\/square-umbrella-3x3-m-with-central-pole-and-light-or-dark-grey-canvas-ob27-2.html","url":"https:\/\/www.bagnoitalia.com\/fr\/produit\/square-umbrella-3x3-m-with-central-pole-and-light-or-dark-grey-canvas-ob27-2.html","name":"Parapluie carr\u00e9 3x3 m avec m\u00e2t central et toile gris clair ou gris fonc\u00e9 OB27","isPartOf":{"@id":"https:\/\/www.bagnoitalia.com\/fr#website"},"primaryImageOfPage":{"@id":"https:\/\/www.bagnoitalia.com\/fr\/produit\/square-umbrella-3x3-m-with-central-pole-and-light-or-dark-grey-canvas-ob27-2.html#primaryimage"},"image":{"@id":"https:\/\/www.bagnoitalia.com\/fr\/produit\/square-umbrella-3x3-m-with-central-pole-and-light-or-dark-grey-canvas-ob27-2.html#primaryimage"},"thumbnailUrl":"https:\/\/img.bagnoitalia.com\/wp-content\/uploads\/virtuemart\/product\/ombrellone-3x3-m-grigio-scuro-chiaro-1.jpg","datePublished":"2024-02-29T12:36:51+00:00","dateModified":"2024-06-13T12:34:15+00:00","description":"Parapluie de jardin, de piscine et de terrasse, avec m\u00e2t positionn\u00e9 au centre de la structure. Fabriqu\u00e9 en aluminium avec une toile en polyester, dans un choix de gris clair ou fonc\u00e9.","breadcrumb":{"@id":"https:\/\/www.bagnoitalia.com\/fr\/produit\/square-umbrella-3x3-m-with-central-pole-and-light-or-dark-grey-canvas-ob27-2.html#breadcrumb"},"inLanguage":"fr-FR","potentialAction":[{"@type":"ReadAction","target":["https:\/\/www.bagnoitalia.com\/fr\/produit\/square-umbrella-3x3-m-with-central-pole-and-light-or-dark-grey-canvas-ob27-2.html"]}]},{"@type":"ImageObject","inLanguage":"fr-FR","@id":"https:\/\/www.bagnoitalia.com\/fr\/produit\/square-umbrella-3x3-m-with-central-pole-and-light-or-dark-grey-canvas-ob27-2.html#primaryimage","url":"https:\/\/img.bagnoitalia.com\/wp-content\/uploads\/virtuemart\/product\/ombrellone-3x3-m-grigio-scuro-chiaro-1.jpg","contentUrl":"https:\/\/img.bagnoitalia.com\/wp-content\/uploads\/virtuemart\/product\/ombrellone-3x3-m-grigio-scuro-chiaro-1.jpg","width":550,"height":550},{"@type":"BreadcrumbList","@id":"https:\/\/www.bagnoitalia.com\/fr\/produit\/square-umbrella-3x3-m-with-central-pole-and-light-or-dark-grey-canvas-ob27-2.html#breadcrumb","itemListElement":[{"@type":"ListItem","position":1,"name":"Home","item":"https:\/\/www.bagnoitalia.com\/fr"},{"@type":"ListItem","position":2,"name":"Produits","item":"https:\/\/www.bagnoitalia.com\/fr\/shop"},{"@type":"ListItem","position":3,"name":"Parapluie carr\u00e9 3&#215;3 m avec m\u00e2t central et toile gris clair ou gris fonc\u00e9 OB27"}]},{"@type":"WebSite","@id":"https:\/\/www.bagnoitalia.com\/fr#website","url":"https:\/\/www.bagnoitalia.com\/fr","name":"Bagno Italia","description":"","publisher":{"@id":"https:\/\/www.bagnoitalia.com\/fr#organization"},"potentialAction":[{"@type":"SearchAction","target":{"@type":"EntryPoint","urlTemplate":"https:\/\/www.bagnoitalia.com\/fr?s={search_term_string}"},"query-input":{"@type":"PropertyValueSpecification","valueRequired":true,"valueName":"search_term_string"}}],"inLanguage":"fr-FR"},{"@type":"Organization","@id":"https:\/\/www.bagnoitalia.com\/fr#organization","name":"Bagno Italia","url":"https:\/\/www.bagnoitalia.com\/fr","logo":{"@type":"ImageObject","inLanguage":"fr-FR","@id":"https:\/\/www.bagnoitalia.com\/fr#\/schema\/logo\/image\/","url":"https:\/\/img.bagnoitalia.com\/wp-content\/uploads\/logo-bagnoitalia.webp","contentUrl":"https:\/\/img.bagnoitalia.com\/wp-content\/uploads\/logo-bagnoitalia.webp","width":400,"height":70,"caption":"Bagno Italia"},"image":{"@id":"https:\/\/www.bagnoitalia.com\/fr#\/schema\/logo\/image\/"}}]}},"_links":{"self":[{"href":"https:\/\/www.bagnoitalia.com\/fr\/wp-json\/wp\/v2\/product\/84141","targetHints":{"allow":["GET"]}}],"collection":[{"href":"https:\/\/www.bagnoitalia.com\/fr\/wp-json\/wp\/v2\/product"}],"about":[{"href":"https:\/\/www.bagnoitalia.com\/fr\/wp-json\/wp\/v2\/types\/product"}],"replies":[{"embeddable":true,"href":"https:\/\/www.bagnoitalia.com\/fr\/wp-json\/wp\/v2\/comments?post=84141"}],"version-history":[{"count":1,"href":"https:\/\/www.bagnoitalia.com\/fr\/wp-json\/wp\/v2\/product\/84141\/revisions"}],"predecessor-version":[{"id":90089,"href":"https:\/\/www.bagnoitalia.com\/fr\/wp-json\/wp\/v2\/product\/84141\/revisions\/90089"}],"wp:featuredmedia":[{"embeddable":true,"href":"https:\/\/www.bagnoitalia.com\/fr\/wp-json\/wp\/v2\/media\/73177"}],"wp:attachment":[{"href":"https:\/\/www.bagnoitalia.com\/fr\/wp-json\/wp\/v2\/media?parent=84141"}],"wp:term":[{"taxonomy":"product_brand","embeddable":true,"href":"https:\/\/www.bagnoitalia.com\/fr\/wp-json\/wp\/v2\/product_brand?post=84141"},{"taxonomy":"product_cat","embeddable":true,"href":"https:\/\/www.bagnoitalia.com\/fr\/wp-json\/wp\/v2\/product_cat?post=84141"},{"taxonomy":"product_tag","embeddable":true,"href":"https:\/\/www.bagnoitalia.com\/fr\/wp-json\/wp\/v2\/product_tag?post=84141"}],"curies":[{"name":"wp","href":"https:\/\/api.w.org\/{rel}","templated":true}]}}