{"id":84133,"date":"2024-02-26T15:25:31","date_gmt":"2024-02-26T14:25:31","guid":{"rendered":"https:\/\/www.bagnoitalia.com\/product\/snow-grey-fabric-sofa-bed-208-cm-with-peninsula-2"},"modified":"2024-02-26T15:25:31","modified_gmt":"2024-02-26T14:25:31","slug":"snow-grey-fabric-sofa-bed-208-cm-with-peninsula-2","status":"publish","type":"product","link":"https:\/\/www.bagnoitalia.com\/fr\/produit\/snow-grey-fabric-sofa-bed-208-cm-with-peninsula-2.html","title":{"rendered":"\u00ab\u00a0Snow\u00a0\u00bb canap\u00e9-lit en tissu gris 208 cm avec p\u00e9ninsule"},"content":{"rendered":"<p>CONTAINER DE LITS DE SOFA mod\u00e8le \u00ab\u00a0SNOW<\/p>\n<p>&nbsp;<\/p>\n<p>&nbsp;<\/p>\n<p>D\u00c9TAILS PRINCIPAUX DU PRODUIT<\/p>\n<p>Canap\u00e9 Snow en tissu gris<\/p>\n<p>Chaise longue avec compartiment de rangement<\/p>\n<p>Transformable en lit pour 2 personnes en inclinant les dossiers et en tirant le tiroir sous l&rsquo;assise<\/p>\n<p>3 coussins assortis<\/p>\n<p>Accoudoirs<\/p>\n<p>MESURES DU PRODUIT<\/p>\n<p>Longueur ferm\u00e9e : 208 cm<\/p>\n<p>Profondeur minimale en position ferm\u00e9e : 87 cm<\/p>\n<p>Profondeur c\u00f4t\u00e9 chaise longue en position ferm\u00e9e : 145 cm<\/p>\n<p>Hauteur de l&rsquo;assise : 45 cm<\/p>\n<p>Hauteur totale : 88 cm<\/p>\n<p>Profondeur maximale en position ouverte : 172 cm<\/p>\n<p>Coussins : 30&#215;60 cm<\/p>\n<p>&nbsp;<\/p>\n<p>&nbsp;<\/p>\n<p>&nbsp;<\/p>\n<p>&nbsp;<\/p>\n<p>&nbsp;<\/p>\n<p>&nbsp;<\/p>\n<p>&nbsp;<\/p>\n<p>&nbsp;<\/p>\n<p>&nbsp;<\/p>\n<p>&nbsp;<\/p>\n<p>&nbsp;<\/p>\n<p>&nbsp;<\/p>\n<p>&nbsp;<\/p>\n<p>&nbsp;<\/p>\n<p>&nbsp;<\/p>\n<p>&nbsp;<\/p>\n<p>&nbsp;<\/p>\n<p>HF807207<\/p>\n<p>&nbsp;<\/p>\n","protected":false},"excerpt":{"rendered":"<p>Canap\u00e9 mod\u00e8le \u00ab\u00a0Snow\u00a0\u00bb, avec dossiers inclinables et chaise longue avec compartiment de rangement. Convertible en un confortable lit double en quelques gestes. Coussins assortis inclus dans l&rsquo;offre<\/p>\n","protected":false},"featured_media":73101,"comment_status":"open","ping_status":"closed","template":"","meta":[],"product_brand":[9879],"product_cat":[9795],"product_tag":[],"class_list":{"0":"post-84133","1":"product","2":"type-product","3":"status-publish","4":"has-post-thumbnail","6":"product_brand-vari-produttori-fr","7":"product_cat-canape-lit","9":"first","10":"instock","11":"sale","12":"taxable","13":"shipping-taxable","14":"purchasable","15":"product-type-simple"},"exclude_global_add_ons":[],"addons":[],"yoast_head":"<!-- This site is optimized with the Yoast SEO plugin v26.7 - https:\/\/yoast.com\/wordpress\/plugins\/seo\/ -->\n<title>&quot;Snow&quot; canap\u00e9-lit en tissu gris 208 cm avec p\u00e9ninsule<\/title>\n<meta name=\"description\" content=\"Canap\u00e9 mod\u00e8le &#034;Snow&#034;, avec dossiers inclinables et chaise longue avec compartiment de rangement. Convertible en un confortable lit double en quelques gestes. Coussins assortis inclus dans l&#039;offre\" \/>\n<meta name=\"robots\" content=\"index, follow, max-snippet:-1, max-image-preview:large, max-video-preview:-1\" \/>\n<link rel=\"canonical\" href=\"https:\/\/www.bagnoitalia.com\/fr\/produit\/snow-grey-fabric-sofa-bed-208-cm-with-peninsula-2.html\" \/>\n<meta property=\"og:locale\" content=\"fr_FR\" \/>\n<meta property=\"og:type\" content=\"article\" \/>\n<meta property=\"og:title\" content=\"&quot;Snow&quot; canap\u00e9-lit en tissu gris 208 cm avec p\u00e9ninsule\" \/>\n<meta property=\"og:description\" content=\"Canap\u00e9 mod\u00e8le &#034;Snow&#034;, avec dossiers inclinables et chaise longue avec compartiment de rangement. Convertible en un confortable lit double en quelques gestes. Coussins assortis inclus dans l&#039;offre\" \/>\n<meta property=\"og:url\" content=\"https:\/\/www.bagnoitalia.com\/fr\/produit\/snow-grey-fabric-sofa-bed-208-cm-with-peninsula-2.html\" \/>\n<meta property=\"og:site_name\" content=\"Bagno Italia\" \/>\n<meta property=\"og:image\" content=\"https:\/\/img.bagnoitalia.com\/wp-content\/uploads\/virtuemart\/product\/divano-letto-contenitore-penisola-grigio-1.jpg\" \/>\n\t<meta property=\"og:image:width\" content=\"550\" \/>\n\t<meta property=\"og:image:height\" content=\"550\" \/>\n\t<meta property=\"og:image:type\" content=\"image\/jpeg\" \/>\n<meta name=\"twitter:card\" content=\"summary_large_image\" \/>\n<meta name=\"twitter:label1\" content=\"Dur\u00e9e de lecture estim\u00e9e\" \/>\n\t<meta name=\"twitter:data1\" content=\"1 minute\" \/>\n<script type=\"application\/ld+json\" class=\"yoast-schema-graph\">{\"@context\":\"https:\/\/schema.org\",\"@graph\":[{\"@type\":\"WebPage\",\"@id\":\"https:\/\/www.bagnoitalia.com\/fr\/produit\/snow-grey-fabric-sofa-bed-208-cm-with-peninsula-2.html\",\"url\":\"https:\/\/www.bagnoitalia.com\/fr\/produit\/snow-grey-fabric-sofa-bed-208-cm-with-peninsula-2.html\",\"name\":\"\\\"Snow\\\" canap\u00e9-lit en tissu gris 208 cm avec p\u00e9ninsule\",\"isPartOf\":{\"@id\":\"https:\/\/www.bagnoitalia.com\/fr#website\"},\"primaryImageOfPage\":{\"@id\":\"https:\/\/www.bagnoitalia.com\/fr\/produit\/snow-grey-fabric-sofa-bed-208-cm-with-peninsula-2.html#primaryimage\"},\"image\":{\"@id\":\"https:\/\/www.bagnoitalia.com\/fr\/produit\/snow-grey-fabric-sofa-bed-208-cm-with-peninsula-2.html#primaryimage\"},\"thumbnailUrl\":\"https:\/\/img.bagnoitalia.com\/wp-content\/uploads\/virtuemart\/product\/divano-letto-contenitore-penisola-grigio-1.jpg\",\"datePublished\":\"2024-02-26T14:25:31+00:00\",\"description\":\"Canap\u00e9 mod\u00e8le &#34;Snow&#34;, avec dossiers inclinables et chaise longue avec compartiment de rangement. Convertible en un confortable lit double en quelques gestes. Coussins assortis inclus dans l&#39;offre\",\"breadcrumb\":{\"@id\":\"https:\/\/www.bagnoitalia.com\/fr\/produit\/snow-grey-fabric-sofa-bed-208-cm-with-peninsula-2.html#breadcrumb\"},\"inLanguage\":\"fr-FR\",\"potentialAction\":[{\"@type\":\"ReadAction\",\"target\":[\"https:\/\/www.bagnoitalia.com\/fr\/produit\/snow-grey-fabric-sofa-bed-208-cm-with-peninsula-2.html\"]}]},{\"@type\":\"ImageObject\",\"inLanguage\":\"fr-FR\",\"@id\":\"https:\/\/www.bagnoitalia.com\/fr\/produit\/snow-grey-fabric-sofa-bed-208-cm-with-peninsula-2.html#primaryimage\",\"url\":\"https:\/\/img.bagnoitalia.com\/wp-content\/uploads\/virtuemart\/product\/divano-letto-contenitore-penisola-grigio-1.jpg\",\"contentUrl\":\"https:\/\/img.bagnoitalia.com\/wp-content\/uploads\/virtuemart\/product\/divano-letto-contenitore-penisola-grigio-1.jpg\",\"width\":550,\"height\":550},{\"@type\":\"BreadcrumbList\",\"@id\":\"https:\/\/www.bagnoitalia.com\/fr\/produit\/snow-grey-fabric-sofa-bed-208-cm-with-peninsula-2.html#breadcrumb\",\"itemListElement\":[{\"@type\":\"ListItem\",\"position\":1,\"name\":\"Home\",\"item\":\"https:\/\/www.bagnoitalia.com\/fr\"},{\"@type\":\"ListItem\",\"position\":2,\"name\":\"Produits\",\"item\":\"https:\/\/www.bagnoitalia.com\/fr\/shop\"},{\"@type\":\"ListItem\",\"position\":3,\"name\":\"&#8220;Snow&#8221; canap\u00e9-lit en tissu gris 208 cm avec p\u00e9ninsule\"}]},{\"@type\":\"WebSite\",\"@id\":\"https:\/\/www.bagnoitalia.com\/fr#website\",\"url\":\"https:\/\/www.bagnoitalia.com\/fr\",\"name\":\"Bagno Italia\",\"description\":\"\",\"publisher\":{\"@id\":\"https:\/\/www.bagnoitalia.com\/fr#organization\"},\"potentialAction\":[{\"@type\":\"SearchAction\",\"target\":{\"@type\":\"EntryPoint\",\"urlTemplate\":\"https:\/\/www.bagnoitalia.com\/fr?s={search_term_string}\"},\"query-input\":{\"@type\":\"PropertyValueSpecification\",\"valueRequired\":true,\"valueName\":\"search_term_string\"}}],\"inLanguage\":\"fr-FR\"},{\"@type\":\"Organization\",\"@id\":\"https:\/\/www.bagnoitalia.com\/fr#organization\",\"name\":\"Bagno Italia\",\"url\":\"https:\/\/www.bagnoitalia.com\/fr\",\"logo\":{\"@type\":\"ImageObject\",\"inLanguage\":\"fr-FR\",\"@id\":\"https:\/\/www.bagnoitalia.com\/fr#\/schema\/logo\/image\/\",\"url\":\"https:\/\/img.bagnoitalia.com\/wp-content\/uploads\/logo-bagnoitalia.webp\",\"contentUrl\":\"https:\/\/img.bagnoitalia.com\/wp-content\/uploads\/logo-bagnoitalia.webp\",\"width\":400,\"height\":70,\"caption\":\"Bagno Italia\"},\"image\":{\"@id\":\"https:\/\/www.bagnoitalia.com\/fr#\/schema\/logo\/image\/\"}}]}<\/script>\n<!-- \/ Yoast SEO plugin. -->","yoast_head_json":{"title":"\"Snow\" canap\u00e9-lit en tissu gris 208 cm avec p\u00e9ninsule","description":"Canap\u00e9 mod\u00e8le &#34;Snow&#34;, avec dossiers inclinables et chaise longue avec compartiment de rangement. Convertible en un confortable lit double en quelques gestes. Coussins assortis inclus dans l&#39;offre","robots":{"index":"index","follow":"follow","max-snippet":"max-snippet:-1","max-image-preview":"max-image-preview:large","max-video-preview":"max-video-preview:-1"},"canonical":"https:\/\/www.bagnoitalia.com\/fr\/produit\/snow-grey-fabric-sofa-bed-208-cm-with-peninsula-2.html","og_locale":"fr_FR","og_type":"article","og_title":"\"Snow\" canap\u00e9-lit en tissu gris 208 cm avec p\u00e9ninsule","og_description":"Canap\u00e9 mod\u00e8le &#34;Snow&#34;, avec dossiers inclinables et chaise longue avec compartiment de rangement. Convertible en un confortable lit double en quelques gestes. Coussins assortis inclus dans l&#39;offre","og_url":"https:\/\/www.bagnoitalia.com\/fr\/produit\/snow-grey-fabric-sofa-bed-208-cm-with-peninsula-2.html","og_site_name":"Bagno Italia","og_image":[{"width":550,"height":550,"url":"https:\/\/img.bagnoitalia.com\/wp-content\/uploads\/virtuemart\/product\/divano-letto-contenitore-penisola-grigio-1.jpg","type":"image\/jpeg"}],"twitter_card":"summary_large_image","twitter_misc":{"Dur\u00e9e de lecture estim\u00e9e":"1 minute"},"schema":{"@context":"https:\/\/schema.org","@graph":[{"@type":"WebPage","@id":"https:\/\/www.bagnoitalia.com\/fr\/produit\/snow-grey-fabric-sofa-bed-208-cm-with-peninsula-2.html","url":"https:\/\/www.bagnoitalia.com\/fr\/produit\/snow-grey-fabric-sofa-bed-208-cm-with-peninsula-2.html","name":"\"Snow\" canap\u00e9-lit en tissu gris 208 cm avec p\u00e9ninsule","isPartOf":{"@id":"https:\/\/www.bagnoitalia.com\/fr#website"},"primaryImageOfPage":{"@id":"https:\/\/www.bagnoitalia.com\/fr\/produit\/snow-grey-fabric-sofa-bed-208-cm-with-peninsula-2.html#primaryimage"},"image":{"@id":"https:\/\/www.bagnoitalia.com\/fr\/produit\/snow-grey-fabric-sofa-bed-208-cm-with-peninsula-2.html#primaryimage"},"thumbnailUrl":"https:\/\/img.bagnoitalia.com\/wp-content\/uploads\/virtuemart\/product\/divano-letto-contenitore-penisola-grigio-1.jpg","datePublished":"2024-02-26T14:25:31+00:00","description":"Canap\u00e9 mod\u00e8le &#34;Snow&#34;, avec dossiers inclinables et chaise longue avec compartiment de rangement. Convertible en un confortable lit double en quelques gestes. Coussins assortis inclus dans l&#39;offre","breadcrumb":{"@id":"https:\/\/www.bagnoitalia.com\/fr\/produit\/snow-grey-fabric-sofa-bed-208-cm-with-peninsula-2.html#breadcrumb"},"inLanguage":"fr-FR","potentialAction":[{"@type":"ReadAction","target":["https:\/\/www.bagnoitalia.com\/fr\/produit\/snow-grey-fabric-sofa-bed-208-cm-with-peninsula-2.html"]}]},{"@type":"ImageObject","inLanguage":"fr-FR","@id":"https:\/\/www.bagnoitalia.com\/fr\/produit\/snow-grey-fabric-sofa-bed-208-cm-with-peninsula-2.html#primaryimage","url":"https:\/\/img.bagnoitalia.com\/wp-content\/uploads\/virtuemart\/product\/divano-letto-contenitore-penisola-grigio-1.jpg","contentUrl":"https:\/\/img.bagnoitalia.com\/wp-content\/uploads\/virtuemart\/product\/divano-letto-contenitore-penisola-grigio-1.jpg","width":550,"height":550},{"@type":"BreadcrumbList","@id":"https:\/\/www.bagnoitalia.com\/fr\/produit\/snow-grey-fabric-sofa-bed-208-cm-with-peninsula-2.html#breadcrumb","itemListElement":[{"@type":"ListItem","position":1,"name":"Home","item":"https:\/\/www.bagnoitalia.com\/fr"},{"@type":"ListItem","position":2,"name":"Produits","item":"https:\/\/www.bagnoitalia.com\/fr\/shop"},{"@type":"ListItem","position":3,"name":"&#8220;Snow&#8221; canap\u00e9-lit en tissu gris 208 cm avec p\u00e9ninsule"}]},{"@type":"WebSite","@id":"https:\/\/www.bagnoitalia.com\/fr#website","url":"https:\/\/www.bagnoitalia.com\/fr","name":"Bagno Italia","description":"","publisher":{"@id":"https:\/\/www.bagnoitalia.com\/fr#organization"},"potentialAction":[{"@type":"SearchAction","target":{"@type":"EntryPoint","urlTemplate":"https:\/\/www.bagnoitalia.com\/fr?s={search_term_string}"},"query-input":{"@type":"PropertyValueSpecification","valueRequired":true,"valueName":"search_term_string"}}],"inLanguage":"fr-FR"},{"@type":"Organization","@id":"https:\/\/www.bagnoitalia.com\/fr#organization","name":"Bagno Italia","url":"https:\/\/www.bagnoitalia.com\/fr","logo":{"@type":"ImageObject","inLanguage":"fr-FR","@id":"https:\/\/www.bagnoitalia.com\/fr#\/schema\/logo\/image\/","url":"https:\/\/img.bagnoitalia.com\/wp-content\/uploads\/logo-bagnoitalia.webp","contentUrl":"https:\/\/img.bagnoitalia.com\/wp-content\/uploads\/logo-bagnoitalia.webp","width":400,"height":70,"caption":"Bagno Italia"},"image":{"@id":"https:\/\/www.bagnoitalia.com\/fr#\/schema\/logo\/image\/"}}]}},"_links":{"self":[{"href":"https:\/\/www.bagnoitalia.com\/fr\/wp-json\/wp\/v2\/product\/84133","targetHints":{"allow":["GET"]}}],"collection":[{"href":"https:\/\/www.bagnoitalia.com\/fr\/wp-json\/wp\/v2\/product"}],"about":[{"href":"https:\/\/www.bagnoitalia.com\/fr\/wp-json\/wp\/v2\/types\/product"}],"replies":[{"embeddable":true,"href":"https:\/\/www.bagnoitalia.com\/fr\/wp-json\/wp\/v2\/comments?post=84133"}],"version-history":[{"count":0,"href":"https:\/\/www.bagnoitalia.com\/fr\/wp-json\/wp\/v2\/product\/84133\/revisions"}],"wp:featuredmedia":[{"embeddable":true,"href":"https:\/\/www.bagnoitalia.com\/fr\/wp-json\/wp\/v2\/media\/73101"}],"wp:attachment":[{"href":"https:\/\/www.bagnoitalia.com\/fr\/wp-json\/wp\/v2\/media?parent=84133"}],"wp:term":[{"taxonomy":"product_brand","embeddable":true,"href":"https:\/\/www.bagnoitalia.com\/fr\/wp-json\/wp\/v2\/product_brand?post=84133"},{"taxonomy":"product_cat","embeddable":true,"href":"https:\/\/www.bagnoitalia.com\/fr\/wp-json\/wp\/v2\/product_cat?post=84133"},{"taxonomy":"product_tag","embeddable":true,"href":"https:\/\/www.bagnoitalia.com\/fr\/wp-json\/wp\/v2\/product_tag?post=84133"}],"curies":[{"name":"wp","href":"https:\/\/api.w.org\/{rel}","templated":true}]}}