{"id":84109,"date":"2024-02-21T14:24:54","date_gmt":"2024-02-21T13:24:54","guid":{"rendered":"https:\/\/www.bagnoitalia.com\/product\/charlie-151x45-cm-wooden-tv-cabinet-with-wheels-drawers-and-sliding-doors-2"},"modified":"2024-02-21T14:24:54","modified_gmt":"2024-02-21T13:24:54","slug":"charlie-151x45-cm-wooden-tv-cabinet-with-wheels-drawers-and-sliding-doors-2","status":"publish","type":"product","link":"https:\/\/www.bagnoitalia.com\/fr\/produit\/charlie-151x45-cm-wooden-tv-cabinet-with-wheels-drawers-and-sliding-doors-2.html","title":{"rendered":"Charlie 151&#215;45 cm meuble TV en bois \u00e0 roulettes tiroirs et portes coulissantes"},"content":{"rendered":"<p>MEUBLE TV \u00ab\u00a0CHARLIE<\/p>\n<p>&nbsp;<\/p>\n<p>&nbsp;<\/p>\n<p>CARACT\u00c9RISTIQUES PRINCIPALES :<\/p>\n<p>Meuble TV pour le salon en bois, avec roulettes<\/p>\n<p>Dimensions : 151xD45xH52 cm : 151xD45xH52 cm<\/p>\n<p>4 tiroirs lat\u00e9raux (2 de chaque c\u00f4t\u00e9) avec rainure (sans poign\u00e9e)<\/p>\n<p>2 portes centrales, avec \u00e9tag\u00e8re int\u00e9rieure<\/p>\n<p>Ouverture de la porte coulissante, avec poign\u00e9es en m\u00e9tal<\/p>\n<p>Rail coulissant en m\u00e9tal apparent<\/p>\n<p>&nbsp;<\/p>\n<p>&nbsp;<\/p>\n<p>&nbsp;<\/p>\n<p>&nbsp;<\/p>\n<p>&nbsp;<\/p>\n<p>&nbsp;<\/p>\n<p>&nbsp;<\/p>\n<p>&nbsp;<\/p>\n<p>&nbsp;<\/p>\n<p>&nbsp;<\/p>\n<p>&nbsp;<\/p>\n<p>&nbsp;<\/p>\n<p>&nbsp;<\/p>\n<p>&nbsp;<\/p>\n<p>&nbsp;<\/p>\n<p>&nbsp;<\/p>\n<p>&nbsp;<\/p>\n<p>&nbsp;<\/p>\n<p>&nbsp;<\/p>\n<p>&nbsp;<\/p>\n<p>&nbsp;<\/p>\n<p>MO806757<\/p>\n<p>&nbsp;<\/p>\n","protected":false},"excerpt":{"rendered":"<p>Meuble de salon sur roulettes, meuble TV moderne en bois avec 4 tiroirs et 2 portes coulissantes sur rail m\u00e9tallique.<\/p>\n","protected":false},"featured_media":72897,"comment_status":"open","ping_status":"closed","template":"","meta":[],"product_brand":[9879],"product_cat":[9787,9771],"product_tag":[],"class_list":{"0":"post-84109","1":"product","2":"type-product","3":"status-publish","4":"has-post-thumbnail","6":"product_brand-vari-produttori-fr","7":"product_cat-meubles","8":"product_cat-mobilier-d-interieur","10":"first","11":"instock","12":"sale","13":"taxable","14":"shipping-taxable","15":"purchasable","16":"product-type-simple"},"exclude_global_add_ons":[],"addons":[],"yoast_head":"<!-- This site is optimized with the Yoast SEO plugin v26.7 - https:\/\/yoast.com\/wordpress\/plugins\/seo\/ -->\n<title>Charlie 151x45 cm meuble TV en bois \u00e0 roulettes tiroirs et portes coulissantes<\/title>\n<meta name=\"description\" content=\"Meuble de salon sur roulettes, meuble TV moderne en bois avec 4 tiroirs et 2 portes coulissantes sur rail m\u00e9tallique.\" \/>\n<meta name=\"robots\" content=\"index, follow, max-snippet:-1, max-image-preview:large, max-video-preview:-1\" \/>\n<link rel=\"canonical\" href=\"https:\/\/www.bagnoitalia.com\/fr\/produit\/charlie-151x45-cm-wooden-tv-cabinet-with-wheels-drawers-and-sliding-doors-2.html\" \/>\n<meta property=\"og:locale\" content=\"fr_FR\" \/>\n<meta property=\"og:type\" content=\"article\" \/>\n<meta property=\"og:title\" content=\"Charlie 151x45 cm meuble TV en bois \u00e0 roulettes tiroirs et portes coulissantes\" \/>\n<meta property=\"og:description\" content=\"Meuble de salon sur roulettes, meuble TV moderne en bois avec 4 tiroirs et 2 portes coulissantes sur rail m\u00e9tallique.\" \/>\n<meta property=\"og:url\" content=\"https:\/\/www.bagnoitalia.com\/fr\/produit\/charlie-151x45-cm-wooden-tv-cabinet-with-wheels-drawers-and-sliding-doors-2.html\" \/>\n<meta property=\"og:site_name\" content=\"Bagno Italia\" \/>\n<meta property=\"og:image\" content=\"https:\/\/img.bagnoitalia.com\/wp-content\/uploads\/virtuemart\/product\/mobile-porta-tv-moderno-charlie-legno-metallo-cassetti-ante-1.jpg\" \/>\n\t<meta property=\"og:image:width\" content=\"550\" \/>\n\t<meta property=\"og:image:height\" content=\"550\" \/>\n\t<meta property=\"og:image:type\" content=\"image\/jpeg\" \/>\n<meta name=\"twitter:card\" content=\"summary_large_image\" \/>\n<script type=\"application\/ld+json\" class=\"yoast-schema-graph\">{\"@context\":\"https:\/\/schema.org\",\"@graph\":[{\"@type\":\"WebPage\",\"@id\":\"https:\/\/www.bagnoitalia.com\/fr\/produit\/charlie-151x45-cm-wooden-tv-cabinet-with-wheels-drawers-and-sliding-doors-2.html\",\"url\":\"https:\/\/www.bagnoitalia.com\/fr\/produit\/charlie-151x45-cm-wooden-tv-cabinet-with-wheels-drawers-and-sliding-doors-2.html\",\"name\":\"Charlie 151x45 cm meuble TV en bois \u00e0 roulettes tiroirs et portes coulissantes\",\"isPartOf\":{\"@id\":\"https:\/\/www.bagnoitalia.com\/fr#website\"},\"primaryImageOfPage\":{\"@id\":\"https:\/\/www.bagnoitalia.com\/fr\/produit\/charlie-151x45-cm-wooden-tv-cabinet-with-wheels-drawers-and-sliding-doors-2.html#primaryimage\"},\"image\":{\"@id\":\"https:\/\/www.bagnoitalia.com\/fr\/produit\/charlie-151x45-cm-wooden-tv-cabinet-with-wheels-drawers-and-sliding-doors-2.html#primaryimage\"},\"thumbnailUrl\":\"https:\/\/img.bagnoitalia.com\/wp-content\/uploads\/virtuemart\/product\/mobile-porta-tv-moderno-charlie-legno-metallo-cassetti-ante-1.jpg\",\"datePublished\":\"2024-02-21T13:24:54+00:00\",\"description\":\"Meuble de salon sur roulettes, meuble TV moderne en bois avec 4 tiroirs et 2 portes coulissantes sur rail m\u00e9tallique.\",\"breadcrumb\":{\"@id\":\"https:\/\/www.bagnoitalia.com\/fr\/produit\/charlie-151x45-cm-wooden-tv-cabinet-with-wheels-drawers-and-sliding-doors-2.html#breadcrumb\"},\"inLanguage\":\"fr-FR\",\"potentialAction\":[{\"@type\":\"ReadAction\",\"target\":[\"https:\/\/www.bagnoitalia.com\/fr\/produit\/charlie-151x45-cm-wooden-tv-cabinet-with-wheels-drawers-and-sliding-doors-2.html\"]}]},{\"@type\":\"ImageObject\",\"inLanguage\":\"fr-FR\",\"@id\":\"https:\/\/www.bagnoitalia.com\/fr\/produit\/charlie-151x45-cm-wooden-tv-cabinet-with-wheels-drawers-and-sliding-doors-2.html#primaryimage\",\"url\":\"https:\/\/img.bagnoitalia.com\/wp-content\/uploads\/virtuemart\/product\/mobile-porta-tv-moderno-charlie-legno-metallo-cassetti-ante-1.jpg\",\"contentUrl\":\"https:\/\/img.bagnoitalia.com\/wp-content\/uploads\/virtuemart\/product\/mobile-porta-tv-moderno-charlie-legno-metallo-cassetti-ante-1.jpg\",\"width\":550,\"height\":550},{\"@type\":\"BreadcrumbList\",\"@id\":\"https:\/\/www.bagnoitalia.com\/fr\/produit\/charlie-151x45-cm-wooden-tv-cabinet-with-wheels-drawers-and-sliding-doors-2.html#breadcrumb\",\"itemListElement\":[{\"@type\":\"ListItem\",\"position\":1,\"name\":\"Home\",\"item\":\"https:\/\/www.bagnoitalia.com\/fr\"},{\"@type\":\"ListItem\",\"position\":2,\"name\":\"Produits\",\"item\":\"https:\/\/www.bagnoitalia.com\/fr\/shop\"},{\"@type\":\"ListItem\",\"position\":3,\"name\":\"Charlie 151&#215;45 cm meuble TV en bois \u00e0 roulettes tiroirs et portes coulissantes\"}]},{\"@type\":\"WebSite\",\"@id\":\"https:\/\/www.bagnoitalia.com\/fr#website\",\"url\":\"https:\/\/www.bagnoitalia.com\/fr\",\"name\":\"Bagno Italia\",\"description\":\"\",\"publisher\":{\"@id\":\"https:\/\/www.bagnoitalia.com\/fr#organization\"},\"potentialAction\":[{\"@type\":\"SearchAction\",\"target\":{\"@type\":\"EntryPoint\",\"urlTemplate\":\"https:\/\/www.bagnoitalia.com\/fr?s={search_term_string}\"},\"query-input\":{\"@type\":\"PropertyValueSpecification\",\"valueRequired\":true,\"valueName\":\"search_term_string\"}}],\"inLanguage\":\"fr-FR\"},{\"@type\":\"Organization\",\"@id\":\"https:\/\/www.bagnoitalia.com\/fr#organization\",\"name\":\"Bagno Italia\",\"url\":\"https:\/\/www.bagnoitalia.com\/fr\",\"logo\":{\"@type\":\"ImageObject\",\"inLanguage\":\"fr-FR\",\"@id\":\"https:\/\/www.bagnoitalia.com\/fr#\/schema\/logo\/image\/\",\"url\":\"https:\/\/img.bagnoitalia.com\/wp-content\/uploads\/logo-bagnoitalia.webp\",\"contentUrl\":\"https:\/\/img.bagnoitalia.com\/wp-content\/uploads\/logo-bagnoitalia.webp\",\"width\":400,\"height\":70,\"caption\":\"Bagno Italia\"},\"image\":{\"@id\":\"https:\/\/www.bagnoitalia.com\/fr#\/schema\/logo\/image\/\"}}]}<\/script>\n<!-- \/ Yoast SEO plugin. -->","yoast_head_json":{"title":"Charlie 151x45 cm meuble TV en bois \u00e0 roulettes tiroirs et portes coulissantes","description":"Meuble de salon sur roulettes, meuble TV moderne en bois avec 4 tiroirs et 2 portes coulissantes sur rail m\u00e9tallique.","robots":{"index":"index","follow":"follow","max-snippet":"max-snippet:-1","max-image-preview":"max-image-preview:large","max-video-preview":"max-video-preview:-1"},"canonical":"https:\/\/www.bagnoitalia.com\/fr\/produit\/charlie-151x45-cm-wooden-tv-cabinet-with-wheels-drawers-and-sliding-doors-2.html","og_locale":"fr_FR","og_type":"article","og_title":"Charlie 151x45 cm meuble TV en bois \u00e0 roulettes tiroirs et portes coulissantes","og_description":"Meuble de salon sur roulettes, meuble TV moderne en bois avec 4 tiroirs et 2 portes coulissantes sur rail m\u00e9tallique.","og_url":"https:\/\/www.bagnoitalia.com\/fr\/produit\/charlie-151x45-cm-wooden-tv-cabinet-with-wheels-drawers-and-sliding-doors-2.html","og_site_name":"Bagno Italia","og_image":[{"width":550,"height":550,"url":"https:\/\/img.bagnoitalia.com\/wp-content\/uploads\/virtuemart\/product\/mobile-porta-tv-moderno-charlie-legno-metallo-cassetti-ante-1.jpg","type":"image\/jpeg"}],"twitter_card":"summary_large_image","schema":{"@context":"https:\/\/schema.org","@graph":[{"@type":"WebPage","@id":"https:\/\/www.bagnoitalia.com\/fr\/produit\/charlie-151x45-cm-wooden-tv-cabinet-with-wheels-drawers-and-sliding-doors-2.html","url":"https:\/\/www.bagnoitalia.com\/fr\/produit\/charlie-151x45-cm-wooden-tv-cabinet-with-wheels-drawers-and-sliding-doors-2.html","name":"Charlie 151x45 cm meuble TV en bois \u00e0 roulettes tiroirs et portes coulissantes","isPartOf":{"@id":"https:\/\/www.bagnoitalia.com\/fr#website"},"primaryImageOfPage":{"@id":"https:\/\/www.bagnoitalia.com\/fr\/produit\/charlie-151x45-cm-wooden-tv-cabinet-with-wheels-drawers-and-sliding-doors-2.html#primaryimage"},"image":{"@id":"https:\/\/www.bagnoitalia.com\/fr\/produit\/charlie-151x45-cm-wooden-tv-cabinet-with-wheels-drawers-and-sliding-doors-2.html#primaryimage"},"thumbnailUrl":"https:\/\/img.bagnoitalia.com\/wp-content\/uploads\/virtuemart\/product\/mobile-porta-tv-moderno-charlie-legno-metallo-cassetti-ante-1.jpg","datePublished":"2024-02-21T13:24:54+00:00","description":"Meuble de salon sur roulettes, meuble TV moderne en bois avec 4 tiroirs et 2 portes coulissantes sur rail m\u00e9tallique.","breadcrumb":{"@id":"https:\/\/www.bagnoitalia.com\/fr\/produit\/charlie-151x45-cm-wooden-tv-cabinet-with-wheels-drawers-and-sliding-doors-2.html#breadcrumb"},"inLanguage":"fr-FR","potentialAction":[{"@type":"ReadAction","target":["https:\/\/www.bagnoitalia.com\/fr\/produit\/charlie-151x45-cm-wooden-tv-cabinet-with-wheels-drawers-and-sliding-doors-2.html"]}]},{"@type":"ImageObject","inLanguage":"fr-FR","@id":"https:\/\/www.bagnoitalia.com\/fr\/produit\/charlie-151x45-cm-wooden-tv-cabinet-with-wheels-drawers-and-sliding-doors-2.html#primaryimage","url":"https:\/\/img.bagnoitalia.com\/wp-content\/uploads\/virtuemart\/product\/mobile-porta-tv-moderno-charlie-legno-metallo-cassetti-ante-1.jpg","contentUrl":"https:\/\/img.bagnoitalia.com\/wp-content\/uploads\/virtuemart\/product\/mobile-porta-tv-moderno-charlie-legno-metallo-cassetti-ante-1.jpg","width":550,"height":550},{"@type":"BreadcrumbList","@id":"https:\/\/www.bagnoitalia.com\/fr\/produit\/charlie-151x45-cm-wooden-tv-cabinet-with-wheels-drawers-and-sliding-doors-2.html#breadcrumb","itemListElement":[{"@type":"ListItem","position":1,"name":"Home","item":"https:\/\/www.bagnoitalia.com\/fr"},{"@type":"ListItem","position":2,"name":"Produits","item":"https:\/\/www.bagnoitalia.com\/fr\/shop"},{"@type":"ListItem","position":3,"name":"Charlie 151&#215;45 cm meuble TV en bois \u00e0 roulettes tiroirs et portes coulissantes"}]},{"@type":"WebSite","@id":"https:\/\/www.bagnoitalia.com\/fr#website","url":"https:\/\/www.bagnoitalia.com\/fr","name":"Bagno Italia","description":"","publisher":{"@id":"https:\/\/www.bagnoitalia.com\/fr#organization"},"potentialAction":[{"@type":"SearchAction","target":{"@type":"EntryPoint","urlTemplate":"https:\/\/www.bagnoitalia.com\/fr?s={search_term_string}"},"query-input":{"@type":"PropertyValueSpecification","valueRequired":true,"valueName":"search_term_string"}}],"inLanguage":"fr-FR"},{"@type":"Organization","@id":"https:\/\/www.bagnoitalia.com\/fr#organization","name":"Bagno Italia","url":"https:\/\/www.bagnoitalia.com\/fr","logo":{"@type":"ImageObject","inLanguage":"fr-FR","@id":"https:\/\/www.bagnoitalia.com\/fr#\/schema\/logo\/image\/","url":"https:\/\/img.bagnoitalia.com\/wp-content\/uploads\/logo-bagnoitalia.webp","contentUrl":"https:\/\/img.bagnoitalia.com\/wp-content\/uploads\/logo-bagnoitalia.webp","width":400,"height":70,"caption":"Bagno Italia"},"image":{"@id":"https:\/\/www.bagnoitalia.com\/fr#\/schema\/logo\/image\/"}}]}},"_links":{"self":[{"href":"https:\/\/www.bagnoitalia.com\/fr\/wp-json\/wp\/v2\/product\/84109","targetHints":{"allow":["GET"]}}],"collection":[{"href":"https:\/\/www.bagnoitalia.com\/fr\/wp-json\/wp\/v2\/product"}],"about":[{"href":"https:\/\/www.bagnoitalia.com\/fr\/wp-json\/wp\/v2\/types\/product"}],"replies":[{"embeddable":true,"href":"https:\/\/www.bagnoitalia.com\/fr\/wp-json\/wp\/v2\/comments?post=84109"}],"version-history":[{"count":0,"href":"https:\/\/www.bagnoitalia.com\/fr\/wp-json\/wp\/v2\/product\/84109\/revisions"}],"wp:featuredmedia":[{"embeddable":true,"href":"https:\/\/www.bagnoitalia.com\/fr\/wp-json\/wp\/v2\/media\/72897"}],"wp:attachment":[{"href":"https:\/\/www.bagnoitalia.com\/fr\/wp-json\/wp\/v2\/media?parent=84109"}],"wp:term":[{"taxonomy":"product_brand","embeddable":true,"href":"https:\/\/www.bagnoitalia.com\/fr\/wp-json\/wp\/v2\/product_brand?post=84109"},{"taxonomy":"product_cat","embeddable":true,"href":"https:\/\/www.bagnoitalia.com\/fr\/wp-json\/wp\/v2\/product_cat?post=84109"},{"taxonomy":"product_tag","embeddable":true,"href":"https:\/\/www.bagnoitalia.com\/fr\/wp-json\/wp\/v2\/product_tag?post=84109"}],"curies":[{"name":"wp","href":"https:\/\/api.w.org\/{rel}","templated":true}]}}