{"id":84081,"date":"2024-02-19T14:44:26","date_gmt":"2024-02-19T13:44:26","guid":{"rendered":"https:\/\/www.bagnoitalia.com\/product\/ultra-slim-100x35-cm-wooden-multi-purpose-cabinet-with-doors-and-multicoloured-drawers-bm064-2"},"modified":"2024-02-19T14:44:26","modified_gmt":"2024-02-19T13:44:26","slug":"ultra-slim-100x35-cm-wooden-multi-purpose-cabinet-with-doors-and-multicoloured-drawers-bm064-2","status":"publish","type":"product","link":"https:\/\/www.bagnoitalia.com\/fr\/produit\/ultra-slim-100x35-cm-wooden-multi-purpose-cabinet-with-doors-and-multicoloured-drawers-bm064-2.html","title":{"rendered":"Armoire multifonctionnelle en bois ultra-mince 100&#215;35 cm avec portes et tiroirs multicolores BM064"},"content":{"rendered":"<p>BASE MULTIPLES avec tiroirs et portes MULTICOULEURS<\/p>\n<p>mod\u00e8le \u00ab\u00a0BM064<\/p>\n<p>&nbsp;<\/p>\n<p>&nbsp;<\/p>\n<p>DIMENSIONS DU PRODUIT<\/p>\n<p>longueur 100 cm<\/p>\n<p>hauteur 90 cm<\/p>\n<p>profondeur 35 cm<\/p>\n<p>hauteur des pieds 17,5 cm<\/p>\n<p>SP\u00c9CIFICATIONS DU PRODUIT<\/p>\n<p>Armoire polyvalente comprenant<\/p>\n<p>2 portes avec poign\u00e9es bronz\u00e9es<br \/>7 tiroirs avec boutons en anneau bronz\u00e9<\/p>\n<p>Cadre et pieds en bois naturel<\/p>\n<p>Fa\u00e7ades des portes et des tiroirs de couleur diff\u00e9rente les unes des autres<\/p>\n<p>MAT\u00c9RIAU<\/p>\n<p>Meuble en MDF<\/p>\n<p>Pieds en bois de pin<\/p>\n<p>&nbsp;<\/p>\n<p>&nbsp;<\/p>\n<p>&nbsp;<\/p>\n<p>&nbsp;<\/p>\n<p>&nbsp;<\/p>\n<p>&nbsp;<\/p>\n<p>&nbsp;<\/p>\n<p>&nbsp;<\/p>\n<p>&nbsp;<\/p>\n<p>&nbsp;<\/p>\n<p>&nbsp;<\/p>\n<p>&nbsp;<\/p>\n<p>&nbsp;<\/p>\n<p>&nbsp;<\/p>\n<p>&nbsp;<\/p>\n<p>&nbsp;<\/p>\n<p>&nbsp;<\/p>\n<p>&nbsp;<\/p>\n<p>&nbsp;<\/p>\n<p>&nbsp;<\/p>\n<p>&nbsp;<\/p>\n<p>&nbsp;<\/p>\n<p>&nbsp;<\/p>\n<p>&nbsp;<\/p>\n<p>MO806186<\/p>\n<p>&nbsp;<\/p>\n","protected":false},"excerpt":{"rendered":"<p>Meuble bas pouvant \u00eatre utilis\u00e9 dans le salon ou la chambre \u00e0 coucher, ainsi que dans la salle de bains, au design moderne. Il est dot\u00e9 de pieds arrondis en bois de pin, de portes et de tiroirs, chacun dans une couleur diff\u00e9rente.<\/p>\n","protected":false},"featured_media":72669,"comment_status":"open","ping_status":"closed","template":"","meta":[],"product_brand":[9879],"product_cat":[9787,9771],"product_tag":[],"class_list":{"0":"post-84081","1":"product","2":"type-product","3":"status-publish","4":"has-post-thumbnail","6":"product_brand-vari-produttori-fr","7":"product_cat-meubles","8":"product_cat-mobilier-d-interieur","10":"first","11":"instock","12":"sale","13":"taxable","14":"shipping-taxable","15":"purchasable","16":"product-type-simple"},"exclude_global_add_ons":[],"addons":[],"yoast_head":"<!-- This site is optimized with the Yoast SEO plugin v26.7 - https:\/\/yoast.com\/wordpress\/plugins\/seo\/ -->\n<title>Armoire multifonctionnelle en bois ultra-mince 100x35 cm avec portes et tiroirs multicolores BM064<\/title>\n<meta name=\"description\" content=\"Meuble bas pouvant \u00eatre utilis\u00e9 dans le salon ou la chambre \u00e0 coucher, ainsi que dans la salle de bains, au design moderne. Il est dot\u00e9 de pieds arrondis en bois de pin, de portes et de tiroirs, chacun dans une couleur diff\u00e9rente.\" \/>\n<meta name=\"robots\" content=\"index, follow, max-snippet:-1, max-image-preview:large, max-video-preview:-1\" \/>\n<link rel=\"canonical\" href=\"https:\/\/www.bagnoitalia.com\/fr\/produit\/ultra-slim-100x35-cm-wooden-multi-purpose-cabinet-with-doors-and-multicoloured-drawers-bm064-2.html\" \/>\n<meta property=\"og:locale\" content=\"fr_FR\" \/>\n<meta property=\"og:type\" content=\"article\" \/>\n<meta property=\"og:title\" content=\"Armoire multifonctionnelle en bois ultra-mince 100x35 cm avec portes et tiroirs multicolores BM064\" \/>\n<meta property=\"og:description\" content=\"Meuble bas pouvant \u00eatre utilis\u00e9 dans le salon ou la chambre \u00e0 coucher, ainsi que dans la salle de bains, au design moderne. Il est dot\u00e9 de pieds arrondis en bois de pin, de portes et de tiroirs, chacun dans une couleur diff\u00e9rente.\" \/>\n<meta property=\"og:url\" content=\"https:\/\/www.bagnoitalia.com\/fr\/produit\/ultra-slim-100x35-cm-wooden-multi-purpose-cabinet-with-doors-and-multicoloured-drawers-bm064-2.html\" \/>\n<meta property=\"og:site_name\" content=\"Bagno Italia\" \/>\n<meta property=\"og:image\" content=\"https:\/\/img.bagnoitalia.com\/wp-content\/uploads\/virtuemart\/product\/mobile-cassettiera-multiuso-multicolore-ante-cassetti-1.jpg\" \/>\n\t<meta property=\"og:image:width\" content=\"550\" \/>\n\t<meta property=\"og:image:height\" content=\"550\" \/>\n\t<meta property=\"og:image:type\" content=\"image\/jpeg\" \/>\n<meta name=\"twitter:card\" content=\"summary_large_image\" \/>\n<meta name=\"twitter:label1\" content=\"Dur\u00e9e de lecture estim\u00e9e\" \/>\n\t<meta name=\"twitter:data1\" content=\"1 minute\" \/>\n<script type=\"application\/ld+json\" class=\"yoast-schema-graph\">{\"@context\":\"https:\/\/schema.org\",\"@graph\":[{\"@type\":\"WebPage\",\"@id\":\"https:\/\/www.bagnoitalia.com\/fr\/produit\/ultra-slim-100x35-cm-wooden-multi-purpose-cabinet-with-doors-and-multicoloured-drawers-bm064-2.html\",\"url\":\"https:\/\/www.bagnoitalia.com\/fr\/produit\/ultra-slim-100x35-cm-wooden-multi-purpose-cabinet-with-doors-and-multicoloured-drawers-bm064-2.html\",\"name\":\"Armoire multifonctionnelle en bois ultra-mince 100x35 cm avec portes et tiroirs multicolores BM064\",\"isPartOf\":{\"@id\":\"https:\/\/www.bagnoitalia.com\/fr#website\"},\"primaryImageOfPage\":{\"@id\":\"https:\/\/www.bagnoitalia.com\/fr\/produit\/ultra-slim-100x35-cm-wooden-multi-purpose-cabinet-with-doors-and-multicoloured-drawers-bm064-2.html#primaryimage\"},\"image\":{\"@id\":\"https:\/\/www.bagnoitalia.com\/fr\/produit\/ultra-slim-100x35-cm-wooden-multi-purpose-cabinet-with-doors-and-multicoloured-drawers-bm064-2.html#primaryimage\"},\"thumbnailUrl\":\"https:\/\/img.bagnoitalia.com\/wp-content\/uploads\/virtuemart\/product\/mobile-cassettiera-multiuso-multicolore-ante-cassetti-1.jpg\",\"datePublished\":\"2024-02-19T13:44:26+00:00\",\"description\":\"Meuble bas pouvant \u00eatre utilis\u00e9 dans le salon ou la chambre \u00e0 coucher, ainsi que dans la salle de bains, au design moderne. Il est dot\u00e9 de pieds arrondis en bois de pin, de portes et de tiroirs, chacun dans une couleur diff\u00e9rente.\",\"breadcrumb\":{\"@id\":\"https:\/\/www.bagnoitalia.com\/fr\/produit\/ultra-slim-100x35-cm-wooden-multi-purpose-cabinet-with-doors-and-multicoloured-drawers-bm064-2.html#breadcrumb\"},\"inLanguage\":\"fr-FR\",\"potentialAction\":[{\"@type\":\"ReadAction\",\"target\":[\"https:\/\/www.bagnoitalia.com\/fr\/produit\/ultra-slim-100x35-cm-wooden-multi-purpose-cabinet-with-doors-and-multicoloured-drawers-bm064-2.html\"]}]},{\"@type\":\"ImageObject\",\"inLanguage\":\"fr-FR\",\"@id\":\"https:\/\/www.bagnoitalia.com\/fr\/produit\/ultra-slim-100x35-cm-wooden-multi-purpose-cabinet-with-doors-and-multicoloured-drawers-bm064-2.html#primaryimage\",\"url\":\"https:\/\/img.bagnoitalia.com\/wp-content\/uploads\/virtuemart\/product\/mobile-cassettiera-multiuso-multicolore-ante-cassetti-1.jpg\",\"contentUrl\":\"https:\/\/img.bagnoitalia.com\/wp-content\/uploads\/virtuemart\/product\/mobile-cassettiera-multiuso-multicolore-ante-cassetti-1.jpg\",\"width\":550,\"height\":550},{\"@type\":\"BreadcrumbList\",\"@id\":\"https:\/\/www.bagnoitalia.com\/fr\/produit\/ultra-slim-100x35-cm-wooden-multi-purpose-cabinet-with-doors-and-multicoloured-drawers-bm064-2.html#breadcrumb\",\"itemListElement\":[{\"@type\":\"ListItem\",\"position\":1,\"name\":\"Home\",\"item\":\"https:\/\/www.bagnoitalia.com\/fr\"},{\"@type\":\"ListItem\",\"position\":2,\"name\":\"Produits\",\"item\":\"https:\/\/www.bagnoitalia.com\/fr\/shop\"},{\"@type\":\"ListItem\",\"position\":3,\"name\":\"Armoire multifonctionnelle en bois ultra-mince 100&#215;35 cm avec portes et tiroirs multicolores BM064\"}]},{\"@type\":\"WebSite\",\"@id\":\"https:\/\/www.bagnoitalia.com\/fr#website\",\"url\":\"https:\/\/www.bagnoitalia.com\/fr\",\"name\":\"Bagno Italia\",\"description\":\"\",\"publisher\":{\"@id\":\"https:\/\/www.bagnoitalia.com\/fr#organization\"},\"potentialAction\":[{\"@type\":\"SearchAction\",\"target\":{\"@type\":\"EntryPoint\",\"urlTemplate\":\"https:\/\/www.bagnoitalia.com\/fr?s={search_term_string}\"},\"query-input\":{\"@type\":\"PropertyValueSpecification\",\"valueRequired\":true,\"valueName\":\"search_term_string\"}}],\"inLanguage\":\"fr-FR\"},{\"@type\":\"Organization\",\"@id\":\"https:\/\/www.bagnoitalia.com\/fr#organization\",\"name\":\"Bagno Italia\",\"url\":\"https:\/\/www.bagnoitalia.com\/fr\",\"logo\":{\"@type\":\"ImageObject\",\"inLanguage\":\"fr-FR\",\"@id\":\"https:\/\/www.bagnoitalia.com\/fr#\/schema\/logo\/image\/\",\"url\":\"https:\/\/img.bagnoitalia.com\/wp-content\/uploads\/logo-bagnoitalia.webp\",\"contentUrl\":\"https:\/\/img.bagnoitalia.com\/wp-content\/uploads\/logo-bagnoitalia.webp\",\"width\":400,\"height\":70,\"caption\":\"Bagno Italia\"},\"image\":{\"@id\":\"https:\/\/www.bagnoitalia.com\/fr#\/schema\/logo\/image\/\"}}]}<\/script>\n<!-- \/ Yoast SEO plugin. -->","yoast_head_json":{"title":"Armoire multifonctionnelle en bois ultra-mince 100x35 cm avec portes et tiroirs multicolores BM064","description":"Meuble bas pouvant \u00eatre utilis\u00e9 dans le salon ou la chambre \u00e0 coucher, ainsi que dans la salle de bains, au design moderne. Il est dot\u00e9 de pieds arrondis en bois de pin, de portes et de tiroirs, chacun dans une couleur diff\u00e9rente.","robots":{"index":"index","follow":"follow","max-snippet":"max-snippet:-1","max-image-preview":"max-image-preview:large","max-video-preview":"max-video-preview:-1"},"canonical":"https:\/\/www.bagnoitalia.com\/fr\/produit\/ultra-slim-100x35-cm-wooden-multi-purpose-cabinet-with-doors-and-multicoloured-drawers-bm064-2.html","og_locale":"fr_FR","og_type":"article","og_title":"Armoire multifonctionnelle en bois ultra-mince 100x35 cm avec portes et tiroirs multicolores BM064","og_description":"Meuble bas pouvant \u00eatre utilis\u00e9 dans le salon ou la chambre \u00e0 coucher, ainsi que dans la salle de bains, au design moderne. Il est dot\u00e9 de pieds arrondis en bois de pin, de portes et de tiroirs, chacun dans une couleur diff\u00e9rente.","og_url":"https:\/\/www.bagnoitalia.com\/fr\/produit\/ultra-slim-100x35-cm-wooden-multi-purpose-cabinet-with-doors-and-multicoloured-drawers-bm064-2.html","og_site_name":"Bagno Italia","og_image":[{"width":550,"height":550,"url":"https:\/\/img.bagnoitalia.com\/wp-content\/uploads\/virtuemart\/product\/mobile-cassettiera-multiuso-multicolore-ante-cassetti-1.jpg","type":"image\/jpeg"}],"twitter_card":"summary_large_image","twitter_misc":{"Dur\u00e9e de lecture estim\u00e9e":"1 minute"},"schema":{"@context":"https:\/\/schema.org","@graph":[{"@type":"WebPage","@id":"https:\/\/www.bagnoitalia.com\/fr\/produit\/ultra-slim-100x35-cm-wooden-multi-purpose-cabinet-with-doors-and-multicoloured-drawers-bm064-2.html","url":"https:\/\/www.bagnoitalia.com\/fr\/produit\/ultra-slim-100x35-cm-wooden-multi-purpose-cabinet-with-doors-and-multicoloured-drawers-bm064-2.html","name":"Armoire multifonctionnelle en bois ultra-mince 100x35 cm avec portes et tiroirs multicolores BM064","isPartOf":{"@id":"https:\/\/www.bagnoitalia.com\/fr#website"},"primaryImageOfPage":{"@id":"https:\/\/www.bagnoitalia.com\/fr\/produit\/ultra-slim-100x35-cm-wooden-multi-purpose-cabinet-with-doors-and-multicoloured-drawers-bm064-2.html#primaryimage"},"image":{"@id":"https:\/\/www.bagnoitalia.com\/fr\/produit\/ultra-slim-100x35-cm-wooden-multi-purpose-cabinet-with-doors-and-multicoloured-drawers-bm064-2.html#primaryimage"},"thumbnailUrl":"https:\/\/img.bagnoitalia.com\/wp-content\/uploads\/virtuemart\/product\/mobile-cassettiera-multiuso-multicolore-ante-cassetti-1.jpg","datePublished":"2024-02-19T13:44:26+00:00","description":"Meuble bas pouvant \u00eatre utilis\u00e9 dans le salon ou la chambre \u00e0 coucher, ainsi que dans la salle de bains, au design moderne. Il est dot\u00e9 de pieds arrondis en bois de pin, de portes et de tiroirs, chacun dans une couleur diff\u00e9rente.","breadcrumb":{"@id":"https:\/\/www.bagnoitalia.com\/fr\/produit\/ultra-slim-100x35-cm-wooden-multi-purpose-cabinet-with-doors-and-multicoloured-drawers-bm064-2.html#breadcrumb"},"inLanguage":"fr-FR","potentialAction":[{"@type":"ReadAction","target":["https:\/\/www.bagnoitalia.com\/fr\/produit\/ultra-slim-100x35-cm-wooden-multi-purpose-cabinet-with-doors-and-multicoloured-drawers-bm064-2.html"]}]},{"@type":"ImageObject","inLanguage":"fr-FR","@id":"https:\/\/www.bagnoitalia.com\/fr\/produit\/ultra-slim-100x35-cm-wooden-multi-purpose-cabinet-with-doors-and-multicoloured-drawers-bm064-2.html#primaryimage","url":"https:\/\/img.bagnoitalia.com\/wp-content\/uploads\/virtuemart\/product\/mobile-cassettiera-multiuso-multicolore-ante-cassetti-1.jpg","contentUrl":"https:\/\/img.bagnoitalia.com\/wp-content\/uploads\/virtuemart\/product\/mobile-cassettiera-multiuso-multicolore-ante-cassetti-1.jpg","width":550,"height":550},{"@type":"BreadcrumbList","@id":"https:\/\/www.bagnoitalia.com\/fr\/produit\/ultra-slim-100x35-cm-wooden-multi-purpose-cabinet-with-doors-and-multicoloured-drawers-bm064-2.html#breadcrumb","itemListElement":[{"@type":"ListItem","position":1,"name":"Home","item":"https:\/\/www.bagnoitalia.com\/fr"},{"@type":"ListItem","position":2,"name":"Produits","item":"https:\/\/www.bagnoitalia.com\/fr\/shop"},{"@type":"ListItem","position":3,"name":"Armoire multifonctionnelle en bois ultra-mince 100&#215;35 cm avec portes et tiroirs multicolores BM064"}]},{"@type":"WebSite","@id":"https:\/\/www.bagnoitalia.com\/fr#website","url":"https:\/\/www.bagnoitalia.com\/fr","name":"Bagno Italia","description":"","publisher":{"@id":"https:\/\/www.bagnoitalia.com\/fr#organization"},"potentialAction":[{"@type":"SearchAction","target":{"@type":"EntryPoint","urlTemplate":"https:\/\/www.bagnoitalia.com\/fr?s={search_term_string}"},"query-input":{"@type":"PropertyValueSpecification","valueRequired":true,"valueName":"search_term_string"}}],"inLanguage":"fr-FR"},{"@type":"Organization","@id":"https:\/\/www.bagnoitalia.com\/fr#organization","name":"Bagno Italia","url":"https:\/\/www.bagnoitalia.com\/fr","logo":{"@type":"ImageObject","inLanguage":"fr-FR","@id":"https:\/\/www.bagnoitalia.com\/fr#\/schema\/logo\/image\/","url":"https:\/\/img.bagnoitalia.com\/wp-content\/uploads\/logo-bagnoitalia.webp","contentUrl":"https:\/\/img.bagnoitalia.com\/wp-content\/uploads\/logo-bagnoitalia.webp","width":400,"height":70,"caption":"Bagno Italia"},"image":{"@id":"https:\/\/www.bagnoitalia.com\/fr#\/schema\/logo\/image\/"}}]}},"_links":{"self":[{"href":"https:\/\/www.bagnoitalia.com\/fr\/wp-json\/wp\/v2\/product\/84081","targetHints":{"allow":["GET"]}}],"collection":[{"href":"https:\/\/www.bagnoitalia.com\/fr\/wp-json\/wp\/v2\/product"}],"about":[{"href":"https:\/\/www.bagnoitalia.com\/fr\/wp-json\/wp\/v2\/types\/product"}],"replies":[{"embeddable":true,"href":"https:\/\/www.bagnoitalia.com\/fr\/wp-json\/wp\/v2\/comments?post=84081"}],"version-history":[{"count":0,"href":"https:\/\/www.bagnoitalia.com\/fr\/wp-json\/wp\/v2\/product\/84081\/revisions"}],"wp:featuredmedia":[{"embeddable":true,"href":"https:\/\/www.bagnoitalia.com\/fr\/wp-json\/wp\/v2\/media\/72669"}],"wp:attachment":[{"href":"https:\/\/www.bagnoitalia.com\/fr\/wp-json\/wp\/v2\/media?parent=84081"}],"wp:term":[{"taxonomy":"product_brand","embeddable":true,"href":"https:\/\/www.bagnoitalia.com\/fr\/wp-json\/wp\/v2\/product_brand?post=84081"},{"taxonomy":"product_cat","embeddable":true,"href":"https:\/\/www.bagnoitalia.com\/fr\/wp-json\/wp\/v2\/product_cat?post=84081"},{"taxonomy":"product_tag","embeddable":true,"href":"https:\/\/www.bagnoitalia.com\/fr\/wp-json\/wp\/v2\/product_tag?post=84081"}],"curies":[{"name":"wp","href":"https:\/\/api.w.org\/{rel}","templated":true}]}}