{"id":84037,"date":"2024-02-13T15:12:39","date_gmt":"2024-02-13T14:12:39","guid":{"rendered":"https:\/\/www.bagnoitalia.com\/product\/giulia-multicoloured-armchair-with-modern-design-footrest-with-wooden-legs-2"},"modified":"2024-02-13T15:12:39","modified_gmt":"2024-02-13T14:12:39","slug":"giulia-multicoloured-armchair-with-modern-design-footrest-with-wooden-legs-2","status":"publish","type":"product","link":"https:\/\/www.bagnoitalia.com\/fr\/produit\/giulia-multicoloured-armchair-with-modern-design-footrest-with-wooden-legs-2.html","title":{"rendered":"Giulia fauteuil multicolore avec design moderne repose-pieds avec pieds en bois"},"content":{"rendered":"<p>FAUTEUIL \u00ab\u00a0GIULIA\u00a0\u00bb AVEC REPOSE-PIEDS<\/p>\n<p>&nbsp;<\/p>\n<p>&nbsp;<\/p>\n<p>CARACT\u00c9RISTIQUES PRINCIPALES<\/p>\n<p>Fauteuil d&rsquo;int\u00e9rieur avec accoudoirs int\u00e9gr\u00e9s<\/p>\n<p>Complet avec repose-pieds ind\u00e9pendant<\/p>\n<p>Avec pieds en bois<\/p>\n<p>Rev\u00eatement multicolore<\/p>\n<p>Longueur maximale du fauteuil 69 cm<\/p>\n<p>Hauteur totale du fauteuil 91,5 cm<\/p>\n<p>Hauteur des pieds du fauteuil 35 cm<\/p>\n<p>Hauteur max. du repose-pieds 46 cm<\/p>\n<p>Longueur du repose-pieds 65 cm<\/p>\n<p>&nbsp;<\/p>\n<p>&nbsp;<\/p>\n<p>&nbsp;<\/p>\n<p>&nbsp;<\/p>\n<p>&nbsp;<\/p>\n<p>&nbsp;<\/p>\n<p>&nbsp;<\/p>\n<p>&nbsp;<\/p>\n<p>&nbsp;<\/p>\n<p>&nbsp;<\/p>\n<p>&nbsp;<\/p>\n<p>&nbsp;<\/p>\n<p>&nbsp;<\/p>\n<p>&nbsp;<\/p>\n<p>&nbsp;<\/p>\n<p>&nbsp;<\/p>\n<p>&nbsp;<\/p>\n<p>&nbsp;<\/p>\n<p>&nbsp;<\/p>\n<p>&nbsp;<\/p>\n<p>&nbsp;<\/p>\n<p>&nbsp;<\/p>\n<p>&nbsp;<\/p>\n<p>&nbsp;<\/p>\n<p>&nbsp;<\/p>\n<p>&nbsp;<\/p>\n<p>&nbsp;<\/p>\n<p>&nbsp;<\/p>\n<p>&nbsp;<\/p>\n<p>&nbsp;<\/p>\n<p>&nbsp;<\/p>\n<p>&nbsp;<\/p>\n<p>&nbsp;<\/p>\n<p>&nbsp;<\/p>\n<p>&nbsp;<\/p>\n<p>&nbsp;<\/p>\n<p>&nbsp;<\/p>\n<p>&nbsp;<\/p>\n<p>&nbsp;<\/p>\n<p>&nbsp;<\/p>\n<p>&nbsp;<\/p>\n<p>HF807073<\/p>\n<p>&nbsp;<\/p>\n","protected":false},"excerpt":{"rendered":"<p>Fauteuil confortable avec accoudoirs, compl\u00e9t\u00e9 par un repose-pieds ind\u00e9pendant assorti. Il se distingue par son rev\u00eatement multicolore et ses pieds en bois arrondis.<\/p>\n","protected":false},"featured_media":72245,"comment_status":"open","ping_status":"closed","template":"","meta":[],"product_brand":[9879],"product_cat":[9803],"product_tag":[],"class_list":{"0":"post-84037","1":"product","2":"type-product","3":"status-publish","4":"has-post-thumbnail","6":"product_brand-vari-produttori-fr","7":"product_cat-fauteuils","9":"first","10":"instock","11":"sale","12":"taxable","13":"shipping-taxable","14":"purchasable","15":"product-type-simple"},"exclude_global_add_ons":[],"addons":[],"yoast_head":"<!-- This site is optimized with the Yoast SEO plugin v26.7 - https:\/\/yoast.com\/wordpress\/plugins\/seo\/ -->\n<title>Giulia fauteuil multicolore avec design moderne repose-pieds avec pieds en bois<\/title>\n<meta name=\"description\" content=\"Fauteuil confortable avec accoudoirs, compl\u00e9t\u00e9 par un repose-pieds ind\u00e9pendant assorti. Il se distingue par son rev\u00eatement multicolore et ses pieds en bois arrondis.\" \/>\n<meta name=\"robots\" content=\"index, follow, max-snippet:-1, max-image-preview:large, max-video-preview:-1\" \/>\n<link rel=\"canonical\" href=\"https:\/\/www.bagnoitalia.com\/fr\/produit\/giulia-multicoloured-armchair-with-modern-design-footrest-with-wooden-legs-2.html\" \/>\n<meta property=\"og:locale\" content=\"fr_FR\" \/>\n<meta property=\"og:type\" content=\"article\" \/>\n<meta property=\"og:title\" content=\"Giulia fauteuil multicolore avec design moderne repose-pieds avec pieds en bois\" \/>\n<meta property=\"og:description\" content=\"Fauteuil confortable avec accoudoirs, compl\u00e9t\u00e9 par un repose-pieds ind\u00e9pendant assorti. Il se distingue par son rev\u00eatement multicolore et ses pieds en bois arrondis.\" \/>\n<meta property=\"og:url\" content=\"https:\/\/www.bagnoitalia.com\/fr\/produit\/giulia-multicoloured-armchair-with-modern-design-footrest-with-wooden-legs-2.html\" \/>\n<meta property=\"og:site_name\" content=\"Bagno Italia\" \/>\n<meta property=\"og:image\" content=\"https:\/\/img.bagnoitalia.com\/wp-content\/uploads\/virtuemart\/product\/poltrona-giulia-multicolore-con-poggiapiedi-1.jpg\" \/>\n\t<meta property=\"og:image:width\" content=\"550\" \/>\n\t<meta property=\"og:image:height\" content=\"550\" \/>\n\t<meta property=\"og:image:type\" content=\"image\/jpeg\" \/>\n<meta name=\"twitter:card\" content=\"summary_large_image\" \/>\n<script type=\"application\/ld+json\" class=\"yoast-schema-graph\">{\"@context\":\"https:\/\/schema.org\",\"@graph\":[{\"@type\":\"WebPage\",\"@id\":\"https:\/\/www.bagnoitalia.com\/fr\/produit\/giulia-multicoloured-armchair-with-modern-design-footrest-with-wooden-legs-2.html\",\"url\":\"https:\/\/www.bagnoitalia.com\/fr\/produit\/giulia-multicoloured-armchair-with-modern-design-footrest-with-wooden-legs-2.html\",\"name\":\"Giulia fauteuil multicolore avec design moderne repose-pieds avec pieds en bois\",\"isPartOf\":{\"@id\":\"https:\/\/www.bagnoitalia.com\/fr#website\"},\"primaryImageOfPage\":{\"@id\":\"https:\/\/www.bagnoitalia.com\/fr\/produit\/giulia-multicoloured-armchair-with-modern-design-footrest-with-wooden-legs-2.html#primaryimage\"},\"image\":{\"@id\":\"https:\/\/www.bagnoitalia.com\/fr\/produit\/giulia-multicoloured-armchair-with-modern-design-footrest-with-wooden-legs-2.html#primaryimage\"},\"thumbnailUrl\":\"https:\/\/img.bagnoitalia.com\/wp-content\/uploads\/virtuemart\/product\/poltrona-giulia-multicolore-con-poggiapiedi-1.jpg\",\"datePublished\":\"2024-02-13T14:12:39+00:00\",\"description\":\"Fauteuil confortable avec accoudoirs, compl\u00e9t\u00e9 par un repose-pieds ind\u00e9pendant assorti. Il se distingue par son rev\u00eatement multicolore et ses pieds en bois arrondis.\",\"breadcrumb\":{\"@id\":\"https:\/\/www.bagnoitalia.com\/fr\/produit\/giulia-multicoloured-armchair-with-modern-design-footrest-with-wooden-legs-2.html#breadcrumb\"},\"inLanguage\":\"fr-FR\",\"potentialAction\":[{\"@type\":\"ReadAction\",\"target\":[\"https:\/\/www.bagnoitalia.com\/fr\/produit\/giulia-multicoloured-armchair-with-modern-design-footrest-with-wooden-legs-2.html\"]}]},{\"@type\":\"ImageObject\",\"inLanguage\":\"fr-FR\",\"@id\":\"https:\/\/www.bagnoitalia.com\/fr\/produit\/giulia-multicoloured-armchair-with-modern-design-footrest-with-wooden-legs-2.html#primaryimage\",\"url\":\"https:\/\/img.bagnoitalia.com\/wp-content\/uploads\/virtuemart\/product\/poltrona-giulia-multicolore-con-poggiapiedi-1.jpg\",\"contentUrl\":\"https:\/\/img.bagnoitalia.com\/wp-content\/uploads\/virtuemart\/product\/poltrona-giulia-multicolore-con-poggiapiedi-1.jpg\",\"width\":550,\"height\":550},{\"@type\":\"BreadcrumbList\",\"@id\":\"https:\/\/www.bagnoitalia.com\/fr\/produit\/giulia-multicoloured-armchair-with-modern-design-footrest-with-wooden-legs-2.html#breadcrumb\",\"itemListElement\":[{\"@type\":\"ListItem\",\"position\":1,\"name\":\"Home\",\"item\":\"https:\/\/www.bagnoitalia.com\/fr\"},{\"@type\":\"ListItem\",\"position\":2,\"name\":\"Produits\",\"item\":\"https:\/\/www.bagnoitalia.com\/fr\/shop\"},{\"@type\":\"ListItem\",\"position\":3,\"name\":\"Giulia fauteuil multicolore avec design moderne repose-pieds avec pieds en bois\"}]},{\"@type\":\"WebSite\",\"@id\":\"https:\/\/www.bagnoitalia.com\/fr#website\",\"url\":\"https:\/\/www.bagnoitalia.com\/fr\",\"name\":\"Bagno Italia\",\"description\":\"\",\"publisher\":{\"@id\":\"https:\/\/www.bagnoitalia.com\/fr#organization\"},\"potentialAction\":[{\"@type\":\"SearchAction\",\"target\":{\"@type\":\"EntryPoint\",\"urlTemplate\":\"https:\/\/www.bagnoitalia.com\/fr?s={search_term_string}\"},\"query-input\":{\"@type\":\"PropertyValueSpecification\",\"valueRequired\":true,\"valueName\":\"search_term_string\"}}],\"inLanguage\":\"fr-FR\"},{\"@type\":\"Organization\",\"@id\":\"https:\/\/www.bagnoitalia.com\/fr#organization\",\"name\":\"Bagno Italia\",\"url\":\"https:\/\/www.bagnoitalia.com\/fr\",\"logo\":{\"@type\":\"ImageObject\",\"inLanguage\":\"fr-FR\",\"@id\":\"https:\/\/www.bagnoitalia.com\/fr#\/schema\/logo\/image\/\",\"url\":\"https:\/\/img.bagnoitalia.com\/wp-content\/uploads\/logo-bagnoitalia.webp\",\"contentUrl\":\"https:\/\/img.bagnoitalia.com\/wp-content\/uploads\/logo-bagnoitalia.webp\",\"width\":400,\"height\":70,\"caption\":\"Bagno Italia\"},\"image\":{\"@id\":\"https:\/\/www.bagnoitalia.com\/fr#\/schema\/logo\/image\/\"}}]}<\/script>\n<!-- \/ Yoast SEO plugin. -->","yoast_head_json":{"title":"Giulia fauteuil multicolore avec design moderne repose-pieds avec pieds en bois","description":"Fauteuil confortable avec accoudoirs, compl\u00e9t\u00e9 par un repose-pieds ind\u00e9pendant assorti. Il se distingue par son rev\u00eatement multicolore et ses pieds en bois arrondis.","robots":{"index":"index","follow":"follow","max-snippet":"max-snippet:-1","max-image-preview":"max-image-preview:large","max-video-preview":"max-video-preview:-1"},"canonical":"https:\/\/www.bagnoitalia.com\/fr\/produit\/giulia-multicoloured-armchair-with-modern-design-footrest-with-wooden-legs-2.html","og_locale":"fr_FR","og_type":"article","og_title":"Giulia fauteuil multicolore avec design moderne repose-pieds avec pieds en bois","og_description":"Fauteuil confortable avec accoudoirs, compl\u00e9t\u00e9 par un repose-pieds ind\u00e9pendant assorti. Il se distingue par son rev\u00eatement multicolore et ses pieds en bois arrondis.","og_url":"https:\/\/www.bagnoitalia.com\/fr\/produit\/giulia-multicoloured-armchair-with-modern-design-footrest-with-wooden-legs-2.html","og_site_name":"Bagno Italia","og_image":[{"width":550,"height":550,"url":"https:\/\/img.bagnoitalia.com\/wp-content\/uploads\/virtuemart\/product\/poltrona-giulia-multicolore-con-poggiapiedi-1.jpg","type":"image\/jpeg"}],"twitter_card":"summary_large_image","schema":{"@context":"https:\/\/schema.org","@graph":[{"@type":"WebPage","@id":"https:\/\/www.bagnoitalia.com\/fr\/produit\/giulia-multicoloured-armchair-with-modern-design-footrest-with-wooden-legs-2.html","url":"https:\/\/www.bagnoitalia.com\/fr\/produit\/giulia-multicoloured-armchair-with-modern-design-footrest-with-wooden-legs-2.html","name":"Giulia fauteuil multicolore avec design moderne repose-pieds avec pieds en bois","isPartOf":{"@id":"https:\/\/www.bagnoitalia.com\/fr#website"},"primaryImageOfPage":{"@id":"https:\/\/www.bagnoitalia.com\/fr\/produit\/giulia-multicoloured-armchair-with-modern-design-footrest-with-wooden-legs-2.html#primaryimage"},"image":{"@id":"https:\/\/www.bagnoitalia.com\/fr\/produit\/giulia-multicoloured-armchair-with-modern-design-footrest-with-wooden-legs-2.html#primaryimage"},"thumbnailUrl":"https:\/\/img.bagnoitalia.com\/wp-content\/uploads\/virtuemart\/product\/poltrona-giulia-multicolore-con-poggiapiedi-1.jpg","datePublished":"2024-02-13T14:12:39+00:00","description":"Fauteuil confortable avec accoudoirs, compl\u00e9t\u00e9 par un repose-pieds ind\u00e9pendant assorti. Il se distingue par son rev\u00eatement multicolore et ses pieds en bois arrondis.","breadcrumb":{"@id":"https:\/\/www.bagnoitalia.com\/fr\/produit\/giulia-multicoloured-armchair-with-modern-design-footrest-with-wooden-legs-2.html#breadcrumb"},"inLanguage":"fr-FR","potentialAction":[{"@type":"ReadAction","target":["https:\/\/www.bagnoitalia.com\/fr\/produit\/giulia-multicoloured-armchair-with-modern-design-footrest-with-wooden-legs-2.html"]}]},{"@type":"ImageObject","inLanguage":"fr-FR","@id":"https:\/\/www.bagnoitalia.com\/fr\/produit\/giulia-multicoloured-armchair-with-modern-design-footrest-with-wooden-legs-2.html#primaryimage","url":"https:\/\/img.bagnoitalia.com\/wp-content\/uploads\/virtuemart\/product\/poltrona-giulia-multicolore-con-poggiapiedi-1.jpg","contentUrl":"https:\/\/img.bagnoitalia.com\/wp-content\/uploads\/virtuemart\/product\/poltrona-giulia-multicolore-con-poggiapiedi-1.jpg","width":550,"height":550},{"@type":"BreadcrumbList","@id":"https:\/\/www.bagnoitalia.com\/fr\/produit\/giulia-multicoloured-armchair-with-modern-design-footrest-with-wooden-legs-2.html#breadcrumb","itemListElement":[{"@type":"ListItem","position":1,"name":"Home","item":"https:\/\/www.bagnoitalia.com\/fr"},{"@type":"ListItem","position":2,"name":"Produits","item":"https:\/\/www.bagnoitalia.com\/fr\/shop"},{"@type":"ListItem","position":3,"name":"Giulia fauteuil multicolore avec design moderne repose-pieds avec pieds en bois"}]},{"@type":"WebSite","@id":"https:\/\/www.bagnoitalia.com\/fr#website","url":"https:\/\/www.bagnoitalia.com\/fr","name":"Bagno Italia","description":"","publisher":{"@id":"https:\/\/www.bagnoitalia.com\/fr#organization"},"potentialAction":[{"@type":"SearchAction","target":{"@type":"EntryPoint","urlTemplate":"https:\/\/www.bagnoitalia.com\/fr?s={search_term_string}"},"query-input":{"@type":"PropertyValueSpecification","valueRequired":true,"valueName":"search_term_string"}}],"inLanguage":"fr-FR"},{"@type":"Organization","@id":"https:\/\/www.bagnoitalia.com\/fr#organization","name":"Bagno Italia","url":"https:\/\/www.bagnoitalia.com\/fr","logo":{"@type":"ImageObject","inLanguage":"fr-FR","@id":"https:\/\/www.bagnoitalia.com\/fr#\/schema\/logo\/image\/","url":"https:\/\/img.bagnoitalia.com\/wp-content\/uploads\/logo-bagnoitalia.webp","contentUrl":"https:\/\/img.bagnoitalia.com\/wp-content\/uploads\/logo-bagnoitalia.webp","width":400,"height":70,"caption":"Bagno Italia"},"image":{"@id":"https:\/\/www.bagnoitalia.com\/fr#\/schema\/logo\/image\/"}}]}},"_links":{"self":[{"href":"https:\/\/www.bagnoitalia.com\/fr\/wp-json\/wp\/v2\/product\/84037","targetHints":{"allow":["GET"]}}],"collection":[{"href":"https:\/\/www.bagnoitalia.com\/fr\/wp-json\/wp\/v2\/product"}],"about":[{"href":"https:\/\/www.bagnoitalia.com\/fr\/wp-json\/wp\/v2\/types\/product"}],"replies":[{"embeddable":true,"href":"https:\/\/www.bagnoitalia.com\/fr\/wp-json\/wp\/v2\/comments?post=84037"}],"version-history":[{"count":0,"href":"https:\/\/www.bagnoitalia.com\/fr\/wp-json\/wp\/v2\/product\/84037\/revisions"}],"wp:featuredmedia":[{"embeddable":true,"href":"https:\/\/www.bagnoitalia.com\/fr\/wp-json\/wp\/v2\/media\/72245"}],"wp:attachment":[{"href":"https:\/\/www.bagnoitalia.com\/fr\/wp-json\/wp\/v2\/media?parent=84037"}],"wp:term":[{"taxonomy":"product_brand","embeddable":true,"href":"https:\/\/www.bagnoitalia.com\/fr\/wp-json\/wp\/v2\/product_brand?post=84037"},{"taxonomy":"product_cat","embeddable":true,"href":"https:\/\/www.bagnoitalia.com\/fr\/wp-json\/wp\/v2\/product_cat?post=84037"},{"taxonomy":"product_tag","embeddable":true,"href":"https:\/\/www.bagnoitalia.com\/fr\/wp-json\/wp\/v2\/product_tag?post=84037"}],"curies":[{"name":"wp","href":"https:\/\/api.w.org\/{rel}","templated":true}]}}