{"id":84021,"date":"2024-02-12T16:38:06","date_gmt":"2024-02-12T15:38:06","guid":{"rendered":"https:\/\/www.bagnoitalia.com\/product\/gazebo-ivory-ecru-square-300x300-cm-with-mosquito-nets-and-steel-frame-gz15-2"},"modified":"2024-02-12T16:38:06","modified_gmt":"2024-02-12T15:38:06","slug":"gazebo-ivory-ecru-square-300x300-cm-with-mosquito-nets-and-steel-frame-gz15-2","status":"publish","type":"product","link":"https:\/\/www.bagnoitalia.com\/fr\/produit\/gazebo-ivory-ecru-square-300x300-cm-with-mosquito-nets-and-steel-frame-gz15-2.html","title":{"rendered":"Chapiteau ivoire-ecr\u00f9 carr\u00e9 300&#215;300 cm avec moustiquaires et structure en acier GZ15"},"content":{"rendered":"<p>GAZEBO CARR\u00c9 AVEC RIDEAUX \u00ab\u00a0GZ15<\/p>\n<p>&nbsp;<\/p>\n<p>&nbsp;<\/p>\n<p>SP\u00c9CIFICATIONS DU PRODUIT<\/p>\n<p>Gloriette carr\u00e9e pour le jardin et l&rsquo;ext\u00e9rieur<\/p>\n<p>Dimensions : 300x300xH265 cm : 300x300xH265 cm<\/p>\n<p>Rideaux lat\u00e9raux et moustiquaire inclus<\/p>\n<p>Structure en acier de couleur noire<\/p>\n<p>Toile en polyester ivoire 200gr<\/p>\n<p>Rideaux en polyester ivoire-\u00e9cru 160gr<\/p>\n<p>&nbsp;<\/p>\n<p>&nbsp;<\/p>\n<p>&nbsp;<\/p>\n<p>&nbsp;<\/p>\n<p>&nbsp;<\/p>\n<p>&nbsp;<\/p>\n<p>&nbsp;<\/p>\n<p>&nbsp;<\/p>\n<p>&nbsp;<\/p>\n<p>&nbsp;<\/p>\n<p>&nbsp;<\/p>\n<p>&nbsp;<\/p>\n<p>&nbsp;<\/p>\n<p>&nbsp;<\/p>\n<p>&nbsp;<\/p>\n<p>&nbsp;<\/p>\n<p>&nbsp;<\/p>\n<p>&nbsp;<\/p>\n<p>&nbsp;<\/p>\n<p>&nbsp;<\/p>\n<p>&nbsp;<\/p>\n<p>&nbsp;<\/p>\n<p>&nbsp;<\/p>\n<p>&nbsp;<\/p>\n<p>&nbsp;<\/p>\n<p>&nbsp;<\/p>\n<p>&nbsp;<\/p>\n<p>&nbsp;<\/p>\n<p>&nbsp;<\/p>\n<p>&nbsp;<\/p>\n<p>&nbsp;<\/p>\n<p>&nbsp;<\/p>\n<p>&nbsp;<\/p>\n<p>&nbsp;<\/p>\n<p>&nbsp;<\/p>\n<p>GA802039<\/p>\n<p>&nbsp;<\/p>\n","protected":false},"excerpt":{"rendered":"<p>Gloriette moderne en acier noir, avec toile et rideaux en polyester ivoire. Dimensions 300x300xH265 cm.<\/p>\n","protected":false},"featured_media":72161,"comment_status":"open","ping_status":"closed","template":"","meta":[],"product_brand":[9879],"product_cat":[10009,9783],"product_tag":[],"class_list":{"0":"post-84021","1":"product","2":"type-product","3":"status-publish","4":"has-post-thumbnail","6":"product_brand-vari-produttori-fr","7":"product_cat-gazebos-fr","8":"product_cat-mobilier-d-39-exterieur","10":"first","11":"instock","12":"sale","13":"taxable","14":"shipping-taxable","15":"purchasable","16":"product-type-simple"},"exclude_global_add_ons":[],"addons":[],"yoast_head":"<!-- This site is optimized with the Yoast SEO plugin v26.7 - https:\/\/yoast.com\/wordpress\/plugins\/seo\/ -->\n<title>Chapiteau ivoire-ecr\u00f9 carr\u00e9 300x300 cm avec moustiquaires et structure en acier GZ15<\/title>\n<meta name=\"description\" content=\"Gloriette moderne en acier noir, avec toile et rideaux en polyester ivoire. Dimensions 300x300xH265 cm.\" \/>\n<meta name=\"robots\" content=\"index, follow, max-snippet:-1, max-image-preview:large, max-video-preview:-1\" \/>\n<link rel=\"canonical\" href=\"https:\/\/www.bagnoitalia.com\/fr\/produit\/gazebo-ivory-ecru-square-300x300-cm-with-mosquito-nets-and-steel-frame-gz15-2.html\" \/>\n<meta property=\"og:locale\" content=\"fr_FR\" \/>\n<meta property=\"og:type\" content=\"article\" \/>\n<meta property=\"og:title\" content=\"Chapiteau ivoire-ecr\u00f9 carr\u00e9 300x300 cm avec moustiquaires et structure en acier GZ15\" \/>\n<meta property=\"og:description\" content=\"Gloriette moderne en acier noir, avec toile et rideaux en polyester ivoire. Dimensions 300x300xH265 cm.\" \/>\n<meta property=\"og:url\" content=\"https:\/\/www.bagnoitalia.com\/fr\/produit\/gazebo-ivory-ecru-square-300x300-cm-with-mosquito-nets-and-steel-frame-gz15-2.html\" \/>\n<meta property=\"og:site_name\" content=\"Bagno Italia\" \/>\n<meta property=\"og:image\" content=\"https:\/\/img.bagnoitalia.com\/wp-content\/uploads\/virtuemart\/product\/gazebo-quadrato-acciaio-poliestere-avorio-1.jpg\" \/>\n\t<meta property=\"og:image:width\" content=\"550\" \/>\n\t<meta property=\"og:image:height\" content=\"550\" \/>\n\t<meta property=\"og:image:type\" content=\"image\/jpeg\" \/>\n<meta name=\"twitter:card\" content=\"summary_large_image\" \/>\n<script type=\"application\/ld+json\" class=\"yoast-schema-graph\">{\"@context\":\"https:\/\/schema.org\",\"@graph\":[{\"@type\":\"WebPage\",\"@id\":\"https:\/\/www.bagnoitalia.com\/fr\/produit\/gazebo-ivory-ecru-square-300x300-cm-with-mosquito-nets-and-steel-frame-gz15-2.html\",\"url\":\"https:\/\/www.bagnoitalia.com\/fr\/produit\/gazebo-ivory-ecru-square-300x300-cm-with-mosquito-nets-and-steel-frame-gz15-2.html\",\"name\":\"Chapiteau ivoire-ecr\u00f9 carr\u00e9 300x300 cm avec moustiquaires et structure en acier GZ15\",\"isPartOf\":{\"@id\":\"https:\/\/www.bagnoitalia.com\/fr#website\"},\"primaryImageOfPage\":{\"@id\":\"https:\/\/www.bagnoitalia.com\/fr\/produit\/gazebo-ivory-ecru-square-300x300-cm-with-mosquito-nets-and-steel-frame-gz15-2.html#primaryimage\"},\"image\":{\"@id\":\"https:\/\/www.bagnoitalia.com\/fr\/produit\/gazebo-ivory-ecru-square-300x300-cm-with-mosquito-nets-and-steel-frame-gz15-2.html#primaryimage\"},\"thumbnailUrl\":\"https:\/\/img.bagnoitalia.com\/wp-content\/uploads\/virtuemart\/product\/gazebo-quadrato-acciaio-poliestere-avorio-1.jpg\",\"datePublished\":\"2024-02-12T15:38:06+00:00\",\"description\":\"Gloriette moderne en acier noir, avec toile et rideaux en polyester ivoire. Dimensions 300x300xH265 cm.\",\"breadcrumb\":{\"@id\":\"https:\/\/www.bagnoitalia.com\/fr\/produit\/gazebo-ivory-ecru-square-300x300-cm-with-mosquito-nets-and-steel-frame-gz15-2.html#breadcrumb\"},\"inLanguage\":\"fr-FR\",\"potentialAction\":[{\"@type\":\"ReadAction\",\"target\":[\"https:\/\/www.bagnoitalia.com\/fr\/produit\/gazebo-ivory-ecru-square-300x300-cm-with-mosquito-nets-and-steel-frame-gz15-2.html\"]}]},{\"@type\":\"ImageObject\",\"inLanguage\":\"fr-FR\",\"@id\":\"https:\/\/www.bagnoitalia.com\/fr\/produit\/gazebo-ivory-ecru-square-300x300-cm-with-mosquito-nets-and-steel-frame-gz15-2.html#primaryimage\",\"url\":\"https:\/\/img.bagnoitalia.com\/wp-content\/uploads\/virtuemart\/product\/gazebo-quadrato-acciaio-poliestere-avorio-1.jpg\",\"contentUrl\":\"https:\/\/img.bagnoitalia.com\/wp-content\/uploads\/virtuemart\/product\/gazebo-quadrato-acciaio-poliestere-avorio-1.jpg\",\"width\":550,\"height\":550},{\"@type\":\"BreadcrumbList\",\"@id\":\"https:\/\/www.bagnoitalia.com\/fr\/produit\/gazebo-ivory-ecru-square-300x300-cm-with-mosquito-nets-and-steel-frame-gz15-2.html#breadcrumb\",\"itemListElement\":[{\"@type\":\"ListItem\",\"position\":1,\"name\":\"Home\",\"item\":\"https:\/\/www.bagnoitalia.com\/fr\"},{\"@type\":\"ListItem\",\"position\":2,\"name\":\"Produits\",\"item\":\"https:\/\/www.bagnoitalia.com\/fr\/shop\"},{\"@type\":\"ListItem\",\"position\":3,\"name\":\"Chapiteau ivoire-ecr\u00f9 carr\u00e9 300&#215;300 cm avec moustiquaires et structure en acier GZ15\"}]},{\"@type\":\"WebSite\",\"@id\":\"https:\/\/www.bagnoitalia.com\/fr#website\",\"url\":\"https:\/\/www.bagnoitalia.com\/fr\",\"name\":\"Bagno Italia\",\"description\":\"\",\"publisher\":{\"@id\":\"https:\/\/www.bagnoitalia.com\/fr#organization\"},\"potentialAction\":[{\"@type\":\"SearchAction\",\"target\":{\"@type\":\"EntryPoint\",\"urlTemplate\":\"https:\/\/www.bagnoitalia.com\/fr?s={search_term_string}\"},\"query-input\":{\"@type\":\"PropertyValueSpecification\",\"valueRequired\":true,\"valueName\":\"search_term_string\"}}],\"inLanguage\":\"fr-FR\"},{\"@type\":\"Organization\",\"@id\":\"https:\/\/www.bagnoitalia.com\/fr#organization\",\"name\":\"Bagno Italia\",\"url\":\"https:\/\/www.bagnoitalia.com\/fr\",\"logo\":{\"@type\":\"ImageObject\",\"inLanguage\":\"fr-FR\",\"@id\":\"https:\/\/www.bagnoitalia.com\/fr#\/schema\/logo\/image\/\",\"url\":\"https:\/\/img.bagnoitalia.com\/wp-content\/uploads\/logo-bagnoitalia.webp\",\"contentUrl\":\"https:\/\/img.bagnoitalia.com\/wp-content\/uploads\/logo-bagnoitalia.webp\",\"width\":400,\"height\":70,\"caption\":\"Bagno Italia\"},\"image\":{\"@id\":\"https:\/\/www.bagnoitalia.com\/fr#\/schema\/logo\/image\/\"}}]}<\/script>\n<!-- \/ Yoast SEO plugin. -->","yoast_head_json":{"title":"Chapiteau ivoire-ecr\u00f9 carr\u00e9 300x300 cm avec moustiquaires et structure en acier GZ15","description":"Gloriette moderne en acier noir, avec toile et rideaux en polyester ivoire. Dimensions 300x300xH265 cm.","robots":{"index":"index","follow":"follow","max-snippet":"max-snippet:-1","max-image-preview":"max-image-preview:large","max-video-preview":"max-video-preview:-1"},"canonical":"https:\/\/www.bagnoitalia.com\/fr\/produit\/gazebo-ivory-ecru-square-300x300-cm-with-mosquito-nets-and-steel-frame-gz15-2.html","og_locale":"fr_FR","og_type":"article","og_title":"Chapiteau ivoire-ecr\u00f9 carr\u00e9 300x300 cm avec moustiquaires et structure en acier GZ15","og_description":"Gloriette moderne en acier noir, avec toile et rideaux en polyester ivoire. Dimensions 300x300xH265 cm.","og_url":"https:\/\/www.bagnoitalia.com\/fr\/produit\/gazebo-ivory-ecru-square-300x300-cm-with-mosquito-nets-and-steel-frame-gz15-2.html","og_site_name":"Bagno Italia","og_image":[{"width":550,"height":550,"url":"https:\/\/img.bagnoitalia.com\/wp-content\/uploads\/virtuemart\/product\/gazebo-quadrato-acciaio-poliestere-avorio-1.jpg","type":"image\/jpeg"}],"twitter_card":"summary_large_image","schema":{"@context":"https:\/\/schema.org","@graph":[{"@type":"WebPage","@id":"https:\/\/www.bagnoitalia.com\/fr\/produit\/gazebo-ivory-ecru-square-300x300-cm-with-mosquito-nets-and-steel-frame-gz15-2.html","url":"https:\/\/www.bagnoitalia.com\/fr\/produit\/gazebo-ivory-ecru-square-300x300-cm-with-mosquito-nets-and-steel-frame-gz15-2.html","name":"Chapiteau ivoire-ecr\u00f9 carr\u00e9 300x300 cm avec moustiquaires et structure en acier GZ15","isPartOf":{"@id":"https:\/\/www.bagnoitalia.com\/fr#website"},"primaryImageOfPage":{"@id":"https:\/\/www.bagnoitalia.com\/fr\/produit\/gazebo-ivory-ecru-square-300x300-cm-with-mosquito-nets-and-steel-frame-gz15-2.html#primaryimage"},"image":{"@id":"https:\/\/www.bagnoitalia.com\/fr\/produit\/gazebo-ivory-ecru-square-300x300-cm-with-mosquito-nets-and-steel-frame-gz15-2.html#primaryimage"},"thumbnailUrl":"https:\/\/img.bagnoitalia.com\/wp-content\/uploads\/virtuemart\/product\/gazebo-quadrato-acciaio-poliestere-avorio-1.jpg","datePublished":"2024-02-12T15:38:06+00:00","description":"Gloriette moderne en acier noir, avec toile et rideaux en polyester ivoire. Dimensions 300x300xH265 cm.","breadcrumb":{"@id":"https:\/\/www.bagnoitalia.com\/fr\/produit\/gazebo-ivory-ecru-square-300x300-cm-with-mosquito-nets-and-steel-frame-gz15-2.html#breadcrumb"},"inLanguage":"fr-FR","potentialAction":[{"@type":"ReadAction","target":["https:\/\/www.bagnoitalia.com\/fr\/produit\/gazebo-ivory-ecru-square-300x300-cm-with-mosquito-nets-and-steel-frame-gz15-2.html"]}]},{"@type":"ImageObject","inLanguage":"fr-FR","@id":"https:\/\/www.bagnoitalia.com\/fr\/produit\/gazebo-ivory-ecru-square-300x300-cm-with-mosquito-nets-and-steel-frame-gz15-2.html#primaryimage","url":"https:\/\/img.bagnoitalia.com\/wp-content\/uploads\/virtuemart\/product\/gazebo-quadrato-acciaio-poliestere-avorio-1.jpg","contentUrl":"https:\/\/img.bagnoitalia.com\/wp-content\/uploads\/virtuemart\/product\/gazebo-quadrato-acciaio-poliestere-avorio-1.jpg","width":550,"height":550},{"@type":"BreadcrumbList","@id":"https:\/\/www.bagnoitalia.com\/fr\/produit\/gazebo-ivory-ecru-square-300x300-cm-with-mosquito-nets-and-steel-frame-gz15-2.html#breadcrumb","itemListElement":[{"@type":"ListItem","position":1,"name":"Home","item":"https:\/\/www.bagnoitalia.com\/fr"},{"@type":"ListItem","position":2,"name":"Produits","item":"https:\/\/www.bagnoitalia.com\/fr\/shop"},{"@type":"ListItem","position":3,"name":"Chapiteau ivoire-ecr\u00f9 carr\u00e9 300&#215;300 cm avec moustiquaires et structure en acier GZ15"}]},{"@type":"WebSite","@id":"https:\/\/www.bagnoitalia.com\/fr#website","url":"https:\/\/www.bagnoitalia.com\/fr","name":"Bagno Italia","description":"","publisher":{"@id":"https:\/\/www.bagnoitalia.com\/fr#organization"},"potentialAction":[{"@type":"SearchAction","target":{"@type":"EntryPoint","urlTemplate":"https:\/\/www.bagnoitalia.com\/fr?s={search_term_string}"},"query-input":{"@type":"PropertyValueSpecification","valueRequired":true,"valueName":"search_term_string"}}],"inLanguage":"fr-FR"},{"@type":"Organization","@id":"https:\/\/www.bagnoitalia.com\/fr#organization","name":"Bagno Italia","url":"https:\/\/www.bagnoitalia.com\/fr","logo":{"@type":"ImageObject","inLanguage":"fr-FR","@id":"https:\/\/www.bagnoitalia.com\/fr#\/schema\/logo\/image\/","url":"https:\/\/img.bagnoitalia.com\/wp-content\/uploads\/logo-bagnoitalia.webp","contentUrl":"https:\/\/img.bagnoitalia.com\/wp-content\/uploads\/logo-bagnoitalia.webp","width":400,"height":70,"caption":"Bagno Italia"},"image":{"@id":"https:\/\/www.bagnoitalia.com\/fr#\/schema\/logo\/image\/"}}]}},"_links":{"self":[{"href":"https:\/\/www.bagnoitalia.com\/fr\/wp-json\/wp\/v2\/product\/84021","targetHints":{"allow":["GET"]}}],"collection":[{"href":"https:\/\/www.bagnoitalia.com\/fr\/wp-json\/wp\/v2\/product"}],"about":[{"href":"https:\/\/www.bagnoitalia.com\/fr\/wp-json\/wp\/v2\/types\/product"}],"replies":[{"embeddable":true,"href":"https:\/\/www.bagnoitalia.com\/fr\/wp-json\/wp\/v2\/comments?post=84021"}],"version-history":[{"count":0,"href":"https:\/\/www.bagnoitalia.com\/fr\/wp-json\/wp\/v2\/product\/84021\/revisions"}],"wp:featuredmedia":[{"embeddable":true,"href":"https:\/\/www.bagnoitalia.com\/fr\/wp-json\/wp\/v2\/media\/72161"}],"wp:attachment":[{"href":"https:\/\/www.bagnoitalia.com\/fr\/wp-json\/wp\/v2\/media?parent=84021"}],"wp:term":[{"taxonomy":"product_brand","embeddable":true,"href":"https:\/\/www.bagnoitalia.com\/fr\/wp-json\/wp\/v2\/product_brand?post=84021"},{"taxonomy":"product_cat","embeddable":true,"href":"https:\/\/www.bagnoitalia.com\/fr\/wp-json\/wp\/v2\/product_cat?post=84021"},{"taxonomy":"product_tag","embeddable":true,"href":"https:\/\/www.bagnoitalia.com\/fr\/wp-json\/wp\/v2\/product_tag?post=84021"}],"curies":[{"name":"wp","href":"https:\/\/api.w.org\/{rel}","templated":true}]}}